{"id":2967,"date":"2021-04-15T10:09:53","date_gmt":"2021-04-15T08:09:53","guid":{"rendered":"http:\/\/antalyatouristinformation.com\/clone4639485xzhehsskdjfhhdhebdkkekdeewsd4545gdfgm\/?page_id=2967"},"modified":"2023-05-03T08:26:59","modified_gmt":"2023-05-03T06:26:59","slug":"desserts","status":"publish","type":"page","link":"https:\/\/antalyatouristinformation.com\/de\/food\/desserts\/","title":{"rendered":"15 t\u00fcrkische Desserts, die ihr einmal probieren solltet!"},"content":{"rendered":"<p>K\u00f6nnt ihr auch an keinen S\u00fc\u00dfigkeiten vorbeigehen?<\/p>\n<p>Dann ist die T\u00fcrkei genau richtig f\u00fcr euch.<\/p>\n<p>Als Inspiration stellen wir hier ber\u00fchmte Desserts wie Kadayif, K\u00fcnefe und Baklava vor und au\u00dfergew\u00f6hnliche Desserts wie Tavuk G\u00f6gs\u00fc, mit s\u00fc\u00dfem H\u00e4hnchenfleisch.<\/p>\n<p>Viel Spa\u00df beim Ausprobieren.<\/p>\n<p>Afiyet olsun, Mahlzeit in der T\u00fcrkei<em>!<\/em><\/p>\n<h2 id=\"t-1619159961865\">1. Baklava<\/h2>\n<p><span><img decoding=\"async\" alt=\"Traditional turkish dessert antep baklava\" data-id=\"4461\" width=\"702\" data-init-width=\"1000\" height=\"468\" data-init-height=\"667\" title=\"Traditional turkish dessert antep baklava\" loading=\"lazy\" src=\"https:\/\/antalyatouristinformation.com\/de\/wp-content\/uploads\/sites\/10\/2021\/04\/Traditional-turkish-dessert-antep-baklava.jpg\" data-width=\"702\" data-height=\"468\" data-pinpro-key=\"n2x1h0qng\" data-pin-media=\"https:\/\/antalyatouristinformation.com\/de\/wp-content\/uploads\/sites\/10\/2021\/06\/prag_50_sehenswuerdigkeiten_pinterest-16-3.jpg\" data-pin-description=\"Turkish Desserts and Sweets to Try | Antalya Tourist Information\" data-pin-url=\"https:\/\/antalyatouristinformation.com\/de\/food\/dessert\/?tve=true&amp;tcbf=3c2825396a\"><\/span><\/p>\n<p>Baklava ist die S\u00fc\u00dfigkeit aus der T\u00fcrkei. Das kleine Geb\u00e4ck ist ein in Honig oder Zuckersirup eingelegter Bl\u00e4tterteig, abh\u00e4ngig nach der Region in der T\u00fcrkei gef\u00fcllt mit Waln\u00fcssen oder Pistazien. Zwischen jeder Schicht des hauchd\u00fcnnen Hefeteiges kommt eine feine Lage der F\u00fcllung. Zum Schluss gie\u00dft man nach dem Backen im Ofen Sirup aus eingekochtem Zuckerwasser auf das fertige Baklava.<\/p>\n<p>Sehr s\u00fc\u00df \u2026<\/p>\n<h2 id=\"t-1619159961866\">2. A\u015fure<\/h2>\n<p><span><img decoding=\"async\" alt=\"Ashure or Noah pudding in the turkish dessert\" data-id=\"4459\" width=\"702\" data-init-width=\"1000\" height=\"468\" data-init-height=\"667\" title=\"Ashure or Noah pudding in the turkish dessert\" loading=\"lazy\" src=\"https:\/\/antalyatouristinformation.com\/de\/wp-content\/uploads\/sites\/10\/2021\/04\/Ashure-or-Noah-pudding-in-the-turkish-dessert.jpg\" data-width=\"702\" data-height=\"468\" data-pinpro-key=\"tdjd2rw8e\" data-pin-media=\"https:\/\/antalyatouristinformation.com\/de\/wp-content\/uploads\/sites\/10\/2021\/06\/prag_50_sehenswuerdigkeiten_pinterest-16-3.jpg\" data-pin-description=\"Turkish Desserts and Sweets to Try | Antalya Tourist Information\" data-pin-url=\"https:\/\/antalyatouristinformation.com\/de\/food\/dessert\/?tve=true&amp;tcbf=3c2825396a\"><\/span><\/p>\n<p>Die Legende erz\u00e4hlt, dass Noah nach der gro\u00dfen Sintflut aus den letzten Resten seiner Vorr\u00e4te A\u015fure zum ersten Mal zubereitet hat. Er teilte es mit den \u00dcberlebenden der Arche als Festmahl.<\/p>\n<p>Heute ist A\u015fure eine S\u00fc\u00dfspeise aus wei\u00dfen Bohnen, Kichererbsen, Weizen, Reis, Rosinen und gehackten Waln\u00fcssen. Die Zutaten werden einzeln gekocht und abschlie\u00dfend mit Zucker vermischt. Dekoriert wird mit Granatapfelkernen. F\u00fcr den europ\u00e4ischen Gaumen ist A\u015fure relativ s\u00fc\u00df.<\/p>\n<h2 id=\"t-1619159961867\">3. Lokum &#8211; Turkish Delight<\/h2>\n<p><span><img decoding=\"async\" alt=\"Lokum Turkish Delight\" data-id=\"4488\" width=\"702\" data-init-width=\"1000\" height=\"468\" data-init-height=\"667\" title=\"Lokum Turkish Delight\" loading=\"lazy\" src=\"https:\/\/antalyatouristinformation.com\/de\/wp-content\/uploads\/sites\/10\/2021\/04\/Lokum-Turkish-Delight.jpg\" data-width=\"702\" data-height=\"468\" data-pinpro-key=\"lbrurqqgi\" data-pin-media=\"https:\/\/antalyatouristinformation.com\/de\/wp-content\/uploads\/sites\/10\/2021\/06\/prag_50_sehenswuerdigkeiten_pinterest-16-3.jpg\" data-pin-description=\"Turkish Desserts and Sweets to Try | Antalya Tourist Information\" data-pin-url=\"https:\/\/antalyatouristinformation.com\/de\/food\/dessert\/?tve=true&amp;tcbf=3c2825396a\"><\/span><\/p>\n<p>Zu Zeiten der Sultane war Lokum nur der Oberschicht vorbehalten. Die S\u00fc\u00dfigkeit hat trotz des Namens \u201cT\u00fcrkischer Honig\u201d nichts mit dem echten Honig zu tun.<\/p>\n<p>Hergestellt wird Lokum aus Zucker, Wasser und St\u00e4rke. In das Gelee werden gehackte N\u00fcsse, Mandeln oder Pistazien mit verschiedenen Aromen gemischt, zum Beispiel Rosenwasser, Kirsche oder Mandeln.<\/p>\n<p>Sehr beliebt ist Lokum mit Rosengeschmack oder Mandeln.<\/p>\n<p>Probiert Lokum einfach aus, bestimmt l\u00e4sst euch der Verk\u00e4ufer kosten.<\/p>\n<h2 id=\"t-1619159961868\">4. Tavuk G\u00f6\u011f\u00fcs\u00fc<\/h2>\n<p><span><img decoding=\"async\" alt=\"Turkish Dessert Tavuk Gogsu\" data-id=\"4541\" width=\"702\" data-init-width=\"1000\" height=\"468\" data-init-height=\"667\" title=\"Turkish Dessert Tavuk Gogsu\" loading=\"lazy\" src=\"https:\/\/antalyatouristinformation.com\/de\/wp-content\/uploads\/sites\/10\/2021\/04\/Turkish-Dessert-Tavuk-Gogsu.jpg\" data-width=\"702\" data-height=\"468\" data-pinpro-key=\"9z7anovra\" data-pin-media=\"https:\/\/antalyatouristinformation.com\/de\/wp-content\/uploads\/sites\/10\/2021\/06\/prag_50_sehenswuerdigkeiten_pinterest-16-3.jpg\" data-pin-description=\"Turkish Desserts and Sweets to Try | Antalya Tourist Information\" data-pin-url=\"https:\/\/antalyatouristinformation.com\/de\/food\/dessert\/?tve=true&amp;tcbf=3c2825396a\"><\/span><\/p>\n<p>Ihr glaubt es kaum, aber diese t\u00fcrkische Nachspeise wird aus H\u00fchnerbrust gemacht. Daf\u00fcr wird das Fleisch mehrere Stunden gekocht und dann in einzelne Fasern zerteilt. Anschlie\u00dfend wird alles mit Reismehl, Maisst\u00e4rke, Milch und Puderzucker vermischt und nochmals gekocht. Zum Servieren wird Tavuk G\u00f6gs\u00fc mit Zimt bestreut.<\/p>\n<p>Eine der seltsamsten Nachspeisen, jedoch sehr beliebt \u2026<\/p>\n<h2 id=\"t-1619159961869\">5. Lokma<\/h2>\n<p><span><img decoding=\"async\" alt=\"Traditional turkish pastry Lokma\" data-id=\"4543\" width=\"702\" data-init-width=\"1000\" height=\"468\" data-init-height=\"667\" title=\"Traditional turkish pastry Lokma\" loading=\"lazy\" src=\"https:\/\/antalyatouristinformation.com\/de\/wp-content\/uploads\/sites\/10\/2021\/04\/Traditional-turkish-pastry-Lokma.jpg\" data-width=\"702\" data-height=\"468\" data-pinpro-key=\"dfjdb9jh5\" data-pin-media=\"https:\/\/antalyatouristinformation.com\/de\/wp-content\/uploads\/sites\/10\/2021\/06\/prag_50_sehenswuerdigkeiten_pinterest-16-3.jpg\" data-pin-description=\"Turkish Desserts and Sweets to Try | Antalya Tourist Information\" data-pin-url=\"https:\/\/antalyatouristinformation.com\/de\/food\/dessert\/?tve=true&amp;tcbf=3c2825396a\"><\/span><\/p>\n<p>Lokma sind Teigb\u00e4llchen, die aus Hefeteig mit Zimt gemacht werden. Vor dem Servieren werden sie mit Honig oder Zuckersirup \u00fcbergossen. Sie sind als Street Food in der T\u00fcrkei sehr beliebt.<\/p>\n<h2 id=\"t-1619159961870\">6. Tulumba<\/h2>\n<p><span><img decoding=\"async\" alt=\"Traditional Turkish Dessert Tulumba\" data-id=\"4546\" width=\"702\" data-init-width=\"1000\" height=\"468\" data-init-height=\"667\" title=\"Traditional Turkish Dessert Tulumba\" loading=\"lazy\" src=\"https:\/\/antalyatouristinformation.com\/de\/wp-content\/uploads\/sites\/10\/2021\/04\/Traditional-Turkish-Dessert-Tulumba.jpg\" data-width=\"702\" data-height=\"468\" data-pinpro-key=\"ndv2xasjm\" data-pin-media=\"https:\/\/antalyatouristinformation.com\/de\/wp-content\/uploads\/sites\/10\/2021\/06\/prag_50_sehenswuerdigkeiten_pinterest-16-3.jpg\" data-pin-description=\"Turkish Desserts and Sweets to Try | Antalya Tourist Information\" data-pin-url=\"https:\/\/antalyatouristinformation.com\/de\/food\/dessert\/?tve=true&amp;tcbf=3c2825396a\"><\/span><\/p>\n<p>Ein Spritzteig aus Mehl, Eiern, Butter und Gries wird in hei\u00dfem Fett frittiert und anschlie\u00dfend in Zuckersirup getr\u00e4nkt. Dazu gibt es Eis oder Kaymak, das ist eine Art von Sahne aus der T\u00fcrkei. Eine wahre Kalorienbombe \u2026<\/p>\n<h2 id=\"t-1619159961871\">7. Revani<\/h2>\n<p><span><img decoding=\"async\" alt=\"Revani sweet semolina pastry traditional turkish dessert\" data-id=\"4551\" width=\"702\" data-init-width=\"1000\" height=\"468\" data-init-height=\"667\" title=\"Revani sweet semolina pastry traditional turkish dessert\" loading=\"lazy\" src=\"https:\/\/antalyatouristinformation.com\/de\/wp-content\/uploads\/sites\/10\/2021\/04\/Revani-sweet-semolina-pastry-traditional-turkish-dessert.jpg\" data-width=\"702\" data-height=\"468\" data-pinpro-key=\"l8apvru10\" data-pin-media=\"https:\/\/antalyatouristinformation.com\/de\/wp-content\/uploads\/sites\/10\/2021\/06\/prag_50_sehenswuerdigkeiten_pinterest-16-3.jpg\" data-pin-description=\"Turkish Desserts and Sweets to Try | Antalya Tourist Information\" data-pin-url=\"https:\/\/antalyatouristinformation.com\/de\/food\/dessert\/?tve=true&amp;tcbf=3c2825396a\"><\/span><\/p>\n<p>Revani ist ein Grie\u00dfkuchen, der mit Oliven\u00f6l und Orangen gebacken wird. Abgeriebene Orangenschalen, Zimt und Nelken im Teig geben Revani seinen einzigartigen Geschmack.<\/p>\n<p>Vor dem Servieren wird er noch mit Zuckersirup oder Honig getr\u00e4nkt. Durch den Sirup ist der Kuchen sehr saftig.<\/p>\n<h2 id=\"t-1619159961872\">8. Kaday\u0131f<\/h2>\n<p><span><img decoding=\"async\" alt=\"Turkish Dessert Kadayif with pistachio powder\" data-id=\"4557\" width=\"702\" data-init-width=\"1000\" height=\"468\" data-init-height=\"667\" title=\"Turkish Dessert Kadayif with pistachio powder\" loading=\"lazy\" src=\"https:\/\/antalyatouristinformation.com\/de\/wp-content\/uploads\/sites\/10\/2021\/04\/Turkish-Dessert-Kadayif-with-pistachio-powder.jpg\" data-width=\"702\" data-height=\"468\" data-pinpro-key=\"vvhma5h2j\" data-pin-media=\"https:\/\/antalyatouristinformation.com\/de\/wp-content\/uploads\/sites\/10\/2021\/06\/prag_50_sehenswuerdigkeiten_pinterest-16-3.jpg\" data-pin-description=\"Turkish Desserts and Sweets to Try | Antalya Tourist Information\" data-pin-url=\"https:\/\/antalyatouristinformation.com\/de\/food\/dessert\/?tve=true&amp;tcbf=3c2825396a\"><\/span><\/p>\n<p>\u201eEngelshaar\u201c hei\u00dfen die feinen Teigf\u00e4den, die man zur Zubereitung von Kaday\u0131f ben\u00f6tigt. Sie werden mit gehackten Mandeln oder Waln\u00fcssen gef\u00fcllt und dann gebacken. Gew\u00fcrzt wird mit Zimt und Nelken. Nachdem das Geb\u00e4ck abgek\u00fchlt ist, wird es mit Zitronen-Zuckersirup getr\u00e4nkt. Gut dazu passt t\u00fcrkisches Eis, Dondurma.<\/p>\n<h2 id=\"t-1619159961873\">9. K\u00fcnefe<\/h2>\n<p><span><img decoding=\"async\" alt=\"Kunefe Dessert in Turkey\" data-id=\"4566\" width=\"702\" data-init-width=\"1000\" height=\"468\" data-init-height=\"667\" title=\"Kunefe Dessert in Turkey\" loading=\"lazy\" src=\"https:\/\/antalyatouristinformation.com\/de\/wp-content\/uploads\/sites\/10\/2021\/04\/Kunefe-Dessert-in-Turkey.jpg\" data-width=\"702\" data-height=\"468\" data-pinpro-key=\"opik79rzi\" data-pin-media=\"https:\/\/antalyatouristinformation.com\/de\/wp-content\/uploads\/sites\/10\/2021\/06\/prag_50_sehenswuerdigkeiten_pinterest-16-3.jpg\" data-pin-description=\"Turkish Desserts and Sweets to Try | Antalya Tourist Information\" data-pin-url=\"https:\/\/antalyatouristinformation.com\/de\/food\/dessert\/?tve=true&amp;tcbf=3c2825396a\"><\/span><\/p>\n<p>K\u00fcnefe wird aus denselben Teigf\u00e4den wie Kaday\u0131f zubereitet, mit K\u00e4se gef\u00fcllt und im Ofen gebacken. Anschlie\u00dfend wird das Ganze mit Zitronen-Zuckersirup \u00fcbergossen. Dazu gibt es wieder Eis aus der T\u00fcrkei.<\/p>\n<h2 id=\"t-1619159961874\">10. Rosen-Marmelade<\/h2>\n<p><span><img decoding=\"async\" alt=\"Rose Jam\" data-id=\"4568\" width=\"702\" data-init-width=\"1000\" height=\"468\" data-init-height=\"667\" title=\"Rose Jam\" loading=\"lazy\" src=\"https:\/\/antalyatouristinformation.com\/de\/wp-content\/uploads\/sites\/10\/2021\/04\/Rose-Jam.jpg\" data-width=\"702\" data-height=\"468\" data-pinpro-key=\"bos63cph4\" data-pin-media=\"https:\/\/antalyatouristinformation.com\/de\/wp-content\/uploads\/sites\/10\/2021\/06\/prag_50_sehenswuerdigkeiten_pinterest-16-3.jpg\" data-pin-description=\"Turkish Desserts and Sweets to Try | Antalya Tourist Information\" data-pin-url=\"https:\/\/antalyatouristinformation.com\/de\/food\/dessert\/?tve=true&amp;tcbf=3c2825396a\"><\/span><\/p>\n<p>Im Landesinneren circa 100 Kilometer n\u00f6rdlich von Antalya werden in den H\u00f6hen des Taurusgebirges Rosen angebaut. Auf schier unendlichen Feldern w\u00e4chst die Damaszener-Rose, aus deren Bl\u00fcten Rosen\u00f6l, einer der wichtigsten Grundstoffe exklusiver Parfums, gewonnen wird.<\/p>\n<p>Das Rosenwasser aus dem Rest der Bl\u00fcten wird f\u00fcr die Herstellung von Rosenmarmelade verwendet. Solche t\u00fcrkischen Marmeladen sind \u00fcbrigens wesentlich s\u00fc\u00dfer als in Deutschland.<\/p>\n<h2 id=\"t-1619159961875\">11. Mara\u015f Dondurmas\u0131<\/h2>\n<p><span><img decoding=\"async\" alt=\"Maras ice cream in Turkey\" data-id=\"4463\" width=\"702\" data-init-width=\"1000\" height=\"468\" data-init-height=\"667\" title=\"Maras ice cream in Turkey\" loading=\"lazy\" src=\"https:\/\/antalyatouristinformation.com\/de\/wp-content\/uploads\/sites\/10\/2021\/04\/Maras-ice-cream-in-Turkey.jpg\" data-width=\"702\" data-height=\"468\" data-pinpro-key=\"3i8dp2ivk\" data-pin-media=\"https:\/\/antalyatouristinformation.com\/de\/wp-content\/uploads\/sites\/10\/2021\/06\/prag_50_sehenswuerdigkeiten_pinterest-16-3.jpg\" data-pin-description=\"Turkish Desserts and Sweets to Try | Antalya Tourist Information\" data-pin-url=\"https:\/\/antalyatouristinformation.com\/de\/food\/dessert\/?tve=true&amp;tcbf=3c2825396a\"><\/span><\/p>\n<p>Traditionell gekleidete Stra\u00dfenh\u00e4ndler verkaufen das Eis in ihren fahrbaren W\u00e4gen. Im Gegensatz zu in Europa bekannten Eissorten hat Mara\u015f-Dondurma durch Zugabe von Salep-Pulver eine z\u00e4he, klebrige Konsistenz. Es wird aus den Knollen von Erdorchideen gewonnen. Deswegen ist echter Salep selten und teuer. Ein weiterer Vorteil durch die Zugabe von Salep besteht darin, dass das Eis langsamer schmilzt.<\/p>\n<p>Die Verk\u00e4ufer r\u00fchren das Eis st\u00e4ndig um, wodurch es seine elastische Konsistenz beh\u00e4lt.<\/p>\n<p>Bei der \u00dcbergabe des Eises an den Kunden machen die Verk\u00e4ufer oft Scherze, ziehen das Eis wieder weg, zeigen den Kunden, wie elastisch das Eis ist und wie weit es gedehnt werden kann. Eis + Unterhaltung inklusive \u2026<\/p>\n<h2 id=\"t-1619159961876\">12. F\u0131r\u0131n S\u00fctla\u00e7<\/h2>\n<p><span><img decoding=\"async\" alt=\"Baked rice pudding turkish milky dessert sutlac\" data-id=\"4570\" width=\"702\" data-init-width=\"1000\" height=\"468\" data-init-height=\"667\" title=\"Baked rice pudding turkish milky dessert sutlac\" loading=\"lazy\" src=\"https:\/\/antalyatouristinformation.com\/de\/wp-content\/uploads\/sites\/10\/2021\/04\/Baked-rice-pudding-turkish-milky-dessert-sutlac.jpg\" data-width=\"702\" data-height=\"468\" data-pinpro-key=\"gog4c82wg\" data-pin-media=\"https:\/\/antalyatouristinformation.com\/de\/wp-content\/uploads\/sites\/10\/2021\/06\/prag_50_sehenswuerdigkeiten_pinterest-16-3.jpg\" data-pin-description=\"Turkish Desserts and Sweets to Try | Antalya Tourist Information\" data-pin-url=\"https:\/\/antalyatouristinformation.com\/de\/food\/dessert\/?tve=true&amp;tcbf=3c2825396a\"><\/span><\/p>\n<p>F\u0131r\u0131n S\u00fctla\u00e7 ist im Ofen \u00fcberbackener Milchreis. Durch das Backen wird der Milchreis oben braun und erinnert im Geschmack an Karamell. Nat\u00fcrlich ist t\u00fcrkischer Milchreis wesentlich s\u00fc\u00dfer als der deutsche. Das Dessert steht auf fast allen Speisekarten von <a href=\"https:\/\/antalyatouristinformation.com\/de\/food\/restaurants\/\">Restaurants in Antalya<\/a>.<\/p>\n<h2 id=\"t-1619159961877\">13. Kestane \u015eekeri<\/h2>\n<p><span><img decoding=\"async\" alt=\"Turkish Chestnut Dessert\" data-id=\"4572\" width=\"702\" data-init-width=\"1000\" height=\"468\" data-init-height=\"667\" title=\"Turkish Chestnut Dessert\" loading=\"lazy\" src=\"https:\/\/antalyatouristinformation.com\/de\/wp-content\/uploads\/sites\/10\/2021\/04\/Turkish-Chestnut-Dessert.jpg\" data-width=\"702\" data-height=\"468\" data-pinpro-key=\"irdjeehv4\" data-pin-media=\"https:\/\/antalyatouristinformation.com\/de\/wp-content\/uploads\/sites\/10\/2021\/06\/prag_50_sehenswuerdigkeiten_pinterest-16-3.jpg\" data-pin-description=\"Turkish Desserts and Sweets to Try | Antalya Tourist Information\" data-pin-url=\"https:\/\/antalyatouristinformation.com\/de\/food\/dessert\/?tve=true&amp;tcbf=3c2825396a\"><\/span><\/p>\n<p>Esskastanien werden in der T\u00fcrkei gesch\u00e4lt, in Zuckersirup eingelegt und so lange gekocht, bis sie gar sind. Urspr\u00fcnglich stammt die Spezialit\u00e4t aus der Stadt Bursa am Marmarameer, ist jedoch inzwischen in der ganzen T\u00fcrkei beliebt.<\/p>\n<h2 id=\"t-1619159961878\">14. Kabak Tatl\u0131s\u0131<\/h2>\n<p><span><img decoding=\"async\" alt=\"Traditional Turkish Pumpkin Dessert with Cream Butter\" data-id=\"4575\" width=\"702\" data-init-width=\"1000\" height=\"468\" data-init-height=\"667\" title=\"Traditional Turkish Pumpkin Dessert with Cream Butter\" loading=\"lazy\" src=\"https:\/\/antalyatouristinformation.com\/de\/wp-content\/uploads\/sites\/10\/2021\/04\/Traditional-Turkish-Pumpkin-Dessert-with-Cream-Butter.jpg\" data-width=\"702\" data-height=\"468\" data-pinpro-key=\"b8euhkhrw\" data-pin-media=\"https:\/\/antalyatouristinformation.com\/de\/wp-content\/uploads\/sites\/10\/2021\/06\/prag_50_sehenswuerdigkeiten_pinterest-16-3.jpg\" data-pin-description=\"Turkish Desserts and Sweets to Try | Antalya Tourist Information\" data-pin-url=\"https:\/\/antalyatouristinformation.com\/de\/food\/dessert\/?tve=true&amp;tcbf=3c2825396a\"><\/span><\/p>\n<p>K\u00fcrbis als Nachspeise? In der T\u00fcrkei ist das m\u00f6glich. K\u00fcrbisst\u00fccke werden \u00fcber Nacht in Zucker eingelegt, wodurch Wasser austritt. Anschlie\u00dfend werden die Fr\u00fcchte in ihrem eigenen Saft so lange gekocht, bis sie gar sind. Bestreut wird Kabak Tatlisi mit gehackten Waln\u00fcssen oder Pistazien. Mancherorts kommt auch noch Tahin, eine Sesampaste, darauf.<\/p>\n<p>Daraus ergibt sich ein interessantes Geschmackserlebnis.<\/p>\n<h2 id=\"t-1619159961879\">15. Ayva Tatl\u0131s\u0131<\/h2>\n<p><span><img decoding=\"async\" alt=\"Turkish traditional dessert 'Quince Dessert'\" data-id=\"4577\" width=\"702\" data-init-width=\"1000\" height=\"468\" data-init-height=\"667\" title=\"Turkish traditional dessert 'Quince Dessert'\" loading=\"lazy\" src=\"https:\/\/antalyatouristinformation.com\/de\/wp-content\/uploads\/sites\/10\/2021\/04\/Turkish-traditional-dessert-Quince-Dessert.jpg\" data-width=\"702\" data-height=\"468\" data-pinpro-key=\"m5hlkvv0k\" data-pin-media=\"https:\/\/antalyatouristinformation.com\/de\/wp-content\/uploads\/sites\/10\/2021\/06\/prag_50_sehenswuerdigkeiten_pinterest-16-3.jpg\" data-pin-description=\"Turkish Desserts and Sweets to Try | Antalya Tourist Information\" data-pin-url=\"https:\/\/antalyatouristinformation.com\/de\/food\/dessert\/?tve=true&amp;tcbf=3c2825396a\"><\/span><\/p>\n<p>Ayva sind Quitten. Sie werden zun\u00e4chst vorgekocht und anschlie\u00dfend mit Zuckersirup weiter gegart. Der Zucker l\u00e4sst die Fr\u00fcchte sch\u00f6n gl\u00e4nzen und macht sie s\u00fc\u00df.<\/p>\n<p>Zum Servieren werden die Quitten mit Kaymak \u2013 t\u00fcrkischer Sahne \u2013 und gehackten Waln\u00fcssen oder Pistazien bestreut.<\/p>\n<p>Falls ihr t\u00fcrkisches Essen m\u00f6gt, werft doch auch einen Blick auf unseren Artikel \u00fcber die <a href=\"https:\/\/antalyatouristinformation.com\/de\/food\/turkisch\/\">t\u00fcrkische K\u00fcche<\/a> und <a href=\"https:\/\/antalyatouristinformation.com\/de\/food\/lokales-kuche\/\">lokales Essen in der Provinz Antalya<\/a>.<\/p>\n","protected":false},"excerpt":{"rendered":"<p>K\u00f6nnt ihr auch an keinen S\u00fc\u00dfigkeiten vorbeigehen? Dann ist die T\u00fcrkei genau richtig f\u00fcr euch. Als Inspiration stellen wir hier ber\u00fchmte Desserts wie Kadayif, K\u00fcnefe und Baklava vor und au\u00dfergew\u00f6hnliche Desserts wie Tavuk G\u00f6gs\u00fc, mit s\u00fc\u00dfem H\u00e4hnchenfleisch. Viel Spa\u00df beim Ausprobieren. Afiyet olsun, Mahlzeit in der T\u00fcrkei! 1. Baklava Baklava ist die S\u00fc\u00dfigkeit aus der [&hellip;]<\/p>\n","protected":false},"author":6,"featured_media":4537,"parent":2709,"menu_order":0,"comment_status":"open","ping_status":"closed","template":"","meta":{"_acf_changed":false,"footnotes":""},"categories":[],"tags":[53],"class_list":["post-2967","page","type-page","status-publish","has-post-thumbnail","hentry","tag-turkish-food","post-wrapper","thrv_wrapper"],"acf":[],"wp-worthy-pixel":{"ignored":false,"public":null,"server":null,"url":null},"wp-worthy-type":"normal","_links":{"self":[{"href":"https:\/\/antalyatouristinformation.com\/de\/wp-json\/wp\/v2\/pages\/2967","targetHints":{"allow":["GET"]}}],"collection":[{"href":"https:\/\/antalyatouristinformation.com\/de\/wp-json\/wp\/v2\/pages"}],"about":[{"href":"https:\/\/antalyatouristinformation.com\/de\/wp-json\/wp\/v2\/types\/page"}],"author":[{"embeddable":true,"href":"https:\/\/antalyatouristinformation.com\/de\/wp-json\/wp\/v2\/users\/6"}],"replies":[{"embeddable":true,"href":"https:\/\/antalyatouristinformation.com\/de\/wp-json\/wp\/v2\/comments?post=2967"}],"version-history":[{"count":9,"href":"https:\/\/antalyatouristinformation.com\/de\/wp-json\/wp\/v2\/pages\/2967\/revisions"}],"predecessor-version":[{"id":15011,"href":"https:\/\/antalyatouristinformation.com\/de\/wp-json\/wp\/v2\/pages\/2967\/revisions\/15011"}],"up":[{"embeddable":true,"href":"https:\/\/antalyatouristinformation.com\/de\/wp-json\/wp\/v2\/pages\/2709"}],"wp:featuredmedia":[{"embeddable":true,"href":"https:\/\/antalyatouristinformation.com\/de\/wp-json\/wp\/v2\/media\/4537"}],"wp:attachment":[{"href":"https:\/\/antalyatouristinformation.com\/de\/wp-json\/wp\/v2\/media?parent=2967"}],"wp:term":[{"taxonomy":"category","embeddable":true,"href":"https:\/\/antalyatouristinformation.com\/de\/wp-json\/wp\/v2\/categories?post=2967"},{"taxonomy":"post_tag","embeddable":true,"href":"https:\/\/antalyatouristinformation.com\/de\/wp-json\/wp\/v2\/tags?post=2967"}],"curies":[{"name":"wp","href":"https:\/\/api.w.org\/{rel}","templated":true}]}}