{"id":2998,"date":"2021-04-15T11:24:09","date_gmt":"2021-04-15T09:24:09","guid":{"rendered":"https:\/\/antalyatouristinformation.com\/clone4639485xzhehsskdjfhhdhebdkkekdeewsd4545gdfgm\/?page_id=2998"},"modified":"2022-08-09T15:51:16","modified_gmt":"2022-08-09T13:51:16","slug":"hes-code","status":"publish","type":"page","link":"https:\/\/antalyatouristinformation.com\/de\/covid\/hes-code\/","title":{"rendered":"HES Code in der T\u00fcrkei: Guide f\u00fcr eure Reise nach Antalya"},"content":{"rendered":"<p>Das ist unser Guide zum HES-Code in der T\u00fcrkei.<\/p>\n<p>Wir beantworten hier die wichtigsten Fragen. Darunter, was der HES-Code ist, wo ihr Code bekommt, ob ihr ihn noch braucht und wof\u00fcr ihr in Antalya ben\u00f6tigt.<\/p>\n<p>Die <a href=\"https:\/\/antalyatouristinformation.com\/de\/covid\/covid-19-regeln\/\">aktuellen Covid-19-Regeln in Antalya <\/a>und hilfreiche Informationen zum <a href=\"https:\/\/antalyatouristinformation.com\/de\/covid\/pcr-test\/\">PCR-Test in Antalya<\/a> findet ihr in zwei separaten Beitr\u00e4gen.&nbsp;<\/p>\n<p>Beginnen wir nun mit einer der wichtigsten Frage \u2026<\/p>\n<h2 id=\"t-1625128939045\">Was ist ein HES-Code?<\/h2>\n<p>Der Hayat Eve Si\u011far (HES) Code ist eine Applikation des t\u00fcrkischen Gesundheitsministeriums.<\/p>\n<p>Er ist ein pers\u00f6nlicher Code und eine Ma\u00dfnahme, um im Rahmen der Covid-19-Situation Kontakte nachverfolgen zu k\u00f6nnen. Dabei soll er helfen, die <b>Zahl der Covid-19-Infektionen in der T\u00fcrkei zu reduzieren.<\/b>&nbsp;<\/p>\n<p><b>So k\u00f6nnt ihr gewarnt werden, falls ihr Kontakte mit einem Covid-19-Infizierten hattet<\/b>.<\/p>\n<p>Der HES-Code war unter anderem f\u00fcr die Einreise in die T\u00fcrkei, die Nutzung \u00f6ffentlicher Verkehrsmittel und den Besuch einiger Touristenattraktionen erforderlich.<\/p>\n<p><span><img decoding=\"async\" alt=\"How do I get a HES Code for Tourists\" data-id=\"5867\" width=\"702\" data-init-width=\"1000\" height=\"468\" data-init-height=\"667\" title=\"How do I get a HES Code for Tourists\" loading=\"lazy\" src=\"https:\/\/antalyatouristinformation.com\/de\/wp-content\/uploads\/sites\/10\/2021\/05\/How-do-I-get-a-HES-Code-for-Tourists-Editorial.jpg\" data-width=\"702\" data-height=\"468\" data-pinpro-key=\"y5keztntb\" data-pin-media=\"https:\/\/antalyatouristinformation.com\/de\/wp-content\/uploads\/sites\/10\/2021\/06\/Antalya-Pinterest-8.jpg\" data-pin-description=\"HES Code in der T\u00fcrkei | Antalya Tourist Information\" data-pin-url=\"https:\/\/antalyatouristinformation.com\/de\/covid\/hes-code\/?tve=true&amp;tcbf=29b100a66c\"><\/span><\/p>\n<h2 id=\"t-1625128939046\" data-alt-text=\"Brauchen Touristen den HES-Code?\">Ben\u00f6tigen Touristen einen HES-Code?<\/h2>\n<p><b>Nein, Touristen brauchen keinen HES-Code mehr, wenn sie in die T\u00fcrkei reisen.<\/b><\/p>\n<p><strong>Der HES-Code, der beim Ausf\u00fcllen des Einreiseformulars automatisch generiert wurde, ist ab M\u00e4rz 2022 f\u00fcr die Einreise in das Land nicht mehr erforderlich. Dar\u00fcber hinaus wurde die Verwendung des Codes in allen Institutionen aufgehoben (siehe unten).<\/strong><\/p>\n<p><span><img decoding=\"async\" alt=\"HES Code in Turkey\" data-id=\"5870\" width=\"702\" data-init-width=\"1000\" height=\"468\" data-init-height=\"667\" title=\"HES Code in Turkey\" loading=\"lazy\" src=\"https:\/\/antalyatouristinformation.com\/de\/wp-content\/uploads\/sites\/10\/2021\/05\/HES-Code-in-Turkey.jpg\" data-width=\"702\" data-height=\"468\" data-pinpro-key=\"1hbdux0rh\" data-pin-media=\"https:\/\/antalyatouristinformation.com\/de\/wp-content\/uploads\/sites\/10\/2021\/06\/Antalya-Pinterest-8.jpg\" data-pin-description=\"HES Code in der T\u00fcrkei | Antalya Tourist Information\" data-pin-url=\"https:\/\/antalyatouristinformation.com\/de\/covid\/hes-code\/?tve=true&amp;tcbf=29b100a66c\"><\/span><\/p>\n<h2 id=\"t-1625128939049\" data-alt-text=\"Wo braucht man ihn in Antalya?\">Wo muss ich meinen HES-Code in der Provinz Antalya vorzeigen?<\/h2>\n<p>Wie bereits erw\u00e4hnt, ben\u00f6tigen Sie ab M\u00e4rz 2022 keinen HES-Code mehr f\u00fcr die Einreise in die T\u00fcrkei. Der Code war auch f\u00fcr die \u00f6ffentlichen Verkehrsmittel in Antalya und f\u00fcr Reisen mit dem Fernverkehr in der T\u00fcrkei (Zug, Bus, Flugzeug) erforderlich. <strong>Zurzeit muss man ihn jedoch nicht mehr vorzeigen.<\/strong><\/p>\n<p>Hier lest ihr alles \u00fcber die geltenden <a href=\"https:\/\/antalyatouristinformation.com\/de\/covid\/covid-19-regeln\/\">Covid-19 Regeln in Antalya<\/a>.<\/p>\n<p><span><img decoding=\"async\" alt=\"Antalyakart for Antalya Public Transportation (Editorial)\" data-id=\"2086\" width=\"702\" data-init-width=\"1000\" height=\"468\" data-init-height=\"667\" title=\"Antalyakart for Antalya Public Transportation (Editorial)\" loading=\"lazy\" src=\"https:\/\/antalyatouristinformation.com\/de\/wp-content\/uploads\/sites\/10\/2021\/04\/Antalyakart-for-Antalya-Public-Transportation.jpg\" data-width=\"702\" data-height=\"468\" data-pinpro-key=\"aahfpe0pj\" data-pin-media=\"https:\/\/antalyatouristinformation.com\/de\/wp-content\/uploads\/sites\/10\/2021\/06\/Antalya-Pinterest-8.jpg\" data-pin-description=\"HES Code in der T\u00fcrkei | Antalya Tourist Information\" data-pin-url=\"https:\/\/antalyatouristinformation.com\/de\/covid\/hes-code\/?tve=true&amp;tcbf=29b100a66c\"><\/span><\/p>\n<h2 id=\"t-1625128939050\" data-alt-text=\"HES-Code und \u00d6PNV-Karte\">Wie verbinde ich meinen HES-Code mit meiner \u00d6PNV-Karte?<\/h2>\n<p>Um die \u00f6ffentlichen Verkehrsmittel in Antalya nutzen zu k\u00f6nnen, musstet ihr euren individuellen HES-Code mit eurer Karte f\u00fcr den \u00f6ffentlichen Verkehr synchronisieren. <strong>Momentan ist dies jedoch nicht erforderlich.<\/strong><\/p>\n<p>\u200b<\/p>\n<p>Jetzt wisst ihr, was ein HES Code ist und wie man ihn bekommt. Bitte lasst uns in den Kommentaren wissen, ob ihr auf Schwierigkeiten gesto\u00dfen seid. Ihr k\u00f6nnt uns auch gerne Fragen zu dem Thema stellen.<\/p>\n<p><b>Vielleicht seid ihr auch an diesen Beitr\u00e4gen interessiert:<\/b><\/p>\n<ul>\n<li><a href=\"https:\/\/antalyatouristinformation.com\/de\/covid\/covid-19-regeln\/\">Neueste Updates f\u00fcr Covid-19-Regeln in Antalya<\/a><\/li>\n<li><a href=\"https:\/\/antalyatouristinformation.com\/de\/covid\/pcr-test\/\">PCR-Test in Antalya<\/a><\/li>\n<li><a href=\"https:\/\/antalyatouristinformation.com\/de\/covid\/zertifizierte-hotels\/\">Covid-19 zertifizierte Hotels in der T\u00fcrkei<\/a><\/li>\n<\/ul>\n","protected":false},"excerpt":{"rendered":"<p>Das ist unser Guide zum HES-Code in der T\u00fcrkei. Wir beantworten hier die wichtigsten Fragen. Darunter, was der HES-Code ist, wo ihr Code bekommt, ob ihr ihn noch braucht und wof\u00fcr ihr in Antalya ben\u00f6tigt. Die aktuellen Covid-19-Regeln in Antalya und hilfreiche Informationen zum PCR-Test in Antalya findet ihr in zwei separaten Beitr\u00e4gen.&nbsp; Beginnen wir [&hellip;]<\/p>\n","protected":false},"author":5,"featured_media":5866,"parent":3384,"menu_order":0,"comment_status":"open","ping_status":"closed","template":"","meta":{"_acf_changed":false,"footnotes":""},"categories":[],"tags":[52],"class_list":["post-2998","page","type-page","status-publish","has-post-thumbnail","hentry","tag-covid-19","post-wrapper","thrv_wrapper"],"acf":[],"wp-worthy-pixel":{"ignored":false,"public":"eaa6e810707842bb84aee7a3bb2331dd","server":"vg01.met.vgwort.de","url":"https:\/\/vg01.met.vgwort.de\/na\/eaa6e810707842bb84aee7a3bb2331dd"},"wp-worthy-type":"normal","_links":{"self":[{"href":"https:\/\/antalyatouristinformation.com\/de\/wp-json\/wp\/v2\/pages\/2998","targetHints":{"allow":["GET"]}}],"collection":[{"href":"https:\/\/antalyatouristinformation.com\/de\/wp-json\/wp\/v2\/pages"}],"about":[{"href":"https:\/\/antalyatouristinformation.com\/de\/wp-json\/wp\/v2\/types\/page"}],"author":[{"embeddable":true,"href":"https:\/\/antalyatouristinformation.com\/de\/wp-json\/wp\/v2\/users\/5"}],"replies":[{"embeddable":true,"href":"https:\/\/antalyatouristinformation.com\/de\/wp-json\/wp\/v2\/comments?post=2998"}],"version-history":[{"count":10,"href":"https:\/\/antalyatouristinformation.com\/de\/wp-json\/wp\/v2\/pages\/2998\/revisions"}],"predecessor-version":[{"id":14443,"href":"https:\/\/antalyatouristinformation.com\/de\/wp-json\/wp\/v2\/pages\/2998\/revisions\/14443"}],"up":[{"embeddable":true,"href":"https:\/\/antalyatouristinformation.com\/de\/wp-json\/wp\/v2\/pages\/3384"}],"wp:featuredmedia":[{"embeddable":true,"href":"https:\/\/antalyatouristinformation.com\/de\/wp-json\/wp\/v2\/media\/5866"}],"wp:attachment":[{"href":"https:\/\/antalyatouristinformation.com\/de\/wp-json\/wp\/v2\/media?parent=2998"}],"wp:term":[{"taxonomy":"category","embeddable":true,"href":"https:\/\/antalyatouristinformation.com\/de\/wp-json\/wp\/v2\/categories?post=2998"},{"taxonomy":"post_tag","embeddable":true,"href":"https:\/\/antalyatouristinformation.com\/de\/wp-json\/wp\/v2\/tags?post=2998"}],"curies":[{"name":"wp","href":"https:\/\/api.w.org\/{rel}","templated":true}]}}