{"id":300,"date":"2021-02-15T14:32:08","date_gmt":"2021-02-15T13:32:08","guid":{"rendered":"http:\/\/antalyatouristinformation.com\/clone4639485xzhehsskdjfhhdhebdkkekdeewsd4545gdfgm\/?page_id=300"},"modified":"2024-08-24T13:47:36","modified_gmt":"2024-08-24T11:47:36","slug":"nationalpark","status":"publish","type":"page","link":"https:\/\/antalyatouristinformation.com\/de\/sehenswurdigkeiten\/attraktionen\/nationalpark\/","title":{"rendered":"5 besten Nationalparks in der Region Antalya"},"content":{"rendered":"<p>Hier ist unser kompletter Guide zu den Nationalparks in Antalya.<\/p>\n<p>Die Nationalparks sind mit ihren Wasserf\u00e4llen, wilden Fl\u00fcssen und steilen <a href=\"https:\/\/antalyatouristinformation.com\/de\/sehenswurdigkeiten\/canyon\/\">Canyons <\/a>beliebte Ausflugsziele in Antalya.<\/p>\n<p>Wir stellen euch alle f\u00fcnf&nbsp; Nationalparks in der Region Antalya vor. Am Ende erwartet euch ein Bonus-Reisetipp.<\/p>\n<p>Los geht\u2019s!<\/p>\n<h2>1. K\u00f6pr\u00fcl\u00fc Canyon Nationalpark<\/h2>\n<p><span><img decoding=\"async\" alt=\"Koprulu Canyon in Antalya in Turkey\" data-id=\"2418\" width=\"702\" data-init-width=\"1000\" height=\"468\" data-init-height=\"667\" title=\"Koprulu Canyon in Antalya in Turkey\" loading=\"lazy\" src=\"\/\/antalyatouristinformation.com\/de\/wp-content\/uploads\/sites\/10\/2021\/04\/Koprulu-Canyon-in-Antalya-in-Turkey.jpg\" data-width=\"702\" data-height=\"468\" data-pin-media=\"https:\/\/antalyatouristinformation.com\/de\/wp-content\/uploads\/sites\/10\/2021\/06\/prag_50_sehenswuerdigkeiten_pinterest-9-1.jpg\" data-pin-description=\"5 besten Nationalparks in Antalya | Antalya Tourist Information\" data-pin-url=\"https:\/\/antalyatouristinformation.com\/de\/sehenswurdigkeiten\/attraktionen\/nationalpark\/?tve=true&amp;tcbf=6865eaeb01\" data-pinpro-key=\"slwb2wvwz\" style=\"aspect-ratio: auto 1000 \/ 667\"><\/span><\/p>\n<p>Der K\u00f6pr\u00fcl\u00fc Canyon Nationalpark ist eine der beliebtesten <a href=\"https:\/\/antalyatouristinformation.com\/de\/sehenswurdigkeiten\/attraktionen\/\">Attraktionen in der Region Antalya<\/a>. Er ist f\u00fcr den K\u00f6pr\u00fcl\u00fc Canyon und die adrenalinreichen Outdoor-Aktivit\u00e4ten bekannt. Ihr k\u00f6nnt Kajak fahren, schwimmen gehen, campen, wandern oder an einer 14 km langen Wildwasser-Rafting-Tour auf dem Fluss Kopr\u00fccay teilnehmen. Reiten und Safari-Touren, wie Jeep- oder Fahrrad-Safaris, sind beliebte Optionen, um die Aussicht auf das Taurusgebirge und die Natur zu genie\u00dfen.<\/p>\n<p>Eine Besonderheit ist, dass sich im Nationalpark die Ruinen der antiken Stadt Selge und die Oluk Br\u00fccke aus der R\u00f6merzeit befinden.<\/p>\n<ul>\n<li><strong>Adresse<\/strong>: K\u00f6pr\u00fcl\u00fc Kanyon Milli Park\u0131,<u> <\/u>Bozyaka, 07550 Manavgat\/Antalya<\/li>\n<li>Mehr Informationen gibt es in unserem Guide zum <a href=\"https:\/\/antalyatouristinformation.com\/de\/sehenswurdigkeiten\/canyon\/koprulu\/\">K\u00f6pr\u00fcl\u00fc Canyon<\/a>.<\/li>\n<li>Zu den <a href=\"https:\/\/megapass.com\/turkey\/antalya\/koprulu-canyon-rafting?discountCode=ma-places\" target=\"_blank\" rel=\"nofollow noopener\">beliebtesten Tickets f\u00fcr Erlebnisse am K\u00f6pr\u00fcl\u00fc Canyon<\/a>.<\/li>\n<\/ul>\n<h2>2. Alt\u0131nbe\u015fik H\u00f6hle Nationalpark<\/h2>\n<p><span><img decoding=\"async\" alt=\"\" data-id=\"1745\" width=\"702\" data-init-width=\"1200\" height=\"369\" data-init-height=\"630\" title=\"alt\u0131nbesik cave in antalya\" loading=\"lazy\" src=\"\/\/antalyatouristinformation.com\/de\/wp-content\/uploads\/sites\/10\/2021\/03\/altinbesik-cave-in-antalya.jpg\" data-width=\"702\" data-height=\"369\" data-pin-media=\"https:\/\/antalyatouristinformation.com\/de\/wp-content\/uploads\/sites\/10\/2021\/06\/prag_50_sehenswuerdigkeiten_pinterest-9-1.jpg\" data-pin-description=\"5 besten Nationalparks in Antalya | Antalya Tourist Information\" data-pin-url=\"https:\/\/antalyatouristinformation.com\/de\/sehenswurdigkeiten\/attraktionen\/nationalpark\/?tve=true&amp;tcbf=6865eaeb01\" data-pinpro-key=\"7y7mkxbyv\" style=\"aspect-ratio: auto 1200 \/ 630\"><\/span><\/p>\n<p>Der Alt\u0131nbe\u015fik-H\u00f6hle-Nationalpark im Manavgat Tal liegt 678 Meter \u00fcber dem Meeresspiegel. Er beherbergt eine reiche Tierwelt, eine sch\u00f6ne Natur und ein faszinierendes H\u00f6hlensystem.<\/p>\n<p>Die Hauptattraktion ist die <a href=\"https:\/\/antalyatouristinformation.com\/de\/sehenswurdigkeiten\/hohle\/altinbesik\/\">Alt\u0131nbe\u015fik H\u00f6hle <\/a>mit dem drittgr\u00f6\u00dften unterirdischen See der Welt. Ihr k\u00f6nnt die verborgene H\u00f6hle und ihren t\u00fcrkisfarbenen See bei einer Bootstour entdecken. Dabei f\u00e4hrt ihr entlang der Stalagmiten, Stalaktiten und Travertins der H\u00f6hle. Eine weitere beliebte Sehensw\u00fcrdigkeit in der Gegend sind die sogenannten &#8222;Knopfh\u00e4user&#8220; im Dorf Ormana. &nbsp;Einige von ihnen sind 300 Jahre alt.<\/p>\n<ul>\n<li><strong><span style=\"font-style: normal\">Adresse<\/span><\/strong>: Alt\u0131nbe\u015fik Ma\u011faras\u0131 Milli Park\u0131, \u0130brad\u0131\/Antalya<\/li>\n<\/ul>\n<h2>3. Olympos Beyda\u011flar\u0131 Nationalpark<\/h2>\n<p><span><img decoding=\"async\" alt=\"Olympos Beyda\u011flar\u0131 National Park in Antalya\" data-id=\"2420\" width=\"702\" data-init-width=\"1000\" height=\"468\" data-init-height=\"667\" title=\"Olympos Beyda\u011flar\u0131 National Park in Antalya\" loading=\"lazy\" src=\"\/\/antalyatouristinformation.com\/de\/wp-content\/uploads\/sites\/10\/2021\/04\/Olympos-Beydaglari-National-Park-in-Antalya.jpg\" data-width=\"702\" data-height=\"468\" data-pin-media=\"https:\/\/antalyatouristinformation.com\/de\/wp-content\/uploads\/sites\/10\/2021\/06\/prag_50_sehenswuerdigkeiten_pinterest-9-1.jpg\" data-pin-description=\"5 besten Nationalparks in Antalya | Antalya Tourist Information\" data-pin-url=\"https:\/\/antalyatouristinformation.com\/de\/sehenswurdigkeiten\/attraktionen\/nationalpark\/?tve=true&amp;tcbf=6865eaeb01\" data-pinpro-key=\"4ckf8sc47\" style=\"aspect-ratio: auto 1000 \/ 667\"><\/span><\/p>\n<p>Der Nationalpark Olympos Beyda\u011flar\u0131 in Kemer erstreckt sich auf einer 34.425 Hektar gro\u00dfen Fl\u00e4che. In den Bergen des Nationalparks verbergen sich antike St\u00e4dte und interessante Felsformationen aus Kalkstein und Serpentinfelsen. Das macht ihn zu einem beliebten Ziel f\u00fcr Tagesausfl\u00fcge.<\/p>\n<p>Ihr k\u00f6nnt hier einen Ausflug in die Natur mit der Besichtigung von antiken St\u00e4dten wie <a href=\"https:\/\/antalyatouristinformation.com\/de\/sehenswurdigkeiten\/geschichte\/phaselis\/\">Phaselis <\/a>oder <a href=\"https:\/\/antalyatouristinformation.com\/de\/sehenswurdigkeiten\/geschichte\/olympos\/\">Olympos <\/a>kombinieren. Im Nationalpark liegt auch der <a href=\"https:\/\/antalyatouristinformation.com\/de\/sehenswurdigkeiten\/canyon\/goynuk-canyon\/\">G\u00f6yn\u00fck Canyon<\/a>. Deshalb k\u00f6nnt ihr aus etlichen Aktivit\u00e4ten w\u00e4hlen, darunter Paragliding, Bergsteigen, Canyoning, Camping und Trekking.<\/p>\n<ul>\n<li><strong>Adresse<\/strong><u>:<\/u> Olympos Beyda\u011flar\u0131Milli Parki, Arslanbucak, 07980 Kemer\/Antalya<\/li>\n<li><\/li>\n<li><a data-lt-tmp-id=\"lt-607078\" href=\"https:\/\/megapass.com\/tours-tickets\/antalya-olympos-ancient-city-entrance-ticket-i2857?discountCode=ma-places\" rel=\"nofollow noopener\" target=\"_blank\">Eintrittskarte f\u00fcr die antike Stadt Olympos<\/a><\/li>\n<\/ul>\n<h2>4. G\u00fcll\u00fck Berg Termessos Nationalpark<\/h2>\n<p><span><img decoding=\"async\" alt=\"Termessos ancient city in Antalya in Turkey\" data-id=\"5644\" width=\"702\" data-init-width=\"1000\" height=\"468\" data-init-height=\"667\" title=\"Termessos ancient city in Antalya in Turkey\" loading=\"lazy\" src=\"https:\/\/antalyatouristinformation.com\/de\/wp-content\/uploads\/sites\/10\/2021\/05\/Termessos-ancient-city-in-Antalya-in-Turkey.jpg\" data-width=\"702\" data-height=\"468\" data-pin-media=\"https:\/\/antalyatouristinformation.com\/de\/wp-content\/uploads\/sites\/10\/2021\/06\/prag_50_sehenswuerdigkeiten_pinterest-9-1.jpg\" data-pin-description=\"5 besten Nationalparks in Antalya | Antalya Tourist Information\" data-pin-url=\"https:\/\/antalyatouristinformation.com\/de\/sehenswurdigkeiten\/attraktionen\/nationalpark\/?tve=true&amp;tcbf=6865eaeb01\" data-pinpro-key=\"ey58a54ky\" style=\"aspect-ratio: auto 1000 \/ 667\"><\/span><\/p>\n<p>Der 6700 Hektar umfassende G\u00fcll\u00fck Berg Termessos Nationalpark liegt etwa 35 km vom Stadtzentrum von Antalya. Das Highlight ist der Berg G\u00fcll\u00fck im Herzen des Nationalparks. Oben angekommen, k\u00f6nnt ihr die gut erhaltenen \u00dcberbleibsel der <a href=\"https:\/\/antalyatouristinformation.com\/de\/sehenswurdigkeiten\/geschichte\/termessos\/\">antiken Stadt Termessos<\/a> besichtigen. Rund um die antike Stadt k\u00f6nnt ihr T\u00e4ler, H\u00fcgel und tiefe Schluchten entdecken. Die Berglandschaft und die reiche Flora und Fauna mit seltenen Arten von Wildtieren machen den Nationalpark zu einem sch\u00f6nen Ort f\u00fcr einen Spaziergang in der Natur oder f\u00fcr ein Picknick.<\/p>\n<ul>\n<li><strong>Adresse<\/strong><u>:<\/u> G\u00fcll\u00fck Da\u011f\u0131 Termessos Milli Park\u0131, G\u00fcll\u00fck Da\u011f\u0131\/Antalya<\/li>\n<\/ul>\n<h2>5. Sakl\u0131kent Canyon Nationalpark<\/h2>\n<p><span><img decoding=\"async\" alt=\"Saklikent Canyon in Turkey (Editorial)\" data-id=\"2424\" width=\"702\" data-init-width=\"1000\" height=\"468\" data-init-height=\"667\" title=\"Saklikent Canyon in Turkey (Editorial)\" loading=\"lazy\" src=\"\/\/antalyatouristinformation.com\/de\/wp-content\/uploads\/sites\/10\/2021\/04\/Saklikent-Canyon-in-Turkey.jpg\" data-width=\"702\" data-height=\"468\" data-pin-media=\"https:\/\/antalyatouristinformation.com\/de\/wp-content\/uploads\/sites\/10\/2021\/06\/prag_50_sehenswuerdigkeiten_pinterest-9-1.jpg\" data-pin-description=\"5 besten Nationalparks in Antalya | Antalya Tourist Information\" data-pin-url=\"https:\/\/antalyatouristinformation.com\/de\/sehenswurdigkeiten\/attraktionen\/nationalpark\/?tve=true&amp;tcbf=6865eaeb01\" data-pinpro-key=\"kne4f1b7s\" style=\"aspect-ratio: auto 1000 \/ 667\"><\/span><\/p>\n<p>Streng genommen liegt der Sakl\u0131kent Canyon Nationalpark in der Provinz Mu\u011fla. Wegen seiner N\u00e4he zu Antalya und den vielen Naturspektakeln geh\u00f6rt er dennoch auf unsere Liste. Der Nationalpark zwischen Mu\u011fla und Antalya ist nach dem 300 Meter tiefen <a href=\"https:\/\/antalyatouristinformation.com\/de\/sehenswurdigkeiten\/canyon\/saklikent\/\">Sakl\u0131kent Canyon<\/a> benannt, einer der Hauptattraktionen im S\u00fcdwesten der T\u00fcrkei.<\/p>\n<p>Der Sakl\u0131kent Canyon ist einer der tiefsten Canyons der Welt. Hier erwarten euch Stromschnellen, eiskaltes Wasser, nat\u00fcrliche Formationen, Schlammteiche und steile Felsw\u00e4nde, die bis zu 700 Meter in den Himmel ragen. Alternativ k\u00f6nnt ihr die Landschaft mit kiefernreichen Hochebenen und nat\u00fcrlichen Quellen erforschen oder die antiken St\u00e4dte Tlos und <a href=\"https:\/\/antalyatouristinformation.com\/de\/sehenswurdigkeiten\/geschichte\/letoon\/\">Letoon <\/a>besuchen. Aktivit\u00e4ten wie Rafting, Bergsteigen und Trekking sind ebenfalls m\u00f6glich.<\/p>\n<ul>\n<li><strong>Adresse<\/strong>:Sakl\u0131kent Milli Park\u0131, Kayadibi, 48300 Seydikemer\/Mu\u011fla<\/li>\n<\/ul>\n<p><strong><em> <\/em><\/strong><\/p>\n<h2>Bonus: Kur\u015funlu Wasserfall Naturpark<\/h2>\n<p><span><img decoding=\"async\" alt=\"\" data-id=\"664\" width=\"702\" data-init-width=\"1200\" height=\"369\" data-init-height=\"630\" title=\"kur\u015funlu waterfall in antalya in turkey\" loading=\"lazy\" src=\"\/\/antalyatouristinformation.com\/de\/wp-content\/uploads\/sites\/10\/2021\/02\/kursunlu-waterfall-in-antalya-in-turkey.jpg\" data-width=\"702\" data-height=\"369\" data-pin-media=\"https:\/\/antalyatouristinformation.com\/de\/wp-content\/uploads\/sites\/10\/2021\/06\/prag_50_sehenswuerdigkeiten_pinterest-9-1.jpg\" data-pin-description=\"5 besten Nationalparks in Antalya | Antalya Tourist Information\" data-pin-url=\"https:\/\/antalyatouristinformation.com\/de\/sehenswurdigkeiten\/attraktionen\/nationalpark\/?tve=true&amp;tcbf=6865eaeb01\" data-pinpro-key=\"06rxas028\" style=\"aspect-ratio: auto 1200 \/ 630\"><\/span><\/p>\n<p>20 Kilometer nord\u00f6stlich von Antalya verbirgt sich eine Natur-Oase: der Naturpark Kur\u015funlu. Es hei\u00dft euch ein imposanter Wasserfall willkommen, der 12 Meter in die Tiefe st\u00fcrzt. Dank der Kulisse aus Wasserfall, Kiefernw\u00e4ldern und windenden Lianen ist er ein guter Ort zum Entspannen und Picknicken. Alternativ k\u00f6nnt ihr bei einem Spaziergang entlang der Wanderwege das Gel\u00e4nde erkunden. <span style=\"font-style: normal\"><\/span><\/p>\n<ul>\n<li><span style=\"font-style: normal\"><strong>Adresse<\/strong><\/span>: Kur\u015funlu \u015eelalesi Tabiat Park\u0131, Kur\u015funlu, Kursunlu \u015eelalesi, 07119 Aksu\/Antalya<span style=\"font-style: normal\"><\/span><\/li>\n<\/ul>\n<p><b>Vielleicht interessieren euch auch folgende Beitr\u00e4ge:<\/b><\/p>\n<ul>\n<li><a href=\"https:\/\/antalyatouristinformation.com\/de\/sehenswurdigkeiten\/canyon\/koprulu\/\">K\u00f6pr\u00fcl\u00fc Canyon in Antalya<\/a><\/li>\n<li><a href=\"https:\/\/antalyatouristinformation.com\/de\/sehenswurdigkeiten\/hohle\/altinbesik\/\">Alt\u0131nbe\u015fik-H\u00f6hle Nationalpark in Antalya<\/a><\/li>\n<li><a href=\"https:\/\/antalyatouristinformation.com\/de\/sehenswurdigkeiten\/canyon\/saklikent\/\">Sakl\u0131kent Canyon<\/a><\/li>\n<li><a href=\"https:\/\/antalyatouristinformation.com\/de\/sehenswurdigkeiten\/wasserfalle\/kursunlu\/\">Kur\u015funlu Wasserfall Naturpark in Antalya<\/a><\/li>\n<\/ul>\n<p style=\"text-align: center\"><a href=\"https:\/\/www.google.com\/maps\/d\/u\/2\/viewer?hl=tr&amp;mid=15jr7cbH-pnqkt1KpqDiCrySQDBSeL2jH&amp;ll=36.83464564741368%2C30.51866400000003&amp;z=9\" target=\"_blank\" rel=\"noopener\">(Link zur Karte)<\/a><\/p>\n","protected":false},"excerpt":{"rendered":"<p>Hier ist unser kompletter Guide zu den Nationalparks in Antalya. Die Nationalparks sind mit ihren Wasserf\u00e4llen, wilden Fl\u00fcssen und steilen Canyons beliebte Ausflugsziele in Antalya. Wir stellen euch alle f\u00fcnf&nbsp; Nationalparks in der Region Antalya vor. Am Ende erwartet euch ein Bonus-Reisetipp. Los geht\u2019s! 1. K\u00f6pr\u00fcl\u00fc Canyon Nationalpark Der K\u00f6pr\u00fcl\u00fc Canyon Nationalpark ist eine der [&hellip;]<\/p>\n","protected":false},"author":5,"featured_media":2416,"parent":117,"menu_order":0,"comment_status":"open","ping_status":"closed","template":"","meta":{"_acf_changed":false,"footnotes":""},"categories":[],"tags":[61],"class_list":["post-300","page","type-page","status-publish","has-post-thumbnail","hentry","tag-nature","post-wrapper","thrv_wrapper"],"acf":[],"wp-worthy-pixel":{"ignored":false,"public":"c3d160953a49449f9acdbdbd8251771b","server":"vg01.met.vgwort.de","url":"https:\/\/vg01.met.vgwort.de\/na\/c3d160953a49449f9acdbdbd8251771b"},"wp-worthy-type":"normal","_links":{"self":[{"href":"https:\/\/antalyatouristinformation.com\/de\/wp-json\/wp\/v2\/pages\/300","targetHints":{"allow":["GET"]}}],"collection":[{"href":"https:\/\/antalyatouristinformation.com\/de\/wp-json\/wp\/v2\/pages"}],"about":[{"href":"https:\/\/antalyatouristinformation.com\/de\/wp-json\/wp\/v2\/types\/page"}],"author":[{"embeddable":true,"href":"https:\/\/antalyatouristinformation.com\/de\/wp-json\/wp\/v2\/users\/5"}],"replies":[{"embeddable":true,"href":"https:\/\/antalyatouristinformation.com\/de\/wp-json\/wp\/v2\/comments?post=300"}],"version-history":[{"count":10,"href":"https:\/\/antalyatouristinformation.com\/de\/wp-json\/wp\/v2\/pages\/300\/revisions"}],"predecessor-version":[{"id":16377,"href":"https:\/\/antalyatouristinformation.com\/de\/wp-json\/wp\/v2\/pages\/300\/revisions\/16377"}],"up":[{"embeddable":true,"href":"https:\/\/antalyatouristinformation.com\/de\/wp-json\/wp\/v2\/pages\/117"}],"wp:featuredmedia":[{"embeddable":true,"href":"https:\/\/antalyatouristinformation.com\/de\/wp-json\/wp\/v2\/media\/2416"}],"wp:attachment":[{"href":"https:\/\/antalyatouristinformation.com\/de\/wp-json\/wp\/v2\/media?parent=300"}],"wp:term":[{"taxonomy":"category","embeddable":true,"href":"https:\/\/antalyatouristinformation.com\/de\/wp-json\/wp\/v2\/categories?post=300"},{"taxonomy":"post_tag","embeddable":true,"href":"https:\/\/antalyatouristinformation.com\/de\/wp-json\/wp\/v2\/tags?post=300"}],"curies":[{"name":"wp","href":"https:\/\/api.w.org\/{rel}","templated":true}]}}