{"id":3000,"date":"2021-04-15T11:24:24","date_gmt":"2021-04-15T09:24:24","guid":{"rendered":"https:\/\/antalyatouristinformation.com\/clone4639485xzhehsskdjfhhdhebdkkekdeewsd4545gdfgm\/?page_id=3000"},"modified":"2021-07-14T21:30:27","modified_gmt":"2021-07-14T19:30:27","slug":"pcr-test","status":"publish","type":"page","link":"https:\/\/antalyatouristinformation.com\/de\/covid\/pcr-test\/","title":{"rendered":"PCR-Test in Antalya: Wo, wie und weitere Fragen"},"content":{"rendered":"<p>Das ist unser Guide zum PCR-Test in Antalya.<\/p>\n<p>Wir beantworten euch hier die h\u00e4ufigsten Fragen zum PCR-Test in Antalya und geben euch hilfreiche Tipps.<\/p>\n<p>Werft danach einen Blick in unseren Beitrag \u00fcber die<a href=\"https:\/\/antalyatouristinformation.com\/de\/covid\/covid-19-regeln\/\"> aktuellen Covid-19 Regeln in Antalya<\/a> und unseren Guide \u00fcber den <a href=\"https:\/\/antalyatouristinformation.com\/de\/covid\/hes-code\/\">HES-Code in der T\u00fcrkei<\/a>.<\/p>\n<p>Beginnen wir mit der wichtigsten Frage:<\/p>\n<h2>Wo kann ich den PCR-Test in Antalya machen?<\/h2>\n<h3 id=\"t-1625127031512\">Staatliche Krankenh\u00e4user<\/h3>\n<p><span><img decoding=\"async\" alt=\"Corona Virus Test Tent in Antalya Turkey\" data-id=\"7353\" width=\"702\" data-init-width=\"1000\" height=\"446\" data-init-height=\"635\" title=\"Corona Virus Test Tent in Antalya Turkey\" loading=\"lazy\" src=\"https:\/\/antalyatouristinformation.com\/de\/wp-content\/uploads\/sites\/10\/2021\/05\/Ampulle-fur-den-Coronavirus-Test-in-Antalya.jpg\" data-width=\"702\" data-height=\"446\" data-pinpro-key=\"lxz1a1hwt\" data-pin-media=\"https:\/\/antalyatouristinformation.com\/de\/wp-content\/uploads\/sites\/10\/2021\/06\/Antalya-Pinterest-10.jpg\" data-pin-description=\"PCR Test in Antalya | Antalya Tourist Information\" data-pin-url=\"https:\/\/antalyatouristinformation.com\/de\/covid\/pcr-test\/?tve=true&amp;tcbf=29b100a66c\"><\/span><\/p>\n<p>Um die Ausbreitung des Coronavirus zu verhindern, werden die Tests in Krankenh\u00e4usern in der Regel in Zelten unter freiem Himmel durchgef\u00fchrt.<\/p>\n<p>Ihr k\u00f6nnt PCR-Tests in den staatlichen Krankenh\u00e4usern von Antalya durchf\u00fchren lassen. Es wird empfohlen, das jeweilige Krankenhaus vorher zu kontaktieren.<\/p>\n<p>Allerdings ist es <strong>nicht sehr empfehlenswert<\/strong>, einen PCR-Test in staatlichen Krankenh\u00e4usern zu machen. Ihr m\u00fcsst mit folgenden Nachteilen rechnen:<\/p>\n<ul>\n<li><b>Nachteile<\/b>:<\/li>\n<\/ul>\n<p>Ein gro\u00dfer Nachteil ist die <b>Sprachbarriere<\/b>, die vielerorts in den staatlichen Krankenh\u00e4usern in Antalya besteht. Viele T\u00fcrken sprechen kein Englisch. Deshalb kann es zu Problemen bei der Verst\u00e4ndigung kommen.<\/p>\n<p>Au\u00dferdem solltet ihr euch auf eine <b>lange Wartezeit<\/b> einstellen. Zum einen m\u00fcsst ihr in staatlichen Krankenh\u00e4usern meist <b>lange anstehen<\/b> (etwa 1 bis 1,5 Stunden) um den PCR-Test machen zu k\u00f6nnen. Zum anderen m\u00fcsst ihr vergleichsweise lange <b>warten bis das Testergebnis<\/b><b>vorliegt<\/b>.<\/p>\n<ul>\n<li><strong>Allgemeine Informationen:<\/strong>&nbsp;&nbsp;<\/li>\n<\/ul>\n<p><b>&#8211; Kosten: &nbsp;<span style=\"font-weight: normal\">F\u00fcr den PCR-Test zahlt ihr in staatlichen Krankenh\u00e4usern 250 TL.<\/span><\/b><\/p>\n<p><b>&#8211; <b>Dauer der Auswertung: <\/b><\/b>Die <b>Auswertung<\/b> erfolgt in staatlichen Krankenh\u00e4usern <b>innerhalb von 24 Stunden<\/b>.<\/p>\n<p><b>&#8211; Zeiten<\/b>: In staatlichen Krankenh\u00e4usern k\u00f6nnt ihr den PCR-Test rund um die Uhr machen.<\/p>\n<ul>\n<li><b><b>Einige&nbsp;<\/b>Adressen:<\/b><\/li>\n<\/ul>\n<p><b>&#8211; <\/b><b>Landkreis Muratpasa (Landkreis der Stadt Antalya):<\/b> Antalya E\u011fitim ve Ara\u015ft\u0131rma Hastanesi, <u>Adresse<\/u>: Varl\u0131k, Kaz\u0131m Karabekir Cd., 07100 Muratpa\u015fa\/Antalya<\/p>\n<p><b>&#8211; <\/b><b>Landkreis Kepez (Landkreis der Stadt Antalya):<\/b> Kepez Devlet Hastanesi, <u>Adresse<\/u>: H\u00fcsn\u00fc Karaka\u015f, No:124, G\u00fcne\u015f Cd., 07320 Kepez<\/p>\n<p><b>&#8211; <\/b><b>Landkreis Manavgat:<\/b> Manavgat Devlet Hastanesi, <u>Adresse<\/u>: \u00c7a\u011flayan, \u015eelale Cd. \u00dczeri, 07600 Manavgat\/Antalya<\/p>\n<p><b>&#8211; <\/b><b>Landkreis Alanya:<\/b> Alanya E\u011fitim ve Ara\u015ft\u0131rma Hastanesi, <u>Adresse<\/u>: Oba, Fidanl\u0131k Cd., 07400 Alanya\/Antalya<\/p>\n<p><b>&#8211; <\/b><b>Landkreis Finike:<\/b> Finike Devlet Hastanesi, <u>Adresse<\/u>: Sahilkent, Akdeniz Blv. NO:302, 07740 Finike\/Antalya<\/p>\n<h3 id=\"t-1625127031513\" data-alt-text=\"Privatkliniken in Antalya\"><strong>Privatkliniken in der Provinz Antalya<\/strong><\/h3>\n<p><span><img decoding=\"async\" alt=\"Private Clinics in Antalya province\" data-id=\"5773\" width=\"702\" data-init-width=\"1000\" height=\"468\" data-init-height=\"667\" title=\"Private Clinics in Antalya province\" loading=\"lazy\" src=\"https:\/\/antalyatouristinformation.com\/de\/wp-content\/uploads\/sites\/10\/2021\/05\/Private-Clinics-in-Antalya-province-Editorial.jpg\" data-width=\"702\" data-height=\"468\" data-pinpro-key=\"d3kjgswhh\" data-pin-media=\"https:\/\/antalyatouristinformation.com\/de\/wp-content\/uploads\/sites\/10\/2021\/06\/Antalya-Pinterest-10.jpg\" data-pin-description=\"PCR Test in Antalya | Antalya Tourist Information\" data-pin-url=\"https:\/\/antalyatouristinformation.com\/de\/covid\/pcr-test\/?tve=true&amp;tcbf=29b100a66c\"><\/span><\/p>\n<p>Etliche Privatkliniken bieten Covid-19-Tests in Antalya an. Der Standartest ist f\u00fcr 250 TL erh\u00e4ltlich. F\u00fcr ein schnelleres Ergebnis, keine Wartezeit und andere Vorteile berechnen die Privatkliniken eine zus\u00e4tzliche Geb\u00fchr.<\/p>\n<p>In der Provinz Antalya gibt es etliche Privatkliniken, in denen man sich ebenfalls testen lassen kann. In der Regel zahlt ihr f\u00fcr den PCR-Test 250 TL. Es wird empfohlen, sich vorher mit der Klinik in Verbindung zu setzen.<\/p>\n<ul>\n<li><b>Vorteile:&nbsp;<\/b><\/li>\n<\/ul>\n<p>Einen PCR-Test in einem der privaten Kliniken von Antalya zu machen, geht <b>wesentlich schneller<\/b>. Normalerweise gibt es keine langen Warteschlangen.<\/p>\n<p>Das <b>Personal<\/b><b>spricht meistens Englisch,<\/b> was die Kommunikation wesentlich vereinfacht. Einige Mitarbeiter sprechen <b>auch Deutsch oder Russisch<\/b>.<\/p>\n<p>Zudem erfolgt die <b>Auswertung des Tests \u00e4u\u00dferst schnell<\/b>. Innerhalb von wenigen Stunden hat man das Testergebnis vorliegen.<\/p>\n<p>In vielen Privatkliniken ist eine <b>Terminvereinbarung m\u00f6glich<\/b>. Die Option ist zu empfehlen, da ihr so m\u00f6gliche Wartezeiten vermeiden k\u00f6nnt.<\/p>\n<ul>\n<li><b>Nachteile:<\/b><\/li>\n<\/ul>\n<p>Die meisten Privatkliniken berechnen f\u00fcr die Durchf\u00fchrung des PCR-Tests den Standardpreis von 250 TL. Es gibt allerdings auch einige wenige Kliniken, die <b>h\u00f6here Preise fordern<\/b>. Wir empfehlen daher, dass ihr euch vorab informiert.<\/p>\n<ul>\n<li><strong>Allgemeine Informationen:<\/strong><\/li>\n<\/ul>\n<p><b>&#8211; <\/b><b>Dauer der Auswertung:&nbsp;<\/b>Wenige Stunden<\/p>\n<p><b>&#8211; Zeiten<\/b>: In den privaten Kliniken kann man sich rund um die Uhr testen lassen.<\/p>\n<ul>\n<li><b>Adressen:<\/b><\/li>\n<\/ul>\n<p>Zu den Privatkliniken in der Provinz Antalya geh\u00f6ren unter anderem das Lara Anadolu Krankenhaus, Antalya Medical Park, das Alanya Anadolu Krankenhaus, das Side Anadolu Krankenhaus und das Ahu Krankenhaus. Eine aktuelle Liste aller Covid-19-Testlabore in der T\u00fcrkei findet ihr <a href=\"https:\/\/hsgm.saglik.gov.tr\/tr\/haberler\/yetkilendirilmis-covi-d-19-tani-laboratuvarlari.html\" target=\"_blank\" rel=\"noopener\">hier<\/a>.<\/p>\n<h3 id=\"t-1625127031514\">Flughafen Antalya<\/h3>\n<p><span><img decoding=\"async\" alt=\"Entrance to the Covid-19 Test Center at Antalya Airport\" data-id=\"7354\" width=\"702\" data-init-width=\"1000\" height=\"468\" data-init-height=\"667\" title=\"Entrance to the Covid-19 Test Center at Antalya Airport\" loading=\"lazy\" src=\"https:\/\/antalyatouristinformation.com\/de\/wp-content\/uploads\/sites\/10\/2021\/05\/Eingang-zum-Testzentrum-im-Flughafen-Antalya.jpg\" data-width=\"702\" data-height=\"468\" data-pinpro-key=\"a2nglq0wm\" data-pin-media=\"https:\/\/antalyatouristinformation.com\/de\/wp-content\/uploads\/sites\/10\/2021\/06\/Antalya-Pinterest-10.jpg\" data-pin-description=\"PCR Test in Antalya | Antalya Tourist Information\" data-pin-url=\"https:\/\/antalyatouristinformation.com\/de\/covid\/pcr-test\/?tve=true&amp;tcbf=29b100a66c\"><\/span><\/p>\n<p>Eingang des Covid-19 Testzentrumsam Flughafen Antalya<\/p>\n<p>Der <a href=\"https:\/\/antalyatouristinformation.com\/de\/plan\/antalya-flughafen\/\">Flughafen Antalya [AYT] <\/a>bietet Reisenden die M\u00f6glichkeit PCR-Tests vor dem Flug am Flughafen Antalya durchzuf\u00fchren.<\/p>\n<p>Ihr findet das Testzentrum am Terminal 1 \u201eArrivals\u201c. Ihr kommt bereits bei eurer Ankunft am Flughafen Antalya daran vorbei. Sobald ihr am Ausgang seid, schaut nach links. Dann seht ihr das Testzentrum.<\/p>\n<ul>\n<li><b>Nachteile:<\/b><\/li>\n<\/ul>\n<p>Die Testzentren am Flughafen Antalya sind <b>stark besucht<\/b>. Deshalb m\u00fcsst ihr mit <b>langen Wartezeiten<\/b> rechnen. Zudem m\u00fcsst ihr euch nacheinander in <b>mehreren Warteschlangen<\/b> anstellen. Das liegt daran, dass es eine Schlange f\u00fcr die Bezahlung des Tests gibt und eine andere Schlange, um den Test schlie\u00dflich zu machen.<\/p>\n<p>Ihr d\u00fcrft nur nach Deutschland fliegen, wenn ihr ein negatives Testergebnis vorweisen k\u00f6nnt (das nicht \u00e4lter als 48 Stunden ist). Ausgenommen sind vollst\u00e4ndig geimpfte und genesene Personen. Aus diesem Grund besteht das <b>Risiko den Flug zu verpassen<\/b>, falls ihr nicht fr\u00fch genug am Flughafen seid.<\/p>\n<p><b>Ihr k\u00f6nnt zum<\/b><b>Check-in-Schalter erst dann, wenn ihr euer negatives Testergebnis<\/b> habt. Das zeigt ihr dann zusammen mit euren Reiseunterlagen vor. \u00dcberpr\u00fcft diesbez\u00fcglich bitte die aktuell geltenden Bestimmungen eures Einreiselands und eurer Airline.<\/p>\n<p>F\u00fcr den <b>Check-in selber solltet ihr wiederum mindestens 2 Stunden einplanen<\/b>. Beachtet, dass man bei vielen Airlines auch das Handgep\u00e4ck aufgeben muss. Das f\u00fchrt wiederum zu einer <b>l\u00e4ngeren Prozedur <\/b>am Check-in-Schalter.<\/p>\n<p>Wichtig ist auch, dass der <b>Online-Check-in am Flughafen Antalya momentan nicht m\u00f6glich ist<\/b>. Das liegt daran, dass der negative PCR-Test und alle weiteren Unterlagen beim Check-in kontrolliert werden m\u00fcssen.<\/p>\n<p>Falls ihr den PCR-Test am Flughafen machen m\u00f6chtet, empfehlen wir euch, so fr\u00fch wie m\u00f6glich am Flughafen Antalya zu erscheinen.<b> Seid mindestens 6 Stunden vor Abflug dort<\/b>. So sollte euch gen\u00fcgend Zeit f\u00fcr den PCR-Test, die Auswertung des Testes und f\u00fcr den Check-in bleiben.<\/p>\n<ul>\n<li><strong>Allgemeine Informationen:<\/strong><\/li>\n<\/ul>\n<p><b>&#8211; Kosten:&nbsp;<\/b>F\u00fcr den PCR-Test zahlt ihr im Flughafen Antalya <b>170 TL<\/b>.<\/p>\n<p><b>&#8211; <\/b><b>Dauer der Auswertung:&nbsp;<\/b>Im Durchschnitt<b> <\/b>2,5 bis 4 Stunden<\/p>\n<p><b>&#8211; Zeiten:<\/b> Ihr k\u00f6nnt den PCR-Test rund um die Uhr am Flughafen Antalya machen.<\/p>\n<h3 id=\"t-1620312362313\" data-alt-text=\"Hotels in Antalya\">Hotels in der Provinz Antalya<\/h3>\n<p><span><img decoding=\"async\" alt=\"Hotels in Antalya Province\" data-id=\"5777\" width=\"702\" data-init-width=\"1000\" height=\"468\" data-init-height=\"667\" title=\"Hotels in Antalya Province\" loading=\"lazy\" src=\"https:\/\/antalyatouristinformation.com\/de\/wp-content\/uploads\/sites\/10\/2021\/05\/Hotels-in-Antalya-Province.jpg\" data-width=\"702\" data-height=\"468\" data-pinpro-key=\"xowq4v1s2\" data-pin-media=\"https:\/\/antalyatouristinformation.com\/de\/wp-content\/uploads\/sites\/10\/2021\/06\/Antalya-Pinterest-10.jpg\" data-pin-description=\"PCR Test in Antalya | Antalya Tourist Information\" data-pin-url=\"https:\/\/antalyatouristinformation.com\/de\/covid\/pcr-test\/?tve=true&amp;tcbf=29b100a66c\"><\/span><\/p>\n<p>Einige Hotels in Antalya bieten die M\u00f6glichkeit, ihre G\u00e4ste direkt im Hotel testen zu lassen. Nachdem ihr euch f\u00fcr euren PCR-Test angemeldet habt, nimmt das medizinische Fachpersonal vor Ort eine Probe. Im Anschluss bringen sie die Probe in ein Labor, wo der PCR-Test ausgewertet wird. Ihr erh\u00e4lt das Testergebnis entweder per E-Mail oder SMS.<\/p>\n<ul>\n<li><b>Vorteile:&nbsp;<\/b><\/li>\n<\/ul>\n<p>Der PCR-Test im Hotel ist die <b>einfachste und stressfreieste Variante<\/b> um sich testen zu lassen. Falls euer gebuchtes <a href=\"https:\/\/antalyatouristinformation.com\/de\/hotel\/\">Hotel in Antalya<\/a> die Option anbietet, ist das unsere klare Empfehlung. &nbsp;<\/p>\n<p>Dank der vorherigen Anmeldung gibt es <b>keinerlei Wartezeit.<\/b> Auch die <b>Anfahrt zum Testzentrum f\u00e4llt weg<\/b>, wodurch ihr <b>kostbare Zeit spart<\/b>.<\/p>\n<ul>\n<li><b>Nachteile<\/b>:<\/li>\n<\/ul>\n<p>Momentan bieten nur viele gro\u00dfe 5-Sterne-Hotels in Antalya die Option an. In etlichen 3- und 4-Sterne Hotels in Antalya k\u00f6nnt ihr den PCR-Test im Hotel nicht durchf\u00fchren lassen. Wir empfehlen, dass ihr euch vorher bei eurem Hotel erkundigt.<\/p>\n<ul>\n<li><strong>Allgemeine Informationen:<\/strong><\/li>\n<\/ul>\n<p><b>&#8211; Kosten:&nbsp;<\/b>Der PCR-Test kostet in den meisten angebotenen Hotels in Antalya <strong>17<\/strong><b>0 TL<\/b>. Informiert euch vorher, wie hoch die Kosten in eurem gebuchten Hotel ausfallen.<\/p>\n<p><b>&#8211; <\/b><b>Dauer der Auswertung:&nbsp;<\/b>Normalerweise<b> <\/b>innerhalb von &nbsp;24 Stunden<\/p>\n<p><b>&#8211; Zeiten:<\/b> Die Zeiten h\u00e4ngen von den Sprechzeiten des<b> <\/b>jeweiligen Hotels ab. Nachdem ihr euch daf\u00fcr in eurem Hotel angemeldet habt, erhaltet ihr vom Hotelpersonal alle weiteren Ausk\u00fcnfte.<\/p>\n<h2>Fazit<\/h2>\n<p>Aufgrund der begrenzten Kapazit\u00e4ten am Flughafen Antalya und den staatlichen Krankenh\u00e4usern m\u00fcsst ihr mit einer \u00e4u\u00dferst langen Wartezeit rechnen. Deshalb ist es nicht sehr empfehlenswert den PCR-Test am Flughafen oder den staatlichen Krankenh\u00e4usern in Antalya zu machen.<\/p>\n<p>Am <b>stressfreisten ist die Option sich direkt im eigenen Hotel testen<\/b> zu lassen &#8211; sofern die Option in eurem Urlaubshotel angeboten wird. Ansonsten <b>empfehlen wir<\/b>, <b>den<\/b><b>PCR-Test in einer der Privatklinken in Antalya<\/b> durchf\u00fchren zu lassen.<\/p>\n<p><strong>Werft auch einen Blick auf die folgenden Beitr\u00e4ge:<\/strong><\/p>\n<ul>\n<li><b><a href=\"https:\/\/antalyatouristinformation.com\/de\/covid\/hes-code\/\">HES-Code in der T\u00fcrkei<\/a><\/b><\/li>\n<li><a href=\"https:\/\/antalyatouristinformation.com\/de\/covid\/covid-19-regeln\/\">Neueste Updates f\u00fcr Covid-19-Regeln in Antalya<\/a><\/li>\n<\/ul>\n","protected":false},"excerpt":{"rendered":"<p>Das ist unser Guide zum PCR-Test in Antalya. Wir beantworten euch hier die h\u00e4ufigsten Fragen zum PCR-Test in Antalya und geben euch hilfreiche Tipps. Werft danach einen Blick in unseren Beitrag \u00fcber die aktuellen Covid-19 Regeln in Antalya und unseren Guide \u00fcber den HES-Code in der T\u00fcrkei. Beginnen wir mit der wichtigsten Frage: Wo kann [&hellip;]<\/p>\n","protected":false},"author":5,"featured_media":5771,"parent":3384,"menu_order":0,"comment_status":"open","ping_status":"closed","template":"","meta":{"_acf_changed":false,"footnotes":""},"categories":[],"tags":[52],"class_list":["post-3000","page","type-page","status-publish","has-post-thumbnail","hentry","tag-covid-19","post-wrapper","thrv_wrapper"],"acf":[],"wp-worthy-pixel":{"ignored":false,"public":"4fa682701ecb435b88f9860dbe7d6561","server":"vg01.met.vgwort.de","url":"https:\/\/vg01.met.vgwort.de\/na\/4fa682701ecb435b88f9860dbe7d6561"},"wp-worthy-type":"normal","_links":{"self":[{"href":"https:\/\/antalyatouristinformation.com\/de\/wp-json\/wp\/v2\/pages\/3000","targetHints":{"allow":["GET"]}}],"collection":[{"href":"https:\/\/antalyatouristinformation.com\/de\/wp-json\/wp\/v2\/pages"}],"about":[{"href":"https:\/\/antalyatouristinformation.com\/de\/wp-json\/wp\/v2\/types\/page"}],"author":[{"embeddable":true,"href":"https:\/\/antalyatouristinformation.com\/de\/wp-json\/wp\/v2\/users\/5"}],"replies":[{"embeddable":true,"href":"https:\/\/antalyatouristinformation.com\/de\/wp-json\/wp\/v2\/comments?post=3000"}],"version-history":[{"count":10,"href":"https:\/\/antalyatouristinformation.com\/de\/wp-json\/wp\/v2\/pages\/3000\/revisions"}],"predecessor-version":[{"id":13915,"href":"https:\/\/antalyatouristinformation.com\/de\/wp-json\/wp\/v2\/pages\/3000\/revisions\/13915"}],"up":[{"embeddable":true,"href":"https:\/\/antalyatouristinformation.com\/de\/wp-json\/wp\/v2\/pages\/3384"}],"wp:featuredmedia":[{"embeddable":true,"href":"https:\/\/antalyatouristinformation.com\/de\/wp-json\/wp\/v2\/media\/5771"}],"wp:attachment":[{"href":"https:\/\/antalyatouristinformation.com\/de\/wp-json\/wp\/v2\/media?parent=3000"}],"wp:term":[{"taxonomy":"category","embeddable":true,"href":"https:\/\/antalyatouristinformation.com\/de\/wp-json\/wp\/v2\/categories?post=3000"},{"taxonomy":"post_tag","embeddable":true,"href":"https:\/\/antalyatouristinformation.com\/de\/wp-json\/wp\/v2\/tags?post=3000"}],"curies":[{"name":"wp","href":"https:\/\/api.w.org\/{rel}","templated":true}]}}