{"id":3002,"date":"2021-04-15T11:24:45","date_gmt":"2021-04-15T09:24:45","guid":{"rendered":"https:\/\/antalyatouristinformation.com\/clone4639485xzhehsskdjfhhdhebdkkekdeewsd4545gdfgm\/?page_id=3002"},"modified":"2022-03-11T08:35:35","modified_gmt":"2022-03-11T07:35:35","slug":"covid-19-regeln","status":"publish","type":"page","link":"https:\/\/antalyatouristinformation.com\/de\/covid\/covid-19-regeln\/","title":{"rendered":"Neueste Updates f\u00fcr Covid-19-Regeln in Antalya"},"content":{"rendered":"<p>Hier ist unser Guide zu den Covid-19-Regeln in der T\u00fcrkei und der Provinz Antalya.<\/p>\n<p>Ihr findet hier aktuelle Infos zum Coronavirus in der T\u00fcrkei und die neuesten Updates zu den geltenden Ma\u00dfnahmen und Einschr\u00e4nkungen, die landesweit sowie zus\u00e4tzlich in der Region Antalya gelten.<\/p>\n<p>Lasst uns beginnen!<\/p>\n<p><span><img decoding=\"async\" alt=\"Corona Hotels in Antalya in Turkey\" data-id=\"5784\" width=\"702\" data-init-width=\"1000\" height=\"468\" data-init-height=\"667\" title=\"Corona Hotels in Antalya in Turkey\" loading=\"lazy\" src=\"https:\/\/antalyatouristinformation.com\/de\/wp-content\/uploads\/sites\/10\/2021\/05\/Corona-Hotels-32.jpg\" data-width=\"702\" data-height=\"468\" data-pinpro-key=\"6kty56kb2\" data-pin-media=\"https:\/\/antalyatouristinformation.com\/de\/wp-content\/uploads\/sites\/10\/2021\/06\/Antalya-Pinterest-9.jpg\" data-pin-description=\"Aktuelle Covid-19-Regeln in Antalya | Antalya Tourist Information\" data-pin-url=\"https:\/\/antalyatouristinformation.com\/de\/covid\/covid-19-regeln\/?tve=true&amp;tcbf=29b100a66c\"><\/span><\/p>\n<p>Eine wichtige Rolle im Kampf gegen die Pandemie spielt die Covid-19-Impfstrategie der t\u00fcrkischen Regierung. Derzeit haben \u00fcber 85 % der t\u00fcrkischen Bev\u00f6lkerung ab 18 Jahren zwei Dosen des COVID-19-Impfstoffs erhalten.<\/p>\n<p>Das t\u00fcrkische Gesundheitsministerium hat die Provinzen der T\u00fcrkei in&nbsp;<strong>vier Risikozonen&nbsp;<\/strong>eingeteilt:&nbsp;<b><span>geringes Risiko<\/span><\/b>&nbsp;(blaue Zone),&nbsp;<b><span>mittleres Risiko<\/span><\/b>&nbsp;(gelbe Zone),&nbsp;<b><span>hohes Risiko<\/span><\/b>&nbsp;(orangefarbene Zone) und&nbsp;<b><span>sehr hohes Risiko<\/span><\/b> (rote Zone), die in einer farblich gekennzeichneten Impfkarte dargestellt sind. Die aktuelle Karte findet ihr auf der <a href=\"https:\/\/covid19.saglik.gov.tr\/\" target=\"_blank\" rel=\"noopener\">offiziellen Webseite der Regierung<\/a>.<\/p>\n<p>Mit \u00fcber <strong>81 % der Bev\u00f6lkerung<\/strong>, die derzeit mit zwei Dosen geimpft sind, wird<strong> Antalya vom t\u00fcrkischen Gesundheitsministerium als &#8222;blaue Zone&#8220;<\/strong> eingestuft, was ein &#8222;geringes Risiko&#8220; bedeutet.Zun\u00e4chst werfen wir einen Blick auf die allgemeinen Regeln, die in der gesamten T\u00fcrkei gelten. Danach werden wir uns speziell mit Antalya befassen.<\/p>\n<h2 id=\"t-1625124827250\" data-alt-text=\"Allgemeine Ma\u00dfnahmen in der T\u00fcrkei \">Allgemeine Ma\u00dfnahmen, die in der gesamten T\u00fcrkei gelten<\/h2>\n<p>Die meisten Regeln und Ma\u00dfnahmen von Covid 19, darunter der Lockdown, wurden im Laufe der Zeit aufgehoben, sodass<strong> <span style=\"color: var(--tcb-skin-color-0)\">der \u00fcberwiegende Teil der Dienstleistungen in der T\u00fcrkei wieder uneingeschr\u00e4nkt verf\u00fcgbar ist<\/span>.<\/strong> Die folgenden Regeln sind derzeit noch in Kraft:<\/p>\n<ul>\n<li><b>Maske:<\/b> In \u00f6ffentlichen Verkehrsmitteln, Flugzeugen, Krankenh\u00e4usern, Kinos, Theatern und geschlossenen R\u00e4umen mit unzureichender Luftzirkulation ist das Tragen einer Maske vorgeschrieben. Im Freien braucht ihr dagegen keine Maske mehr zu tragen.<\/li>\n<li><b>Abstandsregeln<\/b>: Abstandsregel von mindestens 3 Schritten zu anderen Personen (in \u00f6ffentlichen Bereichen).<\/li>\n<li><b>HES-Code:<\/b> Die Verwendung des &#8222;HES (<em>Hayat Eve Si\u011far<\/em>)-Codes&#8220; wurde in allen Einrichtungen und Beh\u00f6rden aufgehoben. Der HES-Code, der beim Ausf\u00fcllen des Einreiseformulars automatisch generiert wurde, ist seit M\u00e4rz 2022 f\u00fcr die Einreise ins Land nicht mehr erforderlich.<\/li>\n<\/ul>\n<p>Wer sich nicht an die geltenden Ma\u00dfnahmen und Beschr\u00e4nkungen h\u00e4lt, muss mit Geldstrafen rechnen.<\/p>\n<p><span><img decoding=\"async\" alt=\"Corona Hotels in Antalya in Turkey\" data-id=\"5789\" width=\"702\" data-init-width=\"1000\" height=\"468\" data-init-height=\"667\" title=\"Corona Hotels in Antalya in Turkey\" loading=\"lazy\" src=\"https:\/\/antalyatouristinformation.com\/de\/wp-content\/uploads\/sites\/10\/2021\/05\/Corona-Hotels-5.jpg\" data-width=\"702\" data-height=\"468\" data-pinpro-key=\"gg7ox1gbj\" data-pin-media=\"https:\/\/antalyatouristinformation.com\/de\/wp-content\/uploads\/sites\/10\/2021\/06\/Antalya-Pinterest-9.jpg\" data-pin-description=\"Aktuelle Covid-19-Regeln in Antalya | Antalya Tourist Information\" data-pin-url=\"https:\/\/antalyatouristinformation.com\/de\/covid\/covid-19-regeln\/?tve=true&amp;tcbf=29b100a66c\"><\/span><\/p>\n<h2 id=\"t-1625124827251\" data-alt-text=\"Zus\u00e4tzliche Ma\u00dfnahmen in Antalya\">Zus\u00e4tzliche Ma\u00dfnahmen in der Provinz Antalya<\/h2>\n<ul>\n<li>In der Provinz Antalya werden Hotels, Regierungsgeb\u00e4ude und Touristenattraktionen regelm\u00e4\u00dfig gegen das COVID-19 Virus <strong>desinfiziert<\/strong>. Dazu geh\u00f6rt das <a href=\"https:\/\/antalyatouristinformation.com\/de\/sehenswurdigkeiten\/geschichte\/hadrianstor\/\">Hadrianstor in Antalya<\/a>, die <a href=\"https:\/\/antalyatouristinformation.com\/de\/sehenswurdigkeiten\/geschichte\/antalya-kaleici\/\">historische Altstadt von Antalya Kalei\u00e7i<\/a>, die Stra\u00dfen und der H\u0131d\u0131rl\u0131k Turm.<\/li>\n<li>Etwa 400 Hotels in der Region Antalya haben das &#8222;<strong>Safe Tourism Zertifikat&#8220;<\/strong> vom t\u00fcrkischen Ministerium f\u00fcr Tourismus und Kultur erhalten. Seht hier eine Liste mit allen <a href=\"https:\/\/tga.gov.tr\/search-hotel-en\/?certificateType=4\" target=\"_blank\" rel=\"noopener\">Coronavirus zertifizierten Hotels in der T\u00fcrkei<\/a>.<\/li>\n<\/ul>\n<p><strong>Um zu verhindern, dass sich in- und ausl\u00e4ndische Besucher mit dem Coronavirus infizieren, wurde in den <\/strong><a href=\"https:\/\/antalyatouristinformation.com\/de\/hotel\/\"><strong>Hotels in Antalya <\/strong><\/a><strong>unter anderem folgende Sicherheitsvorkehrungen getroffen:&nbsp;<\/strong><\/p>\n<ul>\n<li>G\u00e4ste werden gebeten, <b>eine Maske zu tragen, sobald sie die Restaurants betreten und Essen holen<\/b>. Manchmal auch in geschlossenen \u00f6ffentlichen R\u00e4umen.<\/li>\n<li>Anstelle eines offenen Buffets gibt das <b>K\u00fcchenpersonal den G\u00e4sten das Essen aus<\/b>.<\/li>\n<li>\u00d6ffentliche Hotelbereiche wurden <b>entsprechend der Abstandsregeln umgestaltet.<\/b><\/li>\n<li>An der Rezeption sind kostenlose Masken erh\u00e4ltlich.<\/li>\n<li>Coronavirus zertifizierte Hotels <b>verwenden<\/b> die von den Gesundheitsbeh\u00f6rden und dem Ministerium f\u00fcr Kultur und Tourismus ver\u00f6ffentlichten<b> Standards f\u00fcr Hygiene, Sauberkeit und Sicherheit.<\/b><\/li>\n<li>Das <b>Hotelpersonal befolgt die Sicherheitsprotokolle<\/b>, die von den Gesundheitsbeh\u00f6rden vorgegeben werden.<\/li>\n<li><b>Desinfektionsmittel<\/b> sind in Schl\u00fcsselbereichen des Hotels zu finden.<\/li>\n<li>Vor dem Einchecken in das Hotel wird die <b>K\u00f6rpertemperatur gemessen<\/b>. In einigen Hotels wird das mit einem digitalen Thermometer durchgef\u00fchrt, bei anderen sind spezielle Messger\u00e4te mit Sensoren zu sehen. Manche Hotels f\u00fchren die Temperaturmessung wiederum verdeckter durch, damit die G\u00e4ste ihren Urlaub sicher genie\u00dfen k\u00f6nnen, aber nichts vom Urlaubsfeeling abhanden kommt. Sie setzen wiederum W\u00e4rmebildkameras ein.<\/li>\n<li>Die Hotelanlage und die Unterk\u00fcnfte werden <b>st\u00e4ndig desinfiziert<\/b>; ebenfalls st\u00e4ndig desinfiziert werden Teller, Gl\u00e4ser, Besteck etc.<\/li>\n<\/ul>\n<p><span><img decoding=\"async\" alt=\"Corona Hotels in Antalya in Turkey\" data-id=\"5790\" width=\"702\" data-init-width=\"1000\" height=\"383\" data-init-height=\"545\" title=\"Corona Hotels in Antalya in Turkey\" loading=\"lazy\" src=\"https:\/\/antalyatouristinformation.com\/de\/wp-content\/uploads\/sites\/10\/2021\/05\/Corona-Hotels-38.jpg\" data-width=\"702\" data-height=\"383\" data-pinpro-key=\"t5vejm51g\" data-pin-media=\"https:\/\/antalyatouristinformation.com\/de\/wp-content\/uploads\/sites\/10\/2021\/06\/Antalya-Pinterest-9.jpg\" data-pin-description=\"Aktuelle Covid-19-Regeln in Antalya | Antalya Tourist Information\" data-pin-url=\"https:\/\/antalyatouristinformation.com\/de\/covid\/covid-19-regeln\/?tve=true&amp;tcbf=29b100a66c\"><\/span><\/p>\n<p>Aus diesen Informationen k\u00f6nnt ihr erkennen, dass die t\u00fcrkische Regierung mit aller Sorgfalt auf die aktuelle Pandemie-Situation reagiert. Damit Besucher, die im Fr\u00fchling und im Sommer 2022 in die T\u00fcrkei und nach Antalya reisen, <strong>eine sch\u00f6nen, sorgenfreien Urlaub genie\u00dfen<\/strong> k\u00f6nnen, wurde eine Vielzahl <strong>an speziellen Ma\u00dfnahmen ergriffen<\/strong>.<\/p>\n<p>Hinterlasst uns gerne unten einen Kommentar oder Fragen zum Thema. Unser Team wird sein Bestes geben, um eure Fragen zu beantworten und eure Reise nach Antalya zu erleichtern.<\/p>\n<p><b>Vielleicht seid ihr auch an diesen Artikeln interessiert:<\/b><\/p>\n<ul>\n<li><a href=\"https:\/\/antalyatouristinformation.com\/de\/covid\/pcr-test\/\">Guide \u00fcber PCR-Tests in Antalya<\/a><\/li>\n<li><a href=\"https:\/\/antalyatouristinformation.com\/de\/covid\/hes-code\/\">Guide \u00fcber den HES-Code in der T\u00fcrkei<\/a><\/li>\n<li><a href=\"https:\/\/antalyatouristinformation.com\/de\/covid\/zertifizierte-hotels\/\">Guide \u00fcber Covid-19 zertifizierte Hotels in der T\u00fcrkei<\/a><\/li>\n<\/ul>\n","protected":false},"excerpt":{"rendered":"<p>Hier ist unser Guide zu den Covid-19-Regeln in der T\u00fcrkei und der Provinz Antalya. Ihr findet hier aktuelle Infos zum Coronavirus in der T\u00fcrkei und die neuesten Updates zu den geltenden Ma\u00dfnahmen und Einschr\u00e4nkungen, die landesweit sowie zus\u00e4tzlich in der Region Antalya gelten. Lasst uns beginnen! Eine wichtige Rolle im Kampf gegen die Pandemie spielt [&hellip;]<\/p>\n","protected":false},"author":5,"featured_media":5781,"parent":3384,"menu_order":0,"comment_status":"open","ping_status":"closed","template":"","meta":{"_acf_changed":false,"footnotes":""},"categories":[],"tags":[52],"class_list":["post-3002","page","type-page","status-publish","has-post-thumbnail","hentry","tag-covid-19","post-wrapper","thrv_wrapper"],"acf":[],"wp-worthy-pixel":{"ignored":false,"public":"a6fc6adbeab84485a10c39ca2abcd000","server":"vg01.met.vgwort.de","url":"https:\/\/vg01.met.vgwort.de\/na\/a6fc6adbeab84485a10c39ca2abcd000"},"wp-worthy-type":"normal","_links":{"self":[{"href":"https:\/\/antalyatouristinformation.com\/de\/wp-json\/wp\/v2\/pages\/3002","targetHints":{"allow":["GET"]}}],"collection":[{"href":"https:\/\/antalyatouristinformation.com\/de\/wp-json\/wp\/v2\/pages"}],"about":[{"href":"https:\/\/antalyatouristinformation.com\/de\/wp-json\/wp\/v2\/types\/page"}],"author":[{"embeddable":true,"href":"https:\/\/antalyatouristinformation.com\/de\/wp-json\/wp\/v2\/users\/5"}],"replies":[{"embeddable":true,"href":"https:\/\/antalyatouristinformation.com\/de\/wp-json\/wp\/v2\/comments?post=3002"}],"version-history":[{"count":10,"href":"https:\/\/antalyatouristinformation.com\/de\/wp-json\/wp\/v2\/pages\/3002\/revisions"}],"predecessor-version":[{"id":14433,"href":"https:\/\/antalyatouristinformation.com\/de\/wp-json\/wp\/v2\/pages\/3002\/revisions\/14433"}],"up":[{"embeddable":true,"href":"https:\/\/antalyatouristinformation.com\/de\/wp-json\/wp\/v2\/pages\/3384"}],"wp:featuredmedia":[{"embeddable":true,"href":"https:\/\/antalyatouristinformation.com\/de\/wp-json\/wp\/v2\/media\/5781"}],"wp:attachment":[{"href":"https:\/\/antalyatouristinformation.com\/de\/wp-json\/wp\/v2\/media?parent=3002"}],"wp:term":[{"taxonomy":"category","embeddable":true,"href":"https:\/\/antalyatouristinformation.com\/de\/wp-json\/wp\/v2\/categories?post=3002"},{"taxonomy":"post_tag","embeddable":true,"href":"https:\/\/antalyatouristinformation.com\/de\/wp-json\/wp\/v2\/tags?post=3002"}],"curies":[{"name":"wp","href":"https:\/\/api.w.org\/{rel}","templated":true}]}}