{"id":309,"date":"2021-02-15T14:50:36","date_gmt":"2021-02-15T13:50:36","guid":{"rendered":"http:\/\/antalyatouristinformation.com\/clone4639485xzhehsskdjfhhdhebdkkekdeewsd4545gdfgm\/?page_id=309"},"modified":"2023-02-28T15:39:10","modified_gmt":"2023-02-28T14:39:10","slug":"dim-cayi","status":"publish","type":"page","link":"https:\/\/antalyatouristinformation.com\/de\/sehenswurdigkeiten\/attraktionen\/dim-cayi\/","title":{"rendered":"Dim Fluss in Alanya: Lage und Tipps"},"content":{"rendered":"<p>Das ist unser kompletter Guide zum Dim Fluss.<\/p>\n<p>Nur 15 Kilometer von Antalya entfernt liegt der Dim Fluss, der eine willkommene Abwechslung vom Strandleben bietet.<\/p>\n<p>Der Fluss ist bekannt f\u00fcr seine Forellenzuchten, Rafting-M\u00f6glichkeiten und die Dim H\u00f6hle.<\/p>\n<p>Hier findet ihr alle wichtigen Informationen \u00fcber den Dim-Fluss, die ihr vor eurem Besuch kennen solltet. Dazu z\u00e4hlen Anfahrt, Eintritt sowie Aktivit\u00e4ten am Fluss.<\/p>\n<p><span><img decoding=\"async\" alt=\"Dimcay in Alanya in Antalya in Turkey\" data-id=\"5226\" width=\"702\" data-init-width=\"1000\" height=\"468\" data-init-height=\"667\" title=\"Dimcay in Alanya in Antalya in Turkey\" loading=\"lazy\" src=\"https:\/\/antalyatouristinformation.com\/de\/wp-content\/uploads\/sites\/10\/2021\/04\/Dimcay-in-Alanya-in-Antalya-in-Turkey.jpg\" data-width=\"702\" data-height=\"468\" data-pin-media=\"https:\/\/antalyatouristinformation.com\/de\/wp-content\/uploads\/sites\/10\/2021\/06\/prag_50_sehenswuerdigkeiten_pinterest-24.jpg\" data-pin-description=\"Visit Dim \u00c7ay\u0131 in Alanya, Turkey | Antalya Tourist Information\" data-pin-url=\"https:\/\/antalyatouristinformation.com\/de\/sehenswurdigkeiten\/attraktionen\/dim-cayi\/?tve=true&amp;tcbf=d3233f18a0\" data-pinpro-key=\"7trxoj7iu\"><\/span><\/p>\n<h2 id=\"t-1625339995366\" data-alt-text=\"Was kann ich dort machen?\">Was kann ich am Dim Fluss machen?<\/h2>\n<p>Der Dim \u00c7ay\u0131 entspringt in den Ausl\u00e4ufern des Taurusgebirges, ist 60 Kilometer lang und m\u00fcndet ins Mittelmeer. Hier findet ihr ein paar Tipps f\u00fcr Aktivit\u00e4ten an und auf dem Fluss.<\/p>\n<p><b>Restaurants und Picknick Gebiete:<\/b><\/p>\n<p>Am Dim Fluss k\u00f6nnt ihr gut im Gr\u00fcnen Picknick machen und euch von der Sommerhitze erholen. Es gibt hier zahlreiche Restaurants, Caf\u00e9s, Teeg\u00e4rten, die Pavillons als Sonnenschutz haben. Teilweise stehen die Tische und B\u00e4nke der Restaurants in dem Fluss. Ber\u00fchmt sind die frischen Forellen, die hier gez\u00fcchtet werden.<\/p>\n<p><b>Schwimmen im Fluss: <\/b><\/p>\n<p>Ihr k\u00f6nnt in den k\u00fcnstlichen Becken schwimmen, die mit dem Wasser aus dem Fluss gef\u00fcllt sind. Oft findet ihr hier auch Rutschen. Am besten, ihr kommt zeitig, denn es kann sehr voll werden.<\/p>\n<p><b>Rafting auf dem Dim Fluss: <\/b><\/p>\n<p>M\u00f6chtet ihr Rafting ausprobieren? In den oberen Teilen des Flusses ist das m\u00f6glich. Die Rafting-Touren dauern ja nach Wasserstand des Flusses etwa 1 bis 2 Stunden und starten bei den Alraft-Einrichtungen. Fahrt 5 Kilometer weiter, dann kommt ihr zu dem gro\u00dfen, schattigen Areal unter den B\u00e4umen. Hier k\u00f6nnt ihr auch Bogenschie\u00dfen und Reiten oder euch in einem der Restaurants ausruhen.<\/p>\n<p><b>Besucht die D\u00f6rfer in der Umgebung des Dim Flusses: <\/b><\/p>\n<p>Die Dim-D\u00f6rfer liegen in einer wundervollen Naturlandschaft. Lokale Reiseveranstalter organisieren Trekking- und Safari-Touren zu den D\u00f6rfern am Fluss.<\/p>\n<p><b>Besucht die Dim H\u00f6hle:<\/b><\/p>\n<p>Die Dim-H\u00f6hle ist die zweitgr\u00f6\u00dfte H\u00f6hle in der T\u00fcrkei, die f\u00fcr Besuche ge\u00f6ffnet ist. In der H\u00f6hle seht ihr Formationen von Stalaktiten, Stalagmiten und Travertins. Am Ende der H\u00f6hle befindet sich ein kleiner See mit 200 m2 Wasseroberfl\u00e4che. Bei einem Besuch der Dim H\u00f6hle habt ihr einen atemberaubenden Ausblick auf den Fluss und die Natur.<\/p>\n<p><b>Hier findet ihr mehr Informationen zu der <\/b><a href=\"https:\/\/antalyatouristinformation.com\/de\/sehenswurdigkeiten\/hohle\/dim\/\"><b>Dim H\u00f6hle<\/b><\/a><b>.&nbsp;<\/b><\/p>\n<p><span><img decoding=\"async\" alt=\"Dimcay in Alanya in Antalya in Turkey\" data-id=\"5229\" width=\"702\" data-init-width=\"1200\" height=\"468\" data-init-height=\"800\" title=\"Dimcay in Alanya in Antalya in Turkey\" loading=\"lazy\" src=\"https:\/\/antalyatouristinformation.com\/de\/wp-content\/uploads\/sites\/10\/2021\/04\/Dimcay-in-Alanya-in-Antalya-in-Turkey-4.jpg\" data-width=\"702\" data-height=\"468\" data-pin-media=\"https:\/\/antalyatouristinformation.com\/de\/wp-content\/uploads\/sites\/10\/2021\/06\/prag_50_sehenswuerdigkeiten_pinterest-24.jpg\" data-pin-description=\"Visit Dim \u00c7ay\u0131 in Alanya, Turkey | Antalya Tourist Information\" data-pin-url=\"https:\/\/antalyatouristinformation.com\/de\/sehenswurdigkeiten\/attraktionen\/dim-cayi\/?tve=true&amp;tcbf=d3233f18a0\" data-pinpro-key=\"1tcfum9se\"><\/span><\/p>\n<h2 id=\"t-1619791466710\">Eintritt, Tickets und Touren<\/h2>\n<ul>\n<li><span><strong>Eintritt:<\/strong> Der Zugang zu dem Dim Fluss kostet keinen Eintritt. Das es in den Sommermonaten recht voll wird, empfehlen wir euch, rechtzeitig zu kommen, damit ihr einen sch\u00f6nen Platz findet.<\/span><\/li>\n<li><span><strong>\u00d6ffnungszeiten:&nbsp;<\/strong>Die Restaurants am Dim Fluss sind t\u00e4glich ge\u00f6ffnet. Sie schlie\u00dfen in der Regel gegen 22:00 Uhr.<\/span><\/li>\n<li><span><strong>Touren:<\/strong> Touren k\u00f6nnt ihr mit einem privaten F\u00fchrer in Alanya buchen. F\u00fcr n\u00e4here Informationen kontaktiert einfach unser Team.<\/span><\/li>\n<\/ul>\n<ul>\n<li><span><strong>Tipp:<\/strong> Falls ihr Tickets f\u00fcr Vergn\u00fcgungsparks, Museen und Touren f\u00fcr eure Antalya-Reise vorab buchen m\u00f6chtet, solltet ihr unbedingt einen Blick auf die Angebote in unserem offiziellen Shop werfen.<\/span><\/li>\n<\/ul>\n<p><span><img decoding=\"async\" alt=\"Dimcay in Alanya in Antalya in Turkey\" data-id=\"5230\" width=\"702\" data-init-width=\"1000\" height=\"468\" data-init-height=\"667\" title=\"Dimcay in Alanya in Antalya in Turkey\" loading=\"lazy\" src=\"https:\/\/antalyatouristinformation.com\/de\/wp-content\/uploads\/sites\/10\/2021\/04\/Dimcay-in-Alanya-in-Antalya-in-Turkey-2.jpg\" data-width=\"702\" data-height=\"468\" data-pin-media=\"https:\/\/antalyatouristinformation.com\/de\/wp-content\/uploads\/sites\/10\/2021\/06\/prag_50_sehenswuerdigkeiten_pinterest-24.jpg\" data-pin-description=\"Visit Dim \u00c7ay\u0131 in Alanya, Turkey | Antalya Tourist Information\" data-pin-url=\"https:\/\/antalyatouristinformation.com\/de\/sehenswurdigkeiten\/attraktionen\/dim-cayi\/?tve=true&amp;tcbf=d3233f18a0\" data-pinpro-key=\"yfd1rufon\"><\/span><\/p>\n<h2 id=\"t-1625339995367\" data-alt-text=\"Anfahrt\">Wie komme ich zum Dim Fluss?<\/h2>\n<p>Ihr k\u00f6nnt den Dim-Fluss entweder mit dem Auto oder mit dem Bus erreichen.<\/p>\n<p><b>Auto:<\/b> Der Fluss liegt 15 Kilometer vom Zentrum Alanyas entfernt. Ihr fahrt in Richtung Gazipa\u015fa \u2013 Mersin. Die Kreuzung, an der ihr abbiegen m\u00fcsst, liegt in der Region, in der der Fluss ins Meer m\u00fcndet. Von dort aus folgt ihr den Schildern in Richtung Norden.<\/p>\n<p><b>Mietwagen:<\/b> Falls ihr ein Auto mieten m\u00f6chtet, findet ihr hier alle wichtigen Informationen \u00fcber <a href=\"https:\/\/antalyatouristinformation.com\/de\/plan\/mietwagen\/\">Autovermietung<\/a> in Alanya und Antalya.<\/p>\n<p><b>Bus:<\/b> Vom Hafen in der Altstadt von Alanya abf\u00e4hrt f\u00e4hrt die Buslinie 10 ab, mit der ihr zum Dim Cay\u0131 gelangen k\u00f6nnt.<\/p>\n<h2 id=\"t-1619791466712\" data-alt-text=\"FAQ\">FAQ&nbsp;<\/h2>\n<h2 id=\"t-1625339995368\" data-alt-text=\"Geschichte \">Geschichte des Dim Flusses<\/h2>\n<p><span><img decoding=\"async\" alt=\"Dim River in Antalya in Turkey\" data-id=\"1417\" width=\"702\" data-init-width=\"1000\" height=\"470\" data-init-height=\"670\" title=\"Dim River in Antalya in Turkey\" loading=\"lazy\" src=\"https:\/\/antalyatouristinformation.com\/de\/wp-content\/uploads\/sites\/10\/2021\/03\/dim-river-in-antalya.jpg\" data-width=\"702\" data-height=\"470\" data-pin-media=\"https:\/\/antalyatouristinformation.com\/de\/wp-content\/uploads\/sites\/10\/2021\/06\/prag_50_sehenswuerdigkeiten_pinterest-24.jpg\" data-pin-description=\"Visit Dim \u00c7ay\u0131 in Alanya, Turkey | Antalya Tourist Information\" data-pin-url=\"https:\/\/antalyatouristinformation.com\/de\/sehenswurdigkeiten\/attraktionen\/dim-cayi\/?tve=true&amp;tcbf=d3233f18a0\" data-pinpro-key=\"5d7zm0fqi\"><\/span><\/p>\n<p>Der Dim Fluss gilt als die Lebensader von Alanya, da er den Wasserbedarf von Alanya deckt. Der Fluss entspringt im Dorf Alakise an den Ausl\u00e4ufern des Taurusgebirges und m\u00fcndet nach 60 Kilometern in der N\u00e4he der St\u00e4dte Kestel und Tosmur in S\u00fcden von Alanya ins Meer.<\/p>\n<p>Rund um den Dim Fluss gibt es etwa 14-15 Siedlungen. Die Orte nennt man die Dim-D\u00f6rfer. Das Tal, das durch den Fluss geteilt wird, hei\u00dft Dim-Tal. Wegen seiner herrlichen Natur, dem Gr\u00fcn und der angenehmen K\u00fchle im Sommer ist es f\u00fcr den Tourismus sehr bedeutend.<\/p>\n<h2 id=\"t-1619791466714\" data-alt-text=\"Kontakt\">Kontakt:<\/h2>\n<ul>\n<li><span><strong>Adresse:&nbsp;<\/strong>Dim\u00e7ay\u0131 07400 Alanya\/Antalya<\/span><\/li>\n<li><span><strong>\u00d6ffnungszeiten:&nbsp;<\/strong>die Lokale an dem Fluss sind t\u00e4glich ge\u00f6ffnet.<\/span><\/li>\n<li><span><strong>\u00d6ffentlicher Verkehr:&nbsp;<\/strong>Bus, Minibus von Alanya<\/span><\/li>\n<\/ul>\n","protected":false},"excerpt":{"rendered":"<p>Das ist unser kompletter Guide zum Dim Fluss. Nur 15 Kilometer von Antalya entfernt liegt der Dim Fluss, der eine willkommene Abwechslung vom Strandleben bietet. Der Fluss ist bekannt f\u00fcr seine Forellenzuchten, Rafting-M\u00f6glichkeiten und die Dim H\u00f6hle. Hier findet ihr alle wichtigen Informationen \u00fcber den Dim-Fluss, die ihr vor eurem Besuch kennen solltet. Dazu z\u00e4hlen [&hellip;]<\/p>\n","protected":false},"author":4,"featured_media":5224,"parent":117,"menu_order":0,"comment_status":"open","ping_status":"closed","template":"","meta":{"_acf_changed":false,"footnotes":""},"categories":[],"tags":[36],"class_list":["post-309","page","type-page","status-publish","has-post-thumbnail","hentry","tag-attraction","post-wrapper","thrv_wrapper"],"acf":[],"wp-worthy-pixel":{"ignored":false,"public":null,"server":null,"url":null},"wp-worthy-type":"normal","_links":{"self":[{"href":"https:\/\/antalyatouristinformation.com\/de\/wp-json\/wp\/v2\/pages\/309","targetHints":{"allow":["GET"]}}],"collection":[{"href":"https:\/\/antalyatouristinformation.com\/de\/wp-json\/wp\/v2\/pages"}],"about":[{"href":"https:\/\/antalyatouristinformation.com\/de\/wp-json\/wp\/v2\/types\/page"}],"author":[{"embeddable":true,"href":"https:\/\/antalyatouristinformation.com\/de\/wp-json\/wp\/v2\/users\/4"}],"replies":[{"embeddable":true,"href":"https:\/\/antalyatouristinformation.com\/de\/wp-json\/wp\/v2\/comments?post=309"}],"version-history":[{"count":10,"href":"https:\/\/antalyatouristinformation.com\/de\/wp-json\/wp\/v2\/pages\/309\/revisions"}],"predecessor-version":[{"id":14818,"href":"https:\/\/antalyatouristinformation.com\/de\/wp-json\/wp\/v2\/pages\/309\/revisions\/14818"}],"up":[{"embeddable":true,"href":"https:\/\/antalyatouristinformation.com\/de\/wp-json\/wp\/v2\/pages\/117"}],"wp:featuredmedia":[{"embeddable":true,"href":"https:\/\/antalyatouristinformation.com\/de\/wp-json\/wp\/v2\/media\/5224"}],"wp:attachment":[{"href":"https:\/\/antalyatouristinformation.com\/de\/wp-json\/wp\/v2\/media?parent=309"}],"wp:term":[{"taxonomy":"category","embeddable":true,"href":"https:\/\/antalyatouristinformation.com\/de\/wp-json\/wp\/v2\/categories?post=309"},{"taxonomy":"post_tag","embeddable":true,"href":"https:\/\/antalyatouristinformation.com\/de\/wp-json\/wp\/v2\/tags?post=309"}],"curies":[{"name":"wp","href":"https:\/\/api.w.org\/{rel}","templated":true}]}}