{"id":311,"date":"2021-02-15T14:50:58","date_gmt":"2021-02-15T13:50:58","guid":{"rendered":"http:\/\/antalyatouristinformation.com\/clone4639485xzhehsskdjfhhdhebdkkekdeewsd4545gdfgm\/?page_id=311"},"modified":"2023-02-28T15:29:16","modified_gmt":"2023-02-28T14:29:16","slug":"olympos","status":"publish","type":"page","link":"https:\/\/antalyatouristinformation.com\/de\/sehenswurdigkeiten\/strand\/olympos\/","title":{"rendered":"Olympos Strand in Cirali: Guide mit Tipps, Anfahrt &amp; mehr"},"content":{"rendered":"<h3>Hier ist unser kompletter Guide zum Olympos Strand in Antalya.<\/h3>\n<p>Inmitten eines Naturschutzgebiets gelegen, begeistert der Kieselstrand mit seinem klaren Meer, seiner Vegetation und antiken Ruinen.<\/p>\n<p>Kein Wunder, dass der Strand im \u00d6kotourismus-Gebiet \u00c7iral\u0131 vor allem bei Natur- und Geschichtsliebhabern so beliebt ist.<\/p>\n<p>Erfahrt in diesem Guide was euch bei eurem Besuch des Olympos Strandes erwartet. Ihr lest auch \u00fcber Hotels und <a href=\"https:\/\/antalyatouristinformation.com\/de\/sehenswurdigkeiten\/attraktionen\/\">Attraktionen <\/a>in der N\u00e4he sowie hilfreiche Ausk\u00fcnfte zu Anfahrt und Eintritt.<\/p>\n<p>Los geht\u2019s!<\/p>\n<p><span><img decoding=\"async\" alt=\"Olympos ancient city in Antalya in Turkey\" data-id=\"2185\" width=\"702\" data-init-width=\"1000\" height=\"468\" data-init-height=\"667\" title=\"Olympos ancient city in Antalya in Turkey\" src=\"\/\/antalyatouristinformation.com\/de\/wp-content\/uploads\/sites\/10\/2021\/04\/Olympos-ancient-city-in-Antalya-in-Turkey.jpg\" data-width=\"702\" data-height=\"468\" loading=\"lazy\" data-pin-media=\"https:\/\/antalyatouristinformation.com\/de\/wp-content\/uploads\/sites\/10\/2021\/07\/antalya-deutsch-pinterest-2-25.jpg\" data-pin-description=\"Guide to Olympos Beach in Antalya | Antalya Tourist Information\" data-pin-url=\"https:\/\/antalyatouristinformation.com\/de\/things-to-do\/beach\/olympos\/?tve=true&amp;tcbf=1f0c2dc9db\" data-pinpro-key=\"i2d0bytsp\"><\/span><\/p>\n<h2 id=\"t-1624877604604\" data-alt-text=\"Was kann ich machen?\">Was kann ich am Olympos Strand machen?<\/h2>\n<p>Der Olympos Strand ist ein naturbelassener Kieselstrand neben der antiken Stadt Olympos.<\/p>\n<p>Zu den tierischen Bewohnern der Natur-Oase geh\u00f6ren die Meeresschildkr\u00f6ten Caretta Caretta. Sie legen am Strand ihre Eier ab, weswegen der Olympos Strand heute unter Naturschutz steht.<\/p>\n<p>Das macht den Olympos Strand vor allem f\u00fcr Naturliebhaber interessant. Ihr k\u00f6nnt hier inmitten eines Naturschutzgebiets im klaren Meer baden und die Abgeschiedenheit bei Tag genie\u00dfen. Falls ihr euch f\u00fcr Geschichte interessiert, werden euch die vielen Ruinen aus der Antike begeistern.<\/p>\n<p>Ihr trefft am <a href=\"https:\/\/antalyatouristinformation.com\/de\/sehenswurdigkeiten\/strand\/\">Strand <\/a>vor allem auf \u00d6ko-Touristen, Alternativ-Urlauber, Backpacker und Hippies. Seit einigen Jahren ist der Olympos Strand aber auch ein zunehmend beliebtes Ziel von Paaren und Familien.<\/p>\n<p>Ein Nachteil ist, dass es am Strand keine Duschen, Umkleidekabinen, Sonnenschirme oder Liegen gibt.<\/p>\n<p>Daf\u00fcr findet ihr am kilometerlangen Schotterstrand einige Restaurants, die Gerichte mit Gem\u00fcse aus dem eigenen Anbau servieren. Es gibt auch Verk\u00e4ufer, die direkt am Strand Erfrischungen und frische Muscheln verkaufen.<\/p>\n<p>F\u00fcr Unterhaltung am Abend sorgen die zahlreichen Bars, Caf\u00e9s und Pubs. Dank ihnen kommt das <a href=\"https:\/\/antalyatouristinformation.com\/de\/nightlife\/\">Nightlife <\/a>im \u00d6kotourismus-Gebiet \u00c7iral\u0131 nicht zu kurz. Eine ausgelassene Stimmung findet ihr abends auch meist am Strand selbst \u2013 gerne auch mit Lagerfeuer.<\/p>\n<p><span><img decoding=\"async\" alt=\"Olympos Beach in Cirali in Kemer in Antalya in Turkey\" data-id=\"5068\" width=\"702\" data-init-width=\"1000\" height=\"468\" data-init-height=\"667\" title=\"Olympos Beach in Cirali in Kemer in Antalya in Turkey\" loading=\"lazy\" src=\"https:\/\/antalyatouristinformation.com\/de\/wp-content\/uploads\/sites\/10\/2021\/04\/Olympos-Beach-in-Cirali-in-Kemer-in-Antalya-in-Turkey-6.jpg\" data-width=\"702\" data-height=\"468\" data-pin-media=\"https:\/\/antalyatouristinformation.com\/de\/wp-content\/uploads\/sites\/10\/2021\/07\/antalya-deutsch-pinterest-2-25.jpg\" data-pin-description=\"Guide to Olympos Beach in Antalya | Antalya Tourist Information\" data-pin-url=\"https:\/\/antalyatouristinformation.com\/de\/things-to-do\/beach\/olympos\/?tve=true&amp;tcbf=1f0c2dc9db\" data-pinpro-key=\"q9j4thoam\"><\/span><\/p>\n<h3>Attraktionen in der N\u00e4he<\/h3>\n<p>Die zweifellos ber\u00fchmteste Sehensw\u00fcrdigkeit in der N\u00e4he des Olympos Strandes sind die Ruinen der antiken Hafenstadt Olympos. Sobald ihr dem glasklaren Bach Akca folgt, k\u00f6nnt ihr vom Strand dorthin wandern.<\/p>\n<p>Mehr dazu erfahrt ihr in unserem Guide \u00fcber die <a href=\"https:\/\/antalyatouristinformation.com\/de\/sehenswurdigkeiten\/geschichte\/olympos\/\">antike Stadt Olympos in Antalya<\/a>.<\/p>\n<p>Der Olympos Strand ist auch Teil des historischen Wanderwegs \u201e<a href=\"https:\/\/antalyatouristinformation.com\/de\/sehenswurdigkeiten\/attraktionen\/lykischer-weg\/\">Lykischer Weg<\/a>\u201c. Deshalb k\u00f6nnt ihr hier auch gut einen Wanderausflug einlegen.<\/p>\n<p>Sehenswert ist die \u201eEwige Flamme\u201c <a href=\"https:\/\/antalyatouristinformation.com\/de\/sehenswurdigkeiten\/geschichte\/yanartas-chimaera\/\">Yanartas Chimeira in Cirali<\/a>, die etwa 8 Kilometer vom Strand entfernt liegt.<\/p>\n<p>Gro\u00dfer Beliebtheit erfreuen sich die Baumh\u00e4user in der Umgebung. Sie sind eine interessante Abwechslung zu typischen Hotels, Bungalows und Pensionen. Ihr findet vor Ort auch Campingpl\u00e4tze.<\/p>\n<p>Ein beliebtes Ausflugsziel ist der <a href=\"https:\/\/antalyatouristinformation.com\/de\/sehenswurdigkeiten\/canyon\/koprulu\/\">K\u00f6pr\u00fcl\u00fc Canyon<\/a>, der sich f\u00fcr ein Rafting-Abenteuer anbietet. Die Pensionen vor Ort bieten in der Regel weitere Sportaktivit\u00e4ten an. Dazu geh\u00f6ren Besch\u00e4ftigungen wie Klettern und Wandern im K\u00fcstengebirge oder Tauchen, Bungee-Jumping, Mountainbike Fahren, Paragliding und Yoga.<\/p>\n<p><span><img decoding=\"async\" alt=\"Olympos Beach in Cirali in Kemer in Antalya in Turkey\" data-id=\"5070\" width=\"702\" data-init-width=\"1000\" height=\"468\" data-init-height=\"667\" title=\"Olympos Beach in Cirali in Kemer in Antalya in Turkey\" src=\"https:\/\/antalyatouristinformation.com\/de\/wp-content\/uploads\/sites\/10\/2021\/04\/Olympos-Beach-in-Cirali-in-Kemer-in-Antalya-in-Turkey-4.jpg\" data-width=\"702\" data-height=\"468\" loading=\"lazy\" data-pin-media=\"https:\/\/antalyatouristinformation.com\/de\/wp-content\/uploads\/sites\/10\/2021\/07\/antalya-deutsch-pinterest-2-25.jpg\" data-pin-description=\"Guide to Olympos Beach in Antalya | Antalya Tourist Information\" data-pin-url=\"https:\/\/antalyatouristinformation.com\/de\/things-to-do\/beach\/olympos\/?tve=true&amp;tcbf=1f0c2dc9db\" data-pinpro-key=\"yqlb6pp3u\"><\/span><\/p>\n<h2 id=\"t-1624877604605\" data-alt-text=\"Eintritt, Tickets &amp; F\u00fchrungen\">Eintritt, Tickets und F\u00fchrungen<\/h2>\n<ul>\n<li><span><strong><b>Eintritt:<\/b> <\/strong>Der Olympos Strand befindet sich auf dem Areal der antiken Stadt Olympos. Daher k\u00f6nnt ihr den Strand nur mit einer Eintrittskarte f\u00fcr die antike Stadt Olympos besuchen. <strong>Inhaber eines Museumspass Akdeniz genie\u00dfen freien Eintritt.<\/strong><\/span><\/li>\n<li><span><strong>Tickets:<\/strong> Tickets f\u00fcr die antike Stadt Olympos gibt es an der Ticketkasse vor Ort. Von der Ticketkasse bis zum Strand sind es einige hundert Meter zu Fu\u00df.&nbsp;<\/span><\/li>\n<\/ul>\n<ul>\n<li><span><strong><b>Tipp:<\/b> <\/strong>Falls ihr Tickets f\u00fcr Vergn\u00fcgungsparks, Museen und Touren f\u00fcr eure Antalya-Reise vorab buchen m\u00f6chtet, solltet ihr unbedingt einen Blick auf die Angebote in unserem offiziellen Shop werfen:<\/span><\/li>\n<\/ul>\n<p><span><img decoding=\"async\" alt=\"Olympos Ancient Greek city in Antalya\" data-id=\"2189\" width=\"702\" data-init-width=\"1000\" height=\"468\" data-init-height=\"667\" title=\"Olympos Ancient Greek city in Antalya\" src=\"\/\/antalyatouristinformation.com\/de\/wp-content\/uploads\/sites\/10\/2021\/04\/Olympos-Ancient-Greek-city-in-Antalya.jpg\" data-width=\"702\" data-height=\"468\" loading=\"lazy\" data-pin-media=\"https:\/\/antalyatouristinformation.com\/de\/wp-content\/uploads\/sites\/10\/2021\/07\/antalya-deutsch-pinterest-2-25.jpg\" data-pin-description=\"Guide to Olympos Beach in Antalya | Antalya Tourist Information\" data-pin-url=\"https:\/\/antalyatouristinformation.com\/de\/things-to-do\/beach\/olympos\/?tve=true&amp;tcbf=1f0c2dc9db\" data-pinpro-key=\"ev0g9rv14\"><\/span><\/p>\n<h2 id=\"t-1624877604606\" data-alt-text=\"Wie komme ich zum Strand?\">Wie komme ich zum Olympos Strand?<\/h2>\n<p>Der Olympos Strand liegt im Landkreis Kumluca bei \u00c7\u0131ral\u0131 in der Region Antalya. Er befindet sich auf dem Areal der antiken Stadt Olympos, etwa 28 Kilometer von Kemer entfernt.<\/p>\n<ul>\n<li><b>Mit dem \u00f6ffentlichen Verkehr:<\/b> Wer von Antalya aus mit dem <a href=\"https:\/\/antalyatouristinformation.com\/de\/offentlicher-verkehr\/\">\u00f6ffentlichen Verkehr <\/a>anreisen m\u00f6chte, nimmt am besten die Busse oder Minibusse (Dolmu\u015f), die vom Busbahnhof Antalya abfahren und in Richtung &#8222;Kumluca-Fethiye&#8220; fahren. Steigt bei der Station Olympos aus.<\/li>\n<li><b>Vom <b><a href=\"https:\/\/antalyatouristinformation.com\/de\/plan\/antalya-flughafen\/\">Flughafen Antalya<\/a><b>:<\/b><\/b><\/b> Am einfachsten erreicht ihr den Olympos Strand mit einem Shuttle-Bus.<\/li>\n<li><b>Mit dem Auto:<\/b> Eine gute Alternative ist die Anreise mit einem Mietwagen. Vor Ort gibt es kostenfreie Parkpl\u00e4tze. <strong>Mehr dazu:<\/strong><a href=\"https:\/\/antalyatouristinformation.com\/de\/plan\/mietwagen\/\">Mietwagen in Antalya<\/a>.<\/li>\n<\/ul>\n<h2 id=\"t-1619540069817\" data-alt-text=\"FAQ\">FAQ (H\u00e4ufige Fragen)<\/h2>\n<h2 id=\"t-1624877604607\" data-alt-text=\"Hotels \">Hotels rund um Olympos Strand<\/h2>\n<p>Die Gegend um Olympos ist f\u00fcr \u00f6kologische, familiengef\u00fchrte Unterk\u00fcnfte bekannt. Seht hier die beliebtesten Hotels, Pensionen, Baumh\u00e4user und Bungalows in der Gegend.<\/p>\n<p><b>1. \u00c7\u0131ral\u0131 Hera Hotel:<\/b> Das \u00c7\u0131ral\u0131 Hera Hotel liegt 6 Minuten zu Fu\u00df vom Olympos Strand entfernt. Das 4-Sterne-Hotel beeindruckt mit seiner Natur und luxuri\u00f6sen Bungalows. <u>Adresse:<\/u> Ulup\u0131nar Mah, \u00c7\u0131ral\u0131 Sk No:473\/1, 07982 Kemer\/Antalya<\/p>\n<p><b>2. Caretta Caretta Pension:<\/b> Die familienfreundliche Pension liegt nur 650 m vom Olympos Strand entfernt. Die komfortablen Holzh\u00e4user mit Balkon und H\u00e4ngematte befinden sich in einer sch\u00f6nen Umgebung, die mit einer Vielzahl von Obstb\u00e4umen bezaubert. <u>Adresse<\/u>: Ulup\u0131nar, \u00c7\u0131ral\u0131 Sk No. 465, 07980 Kemer\/Antalya<\/p>\n<p><b>3. Bayrams Tree Houses:<\/b> Falls ihr eine au\u00dfergew\u00f6hnliche Unterkunft sucht, ist Bayrams Tree Houses genau das Richtige. Es ist eines der beliebtesten Baumh\u00e4user in der Gegend. Bayrams Tree Houses liegt 1 km vom Olympos Strand und 100 m von den Ruinen von Olympos entfernt.&nbsp; <u>Adresse:<\/u> Bayrams Tree Houses Yaz\u0131r, Kumluca, Antalya<\/p>\n<p><b>4. Villa Efsane Hotel Apart Bungalow<\/b>: Villa Efsane Hotel Apart Bungalow eignet sich f\u00fcr Besucher, die eine friedliche und ruhige Unterkunft suchen.&nbsp; <u>Adresse:<\/u> Ulup\u0131nar, \u00c7\u0131ral\u0131 Sk 195\/10, 07980 Kemer\/Antalya<\/p>\n<p><span><img decoding=\"async\" alt=\"Ruins of Olympos in Antalya in Turkey\" data-id=\"2191\" width=\"702\" data-init-width=\"1000\" height=\"468\" data-init-height=\"667\" title=\"Ruins of Olympos in Antalya in Turkey\" src=\"\/\/antalyatouristinformation.com\/de\/wp-content\/uploads\/sites\/10\/2021\/04\/Ruins-of-Olympos-in-Antalya-in-Turkey.jpg\" data-width=\"702\" data-height=\"468\" loading=\"lazy\" data-pin-media=\"https:\/\/antalyatouristinformation.com\/de\/wp-content\/uploads\/sites\/10\/2021\/07\/antalya-deutsch-pinterest-2-25.jpg\" data-pin-description=\"Guide to Olympos Beach in Antalya | Antalya Tourist Information\" data-pin-url=\"https:\/\/antalyatouristinformation.com\/de\/things-to-do\/beach\/olympos\/?tve=true&amp;tcbf=1f0c2dc9db\" data-pinpro-key=\"ivtmqi2fn\"><\/span><\/p>\n<h2 id=\"t-1624877604608\" data-alt-text=\"Geschichte \">Geschichte des Olympos Strandes<\/h2>\n<p>Der Olympos Strand kann auf eine lange Geschichte zur\u00fcckblicken.<\/p>\n<p>Vor Jahrhunderten war der Strand als Piratenhochburg bekannt, weswegen das Gebiet gemieden wurde.<\/p>\n<p>Nachdem der Olympos Strand Schauplatz ber\u00fchmter Filme wie \u201eOdysseus\u201c und \u201eJason und die Argonauten\u201c war, wurde der Ort immer beliebter.<\/p>\n<p>In den 1970er Jahren war der Strand vor allem bei Hippies beliebt.<\/p>\n<p>Seit 1972 steht der Olympos Strand unter Naturschutz. Grund daf\u00fcr ist die Meeresschildkr\u00f6te Caretta Caretta, die am Strand ihre Eier ablegt. Dank eines F\u00f6rderungsprojekts der Natur- und Umweltschutzorganisation WWF wurde der K\u00fcstenabschnitt nur behutsam f\u00fcr den Tourismus erschlossen.<\/p>\n<p>Aus diesem Grund gibt es vor Ort auch keine gro\u00dfen Hotels, sondern kleine Hostels, Pensionen, Bungalows und familiengef\u00fchrte Hotels.<\/p>\n<h2 id=\"t-1619540069820\">Kontakt<\/h2>\n<ul>\n<li><span><strong>Adresse:&nbsp;<\/strong>Olympos Beach, Ulup\u0131nar, Kumluca \/ Antalya<\/span><\/li>\n<li><span><strong>\u00d6ffnungszeiten:&nbsp;<\/strong><a href=\"https:\/\/muze.gov.tr\/muze-detay?SectionId=OLY01&amp;DistId=OLY\" target=\"_blank\" rel=\"noopener\">Muze.gov.tr<\/a><\/span><\/li>\n<li><span><strong><strong>\u00d6ffentlicher Verkehr: <\/strong><\/strong>Minibusse oder Busse, die vom Busbahnhof Antalya in Richtung &#8222;Kumluca-Fethiye&#8220; abfahren<strong><strong>&nbsp;<\/strong><\/strong><\/span><\/li>\n<\/ul>\n<h3 id=\"t-1624877604609\">Weitere sch\u00f6ne Str\u00e4nde rund um den Olympos Strand<\/h3>\n<p>Lest diese Artikel, falls ihr auch die anderen sch\u00f6nen Str\u00e4nde in der Region Antalya besuchen m\u00f6chtet:<\/p>\n<ul>\n<li><a href=\"https:\/\/antalyatouristinformation.com\/de\/sehenswurdigkeiten\/strand\/patara\/\">Guide zum Patara Strand in Ka\u015f<\/a><\/li>\n<li><a href=\"https:\/\/antalyatouristinformation.com\/de\/sehenswurdigkeiten\/strand\/kaputas\/\">Guide zum Kaputa\u015f Strand in Ka\u015f<\/a><\/li>\n<li><a href=\"https:\/\/antalyatouristinformation.com\/de\/sehenswurdigkeiten\/strand\/kleopatra\/\">Guide zum Kleopatra Strand in Alanya<\/a><\/li>\n<li><a href=\"https:\/\/antalyatouristinformation.com\/de\/sehenswurdigkeiten\/strand\/konyaalti\/\">Guide zum Konyaalt\u0131 Strand in Antalya<\/a><\/li>\n<li><a href=\"https:\/\/antalyatouristinformation.com\/de\/sehenswurdigkeiten\/strand\/damlatas\/\">Guide zum Damlata\u015f Strand in Alanya<\/a><\/li>\n<\/ul>\n","protected":false},"excerpt":{"rendered":"<p>Hier ist unser kompletter Guide zum Olympos Strand in Antalya. Inmitten eines Naturschutzgebiets gelegen, begeistert der Kieselstrand mit seinem klaren Meer, seiner Vegetation und antiken Ruinen. Kein Wunder, dass der Strand im \u00d6kotourismus-Gebiet \u00c7iral\u0131 vor allem bei Natur- und Geschichtsliebhabern so beliebt ist. Erfahrt in diesem Guide was euch bei eurem Besuch des Olympos Strandes [&hellip;]<\/p>\n","protected":false},"author":5,"featured_media":5066,"parent":124,"menu_order":0,"comment_status":"open","ping_status":"closed","template":"","meta":{"_acf_changed":false,"footnotes":""},"categories":[],"tags":[39],"class_list":["post-311","page","type-page","status-publish","has-post-thumbnail","hentry","tag-beach","post-wrapper","thrv_wrapper"],"acf":[],"wp-worthy-pixel":{"ignored":false,"public":"70ebd24c6e1b4202add3c7b5a065a00d","server":"vg01.met.vgwort.de","url":"https:\/\/vg01.met.vgwort.de\/na\/70ebd24c6e1b4202add3c7b5a065a00d"},"wp-worthy-type":"normal","_links":{"self":[{"href":"https:\/\/antalyatouristinformation.com\/de\/wp-json\/wp\/v2\/pages\/311","targetHints":{"allow":["GET"]}}],"collection":[{"href":"https:\/\/antalyatouristinformation.com\/de\/wp-json\/wp\/v2\/pages"}],"about":[{"href":"https:\/\/antalyatouristinformation.com\/de\/wp-json\/wp\/v2\/types\/page"}],"author":[{"embeddable":true,"href":"https:\/\/antalyatouristinformation.com\/de\/wp-json\/wp\/v2\/users\/5"}],"replies":[{"embeddable":true,"href":"https:\/\/antalyatouristinformation.com\/de\/wp-json\/wp\/v2\/comments?post=311"}],"version-history":[{"count":10,"href":"https:\/\/antalyatouristinformation.com\/de\/wp-json\/wp\/v2\/pages\/311\/revisions"}],"predecessor-version":[{"id":14812,"href":"https:\/\/antalyatouristinformation.com\/de\/wp-json\/wp\/v2\/pages\/311\/revisions\/14812"}],"up":[{"embeddable":true,"href":"https:\/\/antalyatouristinformation.com\/de\/wp-json\/wp\/v2\/pages\/124"}],"wp:featuredmedia":[{"embeddable":true,"href":"https:\/\/antalyatouristinformation.com\/de\/wp-json\/wp\/v2\/media\/5066"}],"wp:attachment":[{"href":"https:\/\/antalyatouristinformation.com\/de\/wp-json\/wp\/v2\/media?parent=311"}],"wp:term":[{"taxonomy":"category","embeddable":true,"href":"https:\/\/antalyatouristinformation.com\/de\/wp-json\/wp\/v2\/categories?post=311"},{"taxonomy":"post_tag","embeddable":true,"href":"https:\/\/antalyatouristinformation.com\/de\/wp-json\/wp\/v2\/tags?post=311"}],"curies":[{"name":"wp","href":"https:\/\/api.w.org\/{rel}","templated":true}]}}