{"id":313,"date":"2021-02-15T14:51:14","date_gmt":"2021-02-15T13:51:14","guid":{"rendered":"http:\/\/antalyatouristinformation.com\/clone4639485xzhehsskdjfhhdhebdkkekdeewsd4545gdfgm\/?page_id=313"},"modified":"2021-08-03T10:56:47","modified_gmt":"2021-08-03T08:56:47","slug":"kaputas","status":"publish","type":"page","link":"https:\/\/antalyatouristinformation.com\/de\/sehenswurdigkeiten\/strand\/kaputas\/","title":{"rendered":"Kaputas Beach in Kas: Kompletter Guide zum Strand"},"content":{"rendered":"<p>Hier ist der komplette Guide zum Kaputa\u015f Beach in Ka\u015f.<\/p>\n<p>Die Badebucht bei Ka\u015f ist schon lange kein Geheimtipp mehr. Sie geh\u00f6rt zu den sch\u00f6nsten <a href=\"https:\/\/antalyatouristinformation.com\/de\/sehenswurdigkeiten\/strand\/\">Str\u00e4nden <\/a>des Mittelmeers.<\/p>\n<p>Wir verraten euch, was ihr vor eurem Besuch wissen solltet, zum Beispiel hilfreiche Ausk\u00fcnfte zu Anfahrt und Eintritt sowie Attraktionen und Hotels in der N\u00e4he.<\/p>\n<p>Beginnen wir mit dem, was ihr dort unternehmen k\u00f6nnt\u2026<\/p>\n<p><span><img decoding=\"async\" alt=\"Kaputa\u015f Beach in Antalya\" data-id=\"2144\" width=\"900\" data-init-width=\"1000\" height=\"600\" data-init-height=\"667\" title=\"Kaputa\u015f Beach in Antalya\" src=\"\/\/antalyatouristinformation.com\/de\/wp-content\/uploads\/sites\/10\/2021\/04\/Kaputas-Beach-in-Antalya.jpg\" data-width=\"900\" data-height=\"600\" loading=\"lazy\" data-pin-media=\"https:\/\/antalyatouristinformation.com\/de\/wp-content\/uploads\/sites\/10\/2021\/06\/prag_50_sehenswuerdigkeiten_pinterest-12-1.jpg\" data-pin-description=\"Guide to Kaputa\u015f Beach in Ka\u015f | Antalya Tourist Information\" data-pin-url=\"https:\/\/antalyatouristinformation.com\/de\/things-to-do\/beach\/kaputas\/?tve=true&amp;tcbf=affd232f39\" data-pinpro-key=\"higdqlpqg\"><\/span><\/p>\n<h2 id=\"t-1624869937509\" data-alt-text=\"Was kann ich machen?\">Was kann ich am Kaputa\u015f Beach machen?<\/h2>\n<p>Das kleine Paradies Kaputa\u015f verbirgt sich unterhalb von steilen Klippen.<\/p>\n<p><span>Eine lange und steile Treppe mit 187 Stufen f\u00fchrt euch von einer K\u00fcstenstra\u00dfe hinunter in die Bucht. Dort erwartet euch der naturbelassene Kaputa\u015f Strand.<\/span><\/p>\n<p>Die Traumbucht besteht aus dem <strong>150 Meter langen Strand <\/strong><strong>mit feinem, goldenem Sand und einer meterhohen Steilwand.<\/strong> Kleine Kieselsteine markieren den \u00dcbergang vom Sand zum Meer, das in dem sch\u00f6nsten und kr\u00e4ftigsten T\u00fcrkis erstrahlt.<\/p>\n<p>Der malerische Kaputa\u015f Strand ist unber\u00fchrt und daher ein sch\u00f6nes Ziel zum Baden und Sonnen.<\/p>\n<p>Durch das Quellwasser, das hier m\u00fcndet, ist das Wasser k\u00fchler als in anderen Str\u00e4nden in Antalya. Eine weitere Besonderheit ist, dass es <strong>nach 8 bis 10 Metern recht tief wird<\/strong>.<\/p>\n<p>Sonnenschirme und Liegen gibt es in der Regel nur w\u00e4hrend der Hochsaison. Vor Ort findet ihr Duschen, Toiletten, Umkleidekabinen und eine Snackbar.<\/p>\n<p>Das t\u00fcrkisblaue Paradies ist sowohl bei den Einheimischen als auch bei Touristen aus aller Welt beliebt. Aus diesem Grund kann es vor allem in der Hochsaison <strong>schnell \u00fcberlaufen<\/strong> sein.<\/p>\n<p>Die Bucht ist ein <strong>beliebtes Ziel von Kreuzfahrtschiffen<\/strong> aus der Region. Daher k\u00f6nnt ihr die kristallklare Bucht auch bei einem Bootsausflug besuchen. Bei der Gelegenheit k\u00f6nnt ihr die faszinierenden Grotten in der Umgebung entdecken. Eine der ber\u00fchmtesten ist die<strong> Blaue Grotte<\/strong>.<\/p>\n<p>Bevor ihr die Treppen zum Strand hinuntergeht, solltet ihr <strong>unbedingt ein Foto mit Kaputa\u015f Beach im Hintergrund machen<\/strong>! Die malerische Kulisse mit den Felsw\u00e4nden und dem leuchtendem T\u00fcrkis des Meeres gleicht einem Postkartenmotiv. Kein Wunder, dass es eines der bekanntesten Instagram-Spots in der T\u00fcrkei ist.<\/p>\n<h3>Blaue Grotte<\/h3>\n<p>Die Blaue Grotte unweit der Insel Kekova ist eine der beliebtesten Sehensw\u00fcrdigkeiten in der Umgebung. Die ehemalige Piratenh\u00f6hle verdankt ihren Namen der leuchtend blauen Farbe des Wassers. Es versetzt seine Besucher immer wieder in Staunen.<\/p>\n<p>Ihr k\u00f6nnt das Naturwunder mit einem Boot entdecken. Es gibt Bootstouren in Ka\u015f oder Kalkan, die euch bei Interesse hierher bringen. Rund um den Eingang der Grotte &nbsp;herrscht eine starke Str\u00f6mung. Deswegen ist es nicht empfehlenswert, vom Kaputa\u015f Strand aus hierher zu schwimmen.<\/p>\n<p>Vor Ort k\u00f6nnt ihr durch die kleine \u00d6ffnung in der Felswand schwimmen und euch die eindrucksvolle Grotte vom Nahen anschauen. Dank der einfallenden Sonnenstrahlen wird der Ort in ein schillerndes Saphirblau getaucht, was geradezu magisch wirkt.<\/p>\n<p>Neben euch herum schwimmen die unterschiedlichsten Fische. Auch Flederm\u00e4use sind in der Grotte keine Seltenheit.<\/p>\n<p>Selbst Nichtschwimmer k\u00f6nnen die Blaue Grotte besuchen. Mithilfe eines Kanus kann man in das Innere der Grotte paddeln.<\/p>\n<p><span><img decoding=\"async\" alt=\"Kaputas Beach in Kas Antalya\" data-id=\"2146\" width=\"702\" data-init-width=\"1000\" height=\"468\" data-init-height=\"667\" title=\"Kaputas Beach in Kas Antalya\" src=\"\/\/antalyatouristinformation.com\/de\/wp-content\/uploads\/sites\/10\/2021\/04\/Kaputas-Beach-in-Kas-Antalya.jpg\" data-width=\"702\" data-height=\"468\" loading=\"lazy\" data-pin-media=\"https:\/\/antalyatouristinformation.com\/de\/wp-content\/uploads\/sites\/10\/2021\/06\/prag_50_sehenswuerdigkeiten_pinterest-12-1.jpg\" data-pin-description=\"Guide to Kaputa\u015f Beach in Ka\u015f | Antalya Tourist Information\" data-pin-url=\"https:\/\/antalyatouristinformation.com\/de\/things-to-do\/beach\/kaputas\/?tve=true&amp;tcbf=affd232f39\" data-pinpro-key=\"ypsot0aar\"><\/span><\/p>\n<h2 id=\"t-1624869937510\" data-alt-text=\"Eintritt, Tickets &amp; F\u00fchrungen\">Eintritt, Tickets und F\u00fchrungen<\/h2>\n<ul>\n<li><span><strong>Eintritt: <\/strong>Der Eintritt zum Strand <span style=\"text-decoration: underline\">ist kostenfrei.<\/span> Liegen und Sonnenschirme sind gegen eine Geb\u00fchr erh\u00e4ltlich. Wir empfehlen euch, <span style=\"text-decoration: underline\">fr\u00fch am Morgen hinzugehen<\/span> und euch einen Platz zu sichern. In der Hochsaison ist es schnell \u00fcberlaufen.<\/span><\/li>\n<\/ul>\n<ul>\n<li><span><strong>Bootstouren: <\/strong>Ihr findet Bootstouren um Kaputa\u015f und die Umgebung online. Wenn ihr online bucht, habt ihr mehrere Angebote zur Auswahl. <a href=\"https:\/\/antalyatouristinformation.com\/de\/tickets\/\">Schaut euch die Optionen hier an.<\/a><\/span><\/li>\n<\/ul>\n<ul>\n<li><span><strong>Tipp: <\/strong>Falls ihr Tickets f\u00fcr Vergn\u00fcgungsparks, Museen und Touren f\u00fcr eure Antalya-Reise vorab buchen m\u00f6chtet, solltet ihr unbedingt einen Blick auf die Angebote in unserem offiziellen Shop werfen:<\/span><\/li>\n<\/ul>\n<h2 id=\"t-1625741833525\" data-alt-text=\"Wie komme ich zum Strand?\">Wie komme ich zum Kaputa\u015f Strand?<\/h2>\n<p>Kaputa\u015f Beach befindet sich in einer Bucht an der K\u00fcstenstra\u00dfe zwischen Ka\u015f und Kalkan. Er liegt an der Lykischen K\u00fcste, 7 km von Kalkan und 20 km von Ka\u015f entfernt.<\/p>\n<ul>\n<li><strong>Mit dem Bus von Ka\u015f und Kalkan: <\/strong>Am einfachsten erreicht ihr den Strand mit dem <a href=\"https:\/\/antalyatouristinformation.com\/de\/offentlicher-verkehr\/\">\u00f6ffentlichen Verkehr<\/a>. Minibusse (<a href=\"https:\/\/antalyatouristinformation.com\/de\/offentlicher-verkehr\/antalya-stadt\/dolmus\/\">Dolmu\u015f<\/a>), die zwischen Ka\u015f und Kalkan pendeln, halten hier.<\/li>\n<li><strong>Mit dem Auto: <\/strong>Da der Strand an der Schnellstra\u00dfe D400 liegt, k\u00f6nnt ihr auch sehr gut mit dem <a href=\"https:\/\/antalyatouristinformation.com\/de\/plan\/mietwagen\/\">Mietwagen <\/a>hier herfahren. Am Stra\u00dfenrand gibt es allerdings nur begrenzte Parkm\u00f6glichkeiten.<\/li>\n<\/ul>\n<p><span><img decoding=\"async\" alt=\"Kaputas Beach Turkey Mediterranean Sea\" data-id=\"2148\" width=\"702\" data-init-width=\"1000\" height=\"468\" data-init-height=\"667\" title=\"Kaputas Beach Turkey Mediterranean Sea\" src=\"\/\/antalyatouristinformation.com\/de\/wp-content\/uploads\/sites\/10\/2021\/04\/Kaputas-Beach-Turkey-Mediterranean-Sea.jpg\" data-width=\"702\" data-height=\"468\" loading=\"lazy\" data-pin-media=\"https:\/\/antalyatouristinformation.com\/de\/wp-content\/uploads\/sites\/10\/2021\/06\/prag_50_sehenswuerdigkeiten_pinterest-12-1.jpg\" data-pin-description=\"Guide to Kaputa\u015f Beach in Ka\u015f | Antalya Tourist Information\" data-pin-url=\"https:\/\/antalyatouristinformation.com\/de\/things-to-do\/beach\/kaputas\/?tve=true&amp;tcbf=affd232f39\" data-pinpro-key=\"qen0tcvzc\"><\/span><\/p>\n<h2 id=\"t-1619539311820\" data-alt-text=\"FAQ \">FAQ (H\u00e4ufige Fragen)<\/h2>\n<h2 id=\"t-1624869937511\" data-alt-text=\"Hotels\">Hotels rund um Kaputa\u015f Beach<\/h2>\n<p>Hier sind einige Optionen f\u00fcr Unterk\u00fcnfte in der N\u00e4he vom Kaputa\u015f Strand.&nbsp; Entdeckt hier vier der popul\u00e4rsten Hotels. F\u00fcr jeden Geschmack und jedes Budget ist etwas dabei:<\/p>\n<p><strong>Fidanka Hotel: <\/strong>Das Fidanka Hotel mit Blick auf das Mittelmeer hat einen charmanten Vintage-Stil, sch\u00f6ne G\u00e4rten mit einer herrlichen Flora und kostenloses W-LAN. Mit dem Auto k\u00f6nnt ihr Kaputa\u015f Beach nach 8 Minuten und den Patara Strand nach 20 Minuten erreichen. <u>Adresse:<\/u>Kalkan, K\u0131\u015fla Mevkii, Zeytinlik Cd. No:19, 07580 Ka\u015f\/Antalya<\/p>\n<p><strong>Patara Prince Hotel &amp; Resort: <\/strong>Falls ihr auf der Suche nach Entspannung und Wellness seid, ist das Patara Prince Hotel die richtige Wahl f\u00fcr euch! Das 4-Sterne-Hotel mit Blick auf das Meer und den Strand hat einen Spa, einen Pool und einen Concierge- und Zimmerservice. &nbsp;<u>Adresse<\/u>: Kalkan, Zeytinlik Cad, No: 26, 07960 Antalya<\/p>\n<p><strong>Hideaway Hotel: <\/strong>Von dem familiengef\u00fchrten Hotel mit Blick auf das Mittelmeer erreicht ihr nach einer 20-min\u00fctigen Fahrt den Kaputa\u015f Strand und nach 3 Minuten die charmante Altstadt von Ka\u015f. Das Hotel auf einem H\u00fcgel besitzt einen Garten mit Olivenb\u00e4umen, einen Pool und eine Dachterrasse. <u>Adresse<\/u>: Andifli, Anfi Tiyatro Sk. No:7, 07580 Ka\u015f\/Antalya<\/p>\n<p><strong>Pirat Hotel: <\/strong>Das budget-freundliche Hotel gegen\u00fcber vom Yachthafen ist eine gute Wahl f\u00fcr Familien mit Kindern. Das Hotel liegt in der N\u00e4he von Kaputa\u015f Beach und der antiken Stadt Xanthos. &nbsp;Es zeichnet sich durch seine ungezwungene Atmosph\u00e4re aus. Ein Highlight ist der Pool. <u>Adresse<\/u><u>: <\/u>Kalkan Mahallesi \u0130skele Sokak Marina, D:No:3, 07580 Ka\u015f\/Antalya<\/p>\n<h2 id=\"t-1619539311822\" data-alt-text=\"Kontakt\">Kontakt<\/h2>\n<ul>\n<li><span><strong>Adresse:&nbsp;<\/strong>Kaputa\u015f Plaj\u0131, Kalkan Mahallesi, Ka\u015f\/Antalya<\/span><\/li>\n<li><span><strong><strong>\u00d6ffentlicher Verkehr: <\/strong><\/strong>Dolmu\u015f, die zwischen Kalkan und Ka\u015f pendeln<\/span><\/li>\n<\/ul>\n<h3 id=\"t-1624869937512\">Andere sch\u00f6ne Str\u00e4nde rund um Kaputa\u015f Beach<\/h3>\n<p>Lest diese Artikel, falls ihr auch die anderen sch\u00f6nen Str\u00e4nde in der Region Antalya besuchen m\u00f6chtet:<\/p>\n<ul>\n<li><a href=\"https:\/\/antalyatouristinformation.com\/de\/sehenswurdigkeiten\/strand\/patara\/\">Guide zum Patara Strand in Ka\u015f<\/a><\/li>\n<li><a href=\"https:\/\/antalyatouristinformation.com\/de\/sehenswurdigkeiten\/strand\/olympos\/\">Guide zum Olympos Strand in \u00c7\u0131ral\u0131<\/a><\/li>\n<li><a href=\"https:\/\/antalyatouristinformation.com\/de\/sehenswurdigkeiten\/strand\/damlatas\/\">Guide zum Damlata\u015f Strand in Alanya<\/a><\/li>\n<li><a href=\"https:\/\/antalyatouristinformation.com\/de\/sehenswurdigkeiten\/strand\/konyaalti\/\">Guide zum Konyaalt\u0131 Strand in Antalya<\/a><\/li>\n<li><a href=\"https:\/\/antalyatouristinformation.com\/de\/sehenswurdigkeiten\/strand\/kleopatra\/\">Guide zum Kleopatra Strand in Alanya<\/a><\/li>\n<\/ul>\n","protected":false},"excerpt":{"rendered":"<p>Hier ist der komplette Guide zum Kaputa\u015f Beach in Ka\u015f. Die Badebucht bei Ka\u015f ist schon lange kein Geheimtipp mehr. Sie geh\u00f6rt zu den sch\u00f6nsten Str\u00e4nden des Mittelmeers. Wir verraten euch, was ihr vor eurem Besuch wissen solltet, zum Beispiel hilfreiche Ausk\u00fcnfte zu Anfahrt und Eintritt sowie Attraktionen und Hotels in der N\u00e4he. Beginnen wir [&hellip;]<\/p>\n","protected":false},"author":5,"featured_media":2143,"parent":124,"menu_order":0,"comment_status":"open","ping_status":"closed","template":"","meta":{"_acf_changed":false,"footnotes":""},"categories":[],"tags":[39],"class_list":["post-313","page","type-page","status-publish","has-post-thumbnail","hentry","tag-beach","post-wrapper","thrv_wrapper"],"acf":[],"wp-worthy-pixel":{"ignored":false,"public":"e01dc954dd2b472d8c7fa347719d0d91","server":"vg01.met.vgwort.de","url":"https:\/\/vg01.met.vgwort.de\/na\/e01dc954dd2b472d8c7fa347719d0d91"},"wp-worthy-type":"normal","_links":{"self":[{"href":"https:\/\/antalyatouristinformation.com\/de\/wp-json\/wp\/v2\/pages\/313","targetHints":{"allow":["GET"]}}],"collection":[{"href":"https:\/\/antalyatouristinformation.com\/de\/wp-json\/wp\/v2\/pages"}],"about":[{"href":"https:\/\/antalyatouristinformation.com\/de\/wp-json\/wp\/v2\/types\/page"}],"author":[{"embeddable":true,"href":"https:\/\/antalyatouristinformation.com\/de\/wp-json\/wp\/v2\/users\/5"}],"replies":[{"embeddable":true,"href":"https:\/\/antalyatouristinformation.com\/de\/wp-json\/wp\/v2\/comments?post=313"}],"version-history":[{"count":10,"href":"https:\/\/antalyatouristinformation.com\/de\/wp-json\/wp\/v2\/pages\/313\/revisions"}],"predecessor-version":[{"id":14399,"href":"https:\/\/antalyatouristinformation.com\/de\/wp-json\/wp\/v2\/pages\/313\/revisions\/14399"}],"up":[{"embeddable":true,"href":"https:\/\/antalyatouristinformation.com\/de\/wp-json\/wp\/v2\/pages\/124"}],"wp:featuredmedia":[{"embeddable":true,"href":"https:\/\/antalyatouristinformation.com\/de\/wp-json\/wp\/v2\/media\/2143"}],"wp:attachment":[{"href":"https:\/\/antalyatouristinformation.com\/de\/wp-json\/wp\/v2\/media?parent=313"}],"wp:term":[{"taxonomy":"category","embeddable":true,"href":"https:\/\/antalyatouristinformation.com\/de\/wp-json\/wp\/v2\/categories?post=313"},{"taxonomy":"post_tag","embeddable":true,"href":"https:\/\/antalyatouristinformation.com\/de\/wp-json\/wp\/v2\/tags?post=313"}],"curies":[{"name":"wp","href":"https:\/\/api.w.org\/{rel}","templated":true}]}}