{"id":315,"date":"2021-02-15T14:51:34","date_gmt":"2021-02-15T13:51:34","guid":{"rendered":"http:\/\/antalyatouristinformation.com\/clone4639485xzhehsskdjfhhdhebdkkekdeewsd4545gdfgm\/?page_id=315"},"modified":"2021-08-03T10:56:56","modified_gmt":"2021-08-03T08:56:56","slug":"kleopatra","status":"publish","type":"page","link":"https:\/\/antalyatouristinformation.com\/de\/sehenswurdigkeiten\/strand\/kleopatra\/","title":{"rendered":"Kleopatra Strand in Alanya: Anfahrt, Attraktionen, Reisetipps"},"content":{"rendered":"<p>Das ist unser kompletter Guide zum Kleopatra Strand, einer der sch\u00f6nsten <a href=\"https:\/\/antalyatouristinformation.com\/de\/sehenswurdigkeiten\/strand\/\">Str\u00e4nde <\/a>in der T\u00fcrkei.<\/p>\n<p>Ihr solltet ihn auf eurer Antalya-Reise keinesfalls verpassen!<\/p>\n<p>Selbst die ber\u00fchmte Pharaonin Kleopatra soll sich hier in das glasklare Wasser verliebt haben.<\/p>\n<p>Kein Wunder, dass der Kleopatra Strand heute j\u00e4hrlich rund 2 Millionen Touristen anlockt und von Jahr zu Jahr beliebter wird.<\/p>\n<p>Hier beantworten wir die wichtigsten Fragen f\u00fcr einen Strandbesuch, darunter Eintritt, Anfahrt und Aktivit\u00e4ten am Strand.<\/p>\n<p>Los geht\u2019s!<\/p>\n<p><span><img decoding=\"async\" alt=\"Mediterranean Sea Cleopatra beach in Alanya\" data-id=\"5501\" width=\"702\" data-init-width=\"1000\" height=\"468\" data-init-height=\"667\" title=\"Mediterranean Sea Cleopatra beach in Alanya\" loading=\"lazy\" src=\"https:\/\/antalyatouristinformation.com\/de\/wp-content\/uploads\/sites\/10\/2021\/05\/Mediterranean-Sea-Cleopatra-beach-in-Alanya.jpg\" data-width=\"702\" data-height=\"468\" data-pin-media=\"https:\/\/antalyatouristinformation.com\/de\/wp-content\/uploads\/sites\/10\/2021\/06\/prag_50_sehenswuerdigkeiten_pinterest-14.jpg\" data-pin-description=\"Guide to Cleopatra Beach in Alanya | Antalya Tourist Information\" data-pin-url=\"https:\/\/antalyatouristinformation.com\/de\/things-to-do\/beach\/cleopatra\/?tve=true&amp;tcbf=affd232f39\" data-pinpro-key=\"zurgw3na5\"><\/span><\/p>\n<h2 id=\"t-1624868197198\" data-alt-text=\"Was kann ich machen?\">Was kann ich am Kleopatra Strand machen?<\/h2>\n<p>Der Kleopatra Strand wurde nach der <strong>sagenumwobenen \u00e4gyptischen K\u00f6nigin Kleopatra benannt,<\/strong> die hier gebadet haben soll.<\/p>\n<p>Der Strand ist f\u00fcr sein <strong>kristallklares Wasser <\/strong>ber\u00fchmt. Aufgrund dessen genie\u00dft er einen legend\u00e4ren Ruf unter den Str\u00e4nden in der T\u00fcrkei. &nbsp;Heute ist der 2 Kilometer lange Strand einer der beliebtesten Badeorte f\u00fcr sonnenhungrige Touristen.<\/p>\n<p>Der Kleopatra Strand wird t\u00e4glich gereinigt. Er besteht aus einem <strong>leicht grobk\u00f6rnigen Sandstrand. <\/strong>Eine Besonderheit ist, dass der Sand aufgrund seiner Beschaffenheit <strong>nicht am K\u00f6rper kleben bleiben soll<\/strong>. Der Strand ist mit dem G\u00fctezeichen \u201e<strong>Blaue Flagge<\/strong>\u201c ausgezeichnet, was f\u00fcr eine gute Wasserqualit\u00e4t und einen nachhaltigen Tourismus steht.<\/p>\n<p>Ihr solltet euch jedoch auf hohe Wellen gefasst machen. Au\u00dferdem flacht das Wasser <strong>nach etwa 8 bis 10 Metern <\/strong>bereits ab. Daher solltet ihr vorsichtig sein, falls ihr den Strand mit Kindern besucht.<\/p>\n<p>Am Strand findet ihr Toiletten, Duschen und Umkleidekabinen sowie kostenpflichtige Liegest\u00fchle und Sonnenschirme vor. F\u00fcr den kleinen Hunger gibt es Imbissst\u00e4nde, die Snacks, Getr\u00e4nke und Eis verkaufen.<\/p>\n<p>Die Hochsaison von Juni bis September ist der klassische Favorit f\u00fcr einen Badeurlaub in der T\u00fcrkei. Jedoch k\u00f6nnt ihr den Kleopatra-Strand auch in der Nebensaison gut besuchen. Die Wassertemperatur f\u00e4llt selten unter 20\u00b0 und es ist nicht so \u00fcberlaufen wie im Sommer.<\/p>\n<p><span><img decoding=\"async\" alt=\"Cleopatra Beach in Alanya in Turkey\" data-id=\"2154\" width=\"702\" data-init-width=\"1000\" height=\"468\" data-init-height=\"667\" title=\"Cleopatra Beach in Alanya in Turkey\" src=\"\/\/antalyatouristinformation.com\/de\/wp-content\/uploads\/sites\/10\/2021\/04\/Cleopatra-Beach-in-Alanya-in-Turkey.jpg\" data-width=\"702\" data-height=\"468\" loading=\"lazy\" data-pin-media=\"https:\/\/antalyatouristinformation.com\/de\/wp-content\/uploads\/sites\/10\/2021\/06\/prag_50_sehenswuerdigkeiten_pinterest-14.jpg\" data-pin-description=\"Guide to Cleopatra Beach in Alanya | Antalya Tourist Information\" data-pin-url=\"https:\/\/antalyatouristinformation.com\/de\/things-to-do\/beach\/cleopatra\/?tve=true&amp;tcbf=affd232f39\" data-pinpro-key=\"83jpp1jwg\"><\/span><\/p>\n<h3>Aktivit\u00e4ten am Strand<\/h3>\n<p>Der Strand <strong>eignet sich hervorragend, um Wassersport<\/strong> auszuprobieren. Ihr k\u00f6nnt hier Sportarten wie Parasailing, Surfen, Kite-Surfen und Tauchen genie\u00dfen. Weitere Aktivit\u00e4ten wie Jet-Ski fahren, Segeln oder Beachvolleyball sind ebenfalls beliebte Optionen vor Ort.<\/p>\n<p>Auch eure Kinder kommen hier voll auf ihre Kosten! Im Vergn\u00fcgungspark westlich des Strandes oder im Atat\u00fcrk-Park mit Mini-Golfanlage k\u00f6nnen sich kleine Besucher austoben.<\/p>\n<p>Ein Highlight ist die etwa 100 Meter vom Strand entfernte <strong>Strandpromenade<\/strong>. Sie ist ein beliebter Treffpunkt. Ihr findet hier eine Vielzahl von Caf\u00e9s, Bars, Restaurants und Hotels. Die Promenade wird zudem von vielen Gesch\u00e4ften und Souvenirl\u00e4den ges\u00e4umt.<\/p>\n<h3>Attraktionen in der N\u00e4he<\/h3>\n<p>Da sich in der N\u00e4he des Kleopatra Strandes gleich mehrere <a href=\"https:\/\/antalyatouristinformation.com\/de\/sehenswurdigkeiten\/attraktionen\/\">Attraktionen <\/a>befinden, k\u00f6nnt ihr den Strandtag gut mit Sightseeing kombinieren.<\/p>\n<p>Zu den beliebten Sehensw\u00fcrdigkeiten in der Umgebung geh\u00f6ren das <a href=\"https:\/\/antalyatouristinformation.com\/de\/sehenswurdigkeiten\/museum\/alanya-archaologisch\/\">Arch\u00e4ologische Museum von Alanya<\/a>, die Damlata\u015f H\u00f6hle mit dem angrenzenden <a href=\"https:\/\/antalyatouristinformation.com\/de\/sehenswurdigkeiten\/strand\/damlatas\/\">Damlata\u015f Strand<\/a> und der Burgberg mit historischen Bauwerken wie der <a href=\"https:\/\/antalyatouristinformation.com\/de\/sehenswurdigkeiten\/geschichte\/alanya-burg\/\">Burg von Alanya<\/a> und dem <a href=\"https:\/\/antalyatouristinformation.com\/de\/sehenswurdigkeiten\/geschichte\/kizil-kule\/\">Roten Turm (K\u0131z\u0131l Kule)<\/a>.<\/p>\n<p>Beliebt ist auch das <a href=\"https:\/\/antalyatouristinformation.com\/de\/nightlife\/\">Nachtleben<\/a> von Alanya.<\/p>\n<p><span><img decoding=\"async\" alt=\"Alanya Cityscape from a funicular cart in Turkey\" data-id=\"5503\" width=\"702\" data-init-width=\"1000\" height=\"468\" data-init-height=\"667\" title=\"Alanya Cityscape from a funicular cart in Turkey\" loading=\"lazy\" src=\"https:\/\/antalyatouristinformation.com\/de\/wp-content\/uploads\/sites\/10\/2021\/05\/Alanya-Cityscape-from-a-funicular-cart-in-Turkey.jpg\" data-width=\"702\" data-height=\"468\" data-pin-media=\"https:\/\/antalyatouristinformation.com\/de\/wp-content\/uploads\/sites\/10\/2021\/06\/prag_50_sehenswuerdigkeiten_pinterest-14.jpg\" data-pin-description=\"Guide to Cleopatra Beach in Alanya | Antalya Tourist Information\" data-pin-url=\"https:\/\/antalyatouristinformation.com\/de\/things-to-do\/beach\/cleopatra\/?tve=true&amp;tcbf=affd232f39\" data-pinpro-key=\"8qy8d88vg\"><\/span><\/p>\n<h2 id=\"t-1624868197199\" data-alt-text=\"Eintritt, Tickets &amp; F\u00fchrungen\">Eintritt, Tickets und F\u00fchrungen<\/h2>\n<ul>\n<li><span><strong>Eintritt: <\/strong>Der Eintritt zum Kleopatra Strand ist kostenfrei. Liegen und Sonnenschirme sind gegen eine Geb\u00fchr erh\u00e4ltlich. Ihr k\u00f6nnt aber auch euren eigenen Sonnenschirm mitbringen oder euer Badetuch am Strand ausbreiten.<\/span><\/li>\n<\/ul>\n<ul>\n<li><span><strong>Bootstouren: <\/strong>Ihr findet alle Optionen zu Bootstouren in Alanya online. Stellt euch auf tolle Touren ein! Wir empfehlen im Voraus zu buchen.<strong> Hier sind Angebote f\u00fcr Bootstouren in Alanya.<\/strong><\/span><\/li>\n<\/ul>\n<ul>\n<li><span><strong>Tipp: <\/strong>Falls ihr Tickets f\u00fcr Vergn\u00fcgungsparks, Museen und Touren f\u00fcr eure Antalya-Reise vorab buchen m\u00f6chtet, solltet ihr unbedingt einen Blick auf die Angebote in unserem offiziellen Shop werfen:<\/span><\/li>\n<\/ul>\n<p><span><img decoding=\"async\" alt=\"Cleopatra Beach in Alanya in Turkey\" data-id=\"5505\" width=\"702\" data-init-width=\"1000\" height=\"468\" data-init-height=\"667\" title=\"Cleopatra Beach in Alanya in Turkey\" src=\"https:\/\/antalyatouristinformation.com\/de\/wp-content\/uploads\/sites\/10\/2021\/05\/Cleopatra-Beach-in-Alanya-in-Turkey.jpg\" data-width=\"702\" data-height=\"468\" loading=\"lazy\" data-pin-media=\"https:\/\/antalyatouristinformation.com\/de\/wp-content\/uploads\/sites\/10\/2021\/06\/prag_50_sehenswuerdigkeiten_pinterest-14.jpg\" data-pin-description=\"Guide to Cleopatra Beach in Alanya | Antalya Tourist Information\" data-pin-url=\"https:\/\/antalyatouristinformation.com\/de\/things-to-do\/beach\/cleopatra\/?tve=true&amp;tcbf=affd232f39\" data-pinpro-key=\"cxaw7urbn\"><\/span><\/p>\n<h2 id=\"t-1624868197200\" data-alt-text=\"Wie komme ich zum Strand?\">Wie komme ich zum Kleopatra Strand?<\/h2>\n<p>Der Kleopatra Strand liegt im Westen der Halbinsel Alanya in der Region Antalya. Am Eingang des Strandes befindet sich die ber\u00fchmte <a href=\"https:\/\/antalyatouristinformation.com\/de\/sehenswurdigkeiten\/hohle\/damlatas\/\">Damlata\u015f H\u00f6hle <\/a>mit dem davor liegenden Damlata\u015f-Strand.<\/p>\n<p>Der Kleopatra Strand ist etwa 2 Kilometer vom Zentrum von Alanya entfernt.<\/p>\n<ul>\n<li><b>Von Alanya aus mit dem \u00f6ffentlichen Verkehr oder Taxi:<\/b> Ihr k\u00f6nnt den Kleopatra Strand mit dem <a href=\"https:\/\/antalyatouristinformation.com\/de\/offentlicher-verkehr\/\">\u00f6ffentlichen Verkehr<\/a> leicht erreichen. Die Buslinien 1, 40 und 50 halten in der N\u00e4he des Strandes. Eine gute Alternative sind <a href=\"https:\/\/antalyatouristinformation.com\/de\/offentlicher-verkehr\/taxi\/\">Taxis<\/a>.<\/li>\n<li><b>Vom <b><a href=\"https:\/\/antalyatouristinformation.com\/de\/plan\/antalya-flughafen\/\">Flughafen Antalya<\/a><b>:<\/b><\/b><\/b> Der Flughafen von Antalya befindet sich etwa 120 km von Alanya entfernt. &nbsp;Ihr k\u00f6nnt dort ein Auto mieten oder mit dem Reisebus anreisen. Mehr zum Thema erf\u00e4hrt ihr in unserem <a href=\"https:\/\/antalyatouristinformation.com\/de\/plan\/mietwagen\/\">Antalya Mietwagen Guide<\/a>.<\/li>\n<\/ul>\n<h2 id=\"t-1619538640979\" data-alt-text=\"FAQ\">FAQ (H\u00e4ufige Fragen)<\/h2>\n<p><span><img decoding=\"async\" alt=\"Cleopatra Beach in Antalya in Turkey\" data-id=\"5581\" width=\"702\" data-init-width=\"1000\" height=\"468\" data-init-height=\"667\" title=\"Cleopatra Beach in Antalya in Turkey\" src=\"https:\/\/antalyatouristinformation.com\/de\/wp-content\/uploads\/sites\/10\/2021\/05\/Cleopatra-Beach-in-Antalya.jpg\" data-width=\"702\" data-height=\"468\" loading=\"lazy\" data-pin-media=\"https:\/\/antalyatouristinformation.com\/de\/wp-content\/uploads\/sites\/10\/2021\/06\/prag_50_sehenswuerdigkeiten_pinterest-14.jpg\" data-pin-description=\"Guide to Cleopatra Beach in Alanya | Antalya Tourist Information\" data-pin-url=\"https:\/\/antalyatouristinformation.com\/de\/things-to-do\/beach\/cleopatra\/?tve=true&amp;tcbf=affd232f39\" data-pinpro-key=\"1lh8wl3jj\"><\/span><\/p>\n<h2 id=\"t-1624868197201\" data-alt-text=\"Geschichte\">Geschichte vom Kleopatra Strand<\/h2>\n<p>Die Geschichte des Kleopatra Strandes reicht bis in die Antike zur\u00fcck. Der r\u00f6mische Staatsmann Marcus Antonius hat die Stadt Alanya Kleopatra zur Hochzeit geschenkt.<\/p>\n<p>Die \u00e4gyptische K\u00f6nigin soll hier gerne verweilt und in der Bucht gebadet haben. Aus diesem Grund tr\u00e4gt der Strand heute den Namen von Kleopatra.<\/p>\n<p>Heute ist der Kleopatra Strand mit rund 2 Millionen Besuchern j\u00e4hrlich einer der beliebtesten Badeorte in der T\u00fcrkei.<\/p>\n<h2 id=\"t-1619538640981\" data-alt-text=\"Kontakt\">Kontakt<\/h2>\n<ul>\n<li><span><strong>Adresse:&nbsp;<\/strong>Cleopatra Beach Antalya (Kleopatra Plaj\u0131)<\/span><\/li>\n<li><span><strong><strong>\u00d6ffentlicher Verkehr: <\/strong><\/strong>Mit den Buslinien&nbsp;1, 40 und 50&nbsp;vom Stadtzentrum<strong><strong>&nbsp;<\/strong><\/strong><\/span><\/li>\n<\/ul>\n<h3>Weitere sch\u00f6ne Str\u00e4nde rund um den Kleopatra Strand<\/h3>\n<p>Werft einen Blick in unsere folgenden Beitr\u00e4ge, um andere sch\u00f6ne Str\u00e4nde in der Region Antalya zu entdecken:<\/p>\n<ul>\n<li><a href=\"https:\/\/antalyatouristinformation.com\/de\/sehenswurdigkeiten\/strand\/patara\/\">Guide zum Patara Strand in Ka\u015f<\/a><\/li>\n<li><a href=\"https:\/\/antalyatouristinformation.com\/de\/sehenswurdigkeiten\/strand\/kaputas\/\">Guide zum Kaputa\u015f Strand in Ka\u015f<\/a><\/li>\n<li><a href=\"https:\/\/antalyatouristinformation.com\/de\/sehenswurdigkeiten\/strand\/olympos\/\">Guide zum Olympos Strand in \u00c7\u0131ral\u0131<\/a><\/li>\n<li><a href=\"https:\/\/antalyatouristinformation.com\/de\/sehenswurdigkeiten\/strand\/damlatas\/\">Guide zum Damlata\u015f Strand in Alanya<\/a><\/li>\n<li><a href=\"https:\/\/antalyatouristinformation.com\/de\/sehenswurdigkeiten\/strand\/konyaalti\/\">Guide zum Konyaalt\u0131 Strand in Antalya<\/a><\/li>\n<\/ul>\n","protected":false},"excerpt":{"rendered":"<p>Das ist unser kompletter Guide zum Kleopatra Strand, einer der sch\u00f6nsten Str\u00e4nde in der T\u00fcrkei. Ihr solltet ihn auf eurer Antalya-Reise keinesfalls verpassen! Selbst die ber\u00fchmte Pharaonin Kleopatra soll sich hier in das glasklare Wasser verliebt haben. Kein Wunder, dass der Kleopatra Strand heute j\u00e4hrlich rund 2 Millionen Touristen anlockt und von Jahr zu Jahr [&hellip;]<\/p>\n","protected":false},"author":5,"featured_media":2152,"parent":124,"menu_order":0,"comment_status":"open","ping_status":"closed","template":"","meta":{"_acf_changed":false,"footnotes":""},"categories":[],"tags":[39],"class_list":["post-315","page","type-page","status-publish","has-post-thumbnail","hentry","tag-beach","post-wrapper","thrv_wrapper"],"acf":[],"wp-worthy-pixel":{"ignored":false,"public":"311298f02d914e17be1c4235b4807e86","server":"vg01.met.vgwort.de","url":"https:\/\/vg01.met.vgwort.de\/na\/311298f02d914e17be1c4235b4807e86"},"wp-worthy-type":"normal","_links":{"self":[{"href":"https:\/\/antalyatouristinformation.com\/de\/wp-json\/wp\/v2\/pages\/315","targetHints":{"allow":["GET"]}}],"collection":[{"href":"https:\/\/antalyatouristinformation.com\/de\/wp-json\/wp\/v2\/pages"}],"about":[{"href":"https:\/\/antalyatouristinformation.com\/de\/wp-json\/wp\/v2\/types\/page"}],"author":[{"embeddable":true,"href":"https:\/\/antalyatouristinformation.com\/de\/wp-json\/wp\/v2\/users\/5"}],"replies":[{"embeddable":true,"href":"https:\/\/antalyatouristinformation.com\/de\/wp-json\/wp\/v2\/comments?post=315"}],"version-history":[{"count":10,"href":"https:\/\/antalyatouristinformation.com\/de\/wp-json\/wp\/v2\/pages\/315\/revisions"}],"predecessor-version":[{"id":14400,"href":"https:\/\/antalyatouristinformation.com\/de\/wp-json\/wp\/v2\/pages\/315\/revisions\/14400"}],"up":[{"embeddable":true,"href":"https:\/\/antalyatouristinformation.com\/de\/wp-json\/wp\/v2\/pages\/124"}],"wp:featuredmedia":[{"embeddable":true,"href":"https:\/\/antalyatouristinformation.com\/de\/wp-json\/wp\/v2\/media\/2152"}],"wp:attachment":[{"href":"https:\/\/antalyatouristinformation.com\/de\/wp-json\/wp\/v2\/media?parent=315"}],"wp:term":[{"taxonomy":"category","embeddable":true,"href":"https:\/\/antalyatouristinformation.com\/de\/wp-json\/wp\/v2\/categories?post=315"},{"taxonomy":"post_tag","embeddable":true,"href":"https:\/\/antalyatouristinformation.com\/de\/wp-json\/wp\/v2\/tags?post=315"}],"curies":[{"name":"wp","href":"https:\/\/api.w.org\/{rel}","templated":true}]}}