{"id":317,"date":"2021-02-15T14:51:47","date_gmt":"2021-02-15T13:51:47","guid":{"rendered":"http:\/\/antalyatouristinformation.com\/clone4639485xzhehsskdjfhhdhebdkkekdeewsd4545gdfgm\/?page_id=317"},"modified":"2023-02-28T15:32:13","modified_gmt":"2023-02-28T14:32:13","slug":"patara","status":"publish","type":"page","link":"https:\/\/antalyatouristinformation.com\/de\/sehenswurdigkeiten\/strand\/patara\/","title":{"rendered":"Patara Strand in Ka\u015f: Guide mit Anfahrt, Attraktionen, Tipps"},"content":{"rendered":"<h3>Das ist unser kompletter Guide zum Patara Strand bei Ka\u015f.<\/h3>\n<p>Der l\u00e4ngste und breiteste <a href=\"https:\/\/antalyatouristinformation.com\/de\/sehenswurdigkeiten\/strand\/\">Strand <\/a>in der T\u00fcrkei ist ein Paradies aus honiggelben Sandd\u00fcnen.<\/p>\n<p>Kein Wunder, dass der Patara Strand zu den sch\u00f6nsten Str\u00e4nden der Welt geh\u00f6rt.<\/p>\n<p>Lest hier wichtige Infos und Reisetipps f\u00fcr euren Strandbesuch. Dazu geh\u00f6ren Eintrittspreise, Attraktionen in der N\u00e4he und die Anfahrt.<\/p>\n<p>Lasst uns damit beginnen, was ihr am Patara Strand machen k\u00f6nnt \u2026<\/p>\n<p><span><img decoding=\"async\" alt=\"Patara beach in Antalya in Turkey\" data-id=\"2196\" width=\"702\" data-init-width=\"1000\" height=\"468\" data-init-height=\"667\" title=\"Patara beach in Antalya in Turkey\" src=\"\/\/antalyatouristinformation.com\/de\/wp-content\/uploads\/sites\/10\/2021\/04\/Patara-beach-in-Antalya-in-Turkey.jpg\" data-width=\"702\" data-height=\"468\" loading=\"lazy\" data-pin-media=\"https:\/\/antalyatouristinformation.com\/de\/wp-content\/uploads\/sites\/10\/2021\/06\/prag_50_sehenswuerdigkeiten_pinterest-28.jpg\" data-pin-description=\"Guide to Patara Beach in Ka\u015f | Antalya Tourist Information\" data-pin-url=\"https:\/\/antalyatouristinformation.com\/de\/things-to-do\/beach\/patara\/?tve=true&amp;tcbf=3fb0886d64\" data-pinpro-key=\"rb5ih4rww\"><\/span><\/p>\n<h2 id=\"t-1624878791368\" data-alt-text=\"Was kann ich machen?\">Was kann ich am Patara Strand machen?<\/h2>\n<p>Ihr werdet schnell erkennen, was den Patara Strand so einzigartig macht! Der 12 km lange Patara Strand zeichnet sich durch seinen Sandstrand von einer bemerkenswerten<strong> Breite von rund 500 Metern <\/strong>aus. Er gleicht mit seiner F\u00fclle an <strong>feinem, honiggelbem Sand<\/strong> vielmehr einer <strong>W\u00fcste <\/strong>als einem Strand.<\/p>\n<p>Der Eindruck wird auch durch die unbebaute Umgebung verst\u00e4rkt. Abgesehen von einem gro\u00dfen Strandcaf\u00e9 mit vielen Sitzm\u00f6glichkeiten, Snacks, Erfrischungen und Eis, werdet ihr keine gro\u00dfen Geb\u00e4ude sehen.<\/p>\n<p>Trotz seiner Beliebtheit kommen an dem Naturstrand auch Urlauber auf ihre Kosten, die <strong>Ruhe und Abgeschiedenheit<\/strong> bevorzugen. Dank der weitl\u00e4ufigen Fl\u00e4che werdet ihr keine Probleme haben, ein ruhiges Fleckchen f\u00fcr euch zu finden.<\/p>\n<p>Ihr k\u00f6nnt am Patara Strand wunderbar relaxen, Sonne tanken, schwimmen gehen oder mit euren Kindern Sandburgen bauen. Das Wasser ist sehr klar und rein. Da das <strong>Meer flach ist<\/strong>, eignet es sich gut f\u00fcr Familien mit Kindern. Allerdings kommt es immer wieder zu gro\u00dfen Wellen.<\/p>\n<p>Am Strand gibt es kostenlose Duschen, Umkleidekabinen und Toiletten. Strandliegen und Sonnenschirme k\u00f6nnt ihr gegen eine Geb\u00fchr mieten.<\/p>\n<p>Eine besonders sch\u00f6ne Kulisse genie\u00dft ihr zur goldenen Stunde. Von den Klippen aus k\u00f6nnt ihr den Sonnenuntergang beobachten und<strong> sch\u00f6ne Erinnerungsfotos<\/strong><strong>mit den vielen Sandd\u00fcnen<\/strong> und dem Meer im Hintergrund schie\u00dfen.<\/p>\n<p>Da der Patara Strand unter Naturschutz steht, wird er um 20:00 Uhr geschlossen. So werden die hier nistenden Meeresschildkr\u00f6ten Caretta Caretta nicht gest\u00f6rt.<\/p>\n<h3>Attraktionen in der Umgebung<\/h3>\n<p>Ihr findet <strong>die Ruinen der antiken Hafenstadt Patara<\/strong> in unmittelbarer N\u00e4he zum Strand. Die antike Stadt ist vor allem deshalb ber\u00fchmt, weil Nikolaus von Myra, auch bekannt als Sankt Nikolaus, hier geboren wurde. Lest mehr dazu in unserem Guide \u00fcber <a href=\"https:\/\/antalyatouristinformation.com\/de\/sehenswurdigkeiten\/geschichte\/patara\/\">die antike Stadt Patara<\/a>.<\/p>\n<p>In der Umgebung gibt es weitere antike St\u00e4tten, die ihr nicht verpassen solltet. Dazu geh\u00f6ren die <a href=\"https:\/\/antalyatouristinformation.com\/de\/sehenswurdigkeiten\/geschichte\/xanthos\/\">antike Stadt Xanthos<\/a> und <a href=\"https:\/\/antalyatouristinformation.com\/de\/sehenswurdigkeiten\/geschichte\/letoon\/\">die antike St\u00e4tte Letoon<\/a>.<\/p>\n<p>Sehr sehenswert ist der ber\u00fchmte <a href=\"https:\/\/antalyatouristinformation.com\/de\/sehenswurdigkeiten\/canyon\/saklikent\/\">Sakl\u0131kent Canyon im Sakl\u0131kent Nationalpark<\/a>. Er ist <strong>eine der meistbesuchten Sehensw\u00fcrdigkeiten<\/strong> in der Gegend.<\/p>\n<p><span><img decoding=\"async\" alt=\"Sunset in Patara Beach in Antalya\" data-id=\"2198\" width=\"702\" data-init-width=\"1000\" height=\"468\" data-init-height=\"667\" title=\"Sunset in Patara Beach in Antalya\" src=\"\/\/antalyatouristinformation.com\/de\/wp-content\/uploads\/sites\/10\/2021\/04\/Sunset-in-Patara-Beach-in-Antalya.jpg\" data-width=\"702\" data-height=\"468\" loading=\"lazy\" data-pin-media=\"https:\/\/antalyatouristinformation.com\/de\/wp-content\/uploads\/sites\/10\/2021\/06\/prag_50_sehenswuerdigkeiten_pinterest-28.jpg\" data-pin-description=\"Guide to Patara Beach in Ka\u015f | Antalya Tourist Information\" data-pin-url=\"https:\/\/antalyatouristinformation.com\/de\/things-to-do\/beach\/patara\/?tve=true&amp;tcbf=3fb0886d64\" data-pinpro-key=\"2y4kgb6la\"><\/span><\/p>\n<h2 id=\"t-1624878791369\" data-alt-text=\"Eintritt, Tickets &amp; F\u00fchrungen\">Eintritt, Tickets und F\u00fchrungen<\/h2>\n<ul>\n<li><span><strong><b>Eintritt:<\/b> <\/strong>Um den Patara Strand zu besuchen, m\u00fcsst ihr Eintritt zahlen. Die Geb\u00fchr f\u00fcr Strandliegen und Sonnenschirme sind im Preis nicht inbegriffen.<\/span><\/li>\n<li><span><strong>Tickets:<\/strong> Eintrittskarten sind an der Ticketkasse vor Ort erh\u00e4ltlich.<\/span><\/li>\n<li><span><strong><b>Touren:<\/b> <\/strong>Beliebt sind Ausfl\u00fcge mit Jeep Safaris, die von der Stadt Fethiye zum Patara Strand fahren. Sie sind bei lokalen Touranbietern erh\u00e4ltlich.<\/span><\/li>\n<\/ul>\n<ul>\n<li><span><strong><b>Tipp:<\/b> <\/strong>Falls ihr Tickets f\u00fcr Vergn\u00fcgungsparks, Museen und Touren f\u00fcr eure Antalya-Reise vorab buchen m\u00f6chtet, solltet ihr unbedingt einen Blick auf die Angebote in unserem offiziellen Shop werfen:<\/span><\/li>\n<\/ul>\n<p><span><img decoding=\"async\" alt=\"Patara beach in Antalya\" data-id=\"2200\" width=\"702\" data-init-width=\"1000\" height=\"468\" data-init-height=\"667\" title=\"Patara beach in Antalya\" src=\"\/\/antalyatouristinformation.com\/de\/wp-content\/uploads\/sites\/10\/2021\/04\/Patara-beach-in-Antalya.jpg\" data-width=\"702\" data-height=\"468\" loading=\"lazy\" data-pin-media=\"https:\/\/antalyatouristinformation.com\/de\/wp-content\/uploads\/sites\/10\/2021\/06\/prag_50_sehenswuerdigkeiten_pinterest-28.jpg\" data-pin-description=\"Guide to Patara Beach in Ka\u015f | Antalya Tourist Information\" data-pin-url=\"https:\/\/antalyatouristinformation.com\/de\/things-to-do\/beach\/patara\/?tve=true&amp;tcbf=3fb0886d64\" data-pinpro-key=\"2srr951d4\"><\/span><\/p>\n<h2 id=\"t-1625575207524\" data-alt-text=\"Anfahrt\">Wie komme ich zum Patara Strand?<\/h2>\n<p>Der Patara Strand befindet sich zwischen Ka\u015f und Fethiye in der Provinz Antalya. Er liegt im Dorf Gelemi\u015f, etwa 42 km von Ka\u015f entfernt.<\/p>\n<ul>\n<li><b>\u00d6ffentlicher Verkehr:<\/b> Ihr k\u00f6nnt den Patara Strand mit dem <a href=\"https:\/\/antalyatouristinformation.com\/de\/offentlicher-verkehr\/\">\u00f6ffentlichen Verkehr<\/a> gut erreichen. Minibusse (Dolmu\u015f) starten alle 20 Minuten vom Busbahnhof Ka\u015f und fahren zum Strand.<\/li>\n<li><b>Mit dem Bus:<\/b> Vom Zentrum Antalyas fahren ebenfalls Busse zum Patara Strand. Das Zentrum von Antalya liegt allerdings 220 km entfernt. Deshalb ist die Anfahrt mit dem Bus nicht zu empfehlen.<\/li>\n<li><b>Mit dem Auto:<\/b> Eine gute Option ist die Anreise mit dem <a href=\"https:\/\/antalyatouristinformation.com\/de\/plan\/mietwagen\/\">Mietwagen<\/a>. Vor Ort gibt es viele Parkm\u00f6glichkeiten.<\/li>\n<\/ul>\n<p><span><img decoding=\"async\" alt=\"The city gate of Patara in Antalya\" data-id=\"2202\" width=\"702\" data-init-width=\"1000\" height=\"468\" data-init-height=\"667\" title=\"The city gate of Patara in Antalya\" src=\"\/\/antalyatouristinformation.com\/de\/wp-content\/uploads\/sites\/10\/2021\/04\/The-city-gate-of-Patara-in-Antalya.jpg\" data-width=\"702\" data-height=\"468\" loading=\"lazy\" data-pin-media=\"https:\/\/antalyatouristinformation.com\/de\/wp-content\/uploads\/sites\/10\/2021\/06\/prag_50_sehenswuerdigkeiten_pinterest-28.jpg\" data-pin-description=\"Guide to Patara Beach in Ka\u015f | Antalya Tourist Information\" data-pin-url=\"https:\/\/antalyatouristinformation.com\/de\/things-to-do\/beach\/patara\/?tve=true&amp;tcbf=3fb0886d64\" data-pinpro-key=\"5si6tb6n3\"><\/span><\/p>\n<h2 id=\"t-1619540419718\" data-alt-text=\"FAQ \">FAQ (H\u00e4ufige Fragen)<\/h2>\n<h2 id=\"t-1624878791370\" data-alt-text=\"Hotels\">Hotels rund um den Patara Strand<\/h2>\n<p>Der Patara Strand ist ein Naturschutzgebiet. Deshalb findet ihr in der Umgebung keine gro\u00dfen Hotelkomplexe und Resorts. Stattdessen gibt es familiengef\u00fchrte Hotels und bescheidenere Unterk\u00fcnfte f\u00fcr jedes Budget. Hier sind vier Hotels in der N\u00e4he des Patara Strandes.<\/p>\n<p><strong>1. Patara Caretta Hotel: <\/strong>Das kleine familiengef\u00fchrte Hotel ist von sch\u00f6ner Natur umgeben. Dank des kostenlosen Shuttle-Service k\u00f6nnt ihr problemlos die Ruinen von Patara und den Patara Strand erkunden. Sie liegen rund 5 km vom Hotel entfernt. <u>Adresse:<\/u> Gelemi\u015f Mahallesi, Gedik Sokak No: 27, 07976, Patara, Ka\u015f\/Antalya<\/p>\n<p><b>2. Apollon Hotel:<\/b> Das Apollon Hotel befindet sich 3 km von der K\u00fcste von Patara Beach. Das ruhige 3-Sterne-Hotel hat ein Pool und ein Restaurant. Es ist eine gute Wahl f\u00fcr Familien mit Kindern. <u>Adresse:<\/u>Gelemi\u015f, 07950, 07976 Patara Merkez, 07950 Patara Merkez\/Antalya<\/p>\n<p><b>3. Golden Lighthouse Hotel:<\/b> Falls ihr einen gem\u00fctlichen Ort zum Entspannen sucht, ist das Golden Lighthouse Hotel genau das Richtige f\u00fcr euch. Das nette kleine Hotel liegt in der N\u00e4he des Zentrums von Patara (200m), den Ruinen von Patara (2 km) und des Patara Strandes (3 km). <u>Adresse:<\/u> Patara Merkez sokak no 39, 07975 Ka\u015f\/Antalya<\/p>\n<p><b>4. Flower Pension:<\/b> Die Flower Pension ist eine preisg\u00fcnstige Unterkunft in der N\u00e4he des Patara Strandes. Sie zeichnet sich durch t\u00fcrkische Gerichte mit frischem Gem\u00fcse aus eigenem Anbau und einem ungezwungenen Ambiente aus. Falls ihr Blumen, Kr\u00e4uter und B\u00e4ume liebt, k\u00f6nnte sie der perfekte Ort f\u00fcr euch sein. <u>Adresse:<\/u> Gelemi\u015f K\u00f6y\u00fc Merkez Mah. 11 &#8211; 11\/B, 07965<\/p>\n<h2 id=\"t-1619540419720\" data-alt-text=\"Kontakt\">Kontakt<\/h2>\n<ul>\n<li><span><strong>Adresse:&nbsp;<\/strong>Patara Beach,<strong> <\/strong>Gelemi\u015f, 07976 Ka\u015f\/Antalya<\/span><\/li>\n<li><span><strong><strong>\u00d6ffnungszeiten: <\/strong><\/strong>T\u00e4glich von 8:00 bis 20:00 Uhr<\/span><\/li>\n<li><span><strong><strong>\u00d6ffentlicher Verkehr: <\/strong><\/strong>Mit den Minibussen vom Busbahnhof Ka\u015f<\/span><\/li>\n<\/ul>\n<h3 id=\"t-1624878791371\">Weitere sch\u00f6ne Str\u00e4nde rund um den Patara Strand<\/h3>\n<p>Lest diese Artikel, falls ihr auch die anderen sch\u00f6nen Str\u00e4nde in der Region Antalya besuchen m\u00f6chtet:<\/p>\n<ul>\n<li><a href=\"https:\/\/antalyatouristinformation.com\/de\/sehenswurdigkeiten\/strand\/kaputas\/\">Guide zum Kaputa\u015f Strand in Ka\u015f<\/a><\/li>\n<li><a href=\"https:\/\/antalyatouristinformation.com\/de\/sehenswurdigkeiten\/strand\/kleopatra\/\">Guide zum Kleopatra Strand in Alanya<\/a><\/li>\n<li><a href=\"https:\/\/antalyatouristinformation.com\/de\/sehenswurdigkeiten\/strand\/damlatas\/\">Guide zum Damlata\u015f Strand in Alanya<\/a><\/li>\n<li><a href=\"https:\/\/antalyatouristinformation.com\/de\/sehenswurdigkeiten\/strand\/konyaalti\/\">Guide f\u00fcr den Konyaalt\u0131 Strand in Antalya<\/a><\/li>\n<li><a href=\"https:\/\/antalyatouristinformation.com\/de\/sehenswurdigkeiten\/strand\/olympos\/\">Guide zum Olympos Strand in \u00c7iral\u0131<\/a><\/li>\n<\/ul>\n","protected":false},"excerpt":{"rendered":"<p>Das ist unser kompletter Guide zum Patara Strand bei Ka\u015f. Der l\u00e4ngste und breiteste Strand in der T\u00fcrkei ist ein Paradies aus honiggelben Sandd\u00fcnen. Kein Wunder, dass der Patara Strand zu den sch\u00f6nsten Str\u00e4nden der Welt geh\u00f6rt. Lest hier wichtige Infos und Reisetipps f\u00fcr euren Strandbesuch. Dazu geh\u00f6ren Eintrittspreise, Attraktionen in der N\u00e4he und die [&hellip;]<\/p>\n","protected":false},"author":5,"featured_media":2195,"parent":124,"menu_order":0,"comment_status":"open","ping_status":"closed","template":"","meta":{"_acf_changed":false,"footnotes":""},"categories":[],"tags":[39],"class_list":["post-317","page","type-page","status-publish","has-post-thumbnail","hentry","tag-beach","post-wrapper","thrv_wrapper"],"acf":[],"wp-worthy-pixel":{"ignored":false,"public":"7447c4d5c48f4e1dacb5ab16d13427f0","server":"vg01.met.vgwort.de","url":"https:\/\/vg01.met.vgwort.de\/na\/7447c4d5c48f4e1dacb5ab16d13427f0"},"wp-worthy-type":"normal","_links":{"self":[{"href":"https:\/\/antalyatouristinformation.com\/de\/wp-json\/wp\/v2\/pages\/317","targetHints":{"allow":["GET"]}}],"collection":[{"href":"https:\/\/antalyatouristinformation.com\/de\/wp-json\/wp\/v2\/pages"}],"about":[{"href":"https:\/\/antalyatouristinformation.com\/de\/wp-json\/wp\/v2\/types\/page"}],"author":[{"embeddable":true,"href":"https:\/\/antalyatouristinformation.com\/de\/wp-json\/wp\/v2\/users\/5"}],"replies":[{"embeddable":true,"href":"https:\/\/antalyatouristinformation.com\/de\/wp-json\/wp\/v2\/comments?post=317"}],"version-history":[{"count":10,"href":"https:\/\/antalyatouristinformation.com\/de\/wp-json\/wp\/v2\/pages\/317\/revisions"}],"predecessor-version":[{"id":14813,"href":"https:\/\/antalyatouristinformation.com\/de\/wp-json\/wp\/v2\/pages\/317\/revisions\/14813"}],"up":[{"embeddable":true,"href":"https:\/\/antalyatouristinformation.com\/de\/wp-json\/wp\/v2\/pages\/124"}],"wp:featuredmedia":[{"embeddable":true,"href":"https:\/\/antalyatouristinformation.com\/de\/wp-json\/wp\/v2\/media\/2195"}],"wp:attachment":[{"href":"https:\/\/antalyatouristinformation.com\/de\/wp-json\/wp\/v2\/media?parent=317"}],"wp:term":[{"taxonomy":"category","embeddable":true,"href":"https:\/\/antalyatouristinformation.com\/de\/wp-json\/wp\/v2\/categories?post=317"},{"taxonomy":"post_tag","embeddable":true,"href":"https:\/\/antalyatouristinformation.com\/de\/wp-json\/wp\/v2\/tags?post=317"}],"curies":[{"name":"wp","href":"https:\/\/api.w.org\/{rel}","templated":true}]}}