{"id":319,"date":"2021-02-15T14:52:04","date_gmt":"2021-02-15T13:52:04","guid":{"rendered":"http:\/\/antalyatouristinformation.com\/clone4639485xzhehsskdjfhhdhebdkkekdeewsd4545gdfgm\/?page_id=319"},"modified":"2021-08-03T10:56:28","modified_gmt":"2021-08-03T08:56:28","slug":"damlatas","status":"publish","type":"page","link":"https:\/\/antalyatouristinformation.com\/de\/sehenswurdigkeiten\/strand\/damlatas\/","title":{"rendered":"Damlatas Strand in Alanya: Kompletter Guide mit Anfahrt, Attraktionen, Tipps"},"content":{"rendered":"<p>Das ist unser Guide zum Damlata\u015f Strand in Alanya.<\/p>\n<p>Hier lest ihr alles \u00fcber den Besuch des Strandes, den Eintritt, die Anfahrt, Attraktionen in der N\u00e4he, h\u00e4ufige Fragen und die Geschichte des Damlatas Strandes.&nbsp;<\/p>\n<p>Lasst uns damit anfangen, was ihr am Damlata\u015f Strand machen k\u00f6nnt \u2026<\/p>\n<p><span><img decoding=\"async\" alt=\"Damlata\u015f Beach in Alanya in Antalya\" data-id=\"5586\" width=\"702\" data-init-width=\"1000\" height=\"468\" data-init-height=\"667\" title=\"Damlata\u015f Beach in Alanya in Antalya\" src=\"https:\/\/antalyatouristinformation.com\/de\/wp-content\/uploads\/sites\/10\/2021\/05\/Damlatas-Beach-in-Alanya-in-Antalya.jpg\" data-width=\"702\" data-height=\"468\" loading=\"lazy\" data-pin-media=\"https:\/\/antalyatouristinformation.com\/de\/wp-content\/uploads\/sites\/10\/2021\/06\/prag_50_sehenswuerdigkeiten_pinterest-13.jpg\" data-pin-description=\"Guide to Damlata\u015f Beach in Alanya | Antalya Tourist Information\" data-pin-url=\"https:\/\/antalyatouristinformation.com\/de\/things-to-do\/beach\/damlatas\/?tve=true&amp;tcbf=affd232f39\" data-pinpro-key=\"c20ijs6ct\"><\/span><\/p>\n<h2 id=\"t-1624871712421\" data-alt-text=\"Was kann ich machen?\">Was kann ich am Damlata\u015f Strand machen?<\/h2>\n<p>Der Damlata\u015f Strand neben der Damlata\u015f Tropfsteinh\u00f6hle<strong>&nbsp;ist der \u00f6stliche Teil des ber\u00fchmten <a href=\"https:\/\/antalyatouristinformation.com\/de\/sehenswurdigkeiten\/strand\/kleopatra\/\">Kleopatra Strandes<\/a>.<\/strong> Er ist einer der beliebtesten Str\u00e4nde von Alanya.<\/p>\n<p>Der Strand liegt in der Kleopatra Bucht, in der Kleopatra gebadet haben soll. Wie sein Nachbar besitzt Damlata\u015f <strong>feinen, goldenen Sand und glasklares Wasser.<\/strong><\/p>\n<p>Kein Wunder, dass das <strong>Tauchen und Schnorcheln zu den beliebtesten Aktivit\u00e4ten<\/strong> am Damlata\u015f Strand z\u00e4hlen. Ihr k\u00f6nnt hier wundervoll die pr\u00e4chtige Unterwasserwelt der Kleopatra Bucht bewundern und zwischen Fischen schwimmen.<\/p>\n<p><strong>Der 250 Meter lange Sandstrand ist rund 100 Meter breit. <\/strong>Aus diesem Grund solltet ihr keine gro\u00dfen Probleme haben, ein ruhiges Pl\u00e4tzchen zu finden.<\/p>\n<p>Wie der Kleopatra Strand besitzt der Damlata\u015f Strand eine <strong>\u201eBlaue Flagge\u201c<\/strong>, was f\u00fcr die gute Wasserqualit\u00e4t der Bucht spricht.<\/p>\n<p>Vor Ort gibt es <strong>kostenpflichtige Sonnenliegen, Schirme <\/strong>und <strong>Optionen f\u00fcr Wassersport<\/strong>. In der N\u00e4he des Strandes findet ihr zudem Imbissst\u00e4nde f\u00fcr den kleinen Hunger.<\/p>\n<h3>Tandem Paragliding<\/h3>\n<p>Eines der beliebtesten Aktivit\u00e4ten am Damlata\u015f Strand ist das <a href=\"https:\/\/antalyatouristinformation.com\/de\/sehenswurdigkeiten\/tandem-paragliding\/\">Tandem Paragliden<\/a>. Falls ihr an solch einem <strong>einmaligen Erlebnis<\/strong> interessiert seid, dann seid ihr hier genau richtig! Es gibt Anbieter f\u00fcr Tandem-Paragliding direkt am Damlatas und Kleopatra Strand.<\/p>\n<p>Bei dem Tandemflug mit einem professionellen Piloten k\u00f6nnt ihr <strong>Alanya aus der Vogelperspektive<\/strong> erleben. Genie\u00dft den Ausblick auf Alanyas t\u00fcrkisfarbenes Wasser und Attraktionen wie die Burg von Alanya, die Kleopatra-Bucht und Yassi-Tepe. <strong>Zum Schluss landet ihr am Kleopatra-Strandabschnitt.<\/strong><\/p>\n<h3>Attraktionen in der N\u00e4he<\/h3>\n<p>Da der Damlata\u015f Strand direkt vor der Damlata\u015f H\u00f6hle liegt, k\u00f6nnt ihr einen Ausflug dorthin perfekt miteinander kombinieren.<\/p>\n<p>Mehr Informationen \u00fcber die Tropfsteinh\u00f6hle gibt es in unserem Guide \u00fcber die&nbsp;<a href=\"https:\/\/antalyatouristinformation.com\/de\/sehenswurdigkeiten\/hohle\/damlatas\/\">Damlata\u015f H\u00f6hle<\/a>.<\/p>\n<p>Andere beliebte Attraktionen sind der bereits erw\u00e4hnte Kleopatra Strand, die Burg von Alanya westlich vom Strand sowie das <a href=\"https:\/\/antalyatouristinformation.com\/de\/sehenswurdigkeiten\/museum\/alanya-archaologisch\/\">Arch\u00e4ologische Museum von Alanya<\/a>.<\/p>\n<p>Die Gegend ist auch ein guter Ort, um das <a href=\"https:\/\/antalyatouristinformation.com\/de\/nightlife\/\">Nightlife in der Region Antalya<\/a> zu erkunden. Das Ausgehviertel von Alanya liegt in der N\u00e4he vom <a href=\"https:\/\/antalyatouristinformation.com\/de\/sehenswurdigkeiten\/geschichte\/kizil-kule\/\">Roten Turm&nbsp;(K\u0131z\u0131l Kule)<\/a>&nbsp;und der Hafen ist zu Fu\u00df erreichbar. Sie sind alle fu\u00dfl\u00e4ufig erreichbar.<\/p>\n<h3>Alanya Seilbahn<\/h3>\n<p>Die Alanya-Seilbahn zur Burg von Alanya liegt direkt am Damlata\u015f Strand. Die beeindruckende Fahrt zur Burg geh\u00f6rt zu den beliebtesten Attraktionen der Gegend.<\/p>\n<p>An der Talstation am Damlata\u015f Strand startet die Seilbahn. Sie bringt euch hinauf zur seldschukischen Festung aus dem 13. Jahrhundert, die sich auf einem 250 Meter hohen H\u00fcgel befindet.<\/p>\n<p>W\u00e4hrend der Fahrt k\u00f6nnt ihr ein spektakul\u00e4res Panorama der Landschaft von Alanya genie\u00dfen. Von hier aus seht ihr die Str\u00e4nde Damlata\u015f und Kleopatra, das glitzernde Mittelmeer und die gewaltige Bergkette. Die Fahrt dauert etwa 5 Minuten.<\/p>\n<p>Die 2017 er\u00f6ffnete Alanya-Seilbahn hat eine Streckenl\u00e4nge von 900 Metern. Sie besitzt 16 Kabinen, von denen jede 6 Personen beherbergen kann. Die Seilbahn ist t\u00e4glich von 09.30 Uhr bis 23.00 Uhr in Betrieb.<\/p>\n<p>Werft einen Blick in unseren Guide zur <a href=\"https:\/\/antalyatouristinformation.com\/de\/sehenswurdigkeiten\/geschichte\/alanya-burg\/\">Burg von Alanya<\/a>.<\/p>\n<p><span><img decoding=\"async\" alt=\"Damlata\u015f Beach in Antalya in Turkey\" data-id=\"5588\" width=\"702\" data-init-width=\"1000\" height=\"468\" data-init-height=\"667\" title=\"Damlata\u015f Beach in Antalya in Turkey\" src=\"https:\/\/antalyatouristinformation.com\/de\/wp-content\/uploads\/sites\/10\/2021\/05\/Damlatas-Beach-in-Antalya-in-Turkey.jpg\" data-width=\"702\" data-height=\"468\" loading=\"lazy\" data-pin-media=\"https:\/\/antalyatouristinformation.com\/de\/wp-content\/uploads\/sites\/10\/2021\/06\/prag_50_sehenswuerdigkeiten_pinterest-13.jpg\" data-pin-description=\"Guide to Damlata\u015f Beach in Alanya | Antalya Tourist Information\" data-pin-url=\"https:\/\/antalyatouristinformation.com\/de\/things-to-do\/beach\/damlatas\/?tve=true&amp;tcbf=affd232f39\" data-pinpro-key=\"uivcswdj6\"><\/span><\/p>\n<h2 id=\"t-1624871712422\" data-alt-text=\"Eintritt, Tickets &amp; F\u00fchrungen\">Eintritt, Tickets und F\u00fchrungen<\/h2>\n<ul>\n<li><span><strong>Eintritt: <\/strong>Da der Damlata\u015f Strand ein \u00f6ffentlicher Strand ist, m\u00fcsst ihr keinen Eintritt zahlen. Liegen und Sonnenschirme sind gegen eine Geb\u00fchr erh\u00e4ltlich.<\/span><\/li>\n<\/ul>\n<ul>\n<li><span><strong><b>Tandem Paragliding<\/b>:<\/strong> Der Damlata\u015f Strand ist ein beliebter Ort f\u00fcr Tandemfl\u00fcge. Ihr findet Angebote dazu in unserem <a href=\"https:\/\/antalyatouristinformation.com\/de\/ticket\/alanya-tandem-paraglinding\/\">offiziellen Ticketshop<\/a>.<\/span><\/li>\n<\/ul>\n<ul>\n<li><span><strong>Bootstouren: <\/strong>Ihr findet viele Angebote zu Bootstouren online. Stellt euch auf tolle Touren ein! Wir empfehlen im Voraus zu buchen. Hier gibt es verschiedene <strong>Angebote f\u00fcr Bootstouren in Alanya<\/strong>.<\/span><\/li>\n<\/ul>\n<ul>\n<li><span><strong>Alanya-Seilbahn-Tickets: <\/strong>Tickets f\u00fcr die Alanya-Seilbahn sind sowohl vor Ort als auch online<strong>&nbsp;<strong><a href=\"https:\/\/antalyatouristinformation.com\/de\/tickets\/\">in unserem Ticketshop erh\u00e4ltlich<\/a><strong>.<\/strong><\/strong><\/strong><\/span><\/li>\n<\/ul>\n<ul>\n<li><span><strong>Tipp: <\/strong>Falls ihr Tickets f\u00fcr Vergn\u00fcgungsparks, Museen und Touren f\u00fcr eure Antalya-Reise vorab buchen m\u00f6chtet, solltet ihr unbedingt einen Blick auf die Angebote in unserem offiziellen Shop werfen:<\/span><\/li>\n<\/ul>\n<p><span><img decoding=\"async\" alt=\"Cleopatra Beach in Antalya in Turkey\" data-id=\"5581\" width=\"702\" data-init-width=\"1000\" height=\"468\" data-init-height=\"667\" title=\"Cleopatra Beach in Antalya in Turkey\" src=\"https:\/\/antalyatouristinformation.com\/de\/wp-content\/uploads\/sites\/10\/2021\/05\/Cleopatra-Beach-in-Antalya.jpg\" data-width=\"702\" data-height=\"468\" loading=\"lazy\" data-pin-media=\"https:\/\/antalyatouristinformation.com\/de\/wp-content\/uploads\/sites\/10\/2021\/06\/prag_50_sehenswuerdigkeiten_pinterest-13.jpg\" data-pin-description=\"Guide to Damlata\u015f Beach in Alanya | Antalya Tourist Information\" data-pin-url=\"https:\/\/antalyatouristinformation.com\/de\/things-to-do\/beach\/damlatas\/?tve=true&amp;tcbf=affd232f39\" data-pinpro-key=\"k09a81x7i\"><\/span><\/p>\n<h3>Wie komme ich zum Damlata\u015f Strand?<\/h3>\n<p>Der Damlata\u015f Strand liegt im Westen von Alanya, direkt vor der K\u00fcste der gleichnamigen Tropfsteinh\u00f6hle. Er grenzt im Osten an den Kleopatra-Strand und im Westen an die Burg von Alanya.<\/p>\n<ul>\n<li style=\"text-align: left\"><strong>\u00d6ffentlicher Verkehr &amp; Taxi:&nbsp;<\/strong>Der Damlata\u015f Strand ist nur 2 Kilometer von der Innenstadt entfernt. Daher k\u00f6nnt ihr den Damlata\u015f Strand gut mit dem<a href=\"https:\/\/antalyatouristinformation.com\/de\/offentlicher-verkehr\/\"> \u00f6ffentlichen Verkehr<\/a> erreichen. In der N\u00e4he des Strandes halten die Buslinien 1, 40 und 50. Eine gute Alternative sind <a href=\"https:\/\/antalyatouristinformation.com\/de\/offentlicher-verkehr\/taxi\/\">Taxis<\/a>.<\/li>\n<li style=\"text-align: left\"><strong>Vom Flughafen Antalya: <\/strong>Der Strand liegt 120 km vom <a href=\"https:\/\/antalyatouristinformation.com\/de\/plan\/antalya-flughafen\/\">Flughafen Antalya<\/a> entfernt. Deswegen lohnt es sich hier einen Mietwagen zu buchen. Alternativ k\u00f6nnt ihr auch mit Reisebussen nach Alanya fahren. Hier steht mehr zu <a href=\"https:\/\/antalyatouristinformation.com\/de\/plan\/mietwagen\/\">Mietwagen in Antalya<\/a>.<\/li>\n<\/ul>\n<p><span><img decoding=\"async\" alt=\"Damlatas Beach in Antalya in Turkey\" data-id=\"5591\" width=\"702\" data-init-width=\"1000\" height=\"468\" data-init-height=\"667\" title=\"Damlatas Beach in Antalya in Turkey\" src=\"https:\/\/antalyatouristinformation.com\/de\/wp-content\/uploads\/sites\/10\/2021\/05\/Damlatas-Beach-in-Antalya-in-Turkey-1.jpg\" data-width=\"702\" data-height=\"468\" loading=\"lazy\" data-pin-media=\"https:\/\/antalyatouristinformation.com\/de\/wp-content\/uploads\/sites\/10\/2021\/06\/prag_50_sehenswuerdigkeiten_pinterest-13.jpg\" data-pin-description=\"Guide to Damlata\u015f Beach in Alanya | Antalya Tourist Information\" data-pin-url=\"https:\/\/antalyatouristinformation.com\/de\/things-to-do\/beach\/damlatas\/?tve=true&amp;tcbf=affd232f39\" data-pinpro-key=\"ue5d9e3qm\"><\/span><\/p>\n<h2 id=\"t-1619538857261\" data-alt-text=\"FAQ\">FAQ (H\u00e4ufige Fragen)<\/h2>\n<p><span><img decoding=\"async\" alt=\"Hotels around Damlata\u015f Beach in Antalya in Turkey\" data-id=\"5593\" width=\"702\" data-init-width=\"1000\" height=\"468\" data-init-height=\"667\" title=\"Hotels around Damlata\u015f Beach in Antalya in Turkey\" loading=\"lazy\" src=\"https:\/\/antalyatouristinformation.com\/de\/wp-content\/uploads\/sites\/10\/2021\/05\/Hotels-around-Damlatas-Beach-in-Antalya-in-Turkey.jpg\" data-width=\"702\" data-height=\"468\" data-pin-media=\"https:\/\/antalyatouristinformation.com\/de\/wp-content\/uploads\/sites\/10\/2021\/06\/prag_50_sehenswuerdigkeiten_pinterest-13.jpg\" data-pin-description=\"Guide to Damlata\u015f Beach in Alanya | Antalya Tourist Information\" data-pin-url=\"https:\/\/antalyatouristinformation.com\/de\/things-to-do\/beach\/damlatas\/?tve=true&amp;tcbf=affd232f39\" data-pinpro-key=\"hkj6u2s4t\"><\/span><\/p>\n<h2 id=\"t-1624871712423\" data-alt-text=\"Hotels\">Hotels am und um den Damlata\u015f Strand<\/h2>\n<p>Am Damlata\u015f Strand gibt es Hotels, die direkt am Strand liegen. Die meisten der Hotels geh\u00f6ren zur 3- oder 4-Sterne-Kategorie. Au\u00dferdem gibt es Apartments und Airbnbs, die durch den Atat\u00fcrk Boulevard oder den Atat\u00fcrk Park vom Strand getrennt sind.<\/p>\n<p>Hier stellen wir euch unsere Auswahl der 4 besten Hotels am Damlata\u015f Strand vor:<\/p>\n<p><strong>Riviera Hotel &amp; Spa: <\/strong>Das Riviera Hotel &amp; Spa liegt 200 Meter vom Damlata\u015f Beach entfernt. Es ist eines der beliebtesten Hotels in der Gegend. Das Hotel hat eine gute Lage, Swimmingpools, Restaurants, einen Miniclub f\u00fcr Kinder, ein Fitnesscenter und ein Spa- und Wellnesscenter. <u>Adresse<\/u>: Saray, G\u00fczelyal\u0131 Cd. Nr:32, 07400 Alanya\/Antalya<\/p>\n<p><strong>Kleopatra Ramira Hotel: <\/strong>Das 4-Sterne-Hotel im Zentrum von Alanya besitzt moderne Zimmer, Au\u00dfenpools, ein t\u00fcrkisches Bad und eine Sauna. Zu Fu\u00df erreicht ihr den malerischen Strand nach etwa 20 Minuten. F\u00fcr Hotelg\u00e4ste gibt es einen kostenlosen Shuttle-Bus zum Kleopatra Strand sowie kostenlose Liegen und Sonnenschirme. <u>Adresse:<\/u> K\u0131zlar P\u0131nar\u0131, T\u00fcmerdem Sk. No:14, 07400 Alanya\/Antalya<\/p>\n<p><strong>Xperia Saray Beach Otel: <\/strong>Das Xperia Saray Beach Otel ist eine luxuri\u00f6se Unterkunft. Hier wird euch ein Spa, spannende Unterhaltung und Restaurants mit t\u00fcrkischer und internationaler K\u00fcche geboten. Das gehobene Hotel befindet sich in fu\u00dfl\u00e4ufiger Entfernung zum Stadtzentrum von Alanya und dem Damlata\u015f Strand. <u>Adresse<\/u>: Saray, Atat\u00fcrk Blv. No:151, 07400 Alanya\/Antalya<\/p>\n<p><strong>Sunprime Alanya Beach Hotel: <\/strong>Falls ihr auf der Suche nach einem R\u00fcckzugsort nur f\u00fcr Erwachsene seid, dann ist dieses Hotel die richtige Wahl. Das 3-Sterne-Hotel hat elegante Zimmer mit Meerblick, ein Wellnesscenter und Pools. Das Sunprime Alanya Beach Hotel liegt direkt am Kleopatra-Strand. Nach wenigen Minuten erreicht ihr den Damlata\u015f Strand und die Damlata\u015f H\u00f6hle. <u>Adresse<\/u>: Saray, Atat\u00fcrk Blv. 900.sok D:no:5, 07400 Alanya\/Antalya<\/p>\n<p><span><img decoding=\"async\" alt=\"Damlata\u015f Beach Cable Car in Antalya in Turkey\" data-id=\"5596\" width=\"702\" data-init-width=\"1000\" height=\"468\" data-init-height=\"667\" title=\"Damlata\u015f Beach Cable Car in Antalya in Turkey\" loading=\"lazy\" src=\"https:\/\/antalyatouristinformation.com\/de\/wp-content\/uploads\/sites\/10\/2021\/05\/Damlatas-Beach-Cable-Car.jpg\" data-width=\"702\" data-height=\"468\" data-pin-media=\"https:\/\/antalyatouristinformation.com\/de\/wp-content\/uploads\/sites\/10\/2021\/06\/prag_50_sehenswuerdigkeiten_pinterest-13.jpg\" data-pin-description=\"Guide to Damlata\u015f Beach in Alanya | Antalya Tourist Information\" data-pin-url=\"https:\/\/antalyatouristinformation.com\/de\/things-to-do\/beach\/damlatas\/?tve=true&amp;tcbf=affd232f39\" data-pinpro-key=\"q56y3pc1x\"><\/span><\/p>\n<h2 id=\"t-1624871712424\" data-alt-text=\"Geschichte\">Geschichte von Damlata\u015f Strand<\/h2>\n<p>F\u00fcr einige Urlauber ist die Namensgebung vom Damlata\u015f und Kleopatra Strand verwirrend. Der ganze Strand hei\u00dft Kleopatra Strand. Der \u00f6stliche Teil des Strandes in der N\u00e4he der Burg von Alanya ist der Damlata\u015f Strand.<\/p>\n<p>Zum Namen Damlata\u015f Strand kam es in den 1950er Jahren, als bei Bauarbeiten in der N\u00e4he des Strandes die Damlata\u015f H\u00f6hle entdeckt wurde. Deshalb befindet sich dort auch der Eingang zur H\u00f6hle. Zur Erinnerung daran wurde der Ort Damlata\u015f Strand genannt.<\/p>\n<p>Der ganze Strand in der Bucht hei\u00dft Kleopatra Strand. Zum Namen kam es, weil Marcus Antonius die K\u00fcste in Alanya nach seiner Hochzeit seiner Frau Kleopatra schenkte.<\/p>\n<p>Der Name Kleopatra Strand soll daher kommen, dass die \u00e4gyptische K\u00f6nigin hier gern zu baden pflegte. Es gibt auch einen Kleopatra-Pool.<\/p>\n<p>Heute geh\u00f6ren der Damlata\u015f und Kleopatra Strand zu den beliebtesten Str\u00e4nden der T\u00fcrkei.<\/p>\n<h2 id=\"t-1619538857264\">Kontakt<\/h2>\n<ul>\n<li><span><strong>Adresse:&nbsp;<\/strong>Damlata\u015f Plaj\u0131 Alanya \/ Antalya<\/span><\/li>\n<li><span><strong><strong>\u00d6ffentlicher Verkehr: <\/strong><\/strong>Buslinien&nbsp;1, 40 und 50<strong><strong> <\/strong><\/strong><\/span><\/li>\n<\/ul>\n<h3 id=\"t-1624871712425\">Weitere sch\u00f6ne Str\u00e4nde rund um den Damlata\u015f Strand<\/h3>\n<p>Lest diese Artikel, falls ihr weitere sch\u00f6ne Str\u00e4nde in der Region Antalya besuchen m\u00f6chtet:<\/p>\n<ul>\n<li><a href=\"https:\/\/antalyatouristinformation.com\/de\/sehenswurdigkeiten\/strand\/patara\/\">Guide zum Patara Strand in Ka\u015f<\/a><\/li>\n<li><a href=\"https:\/\/antalyatouristinformation.com\/de\/sehenswurdigkeiten\/strand\/kaputas\/\">Guide zum Kaputa\u015f Beach in Ka\u015f<\/a><\/li>\n<li><a href=\"https:\/\/antalyatouristinformation.com\/de\/sehenswurdigkeiten\/strand\/olympos\/\">Guide zum Olympos Strand in \u00c7\u0131ral\u0131<\/a><\/li>\n<li><a href=\"https:\/\/antalyatouristinformation.com\/de\/sehenswurdigkeiten\/strand\/konyaalti\/\">Guide zum Konyaalt\u0131 Strand in Antalya<\/a><\/li>\n<li><a href=\"https:\/\/antalyatouristinformation.com\/de\/sehenswurdigkeiten\/strand\/kleopatra\/\">Guide zum Kleopatra Strand in Alanya<\/a><\/li>\n<\/ul>\n","protected":false},"excerpt":{"rendered":"<p>Das ist unser Guide zum Damlata\u015f Strand in Alanya. Hier lest ihr alles \u00fcber den Besuch des Strandes, den Eintritt, die Anfahrt, Attraktionen in der N\u00e4he, h\u00e4ufige Fragen und die Geschichte des Damlatas Strandes.&nbsp; Lasst uns damit anfangen, was ihr am Damlata\u015f Strand machen k\u00f6nnt \u2026 Was kann ich am Damlata\u015f Strand machen? Der Damlata\u015f [&hellip;]<\/p>\n","protected":false},"author":5,"featured_media":5584,"parent":124,"menu_order":0,"comment_status":"open","ping_status":"closed","template":"","meta":{"_acf_changed":false,"footnotes":""},"categories":[],"tags":[39],"class_list":["post-319","page","type-page","status-publish","has-post-thumbnail","hentry","tag-beach","post-wrapper","thrv_wrapper"],"acf":[],"wp-worthy-pixel":{"ignored":false,"public":"713349f1bec949d6b6618bbd468f38a9","server":"vg01.met.vgwort.de","url":"https:\/\/vg01.met.vgwort.de\/na\/713349f1bec949d6b6618bbd468f38a9"},"wp-worthy-type":"normal","_links":{"self":[{"href":"https:\/\/antalyatouristinformation.com\/de\/wp-json\/wp\/v2\/pages\/319","targetHints":{"allow":["GET"]}}],"collection":[{"href":"https:\/\/antalyatouristinformation.com\/de\/wp-json\/wp\/v2\/pages"}],"about":[{"href":"https:\/\/antalyatouristinformation.com\/de\/wp-json\/wp\/v2\/types\/page"}],"author":[{"embeddable":true,"href":"https:\/\/antalyatouristinformation.com\/de\/wp-json\/wp\/v2\/users\/5"}],"replies":[{"embeddable":true,"href":"https:\/\/antalyatouristinformation.com\/de\/wp-json\/wp\/v2\/comments?post=319"}],"version-history":[{"count":10,"href":"https:\/\/antalyatouristinformation.com\/de\/wp-json\/wp\/v2\/pages\/319\/revisions"}],"predecessor-version":[{"id":14398,"href":"https:\/\/antalyatouristinformation.com\/de\/wp-json\/wp\/v2\/pages\/319\/revisions\/14398"}],"up":[{"embeddable":true,"href":"https:\/\/antalyatouristinformation.com\/de\/wp-json\/wp\/v2\/pages\/124"}],"wp:featuredmedia":[{"embeddable":true,"href":"https:\/\/antalyatouristinformation.com\/de\/wp-json\/wp\/v2\/media\/5584"}],"wp:attachment":[{"href":"https:\/\/antalyatouristinformation.com\/de\/wp-json\/wp\/v2\/media?parent=319"}],"wp:term":[{"taxonomy":"category","embeddable":true,"href":"https:\/\/antalyatouristinformation.com\/de\/wp-json\/wp\/v2\/categories?post=319"},{"taxonomy":"post_tag","embeddable":true,"href":"https:\/\/antalyatouristinformation.com\/de\/wp-json\/wp\/v2\/tags?post=319"}],"curies":[{"name":"wp","href":"https:\/\/api.w.org\/{rel}","templated":true}]}}