{"id":321,"date":"2021-02-15T14:52:39","date_gmt":"2021-02-15T13:52:39","guid":{"rendered":"http:\/\/antalyatouristinformation.com\/clone4639485xzhehsskdjfhhdhebdkkekdeewsd4545gdfgm\/?page_id=321"},"modified":"2023-02-28T15:26:12","modified_gmt":"2023-02-28T14:26:12","slug":"konyaalti","status":"publish","type":"page","link":"https:\/\/antalyatouristinformation.com\/de\/sehenswurdigkeiten\/strand\/konyaalti\/","title":{"rendered":"Konyaalti Strand in Antalya: Guide mit Tipps, Anfahrt, Attraktionen"},"content":{"rendered":"<p>Das ist der komplette Guide zum Konyaalt\u0131 Strand.<\/p>\n<p>Ihr wollt den beliebten Konyaalt\u0131 Strand im Westen von Antalya besuchen?<\/p>\n<p>Dann seid ihr hier genau richtig!<\/p>\n<p>Hier erfahrt ihr hilfreiche Infos zum Strandbesuch wie Anfahrt und Eintritt sowie welche Attraktionen euch dort erwarten!<\/p>\n<p>Lasst uns damit anfangen, was ihr am Strand machen k\u00f6nnt \u2026<\/p>\n<p><span><img decoding=\"async\" alt=\"Konyaalti beach in Antalya\" data-id=\"2174\" width=\"702\" data-init-width=\"1000\" height=\"468\" data-init-height=\"667\" title=\"Konyaalti beach in Antalya\" src=\"\/\/antalyatouristinformation.com\/de\/wp-content\/uploads\/sites\/10\/2021\/04\/Konyaalti-beach-in-Antalya.jpg\" data-width=\"702\" data-height=\"468\" loading=\"lazy\" data-pin-media=\"https:\/\/antalyatouristinformation.com\/de\/wp-content\/uploads\/sites\/10\/2021\/06\/prag_50_sehenswuerdigkeiten_pinterest-19-2.jpg\" data-pin-description=\"Guide to Konyaalt\u0131 Beach in Antalya | Antalya Tourist Information\" data-pin-url=\"https:\/\/antalyatouristinformation.com\/de\/things-to-do\/beach\/konyaalti\/?tve=true&amp;tcbf=1f0c2dc9db\" data-pinpro-key=\"hn4xbdtj0\"><\/span><\/p>\n<h2 id=\"t-1624875267222\" data-alt-text=\"Was kann ich dort machen?\">Was kann ich am Konyaalt\u0131 Strand machen?&nbsp;&nbsp;&nbsp;&nbsp;&nbsp;&nbsp;&nbsp;&nbsp;&nbsp;&nbsp;&nbsp;&nbsp;<\/h2>\n<p>Der Konyaalt\u0131 Strand ist <a href=\"https:\/\/antalyatouristinformation.com\/de\/sehenswurdigkeiten\/strand\/\">einer der beliebtesten Str\u00e4nde von Antalya<\/a> und eines der popul\u00e4rsten Ausgehziele am Abend.<\/p>\n<p>Der weitl\u00e4ufige Strand f\u00e4ngt an den Klippen der Altstadt von Antalya an. Eine K\u00fcstenstra\u00dfe trennt ihn von zahlreichen Hotels. <strong>Werft hier einen Blick in unsere <\/strong><strong>Auswahl der <\/strong><a href=\"https:\/\/antalyatouristinformation.com\/de\/hotel\/\"><strong>besten Hotels in Antalya<\/strong><\/a><strong>.<\/strong><\/p>\n<p>In erster Linie setzt sich der 13 km lange Strand aus <strong>feinen Kieseln und Sand<\/strong> zusammen. Das <strong>Wasser ist sch\u00f6n klar.<\/strong> Der Konyaalt\u0131 Strand hat eine \u201eBlaue Flagge\u201c, was f\u00fcr die gute Wasserqualit\u00e4t des Strandes spricht.<\/p>\n<p>Der Konyaalt\u0131 Strand ist besonders bei Einheimischen, aber auch bei Touristen aus aller Welt beliebt.<\/p>\n<p>Direkt am Strand findet ihr eine <strong>gro\u00dfe Auswahl an<\/strong><strong>Strandbars, Caf\u00e9s und Restaurants. <\/strong>Sonnenschirme und Liegen stehen dank der zahlreichen Beach Clubs gegen eine Geb\u00fchr zum Ausleihen bereit. Ihr findet vor Ort auch kostenfreie Toiletten, Duschen und Umkleidekabinen.<\/p>\n<p>Der ber\u00fchmteste Strandabschnitt ist der <strong>Beach Park<\/strong>.&nbsp;Hier gibt es besonders viele <strong>Bars, Restaurants und gelegentlich auch Live-Musik<\/strong>.<\/p>\n<p>An der Strandpromenade findet ihr zudem Fitnessger\u00e4te, Kinderspielpl\u00e4tze und ein Basketballfeld. Wer Lust auf Shopping hat, kann in den Boutiquen st\u00f6bern.<\/p>\n<p>Unterhaltung und Adrenalin bieten euch die angebotenen Wassersport-Aktivit\u00e4ten direkt am Strand. Dazu geh\u00f6ren Beach-Ball, Parasailing, Surfen, Jet-Ski fahren und vieles mehr. Eine beliebte Aktivit\u00e4t ist vor allem das Tauchen in Schiffswracks.<\/p>\n<p>Beeindruckend ist auch die <strong>Aussicht<\/strong>, die ihr beim Schwimmen oder Sonnenbaden genie\u00dfen k\u00f6nnt. Ihr seht das funkelnde Meer mit dem <strong>T<\/strong><strong>aurusgebirge und den steilen Klippen im Hintergrund<\/strong>.<\/p>\n<p>Der &nbsp;Konyaalt\u0131 Strand ist nicht nur tags\u00fcber gut besucht, er ist auch eine <strong>beliebte Anlaufstelle f\u00fcr das <\/strong><a href=\"https:\/\/antalyatouristinformation.com\/de\/nightlife\/\"><strong>Nachtleben von Antalya<\/strong><\/a>. Neben der Altstadt Kaleici ist vor allem das \u00f6stliche Ende des Strandes mit seinen Bars und Beach Clubs DIE Adresse f\u00fcr Feierw\u00fctige.<\/p>\n<h3>Attraktionen am und in der N\u00e4he vom Strand<\/h3>\n<p>Im Strandgel\u00e4nde findet ihr eine Reihe an vielf\u00e4ltigen Attraktionen, die ma\u00dfgeblich zur Unterhaltung beitragen. Dazu geh\u00f6ren ein Amphitheater und der <a href=\"https:\/\/antalyatouristinformation.com\/de\/sehenswurdigkeiten\/attraktionen\/aktur-park\/\"><strong><em>Aktur Park<\/em><\/strong><\/a><strong> mit dem zweitgr\u00f6\u00dften Riesenrad Europas<\/strong>.<\/p>\n<p>Ein Highlight ist der <strong>Aquapark Aqua Land mit Dolphinland<\/strong>. Hier k\u00f6nnt ihr unter anderem Delphinshows sehen.<\/p>\n<p>Der Strand grenzt an den Atat\u00fcrk Park. Dank etlicher Picknicktische und Restaurants ist er ein guter Ort f\u00fcr eine Auszeit im Gr\u00fcnen.<\/p>\n<p>Gro\u00dfer Beliebtheit erfreut sich bei Klein und Gro\u00df auch das<strong> <\/strong>riesige<strong> <\/strong><a href=\"https:\/\/antalyatouristinformation.com\/de\/sehenswurdigkeiten\/attraktionen\/antalya-aquarium\/\">Antalya Aquarium<\/a>.<\/p>\n<p>Falls ihr mehr Stille bevorzugt, k\u00f6nnt ihr euch ein Pl\u00e4tzchen am westlichen Ende des Strandes suchen. Hier geht es in der Regel wesentlich ruhiger zu.<\/p>\n<p>Wir empfehlen eine Fahrt mit der <a href=\"https:\/\/antalyatouristinformation.com\/de\/sehenswurdigkeiten\/attraktionen\/tunektepe-seilbahn\/\">T\u00fcnektepe Teleferik Seilbahn<\/a> am Westende des Strandes. Sie f\u00fchrt euch den T\u00fcnektepe H\u00fcgel hinauf, wo ihr mit einem Ausblick auf das Meer und die umliegenden Berge belohnt werdet.<\/p>\n<p><span><img decoding=\"async\" alt=\"Konyaalti sand beach in Antalya in Turkey\" data-id=\"2176\" width=\"702\" data-init-width=\"1000\" height=\"468\" data-init-height=\"667\" title=\"Konyaalti sand beach in Antalya in Turkey\" src=\"\/\/antalyatouristinformation.com\/de\/wp-content\/uploads\/sites\/10\/2021\/04\/Konyaalti-sand-beach-in-Antalya-in-Turkey.jpg\" data-width=\"702\" data-height=\"468\" loading=\"lazy\" data-pin-media=\"https:\/\/antalyatouristinformation.com\/de\/wp-content\/uploads\/sites\/10\/2021\/06\/prag_50_sehenswuerdigkeiten_pinterest-19-2.jpg\" data-pin-description=\"Guide to Konyaalt\u0131 Beach in Antalya | Antalya Tourist Information\" data-pin-url=\"https:\/\/antalyatouristinformation.com\/de\/things-to-do\/beach\/konyaalti\/?tve=true&amp;tcbf=1f0c2dc9db\" data-pinpro-key=\"8t060m8h8\"><\/span><\/p>\n<h2 id=\"t-1624875267223\">Eintritt, Tickets und F\u00fchrungen<\/h2>\n<ul>\n<li><span><strong><b>Eintritt<\/b>: <\/strong>Der Eintritt in den Konyaalt\u0131 Strand ist kostenfrei. F\u00fcr Sonnenschirme und Liegen m\u00fcsst ihr eine Geb\u00fchr zahlen.<\/span><\/li>\n<\/ul>\n<ul>\n<li><span><strong>Touren: <\/strong>Aus etlichen Gegenden in Antalya werden vielf\u00e4ltige Touren organisiert. Dabei k\u00f6nnt ihr einen gro\u00dfen Teil der Region entdecken, ohne euch um organisatorische Einzelheiten k\u00fcmmern zu m\u00fcssen. Wir empfehlen, dass ihr einen Blick auf die Touren in Antalya werft.<\/span><\/li>\n<\/ul>\n<ul>\n<li><span><strong><b>Tipp:<\/b> <\/strong>Falls ihr Tickets f\u00fcr Vergn\u00fcgungsparks, Museen und Touren f\u00fcr eure Antalya-Reise vorab buchen m\u00f6chtet, solltet ihr unbedingt einen Blick auf die Angebote in unserem offiziellen Shop werfen:<\/span><\/li>\n<\/ul>\n<p><span><img decoding=\"async\" alt=\"Scenic view of famous Konyaalti Beach in Antalya (Editorial) \" data-id=\"2178\" width=\"702\" data-init-width=\"1000\" height=\"468\" data-init-height=\"667\" title=\"Scenic view of famous Konyaalti Beach in Antalya (Editorial) \" src=\"\/\/antalyatouristinformation.com\/de\/wp-content\/uploads\/sites\/10\/2021\/04\/Scenic-view-of-famous-Konyaalti-Beach-in-Antalya.jpg\" data-width=\"702\" data-height=\"468\" loading=\"lazy\" data-pin-media=\"https:\/\/antalyatouristinformation.com\/de\/wp-content\/uploads\/sites\/10\/2021\/06\/prag_50_sehenswuerdigkeiten_pinterest-19-2.jpg\" data-pin-description=\"Guide to Konyaalt\u0131 Beach in Antalya | Antalya Tourist Information\" data-pin-url=\"https:\/\/antalyatouristinformation.com\/de\/things-to-do\/beach\/konyaalti\/?tve=true&amp;tcbf=1f0c2dc9db\" data-pinpro-key=\"3v4jmtnsf\"><\/span><\/p>\n<h2 id=\"t-1624875267224\" data-alt-text=\"Anfahrt\">Wie komme ich zum Konyaalt\u0131 Strand?<\/h2>\n<p>Der Konyaalti Strand liegt im Landkreis Konyaalt\u0131 im Westen von Antalya. Er ist von der Altstadt Kaleici etwa 30 Minuten entfernt.<\/p>\n<ul>\n<li><b>Mit \u00f6ffentlichen Verkehrsmitteln:<\/b> Am einfachsten erreicht ihr den Strand, indem ihr von der Altstadt aus mit der Stra\u00dfenbahn bis zur Endhaltestelle am <a href=\"https:\/\/antalyatouristinformation.com\/de\/sehenswurdigkeiten\/museum\/antalya-archaologisch\/\">Arch\u00e4ologischen Museum von Antalya<\/a> fahrt. Von hier aus k\u00f6nnt ihr entweder rund 10 Minuten zu Fu\u00df gehen oder in den Minibus (<a href=\"https:\/\/antalyatouristinformation.com\/de\/offentlicher-verkehr\/antalya-stadt\/dolmus\/\">Dolmu\u015f<\/a>) umsteigen.<\/li>\n<li><b>AntalyaKart:<\/b> F\u00fcr die Fahrt mit dem <a href=\"https:\/\/antalyatouristinformation.com\/de\/offentlicher-verkehr\/\">\u00f6ffentlichen Verkehr<\/a> empfehlen wir die AntalyaKart. Mehr dazu erfahrt ihr in unserem Guide \u00fcber die <a href=\"https:\/\/antalyatouristinformation.com\/de\/offentlicher-verkehr\/antalya-stadt\/antalyakart\/\">AntalyaKart<\/a>.<\/li>\n<li><b>Mit dem Auto:<\/b> Vor Ort gibt es kostenlose Parkpl\u00e4tze. Deshalb ist die Anreise mit dem <a href=\"https:\/\/antalyatouristinformation.com\/de\/plan\/mietwagen\/\">Mietwagen <\/a>ebenfalls eine gute Option.<\/li>\n<\/ul>\n<p><span><img decoding=\"async\" alt=\"Konyalalti Beach in Antalya in Turkey\" data-id=\"2180\" width=\"702\" data-init-width=\"1000\" height=\"468\" data-init-height=\"667\" title=\"Konyalalti Beach in Antalya in Turkey\" src=\"\/\/antalyatouristinformation.com\/de\/wp-content\/uploads\/sites\/10\/2021\/04\/Konyalalti-Beach.jpg\" data-width=\"702\" data-height=\"468\" loading=\"lazy\" data-pin-media=\"https:\/\/antalyatouristinformation.com\/de\/wp-content\/uploads\/sites\/10\/2021\/06\/prag_50_sehenswuerdigkeiten_pinterest-19-2.jpg\" data-pin-description=\"Guide to Konyaalt\u0131 Beach in Antalya | Antalya Tourist Information\" data-pin-url=\"https:\/\/antalyatouristinformation.com\/de\/things-to-do\/beach\/konyaalti\/?tve=true&amp;tcbf=1f0c2dc9db\" data-pinpro-key=\"liz9k28wq\"><\/span><\/p>\n<h2 id=\"t-1619539794939\" data-alt-text=\"FAQ\">FAQ (H\u00e4ufige Fragen)<\/h2>\n<h2 id=\"t-1619539794940\" data-alt-text=\"Contact\">Kontakt<\/h2>\n<ul>\n<li><span><strong>Adresse:&nbsp;<\/strong>Konyaalt\u0131 Beach, Ku\u015fkava\u011f\u0131, Konyaalt\u0131\/Antalya<\/span><\/li>\n<li><span><strong><strong>\u00d6ffentlicher Verkehr: <\/strong><\/strong>Stra\u00dfenbahn bis zur Endhaltestelle<\/span><\/li>\n<\/ul>\n<h2 id=\"t-1624875267225\" data-alt-text=\"Weitere sch\u00f6ne St\u00e4nde \"><b>Weitere sch\u00f6ne Str\u00e4nde rund um den Konyaalt\u0131 Strand:<\/b><\/h2>\n<p>Werft einen Blick in unsere folgenden Beitr\u00e4ge, um andere sch\u00f6ne Str\u00e4nde in der Region Antalya zu entdecken:<\/p>\n<ul>\n<li><a href=\"https:\/\/antalyatouristinformation.com\/de\/sehenswurdigkeiten\/strand\/patara\/\">Guide zum Patara Strand in Ka\u015f<\/a><\/li>\n<li><a href=\"https:\/\/antalyatouristinformation.com\/de\/sehenswurdigkeiten\/strand\/kaputas\/\">Guide zum Kaputa\u015f Strand in Ka\u015f<\/a><\/li>\n<li><a href=\"https:\/\/antalyatouristinformation.com\/de\/sehenswurdigkeiten\/strand\/kleopatra\/\">Guide zum Kleopatra Strand in Alanya<\/a><\/li>\n<li><a href=\"https:\/\/antalyatouristinformation.com\/de\/sehenswurdigkeiten\/strand\/olympos\/\">Guide zum Olympos Strand in \u00c7\u0131ral\u0131<\/a><\/li>\n<li><a href=\"https:\/\/antalyatouristinformation.com\/de\/sehenswurdigkeiten\/strand\/damlatas\/\">Guide zum Damlata\u015f Strand in Alanya<\/a><\/li>\n<\/ul>\n","protected":false},"excerpt":{"rendered":"<p>Das ist der komplette Guide zum Konyaalt\u0131 Strand. Ihr wollt den beliebten Konyaalt\u0131 Strand im Westen von Antalya besuchen? Dann seid ihr hier genau richtig! Hier erfahrt ihr hilfreiche Infos zum Strandbesuch wie Anfahrt und Eintritt sowie welche Attraktionen euch dort erwarten! Lasst uns damit anfangen, was ihr am Strand machen k\u00f6nnt \u2026 Was kann [&hellip;]<\/p>\n","protected":false},"author":5,"featured_media":2172,"parent":124,"menu_order":0,"comment_status":"open","ping_status":"closed","template":"","meta":{"_acf_changed":false,"footnotes":""},"categories":[],"tags":[39],"class_list":["post-321","page","type-page","status-publish","has-post-thumbnail","hentry","tag-beach","post-wrapper","thrv_wrapper"],"acf":[],"wp-worthy-pixel":{"ignored":false,"public":"00d5eba1c24c402babeb938d573513b1","server":"vg01.met.vgwort.de","url":"https:\/\/vg01.met.vgwort.de\/na\/00d5eba1c24c402babeb938d573513b1"},"wp-worthy-type":"normal","_links":{"self":[{"href":"https:\/\/antalyatouristinformation.com\/de\/wp-json\/wp\/v2\/pages\/321","targetHints":{"allow":["GET"]}}],"collection":[{"href":"https:\/\/antalyatouristinformation.com\/de\/wp-json\/wp\/v2\/pages"}],"about":[{"href":"https:\/\/antalyatouristinformation.com\/de\/wp-json\/wp\/v2\/types\/page"}],"author":[{"embeddable":true,"href":"https:\/\/antalyatouristinformation.com\/de\/wp-json\/wp\/v2\/users\/5"}],"replies":[{"embeddable":true,"href":"https:\/\/antalyatouristinformation.com\/de\/wp-json\/wp\/v2\/comments?post=321"}],"version-history":[{"count":10,"href":"https:\/\/antalyatouristinformation.com\/de\/wp-json\/wp\/v2\/pages\/321\/revisions"}],"predecessor-version":[{"id":14401,"href":"https:\/\/antalyatouristinformation.com\/de\/wp-json\/wp\/v2\/pages\/321\/revisions\/14401"}],"up":[{"embeddable":true,"href":"https:\/\/antalyatouristinformation.com\/de\/wp-json\/wp\/v2\/pages\/124"}],"wp:featuredmedia":[{"embeddable":true,"href":"https:\/\/antalyatouristinformation.com\/de\/wp-json\/wp\/v2\/media\/2172"}],"wp:attachment":[{"href":"https:\/\/antalyatouristinformation.com\/de\/wp-json\/wp\/v2\/media?parent=321"}],"wp:term":[{"taxonomy":"category","embeddable":true,"href":"https:\/\/antalyatouristinformation.com\/de\/wp-json\/wp\/v2\/categories?post=321"},{"taxonomy":"post_tag","embeddable":true,"href":"https:\/\/antalyatouristinformation.com\/de\/wp-json\/wp\/v2\/tags?post=321"}],"curies":[{"name":"wp","href":"https:\/\/api.w.org\/{rel}","templated":true}]}}