{"id":331,"date":"2021-02-15T14:58:32","date_gmt":"2021-02-15T13:58:32","guid":{"rendered":"http:\/\/antalyatouristinformation.com\/clone4639485xzhehsskdjfhhdhebdkkekdeewsd4545gdfgm\/?page_id=331"},"modified":"2024-01-18T17:25:59","modified_gmt":"2024-01-18T16:25:59","slug":"kizil-kule","status":"publish","type":"page","link":"https:\/\/antalyatouristinformation.com\/de\/sehenswurdigkeiten\/geschichte\/kizil-kule\/","title":{"rendered":"Roter Turm (K\u0131z\u0131l Kule) in Alanya: Guide zum Wahrzeichen von Alanyas Altstadt"},"content":{"rendered":"<p>Das ist unser kompletter Guide zum Roten Turm (K\u0131z\u0131l Kule) in Alanya.<\/p>\n<p>Der Rote Turm im historischen Stadtzentrum ist das ber\u00fchmte Wahrzeichen von Alanya.<\/p>\n<p>Hier lest ihr alles \u00fcber den Besuch der Sehensw\u00fcrdigkeit, den Eintritt, die Geschichte und h\u00e4ufige Fragen.<\/p>\n<p>Lasst uns damit beginnen, was ihr im Roten Turm machen k\u00f6nnt\u2026<\/p>\n<p><span><img decoding=\"async\" alt=\"red tower in alanya in Antalya in Turkey\" data-id=\"1300\" width=\"702\" data-init-width=\"1000\" height=\"471\" data-init-height=\"670\" title=\"red tower in alanya in Antalya in Turkey\" loading=\"lazy\" src=\"https:\/\/antalyatouristinformation.com\/de\/wp-content\/uploads\/sites\/10\/2021\/03\/red-tower-alanya-in-turkey.jpg\" data-width=\"702\" data-height=\"471\" data-pinpro-key=\"5xudssk6w\" data-pin-media=\"https:\/\/antalyatouristinformation.com\/de\/wp-content\/uploads\/sites\/10\/2021\/06\/prag_50_sehenswuerdigkeiten_pinterest-34.jpg\" data-pin-description=\"Roter Turm K\u0131z\u0131l Kule in Alanya | Antalya Tourist Information\" data-pin-url=\"https:\/\/antalyatouristinformation.com\/de\/things-to-do\/history\/kizil-kule\/?tve=true&amp;tcbf=22c34766f8\"><\/span><\/p>\n<h2 id=\"t-1624956394573\" data-alt-text=\"Was kann ich machen?\">Was kann ich im Roten Turm (K\u0131z\u0131l Kule) machen?<\/h2>\n<p>Der Rote Turm wurde 1226 zum Schutz der Burg und der Stadt Alaiyye errichtet. Ihr findet ihn direkt neben der <a href=\"https:\/\/antalyatouristinformation.com\/de\/sehenswurdigkeiten\/geschichte\/schiffswerft\/\">seldschukischen Schiffswerft<\/a>. Der Turm wurde unter dem seldschukischen Sultan Alaaddin Keykubat gebaut, um m\u00f6gliche Angriffe vom Meer abwehren zu k\u00f6nnen. Der Sultan lie\u00df ihn im Rahmen des Bauvorhabens der Burg Alaiyye als Erstes errichten. Die K\u00fcstenmauer der Burg beginnt an der Werft und endet am Roten Turm.<\/p>\n<p>F\u00fcr die Fertigstellung des Turms rief der Sultan den bekannten Architekten Ebu Ali Reha aus Aleppo (Syrien) nach Alanya.<\/p>\n<h3>Besonderheiten des Roten Turms (K\u0131z\u0131l Kule):<\/h3>\n<p>Der Rote Turm liegt auf einem <strong>Felsenhang und \u00fcberblickt den Hafen<\/strong>. Sein Name bezieht sich auf die Steine und roten Ziegel, die f\u00fcr den Bau benutzt wurden.<\/p>\n<p>Der Turm ist 33 Meter hoch und 12,5 Meter breit. Er besitzt einen <strong>achteckigen Grundriss. <\/strong>Trotz seines schlichten \u00c4u\u00dferen ist das Innere sehr komplex aufgebaut. Jede Etage des f\u00fcnfst\u00f6ckigen Baus weist einen anderen Grundriss auf. Auf dem Weg in die h\u00f6heren Etagen solltet ihr unbedingt einen Blick durch die <strong>Schie\u00dfscharten <\/strong>werfen. Au\u00dferdem k\u00f6nnt ihr an bestimmten Zeiten diverse <strong>Ausstellungen und Veranstaltungen <\/strong>in den einzelnen Etagen des Turms vorfinden.<\/p>\n<p>Das Erdgeschoss des Roten Turms dient als Ethnografisches Museum und ist Teil des<strong>&nbsp;Arch\u00e4ologischen Museums in&nbsp;<strong>Alanya<\/strong><\/strong>. Hier seht ihr Kleidungsst\u00fccke aus der osmanischen \u00c4ra, handwerkliche Arbeiten und B\u00e4nke.<\/p>\n<p>Eine Besonderheit ist die <strong>Zisterne<\/strong> in der Mitte des Turms. Es wird vermutet, dass der Rote Turm in der osmanischen Zeit als Zisterne genutzt wurde.<\/p>\n<p>Das absolute Highlight ist aber der Ausblick! Bei eurem Streifzug durch die oberste Etage des Turms genie\u00dft ihr einen gro\u00dfartigen <strong>Blick auf den Hafen, die Mauern und T\u00fcrme, die die Halbinsel umgeben.<\/strong><\/p>\n<h2 id=\"t-1624956394574\" data-alt-text=\"Eintritt, Tickets &amp; F\u00fchrungen\">Eintritt, Tickets und F\u00fchrungen<\/h2>\n<ul>\n<li><span><strong>Eintritt: <\/strong>Der Rote Turm ist f\u00fcr Besucher t\u00e4glich ge\u00f6ffnet. Die \u00d6ffnungszeiten sind im Sommer (April bis Oktober) von 9 bis 19 Uhr und im Winter von 8 bis 17 Uhr.<\/span><\/li>\n<li><span><strong>Tickets:<\/strong> Es gibt Einzeltickets f\u00fcr den Eintritt in den Roten Turm sowie ein Kombiticket, das sowohl f\u00fcr die Schiffswerft als auch den Roten Turm g\u00fcltig ist.<\/span><\/li>\n<li><span><strong>Museumspass:<\/strong> Falls ihr Inhaber des Museumspass Akdeniz seid, k\u00f6nnt ihr den Turm kostenlos besuchen. <strong>Holt euch euren Museumspass hier.<\/strong><\/span><\/li>\n<\/ul>\n<ul>\n<li><span><strong>Tipp:<\/strong> Falls ihr Tickets f\u00fcr Vergn\u00fcgungsparks, Museen und Touren f\u00fcr eure Antalya-Reise vorab buchen m\u00f6chtet, solltet ihr unbedingt einen Blick auf die Angebote in unserem offiziellen Shop werfen.<\/span><\/li>\n<\/ul>\n<p><span><img decoding=\"async\" alt=\"K\u0131z\u0131l Kule in Antalya in Turkey\" data-id=\"5733\" width=\"702\" data-init-width=\"1000\" height=\"468\" data-init-height=\"667\" title=\"K\u0131z\u0131l Kule in Antalya in Turkey\" loading=\"lazy\" src=\"https:\/\/antalyatouristinformation.com\/de\/wp-content\/uploads\/sites\/10\/2021\/05\/How-to-get-to-Kizil-Kule-in-antalya-in-turkey.jpg\" data-width=\"702\" data-height=\"468\" data-pinpro-key=\"d8s7mec4t\" data-pin-media=\"https:\/\/antalyatouristinformation.com\/de\/wp-content\/uploads\/sites\/10\/2021\/06\/prag_50_sehenswuerdigkeiten_pinterest-34.jpg\" data-pin-description=\"Roter Turm K\u0131z\u0131l Kule in Alanya | Antalya Tourist Information\" data-pin-url=\"https:\/\/antalyatouristinformation.com\/de\/things-to-do\/history\/kizil-kule\/?tve=true&amp;tcbf=22c34766f8\"><\/span><\/p>\n<h2 id=\"t-1624956394575\" data-alt-text=\"Wie komme ich zum Turm?\">Wie komme ich zum Roten Turm (K\u0131z\u0131l Kule)?<\/h2>\n<p>Ihr k\u00f6nnt den Roten Turm von \u00fcberall aus in Alanya problemlos erreichen. Der einfachste Weg ist mit dem Bus.<\/p>\n<ul>\n<li><b>Mit dem Bus:<\/b> Die Buslinien 1, 40 und 50 bringen euch zum Roten Turm (K\u0131z\u0131l Kule). Lest in unserem Guide mehr \u00fcber den <a href=\"https:\/\/antalyatouristinformation.com\/de\/offentlicher-verkehr\/\">\u00f6ffentlichen Verkehr in Antalya<\/a>:<\/li>\n<\/ul>\n<h2 id=\"t-1619702732564\" data-alt-text=\"FAQ\">FAQ (H\u00e4ufige Fragen)<\/h2>\n<p><span><img decoding=\"async\" alt=\"K\u0131z\u0131l Kule- Red Tower in Antalya in Turkey\" data-id=\"5730\" width=\"702\" data-init-width=\"1000\" height=\"468\" data-init-height=\"667\" title=\"K\u0131z\u0131l Kule- Red Tower in Antalya in Turkey\" loading=\"lazy\" src=\"https:\/\/antalyatouristinformation.com\/de\/wp-content\/uploads\/sites\/10\/2021\/05\/History-of-the-Kizil-Kule-in-Antalya-in-Turkey.jpg\" data-width=\"702\" data-height=\"468\" data-pinpro-key=\"ny9nz4vz5\" data-pin-media=\"https:\/\/antalyatouristinformation.com\/de\/wp-content\/uploads\/sites\/10\/2021\/06\/prag_50_sehenswuerdigkeiten_pinterest-34.jpg\" data-pin-description=\"Roter Turm K\u0131z\u0131l Kule in Alanya | Antalya Tourist Information\" data-pin-url=\"https:\/\/antalyatouristinformation.com\/de\/things-to-do\/history\/kizil-kule\/?tve=true&amp;tcbf=22c34766f8\"><\/span><\/p>\n<h2 id=\"t-1624956394576\" data-alt-text=\"Geschichte\">Geschichte des Roten Turms<\/h2>\n<p>Der Rote Turm wurde 1226 im Auftrag des seldschukischen Sultans Alaeddin Keykubad gebaut. Der seldschukische Herrscher f\u00fchlte sich in Alanya sehr wohl, weswegen er die Wintermonate hier verbrachte. So entwickelte sich die Stadt zum Winterquartier. Der Sultan lud viele Herrscher und Gelehrte nach Alanya ein und lie\u00df sch\u00f6ne Burgen, Pal\u00e4ste und Herrenh\u00e4user in und um Alanya errichten.<\/p>\n<p>Im Laufe der Geschichte zog der Rote Turm immer mehr die Aufmerksamkeit der Reisenden auf sich. Er ist auch in vielen B\u00fcchern zu finden. Ein osmanischer Reisender aus dem 17. Jahrhundert namens Evliya \u00c7elebi erw\u00e4hnte den Turm ebenfalls in seinen Aufzeichnungen. Er schrieb, dass an der Meeresseite der Burg von Alanya ein solider, achteckiger Turm steht, der w\u00e4hrend einer Belagerung 2.000 M\u00e4nnern Platz bot. Weiterhin soll die zweite Burgwache 40 Soldaten umfasst haben.<\/p>\n<p>Zwischen 1951 und 1953 wurde der Rote Turm restauriert. Seit 1979 dient er als Museum.<\/p>\n<p>Erfahrt in unserem Guide \u00fcber <a href=\"https:\/\/antalyatouristinformation.com\/de\/sehenswurdigkeiten\/geschichte\/\">antike Ruinen in Antalya<\/a> mehr \u00fcber Denkm\u00e4ler in der Region.<\/p>\n<h2 id=\"t-1624956394577\">Kontakt<\/h2>\n<ul>\n<li><span><strong>Adresse:&nbsp;<\/strong>\u0130skele Mevkii, Tersane Sk, \u00c7ar\u015f\u0131, Alanya<\/span><\/li>\n<li><span><strong>\u00d6ffnungszeiten: <\/strong>T\u00e4glich von 9 Uhr bis 19 Uhr im Sommer und von 8 Uhr bis 17 Uhr im Winter<strong>.<\/strong><\/span><\/li>\n<li><span><strong>\u00d6ffentlicher Verkehr: <\/strong>Ihr erreicht den Roten Turm (K\u0131z\u0131l Kule) mit den Buslinien 1, 40 und 50.<\/span><\/li>\n<\/ul>\n","protected":false},"excerpt":{"rendered":"<p>Das ist unser kompletter Guide zum Roten Turm (K\u0131z\u0131l Kule) in Alanya. Der Rote Turm im historischen Stadtzentrum ist das ber\u00fchmte Wahrzeichen von Alanya. Hier lest ihr alles \u00fcber den Besuch der Sehensw\u00fcrdigkeit, den Eintritt, die Geschichte und h\u00e4ufige Fragen. Lasst uns damit beginnen, was ihr im Roten Turm machen k\u00f6nnt\u2026 Was kann ich im [&hellip;]<\/p>\n","protected":false},"author":5,"featured_media":5726,"parent":119,"menu_order":0,"comment_status":"open","ping_status":"closed","template":"","meta":{"_acf_changed":false,"footnotes":""},"categories":[],"tags":[42,47,48],"class_list":["post-331","page","type-page","status-publish","has-post-thumbnail","hentry","tag-history","tag-medieval","tag-seljuk","post-wrapper","thrv_wrapper"],"acf":[],"wp-worthy-pixel":{"ignored":false,"public":"0e464fcb52a34b2995132d2df842ff27","server":"vg01.met.vgwort.de","url":"https:\/\/vg01.met.vgwort.de\/na\/0e464fcb52a34b2995132d2df842ff27"},"wp-worthy-type":"normal","_links":{"self":[{"href":"https:\/\/antalyatouristinformation.com\/de\/wp-json\/wp\/v2\/pages\/331","targetHints":{"allow":["GET"]}}],"collection":[{"href":"https:\/\/antalyatouristinformation.com\/de\/wp-json\/wp\/v2\/pages"}],"about":[{"href":"https:\/\/antalyatouristinformation.com\/de\/wp-json\/wp\/v2\/types\/page"}],"author":[{"embeddable":true,"href":"https:\/\/antalyatouristinformation.com\/de\/wp-json\/wp\/v2\/users\/5"}],"replies":[{"embeddable":true,"href":"https:\/\/antalyatouristinformation.com\/de\/wp-json\/wp\/v2\/comments?post=331"}],"version-history":[{"count":10,"href":"https:\/\/antalyatouristinformation.com\/de\/wp-json\/wp\/v2\/pages\/331\/revisions"}],"predecessor-version":[{"id":14738,"href":"https:\/\/antalyatouristinformation.com\/de\/wp-json\/wp\/v2\/pages\/331\/revisions\/14738"}],"up":[{"embeddable":true,"href":"https:\/\/antalyatouristinformation.com\/de\/wp-json\/wp\/v2\/pages\/119"}],"wp:featuredmedia":[{"embeddable":true,"href":"https:\/\/antalyatouristinformation.com\/de\/wp-json\/wp\/v2\/media\/5726"}],"wp:attachment":[{"href":"https:\/\/antalyatouristinformation.com\/de\/wp-json\/wp\/v2\/media?parent=331"}],"wp:term":[{"taxonomy":"category","embeddable":true,"href":"https:\/\/antalyatouristinformation.com\/de\/wp-json\/wp\/v2\/categories?post=331"},{"taxonomy":"post_tag","embeddable":true,"href":"https:\/\/antalyatouristinformation.com\/de\/wp-json\/wp\/v2\/tags?post=331"}],"curies":[{"name":"wp","href":"https:\/\/api.w.org\/{rel}","templated":true}]}}