{"id":3347,"date":"2021-04-19T12:22:48","date_gmt":"2021-04-19T10:22:48","guid":{"rendered":"http:\/\/antalyatouristinformation.com\/clone4639485xzhehsskdjfhhdhebdkkekdeewsd4545gdfgm\/?page_id=3347"},"modified":"2024-01-18T17:23:23","modified_gmt":"2024-01-18T16:23:23","slug":"inseln","status":"publish","type":"page","link":"https:\/\/antalyatouristinformation.com\/de\/sehenswurdigkeiten\/inseln\/","title":{"rendered":"8 Inseln in Antalya, die ihr nicht verpassen solltet!"},"content":{"rendered":"<p>Wir haben hier die 8 sch\u00f6nsten Inseln in Antalya zusammengestellt, die ihr w\u00e4hrend eurer Reise in der Region Antalya nicht verpassen solltet.<\/p>\n<p>Ihr werdet \u00fcber Inseln mit versunkenen antiken St\u00e4dten, wei\u00dfen Sandstr\u00e4nden und kristallklarem Wasser zum Tauchen lesen.<\/p>\n<p>Au\u00dferdem erfahrt ihr, wie ihr den Tag auf einer griechischen Insel verbringen k\u00f6nnt.<\/p>\n<p>Lasst uns die Inseln der Reihe nach entdecken!<\/p>\n<h2 id=\"t-1621435115307\">1. Die Insel Kekova<\/h2>\n<p><span><img decoding=\"async\" alt=\"Kekova Island in Antalya in Turkey\" data-id=\"5537\" width=\"702\" data-init-width=\"1000\" height=\"468\" data-init-height=\"667\" title=\"Kekova Island in Antalya in Turkey\" loading=\"lazy\" src=\"https:\/\/antalyatouristinformation.com\/de\/wp-content\/uploads\/sites\/10\/2021\/05\/Sunken-City-of-Simena-in-Antalya-in-Turkey.jpg\" data-width=\"702\" data-height=\"468\" data-pinpro-key=\"vpyj2c3y7\" data-pin-media=\"https:\/\/antalyatouristinformation.com\/de\/wp-content\/uploads\/sites\/10\/2021\/06\/prag_50_sehenswuerdigkeiten_pinterest-8-3.jpg\" data-pin-description=\"8 amazing Islands To See in Antalya | Antalya Tourist Information\" data-pin-url=\"https:\/\/antalyatouristinformation.com\/de\/things-to-do\/islands\/?tve=true&amp;tcbf=cd7dd7a6c4\"><\/span><\/p>\n<p>Die <a href=\"https:\/\/antalyatouristinformation.com\/de\/sehenswurdigkeiten\/inseln\/kekova\/\">Insel Kekova<\/a> und die <b>Versunkene Stadt<\/b> geh\u00f6ren zu <b>den meistbesuchten Orten im Mittelmeer. <\/b>Sie sind <b>einzigartige historische Orte<\/b> sowohl unter Wasser als auch an Land. Das Gebiet ist ein beliebter Ort zum Segeln und ein ber\u00fchmter Halt der sogenannten Blauen Kreuzfahrten. Ihr k\u00f6nnt das Gebiet auch t\u00e4glich bei einem Bootsausflug besuchen.<\/p>\n<p>Ihr solltet unbedingt <a href=\"https:\/\/antalyatouristinformation.com\/de\/sehenswurdigkeiten\/geschichte\/simena\/\">die Versunkene Stadt Simena<\/a> auf der Nordseite der Insel mit Blick auf Kalek\u00f6y entdecken. Dank des klaren Wassers k\u00f6nnt ihr die Ruinen der alten Stra\u00dfen und die Geb\u00e4ude, die sich im Wasser verbergen, gut erkennen.<\/p>\n<p>In der Region Kekova gibt es viele interessante Orte, die darauf warten, entdeckt zu werden. Dazu geh\u00f6ren die Ruinen von <b>Simena<\/b> und <b>Teimussa<\/b> sowie die Ruinen der antiken St\u00e4dte <b>Aperlai<\/b> und <b>Dolihiste<\/b>.<\/p>\n<p><a href=\"https:\/\/www.getyourguide.de\/-l33480\/-tc57\/?redirector=237752\" target=\"_blank\" rel=\"noopener\">Von Demre aus k\u00f6nnt ihr eine private Bootsfahrt nach Kekova unternehmen<\/a>. Mietet euch einfach ein privates Boot und erkundet so die Highlights in der Umgebung der Insel Kekova. Dabei k\u00f6nnt ihr eine intime Erfahrung erleben. Egal, ob ihr daran interessiert seid, ab und an im Wasser zu baden, Ruinen und H\u00f6hlen zu erkunden oder einfach nur die Sonne zu genie\u00dfen, ihr werdet die Zeit auf dem Meer auf einem privaten Boot sicher genie\u00dfen.<\/p>\n<p><a href=\"https:\/\/vigotours.com\/de\/kemer-turkei\/blaue-kreuzfahrt-turkei-von-kemer-nach-kekova\" target=\"_blank\" rel=\"noopener\">Erkundet das Meer von Kemer bis Kekova auf einer Blauen Kreuzfahrt in der T\u00fcrkei.<\/a> Entdeckt sieben Tage lang die sch\u00f6ne K\u00fcste im Westen von Antalya mit der Gulet Blue Cruise. Es erwartet euch eine abenteuerliche Reise mit Geschichte, Kultur und Natur. Die Preise variieren je nach Monat.&nbsp;<\/p>\n<p><a href=\"https:\/\/www.getyourguide.de\/alanya-l918\/alanya-demre-myra-and-kekova-sunken-city-tour-t353521\/\" target=\"_blank\" rel=\"noopener\">Von Alanya aus k\u00f6nnt ihr einen Ausflug zu Demre, Myra und der versunkenen Stadt bei Kekova unternehmen. <\/a>Seht euch die versunkene Stadt bei Kekova und die antiken St\u00e4dte Demre und Myra auf einem Boot an. Ihr werdet dabei auch die <a href=\"https:\/\/antalyatouristinformation.com\/de\/sehenswurdigkeiten\/geschichte\/st-nikolaus-kirche\/\">St. Nikolaus Kirche in Myra<\/a> und die Felsengr\u00e4ber von <a href=\"https:\/\/antalyatouristinformation.com\/de\/sehenswurdigkeiten\/geschichte\/myra\/\">Myra <\/a>mit einem professionellen Reisef\u00fchrer besuchen.<\/p>\n<h2 id=\"t-1621435115308\" data-alt-text=\"2. \u00dcc Adalar \">2. \u00dcc Adalar (Drei Inseln \/ Three Islands)<\/h2>\n<p><span><img decoding=\"async\" alt=\"\u00dcc Adalar in Antalya in Turkey\" data-id=\"5610\" width=\"702\" data-init-width=\"1000\" height=\"468\" data-init-height=\"667\" title=\"\u00dcc Adalar in Antalya in Turkey\" loading=\"lazy\" src=\"https:\/\/antalyatouristinformation.com\/de\/wp-content\/uploads\/sites\/10\/2021\/05\/Uec-Adalar-in-Antalya-in-Turkey.jpg\" data-width=\"702\" data-height=\"468\" data-pinpro-key=\"tbyufl9zt\" data-pin-media=\"https:\/\/antalyatouristinformation.com\/de\/wp-content\/uploads\/sites\/10\/2021\/06\/prag_50_sehenswuerdigkeiten_pinterest-8-3.jpg\" data-pin-description=\"8 amazing Islands To See in Antalya | Antalya Tourist Information\" data-pin-url=\"https:\/\/antalyatouristinformation.com\/de\/things-to-do\/islands\/?tve=true&amp;tcbf=cd7dd7a6c4\"><\/span><\/p>\n<p>\u00dcc Adalar (Drei Inseln \/ Three Islands) ist ein ber\u00fchmtes Tauchgebiet in der N\u00e4he der Stadt Kemer in Antalya. Ihr erreicht die Tauchpl\u00e4tze in \u00dc\u00e7 Adalar nach einer kurzen 30-min\u00fctigen Bootsfahrt.<\/p>\n<p>\u00dc\u00e7 Adalar ist ein riesiges Tauchgebiet mit neun Riffen und zwei Unterwasserh\u00f6hlen. Die Oberfl\u00e4chen der Unterwasser-Riffe bestehen aus Felsformationen, die mit verschiedenen Meerespflanzen bewachsen sind. An den Oberfl\u00e4chen der W\u00e4nde findet ihr Hohlr\u00e4ume unterschiedlicher Gr\u00f6\u00dfen. Eines der gr\u00f6\u00dften Riffe ist das Canyon Reef, benannt nach zwei Steilw\u00e4nden, die wie ein Canyon verlaufen.<\/p>\n<ul>\n<li>Hier steht mehr \u00fcber<a href=\"https:\/\/antalyatouristinformation.com\/de\/sehenswurdigkeiten\/inseln\/uc-adalar\/\"> \u00dcc Adalar (Drei Inseln \/ Three Islands) <\/a>in Kemer.<\/li>\n<li>Besucht beeindruckende <a href=\"https:\/\/antalyatouristinformation.com\/de\/sehenswurdigkeiten\/canyon\/\">Canyons in Antalya<\/a>.<\/li>\n<\/ul>\n<h2 id=\"t-1621435115309\" data-alt-text=\"3. Suluada \">3. Suluada (bei Reisenden sehr beliebt)<\/h2>\n<p><span><img decoding=\"async\" alt=\"Suluada Island beach in Antalya in Turkey\" data-id=\"5613\" width=\"702\" data-init-width=\"1000\" height=\"468\" data-init-height=\"667\" title=\"Suluada Island beach in Antalya in Turkey\" loading=\"lazy\" src=\"https:\/\/antalyatouristinformation.com\/de\/wp-content\/uploads\/sites\/10\/2021\/05\/Suluada-Island-beach-in-Antalya-in-Turkey.jpg\" data-width=\"702\" data-height=\"468\" data-pinpro-key=\"ynlrtch2c\" data-pin-media=\"https:\/\/antalyatouristinformation.com\/de\/wp-content\/uploads\/sites\/10\/2021\/06\/prag_50_sehenswuerdigkeiten_pinterest-8-3.jpg\" data-pin-description=\"8 amazing Islands To See in Antalya | Antalya Tourist Information\" data-pin-url=\"https:\/\/antalyatouristinformation.com\/de\/things-to-do\/islands\/?tve=true&amp;tcbf=cd7dd7a6c4\"><\/span><\/p>\n<p>Suluada in der <b>Stadt Kumluca<\/b> in Antalya ist mit seinem sauberen Sand und dem schillernden t\u00fcrkisfarbenen Wasser einer der besten Orte zum Schwimmen. Ihr werdet beim Fotografieren in Suluada nie einen Filter brauchen!<\/p>\n<p>Falls ihr eine Bootstour macht, ist der erste Halt in der Regel Suluada &#8211; eine einzigartige Perle in der N\u00e4he von Adrasan. Wegen des klaren, t\u00fcrkisfarbenen Wassers und des wei\u00dfen Sandes nennt man sie auch die &#8222;Malediven der Region&#8220;.<\/p>\n<p>Die Fahrt zur Insel dauert etwa 40 Minuten, sofern euer Boot direkt nach Suluada f\u00e4hrt. Das Wasser erh\u00e4lt seine Farbe und Klarheit durch Mikroorganismen, die Foraminiferen genannt werden.<\/p>\n<p>Die Bootstour geht weiter in Richtung der Buchten von Adrasan und C\u0131ral\u0131. Unterwegs macht ihr mehrere Badepausen und eine Mittagspause.<\/p>\n<p>Wir empfehlen, dass ihr im Voraus reserviert, falls ihr eine Bootstour machen m\u00f6chtet. Denkt daran, dass es zwei Arten von Bootstouren ab Adrasan gibt. Zur ersten geh\u00f6ren nur die Adrasan Buchten. Suluada wird dabei nicht besucht. Bei der zweiten Art fahrt ihr sowohl zu den Adrasan Buchten als auch zu Suluada. Vergewissert euch also, dass Suluada auf eurer &nbsp;Tour enthalten ist, sobald ihr eure Reservierung macht.<\/p>\n<ul>\n<li><strong>Mehr lesen:<\/strong><a href=\"https:\/\/antalyatouristinformation.com\/de\/sehenswurdigkeiten\/inseln\/suluada\/\">Suluada in Antalya<\/a><\/li>\n<\/ul>\n<h2 id=\"t-1621435115310\" data-alt-text=\"4. Kastellorizo \">4. Kastellorizo (Meg\u00edsti oder Meis)<\/h2>\n<p><span><img decoding=\"async\" alt=\"Ferrys departing from Alanya Harbour\" data-id=\"5564\" width=\"702\" data-init-width=\"1000\" height=\"468\" data-init-height=\"667\" title=\"Ferrys departing from Alanya Harbour\" loading=\"lazy\" src=\"https:\/\/antalyatouristinformation.com\/de\/wp-content\/uploads\/sites\/10\/2021\/05\/Ferrys-departing-from-Alanya-Harbour.jpg\" data-width=\"702\" data-height=\"468\" data-pinpro-key=\"d963dwg2c\" data-pin-media=\"https:\/\/antalyatouristinformation.com\/de\/wp-content\/uploads\/sites\/10\/2021\/06\/prag_50_sehenswuerdigkeiten_pinterest-8-3.jpg\" data-pin-description=\"8 amazing Islands To See in Antalya | Antalya Tourist Information\" data-pin-url=\"https:\/\/antalyatouristinformation.com\/de\/things-to-do\/islands\/?tve=true&amp;tcbf=cd7dd7a6c4\"><\/span><\/p>\n<p>Kastellorizo ist eine griechische Insel und Teil der Inselgruppe Dodekanes im \u00f6stlichen Mittelmeer. Kastellorizo ist nur 2,1 km von Ka\u015f\/ Antalya entfernt und damit die der T\u00fcrkei am n\u00e4chsten gelegene griechische Insel.<\/p>\n<p>Ihr k\u00f6nnt die Insel nach einer 20-min\u00fctigen F\u00e4hrfahrt von Ka\u015f aus erreichen. Genie\u00dft die sch\u00f6ne griechische Insel, die eine Menge zu bieten hat! Dazu geh\u00f6ren Str\u00e4nde, gutes Essen und wunderbare Landschaften.<\/p>\n<p>Bis die T\u00fcrkei die Regelung einf\u00fchrte, dass es Touristen nur noch erlaubt ist, 90 Tage innerhalb von 180 Tagen zu bleiben, war die Insel eine beliebte Adresse in Antalya, wenn es um &#8222;Visa Runs&#8220; ging. Vor der \u00c4nderung reichte ein Aufenthalt von wenigen Stunden in Kastelorizo aus, um die 90 Tage zur\u00fcckzusetzen und sein Visum in der T\u00fcrkei zu verl\u00e4ngern.<\/p>\n<ul>\n<li><b>Mehr dazu:<\/b><a href=\"https:\/\/antalyatouristinformation.com\/de\/sehenswurdigkeiten\/inseln\/kastellorizo\/\">Kastellorizo (Meis) in Ka\u015f<\/a><\/li>\n<li><b>Mehr lesen<\/b>: <a href=\"https:\/\/antalyatouristinformation.com\/de\/sehenswurdigkeiten\/kas\/\">20 Sehensw\u00fcrdigkeiten in Ka\u015f<\/a><\/li>\n<\/ul>\n<h2 id=\"t-1621435115311\">5. Dolphin Island<\/h2>\n<p><span><img decoding=\"async\" alt=\"Dolphin Island in Antalya in Turkey\" data-id=\"5618\" width=\"702\" data-init-width=\"1000\" height=\"468\" data-init-height=\"667\" title=\"Dolphin Island in Antalya in Turkey\" loading=\"lazy\" src=\"https:\/\/antalyatouristinformation.com\/de\/wp-content\/uploads\/sites\/10\/2021\/05\/Dolphin-Island-in-Antalya-in-Turkey.jpg\" data-width=\"702\" data-height=\"468\" data-pinpro-key=\"ilobio03c\" data-pin-media=\"https:\/\/antalyatouristinformation.com\/de\/wp-content\/uploads\/sites\/10\/2021\/06\/prag_50_sehenswuerdigkeiten_pinterest-8-3.jpg\" data-pin-description=\"8 amazing Islands To See in Antalya | Antalya Tourist Information\" data-pin-url=\"https:\/\/antalyatouristinformation.com\/de\/things-to-do\/islands\/?tve=true&amp;tcbf=cd7dd7a6c4\"><\/span><\/p>\n<p>Ausfl\u00fcge zur Dolphin Island legen von Side in Antalya ab. Steigt an Bord und beobachtet die sch\u00f6nen Delfine, die spielen und euch unterwegs begleiten. Das Erlebnis wird euch sicherlich einige der besten Erinnerungen an eure Reise nach Antalya bescheren!<\/p>\n<p>W\u00e4hrend der ganzt\u00e4gigen Bootstour erkundet ihr die sch\u00f6ne Meeresk\u00fcste von Side und k\u00f6nnt euch gleichzeitig sonnen und entspannen. Die Tour dauert ca. 8 Stunden und beginnt am antiken Hafen von Side.<\/p>\n<p>Unterwegs gibt es mehrere Badepausen &#8211; sowohl im reinen Wasser des Flusses Manavgat als auch im Meer. Zudem serviert euch das Personal ein k\u00f6stliches lokales Mittagessen an Bord.<\/p>\n<p>Ein Highlight der Tour ist, dass ihr die Chance habt, Meeresschildkr\u00f6ten und niedliche Delfine zu sehen, die sich an manchen Tagen im Meer tummeln.<\/p>\n<ul>\n<li>Werft auch einen Blick in unseren Beitrag \u00fcber <a href=\"https:\/\/antalyatouristinformation.com\/de\/sehenswurdigkeiten\/inseln\/dolphin\/\">Dolphin Island in Side<\/a>.<\/li>\n<\/ul>\n<h2 id=\"t-1621435115312\" data-alt-text=\"6. S\u0131\u00e7an Adas\u0131 \">6. S\u0131\u00e7an Adas\u0131 (Schildkr\u00f6teninsel\/ Turtle Island)<\/h2>\n<p><span><img decoding=\"async\" alt=\"Turtle Island in Antalya in Turkey\" data-id=\"8219\" width=\"702\" data-init-width=\"1000\" height=\"468\" data-init-height=\"667\" title=\"Turtle Island in Antalya in Turkey\" loading=\"lazy\" src=\"https:\/\/antalyatouristinformation.com\/de\/wp-content\/uploads\/sites\/10\/2021\/05\/Turtle-Island-in-Antalya-in-Turkey.jpg\" data-width=\"702\" data-height=\"468\" data-pinpro-key=\"1atl07ehw\" data-pin-media=\"https:\/\/antalyatouristinformation.com\/de\/wp-content\/uploads\/sites\/10\/2021\/06\/prag_50_sehenswuerdigkeiten_pinterest-8-3.jpg\" data-pin-description=\"8 amazing Islands To See in Antalya | Antalya Tourist Information\" data-pin-url=\"https:\/\/antalyatouristinformation.com\/de\/things-to-do\/islands\/?tve=true&amp;tcbf=cd7dd7a6c4\"><\/span><\/p>\n<p>S\u0131can Adas\u0131 hei\u00dft \u00fcbersetzt &#8222;Ratteninsel&#8220;. Sie wird manchmal auch &#8222;Schildkr\u00f6teninsel&#8220; genannt. Die kleine Insel zwischen dem Sar\u0131su-Strand und dem Fisherman&#8217;s Shelter ist ein verborgenes Juwel in Antalya. Es gibt auch eine Insel mit dem gleichen Namen in der N\u00e4he des<a href=\"https:\/\/antalyatouristinformation.com\/de\/sehenswurdigkeiten\/strand\/patara\/\"> Patara Strandes<\/a>!<\/p>\n<p>S\u0131can Adas\u0131 ist ein beliebter Tauchplatz in der N\u00e4he der Stadt Antalya und ein ber\u00fchmter Zwischenstopp in der N\u00e4he des <a href=\"https:\/\/antalyatouristinformation.com\/de\/sehenswurdigkeiten\/strand\/konyaalti\/\">Konyaalt\u0131 Strandes<\/a> auf dem Weg zu den <a href=\"https:\/\/antalyatouristinformation.com\/de\/hotel\/\">Strandresorts in Kemer<\/a>.<\/p>\n<h2 id=\"t-1621435115313\" data-alt-text=\"7. Be\u015f Adalar \">7. Be\u015f Adalar (F\u00fcnf Inseln)<\/h2>\n<p><span><img decoding=\"async\" alt=\"Be\u015f Adalar in Antalya in Turkey\" data-id=\"5625\" width=\"702\" data-init-width=\"1000\" height=\"468\" data-init-height=\"667\" title=\"Be\u015f Adalar in Antalya in Turkey\" loading=\"lazy\" src=\"https:\/\/antalyatouristinformation.com\/de\/wp-content\/uploads\/sites\/10\/2021\/05\/Bes-Adalar-in-Antalya-in-Turkey.jpg\" data-width=\"702\" data-height=\"468\" data-pinpro-key=\"0s3f3nsn8\" data-pin-media=\"https:\/\/antalyatouristinformation.com\/de\/wp-content\/uploads\/sites\/10\/2021\/06\/prag_50_sehenswuerdigkeiten_pinterest-8-3.jpg\" data-pin-description=\"8 amazing Islands To See in Antalya | Antalya Tourist Information\" data-pin-url=\"https:\/\/antalyatouristinformation.com\/de\/things-to-do\/islands\/?tve=true&amp;tcbf=cd7dd7a6c4\"><\/span><\/p>\n<p>Be\u015f Adalar (F\u00fcnf Inseln) ist eine Inselgruppe in der N\u00e4he von Kap Gelidonya, an der S\u00fcdk\u00fcste der Teke-Halbinsel in Antalya.<\/p>\n<p>Die gr\u00f6\u00dfte der f\u00fcnf Inseln hei\u00dft Devecitas\u0131 Ada (Lange Insel). Sie dient mit ihrer wunderbaren Unterwasserwelt und Tiefe als Tauchspot.<\/p>\n<p>Zwei der f\u00fcnf Inseln ragen 120-150 Meter \u00fcber den Meeresspiegel. Die anderen drei sind karg und kleiner.<\/p>\n<h2 id=\"t-1621435115314\">8. Die Inseln vor Ka\u015f<\/h2>\n<p><span><img decoding=\"async\" alt=\"Ka\u015f Islands in Antalya in Turkey\" data-id=\"5626\" width=\"702\" data-init-width=\"1000\" height=\"468\" data-init-height=\"667\" title=\"Ka\u015f Islands in Antalya in Turkey\" loading=\"lazy\" src=\"https:\/\/antalyatouristinformation.com\/de\/wp-content\/uploads\/sites\/10\/2021\/05\/Kas-Islands-in-Antalya-in-Turkey.jpg\" data-width=\"702\" data-height=\"468\" data-pinpro-key=\"3ri32m1yi\" data-pin-media=\"https:\/\/antalyatouristinformation.com\/de\/wp-content\/uploads\/sites\/10\/2021\/06\/prag_50_sehenswuerdigkeiten_pinterest-8-3.jpg\" data-pin-description=\"8 amazing Islands To See in Antalya | Antalya Tourist Information\" data-pin-url=\"https:\/\/antalyatouristinformation.com\/de\/things-to-do\/islands\/?tve=true&amp;tcbf=cd7dd7a6c4\"><\/span><\/p>\n<p>Am Hafen von Ka\u015f k\u00f6nnt ihr eine private Bootstour machen und so die Inseln rund um Ka\u015f entdecken. Die Insel G\u00fcvercin (Taubeninsel) ist ein guter Ort zum Schwimmen und Schnorcheln.<\/p>\n<p>Ihr findet hier unter Wasser eine Hai-Skulptur. Traditionelles t\u00fcrkisches Essen wird zubereitet und als k\u00f6stliches Mittagessen auf dem Boot serviert. Au\u00dferdem gibt es im Laufe des Tages frische saisonale Fr\u00fcchte, t\u00fcrkischen Tee und andere Snacks.<\/p>\n<p>Entdeckt die Bucht Limanagzi und die Bucht an der Hafenm\u00fcndung mit kristallklarem Wasser, bevor ihr zum Big Pebble Beach (B\u00fcy\u00fck \u00c7ak\u0131l Plaj\u0131) segelt. Der Ort ist f\u00fcr seine im Untergrund flie\u00dfende, k\u00fchle Str\u00f6mung bekannt.<\/p>\n<p>Werft auch einen Blick in unseren Guide zu den besten<a href=\"https:\/\/antalyatouristinformation.com\/de\/sehenswurdigkeiten\/strand\/\"> Str\u00e4nden in Antalya <\/a>und unsere Auswahl an <a href=\"https:\/\/antalyatouristinformation.com\/de\/hotel\/\">Hotels in Antalya<\/a>.<\/p>\n","protected":false},"excerpt":{"rendered":"<p>Wir haben hier die 8 sch\u00f6nsten Inseln in Antalya zusammengestellt, die ihr w\u00e4hrend eurer Reise in der Region Antalya nicht verpassen solltet. Ihr werdet \u00fcber Inseln mit versunkenen antiken St\u00e4dten, wei\u00dfen Sandstr\u00e4nden und kristallklarem Wasser zum Tauchen lesen. Au\u00dferdem erfahrt ihr, wie ihr den Tag auf einer griechischen Insel verbringen k\u00f6nnt. Lasst uns die Inseln [&hellip;]<\/p>\n","protected":false},"author":5,"featured_media":4115,"parent":113,"menu_order":0,"comment_status":"open","ping_status":"closed","template":"","meta":{"_acf_changed":false,"footnotes":""},"categories":[],"tags":[44],"class_list":["post-3347","page","type-page","status-publish","has-post-thumbnail","hentry","tag-island","post-wrapper","thrv_wrapper"],"acf":[],"wp-worthy-pixel":{"ignored":false,"public":"9c7feb4081eb4ba797667025f446938b","server":"vg01.met.vgwort.de","url":"https:\/\/vg01.met.vgwort.de\/na\/9c7feb4081eb4ba797667025f446938b"},"wp-worthy-type":"normal","_links":{"self":[{"href":"https:\/\/antalyatouristinformation.com\/de\/wp-json\/wp\/v2\/pages\/3347","targetHints":{"allow":["GET"]}}],"collection":[{"href":"https:\/\/antalyatouristinformation.com\/de\/wp-json\/wp\/v2\/pages"}],"about":[{"href":"https:\/\/antalyatouristinformation.com\/de\/wp-json\/wp\/v2\/types\/page"}],"author":[{"embeddable":true,"href":"https:\/\/antalyatouristinformation.com\/de\/wp-json\/wp\/v2\/users\/5"}],"replies":[{"embeddable":true,"href":"https:\/\/antalyatouristinformation.com\/de\/wp-json\/wp\/v2\/comments?post=3347"}],"version-history":[{"count":10,"href":"https:\/\/antalyatouristinformation.com\/de\/wp-json\/wp\/v2\/pages\/3347\/revisions"}],"predecessor-version":[{"id":14710,"href":"https:\/\/antalyatouristinformation.com\/de\/wp-json\/wp\/v2\/pages\/3347\/revisions\/14710"}],"up":[{"embeddable":true,"href":"https:\/\/antalyatouristinformation.com\/de\/wp-json\/wp\/v2\/pages\/113"}],"wp:featuredmedia":[{"embeddable":true,"href":"https:\/\/antalyatouristinformation.com\/de\/wp-json\/wp\/v2\/media\/4115"}],"wp:attachment":[{"href":"https:\/\/antalyatouristinformation.com\/de\/wp-json\/wp\/v2\/media?parent=3347"}],"wp:term":[{"taxonomy":"category","embeddable":true,"href":"https:\/\/antalyatouristinformation.com\/de\/wp-json\/wp\/v2\/categories?post=3347"},{"taxonomy":"post_tag","embeddable":true,"href":"https:\/\/antalyatouristinformation.com\/de\/wp-json\/wp\/v2\/tags?post=3347"}],"curies":[{"name":"wp","href":"https:\/\/api.w.org\/{rel}","templated":true}]}}