{"id":3372,"date":"2021-04-19T17:43:42","date_gmt":"2021-04-19T15:43:42","guid":{"rendered":"http:\/\/antalyatouristinformation.com\/clone4639485xzhehsskdjfhhdhebdkkekdeewsd4545gdfgm\/?page_id=3372"},"modified":"2024-01-18T17:26:06","modified_gmt":"2024-01-18T16:26:06","slug":"st-nikolaus-kirche","status":"publish","type":"page","link":"https:\/\/antalyatouristinformation.com\/de\/sehenswurdigkeiten\/geschichte\/st-nikolaus-kirche\/","title":{"rendered":"St. Nikolaus Kirche in Myra (Demre): Geschichte, Anfahrt &amp; Tipps"},"content":{"rendered":"<p>Ihr m\u00f6chtet die St. Nikolaus Kirche in Demre besuchen und mehr \u00fcber den Ort wissen, an dem Sankt Nikolaus von Myra lebte und bestattet wurde?<\/p>\n<p>Dann seid ihr hier genau richtig!<\/p>\n<p>In unserem kompletten Guide zur St. Nikolaus Kirche verraten wir euch alle wichtigen Infos und Tipps f\u00fcr euren Besuch der St\u00e4tte. Dazu geh\u00f6ren die Sehensw\u00fcrdigkeiten, die Geschichte der Kirche und Anfahrt und Tickets.<\/p>\n<p>Lasst uns loslegen!<\/p>\n<p><span><img decoding=\"async\" alt=\"Dome of St Nicholaos Church in Demre in Antalya in Turkey\" data-id=\"3505\" data-init-width=\"1000\" data-init-height=\"670\" title=\"Dome of St Nicholaos Church in Demre in Antalya in Turkey\" loading=\"lazy\" src=\"https:\/\/antalyatouristinformation.com\/de\/wp-content\/uploads\/sites\/10\/2021\/04\/dome-of-st-nicholaos-church-in-demre-in-antalya.jpg\" data-width=\"702\" data-height=\"470\" width=\"702\" height=\"470\" data-pinpro-key=\"3bdbo62rm\" data-pin-media=\"https:\/\/antalyatouristinformation.com\/de\/wp-content\/uploads\/sites\/10\/2021\/06\/prag_50_sehenswuerdigkeiten_pinterest-12-6.jpg\" data-pin-description=\"Besucht die St. Nikolaus Kirche | Antalya Tourist Information\" data-pin-url=\"https:\/\/antalyatouristinformation.com\/de\/things-to-do\/history\/st-nicholas-church\/?tve=true&amp;tcbf=22c34766f8\"><\/span><\/p>\n<h2 id=\"t-1624965711122\" data-alt-text=\"Was kann ich machen?\">Was kann ich in der &nbsp;St. Nikolaus Kirche machen?<\/h2>\n<p>Sankt Nikolaus wurde w\u00e4hrend der Zeit des R\u00f6mischen Reiches in der antiken Stadt Patara in der Provinz Antalya geboren.<\/p>\n<p>Er wurde als Bischof von Myra ber\u00fchmt. Die Menschen in <a href=\"https:\/\/antalyatouristinformation.com\/de\/sehenswurdigkeiten\/geschichte\/myra\/\">Myra <\/a>liebten Nikolaus. Er war als sehr g\u00fctiger Mensch bekannt, der sein ganzes Leben lang den Armen, Seeleuten und Kindern half.<\/p>\n<p>Im Jahr 343 starb Nikolaus. Er wurde in einer Kirche aus dem 3. oder 4. Jahrhundert beigesetzt, die seinen Namen tr\u00e4gt.<\/p>\n<p>Einige Historiker vermuten, dass<strong> seine sterblichen \u00dcberreste w\u00e4hrend der Kreuzz\u00fcge zum Schutz nach Italien<\/strong> gebracht wurden. Demnach soll eine Gruppe von Seefahrern, die 1087 von Bari nach Demre kam, sein Grab ge\u00f6ffnet und seine Gebeine nach Bari \u00fcberf\u00fchrt haben.<\/p>\n<p>Zum Gedenken an den heiligen Nikolaus wurde an seinem Grab eine Kirche errichtet. Die St. Nikolaus Kirche dient heute als Museum.<\/p>\n<p><span><img decoding=\"async\" alt=\"Sarcophagus of Nicholas of Myra in Demre in Antalya in Turkey\" data-id=\"3507\" data-init-width=\"1000\" data-init-height=\"670\" title=\"Sarcophagus of Nicholas of Myra in Demre in Antalya in Turkey\" loading=\"lazy\" src=\"https:\/\/antalyatouristinformation.com\/de\/wp-content\/uploads\/sites\/10\/2021\/04\/tomb-of-st-nicholaos-in-demre-in-antalya.jpg\" data-width=\"702\" data-height=\"470\" width=\"702\" height=\"470\" data-pinpro-key=\"sv6zn51v4\" data-pin-media=\"https:\/\/antalyatouristinformation.com\/de\/wp-content\/uploads\/sites\/10\/2021\/06\/prag_50_sehenswuerdigkeiten_pinterest-12-6.jpg\" data-pin-description=\"Besucht die St. Nikolaus Kirche | Antalya Tourist Information\" data-pin-url=\"https:\/\/antalyatouristinformation.com\/de\/things-to-do\/history\/st-nicholas-church\/?tve=true&amp;tcbf=22c34766f8\"><\/span><\/p>\n<h2 id=\"t-1624965711123\" data-alt-text=\"Sarkophag\">Der Sarkophag des Nikolaus von Myra<\/h2>\n<p>Ihr k\u00f6nnt den <strong>Sarkophag des Heiligen Nikolaus<\/strong> in einer der Seitenapsiden der St. Nikolaus Kirche finden. Die Grablege hat Verzierungen in Form von Fischschuppen und Akanthusbl\u00e4ttern, wurde jedoch von Seefahrern aus Bari besch\u00e4digt.<\/p>\n<p>Einige Knochenfragmente sind heute im <a href=\"https:\/\/antalyatouristinformation.com\/de\/sehenswurdigkeiten\/museum\/antalya-archaologisch\/\"><strong>Arch\u00e4ologischen <\/strong><strong>Museum<\/strong> <strong>Antalya<\/strong><\/a><strong>&nbsp;<\/strong>ausgestellt. Es wird angenommen, dass sie zu Sankt Nikolaus geh\u00f6ren und damals von den Seefahrern aus Bari \u00fcbersehen wurden.<\/p>\n<p>In der Kirche vom Heiligen Nikolaus k\u00f6nnt ihr <strong>drei kleine Kapellen<\/strong> besichtigen.<\/p>\n<p>Die Kirche wurde im Laufe der Geschichte mehrfach renoviert. An den W\u00e4nden der Kirche k\u00f6nnt ihr Szenen entdecken, die Wunder darstellen. Hervorzuheben ist die Szene &#8222;Abendmahl der Apostel&#8220;. Ihr findet sie auf einem der Fresken in der Kuppel.<\/p>\n<p>Die Gr\u00f6\u00dfe und der Reichtum der St. Nicholas Kirche spiegelt auch die Rolle von Myra als Zentrum wider, das die gesamte Stadtverwaltung beeinflusst.<\/p>\n<p><span lang=\"en\"><span data-language-for-alternatives=\"en\" data-language-to-translate-into=\"tr\" data-phrase-index=\"0\"><strong>Jedes Jahr am 6. Dezember, <\/strong>dem Todestag des Heiligen Nikolaus, werden in der St. Nikolaus Kirche Andachten zum Weltfrieden und zu Gedenken an den Heiligen Nikolaus organisiert. Zahlreiche Christen, vor allem orthodoxe, nehmen an den religi\u00f6sen Zeremonien teil.<\/span><\/span><\/p>\n<p><span><img decoding=\"async\" alt=\"Entrance of St Nicholaos Church in Demre in Antalya in Turkey\" data-id=\"3504\" data-init-width=\"1000\" data-init-height=\"670\" title=\"Entrance of St Nicholaos Church in Demre in Antalya in Turkey\" loading=\"lazy\" src=\"https:\/\/antalyatouristinformation.com\/de\/wp-content\/uploads\/sites\/10\/2021\/04\/entrance-st-nicholaos-demre-in-antalya.jpg\" data-width=\"702\" data-height=\"470\" width=\"702\" height=\"470\" data-pinpro-key=\"xgtwdm196\" data-pin-media=\"https:\/\/antalyatouristinformation.com\/de\/wp-content\/uploads\/sites\/10\/2021\/06\/prag_50_sehenswuerdigkeiten_pinterest-12-6.jpg\" data-pin-description=\"Besucht die St. Nikolaus Kirche | Antalya Tourist Information\" data-pin-url=\"https:\/\/antalyatouristinformation.com\/de\/things-to-do\/history\/st-nicholas-church\/?tve=true&amp;tcbf=22c34766f8\"><\/span><\/p>\n<h2 id=\"t-1624965711124\" data-alt-text=\"Eintritt, Tickets &amp; F\u00fchrungen\">Eintritt, Tickets und F\u00fchrungen<\/h2>\n<ul>\n<li><span><strong>Eintritt:<\/strong> Das Sankt Nikolaus Museum ist t\u00e4glich ge\u00f6ffnet. Ihr k\u00f6nnt die Kirche vom 1. April bis 1. Oktober zwischen 08.00 -19.00 Uhr und vom 1. Oktober bis 1. April zwischen 08.30-17.30 Uhr besuchen.<\/span><\/li>\n<li><span><strong>Tickets:<\/strong> Der Eintritt in die St\u00e4tte ist kostenpflichtig. Falls ihr den Museumspass Akdeniz besitzt, k\u00f6nnt ihr die historische St\u00e4tte kostenlos besuchen. Werft einen Blick in unseren Shop, um euch einen Museumspass zu kaufen.<\/span><\/li>\n<li><span><strong><b>F\u00fchrungen<\/b>:<\/strong> F\u00fchrungen durch die St. Nikolaus Kirche in Kombination mit den Ruinen von Myra werden in der gesamten Provinz Antalya und im benachbarten Landkreis Fethiye (Mu\u011fla) angeboten.&nbsp;<\/span><\/li>\n<\/ul>\n<ul>\n<li><span><strong>Tipp:<\/strong> Falls ihr Tickets f\u00fcr Vergn\u00fcgungsparks, Museen und Touren f\u00fcr eure Antalya-Reise vorab buchen m\u00f6chtet, solltet ihr unbedingt einen Blick auf die Angebote in unserem offiziellen Shop werfen.<\/span><\/li>\n<\/ul>\n<h2 id=\"t-1624965711125\" data-alt-text=\"Wie komme ich zur Kirche?\">Wie komme ich zur St. Nikolaus Kirche?<\/h2>\n<p>Die St. Nikolaus Kirche liegt in der Kreisstadt Demre in der Region Antalya. Sie befindet sich an der lykischen K\u00fcste zwischen Ka\u015f und Finike.<\/p>\n<ul>\n<li><span><strong><b>Mit dem \u00f6ffentlichen Verkehr:<\/b> <\/strong>Ihr k\u00f6nnt die St. Nikolaus Kirche mit Bussen oder Minibussen erreichen, die vom Stadtzentrum von Antalya abfahren. Die Fahrt von Antalya aus dauert 2 bis 4 Stunden. Unter Umst\u00e4nden m\u00fcsst ihr je nach Abfahrtsort mehrmals umsteigen. Daher empfehlen wir, dass ihr von Ka\u015f aus mit dem <a href=\"https:\/\/antalyatouristinformation.com\/de\/offentlicher-verkehr\/\">\u00f6ffentlichen Verkehr<\/a> nach Demre f\u00e4hrt.<\/span><\/li>\n<li><span><strong><b>Mit dem <\/b><strong><a href=\"https:\/\/antalyatouristinformation.com\/de\/plan\/mietwagen\/\"><b>Mietwagen<\/b><\/a><strong><b>:<\/b> <\/strong><\/strong><\/strong>Die Schnellstra\u00dfe D400 f\u00fchrt entlang der t\u00fcrkischen S\u00fcdk\u00fcste. Sie verbindet alle Urlaubsorte miteinander. Demre liegt ebenfalls entlang der Schnellstra\u00dfe D400. Daher k\u00f6nnt ihr ganz einfach mit dem Auto nach Demre gelangen.<\/span><\/li>\n<\/ul>\n<p><span><img decoding=\"async\" alt=\"Frescoes in St Nicholaos Church in Demre in Antalya in Turkey\" data-id=\"3506\" data-init-width=\"1000\" data-init-height=\"670\" title=\"Frescoes in St Nicholaos Church in Demre in Antalya in Turkey\" loading=\"lazy\" src=\"https:\/\/antalyatouristinformation.com\/de\/wp-content\/uploads\/sites\/10\/2021\/04\/frescoes-st.-nicholaos-church-in-demre-in-antalya.jpg\" data-width=\"702\" data-height=\"470\" width=\"702\" height=\"470\" data-pinpro-key=\"3g3hu8vn2\" data-pin-media=\"https:\/\/antalyatouristinformation.com\/de\/wp-content\/uploads\/sites\/10\/2021\/06\/prag_50_sehenswuerdigkeiten_pinterest-12-6.jpg\" data-pin-description=\"Besucht die St. Nikolaus Kirche | Antalya Tourist Information\" data-pin-url=\"https:\/\/antalyatouristinformation.com\/de\/things-to-do\/history\/st-nicholas-church\/?tve=true&amp;tcbf=22c34766f8\"><\/span><\/p>\n<h2 id=\"t-1619181810210\" data-alt-text=\"FAQ\">FAQ (H\u00e4ufige Fragen)<\/h2>\n<p><span><img decoding=\"async\" alt=\"St Nicholaos Myra Church in Demre in Antalya in Turkey\" data-id=\"3508\" data-init-width=\"1000\" data-init-height=\"670\" title=\"St Nicholaos Myra Church in Demre in Antalya in Turkey\" loading=\"lazy\" src=\"https:\/\/antalyatouristinformation.com\/de\/wp-content\/uploads\/sites\/10\/2021\/04\/st-nicholaos-myra.jpg\" data-width=\"702\" data-height=\"470\" width=\"702\" height=\"470\" data-pinpro-key=\"9or6iuyxa\" data-pin-media=\"https:\/\/antalyatouristinformation.com\/de\/wp-content\/uploads\/sites\/10\/2021\/06\/prag_50_sehenswuerdigkeiten_pinterest-12-6.jpg\" data-pin-description=\"Besucht die St. Nikolaus Kirche | Antalya Tourist Information\" data-pin-url=\"https:\/\/antalyatouristinformation.com\/de\/things-to-do\/history\/st-nicholas-church\/?tve=true&amp;tcbf=22c34766f8\"><\/span><\/p>\n<h2 id=\"t-1624965711126\" data-alt-text=\"Geschichte \">Geschichte der St. Nikolaus Kirche<\/h2>\n<p>Nikolaus kam im Jahr 300 nach unserer Zeitrechnung als Sohn eines wohlhabenden Weizenh\u00e4ndlers auf die Welt. Er ist in der Stadt Patara <strong>(mehr dazu:<\/strong><a href=\"https:\/\/antalyatouristinformation.com\/de\/sehenswurdigkeiten\/geschichte\/patara\/\">Antike St\u00e4tte Patara<\/a>) geboren, in der sich das Senatshaus des Lykischen Bundes befand. Er gilt als Schutzpatron der Kinder und Seeleute. Nikolaus war Bischof von Myra, der heutigen t\u00fcrkischen Stadt Demre. Er starb im Jahr 365. Seeh\u00e4ndler aus Bari entnahmen seine sterblichen \u00dcberreste und setzten sie in einer Basilika in Bari bei, die sie dort zu Ehren von Nikolaus errichteten.<\/p>\n<p>Im 8. Jahrhundert wurde die Basilika in Myra durch mehrere Erdbeben und \u00dcberf\u00e4lle auf die Stadt stark besch\u00e4digt. Ein Jahrhundert sp\u00e4ter wurde sie als Kuppelkirche wieder aufgebaut.<\/p>\n<p>Sp\u00e4tere Erweiterungen fanden im 11. Jahrhundert w\u00e4hrend der byzantinischen Epoche statt. Die wichtigste Ausbesserung w\u00e4hrend dieser Zeit wurde 1042 von Kaiser Konstantin IX. und seiner Frau Zoe vorgenommen. Aus diesem Zeitraum stammen die meisten Wandfresken und Bodenmosaike.<\/p>\n<p>Der russische Zar Nikolaus I. lie\u00df 1862 eine weitere umfassende Restaurierung der Kirche durchf\u00fchren. Im Laufe der Jahrhunderte wurde sie aus verschiedenen Gr\u00fcnden zerst\u00f6rt. Der Glockenturm und die neuen Anbauten der zentralen Kuppel waren Teil der Restaurierung, die vom urspr\u00fcnglichen Plan abwich.<\/p>\n<p>Auf den urspr\u00fcnglichen Fundamenten der heutigen Kirche befanden sich viele diverse Bauten, die zu unterschiedlichen Zeiten errichtet wurden. Deswegen sieht die Kirche wie ein Komplex aus, der in verschiedenen Epochen gebaut wurde.<\/p>\n<p>Erfahrt in unserer speziellen Kategorie <a href=\"https:\/\/antalyatouristinformation.com\/de\/sehenswurdigkeiten\/geschichte\/\">antike Ruinen in Antalya<\/a> mehr \u00fcber andere wichtige historische Denkm\u00e4ler in Antalya:<\/p>\n<h2 id=\"t-1624965711127\">Kontakt<\/h2>\n<ul>\n<li><span><strong>Adresse:&nbsp;<\/strong>Merkez Mahallesi, Demre\/Antalya<\/span><\/li>\n<li><span><strong>\u00d6ffnungszeiten: <\/strong>Im Sommer t\u00e4glich von 08.00 -19.00 Uhr und im Winter von 08.30-17.30 Uhr.<\/span><\/li>\n<li><span><strong>\u00d6ffentlicher Verkehr: <\/strong>Bus, Minibus (Dolmu\u015f)<\/span><\/li>\n<\/ul>\n","protected":false},"excerpt":{"rendered":"<p>Ihr m\u00f6chtet die St. Nikolaus Kirche in Demre besuchen und mehr \u00fcber den Ort wissen, an dem Sankt Nikolaus von Myra lebte und bestattet wurde? Dann seid ihr hier genau richtig! In unserem kompletten Guide zur St. Nikolaus Kirche verraten wir euch alle wichtigen Infos und Tipps f\u00fcr euren Besuch der St\u00e4tte. Dazu geh\u00f6ren die [&hellip;]<\/p>\n","protected":false},"author":5,"featured_media":3501,"parent":119,"menu_order":0,"comment_status":"open","ping_status":"closed","template":"","meta":{"_acf_changed":false,"footnotes":""},"categories":[],"tags":[42,47],"class_list":["post-3372","page","type-page","status-publish","has-post-thumbnail","hentry","tag-history","tag-medieval","post-wrapper","thrv_wrapper"],"acf":[],"wp-worthy-pixel":{"ignored":false,"public":"7c65b91c6d9140999d548302c40123e2","server":"vg01.met.vgwort.de","url":"https:\/\/vg01.met.vgwort.de\/na\/7c65b91c6d9140999d548302c40123e2"},"wp-worthy-type":"normal","_links":{"self":[{"href":"https:\/\/antalyatouristinformation.com\/de\/wp-json\/wp\/v2\/pages\/3372","targetHints":{"allow":["GET"]}}],"collection":[{"href":"https:\/\/antalyatouristinformation.com\/de\/wp-json\/wp\/v2\/pages"}],"about":[{"href":"https:\/\/antalyatouristinformation.com\/de\/wp-json\/wp\/v2\/types\/page"}],"author":[{"embeddable":true,"href":"https:\/\/antalyatouristinformation.com\/de\/wp-json\/wp\/v2\/users\/5"}],"replies":[{"embeddable":true,"href":"https:\/\/antalyatouristinformation.com\/de\/wp-json\/wp\/v2\/comments?post=3372"}],"version-history":[{"count":10,"href":"https:\/\/antalyatouristinformation.com\/de\/wp-json\/wp\/v2\/pages\/3372\/revisions"}],"predecessor-version":[{"id":14740,"href":"https:\/\/antalyatouristinformation.com\/de\/wp-json\/wp\/v2\/pages\/3372\/revisions\/14740"}],"up":[{"embeddable":true,"href":"https:\/\/antalyatouristinformation.com\/de\/wp-json\/wp\/v2\/pages\/119"}],"wp:featuredmedia":[{"embeddable":true,"href":"https:\/\/antalyatouristinformation.com\/de\/wp-json\/wp\/v2\/media\/3501"}],"wp:attachment":[{"href":"https:\/\/antalyatouristinformation.com\/de\/wp-json\/wp\/v2\/media?parent=3372"}],"wp:term":[{"taxonomy":"category","embeddable":true,"href":"https:\/\/antalyatouristinformation.com\/de\/wp-json\/wp\/v2\/categories?post=3372"},{"taxonomy":"post_tag","embeddable":true,"href":"https:\/\/antalyatouristinformation.com\/de\/wp-json\/wp\/v2\/tags?post=3372"}],"curies":[{"name":"wp","href":"https:\/\/api.w.org\/{rel}","templated":true}]}}