{"id":3375,"date":"2021-04-19T17:48:00","date_gmt":"2021-04-19T15:48:00","guid":{"rendered":"http:\/\/antalyatouristinformation.com\/clone4639485xzhehsskdjfhhdhebdkkekdeewsd4545gdfgm\/?page_id=3375"},"modified":"2023-03-31T16:53:35","modified_gmt":"2023-03-31T14:53:35","slug":"antiphellos","status":"publish","type":"page","link":"https:\/\/antalyatouristinformation.com\/de\/sehenswurdigkeiten\/geschichte\/antiphellos\/","title":{"rendered":"Antiphellos: Antike Stadt in Kas"},"content":{"rendered":"<p>Hier ist unser kompletter Guide zur antiken Stadt Antiphellos in Ka\u015f.<\/p>\n<p>Antiphellos war eine der \u00e4ltesten Siedlungen der Region Antalya und eine wichtige lykische Hafenstadt.<\/p>\n<p>Der heutige Urlaubsort Ka\u015f wurde auf dieser antiken Stadt gegr\u00fcndet. Deshalb k\u00f6nnt ihr im Zentrum von Ka\u015f verstreut Ruinen von Antiphellos entdecken.<\/p>\n<p>In diesem Guide erfahrt ihr wichtige Infos f\u00fcr euren Besuch, Tipps zu Hotels, Anfahrt und Eintritt sowie die Geschichte von Antiphellos.<\/p>\n<p>Fangen wir mit den Attraktionen an!<\/p>\n<p><span><img decoding=\"async\" alt=\"Tomb in Kas Center in Antalya in Turkey\" data-id=\"3463\" width=\"702\" data-init-width=\"1000\" height=\"470\" data-init-height=\"670\" title=\"Tomb in Kas Center in Antalya in Turkey\" loading=\"lazy\" src=\"https:\/\/antalyatouristinformation.com\/de\/wp-content\/uploads\/sites\/10\/2021\/04\/tomb-in-kas-center-in-antalya.jpg\" data-width=\"702\" data-height=\"470\" data-pinpro-key=\"jsslb5un0\" data-pin-media=\"https:\/\/antalyatouristinformation.com\/de\/wp-content\/uploads\/sites\/10\/2021\/06\/Antalya-Pinterest-4-12.jpg\" data-pin-description=\"Guide zur antiken Stadt Antiphellos | Antalya Tourist Information\" data-pin-url=\"https:\/\/antalyatouristinformation.com\/de\/things-to-do\/history\/antiphellos\/?tve=true&amp;tcbf=22c34766f8\"><\/span><\/p>\n<h2 id=\"t-1624967960405\" data-alt-text=\"Was kann ich machen?\">Was kann ich in Antiphellos machen?<\/h2>\n<p>In der Antike war Ka\u015f eine bekannte Hafenstadt. Die wichtigste Stadt &#8222;Phellos&#8220; befand sich genau \u00fcber ihr. Das erkl\u00e4rt, warum die Bewohner den Ort &#8222;Antiphellos&#8220; nannten. Es bedeutet n\u00e4mlich das &#8222;Gegenteil von Phellos&#8220;. Doch im Laufe der Zeit bl\u00fchte Antiphellos auf. Der Ort wurde reich, trennte sich von Phellos und entwickelte sich zu einer eigenen wohlhabenden Stadt.<\/p>\n<p>Lasst uns erforschen, was heute von der antiken Stadt Antiphellos \u00fcbrig geblieben ist \u2013 einer Stadt, die sich w\u00e4hrend der R\u00f6merzeit von ihren Nachbarn abhob!<\/p>\n<ul>\n<li><b>Hellenistisches Theater:<\/b> Eine der Hauptattraktionen ist das Theater. Es ist das einzige Theater in Anatolien, das mit Blick auf das Meer gebaut wurde. Falls ihr abends vor Ort seid, solltet ihr von hier aus unbedingt den Sonnenuntergang beobachten. Das Theater bot Platz f\u00fcr 4.000 Zuschauer. F\u00fcr den Bau wurde lokaler Kalkstein benutzt. 2008 wurde das Theater restauriert.<\/li>\n<li><b>Nekropole:<\/b> Nord\u00f6stlich des Theaters trefft ihr auf die Nekropole der antiken Stadt. Ein gro\u00dfer Teil davon wurde in den Felsen geschlagen. Richtet euren Blick auf den steinernen Sarkophag, der in Form eines Hauses frei steht und aus dem Felsen geschlagen wurde. Die Grabst\u00e4tte mit dem Namen Akdam Doric ist das einzige Exemplar in der Region, auf dem weibliche Figuren abgebildet sind. Man nimmt an, dass das dorische Grabmal aus dem 4. Jahrhundert vor unserer Zeitrechnung stammt.<\/li>\n<li><b>L\u00f6wengrab<\/b>: Ihr findet das L\u00f6wengrab im Zentrum von Ka\u015f. Es ist zu einem Symbol der Stadt geworden. Seinen Namen verdankt es den L\u00f6wenkopf-Skulpturen auf dem oberen Teil. Das Grabmal soll einem K\u00f6nig oder einer wohlhabenden Person aus dem 4. Jahrhundert vor unserer Zeitrechnung geh\u00f6rt haben. Ihr findet darauf eine Inschrift in lykischer Sprache.<\/li>\n<\/ul>\n<p><b>Letzter Tipp:<\/b> Besteigt die obersten Stufen des hellenistischen Theaters! Ihr werdet mit einem grandiosen Blick auf das blaue Meer und die Insel Meis belohnt \u2026<\/p>\n<p><span data-language-for-alternatives=\"en\" data-language-to-translate-into=\"tr\" data-phrase-index=\"1\"> <\/span><\/p>\n<p><span><img decoding=\"async\" alt=\"Entrance to Antiphellos Theater in Antalya in Turkey\" data-id=\"3465\" width=\"702\" data-init-width=\"1000\" height=\"470\" data-init-height=\"670\" title=\"Entrance to Antiphellos Theater in Antalya in Turkey\" loading=\"lazy\" src=\"https:\/\/antalyatouristinformation.com\/de\/wp-content\/uploads\/sites\/10\/2021\/04\/entrance-to-antiphellos-theater.jpg\" data-width=\"702\" data-height=\"470\" data-pinpro-key=\"sg050tx33\" data-pin-media=\"https:\/\/antalyatouristinformation.com\/de\/wp-content\/uploads\/sites\/10\/2021\/06\/Antalya-Pinterest-4-12.jpg\" data-pin-description=\"Guide zur antiken Stadt Antiphellos | Antalya Tourist Information\" data-pin-url=\"https:\/\/antalyatouristinformation.com\/de\/things-to-do\/history\/antiphellos\/?tve=true&amp;tcbf=22c34766f8\"><\/span><\/p>\n<h2 id=\"t-1624967960406\" data-alt-text=\"Eintritt, Tickets &amp; F\u00fchrungen\">Eintritt, Tickets und F\u00fchrungen<\/h2>\n<ul>\n<li><span><strong>Eintritt:<\/strong> Ihr k\u00f6nnt die Ruinen von Antiphellos jederzeit besuchen.<\/span><\/li>\n<li><span><strong>Tickets: <\/strong>F\u00fcr die Besichtigung der Ruinen von Antiphellos, die \u00fcberall in Ka\u015f verstreut sind, m\u00fcsst ihr nichts zahlen.<\/span><\/li>\n<\/ul>\n<ul>\n<li><span><strong>Tipp:<\/strong> Falls ihr Tickets f\u00fcr Vergn\u00fcgungsparks, Museen und Touren f\u00fcr eure Antalya-Reise vorab buchen m\u00f6chtet, solltet ihr unbedingt einen Blick auf die Angebote in unserem offiziellen Shop werfen.<\/span><\/li>\n<\/ul>\n<p><span><img decoding=\"async\" alt=\"Hellenistic theater in Antiphellos in Kas in Antalya in Turkey\" data-id=\"3466\" width=\"702\" data-init-width=\"1000\" height=\"470\" data-init-height=\"670\" title=\"Hellenistic theater in Antiphellos in Kas in Antalya in Turkey\" loading=\"lazy\" src=\"https:\/\/antalyatouristinformation.com\/de\/wp-content\/uploads\/sites\/10\/2021\/04\/anc-theater-in-antiphellos-in-kas-in-antalya.jpg\" data-width=\"702\" data-height=\"470\" data-pinpro-key=\"jn3qycz8t\" data-pin-media=\"https:\/\/antalyatouristinformation.com\/de\/wp-content\/uploads\/sites\/10\/2021\/06\/Antalya-Pinterest-4-12.jpg\" data-pin-description=\"Guide zur antiken Stadt Antiphellos | Antalya Tourist Information\" data-pin-url=\"https:\/\/antalyatouristinformation.com\/de\/things-to-do\/history\/antiphellos\/?tve=true&amp;tcbf=22c34766f8\"><\/span><\/p>\n<h2 id=\"t-1624967960407\" data-alt-text=\"Anfahrt\">Wie komme ich nach Antiphellos?<\/h2>\n<p>Die Ruinen von Antiphellos sind \u00fcberall in Ka\u015f verstreut. Deswegen m\u00fcsst ihr zu verschiedenen Orten in Ka\u015f fahren, um die diversen \u00dcberbleibsel zu besichtigen. Die ber\u00fchmteste Ruine von Antiphellos ist das Theater.<\/p>\n<p><b>Anfahrt zum hellenistischen Theater:<\/b> Geht vom Hafen von Ka\u015f entlang der Necipbey-Stra\u00dfe in Richtung der \u00c7ukurba\u011f-Halbinsel. Ihr werdet das Antiphellos-Theater auf der rechten Seite, mit Blick auf das Meer, sehen.<\/p>\n<p><span><img decoding=\"async\" alt=\"Lycian Tomb Antiphellos in Kas in Antalya in Turkey\" data-id=\"3468\" width=\"702\" data-init-width=\"1000\" height=\"470\" data-init-height=\"670\" title=\"Lycian Tomb Antiphellos in Kas in Antalya in Turkey\" loading=\"lazy\" src=\"https:\/\/antalyatouristinformation.com\/de\/wp-content\/uploads\/sites\/10\/2021\/04\/lycian-tomb-antiphellos-kas.jpg\" data-width=\"702\" data-height=\"470\" data-pinpro-key=\"0jts8eye4\" data-pin-media=\"https:\/\/antalyatouristinformation.com\/de\/wp-content\/uploads\/sites\/10\/2021\/06\/Antalya-Pinterest-4-12.jpg\" data-pin-description=\"Guide zur antiken Stadt Antiphellos | Antalya Tourist Information\" data-pin-url=\"https:\/\/antalyatouristinformation.com\/de\/things-to-do\/history\/antiphellos\/?tve=true&amp;tcbf=22c34766f8\"><\/span><\/p>\n<h2 id=\"t-1619179335857\" data-alt-text=\"FAQ\">FAQ (H\u00e4ufige Fragen)<\/h2>\n<h2 id=\"t-1624967960408\" data-alt-text=\"Hotels\">Hotels in der N\u00e4he von Antiphellos<\/h2>\n<p>Mit dem Begriff Antiphellos ist eigentlich das heutige Ka\u015f gemeint. Ka\u015f wurde n\u00e4mlich auf der antiken Stadt Antiphellos gegr\u00fcndet. Hier verraten wir euch einige Tipps f\u00fcr Hotels im Zentrum von Ka\u015f.<\/p>\n<p><b>Hotel Sonne:<\/b> Seit seiner Er\u00f6ffnung bietet das Hotel Sonne Komfort und Service auf h\u00f6chstem Niveau. Dank der wunderbaren Aussicht von der Terrasse des Hotels k\u00f6nnt ihr die ganze Insel Ka\u015f und Meis bewundern. Das Hotel ist nur 5 Minuten zu Fu\u00df vom antiken Theater und 2 Minuten vom Stadtzentrum entfernt. <u>Adresse<\/u>: Andifli Mahallesi Yeni Cami Caddesi No:6, Ka\u015f<\/p>\n<p><b>Hideaway Hotel:<\/b> Das Hideaway ist ein kleines familiengef\u00fchrtes Hotel. Es liegt im sch\u00f6nsten Teil von Ka\u015f. Von der Dachterrasse genie\u00dft ihr eine herrliche Aussicht auf die Stadt und das Mittelmeer. <u>Adresse<\/u>: Anfitiyatro Sokak No:7 Ka\u015f Merkez, Ka\u015f<\/p>\n<p><b>La Kumsal Hotel:<\/b> Das La Kumsal Hotel bietet einen grandiosen Ausblick auf das Meer und die Insel Meis. Das Hotel hat einen Au\u00dfenpool, eine Sonnenterrasse und klimatisierte Zimmer mit Balkon. Das Stadtzentrum von Ka\u015f liegt 5 km vom Hotel entfernt. <u>Adresse<\/u>: \u00c7ukurba\u011f Yar\u0131m Adas\u0131 Beyhan Cenkci Cad. Nr.: 74, Ka\u015f<\/p>\n<p><b>Meis Exclusive Hotel:<\/b> Das Meis Exclusive Hotel befindet sich auf der Halbinsel \u00c7ukurba\u011f. Ihr genie\u00dft von hier eine tolle Aussicht auf das Mittelmeer und die Insel Meis. Das Hotel besitzt einen Au\u00dfenpool, einen Privatstrand und Zimmer mit Balkon. Das \u00c0-la-carte-Restaurant serviert lokale und internationale Gerichte. Es gibt eine Poolbar mit erfrischenden Getr\u00e4nken und leichten Snacks. Ein Highlight sind die t\u00fcrkischen N\u00e4chte mit traditioneller t\u00fcrkischer K\u00fcche, regionalem Tanz und Live-Musik. Die Stadt Ka\u015f liegt 6 km vom Meis Exclusive Hotel entfernt. <u>Adresse<\/u>: Arman Talay Sok. Nr: 10 \u00c7ukurba\u011f Yar\u0131madas\u0131, Ka\u015f<\/p>\n<p><span><img decoding=\"async\" alt=\"Rock Cut Tombs in Antiphelllos in Kas in Antalya in Turkey\" data-id=\"3464\" width=\"702\" data-init-width=\"1000\" height=\"470\" data-init-height=\"670\" title=\"Rock Cut Tombs in Antiphelllos in Kas in Antalya in Turkey\" loading=\"lazy\" src=\"https:\/\/antalyatouristinformation.com\/de\/wp-content\/uploads\/sites\/10\/2021\/04\/rock-cut-tombs-in-antiphelllos-in-kas-in-antalya.jpg\" data-width=\"702\" data-height=\"470\" data-pinpro-key=\"rvahsu13m\" data-pin-media=\"https:\/\/antalyatouristinformation.com\/de\/wp-content\/uploads\/sites\/10\/2021\/06\/Antalya-Pinterest-4-12.jpg\" data-pin-description=\"Guide zur antiken Stadt Antiphellos | Antalya Tourist Information\" data-pin-url=\"https:\/\/antalyatouristinformation.com\/de\/things-to-do\/history\/antiphellos\/?tve=true&amp;tcbf=22c34766f8\"><\/span><\/p>\n<h2 id=\"t-1624967960409\" data-alt-text=\"Geschichte\">Geschichte von Antiphellos<\/h2>\n<p>Der alte Name von Antiphellos ist &#8222;Habesos&#8220;. Die antike Stadt Antiphellos wurde im 4. Jahrhundert vor unserer Zeitrechnung an den steilen H\u00e4ngen des Taurusgebirges gegr\u00fcndet. Sie war umgeben von Halbinseln, kleinen Inseln und der Insel Meis. Die B\u00fcrger von Antiphellos nutzten den Hafen von Phellos, einen der wichtigsten H\u00e4fen der Region.<\/p>\n<p>W\u00e4hrend der hellenistischen \u00c4ra entwickelte sich Antiphellos zu einer wohlhabenden Stadt. Der Wandel hielt auch in der R\u00f6merzeit an. Durch den Handel mit Zedernholz und Schw\u00e4mmen gewann die Region an Bedeutung.<\/p>\n<p>Infolge der Christianisierung Roms blieb Antiphellos bis zum 9. Jahrhundert nach unserer Zeitrechnung der Bischofssitz der Stadt Myra (Demre).<\/p>\n<p>W\u00e4hrend der Herrschaft der Seldschuken wurde der Name von Antiphellos in Andifli ge\u00e4ndert und die Stadt begann allm\u00e4hlich ihre Bedeutung zu verlieren.<\/p>\n<p>Erfahrt in unserer Rubrik <a href=\"https:\/\/antalyatouristinformation.com\/de\/sehenswurdigkeiten\/geschichte\/\">antike Ruinen in Antalya<\/a> mehr \u00fcber andere wichtige historische Denkm\u00e4ler in Antalya:<\/p>\n<h2 id=\"t-1624967960410\">Kontakt<\/h2>\n<ul>\n<li><span><strong>Adresse:&nbsp;<\/strong>Andifli, 07580 Ka\u015f<\/span><\/li>\n<\/ul>\n","protected":false},"excerpt":{"rendered":"<p>Hier ist unser kompletter Guide zur antiken Stadt Antiphellos in Ka\u015f. Antiphellos war eine der \u00e4ltesten Siedlungen der Region Antalya und eine wichtige lykische Hafenstadt. Der heutige Urlaubsort Ka\u015f wurde auf dieser antiken Stadt gegr\u00fcndet. Deshalb k\u00f6nnt ihr im Zentrum von Ka\u015f verstreut Ruinen von Antiphellos entdecken. In diesem Guide erfahrt ihr wichtige Infos f\u00fcr [&hellip;]<\/p>\n","protected":false},"author":4,"featured_media":3461,"parent":119,"menu_order":0,"comment_status":"open","ping_status":"closed","template":"","meta":{"_acf_changed":false,"footnotes":""},"categories":[],"tags":[43,42],"class_list":["post-3375","page","type-page","status-publish","has-post-thumbnail","hentry","tag-antiquity","tag-history","post-wrapper","thrv_wrapper"],"acf":[],"wp-worthy-pixel":{"ignored":false,"public":null,"server":null,"url":null},"wp-worthy-type":"normal","_links":{"self":[{"href":"https:\/\/antalyatouristinformation.com\/de\/wp-json\/wp\/v2\/pages\/3375","targetHints":{"allow":["GET"]}}],"collection":[{"href":"https:\/\/antalyatouristinformation.com\/de\/wp-json\/wp\/v2\/pages"}],"about":[{"href":"https:\/\/antalyatouristinformation.com\/de\/wp-json\/wp\/v2\/types\/page"}],"author":[{"embeddable":true,"href":"https:\/\/antalyatouristinformation.com\/de\/wp-json\/wp\/v2\/users\/4"}],"replies":[{"embeddable":true,"href":"https:\/\/antalyatouristinformation.com\/de\/wp-json\/wp\/v2\/comments?post=3375"}],"version-history":[{"count":10,"href":"https:\/\/antalyatouristinformation.com\/de\/wp-json\/wp\/v2\/pages\/3375\/revisions"}],"predecessor-version":[{"id":14903,"href":"https:\/\/antalyatouristinformation.com\/de\/wp-json\/wp\/v2\/pages\/3375\/revisions\/14903"}],"up":[{"embeddable":true,"href":"https:\/\/antalyatouristinformation.com\/de\/wp-json\/wp\/v2\/pages\/119"}],"wp:featuredmedia":[{"embeddable":true,"href":"https:\/\/antalyatouristinformation.com\/de\/wp-json\/wp\/v2\/media\/3461"}],"wp:attachment":[{"href":"https:\/\/antalyatouristinformation.com\/de\/wp-json\/wp\/v2\/media?parent=3375"}],"wp:term":[{"taxonomy":"category","embeddable":true,"href":"https:\/\/antalyatouristinformation.com\/de\/wp-json\/wp\/v2\/categories?post=3375"},{"taxonomy":"post_tag","embeddable":true,"href":"https:\/\/antalyatouristinformation.com\/de\/wp-json\/wp\/v2\/tags?post=3375"}],"curies":[{"name":"wp","href":"https:\/\/api.w.org\/{rel}","templated":true}]}}