{"id":3377,"date":"2021-04-19T17:50:17","date_gmt":"2021-04-19T15:50:17","guid":{"rendered":"http:\/\/antalyatouristinformation.com\/clone4639485xzhehsskdjfhhdhebdkkekdeewsd4545gdfgm\/?page_id=3377"},"modified":"2023-03-03T15:10:40","modified_gmt":"2023-03-03T14:10:40","slug":"oymapinar-dam","status":"publish","type":"page","link":"https:\/\/antalyatouristinformation.com\/de\/sehenswurdigkeiten\/attraktionen\/oymapinar-dam\/","title":{"rendered":"Oymap\u0131nar Staudamm in Antalya: Anfahrt &amp; Tipps"},"content":{"rendered":"<p>Das ist unser kompletter Guide zum Oymap\u0131nar-Staudamm in Antalya.<\/p>\n<p>Der Oymap\u0131nar-Staudamm am Fluss Manavgat liegt im Taurusgebirge, etwa 80 km \u00f6stlich von Antalya und 25 km landeinw\u00e4rts von der K\u00fcste. Er ist der gr\u00f6\u00dfte Damm in der Region und der drittgr\u00f6\u00dfte in der T\u00fcrkei.<\/p>\n<p>Hier lest ihr alle wichtigen Informationen, die ihr vor dem Besuch des Staudamms kennen solltet. Dazu geh\u00f6ren Tipps, Eintritt, Anfahrt sowie Aktivit\u00e4ten, die ihr dort unternehmen k\u00f6nnt.<\/p>\n<p><span><img decoding=\"async\" alt=\"Oymap\u0131nar Dam in Antalya in Turkey\" data-id=\"5354\" width=\"702\" data-init-width=\"1000\" height=\"470\" data-init-height=\"670\" title=\"Oymap\u0131nar Dam in Antalya in Turkey\" loading=\"lazy\" src=\"https:\/\/antalyatouristinformation.com\/de\/wp-content\/uploads\/sites\/10\/2021\/04\/boat-cruise-oymapinar.jpg\" data-width=\"702\" data-height=\"470\" data-pinpro-key=\"kofbf5orz\"><\/span><\/p>\n<h2 id=\"t-1625520316589\" data-alt-text=\"Was kann ich dort machen?\">Was kann ich beim Oymap\u0131nar Staudamm machen?<\/h2>\n<p>Der <strong>Oymap\u0131nar-Staudamm<\/strong> wurde am Fluss Manavgat im Norden des gleichnamigen Distrikts gebaut, um elektrische Energie zu erzeugen. Heute ist er das Ziel zahlreicher Besucher, die eine Bootstour auf dem Damm machen und die Landschaft genie\u00dfen wollen.<\/p>\n<p>Das <strong>Dorf Oymap\u0131nar <\/strong>liegt 18 km vom Zentrum von Manavgat entfernt. Nachdem ihr das Eingangstor passiert habt, folgt ihr der Stra\u00dfe rechts um an die Spitze des Staudamms zu kommen. Hier werdet ihr mit einem atemberaubenden Blick belohnt. Auf der einen Seite ist der Damm von einer 180 Meter hohen nat\u00fcrlichen Klippe begrenzt, auf der anderen Seite von einer Betonkonstruktion, die dem extremen Druck des weit \u00fcber 100 Meter tiefen Stausees standh\u00e4lt und wo Elektrizit\u00e4t erzeugt wird.<\/p>\n<p>Hier k\u00f6nnt ihr sch\u00f6ne Fotos machen und die Natur genie\u00dfen. Mehrmals t\u00e4glich gibt es gef\u00fchrte Touren zu dem Staudamm, dem drittgr\u00f6\u00dften in der ganzen T\u00fcrkei.<\/p>\n<p>Euer Besuch l\u00e4sst sich gut mit einer Besichtigung des <a href=\"https:\/\/antalyatouristinformation.com\/de\/sehenswurdigkeiten\/wasserfalle\/manavgat-wasserfall\/\">Manavgat Wasserfalls<\/a> verbinden, der nur 15 Kilometer entfernt liegt. Innerhalb einer 30-min\u00fctigen Fahrt k\u00f6nnt ihr den Manavgat-Wasserfall erreichen.<\/p>\n<ul>\n<li><span style=\"font-weight: normal\"><b>Lest mehr \u00fcber den&nbsp;<\/b><span style=\"font-weight: normal\"><a href=\"https:\/\/antalyatouristinformation.com\/de\/sehenswurdigkeiten\/attraktionen\/manavgat-fluss\/\"><b>Fluss Manavgat<\/b><\/a><span style=\"font-weight: normal\"><b>, Bootstouren und <\/b><\/span><a href=\"https:\/\/antalyatouristinformation.com\/de\/sehenswurdigkeiten\/wassersport\/\"><span style=\"font-weight: normal\"><span style=\"font-weight: normal\"><b>Wassersport<\/b><\/span><\/span><\/a><span style=\"font-weight: normal\"><span style=\"font-weight: normal\"><span style=\"font-weight: normal\"><b>-Aktivit\u00e4ten.<\/b><\/span><\/span><\/span><\/span><\/span><\/li>\n<li><span style=\"font-weight: normal\"><b>Mehr Informationen \u00fcber den <\/b><span style=\"font-weight: normal\"><a href=\"https:\/\/antalyatouristinformation.com\/de\/sehenswurdigkeiten\/wasserfalle\/manavgat-wasserfall\/\"><b>Manavgat-Wasserfall<\/b><\/a><span style=\"font-weight: normal\"><b> findet ihr hier.<\/b><\/span><\/span><\/span><\/li>\n<li><span style=\"font-weight: normal\"><b>Werft auch einen Blick in unseren Artikel \u00fcber den <\/b><a href=\"https:\/\/antalyatouristinformation.com\/de\/shopping\/manavgat-basar\/\"><span style=\"font-weight: normal\"><b>Basar in Manavgat.&nbsp;<\/b><\/span><\/a><\/span><\/li>\n<\/ul>\n<h2 id=\"t-1625520316590\" data-alt-text=\"Bootstouren \">Bootstouren auf dem Oymap\u0131nar Staudamm und im Green Canyon<\/h2>\n<p>Der Oymap\u0131nar-Staudamm ist einer der h\u00f6chsten D\u00e4mme der T\u00fcrkei. Von den H\u00fcgeln des Tals aus habt ihr einen atemberaubenden Blick.<\/p>\n<p>In den Sommermonaten k\u00f6nnt ihr an einer Bootstour auf dem Damm teilnehmen. Die Boote bringen euch auch in die N\u00e4he der Quelle des Flusses Manavgat. Unterwegs gibt es zwei Badepausen. Vergesst eure Schwimmsachen nicht! Die Fahrt durch den Green Canyon, der mehrere hundert Meter lang ist, wird ein unvergessliches Erlebnis.<\/p>\n<p><strong><b>Lest mehr \u00fcber die <\/b><a href=\"https:\/\/antalyatouristinformation.com\/de\/sehenswurdigkeiten\/canyon\/\"><b>Canyons in Antalya<\/b><\/a><b> in unserem kompletten Guide.<\/b><\/strong><\/p>\n<h2 id=\"t-1625520316591\" data-alt-text=\"Interessantes\">Interessant zu wissen<\/h2>\n<ul>\n<li><span>Ein Bakterium im Wasser ver\u00e4nderte die Farbe des Wassers. Es wurde gr\u00fcn und daher bekam der Canyon seinen Namen.&nbsp;<\/span><\/li>\n<li><span>Seit dem Jahr 2004 ist der Green Canyon ein Naturschutzgebiet, in dem auch ein Vogelschutzgebiet errichtet wurde. Sportliche Aktivit\u00e4ten in der Region werden gef\u00f6rdert.<\/span><\/li>\n<\/ul>\n<p><span><img decoding=\"async\" alt=\"oymap\u0131nar dam in Antalya in Turkey\" data-id=\"5357\" width=\"702\" data-init-width=\"1000\" height=\"470\" data-init-height=\"670\" title=\"oymap\u0131nar dam in Antalya in Turkey\" loading=\"lazy\" src=\"https:\/\/antalyatouristinformation.com\/de\/wp-content\/uploads\/sites\/10\/2021\/04\/aerial-oymapinar-dam.jpg\" data-width=\"702\" data-height=\"470\" data-pinpro-key=\"4wbjdpnko\"><\/span><\/p>\n<h2 id=\"t-1620204957392\">Eintritt, Tickets und Touren<\/h2>\n<ul>\n<li><span><strong>Eintritt:<\/strong> Der Eintritt ist frei.<\/span><\/li>\n<li><span><strong>Touren:<\/strong> Es gibt gef\u00fchrte Touren durch den Green Canyon und zu dem Oymap\u0131nar Staudamm. F\u00fcr mehr Informationen&nbsp;<a href=\"https:\/\/www.viator.com\/tours\/Side\/Green-Canyon-Boat-Tour-from-Side\/d23557-9398P25\" target=\"_blank\" rel=\"noopener\">hier klicken<\/a>.<\/span><\/li>\n<\/ul>\n<ul>\n<li><span><strong>Tipp:<\/strong> Falls ihr Tickets f\u00fcr Vergn\u00fcgungsparks, Museen und Touren f\u00fcr eure Antalya-Reise vorab buchen m\u00f6chtet, solltet ihr unbedingt einen Blick auf die Angebote in unserem offiziellen Shop werfen.<\/span><\/li>\n<\/ul>\n<h2 id=\"t-1625520316592\" data-alt-text=\"Anfahrt\">Wie komme ich zum Oymap\u0131nar Staudamm?<\/h2>\n<p>Der Oymap\u0131nar Staudamm liegt 22 Kilometer vom Zentrum von Manavgat und 93 Kilometer vom Zentrum Antalyas entfernt.<\/p>\n<p><b>Auto:<\/b> Um den Oymap\u0131nar-Damm zu erreichen, fahrt ihr vom Zentrum Manavgats in Richtung Norden zum Manavgat-Wasserfall. Auf der rechten Seite seht ihr den See des Manavgat Staudamms. Nachdem ihr das Dorf Oymap\u0131nar passiert habt, erreicht ihr den Oymap\u0131nar Staudamm.<\/p>\n<p><b>Falls ihr ein Auto mieten wollt, findet ihr hier detaillierte Informationen zur <\/b><a href=\"https:\/\/antalyatouristinformation.com\/de\/plan\/mietwagen\/\"><b>Autovermietung <\/b><\/a><b>in Antalya.<\/b><\/p>\n<p><b>Minibus:<\/b> Vom Antalya Busterminal aus fahren Minibusse Richtung Manavgat. Sie bringen euch zu dem Oymap\u0131nar Staudamm.<\/p>\n<p><b>Tour:<\/b> Falls ihr Lust habt, bucht ihr einen Ausflug zum Oymap\u0131nar-Staudamm und Green Canyon online! Das ist am praktischsten, denn meistens holen euch die Veranstalter direkt von eurem <strong><\/strong><a href=\"http:\/\/antalyatouristinformation.com\/de\/hotel\/\" target=\"_blank\" rel=\"noopener\">Hotel in Antalya<\/a>&nbsp;ab.<\/p>\n<p><span><img decoding=\"async\" alt=\"oymap\u0131nar river in Antalya in Turkey\" data-id=\"5360\" width=\"702\" data-init-width=\"1000\" height=\"470\" data-init-height=\"670\" title=\"oymap\u0131nar river in Antalya in Turkey\" loading=\"lazy\" src=\"https:\/\/antalyatouristinformation.com\/de\/wp-content\/uploads\/sites\/10\/2021\/04\/oymapinar-river.jpg\" data-width=\"702\" data-height=\"470\" data-pinpro-key=\"pmcmmrrbe\"><\/span><\/p>\n<h2 id=\"t-1620204957389\" data-alt-text=\"FAQ\">FAQ&nbsp;<\/h2>\n<p><span><img decoding=\"async\" alt=\"Oymapinar dam in Manavgat in Antalya Turkey\" data-id=\"6500\" width=\"702\" data-init-width=\"1000\" height=\"468\" data-init-height=\"667\" title=\"Oymapinar dam in Manavgat in Antalya Turkey\" loading=\"lazy\" src=\"https:\/\/antalyatouristinformation.com\/de\/wp-content\/uploads\/sites\/10\/2021\/05\/Oymapinar-dam-in-Manavgat-in-Antalya-Turkey.jpg\" data-width=\"702\" data-height=\"468\" data-pinpro-key=\"in2pqqp78\"><\/span><\/p>\n<h2 id=\"t-1620204957390\" data-alt-text=\"Geschichte\">Geschichte des Oymap\u0131nar Staudamms<\/h2>\n<p>Das franz\u00f6sische Ingenieurb\u00fcro Coyne et Bellier aus Paris plante den Bau des Staudamms im Auftrag des t\u00fcrkischen Staates. Hauptauftragnehmer war die Firma Bilfinger und Berger aus Mannheim. Im Februar 1983 waren die Bauarbeiten an der Staumauer abgeschlossen.<\/p>\n<p>Insgesamt wurden 676.000 m\u00b3 Beton f\u00fcr den Damm verbaut. Das Kavernenkraftwerk mit vier Turbinen, das sich in einer unterirdischen Kaverne im Fels befindet, hat eine maximale Leistung von 540 MW. Das sind 3 % der gesamten t\u00fcrkischen installierten Leistung.<\/p>\n<h2 id=\"t-1620204957391\" data-alt-text=\"Kontakt\">Kontakt:<\/h2>\n<ul>\n<li><span><strong>Adresse:&nbsp;<\/strong>Oymap\u0131nar Baraj\u0131 ve Hidroelektrik Santrali, Manavgat\/Antalya<\/span><\/li>\n<li><span><strong>\u00d6ffentlicher Verkehr:&nbsp;<\/strong>Vom Antalya Busterminal aus Minibusse Richtung Manavgat<\/span><\/li>\n<\/ul>\n","protected":false},"excerpt":{"rendered":"<p>Das ist unser kompletter Guide zum Oymap\u0131nar-Staudamm in Antalya. Der Oymap\u0131nar-Staudamm am Fluss Manavgat liegt im Taurusgebirge, etwa 80 km \u00f6stlich von Antalya und 25 km landeinw\u00e4rts von der K\u00fcste. Er ist der gr\u00f6\u00dfte Damm in der Region und der drittgr\u00f6\u00dfte in der T\u00fcrkei. Hier lest ihr alle wichtigen Informationen, die ihr vor dem Besuch [&hellip;]<\/p>\n","protected":false},"author":4,"featured_media":6498,"parent":117,"menu_order":0,"comment_status":"open","ping_status":"closed","template":"","meta":{"_acf_changed":false,"footnotes":""},"categories":[],"tags":[],"class_list":["post-3377","page","type-page","status-publish","has-post-thumbnail","hentry","post-wrapper","thrv_wrapper"],"acf":[],"wp-worthy-pixel":{"ignored":false,"public":null,"server":null,"url":null},"wp-worthy-type":"normal","_links":{"self":[{"href":"https:\/\/antalyatouristinformation.com\/de\/wp-json\/wp\/v2\/pages\/3377","targetHints":{"allow":["GET"]}}],"collection":[{"href":"https:\/\/antalyatouristinformation.com\/de\/wp-json\/wp\/v2\/pages"}],"about":[{"href":"https:\/\/antalyatouristinformation.com\/de\/wp-json\/wp\/v2\/types\/page"}],"author":[{"embeddable":true,"href":"https:\/\/antalyatouristinformation.com\/de\/wp-json\/wp\/v2\/users\/4"}],"replies":[{"embeddable":true,"href":"https:\/\/antalyatouristinformation.com\/de\/wp-json\/wp\/v2\/comments?post=3377"}],"version-history":[{"count":9,"href":"https:\/\/antalyatouristinformation.com\/de\/wp-json\/wp\/v2\/pages\/3377\/revisions"}],"predecessor-version":[{"id":14831,"href":"https:\/\/antalyatouristinformation.com\/de\/wp-json\/wp\/v2\/pages\/3377\/revisions\/14831"}],"up":[{"embeddable":true,"href":"https:\/\/antalyatouristinformation.com\/de\/wp-json\/wp\/v2\/pages\/117"}],"wp:featuredmedia":[{"embeddable":true,"href":"https:\/\/antalyatouristinformation.com\/de\/wp-json\/wp\/v2\/media\/6498"}],"wp:attachment":[{"href":"https:\/\/antalyatouristinformation.com\/de\/wp-json\/wp\/v2\/media?parent=3377"}],"wp:term":[{"taxonomy":"category","embeddable":true,"href":"https:\/\/antalyatouristinformation.com\/de\/wp-json\/wp\/v2\/categories?post=3377"},{"taxonomy":"post_tag","embeddable":true,"href":"https:\/\/antalyatouristinformation.com\/de\/wp-json\/wp\/v2\/tags?post=3377"}],"curies":[{"name":"wp","href":"https:\/\/api.w.org\/{rel}","templated":true}]}}