{"id":3382,"date":"2021-04-19T17:56:36","date_gmt":"2021-04-19T15:56:36","guid":{"rendered":"http:\/\/antalyatouristinformation.com\/clone4639485xzhehsskdjfhhdhebdkkekdeewsd4545gdfgm\/?page_id=3382"},"modified":"2023-03-03T15:07:05","modified_gmt":"2023-03-03T14:07:05","slug":"manavgat-fluss","status":"publish","type":"page","link":"https:\/\/antalyatouristinformation.com\/de\/sehenswurdigkeiten\/attraktionen\/manavgat-fluss\/","title":{"rendered":"Manavgat Fluss: Bootsfahrt, Wasserf\u00e4lle &amp; Rafting"},"content":{"rendered":"<p>Dies ist unser kompletter Guide zum Fluss Manavagat.<\/p>\n<p>Der Fluss Manavgat entspringt im Taurusgebirge. Er ist etwa 90 Kilometer lang, flie\u00dft durch die Stadt Manavgat und m\u00fcndet dann im Mittelmeer.<\/p>\n<p>Er ist f\u00fcr seine Wasserf\u00e4lle, Staud\u00e4mme, Bootstouren und Rafting-M\u00f6glichkeiten ber\u00fchmt.<\/p>\n<p>Hier findet ihr alle wichtigen Informationen, die ihr vor dem Besuch des Flusses wissen solltet. Dazu geh\u00f6ren Tipps, Anfahrt, Sehensw\u00fcrdigkeiten sowie Sportm\u00f6glichkeiten am Fluss.<\/p>\n<p><span><img decoding=\"async\" alt=\"manavgat river in Antalya in Turkey\" data-id=\"5851\" width=\"702\" data-init-width=\"1000\" height=\"470\" data-init-height=\"670\" title=\"manavgat river in Antalya in Turkey\" loading=\"lazy\" src=\"https:\/\/antalyatouristinformation.com\/de\/wp-content\/uploads\/sites\/10\/2021\/05\/cruises-on-the-manavgat-river-in-antalya.jpg\" data-width=\"702\" data-height=\"470\" data-pin-media=\"https:\/\/antalyatouristinformation.com\/de\/wp-content\/uploads\/sites\/10\/2021\/06\/prag_50_sehenswuerdigkeiten_pinterest-16.jpg\" data-pin-description=\"Complete Guide to Manavgat River | Antalya Tourist Information\" data-pin-url=\"https:\/\/antalyatouristinformation.com\/de\/sehenswurdigkeiten\/attraktionen\/manavgat-fluss\/?tve=true&amp;tcbf=6f2351a53f\" data-pinpro-key=\"9i1un2afc\"><\/span><\/p>\n<h2 id=\"t-1625562879625\" data-alt-text=\"Was kann ich dort machen?\">Was kann ich am Fluss Manavat machen?<\/h2>\n<p>Besucht den <a href=\"https:\/\/antalyatouristinformation.com\/de\/sehenswurdigkeiten\/attraktionen\/oymapinar-dam\/\">Oymap\u0131nar Staudamm<\/a>, der etwa 25 Kilometer oberhalb der Stelle, an der der Fluss ins Meer m\u00fcndet, liegt. Sein Bau wurde 1984 beendet. Im Sommer k\u00f6nnt ihr sogar Bootstouren auf dem Staudamm machen. 10 Kilometer unterhalb seht ihr den Manavgat Damm, dessen Bau 1987 beendet wurde. Der <a href=\"https:\/\/antalyatouristinformation.com\/de\/sehenswurdigkeiten\/wasserfalle\/manavgat-wasserfall\/\">Manavgat-Wasserfall<\/a> ist circa 7 Kilometer von hier entfernt.<\/p>\n<h2 id=\"t-1625562879626\" data-alt-text=\"Bootstouren\">Bootstouren auf dem Fluss Manavgat<\/h2>\n<p>Vom Zentrum von Manavgat aus k\u00f6nnt ihr an Bootsfahrten \u00fcber den Fluss teilnehmen. Im Schnitt dauern die Touren 3 bis 4 Stunden. Shuttles bringen euch vom Zentrum zum Wasserfall. Es gibt verschiedene unterschiedliche Touren:<\/p>\n<p><b>Tour zum Wasserfall:<\/b> Boote holen euch vom Stadtzentrum in Manavgat ab und fahren zuerst zum kleinen Wasserfall. Von dort aus geht es weiter zu dem gro\u00dfen Manavgat Wasserfall.&nbsp;<\/p>\n<p><b>Bootsfahrt auf dem Fluss Manavgat:<\/b> Diese Touren bringen euch zus\u00e4tzlich zu der Stelle, an der der Fluss Manavgat ins Meer m\u00fcndet. Sie dauern l\u00e4nger als die anderen Touren. W\u00e4hrend der Badepausen k\u00f6nnt ihr euch sowohl in dem kalten Fluss erfrischen als auch im Meer schwimmen.<\/p>\n<p><b>Manavgat Basar und Wasserf\u00e4lle:<\/b> Die Tagestouren finden jeden Montag und Donnerstag statt. Ihr habt Gelegenheit, \u00fcber den <a href=\"https:\/\/antalyatouristinformation.com\/de\/shopping\/manavgat-basar\/\">Basar von Manavgat<\/a> zu bummeln und nach Souvenirs zu suchen. Anschlie\u00dfend bringen euch die Boote sowohl zu dem kleinen als auch zu dem gro\u00dfen Wasserfall.<\/p>\n<p><b>Green Canyon Tour:<\/b> Lokale Veranstalter organisieren Bootstouren in den Green Canyon. Die Fahrt f\u00fchrt euch entlang einer zerkl\u00fcfteten Felslandschaft \u00fcber den Olymap\u0131nar-Staudamm, der mit einer Fl\u00e4che von 470 Hektar einer der gr\u00f6\u00dften D\u00e4mme der T\u00fcrkei ist. Genie\u00dft die ruhige Atmosph\u00e4re und die friedliche Umgebung. Auch auf dieser Tour gibt es Badepausen.<\/p>\n<p><b>Mehr Informationen \u00fcber den <\/b><a href=\"https:\/\/antalyatouristinformation.com\/de\/sehenswurdigkeiten\/canyon\/green\/\"><b>Green Canyon<\/b><\/a><b> findet ihr in unserem kompletten Guide.<\/b><\/p>\n<p><b>Karabarun Tour: <\/b>Die kleine Insel liegt am Eingang der Karaburun-Bucht, die circa 20-25 Kilometer vom Fluss Manavgat entfernt ist. Vom Meer aus genie\u00dft ihr einen einzigartigen Blick auf das Taurusgebirge. Sowohl in der N\u00e4he der Insel als auch auf dem Fluss habt ihr mehrere Badepausen.<\/p>\n<p><span><img decoding=\"async\" alt=\"alt\u0131nbesik cave in Antalya in Turkey\" data-id=\"1745\" width=\"702\" data-init-width=\"1200\" height=\"369\" data-init-height=\"630\" title=\"alt\u0131nbesik cave in Antalya in Turkey\" loading=\"lazy\" src=\"https:\/\/antalyatouristinformation.com\/de\/wp-content\/uploads\/sites\/10\/2021\/03\/altinbesik-cave-in-antalya.jpg\" data-width=\"702\" data-height=\"369\" data-pin-media=\"https:\/\/antalyatouristinformation.com\/de\/wp-content\/uploads\/sites\/10\/2021\/06\/prag_50_sehenswuerdigkeiten_pinterest-16.jpg\" data-pin-description=\"Complete Guide to Manavgat River | Antalya Tourist Information\" data-pin-url=\"https:\/\/antalyatouristinformation.com\/de\/sehenswurdigkeiten\/attraktionen\/manavgat-fluss\/?tve=true&amp;tcbf=6f2351a53f\" data-pinpro-key=\"whltqe354\"><\/span><\/p>\n<h2 id=\"t-1625562879627\" data-alt-text=\"Alt\u0131nbe\u015fik H\u00f6hle\">Besucht die H\u00f6hle Alt\u0131nbe\u015fik<\/h2>\n<p>Innerhalb des Manavgat-Flussbeckens liegt die Alt\u0131nbe\u015fik-H\u00f6hle. Der See in der H\u00f6hle ist der drittgr\u00f6\u00dfte H\u00f6hlensee der Welt. Ihr k\u00f6nnt mit Schlauchbooten in die H\u00f6hle fahren. Im Winter und Fr\u00fchling ist die H\u00f6hle komplett mit Wasser gef\u00fcllt. Daher k\u00f6nnt ihr die Alt\u0131nbe\u015fik-H\u00f6hle nur in den Sommer- und Herbstmonaten besuchen.<\/p>\n<p><b>Lest hier mehr \u00fcber die <\/b><a href=\"https:\/\/antalyatouristinformation.com\/de\/sehenswurdigkeiten\/hohle\/altinbesik\/\"><b>Alt\u0131nbe\u015fik H\u00f6hle<\/b><\/a><\/p>\n<h2 id=\"t-1625562879628\" data-alt-text=\"Wassersport \">Wassersport auf dem Fluss Manavgat<\/h2>\n<p>Wassersport auf dem Fluss ist sehr beliebt. An erster Stelle steht <a href=\"https:\/\/antalyatouristinformation.com\/de\/sehenswurdigkeiten\/rafting\/\">Rafting<\/a>, aber es gibt noch andere M\u00f6glichkeiten:<\/p>\n<p><b>Rafting: <\/b><\/p>\n<p>Die Rafting-Touren starten in Abh\u00e4ngigkeit von der Flie\u00dfgeschwindigkeit des Wassers meist bei der Sahap-Br\u00fccke in der N\u00e4he des Dorfes Ibradi. Auf dem Fluss trefft ihr auf einige schwierige Stellen, die f\u00fcr Anf\u00e4nger gef\u00e4hrlich sein k\u00f6nnen. Daher sollten auf jeden Fall Profis dabei sein, um euch zu unterst\u00fctzen.<\/p>\n<p>Die Raftingstrecke ist abenteuerlich und gleichzeitig landschaftlich malerisch. Sie f\u00fchrt euch durch drei Schluchten und unterschiedlich gro\u00dfe Wasserf\u00e4lle. Die Flei\u00dfgeschwindigkeit des Wassers schwankt, auf den langsameren Teilstrecken habt ihr Gelegenheit, die umliegende Natur zu bestaunen.<\/p>\n<p>Falls euch Rafting zu aufregend ist, k\u00f6nnt ihr mit einem Kanu kleinere Entdeckungsfahren auf dem Fluss unternehmen.<\/p>\n<p><span><img decoding=\"async\" alt=\"Rafting at K\u00f6pr\u00fcl\u00fc Kanyon in Antalya in Turkey\" data-id=\"6194\" width=\"702\" data-init-width=\"1000\" height=\"468\" data-init-height=\"667\" title=\"Rafting at K\u00f6pr\u00fcl\u00fc Kanyon in Antalya in Turkey\" loading=\"lazy\" src=\"https:\/\/antalyatouristinformation.com\/de\/wp-content\/uploads\/sites\/10\/2021\/05\/Koprulu-Kanyon-in-Antalya-in-Turkey-7.jpg\" data-width=\"702\" data-height=\"468\" data-pin-media=\"https:\/\/antalyatouristinformation.com\/de\/wp-content\/uploads\/sites\/10\/2021\/06\/prag_50_sehenswuerdigkeiten_pinterest-16.jpg\" data-pin-description=\"Complete Guide to Manavgat River | Antalya Tourist Information\" data-pin-url=\"https:\/\/antalyatouristinformation.com\/de\/sehenswurdigkeiten\/attraktionen\/manavgat-fluss\/?tve=true&amp;tcbf=6f2351a53f\" data-pinpro-key=\"x17jrgq2o\"><\/span><\/p>\n<p><b>Andere Sportarten und Sehensw\u00fcrdigkeiten rund um den Fluss Manavgat:<\/b><\/p>\n<p>Die Gegend um die D\u00f6rfer Ibrad\u0131 und Ormana ist f\u00fcr Mountainbiking, <a href=\"https:\/\/antalyatouristinformation.com\/de\/sehenswurdigkeiten\/wandern\/\">Trekking<\/a> und <a href=\"https:\/\/antalyatouristinformation.com\/de\/sehenswurdigkeiten\/tandem-paragliding\/\">Paragliding<\/a> geeignet. Bei eurer Wanderung durch den duftenden Zedernwald kommt ihr an den ber\u00fchmten Knopfh\u00e4usern von Ormana vorbei. Die H\u00e4user wurden nur aus Stein und Brettern ohne N\u00e4gel und Zement gebaut. Das Gebiet liegt etwas abseits von den touristisch \u00fcberlaufenen Stellen. Im Fr\u00fchjahr k\u00f6nnt ihr hier zw\u00f6lf Arten von endemischen Blumen sehen.<\/p>\n<p><span><img decoding=\"async\" alt=\"boat cruise manavgat river in Antalya in Turkey\" data-id=\"5853\" width=\"702\" data-init-width=\"1000\" height=\"471\" data-init-height=\"670\" title=\"boat cruise manavgat river in Antalya in Turkey\" loading=\"lazy\" src=\"https:\/\/antalyatouristinformation.com\/de\/wp-content\/uploads\/sites\/10\/2021\/05\/boat-cruise-on-manavgat-river.jpg\" data-width=\"702\" data-height=\"471\" data-pin-media=\"https:\/\/antalyatouristinformation.com\/de\/wp-content\/uploads\/sites\/10\/2021\/06\/prag_50_sehenswuerdigkeiten_pinterest-16.jpg\" data-pin-description=\"Complete Guide to Manavgat River | Antalya Tourist Information\" data-pin-url=\"https:\/\/antalyatouristinformation.com\/de\/sehenswurdigkeiten\/attraktionen\/manavgat-fluss\/?tve=true&amp;tcbf=6f2351a53f\" data-pinpro-key=\"8zxocetlw\"><\/span><\/p>\n<h2 id=\"t-1620200468200\">Eintritt, Tickets und Touren<\/h2>\n<ul>\n<li><span><strong>Tickets:<\/strong> Ihr braucht kein Ticket, um den Fluss Manavgat zu besuchen.<\/span><\/li>\n<li><span><strong>Touren:&nbsp;<\/strong>Die Teilnahme an einer Tagestour ist eine der einfachsten M\u00f6glichkeiten, die Gegend zu erkunden. In unserem Shop k\u00f6nnt ihr die Angebote \u00fcberpr\u00fcfen.<\/span><\/li>\n<\/ul>\n<ul>\n<li><span><strong>Tipp:<\/strong> Falls ihr Tickets f\u00fcr Vergn\u00fcgungsparks, Museen und Touren f\u00fcr eure Antalya-Reise vorab buchen m\u00f6chtet, solltet ihr unbedingt einen Blick auf die Angebote in unserem offiziellen Shop werfen.<\/span><\/li>\n<\/ul>\n<p><span><img decoding=\"async\" alt=\"\" data-id=\"5854\" width=\"702\" data-init-width=\"1000\" height=\"471\" data-init-height=\"670\" title=\"valley in manavgat river in antalya in turkey\" loading=\"lazy\" src=\"https:\/\/antalyatouristinformation.com\/de\/wp-content\/uploads\/sites\/10\/2021\/05\/valley-in-manavgat-river-in-antalya-in-turkey.jpg\" data-width=\"702\" data-height=\"471\" data-pin-media=\"https:\/\/antalyatouristinformation.com\/de\/wp-content\/uploads\/sites\/10\/2021\/06\/prag_50_sehenswuerdigkeiten_pinterest-16.jpg\" data-pin-description=\"Complete Guide to Manavgat River | Antalya Tourist Information\" data-pin-url=\"https:\/\/antalyatouristinformation.com\/de\/sehenswurdigkeiten\/attraktionen\/manavgat-fluss\/?tve=true&amp;tcbf=6f2351a53f\" data-pinpro-key=\"be7wqdysz\"><\/span><\/p>\n<h2 id=\"t-1625566721838\" data-alt-text=\"Anfahrt\">Wie komme ich zum Fluss Manavgat?<\/h2>\n<p><b>Auto<\/b>: Der Manavgat Staudamm liegt circa 12 km vom Stadtzentrum Manavgat, 87 km vom Zentrum Antalyas und 62 km vom Zentrum Alanyas entfernt. Auf dem Weg zum Manavgat Wasserfall biegt ihr bei dem Schild &#8222;Manavgat&#8220; rechts ab, um zum Manavgat Staudamm zu gelangen.<\/p>\n<p><b>Falls ihr ein <\/b><a href=\"https:\/\/antalyatouristinformation.com\/de\/plan\/mietwagen\/\"><b>Auto mieten<\/b><\/a><b> m\u00f6chtet, findet ihr hier alle wichtigen Informationen.<\/b><\/p>\n<p><b>Tour:<\/b> Lokale Reiseveranstalter organisieren Tagestouren. Sucht euch die Route aus, die euch am besten gef\u00e4llt.<\/p>\n<p><span><img decoding=\"async\" alt=\"boat on the manavgat river in Antalya in Turkey\" data-id=\"5852\" width=\"702\" data-init-width=\"1000\" height=\"471\" data-init-height=\"670\" title=\"boat on the manavgat river in Antalya in Turkey\" loading=\"lazy\" src=\"https:\/\/antalyatouristinformation.com\/de\/wp-content\/uploads\/sites\/10\/2021\/05\/boat-on-the-manavgat-river.jpg\" data-width=\"702\" data-height=\"471\" data-pin-media=\"https:\/\/antalyatouristinformation.com\/de\/wp-content\/uploads\/sites\/10\/2021\/06\/prag_50_sehenswuerdigkeiten_pinterest-16.jpg\" data-pin-description=\"Complete Guide to Manavgat River | Antalya Tourist Information\" data-pin-url=\"https:\/\/antalyatouristinformation.com\/de\/sehenswurdigkeiten\/attraktionen\/manavgat-fluss\/?tve=true&amp;tcbf=6f2351a53f\" data-pinpro-key=\"6fse2bm8e\"><\/span><\/p>\n<h2 id=\"t-1620200468202\" data-alt-text=\"Geschichte \">Die Geschichte des Flusses Manavgat<\/h2>\n<p>Der Fluss Manavgat, einer der bedeutendsten im Mittelmeerraum, ist 90 Kilometer lang, flie\u00dft mitten durch die Stadt und m\u00fcndet danach im Mittelmeer. In der Antike nannte man den Fluss Melas. Er deckte den gesamten Wasserbedarf der antiken Stadt Side. Der Manavgat Fluss entspringt im Taurusgebirge. Er wird dort von zwei kleinen Quellb\u00e4chen im Landkreis Akseki gespeist.<\/p>\n<h2 id=\"t-1620200468203\" data-alt-text=\"Karte\">Karte:<\/h2>\n","protected":false},"excerpt":{"rendered":"<p>Dies ist unser kompletter Guide zum Fluss Manavagat. Der Fluss Manavgat entspringt im Taurusgebirge. Er ist etwa 90 Kilometer lang, flie\u00dft durch die Stadt Manavgat und m\u00fcndet dann im Mittelmeer. Er ist f\u00fcr seine Wasserf\u00e4lle, Staud\u00e4mme, Bootstouren und Rafting-M\u00f6glichkeiten ber\u00fchmt. Hier findet ihr alle wichtigen Informationen, die ihr vor dem Besuch des Flusses wissen solltet. [&hellip;]<\/p>\n","protected":false},"author":4,"featured_media":5856,"parent":117,"menu_order":0,"comment_status":"open","ping_status":"closed","template":"","meta":{"_acf_changed":false,"footnotes":""},"categories":[],"tags":[],"class_list":["post-3382","page","type-page","status-publish","has-post-thumbnail","hentry","post-wrapper","thrv_wrapper"],"acf":[],"wp-worthy-pixel":{"ignored":false,"public":null,"server":null,"url":null},"wp-worthy-type":"normal","_links":{"self":[{"href":"https:\/\/antalyatouristinformation.com\/de\/wp-json\/wp\/v2\/pages\/3382","targetHints":{"allow":["GET"]}}],"collection":[{"href":"https:\/\/antalyatouristinformation.com\/de\/wp-json\/wp\/v2\/pages"}],"about":[{"href":"https:\/\/antalyatouristinformation.com\/de\/wp-json\/wp\/v2\/types\/page"}],"author":[{"embeddable":true,"href":"https:\/\/antalyatouristinformation.com\/de\/wp-json\/wp\/v2\/users\/4"}],"replies":[{"embeddable":true,"href":"https:\/\/antalyatouristinformation.com\/de\/wp-json\/wp\/v2\/comments?post=3382"}],"version-history":[{"count":10,"href":"https:\/\/antalyatouristinformation.com\/de\/wp-json\/wp\/v2\/pages\/3382\/revisions"}],"predecessor-version":[{"id":14828,"href":"https:\/\/antalyatouristinformation.com\/de\/wp-json\/wp\/v2\/pages\/3382\/revisions\/14828"}],"up":[{"embeddable":true,"href":"https:\/\/antalyatouristinformation.com\/de\/wp-json\/wp\/v2\/pages\/117"}],"wp:featuredmedia":[{"embeddable":true,"href":"https:\/\/antalyatouristinformation.com\/de\/wp-json\/wp\/v2\/media\/5856"}],"wp:attachment":[{"href":"https:\/\/antalyatouristinformation.com\/de\/wp-json\/wp\/v2\/media?parent=3382"}],"wp:term":[{"taxonomy":"category","embeddable":true,"href":"https:\/\/antalyatouristinformation.com\/de\/wp-json\/wp\/v2\/categories?post=3382"},{"taxonomy":"post_tag","embeddable":true,"href":"https:\/\/antalyatouristinformation.com\/de\/wp-json\/wp\/v2\/tags?post=3382"}],"curies":[{"name":"wp","href":"https:\/\/api.w.org\/{rel}","templated":true}]}}