{"id":3384,"date":"2021-04-19T18:06:18","date_gmt":"2021-04-19T16:06:18","guid":{"rendered":"http:\/\/antalyatouristinformation.com\/clone4639485xzhehsskdjfhhdhebdkkekdeewsd4545gdfgm\/?page_id=3384"},"modified":"2022-08-09T15:53:43","modified_gmt":"2022-08-09T13:53:43","slug":"covid","status":"publish","type":"page","link":"https:\/\/antalyatouristinformation.com\/de\/covid\/","title":{"rendered":"Covid-19 Regeln in der T\u00fcrkei"},"content":{"rendered":"<p style=\"text-align: center;font-size: 15px !important\">Was ihr wissen solltet<\/p>\n<h1 style=\"text-align: center\">Covid-19 Regeln in der T\u00fcrkei<\/h1>\n<p>Dies ist unser Leitfaden f\u00fcr die Covid-19 (Coronavirus) Regeln in der T\u00fcrkei. Dank der detaillierten Informationen k\u00f6nnt ihr sicher in die T\u00fcrkei reisen und erhaltet einen \u00dcberblick \u00fcber den letzten Stand der Pandemie.<\/p>\n<p>Die Einreise in die T\u00fcrkei ist f\u00fcr Touristen erlaubt. Das bedeutet, dass ihr jederzeit euren Urlaub in der Region Antalya verbringen k\u00f6nnt, vorausgesetzt euer Land gestattet die Ausreise. Ihr k\u00f6nnt in eurem <a href=\"http:\/\/antalyatouristinformation.com\/de\/hotel\/\">Lieblingsresort<\/a> in Antalya \u00fcbernachten und zusammen mit Familie und Freunden euren Lieblingsaktivit\u00e4ten ohne irgendwelche Einschr\u00e4nkungen nachgehen.<\/p>\n<p>Nat\u00fcrlich ist die <strong>t\u00fcrkische Regierung sehr aktiv im Kampf gegen Covid-19<\/strong>, was bedeutet, dass ihr immer noch ein paar &#8222;Regeln&#8220; oder Richtlinien zu befolgen habt, wenn ihr in der T\u00fcrkei Urlaub machen wollt.<\/p>\n<p>Einreise in die T\u00fcrkei ist derzeit ohne Impfnachweis oder PCR-Test m\u00f6glich. Auch das Ausf\u00fcllen eines Einreiseformulars entf\u00e4llt derzeit.<\/p>\n<p>Auf dieser Seite erfahrt ihr mehr \u00fcber die aktuellen Regeln, die&nbsp;<a href=\"https:\/\/antalyatouristinformation.com\/de\/covid\/hes-code\/\">HES-Code<\/a> Anforderungen f\u00fcr Reisende, Fragen zu den <a href=\"https:\/\/antalyatouristinformation.com\/de\/covid\/pcr-test\/\" target=\"_blank\" rel=\"noopener\">PCR-Tests in Antalya<\/a> sowie die aktuellen <a href=\"https:\/\/antalyatouristinformation.com\/de\/einreise\/\">Einreisebestimmungen<\/a> im Detail.&nbsp;<\/p>\n<h2 style=\"text-align: center\">Die aktuellsten Regeln&nbsp;<span style=\"font-weight: normal\">f\u00fcr euren T\u00fcrkeibesuch<\/span><\/h2>\n<h3><span data-attr-css=\"tve-u-179039132f1\" data-attr-link=\"1\" data-attr-rel=\"0\" data-attr-target=\"0\" data-extra_key=\"\" data-option-inline=\"1\" data-shortcode=\"tcb_post_title\" data-shortcode-name=\"Post title\" data-attr-static-link=\"{&quot;className&quot;:&quot;tve-froala fr-basic&quot;,&quot;href&quot;:&quot;https:\/\/antalyatouristinformation.com\/de\/covid\/covid-19-regeln\/&quot;,&quot;title&quot;:&quot;Neueste Updates f\u00fcr Covid-19-Regeln in Antalya&quot;,&quot;data-css&quot;:&quot;tve-u-179039132f1&quot;,&quot;class&quot;:&quot;tve-froala fr-basic&quot;}\"><a href=\"https:\/\/antalyatouristinformation.com\/de\/covid\/covid-19-regeln\/\" title=\"Neueste Updates f\u00fcr Covid-19-Regeln in Antalya\">Neueste Updates f\u00fcr Covid-19-Regeln in Antalya<\/a><\/span><\/h3>\n<p><a href=\"https:\/\/antalyatouristinformation.com\/de\/covid\/covid-19-regeln\/\"><span><span>Mehr lesen<\/span><\/span><\/a><a href=\"https:\/\/antalyatouristinformation.com\/de\/covid\/hes-code\/\" data-shortcode-id=\"2998\"><\/a><\/p>\n<h3 style=\"text-align: center;padding-top: 0px !important;margin-top: 0px !important\"><span data-attr-link=\"1\" data-attr-rel=\"0\" data-attr-target=\"0\" data-extra_key=\"\" data-option-inline=\"1\" data-shortcode=\"tcb_post_title\" data-shortcode-name=\"Post title\" data-attr-css=\"\" data-attr-static-link=\"{&quot;className&quot;:&quot;tve-froala fr-basic&quot;,&quot;href&quot;:&quot;https:\/\/antalyatouristinformation.com\/de\/covid\/hes-code\/&quot;,&quot;title&quot;:&quot;HES Code in der T\u00fcrkei: Guide f\u00fcr eure Reise nach Antalya&quot;,&quot;class&quot;:&quot;tve-froala fr-basic&quot;}\"><a href=\"https:\/\/antalyatouristinformation.com\/de\/covid\/hes-code\/\" title=\"HES Code in der T\u00fcrkei: Guide f\u00fcr eure Reise nach Antalya\" data-css=\"\">HES Code in der T\u00fcrkei: Guide f\u00fcr eure Reise nach Antalya<\/a><\/span><\/h3>\n<p><a href=\"https:\/\/antalyatouristinformation.com\/de\/covid\/pcr-test\/\" data-shortcode-id=\"2998\"><\/a><\/p>\n<h3 style=\"text-align: center;padding-top: 0px !important;margin-top: 0px !important\"><span data-attr-link=\"1\" data-attr-rel=\"0\" data-attr-target=\"0\" data-extra_key=\"\" data-option-inline=\"1\" data-shortcode=\"tcb_post_title\" data-shortcode-name=\"Post title\" data-attr-css=\"\" data-attr-static-link=\"{&quot;className&quot;:&quot;tve-froala fr-basic&quot;,&quot;href&quot;:&quot;https:\/\/antalyatouristinformation.com\/de\/covid\/hes-code\/&quot;,&quot;title&quot;:&quot;HES Code in der T\u00fcrkei: Guide f\u00fcr eure Reise nach Antalya&quot;,&quot;class&quot;:&quot;tve-froala fr-basic&quot;}\"><a href=\"https:\/\/antalyatouristinformation.com\/de\/covid\/pcr-test\/\" title=\"PCR-Test in Antalya: Wo, wie und weitere Fragen\" data-css=\"\">PCR-Test in Antalya: Wo, wie und weitere Fragen<\/a><\/span><\/h3>\n<p><a href=\"https:\/\/antalyatouristinformation.com\/de\/covid\/\" data-shortcode-id=\"2998\"><\/a><\/p>\n<h3 style=\"text-align: center;padding-top: 0px !important;margin-top: 0px !important\"><span data-attr-link=\"1\" data-attr-rel=\"0\" data-attr-target=\"0\" data-extra_key=\"\" data-option-inline=\"1\" data-shortcode=\"tcb_post_title\" data-shortcode-name=\"Post title\" data-attr-css=\"\" data-attr-static-link=\"{&quot;className&quot;:&quot;tve-froala fr-basic&quot;,&quot;href&quot;:&quot;https:\/\/antalyatouristinformation.com\/de\/covid\/hes-code\/&quot;,&quot;title&quot;:&quot;HES Code in der T\u00fcrkei: Guide f\u00fcr eure Reise nach Antalya&quot;,&quot;class&quot;:&quot;tve-froala fr-basic&quot;}\"><a href=\"https:\/\/antalyatouristinformation.com\/de\/covid\/\" title=\"Covid-19 Regeln in der T\u00fcrkei\" data-css=\"\">Covid-19 Regeln in der T\u00fcrkei<\/a><\/span><\/h3>\n<p><a href=\"https:\/\/antalyatouristinformation.com\/de\/covid\/zertifizierte-hotels\/\" data-shortcode-id=\"2998\"><\/a><\/p>\n<h3 style=\"text-align: center;padding-top: 0px !important;margin-top: 0px !important\"><span data-attr-link=\"1\" data-attr-rel=\"0\" data-attr-target=\"0\" data-extra_key=\"\" data-option-inline=\"1\" data-shortcode=\"tcb_post_title\" data-shortcode-name=\"Post title\" data-attr-css=\"\" data-attr-static-link=\"{&quot;className&quot;:&quot;tve-froala fr-basic&quot;,&quot;href&quot;:&quot;https:\/\/antalyatouristinformation.com\/de\/covid\/hes-code\/&quot;,&quot;title&quot;:&quot;HES Code in der T\u00fcrkei: Guide f\u00fcr eure Reise nach Antalya&quot;,&quot;class&quot;:&quot;tve-froala fr-basic&quot;}\"><a href=\"https:\/\/antalyatouristinformation.com\/de\/covid\/zertifizierte-hotels\/\" title=\"Was sind Covid-19 zertifizierte Hotels in der T\u00fcrkei?\" data-css=\"\">Was sind Covid-19 zertifizierte Hotels in der T\u00fcrkei?<\/a><\/span><\/h3>\n<p align=\"center\"><b>Ist mein Hotel Covid-19 zertifiziert?<\/b><\/p>\n<p align=\"center\">Hotels k\u00f6nnen sich jedes Jahr f\u00fcr eine Covid-19 Zertifizierung durch die t\u00fcrkische Regierung und internationale Agenturen bewerben. Die Liste der zertifizierten Hotels in der T\u00fcrkei findet ihr hier:<\/p>\n<h2>Regeln an den Flugh\u00e4fen in Antalya<strong><\/strong><\/h2>\n<p>Es gibt zwei Flugh\u00e4fen in der Region Antalya, den Hauptflughafen Antalya AYT und den Flughafen Alanya-Gazipasa GZP im \u00f6stlichen Teil der Provinz.<\/p>\n<h3>Antalya AYT Covid-19<\/h3>\n<p>Der <a href=\"https:\/\/antalyatouristinformation.com\/de\/plan\/antalya-flughafen\/\">Flughafen Antalya AYT<\/a> ist der Hauptflughafen der Region. Hier ist der Link zu den aktuellen Covid-19 Informationen am Flughafen.<\/p>\n<h3>Alanya-Gazipasa Covid-19<\/h3>\n<p>Der <a href=\"https:\/\/antalyatouristinformation.com\/de\/plan\/alanya-gazipasa-flughafen\/\">Flughafen Alanya-Gazipasa GZP <\/a>ist der zweite Flughafen in der Region, speziell f\u00fcr das Gebiet Alanya im Osten. Hier sind alle Informationen.<\/p>\n<h2 style=\"text-align: center\">Wo finde ich Informationen der Regierung?<\/h2>\n<p><b>F\u00e4lle:<\/b> Die aktuelle Anzahl der Covid-19-Tests, F\u00e4lle und die Anzahl der Patienten sind auf der Homepage des <a href=\"https:\/\/covid19.saglik.gov.tr\/?_Dil=2\" target=\"_blank\" rel=\"noopener\">t\u00fcrkischen Gesundheitsministeriums <\/a>ver\u00f6ffentlicht.<\/p>\n<p><b>Zeitleiste der F\u00e4lle:<\/b> Die Zeitleiste der Tests, F\u00e4lle und die Anzahl der Patienten wird hier auf der Homepage des <a href=\"https:\/\/covid19.saglik.gov.tr\/EN-69532\/general-coronavirus-table.html\" target=\"_blank\" rel=\"noopener\">t\u00fcrkischen Gesundheitsministeriums<\/a> ver\u00f6ffentlicht.<\/p>\n<p><b>F\u00e4lle pro Region:<\/b> Eine Karte mit den F\u00e4llen in den einzelnen Regionen der T\u00fcrkei ist nur auf der <a href=\"https:\/\/covid19.saglik.gov.tr\/?_Dil=1\" target=\"_blank\" rel=\"noopener\">t\u00fcrkischsprachigen Version <\/a>der Covid-19-\u00dcbersicht des t\u00fcrkischen Gesundheitsministeriums verf\u00fcgbar. Dort k\u00f6nnt ihr auch die aktuelle Anzahl der positiven Tests in Antalya einsehen.<\/p>\n<p><b>Covid-19 Versicherung:<\/b> Es gibt f\u00fcr Touristen eine staatlich unterst\u00fctzte Versicherung f\u00fcr die Covid-19 Behandlung in der T\u00fcrkei. Die Website hei\u00dft <a href=\"https:\/\/www.covidinsurance4turkey.com\/\" target=\"_blank\" rel=\"noopener\">CovidInsurance4Turkey.com.<\/a><strong><\/strong><\/p>\n<p align=\"center\"><b>Wie kann ich mich in Antalya testen lassen?<\/b><\/p>\n<p align=\"center\">Hier findet ihr alle notwendigen Informationen \u00fcber PCR-Tests in Antalya und erfahrt, wie ihr euch sicher und konform der Anforderungen des Flughafens auf COVID-19 testen lassen k\u00f6nnt.<\/p>\n","protected":false},"excerpt":{"rendered":"<p>Was ihr wissen solltet Covid-19 Regeln in der T\u00fcrkei Dies ist unser Leitfaden f\u00fcr die Covid-19 (Coronavirus) Regeln in der T\u00fcrkei. Dank der detaillierten Informationen k\u00f6nnt ihr sicher in die T\u00fcrkei reisen und erhaltet einen \u00dcberblick \u00fcber den letzten Stand der Pandemie. Die Einreise in die T\u00fcrkei ist f\u00fcr Touristen erlaubt. Das bedeutet, dass ihr [&hellip;]<\/p>\n","protected":false},"author":3,"featured_media":5817,"parent":0,"menu_order":0,"comment_status":"open","ping_status":"closed","template":"","meta":{"_acf_changed":false,"footnotes":""},"categories":[],"tags":[52],"class_list":["post-3384","page","type-page","status-publish","has-post-thumbnail","hentry","tag-covid-19","post-wrapper","thrv_wrapper"],"acf":[],"wp-worthy-pixel":{"ignored":false,"public":null,"server":null,"url":null},"wp-worthy-type":"normal","_links":{"self":[{"href":"https:\/\/antalyatouristinformation.com\/de\/wp-json\/wp\/v2\/pages\/3384","targetHints":{"allow":["GET"]}}],"collection":[{"href":"https:\/\/antalyatouristinformation.com\/de\/wp-json\/wp\/v2\/pages"}],"about":[{"href":"https:\/\/antalyatouristinformation.com\/de\/wp-json\/wp\/v2\/types\/page"}],"author":[{"embeddable":true,"href":"https:\/\/antalyatouristinformation.com\/de\/wp-json\/wp\/v2\/users\/3"}],"replies":[{"embeddable":true,"href":"https:\/\/antalyatouristinformation.com\/de\/wp-json\/wp\/v2\/comments?post=3384"}],"version-history":[{"count":10,"href":"https:\/\/antalyatouristinformation.com\/de\/wp-json\/wp\/v2\/pages\/3384\/revisions"}],"predecessor-version":[{"id":14444,"href":"https:\/\/antalyatouristinformation.com\/de\/wp-json\/wp\/v2\/pages\/3384\/revisions\/14444"}],"wp:featuredmedia":[{"embeddable":true,"href":"https:\/\/antalyatouristinformation.com\/de\/wp-json\/wp\/v2\/media\/5817"}],"wp:attachment":[{"href":"https:\/\/antalyatouristinformation.com\/de\/wp-json\/wp\/v2\/media?parent=3384"}],"wp:term":[{"taxonomy":"category","embeddable":true,"href":"https:\/\/antalyatouristinformation.com\/de\/wp-json\/wp\/v2\/categories?post=3384"},{"taxonomy":"post_tag","embeddable":true,"href":"https:\/\/antalyatouristinformation.com\/de\/wp-json\/wp\/v2\/tags?post=3384"}],"curies":[{"name":"wp","href":"https:\/\/api.w.org\/{rel}","templated":true}]}}