{"id":3528,"date":"2021-04-22T13:00:03","date_gmt":"2021-04-22T11:00:03","guid":{"rendered":"https:\/\/antalyatouristinformation.com\/clone4639485xzhehsskdjfhhdhebdkkekdeewsd4545gdfgm\/?page_id=3528"},"modified":"2025-05-30T09:37:39","modified_gmt":"2025-05-30T07:37:39","slug":"kontakt","status":"publish","type":"page","link":"https:\/\/antalyatouristinformation.com\/de\/kontakt\/","title":{"rendered":"Kontakt-Formular"},"content":{"rendered":"<h3 style=\"text-align: left\"><span style=\"font-weight: normal\">Plant ihr eine Reise in die Region Antalya?<\/span><\/h3>\n<h1 style=\"text-align: left\">Kontaktiert die Antalya Tourist Information<\/h1>\n<p style=\"text-align: left\">Wir sind hier, um Reisende, Firmen, Paare und Gruppenreisen in der Antalya Region zu unterst\u00fctzen, wann immer es m\u00f6glich ist. F\u00fcr individuellen oder professionellen (B2B) Kontakt f\u00fcllt einfach kurz unser Formular aus.<\/p>\n<p><span><a href=\"https:\/\/viennatouristinformation.com\/wp-content\/uploads\/sites\/10\/2020\/10\/Influencers-1.jpg\"><img decoding=\"async\" alt=\"Kaleici in Antalya in Turkey\" data-id=\"4187\" title=\"Kaleici in Antalya in Turkey\" src=\"https:\/\/antalyatouristinformation.com\/de\/wp-content\/uploads\/sites\/10\/2021\/04\/Kaleici-in-Antalya-in-Turkey.jpg\" style=\"aspect-ratio: auto 1200 \/ 630\" data-width=\"480\" data-height=\"252\" data-init-width=\"1200\" data-init-height=\"630\" data-link-wrap=\"true\" loading=\"lazy\" width=\"480\" height=\"252\"><\/a><\/span><\/p>\n<h2>Wie k\u00f6nnen wir helfen?<\/h2>\n<h3>1. Info-Service<\/h3>\n<p>Antworten auf Fragen zu geplanten Reisen nach Antalya oder w\u00e4hrend eures Aufenthaltes.&nbsp;<\/p>\n<h3>2. Buchungs-Service<\/h3>\n<p>Buchung von Hotels, Tickets, Touren, Konferenzhotels und Gruppenreisen. Reservierung von Restaurants.&nbsp;<\/p>\n<h3>3. B2B and M.I.C.E.<\/h3>\n<p>Zusammenarbeit mit der AntalyaTouristInformation im Reisesektor, von lokalen Anbietern bis zu Reiseveranstaltern.&nbsp;<\/p>\n<h2 style=\"text-align: center\">Ansprechpartner f\u00fcr weitere Anfragen<\/h2>\n<p style=\"text-align: center\"><span style=\"font-weight: normal\"><b>Anfragen zu Kooperationen von Medien, Reiseveranstaltern, Fluggesellschaften, Medien, TV, Zeitungen und Unternehmen sind \u00fcber unser Kontaktformular m\u00f6glich.&nbsp;<\/b> <\/span><\/p>\n","protected":false},"excerpt":{"rendered":"<p>Plant ihr eine Reise in die Region Antalya? Kontaktiert die Antalya Tourist Information Wir sind hier, um Reisende, Firmen, Paare und Gruppenreisen in der Antalya Region zu unterst\u00fctzen, wann immer es m\u00f6glich ist. F\u00fcr individuellen oder professionellen (B2B) Kontakt f\u00fcllt einfach kurz unser Formular aus. Wie k\u00f6nnen wir helfen? 1. Info-Service Antworten auf Fragen zu [&hellip;]<\/p>\n","protected":false},"author":6,"featured_media":4187,"parent":0,"menu_order":0,"comment_status":"closed","ping_status":"closed","template":"","meta":{"_acf_changed":false,"footnotes":""},"categories":[],"tags":[],"class_list":["post-3528","page","type-page","status-publish","has-post-thumbnail","hentry","post-wrapper","thrv_wrapper"],"acf":[],"wp-worthy-pixel":{"ignored":false,"public":null,"server":null,"url":null},"wp-worthy-type":"normal","_links":{"self":[{"href":"https:\/\/antalyatouristinformation.com\/de\/wp-json\/wp\/v2\/pages\/3528","targetHints":{"allow":["GET"]}}],"collection":[{"href":"https:\/\/antalyatouristinformation.com\/de\/wp-json\/wp\/v2\/pages"}],"about":[{"href":"https:\/\/antalyatouristinformation.com\/de\/wp-json\/wp\/v2\/types\/page"}],"author":[{"embeddable":true,"href":"https:\/\/antalyatouristinformation.com\/de\/wp-json\/wp\/v2\/users\/6"}],"replies":[{"embeddable":true,"href":"https:\/\/antalyatouristinformation.com\/de\/wp-json\/wp\/v2\/comments?post=3528"}],"version-history":[{"count":10,"href":"https:\/\/antalyatouristinformation.com\/de\/wp-json\/wp\/v2\/pages\/3528\/revisions"}],"predecessor-version":[{"id":16577,"href":"https:\/\/antalyatouristinformation.com\/de\/wp-json\/wp\/v2\/pages\/3528\/revisions\/16577"}],"wp:featuredmedia":[{"embeddable":true,"href":"https:\/\/antalyatouristinformation.com\/de\/wp-json\/wp\/v2\/media\/4187"}],"wp:attachment":[{"href":"https:\/\/antalyatouristinformation.com\/de\/wp-json\/wp\/v2\/media?parent=3528"}],"wp:term":[{"taxonomy":"category","embeddable":true,"href":"https:\/\/antalyatouristinformation.com\/de\/wp-json\/wp\/v2\/categories?post=3528"},{"taxonomy":"post_tag","embeddable":true,"href":"https:\/\/antalyatouristinformation.com\/de\/wp-json\/wp\/v2\/tags?post=3528"}],"curies":[{"name":"wp","href":"https:\/\/api.w.org\/{rel}","templated":true}]}}