{"id":3542,"date":"2021-04-22T13:05:11","date_gmt":"2021-04-22T11:05:11","guid":{"rendered":"https:\/\/antalyatouristinformation.com\/clone4639485xzhehsskdjfhhdhebdkkekdeewsd4545gdfgm\/?page_id=3542"},"modified":"2025-05-30T13:05:44","modified_gmt":"2025-05-30T11:05:44","slug":"tourism","status":"publish","type":"page","link":"https:\/\/antalyatouristinformation.com\/de\/kontakt\/tourism\/","title":{"rendered":"B2B Tourismus Service in Antalya"},"content":{"rendered":"<h3>Sucht ihr nach professionellen Tourismus-Kontakten in der Region Antalya?<\/h3>\n<h1 style=\"text-align: left\">Kontakt f\u00fcr Reiseveranstalter, Reiseb\u00fcros und Fluggesellschaften<\/h1>\n<p style=\"text-align: left\">Wir sind hier, um euch zu helfen, Kooperationsm\u00f6glichkeiten zu finden, zu buchen und euren Reiseb\u00fcros zu helfen.&nbsp;<\/p>\n<p><span><a href=\"http:\/\/antalyatouristinformation.com\/de\/wp-content\/uploads\/sites\/10\/2021\/04\/Influencers-2-1.jpg\"><img decoding=\"async\" alt=\"Tourism in Antalya in Turkey\" data-id=\"4166\" title=\"Tourism in Antalya in Turkey\" src=\"https:\/\/antalyatouristinformation.com\/de\/wp-content\/uploads\/sites\/10\/2021\/04\/Tourism-in-Antalya-in-Turkey.jpg\" style=\"aspect-ratio: auto 1200 \/ 630\" data-width=\"480\" data-height=\"252\" data-init-width=\"1200\" data-init-height=\"630\" data-link-wrap=\"true\" loading=\"lazy\" width=\"480\" height=\"252\"><\/a><\/span><\/p>\n<p style=\"text-align: center\">Kontaktiert uns mit untenstehendem Formular oder per Mail an <span data-attr-id=\"5\" data-extra_key=\"1\" data-option-inline=\"1\" data-shortcode=\"thrive_global_fields\" data-shortcode-name=\"[Company] Email address\">info@antalyatouristinformation.com\/<\/span><\/p>\n<h2>Wie k\u00f6nnen wir helfen?<\/h2>\n<p>Wir k\u00f6nnen euch bei der Planung von Famtrips, Incentives, Gruppenreisen und speziellen Buchungsw\u00fcnschen unterst\u00fctzen.&nbsp;<\/p>\n<h3>1. Reiseb\u00fcro und Reiseveranstalter<\/h3>\n<p>Planung und Betreuung von Sonderw\u00fcnschen, von Hochzeiten bis hin zu Gruppenreisen und Incentives.&nbsp;<\/p>\n<h3>2. Tourismus-Experten<\/h3>\n<p>Anfragen zur Planung von Famtrips und Expeditionsreisen leiten wir gerne an lokale Kooperationspartner weiter.&nbsp;<\/p>\n<h3>3. M.I.C.E. in Antalya<\/h3>\n<p>Das komplette Programm aus einer Hand. Wir sind in der Lage, Unterkunft, Transfers, Teambuilding-Events, Incentives, Catering und mehr f\u00fcr Gruppen in Antalya anzubieten.<\/p>\n<h2 style=\"text-align: center\"><b>Ansprechpartner f\u00fcr weitere Anfragen<\/b><\/h2>\n<p style=\"text-align: center\">Anfragen zu Kooperationen von Medien, Reiseveranstaltern, Fluggesellschaften, Presse, TV, Zeitungen und B2B<\/p>\n","protected":false},"excerpt":{"rendered":"<p>Sucht ihr nach professionellen Tourismus-Kontakten in der Region Antalya? Kontakt f\u00fcr Reiseveranstalter, Reiseb\u00fcros und Fluggesellschaften Wir sind hier, um euch zu helfen, Kooperationsm\u00f6glichkeiten zu finden, zu buchen und euren Reiseb\u00fcros zu helfen.&nbsp; Kontaktiert uns mit untenstehendem Formular oder per Mail an info@antalyatouristinformation.com\/ Wie k\u00f6nnen wir helfen? Wir k\u00f6nnen euch bei der Planung von Famtrips, Incentives, [&hellip;]<\/p>\n","protected":false},"author":6,"featured_media":4166,"parent":3528,"menu_order":0,"comment_status":"closed","ping_status":"closed","template":"","meta":{"_acf_changed":false,"footnotes":""},"categories":[],"tags":[],"class_list":["post-3542","page","type-page","status-publish","has-post-thumbnail","hentry","post-wrapper","thrv_wrapper"],"acf":[],"wp-worthy-pixel":{"ignored":false,"public":null,"server":null,"url":null},"wp-worthy-type":"normal","_links":{"self":[{"href":"https:\/\/antalyatouristinformation.com\/de\/wp-json\/wp\/v2\/pages\/3542","targetHints":{"allow":["GET"]}}],"collection":[{"href":"https:\/\/antalyatouristinformation.com\/de\/wp-json\/wp\/v2\/pages"}],"about":[{"href":"https:\/\/antalyatouristinformation.com\/de\/wp-json\/wp\/v2\/types\/page"}],"author":[{"embeddable":true,"href":"https:\/\/antalyatouristinformation.com\/de\/wp-json\/wp\/v2\/users\/6"}],"replies":[{"embeddable":true,"href":"https:\/\/antalyatouristinformation.com\/de\/wp-json\/wp\/v2\/comments?post=3542"}],"version-history":[{"count":10,"href":"https:\/\/antalyatouristinformation.com\/de\/wp-json\/wp\/v2\/pages\/3542\/revisions"}],"predecessor-version":[{"id":16612,"href":"https:\/\/antalyatouristinformation.com\/de\/wp-json\/wp\/v2\/pages\/3542\/revisions\/16612"}],"up":[{"embeddable":true,"href":"https:\/\/antalyatouristinformation.com\/de\/wp-json\/wp\/v2\/pages\/3528"}],"wp:featuredmedia":[{"embeddable":true,"href":"https:\/\/antalyatouristinformation.com\/de\/wp-json\/wp\/v2\/media\/4166"}],"wp:attachment":[{"href":"https:\/\/antalyatouristinformation.com\/de\/wp-json\/wp\/v2\/media?parent=3542"}],"wp:term":[{"taxonomy":"category","embeddable":true,"href":"https:\/\/antalyatouristinformation.com\/de\/wp-json\/wp\/v2\/categories?post=3542"},{"taxonomy":"post_tag","embeddable":true,"href":"https:\/\/antalyatouristinformation.com\/de\/wp-json\/wp\/v2\/tags?post=3542"}],"curies":[{"name":"wp","href":"https:\/\/api.w.org\/{rel}","templated":true}]}}