{"id":3558,"date":"2021-04-22T13:08:06","date_gmt":"2021-04-22T11:08:06","guid":{"rendered":"https:\/\/antalyatouristinformation.com\/clone4639485xzhehsskdjfhhdhebdkkekdeewsd4545gdfgm\/?page_id=3558"},"modified":"2025-05-30T13:03:51","modified_gmt":"2025-05-30T11:03:51","slug":"presse","status":"publish","type":"page","link":"https:\/\/antalyatouristinformation.com\/de\/kontakt\/presse\/","title":{"rendered":"Presse"},"content":{"rendered":"<h3><span style=\"font-weight: normal\">Plant ihr eine Medienkampagne in der Region Antalya?<\/span><\/h3>\n<h1 style=\"text-align: left\">Kontakt f\u00fcr Presse, Medien und TV<\/h1>\n<p style=\"text-align: left\">Wir sind euch bei der Planung von Recherchen, Berichten, Dokumentationen und Kooperationsm\u00f6glichkeiten behilflich.<\/p>\n<p><span><a href=\"https:\/\/viennatouristinformation.com\/wp-content\/uploads\/sites\/10\/2020\/10\/Influencers-2-1.jpg\"><img decoding=\"async\" alt=\"Panoramic view of Alanya in Antalya\" data-id=\"4172\" title=\"Panoramic view of Alanya in Antalya\" src=\"https:\/\/antalyatouristinformation.com\/de\/wp-content\/uploads\/sites\/10\/2021\/04\/Panoramic-view-of-Alanya-in-Antalya.jpg\" style=\"aspect-ratio: auto 1200 \/ 630\" data-width=\"480\" data-height=\"252\" data-init-width=\"1200\" data-init-height=\"630\" data-link-wrap=\"true\" loading=\"lazy\" width=\"480\" height=\"252\"><\/a><\/span><\/p>\n<p style=\"text-align: center\">Kontaktiert uns \u00fcber untenstehendes Formular oder per Mail an <span data-attr-id=\"5\" data-extra_key=\"1\" data-option-inline=\"1\" data-shortcode=\"thrive_global_fields\" data-shortcode-name=\"[Company] Email address\">info@antalyatouristinformation.com\/<\/span><\/p>\n<h2>Wie k\u00f6nnen wir helfen?<\/h2>\n<p>Wir helfen euch gerne bei der Vermittlung von lokalen Kontakten, der Einholung von Drehgenehmigungen und der gesetzlich vorgeschriebenen lokalen mehrsprachigen Begleitpersonen (Mihmandar).&nbsp;<\/p>\n<h3>1. Assistenz<\/h3>\n<p>Beispielsweise bei der Routenplanung der Dreharbeiten unter Ber\u00fccksichtigung der \u00f6rtlichen Gegebenheiten und Zeitpl\u00e4ne (Verkehr).<\/p>\n<h3>2. Drehgenehmigung<\/h3>\n<p>F\u00fcr Reportagen ist m\u00f6glicherweise eine Begleitung durch das t\u00fcrkische Kulturministerium erforderlich. Wir sind gerne bei der Vermittlung behilflich. Es gibt auch eine spezielle Visa-Anforderung f\u00fcr Dreharbeiten in der T\u00fcrkei, die ben\u00f6tigt werden k\u00f6nnte.<\/p>\n<h3>3. Lokale Kontakte&nbsp;<\/h3>\n<p>Hilfe bei der Vermittlung von lokalen Kontakten, \u00dcbersetzungen und \u00e4hnlichen Dienstleistungen in Antalya.&nbsp;<\/p>\n<h2 style=\"text-align: center\"><b>Ansprechpartner f\u00fcr weitere Anfragen<\/b><\/h2>\n<p align=\"center\">Anfragen zu Kooperationen von Reiseveranstaltern, Fluggesellschaften, Bildung und B2B<\/p>\n","protected":false},"excerpt":{"rendered":"<p>Plant ihr eine Medienkampagne in der Region Antalya? Kontakt f\u00fcr Presse, Medien und TV Wir sind euch bei der Planung von Recherchen, Berichten, Dokumentationen und Kooperationsm\u00f6glichkeiten behilflich. Kontaktiert uns \u00fcber untenstehendes Formular oder per Mail an info@antalyatouristinformation.com\/ Wie k\u00f6nnen wir helfen? Wir helfen euch gerne bei der Vermittlung von lokalen Kontakten, der Einholung von Drehgenehmigungen [&hellip;]<\/p>\n","protected":false},"author":6,"featured_media":4172,"parent":3528,"menu_order":0,"comment_status":"closed","ping_status":"closed","template":"","meta":{"_acf_changed":false,"footnotes":""},"categories":[],"tags":[],"class_list":["post-3558","page","type-page","status-publish","has-post-thumbnail","hentry","post-wrapper","thrv_wrapper"],"acf":[],"wp-worthy-pixel":{"ignored":false,"public":null,"server":null,"url":null},"wp-worthy-type":"normal","_links":{"self":[{"href":"https:\/\/antalyatouristinformation.com\/de\/wp-json\/wp\/v2\/pages\/3558","targetHints":{"allow":["GET"]}}],"collection":[{"href":"https:\/\/antalyatouristinformation.com\/de\/wp-json\/wp\/v2\/pages"}],"about":[{"href":"https:\/\/antalyatouristinformation.com\/de\/wp-json\/wp\/v2\/types\/page"}],"author":[{"embeddable":true,"href":"https:\/\/antalyatouristinformation.com\/de\/wp-json\/wp\/v2\/users\/6"}],"replies":[{"embeddable":true,"href":"https:\/\/antalyatouristinformation.com\/de\/wp-json\/wp\/v2\/comments?post=3558"}],"version-history":[{"count":10,"href":"https:\/\/antalyatouristinformation.com\/de\/wp-json\/wp\/v2\/pages\/3558\/revisions"}],"predecessor-version":[{"id":16611,"href":"https:\/\/antalyatouristinformation.com\/de\/wp-json\/wp\/v2\/pages\/3558\/revisions\/16611"}],"up":[{"embeddable":true,"href":"https:\/\/antalyatouristinformation.com\/de\/wp-json\/wp\/v2\/pages\/3528"}],"wp:featuredmedia":[{"embeddable":true,"href":"https:\/\/antalyatouristinformation.com\/de\/wp-json\/wp\/v2\/media\/4172"}],"wp:attachment":[{"href":"https:\/\/antalyatouristinformation.com\/de\/wp-json\/wp\/v2\/media?parent=3558"}],"wp:term":[{"taxonomy":"category","embeddable":true,"href":"https:\/\/antalyatouristinformation.com\/de\/wp-json\/wp\/v2\/categories?post=3558"},{"taxonomy":"post_tag","embeddable":true,"href":"https:\/\/antalyatouristinformation.com\/de\/wp-json\/wp\/v2\/tags?post=3558"}],"curies":[{"name":"wp","href":"https:\/\/api.w.org\/{rel}","templated":true}]}}