{"id":3652,"date":"2021-04-22T16:58:43","date_gmt":"2021-04-22T14:58:43","guid":{"rendered":"https:\/\/antalyatouristinformation.com\/clone4639485xzhehsskdjfhhdhebdkkekdeewsd4545gdfgm\/?page_id=3652"},"modified":"2025-05-30T10:57:13","modified_gmt":"2025-05-30T08:57:13","slug":"tauchen","status":"publish","type":"page","link":"https:\/\/antalyatouristinformation.com\/de\/sehenswurdigkeiten\/tauchen\/","title":{"rendered":"Tauchen in Antalya: Der komplette Guide"},"content":{"rendered":"<p>Taucht ihr gerne? Ja? Dann seid ihr in Antalya genau richtig.<\/p>\n<p>Die Region Antalya ist dank der vielen sch\u00f6nen Unterwasserpl\u00e4tze der beste Ort zum Tauchen in der T\u00fcrkei. Mit professionellen Teams und der richtigen Ausr\u00fcstung k\u00f6nnt ihr in Antalya einfach und sicher tauchen.<\/p>\n<p>Hier findet ihr alle Informationen zum Tauchen in Antalya. Das beinhaltet Tauchpl\u00e4tze, Ger\u00e4tetauchen, Schnorcheln, sowie Antworten auf h\u00e4ufig gestellte Fragen.<\/p>\n<p>Lasst uns anfangen \u2026<\/p>\n<p><span><img decoding=\"async\" alt=\"Turtle during a dive at Kas in Turkey\" data-id=\"5546\" width=\"702\" data-init-width=\"1000\" height=\"468\" data-init-height=\"667\" title=\"Turtle during a dive at Kas in Turkey\" loading=\"lazy\" src=\"https:\/\/antalyatouristinformation.com\/de\/wp-content\/uploads\/sites\/10\/2021\/05\/Turtle-during-a-dive-at-Kas-in-Turkey.jpg\" data-width=\"702\" data-height=\"468\" data-pinpro-key=\"hz54d5bwh\" data-pin-media=\"https:\/\/antalyatouristinformation.com\/de\/wp-content\/uploads\/sites\/10\/2021\/06\/prag_50_sehenswuerdigkeiten_pinterest-2-3.jpg\" data-pin-description=\"The Guide to Diving in Antalya | Antalya Tourist Information\" data-pin-url=\"https:\/\/antalyatouristinformation.com\/de\/sehenswurdigkeiten\/tauchen\/?tve=true&amp;tcbf=c067599160\" style=\"aspect-ratio: auto 1000 \/ 667\"><\/span><\/p>\n<h2 id=\"t-1625690518303\" data-alt-text=\"Tauch- und Schnorchelpl\u00e4tze\">Wo liegen die besten Tauch- und Schnorchelpl\u00e4tze in Antalya?<\/h2>\n<p><strong>Ka\u015f <\/strong>ist die Tauchhauptstadt der T\u00fcrkei. Aufgrund seiner reichen Unterwasserwelt sowie der antiken Relikte ist Ka\u015f einer der Top-100-Tauchpl\u00e4tze der Welt. Hier erwarten euch \u00fcber 30 Tauchpl\u00e4tze, die ihr alle innerhalb einer 20-min\u00fctigen Bootsfahrt erreichen k\u00f6nnt.<\/p>\n<p><strong>Kemer<\/strong> ist ein weiteres sehr beliebtes Tauchgebiet in der Region. Auch hier findet ihr Tauchpl\u00e4tze, sch\u00f6ne Unterwasserlandschaften und eine reiche Tierwelt.<\/p>\n<p>Die Gebiete um <strong>Side<\/strong> sind f\u00fcr Anf\u00e4nger gut geeignet. Hier ist der Untergrund sandig und die Artenvielfalt geringer.<\/p>\n<p>Schnorcheln k\u00f6nnt ihr an der gesamten K\u00fcste oder bei einer der zahlreichen angebotenen Bootstouren.<\/p>\n<p>Hier findet ihr einige <strong>spezielle Tauchpl\u00e4tze <\/strong>in der Region Antalya:<\/p>\n<ul>\n<li><span><strong>\u00dc\u00e7 Adalar:&nbsp;<\/strong>\u201e<a href=\"https:\/\/antalyatouristinformation.com\/de\/sehenswurdigkeiten\/inseln\/uc-adalar\/\">\u00dc\u00e7 Adalar<\/a>\u201c sind drei Inseln bei Tekirova vor Kemer. Sie bieten sich f\u00fcr Tauchg\u00e4nge aller Art an. Die Landschaft ist atemberaubend sch\u00f6n. Hier liegt das Adventure Riff, das in eine Tiefe von bis zu 60-70 Metern reicht<strong><strong>.<\/strong><\/strong><\/span><\/li>\n<li><span><strong><b>Franz\u00f6sisches Schiffswrack PARIS II:<\/b><\/strong> Der Frachter MS PARIS II wurde nach dem Ersten Weltkrieg von der t\u00fcrkischen Artillerie mit mehr als 60 Sch\u00fcssen versenkt, als er Kemer, damals ein Fischerdorf, unter Beschuss nahm. Heute k\u00f6nnt ihr den 70 Meter langen und 15 Meter breiten, gut erhaltenen Frack bei einem Tauchgang entdecken. Das Wrack liegt in einer Tiefe von 21- 31 Metern auf dem Meeresboden. Lest hier mehr \u00fcber die <a href=\"https:\/\/antalyatouristinformation.com\/de\/sehenswurdigkeiten\/kemer\/\">Sehensw\u00fcrdigkeiten in Kemer<\/a>.<\/span><\/li>\n<li><span><strong>DO 28:<\/strong> Die Dornier Do 28 ist ein kleines Transportflugzeug aus dem Jahr 1967, das auf der Abwrackliste stand. Der Flieger wurde im Meer auf Grund gesetzt und kann in einer Tiefe von 19,5 bis 23,3 Metern betaucht werden.<\/span><\/li>\n<li><span><strong>H\u00f6hlentauchen:<\/strong> Bei den Klippen von Antalya gibt es zahlreiche H\u00f6hlen unterschiedlicher Gr\u00f6\u00dfe. Zum H\u00f6hlentauchen braucht ihr einen Tauchschein. Meist werdet ihr auf den Tauchg\u00e4ngen von einem professionellen ortskundigen Taucher begleitet. Hier k\u00f6nnt ihr mehr Informationen zu den <a href=\"https:\/\/antalyatouristinformation.com\/de\/sehenswurdigkeiten\/hohle\/\">H\u00f6hlen in Antalya<\/a> lesen.<\/span><\/li>\n<li><span><strong>Side Unterwasser Museum:&nbsp;<\/strong>Das Unterwasser Museum von Side liegt in einer Tiefe von circa 12 Metern. Zu sehen sind 110 Skulpturen, die Teile der anatolischen Geschichte darstellen. Falls ihr neugierig geworden seid, werft doch einen Blick in unseren Guide zu dem <a href=\"https:\/\/antalyatouristinformation.com\/de\/sehenswurdigkeiten\/museum\/side-archaologisch\/\">arch\u00e4ologischen Museum in Side<\/a>.<\/span><\/li>\n<li><span><strong>Amphora: <\/strong>Amphora erreicht ihr vom Hafen Alanya aus innerhalb von 5 Minuten mit dem Boot. &nbsp;Verschiedene Unterwasserlebewesen wie Zackenbarsch, Mur\u00e4ne, Oktopus, Stachelrochen und Anglerfisch k\u00f6nnt ihr in der N\u00e4he der zerbrochenen Amphoren-St\u00fccke beobachten, die diesem Tauchplatz in Alanya seinen Namen gaben. Mehr zu den <a href=\"https:\/\/antalyatouristinformation.com\/de\/sehenswurdigkeiten\/alanya\/\">Sehensw\u00fcrdigkeiten in Alanya<\/a> findet ihr hier.<\/span><\/li>\n<\/ul>\n<p><!-- GetYourGuide Analytics -->[tcb-script async=&#8220;&#8220; defer=&#8220;&#8220; src=&#8220;https:\/\/widget.getyourguide.com\/dist\/pa.umd.production.min.js&#8220; data-gyg-partner-id=&#8220;0F6NPGN&#8220;][\/tcb-script][tcb-script async=&#8220;&#8220; src=&#8220;https:\/\/www.viator.com\/orion\/partner\/widget.js&#8220;][\/tcb-script]<span><img decoding=\"async\" alt=\"Diving in Antalya in Turkey\" data-id=\"5548\" width=\"702\" data-init-width=\"1000\" height=\"468\" data-init-height=\"667\" title=\"Diving in Antalya in Turkey\" loading=\"lazy\" src=\"https:\/\/antalyatouristinformation.com\/de\/wp-content\/uploads\/sites\/10\/2021\/05\/Diving-in-Antalya.jpg\" data-width=\"702\" data-height=\"468\" data-pinpro-key=\"jgznz4qqd\" data-pin-media=\"https:\/\/antalyatouristinformation.com\/de\/wp-content\/uploads\/sites\/10\/2021\/06\/prag_50_sehenswuerdigkeiten_pinterest-2-3.jpg\" data-pin-description=\"The Guide to Diving in Antalya | Antalya Tourist Information\" data-pin-url=\"https:\/\/antalyatouristinformation.com\/de\/sehenswurdigkeiten\/tauchen\/?tve=true&amp;tcbf=c067599160\" style=\"aspect-ratio: auto 1000 \/ 667\"><\/span><\/p>\n<h2 id=\"t-1619101207315\" data-alt-text=\"Tachschulen\">PADI und CMAS Tauchschulen in Antalya<\/h2>\n<p>Es gibt in der Region Antalya verschiedene PADI und CMAS Tauchschulen, bei denen ihr auch einen internationalen Tauchschein erwerben k\u00f6nnt. Die meisten befinden sich direkt im Zentrum von Antalya.<\/p>\n<p>Zus\u00e4tzlich gibt es lizenzierte Schulen in den wichtigsten Tauchzentren wie Kemer und Ka\u015f.&nbsp;<\/p>\n<p><span><img decoding=\"async\" alt=\"How much does Scuba Diving Cost in Antalya (Editorial)\" data-id=\"7313\" width=\"702\" data-init-width=\"1000\" height=\"468\" data-init-height=\"667\" title=\"How much does Scuba Diving Cost in Antalya (Editorial)\" loading=\"lazy\" src=\"https:\/\/antalyatouristinformation.com\/de\/wp-content\/uploads\/sites\/10\/2021\/05\/How-much-does-Scuba-Diving-Cost-in-Antalya-Editorial.jpg\" data-width=\"702\" data-height=\"468\" data-pinpro-key=\"hs3u65xym\" data-pin-media=\"https:\/\/antalyatouristinformation.com\/de\/wp-content\/uploads\/sites\/10\/2021\/06\/prag_50_sehenswuerdigkeiten_pinterest-2-3.jpg\" data-pin-description=\"The Guide to Diving in Antalya | Antalya Tourist Information\" data-pin-url=\"https:\/\/antalyatouristinformation.com\/de\/sehenswurdigkeiten\/tauchen\/?tve=true&amp;tcbf=c067599160\" style=\"aspect-ratio: auto 1000 \/ 667\"><\/span><\/p>\n<h2 id=\"t-1625690704548\" data-alt-text=\"Kosten\">Wie viel kostet Ger\u00e4tetauchen in Antalya?<\/h2>\n<p><strong>Ger\u00e4tetauchen<\/strong> ist in der T\u00fcrkei im Vergleich zu anderen europ\u00e4ischen L\u00e4ndern <strong>relativ g\u00fcnstig<\/strong>. &nbsp;Die Tauchtouren dauern in der Regel mehrere Stunden und beinhalten meist zwei Tauchg\u00e4nge von je 20 Minuten. Je nach Anbieter variieren die Angebote. Kurse f\u00fcr Anf\u00e4nger werden ebenfalls angeboten.<\/p>\n<p>Es gibt auch <strong>mehrt\u00e4gige <\/strong>sowie <strong>private Tauchtouren<\/strong>. Ihr k\u00f6nnt zum Beispiel eine einw\u00f6chige Tauchtour auf einem t\u00fcrkischen Gulet-Motorsegler in einer kleinen Gruppe buchen. Diese sind nat\u00fcrlich viel teurer als ein gew\u00f6hnlicher Tauchausflug.<\/p>\n<p><span><img decoding=\"async\" alt=\"How to book Diving Trips in Antalya\" data-id=\"7315\" width=\"702\" data-init-width=\"1000\" height=\"468\" data-init-height=\"667\" title=\"How to book Diving Trips in Antalya\" loading=\"lazy\" src=\"https:\/\/antalyatouristinformation.com\/de\/wp-content\/uploads\/sites\/10\/2021\/05\/How-to-book-Diving-Trips-in-Antalya-Editorial.jpg\" data-width=\"702\" data-height=\"468\" data-pinpro-key=\"41jhx9nib\" data-pin-media=\"https:\/\/antalyatouristinformation.com\/de\/wp-content\/uploads\/sites\/10\/2021\/06\/prag_50_sehenswuerdigkeiten_pinterest-2-3.jpg\" data-pin-description=\"The Guide to Diving in Antalya | Antalya Tourist Information\" data-pin-url=\"https:\/\/antalyatouristinformation.com\/de\/sehenswurdigkeiten\/tauchen\/?tve=true&amp;tcbf=c067599160\" style=\"aspect-ratio: auto 1000 \/ 667\"><\/span><\/p>\n<h2 id=\"t-1625690704549\" data-alt-text=\"Buchung\">Wie buche ich Tauchausfl\u00fcge in Antalya<\/h2>\n<p>Tauchtouren k\u00f6nnt ihr entweder online oder direkt bei dem jeweiligen Anbieter buchen. Die online verf\u00fcgbaren Kurse sind meist f\u00fcr Anf\u00e4nger und Fortgeschrittene. Wollt ihr Mehrtagesausfl\u00fcge, Wracktauchen und \u00e4hnliches buchen, m\u00fcsst ihr in der Regel mit den Tauchschulen direkt Kontakt aufnehmen.<\/p>\n<p>Ihr k\u00f6nnt auch gerne uns nach den <strong>aktuellen Angeboten in der Region<\/strong> Antalya fragen. Schickt einfach dieses Formular ab und unser Team wird sich so schnell wie m\u00f6glich bei euch melden.<\/p>\n<p><span><img decoding=\"async\" alt=\"When is the best time for Diving in Antalya\" data-id=\"5552\" width=\"702\" data-init-width=\"1000\" height=\"468\" data-init-height=\"667\" title=\"When is the best time for Diving in Antalya\" loading=\"lazy\" src=\"https:\/\/antalyatouristinformation.com\/de\/wp-content\/uploads\/sites\/10\/2021\/05\/When-is-the-best-time-for-Diving-in-Antalya.jpg\" data-width=\"702\" data-height=\"468\" data-pinpro-key=\"97n7svv01\" data-pin-media=\"https:\/\/antalyatouristinformation.com\/de\/wp-content\/uploads\/sites\/10\/2021\/06\/prag_50_sehenswuerdigkeiten_pinterest-2-3.jpg\" data-pin-description=\"The Guide to Diving in Antalya | Antalya Tourist Information\" data-pin-url=\"https:\/\/antalyatouristinformation.com\/de\/sehenswurdigkeiten\/tauchen\/?tve=true&amp;tcbf=c067599160\" style=\"aspect-ratio: auto 1000 \/ 667\"><\/span><\/p>\n<h2 id=\"t-1625690704550\" data-alt-text=\"Beste Zeit\">Wann ist die beste Zeit zum Tauchen in Antalya?<\/h2>\n<p>Die Tauchbedingungen sind w\u00e4hrend der gesamten Saison von April bis November mit Sichtweiten von bis zu 30 Metern hervorragend. Einige Tauchschulen sind das ganze Jahr \u00fcber ge\u00f6ffnet.&nbsp;<\/p>\n<p><span lang=\"en\"><span data-language-for-alternatives=\"en\" data-language-to-translate-into=\"tr\" data-phrase-index=\"0\"><strong>Klima:<\/strong> Die Hauptsaison in Antalya dauert von April bis Ende Oktober. Temperaturen zwischen 25\u00b0 und 35\u00b0 Grad sind in der Hauptsaison normal. Im Winter k\u00f6nnen Taucher mit Temperaturen zwischen 15\u00b0 bis 25\u00b0 rechnen.&nbsp;<\/span><\/span><\/p>\n<p><span><img decoding=\"async\" alt=\"Diving Trips in Antalya\" data-id=\"5554\" width=\"702\" data-init-width=\"1000\" height=\"468\" data-init-height=\"667\" title=\"Diving Trips in Antalya\" loading=\"lazy\" src=\"https:\/\/antalyatouristinformation.com\/de\/wp-content\/uploads\/sites\/10\/2021\/05\/Diving-Trips-in-Antalya.jpg\" data-width=\"702\" data-height=\"468\" data-pinpro-key=\"mffr07wf2\" data-pin-media=\"https:\/\/antalyatouristinformation.com\/de\/wp-content\/uploads\/sites\/10\/2021\/06\/prag_50_sehenswuerdigkeiten_pinterest-2-3.jpg\" data-pin-description=\"The Guide to Diving in Antalya | Antalya Tourist Information\" data-pin-url=\"https:\/\/antalyatouristinformation.com\/de\/sehenswurdigkeiten\/tauchen\/?tve=true&amp;tcbf=c067599160\" style=\"aspect-ratio: auto 1000 \/ 667\"><\/span><\/p>\n<h2 id=\"t-1619101207314\" data-alt-text=\"FAQ\">FAQ (Frequently Asked Questions)<\/h2>\n<p>Falls ihr die Unterwasserwelt lieber mit etwas Abstand sehen m\u00f6chtet, empfehlen wir euch einen Besuch des <a href=\"https:\/\/antalyatouristinformation.com\/de\/sehenswurdigkeiten\/attraktionen\/antalya-aquarium\/\">Antalya Aquariums<\/a>.<\/p>\n<p>Wir sind gespannt! Lasst uns in den Kommentaren wissen, was euch am Tauchen am besten gef\u00e4llt und wann ihr in der T\u00fcrkei tauchen m\u00f6chtet!<\/p>\n<p>Organisiert weiterhin euren Traumurlaub mit uns. <strong>Plant eure Reise<\/strong> nach Antalya und <strong>bucht euren Aufenthalt<\/strong> dort in einem der von uns ausgew\u00e4hlten Resorts:<\/p>\n","protected":false},"excerpt":{"rendered":"<p>Taucht ihr gerne? Ja? Dann seid ihr in Antalya genau richtig. Die Region Antalya ist dank der vielen sch\u00f6nen Unterwasserpl\u00e4tze der beste Ort zum Tauchen in der T\u00fcrkei. Mit professionellen Teams und der richtigen Ausr\u00fcstung k\u00f6nnt ihr in Antalya einfach und sicher tauchen. Hier findet ihr alle Informationen zum Tauchen in Antalya. Das beinhaltet Tauchpl\u00e4tze, [&hellip;]<\/p>\n","protected":false},"author":6,"featured_media":5544,"parent":113,"menu_order":0,"comment_status":"open","ping_status":"closed","template":"","meta":{"_acf_changed":false,"footnotes":""},"categories":[],"tags":[],"class_list":["post-3652","page","type-page","status-publish","has-post-thumbnail","hentry","post-wrapper","thrv_wrapper"],"acf":[],"wp-worthy-pixel":{"ignored":false,"public":null,"server":null,"url":null},"wp-worthy-type":"normal","_links":{"self":[{"href":"https:\/\/antalyatouristinformation.com\/de\/wp-json\/wp\/v2\/pages\/3652","targetHints":{"allow":["GET"]}}],"collection":[{"href":"https:\/\/antalyatouristinformation.com\/de\/wp-json\/wp\/v2\/pages"}],"about":[{"href":"https:\/\/antalyatouristinformation.com\/de\/wp-json\/wp\/v2\/types\/page"}],"author":[{"embeddable":true,"href":"https:\/\/antalyatouristinformation.com\/de\/wp-json\/wp\/v2\/users\/6"}],"replies":[{"embeddable":true,"href":"https:\/\/antalyatouristinformation.com\/de\/wp-json\/wp\/v2\/comments?post=3652"}],"version-history":[{"count":10,"href":"https:\/\/antalyatouristinformation.com\/de\/wp-json\/wp\/v2\/pages\/3652\/revisions"}],"predecessor-version":[{"id":16603,"href":"https:\/\/antalyatouristinformation.com\/de\/wp-json\/wp\/v2\/pages\/3652\/revisions\/16603"}],"up":[{"embeddable":true,"href":"https:\/\/antalyatouristinformation.com\/de\/wp-json\/wp\/v2\/pages\/113"}],"wp:featuredmedia":[{"embeddable":true,"href":"https:\/\/antalyatouristinformation.com\/de\/wp-json\/wp\/v2\/media\/5544"}],"wp:attachment":[{"href":"https:\/\/antalyatouristinformation.com\/de\/wp-json\/wp\/v2\/media?parent=3652"}],"wp:term":[{"taxonomy":"category","embeddable":true,"href":"https:\/\/antalyatouristinformation.com\/de\/wp-json\/wp\/v2\/categories?post=3652"},{"taxonomy":"post_tag","embeddable":true,"href":"https:\/\/antalyatouristinformation.com\/de\/wp-json\/wp\/v2\/tags?post=3652"}],"curies":[{"name":"wp","href":"https:\/\/api.w.org\/{rel}","templated":true}]}}