{"id":3797,"date":"2021-04-23T09:11:02","date_gmt":"2021-04-23T07:11:02","guid":{"rendered":"http:\/\/antalyatouristinformation.com\/clone4639485xzhehsskdjfhhdhebdkkekdeewsd4545gdfgm\/?page_id=3797"},"modified":"2024-01-18T17:23:46","modified_gmt":"2024-01-18T16:23:46","slug":"uc-adalar","status":"publish","type":"page","link":"https:\/\/antalyatouristinformation.com\/de\/sehenswurdigkeiten\/inseln\/uc-adalar\/","title":{"rendered":"\u00dcc Adalar (Drei Inseln \/ Three Islands) in Kemer: Anfahrt, Bootstouren und Tipps"},"content":{"rendered":"<p>Hier ist unser kompletter Guide zu \u00dc\u00e7 Adalar (Drei Inseln \/ Three Islands).<\/p>\n<p>\u00dc\u00e7 Adalar ist ein sehr ber\u00fchmtes Tauchgebiet in der N\u00e4he der Stadt Kemer in Antalya.<\/p>\n<p>Lest hier die wichtigsten Infos \u00fcber die Inselgruppe, hilfreiche Ausk\u00fcnfte zur Anreise und Bootstouren sowie h\u00e4ufige Fragen.<\/p>\n<p>Beginnen wir mit dem, was ihr auf &nbsp;\u00dc\u00e7 Adalar machen k\u00f6nnt!<\/p>\n<p><span><img decoding=\"async\" alt=\"What can I do at \u00dc\u00e7 Adalar in Antalya\" data-id=\"8731\" width=\"680\" data-init-width=\"1000\" height=\"454\" data-init-height=\"667\" title=\"What can I do at \u00dc\u00e7 Adalar in Antalya\" loading=\"lazy\" src=\"https:\/\/antalyatouristinformation.com\/de\/wp-content\/uploads\/sites\/10\/2021\/05\/What-can-I-do-at-Uc-Adalar-in-Antalya.jpg\" data-width=\"680\" data-height=\"454\" data-pin-media=\"https:\/\/antalyatouristinformation.com\/de\/wp-content\/uploads\/sites\/10\/2021\/06\/prag_50_sehenswuerdigkeiten_pinterest-16-2.jpg\" data-pin-description=\"U\u00e7 Adalar (Three Islands) in Kemer | Antalya Tourist Information\" data-pin-url=\"https:\/\/antalyatouristinformation.com\/de\/things-to-do\/islands\/uc-adalar\/?tve=true&amp;tcbf=cd7dd7a6c4\"><\/span><\/p>\n<ul>\n<li><a rel=\"noreferrer noopener nofollow\" href=\"https:\/\/pinterest.com\/pin\/create\/button\/?url=https:\/\/antalyatouristinformation.com\/de\/sehenswurdigkeiten\/inseln\/uc-adalar\/?tve=true&amp;tcbf=1301fb8293&amp;is_video=false&amp;media=https:\/\/antalyatouristinformation.com\/de\/wp-content\/uploads\/sites\/10\/2021\/06\/prag_50_sehenswuerdigkeiten_pinterest-16-2.jpg&amp;description=%C3%9C%C3%A7%20Adalar%20(Drei%20Inseln%20%2F%20Three%20Islands)%20%7C%20Antalya%20Tourist%20Information\" target=\"_blank\"><span><\/span><span>Pin<\/span><\/a><\/li>\n<\/ul>\n<h2 id=\"t-1625648814866\" data-alt-text=\"Was kann ich machen?\">Was kann ich auf \u00dc\u00e7 Adalar (Drei Inseln \/ Three Islands) machen?<\/h2>\n<p>Der Name \u00dc\u00e7 Adalar bezeichnet die drei Inseln westlich von Antalya, die sich in Wirklichkeit aus den vier Inseln Mart\u0131, Ma\u011fara, Piknik und K\u00fc\u00e7\u00fckada zusammensetzen.<\/p>\n<p>Der einzigartige Ort ist reich an Meereslebewesen und kristallklarem Wasser. Aus diesem Grund befindet sich hier auch ein weltber\u00fchmtes Tauchzentrum, das Menschen aus aller Welt besuchen, die den Reichtum unter Wasser erforschen wollen.<\/p>\n<p>In den Resorts und Hotels von Tekirova gibt es Tauchzentren, die Kurse f\u00fcr Hobbytaucher anbieten. Ihr erreicht die Tauchpl\u00e4tze in \u00dc\u00e7 Adalar nach einer maximal 30-min\u00fctigen Bootsfahrt.<\/p>\n<p>\u00dc\u00e7 Adalar ist ein gewaltiges Tauchgebiet mit neun Riffen und zwei Unterwasserh\u00f6hlen. Die Oberfl\u00e4chen der Unterwasser-Riffe bestehen aus Felsformationen, die von vielf\u00e4ltigen Meerespflanzen \u00fcbers\u00e4t sind.<\/p>\n<p>An den Oberfl\u00e4chen der W\u00e4nde findet ihr Hohlr\u00e4ume unterschiedlicher Gr\u00f6\u00dfen. Eines der gr\u00f6\u00dften Riffe ist das Canyon Reef. Es ist nach zwei Steilw\u00e4nden benannt, die wie eine Schlucht aussehen.<\/p>\n<p>Vor Ort findet ihr unterschiedliche Tauchspots. Beispiele sind ein Flugzeugwrack der C-47 Dakota, das Bootswrack der K\u00fcstenwache, eine H\u00f6hle, ein Anker, eine Pyramide und ein nat\u00fcrliches Unterwasser-Riff.<\/p>\n<p>Die drei Inseln sind vor allem bei erfahrenen Tauchern beliebt. Ihr k\u00f6nnt hier bis zu 30 bis 35 Meter tief tauchen.<\/p>\n<p>Ein weiteres Highlight sind die Meeresschildkr\u00f6ten, die man h\u00e4ufig in der Gegend zu sehen bekommt. Weitere Meeresbewohner, die ihr hier entdecken k\u00f6nnt, sind Seeteufel, Zackenbarsche, Trompetenfische, kleine und normal gro\u00dfe Mittelmeer-Mur\u00e4nen, Barrakudas, Thrakus-Kraken (beim Nachttauchen), Breitfu\u00dfschnecken (beim Nachttauchen), Tintenfische (im Schwarm) und selten auch Mittelmeer-M\u00f6nchsrobben &#8230;<\/p>\n<p><span><img decoding=\"async\" alt=\"Three Islands in Antalya iin Turkey\" data-id=\"8732\" width=\"680\" data-init-width=\"1000\" height=\"454\" data-init-height=\"667\" title=\"Three Islands in Antalya iin Turkey\" loading=\"lazy\" src=\"https:\/\/antalyatouristinformation.com\/de\/wp-content\/uploads\/sites\/10\/2021\/05\/Entrance-Tickets-and-Tours.jpg\" data-width=\"680\" data-height=\"454\" data-pin-media=\"https:\/\/antalyatouristinformation.com\/de\/wp-content\/uploads\/sites\/10\/2021\/06\/prag_50_sehenswuerdigkeiten_pinterest-16-2.jpg\" data-pin-description=\"U\u00e7 Adalar (Three Islands) in Kemer | Antalya Tourist Information\" data-pin-url=\"https:\/\/antalyatouristinformation.com\/de\/things-to-do\/islands\/uc-adalar\/?tve=true&amp;tcbf=cd7dd7a6c4\"><\/span><\/p>\n<ul>\n<li><a rel=\"noreferrer noopener nofollow\" href=\"https:\/\/pinterest.com\/pin\/create\/button\/?url=https:\/\/antalyatouristinformation.com\/de\/sehenswurdigkeiten\/inseln\/uc-adalar\/?tve=true&amp;tcbf=1301fb8293&amp;is_video=false&amp;media=https:\/\/antalyatouristinformation.com\/de\/wp-content\/uploads\/sites\/10\/2021\/06\/prag_50_sehenswuerdigkeiten_pinterest-16-2.jpg&amp;description=%C3%9C%C3%A7%20Adalar%20(Drei%20Inseln%20%2F%20Three%20Islands)%20%7C%20Antalya%20Tourist%20Information\" target=\"_blank\"><span><\/span><span>Pin<\/span><\/a><\/li>\n<\/ul>\n<h2 id=\"t-1625648814867\" data-alt-text=\"Eintritt, Tickets &amp; F\u00fchrungen\">Eintritt, Tickets und F\u00fchrungen<\/h2>\n<ul>\n<li><span><strong>Tickets:<\/strong> Ihr k\u00f6nnt euren Ausflug nach \u00dc\u00e7 Adalar online in unserem <a href=\"http:\/\/antalyatouristinformation.com\/de\/tickets\">Antalya Ticketshop<\/a> buchen.<\/span><\/li>\n<li><span><strong>Touren:&nbsp;<\/strong>Tauchausfl\u00fcge, die nach \u00dc\u00e7 Adalar aufbrechen, starten in Kemer.<\/span><\/li>\n<\/ul>\n<ul>\n<li><span><strong>Tipp:<\/strong> Falls ihr Tickets f\u00fcr Vergn\u00fcgungsparks, Museen und Touren f\u00fcr eure Antalya-Reise vorab buchen m\u00f6chtet, solltet ihr unbedingt einen Blick auf die Angebote in unserem offiziellen Shop werfen:<\/span><\/li>\n<\/ul>\n<p><span><img decoding=\"async\" alt=\"How to get to Uc Adalar in Antalya\" data-id=\"8734\" width=\"680\" data-init-width=\"1000\" height=\"454\" data-init-height=\"667\" title=\"How to get to Uc Adalar in Antalya\" loading=\"lazy\" src=\"https:\/\/antalyatouristinformation.com\/de\/wp-content\/uploads\/sites\/10\/2021\/05\/How-to-get-to-Uc-Adalar-in-Antalya.jpg\" data-width=\"680\" data-height=\"454\" data-pin-media=\"https:\/\/antalyatouristinformation.com\/de\/wp-content\/uploads\/sites\/10\/2021\/06\/prag_50_sehenswuerdigkeiten_pinterest-16-2.jpg\" data-pin-description=\"U\u00e7 Adalar (Three Islands) in Kemer | Antalya Tourist Information\" data-pin-url=\"https:\/\/antalyatouristinformation.com\/de\/things-to-do\/islands\/uc-adalar\/?tve=true&amp;tcbf=cd7dd7a6c4\"><\/span><\/p>\n<ul>\n<li><a rel=\"noreferrer noopener nofollow\" href=\"https:\/\/pinterest.com\/pin\/create\/button\/?url=https:\/\/antalyatouristinformation.com\/de\/sehenswurdigkeiten\/inseln\/uc-adalar\/?tve=true&amp;tcbf=1301fb8293&amp;is_video=false&amp;media=https:\/\/antalyatouristinformation.com\/de\/wp-content\/uploads\/sites\/10\/2021\/06\/prag_50_sehenswuerdigkeiten_pinterest-16-2.jpg&amp;description=%C3%9C%C3%A7%20Adalar%20(Drei%20Inseln%20%2F%20Three%20Islands)%20%7C%20Antalya%20Tourist%20Information\" target=\"_blank\"><span><\/span><span>Pin<\/span><\/a><\/li>\n<\/ul>\n<h2 id=\"t-1625648814868\" data-alt-text=\"Wie erreiche ich \u00dc\u00e7 Adalar?\">Wie erreiche ich \u00dc\u00e7 Adalar (Drei Inseln \/ Three Islands)?<\/h2>\n<p><b>Mit dem Boot<\/b>: Von Kemer aus k\u00f6nnt ihr mit Bootstouren \u00fcber Nacht oder Tagesausfl\u00fcgen nach \u00dc\u00e7 Adalar gelangen. Au\u00dferdem gibt es Kreuzfahrten, die von Tekirova ablegen.<\/p>\n<p><span><img decoding=\"async\" alt=\"\u00dc\u00e7 Adalar in Antalya in Turkey\" data-id=\"8735\" width=\"680\" data-init-width=\"1000\" height=\"454\" data-init-height=\"667\" title=\"\u00dc\u00e7 Adalar in Antalya in Turkey\" loading=\"lazy\" src=\"https:\/\/antalyatouristinformation.com\/de\/wp-content\/uploads\/sites\/10\/2021\/05\/More-Information.jpg\" data-width=\"680\" data-height=\"454\" data-pin-media=\"https:\/\/antalyatouristinformation.com\/de\/wp-content\/uploads\/sites\/10\/2021\/06\/prag_50_sehenswuerdigkeiten_pinterest-16-2.jpg\" data-pin-description=\"U\u00e7 Adalar (Three Islands) in Kemer | Antalya Tourist Information\" data-pin-url=\"https:\/\/antalyatouristinformation.com\/de\/things-to-do\/islands\/uc-adalar\/?tve=true&amp;tcbf=cd7dd7a6c4\"><\/span><\/p>\n<ul>\n<li><a rel=\"noreferrer noopener nofollow\" href=\"https:\/\/pinterest.com\/pin\/create\/button\/?url=https:\/\/antalyatouristinformation.com\/de\/sehenswurdigkeiten\/inseln\/uc-adalar\/?tve=true&amp;tcbf=1301fb8293&amp;is_video=false&amp;media=https:\/\/antalyatouristinformation.com\/de\/wp-content\/uploads\/sites\/10\/2021\/06\/prag_50_sehenswuerdigkeiten_pinterest-16-2.jpg&amp;description=%C3%9C%C3%A7%20Adalar%20(Drei%20Inseln%20%2F%20Three%20Islands)%20%7C%20Antalya%20Tourist%20Information\" target=\"_blank\"><span><\/span><span>Pin<\/span><\/a><\/li>\n<\/ul>\n<h2 id=\"t-1621495669770\" data-alt-text=\"FAQ\">FAQ (H\u00e4ufige Fragen)<\/h2>\n<h2 id=\"t-1621495669771\">Mehr Informationen<\/h2>\n<p>Die &#8222;Tekirova Underwater Association&#8220; wurde in der Stadt Tekirova im Bezirk Kemer gegr\u00fcndet. Der Verband stellt die Tauchindustrie in der Region dar.<\/p>\n<p>\u00dc\u00e7 Adalar ist das bekannteste Tauchgebiet in Kemer. Es beherbergt neun Riffe und zwei Unterwasserh\u00f6hlen und ist eines der gr\u00f6\u00dften Tauchzentren in Antalya.<\/p>\n<h2 id=\"t-1621495669772\" data-alt-text=\"Kontakt\">Kontakt:<\/h2>\n<ul>\n<li><span><strong>Adresse:&nbsp;<\/strong>Kemer- ANTALYA<\/span><\/li>\n<\/ul>\n<p>Falls ihr euch f\u00fcr die Inseln in der Region Antalya interessiert, dann schaut euch auch unsere Liste der <a href=\"https:\/\/antalyatouristinformation.com\/de\/sehenswurdigkeiten\/inseln\/\">8 besten Inseln in Antalya<\/a> an.<\/p>\n<p><b>Weitere Inseln in der Region Antalya:<\/b><\/p>\n<ul>\n<li><a href=\"https:\/\/antalyatouristinformation.com\/de\/sehenswurdigkeiten\/inseln\/dolphin\/\"><span style=\"font-weight: normal\"><b>Dolphin Island in Antalya<\/b><\/span><\/a><\/li>\n<li><a href=\"https:\/\/antalyatouristinformation.com\/de\/sehenswurdigkeiten\/inseln\/kekova\/\"><span style=\"font-weight: normal\"><b>Die Insel Kekova in Demre<\/b><\/span><\/a><\/li>\n<li><b><a href=\"https:\/\/antalyatouristinformation.com\/de\/sehenswurdigkeiten\/inseln\/kastellorizo\/\">Die Insel Kastellorizo (Meis) in Ka\u015f<\/a><\/b><\/li>\n<li><span style=\"font-weight: normal\"><a href=\"https:\/\/antalyatouristinformation.com\/de\/sehenswurdigkeiten\/inseln\/suluada\/\"><b>Die Insel Sulada in Antalya<\/b><\/a><\/span><\/li>\n<\/ul>\n","protected":false},"excerpt":{"rendered":"<p>Hier ist unser kompletter Guide zu \u00dc\u00e7 Adalar (Drei Inseln \/ Three Islands). \u00dc\u00e7 Adalar ist ein sehr ber\u00fchmtes Tauchgebiet in der N\u00e4he der Stadt Kemer in Antalya. Lest hier die wichtigsten Infos \u00fcber die Inselgruppe, hilfreiche Ausk\u00fcnfte zur Anreise und Bootstouren sowie h\u00e4ufige Fragen. Beginnen wir mit dem, was ihr auf &nbsp;\u00dc\u00e7 Adalar machen [&hellip;]<\/p>\n","protected":false},"author":5,"featured_media":8727,"parent":3347,"menu_order":0,"comment_status":"open","ping_status":"closed","template":"","meta":{"_acf_changed":false,"footnotes":""},"categories":[],"tags":[44],"class_list":["post-3797","page","type-page","status-publish","has-post-thumbnail","hentry","tag-island","post-wrapper","thrv_wrapper"],"acf":[],"wp-worthy-pixel":{"ignored":false,"public":"04796e7fb3a34152a9535d04399a5217","server":"vg01.met.vgwort.de","url":"https:\/\/vg01.met.vgwort.de\/na\/04796e7fb3a34152a9535d04399a5217"},"wp-worthy-type":"normal","_links":{"self":[{"href":"https:\/\/antalyatouristinformation.com\/de\/wp-json\/wp\/v2\/pages\/3797","targetHints":{"allow":["GET"]}}],"collection":[{"href":"https:\/\/antalyatouristinformation.com\/de\/wp-json\/wp\/v2\/pages"}],"about":[{"href":"https:\/\/antalyatouristinformation.com\/de\/wp-json\/wp\/v2\/types\/page"}],"author":[{"embeddable":true,"href":"https:\/\/antalyatouristinformation.com\/de\/wp-json\/wp\/v2\/users\/5"}],"replies":[{"embeddable":true,"href":"https:\/\/antalyatouristinformation.com\/de\/wp-json\/wp\/v2\/comments?post=3797"}],"version-history":[{"count":10,"href":"https:\/\/antalyatouristinformation.com\/de\/wp-json\/wp\/v2\/pages\/3797\/revisions"}],"predecessor-version":[{"id":14899,"href":"https:\/\/antalyatouristinformation.com\/de\/wp-json\/wp\/v2\/pages\/3797\/revisions\/14899"}],"up":[{"embeddable":true,"href":"https:\/\/antalyatouristinformation.com\/de\/wp-json\/wp\/v2\/pages\/3347"}],"wp:featuredmedia":[{"embeddable":true,"href":"https:\/\/antalyatouristinformation.com\/de\/wp-json\/wp\/v2\/media\/8727"}],"wp:attachment":[{"href":"https:\/\/antalyatouristinformation.com\/de\/wp-json\/wp\/v2\/media?parent=3797"}],"wp:term":[{"taxonomy":"category","embeddable":true,"href":"https:\/\/antalyatouristinformation.com\/de\/wp-json\/wp\/v2\/categories?post=3797"},{"taxonomy":"post_tag","embeddable":true,"href":"https:\/\/antalyatouristinformation.com\/de\/wp-json\/wp\/v2\/tags?post=3797"}],"curies":[{"name":"wp","href":"https:\/\/api.w.org\/{rel}","templated":true}]}}