{"id":3800,"date":"2021-04-23T09:11:40","date_gmt":"2021-04-23T07:11:40","guid":{"rendered":"http:\/\/antalyatouristinformation.com\/clone4639485xzhehsskdjfhhdhebdkkekdeewsd4545gdfgm\/things-to-do\/islands\/clone-of-uc-adalar\/"},"modified":"2024-08-24T14:15:05","modified_gmt":"2024-08-24T12:15:05","slug":"suluada","status":"publish","type":"page","link":"https:\/\/antalyatouristinformation.com\/de\/sehenswurdigkeiten\/inseln\/suluada\/","title":{"rendered":"Suluada: Kompletter Guide zur Insel in Antalya"},"content":{"rendered":"<p>Hier ist unser kompletter Guide zur Insel Suluada in Antalya.<\/p>\n<p>Suluada ist mit seinem kristallklaren Sand und dem t\u00fcrkisfarbenen Wasser einer der besten Orte zum Schwimmen in Antalya.<\/p>\n<p>Erfahrt hier <strong>wichtige Infos und Reisetipps<\/strong> zu eurem Besuch der Insel, darunter die <strong>Anreise<\/strong>, h\u00e4ufig<strong>e Fragen, <\/strong><a href=\"#tve-jump-191844df482\"><strong>Bootstouren<\/strong><\/a><strong>&nbsp;<\/strong>und die <strong>Geschichte<\/strong> von Suluada.<\/p>\n<p>Beginnen wir damit, was ihr auf der Insel Suluada machen k\u00f6nnt!<\/p>\n<p><span><img decoding=\"async\" alt=\"Guide to Suluada Island in Antalya\" data-id=\"8683\" width=\"702\" data-init-width=\"1200\" height=\"369\" data-init-height=\"630\" title=\"Guide to Suluada Island in Antalya\" loading=\"lazy\" src=\"https:\/\/antalyatouristinformation.com\/de\/wp-content\/uploads\/sites\/10\/2021\/05\/Guide-to-Suluada-Island-in-Antalya.jpg\" data-width=\"702\" data-height=\"369\" data-pin-media=\"https:\/\/antalyatouristinformation.com\/de\/wp-content\/uploads\/sites\/10\/2021\/06\/prag_50_sehenswuerdigkeiten_pinterest-10-3.jpg\" data-pin-description=\"Guide to Suluada Island in Antalya | Antalya Tourist Information\" data-pin-url=\"https:\/\/antalyatouristinformation.com\/de\/things-to-do\/islands\/suluada\/?tve=true&amp;tcbf=8e0d06c5ec\" data-pinpro-key=\"jopws9j5f\" style=\"aspect-ratio: auto 1200 \/ 630\"><\/span><\/p>\n<h2 id=\"t-1625655121501\" data-alt-text=\"Was kann ich machen?\">Was kann ich auf Suluada machen?<\/h2>\n<p>Der Name Suluada ist ein zusammengesetztes Wort und bedeutet <strong>&#8222;w\u00e4ssrige Insel&#8220;.<\/strong> Der Name bezieht sich auf die S\u00fc\u00dfwasserquellen auf der Insel. Suluada liegt 2 km vom Festland entfernt und hat eine Gesamtl\u00e4nge von rund 1.200 Metern.<\/p>\n<p>Falls ihr an einem<strong> Bootsausflug teilnehmt<\/strong>, ist der erste Halt in der Regel Suluada &#8211; eine einzigartige Perle unweit von Adrasan. Wegen des klaren, t\u00fcrkisfarbenen Wassers und des wei\u00dfen Sandes nennt man sie auch die &#8222;Malediven der Region&#8220;. Sofern euer Boot direkt nach Suluada f\u00e4hrt, dauert die Fahrt etwa 40 Minuten.<\/p>\n<p>Das Wasser erh\u00e4lt seine Farbe und Klarheit durch Mikroorganismen, die Foraminiferen genannt werden. Die Bootstour geht weiter in Richtung der Bucht von Adrasan und C\u0131ral\u0131. Unterwegs legt ihr mehrere Badepausen ein und genie\u00dft ein Mittagessen.<\/p>\n<p>Auf Suluada findet ihr <strong>zwei Badestr\u00e4nde<\/strong>. An beiden Str\u00e4nden gibt es haupts\u00e4chlich wei\u00dfe Kieselsteine mit einem Anteil an kleinen schwarzen Kieselsteinen. Der Strand im Westen ist gr\u00f6\u00dfer, hat aber mehr Wellen. Wir empfehlen euch daher den Strand auf dem Festland (Norden), da die Wellen hier weniger stark sind.<\/p>\n<p>Bringt auf jeden Fall eine Tauchermaske mit! Suluada hat eine <strong>reiche Unterwasserwelt<\/strong> mit einem nat\u00fcrlichen Riff und vielen Meeresbewohnern. Nach Meinung von Experten sollte Suluada so schnell wie m\u00f6glich zu einem Naturschutzgebiet erkl\u00e4rt werden. Mit etwas Gl\u00fcck k\u00f6nnt ihr auch Delfine und Mittelmeer-M\u00f6nchsrobben sehen, zwei der h\u00e4ufigsten Besucher der Insel.<\/p>\n<ul>\n<li><span>Suluada ist weder an das Wasser- noch an das Stromnetz angeschlossen. Aus dem Grund gibt es auf der Insel keine Hotels oder Pensionen. Die n\u00e4chstgelegenen Unterk\u00fcnfte in der N\u00e4he von Suluada sind die Boutique-Hotels, Bungalows und Baumh\u00e4user in Adrasan oder Olympos.<\/span><\/li>\n<li><span>Werft einen Blick auf unsere Auswahl an <a href=\"https:\/\/antalyatouristinformation.com\/de\/hotel\/\">Hotels in Antalya <\/a>und findet die beste Unterkunft in der Region Antalya.<\/span><\/li>\n<\/ul>\n<p><span><img decoding=\"async\" alt=\"Suluada in Antalya in Turkey 3\" data-id=\"7645\" width=\"702\" data-init-width=\"1000\" height=\"470\" data-init-height=\"670\" title=\"Suluada in Antalya in Turkey 3\" loading=\"lazy\" src=\"https:\/\/antalyatouristinformation.com\/de\/wp-content\/uploads\/sites\/10\/2021\/05\/Suluada-in-Antalya-in-Turkey-3.jpg\" data-width=\"702\" data-height=\"470\" style=\"aspect-ratio: auto 1000 \/ 670\" data-pin-media=\"https:\/\/antalyatouristinformation.com\/de\/wp-content\/uploads\/sites\/10\/2021\/06\/prag_50_sehenswuerdigkeiten_pinterest-10-3.jpg\" data-pin-description=\"Guide to Suluada Island in Antalya | Antalya Tourist Information\" data-pin-url=\"https:\/\/antalyatouristinformation.com\/de\/things-to-do\/islands\/suluada\/?tve=true&amp;tcbf=4eadaab458\"><\/p>\n<ul>\n<li><a rel=\"nofollow noopener\" href=\"https:\/\/pinterest.com\/pin\/create\/button\/?url=https:\/\/antalyatouristinformation.com\/de\/sehenswurdigkeiten\/inseln\/suluada\/?tve=true&amp;tcbf=1301fb8293&amp;is_video=false&amp;media=https:\/\/antalyatouristinformation.com\/de\/wp-content\/uploads\/sites\/10\/2021\/06\/prag_50_sehenswuerdigkeiten_pinterest-10-3.jpg&amp;description=Guide%20zur%20Insel%20Suluada%20in%20Antalya%20%7C%20Antalya%20Tourist%20Information\" target=\"_blank\"><span><\/span><span>Pin<\/span><\/a><\/li>\n<\/ul>\n<p><\/span><\/p>\n<h2 id=\"t-1625655121502\" data-alt-text=\"Eintritt, Tickets &amp; F\u00fchrungen\">Eintritt, Tickets und Bootstouren nach Suluada<\/h2>\n<ul>\n<li><span><strong>Touren:&nbsp;<\/strong>Falls ihr eine Bootstour nach Suluada machen m\u00f6chtet, empfehlen wir, dass ihr im Voraus reserviert. Vergewissert euch bei eurer Reservierung, dass die Tour einen Stopp in Suluada einlegt. Es gibt n\u00e4mlich <strong>zwei Arten von Bootstouren ab Adrasan.<\/strong><\/span><\/li>\n<li><span>Zur ersten geh\u00f6ren nur die Buchten von Adrasan. Suluada wird dabei nicht angesteuert.<\/span><\/li>\n<li><span>Bei der zweiten Art segelt ihr sowohl zu den Buchten von Adrasan als auch nach Suluada. <a href=\"https:\/\/megapass.com\/turkey\/antalya\/suluada-island-boat-tour?discountCode=ma-places\" target=\"_blank\" rel=\"nofollow noopener\" data-lt-tmp-id=\"lt-78901\">Hier geht es zur beliebtesten Suluada Bootstour<\/a>.<\/span><\/li>\n<\/ul>\n<ul>\n<li><span><strong>Tipp:<\/strong> Falls ihr Tickets f\u00fcr Vergn\u00fcgungsparks, Museen und Touren f\u00fcr eure Antalya-Reise vorab buchen m\u00f6chtet, solltet ihr unbedingt einen Blick auf die Angebote in unserem offiziellen Shop werfen.<\/span><\/li>\n<\/ul>\n<p><span><img decoding=\"async\" alt=\"How to get to Suluada in Antalya in Turkey\" data-id=\"8685\" width=\"702\" data-init-width=\"1000\" height=\"470\" data-init-height=\"667\" title=\"How to get to Suluada in Antalya in Turkey\" loading=\"lazy\" src=\"https:\/\/antalyatouristinformation.com\/de\/wp-content\/uploads\/sites\/10\/2021\/05\/How-to-get-to-Suluada-in-Antalya-in-Turkey.jpg\" data-width=\"702\" data-height=\"470\" style=\"aspect-ratio: auto 1000 \/ 667\" data-pin-media=\"https:\/\/antalyatouristinformation.com\/de\/wp-content\/uploads\/sites\/10\/2021\/06\/prag_50_sehenswuerdigkeiten_pinterest-10-3.jpg\" data-pin-description=\"Guide to Suluada Island in Antalya | Antalya Tourist Information\" data-pin-url=\"https:\/\/antalyatouristinformation.com\/de\/things-to-do\/islands\/suluada\/?tve=true&amp;tcbf=4eadaab458\"><\/p>\n<ul>\n<li><a rel=\"nofollow noopener\" href=\"https:\/\/pinterest.com\/pin\/create\/button\/?url=https:\/\/antalyatouristinformation.com\/de\/sehenswurdigkeiten\/inseln\/suluada\/?tve=true&amp;tcbf=1301fb8293&amp;is_video=false&amp;media=https:\/\/antalyatouristinformation.com\/de\/wp-content\/uploads\/sites\/10\/2021\/06\/prag_50_sehenswuerdigkeiten_pinterest-10-3.jpg&amp;description=Guide%20zur%20Insel%20Suluada%20in%20Antalya%20%7C%20Antalya%20Tourist%20Information\" target=\"_blank\"><span><\/span><span>Pin<\/span><\/a><\/li>\n<\/ul>\n<p><\/span><\/p>\n<h2 id=\"t-1625655121503\" data-alt-text=\"Wie komme ich auf die Insel?\">Wie komme ich auf die Insel Suluada?<\/h2>\n<p>Suluada befindet sich am westlichsten Ende des Golfs von Antalya, etwa 7 Kilometer vom Kap von Gelidonya entfernt.<\/p>\n<p>Um Suluada zu erreichen, m\u00fcsst ihr zuerst nach Adrasan fahren, das etwa 95 km vom Zentrum Antalyas entfernt ist. Mit dem Auto braucht ihr f\u00fcr die Fahrt etwa 1,5 Stunden. Falls ihr lieber mit \u00f6ffentlichen Verkehrsmitteln anreist, k\u00f6nnt ihr vom Busbahnhof von Antalya in einen Bus nach Adrasan einsteigen.<\/p>\n<p><b>Bootstouren:<\/b> Ihr k\u00f6nnt eine der t\u00e4glich <a href=\"https:\/\/megapass.com\/turkey\/antalya\/suluada-island-boat-tour?discountCode=ma-places\" target=\"_blank\" rel=\"nofollow noopener\">angebotenen Bootstouren buchen,<\/a> die die sch\u00f6nen Buchten und Inseln rund um Adrasan ansteuern. Dazu geh\u00f6ren Suluada, die Insel Adrasan und C\u0131ral\u0131. In der Regel dauert der Bootsausflug etwa 7 Stunden.<\/p>\n<p><b>Fischerboote:<\/b> Alternativ k\u00f6nnt ihr in Adrasan f\u00fcr einen Tag ein Fischerboot mieten. Die Option eignet sich f\u00fcr gro\u00dfe Familien und Gruppen. So k\u00f6nnt ihr unter euch bleiben und gemeinsam ein Abenteuer erleben.<\/p>\n<p><b>Private Yacht:<\/b> Eine exklusive Art, Suluada zu erkunden, ist das Chartern einer Privatyacht. &nbsp;Falls ihr daran interessiert seid, k\u00f6nnt ihr euch an die Yachtvermietungen in Adrasan wenden.<\/p>\n<h2 id=\"t-1622040858178\" data-alt-text=\"FAQ \">FAQ (H\u00e4ufige Fragen) \u00fcber Suluada<\/h2>\n<p><span><img decoding=\"async\" alt=\"Suluada in Antalya in Turkey 4\" data-id=\"7646\" width=\"702\" data-init-width=\"1000\" height=\"470\" data-init-height=\"670\" title=\"Suluada in Antalya in Turkey 4\" loading=\"lazy\" src=\"https:\/\/antalyatouristinformation.com\/de\/wp-content\/uploads\/sites\/10\/2021\/05\/Suluada-in-Antalya-in-Turkey-4.jpg\" data-width=\"702\" data-height=\"470\" style=\"aspect-ratio: auto 1000 \/ 670\" data-pin-media=\"https:\/\/antalyatouristinformation.com\/de\/wp-content\/uploads\/sites\/10\/2021\/06\/prag_50_sehenswuerdigkeiten_pinterest-10-3.jpg\" data-pin-description=\"Guide to Suluada Island in Antalya | Antalya Tourist Information\" data-pin-url=\"https:\/\/antalyatouristinformation.com\/de\/things-to-do\/islands\/suluada\/?tve=true&amp;tcbf=4eadaab458\"><\/p>\n<ul>\n<li><a rel=\"nofollow noopener\" href=\"https:\/\/pinterest.com\/pin\/create\/button\/?url=https:\/\/antalyatouristinformation.com\/de\/sehenswurdigkeiten\/inseln\/suluada\/?tve=true&amp;tcbf=1301fb8293&amp;is_video=false&amp;media=https:\/\/antalyatouristinformation.com\/de\/wp-content\/uploads\/sites\/10\/2021\/06\/prag_50_sehenswuerdigkeiten_pinterest-10-3.jpg&amp;description=Guide%20zur%20Insel%20Suluada%20in%20Antalya%20%7C%20Antalya%20Tourist%20Information\" target=\"_blank\"><span><\/span><span>Pin<\/span><\/a><\/li>\n<\/ul>\n<p><\/span><\/p>\n<h2 id=\"t-1625655121504\" data-alt-text=\"Geschichte\">Geschichte von Suluada<\/h2>\n<p>In der Antike wurde Suluada &#8222;Krambusa&#8220; genannt. Die Insel war im Laufe der Geschichte eine wichtige Anlaufstelle f\u00fcr die Wasserversorgung von Seefahrern.<\/p>\n<p>Seit jeher glaubte man, dass das frische Wasser, das von der Insel kommt, eine heilende Wirkung hat. Daher wird empfohlen, das Wasser hier zu trinken. Angeblich soll es besonders gegen Nierensteine helfen.<\/p>\n<p>Heute kommen Hunderte von Besuchern, die neugierig auf den Sand, das t\u00fcrkisfarbene Meer und die H\u00f6hlen der Insel sind, nach Suluada.<\/p>\n<h2 id=\"t-1622040858180\" data-alt-text=\"Kontakt &amp; Karte\">Kontakt<\/h2>\n<ul>\n<li><span><strong>Adresse:&nbsp;<\/strong>Suluada \/ Kumluca &#8211; ANTALYA<\/span><\/li>\n<li><span><strong><b>\u00d6ffentlicher Verkehr:<\/b> <\/strong>Boote<\/span><\/li>\n<\/ul>\n<p>Weitere Inseln in Antalya:<\/p>\n<ul>\n<li><a href=\"https:\/\/antalyatouristinformation.com\/de\/sehenswurdigkeiten\/inseln\/kekova\/\">Die Insel Kekova in Demre<\/a><\/li>\n<li><a href=\"https:\/\/antalyatouristinformation.com\/de\/sehenswurdigkeiten\/inseln\/dolphin\/\">Dolphin Island in Antalya<\/a><\/li>\n<li><a href=\"https:\/\/antalyatouristinformation.com\/de\/sehenswurdigkeiten\/inseln\/kastellorizo\/\">Die griechische Insel Kastellorizo (Meis) vor Ka\u015f<\/a><\/li>\n<li><a href=\"https:\/\/antalyatouristinformation.com\/de\/sehenswurdigkeiten\/inseln\/\">Schaut euch die 8 sch\u00f6nsten Inseln in Antalya an<\/a><\/li>\n<\/ul>\n","protected":false},"excerpt":{"rendered":"<p>Hier ist unser kompletter Guide zur Insel Suluada in Antalya. Suluada ist mit seinem kristallklaren Sand und dem t\u00fcrkisfarbenen Wasser einer der besten Orte zum Schwimmen in Antalya. Erfahrt hier wichtige Infos und Reisetipps zu eurem Besuch der Insel, darunter die Anreise, h\u00e4ufige Fragen, Bootstouren&nbsp;und die Geschichte von Suluada. Beginnen wir damit, was ihr auf [&hellip;]<\/p>\n","protected":false},"author":5,"featured_media":10664,"parent":3347,"menu_order":0,"comment_status":"open","ping_status":"closed","template":"","meta":{"_acf_changed":false,"footnotes":""},"categories":[],"tags":[44],"class_list":["post-3800","page","type-page","status-publish","has-post-thumbnail","hentry","tag-island","post-wrapper","thrv_wrapper"],"acf":[],"wp-worthy-pixel":{"ignored":false,"public":"79d04d9fc61e49afa26d92e7f1dc6410","server":"vg01.met.vgwort.de","url":"https:\/\/vg01.met.vgwort.de\/na\/79d04d9fc61e49afa26d92e7f1dc6410"},"wp-worthy-type":"normal","_links":{"self":[{"href":"https:\/\/antalyatouristinformation.com\/de\/wp-json\/wp\/v2\/pages\/3800","targetHints":{"allow":["GET"]}}],"collection":[{"href":"https:\/\/antalyatouristinformation.com\/de\/wp-json\/wp\/v2\/pages"}],"about":[{"href":"https:\/\/antalyatouristinformation.com\/de\/wp-json\/wp\/v2\/types\/page"}],"author":[{"embeddable":true,"href":"https:\/\/antalyatouristinformation.com\/de\/wp-json\/wp\/v2\/users\/5"}],"replies":[{"embeddable":true,"href":"https:\/\/antalyatouristinformation.com\/de\/wp-json\/wp\/v2\/comments?post=3800"}],"version-history":[{"count":10,"href":"https:\/\/antalyatouristinformation.com\/de\/wp-json\/wp\/v2\/pages\/3800\/revisions"}],"predecessor-version":[{"id":16390,"href":"https:\/\/antalyatouristinformation.com\/de\/wp-json\/wp\/v2\/pages\/3800\/revisions\/16390"}],"up":[{"embeddable":true,"href":"https:\/\/antalyatouristinformation.com\/de\/wp-json\/wp\/v2\/pages\/3347"}],"wp:featuredmedia":[{"embeddable":true,"href":"https:\/\/antalyatouristinformation.com\/de\/wp-json\/wp\/v2\/media\/10664"}],"wp:attachment":[{"href":"https:\/\/antalyatouristinformation.com\/de\/wp-json\/wp\/v2\/media?parent=3800"}],"wp:term":[{"taxonomy":"category","embeddable":true,"href":"https:\/\/antalyatouristinformation.com\/de\/wp-json\/wp\/v2\/categories?post=3800"},{"taxonomy":"post_tag","embeddable":true,"href":"https:\/\/antalyatouristinformation.com\/de\/wp-json\/wp\/v2\/tags?post=3800"}],"curies":[{"name":"wp","href":"https:\/\/api.w.org\/{rel}","templated":true}]}}