{"id":3802,"date":"2021-04-23T09:14:34","date_gmt":"2021-04-23T07:14:34","guid":{"rendered":"http:\/\/antalyatouristinformation.com\/clone4639485xzhehsskdjfhhdhebdkkekdeewsd4545gdfgm\/?page_id=3802"},"modified":"2024-01-18T17:23:28","modified_gmt":"2024-01-18T16:23:28","slug":"dolphin","status":"publish","type":"page","link":"https:\/\/antalyatouristinformation.com\/de\/sehenswurdigkeiten\/inseln\/dolphin\/","title":{"rendered":"Dolphin Island in Side: Guide zur Insel mit Bootstouren &amp; Ausfl\u00fcgen"},"content":{"rendered":"<p>Das ist unser kompletter Guide zu Dolphin Island (Delfininsel) in Side.<\/p>\n<p>Ihr k\u00f6nnt in Side an Bord eines Schiffes gehen und euch zu Dolphin Island begeben.<\/p>\n<p>Unterwegs seht ihr herumtollende Delfine, die euch auf eurer Reise begleiten \u2013 eine einzigartige Erfahrung!<\/p>\n<p>Lest hier, wie ihr auf die Insel gelangt, was ihr dort unternehmen k\u00f6nnt und welche Bootsausfl\u00fcge angeboten werden.<\/p>\n<p>Los geht\u2019s!<\/p>\n<h2 id=\"t-1625657977728\" data-alt-text=\"Was kann ich machen?\">Was kann ich in Dolphin Island machen?<\/h2>\n<p>In Antalya erfreuen sich Bootsausfl\u00fcge zu Dolphin Island immer gr\u00f6\u00dferer Beliebtheit.<\/p>\n<p>W\u00e4hrend der ganzt\u00e4gigen Bootstour erkundet ihr die sch\u00f6ne Meeresk\u00fcste von Side und k\u00f6nnt euch gleichzeitig sonnen und entspannen. Der Ausflug dauert ca. 8 Stunden und beginnt am antiken Hafen von Side.<\/p>\n<p>Die Tour f\u00fchrt euch zu einer Bucht von Dolphin Island. Der Ort, an dem der <a href=\"https:\/\/antalyatouristinformation.com\/de\/sehenswurdigkeiten\/attraktionen\/manavgat-fluss\/\">Manavgat-Fluss <\/a>auf das Meer trifft, ist ein sch\u00f6nes Pl\u00e4tzchen zum Schwimmen und Schnorcheln.<\/p>\n<p>Haltet eure Kameras f\u00fcr die sch\u00f6nsten Aufnahmen eurer Reise bereit und genie\u00dft die Aussicht auf die Delfine und das blaue Wasser des Mittelmeeres. Der Tagesausflug auf einem traditionellen Gulet Motorsegelschiff in den salzigen Gew\u00e4ssern rund um Dolphin Island bietet reichlich Aktivit\u00e4ten und Shows.<\/p>\n<p>Unterwegs gibt es mehrere Badepausen &#8211; sowohl im reinen Wasser des Flusses Manavgat als auch im Meer. Zudem serviert euch das Personal ein k\u00f6stliches lokales Mittagessen an Bord.<\/p>\n<p>Eine Besonderheit ist, dass ihr die Chance habt, Meeresschildkr\u00f6ten und niedliche Delfine zu sehen, die sich an manchen Tagen im Meer tummeln.<\/p>\n<h2 id=\"t-1625657977729\" data-alt-text=\"Eintritt, Tickets &amp; F\u00fchrungen\">Eintritt, Tickets und F\u00fchrungen<\/h2>\n<ul>\n<li><span><strong>Touren:&nbsp;<\/strong>Ihr k\u00f6nnt euren Ausflug zu Dolphin Island online in unserem <a href=\"https:\/\/antalyatouristinformation.com\/de\/tickets\/\">Antalya Ticketshop<\/a> buchen.<\/span><\/li>\n<\/ul>\n<ul>\n<li><span><a href=\"https:\/\/side-turkey.com\/de\/tour\/dolphin-island-boat-tour\/\" target=\"_blank\" rel=\"noopener\"><b>Bootsausflug zu Dolphin Island:<\/b> <\/a>Der Preis f\u00fcr die Bootstour variiert je nach Saison. Der Transfer vom Hotel und zur\u00fcck wird von bestimmten Resorts in Side angeboten. Das Schiff f\u00e4hrt um 9:00 Uhr morgens ab und f\u00fchrt euch auf ein ganzt\u00e4giges Abenteuer entlang des Flusses Manavgat und einer Bucht von Dolphin Island. Die ganzt\u00e4gige Bootstour bietet euch die M\u00f6glichkeit, sowohl im Fluss als auch im Meer zu schwimmen.<\/span><\/li>\n<\/ul>\n<ul>\n<li><span><a href=\"https:\/\/prestigegroupside.com\/de\/tour\/delphin-insel\/\" target=\"_blank\" rel=\"noopener\"><b>Ganzt\u00e4giger Bootsausflug zu Dolphin Island<\/b>: <\/a>Der Preis f\u00fcr den Ausflug variiert je nach Saison. Einige Resorts in Side bieten den Transfer vom Hotel und zur\u00fcck an. Die Dauer der Tour liegt bei etwa 9 Stunden. Die Bootstour wird nur mittwochs, freitags und sonntags angeboten. Der erste Halt ist am Fluss Manavgat. Danach geht es weiter zur Bucht Karaburun mit mehreren Badepausen. Sobald sich das Boot Dolphin Island n\u00e4hert, habt ihr die Chance herumtollende Delfine zu entdecken.<\/span><\/li>\n<\/ul>\n<ul>\n<li><span><strong>Tipp:<\/strong> Falls ihr Tickets f\u00fcr Vergn\u00fcgungsparks, Museen und Touren f\u00fcr eure Antalya-Reise vorab buchen m\u00f6chtet, solltet ihr unbedingt einen Blick auf die Angebote in unserem offiziellen Shop werfen.<\/span><\/li>\n<\/ul>\n<h2 id=\"t-1625657977730\" data-alt-text=\"Wie komme ich zur Insel?\">Wie komme ich zu Dolphin Island?<\/h2>\n<p><b>Touren<\/b>: Ihr erreicht Dolphin Island mit Ausflugsbooten, die vom Hafen in Side abfahren.<\/p>\n<p>Ihr k\u00f6nnt euren Ausflug zu Dolphin Island online buchen. &nbsp;Mehr Informationen findet ihr in unserem Ticketshop.<\/p>\n<h2 id=\"t-1622040945540\" data-alt-text=\"FAQ \">FAQ (H\u00e4ufige Fragen)<\/h2>\n<h2 id=\"t-1622040945542\" data-alt-text=\"Kontakt &amp; Karte\">Kontakt<\/h2>\n<ul>\n<li><span><strong>Adresse:&nbsp;<\/strong>Dolphin Island, Side, ANTALYA<\/span><\/li>\n<li><span><strong><b>\u00d6ffentlicher Verkehr:<\/b> <\/strong>Ausflugsboote<\/span><\/li>\n<\/ul>\n<h2 id=\"t-1625657977731\" data-alt-text=\"Weitere Inseln in Antalya\">Weitere Inseln in Antalya:<\/h2>\n<ul>\n<li>Entdeckt <a href=\"https:\/\/antalyatouristinformation.com\/de\/sehenswurdigkeiten\/inseln\/suluada\/\">Suluada in Antalya<\/a>. Es ist ein erstaunlicher Ort f\u00fcr gro\u00dfe Abenteuer!<\/li>\n<li>Werft einen Blick auf unseren Beitrag \u00fcber die Insel <a href=\"https:\/\/antalyatouristinformation.com\/de\/sehenswurdigkeiten\/inseln\/kekova\/\">Kekova <\/a>in Demre, reich an kristallblauem Wasser und Geschichte!<\/li>\n<li><a href=\"https:\/\/antalyatouristinformation.com\/de\/sehenswurdigkeiten\/inseln\/kastellorizo\/\">Kastellorizo (Meis)<\/a> in Ka\u015f ist eine sehenswerte griechische Insel.<\/li>\n<li>Habt ihr schon von <a href=\"https:\/\/antalyatouristinformation.com\/de\/sehenswurdigkeiten\/inseln\/uc-adalar\/\">\u00dc\u00e7 Adalar (Drei Inseln \/ Three Islands) in Kemer<\/a>&nbsp;geh\u00f6rt? Es ist ein verborgener Ort, den es zu entdecken gilt.<\/li>\n<li>Mehr lesen: Unsere Liste mit den <a href=\"https:\/\/antalyatouristinformation.com\/de\/sehenswurdigkeiten\/inseln\/\">8 sch\u00f6nsten Inseln in Antalya<\/a>, die ihr &nbsp;unbedingt besuchen solltet.<\/li>\n<\/ul>\n","protected":false},"excerpt":{"rendered":"<p>Das ist unser kompletter Guide zu Dolphin Island (Delfininsel) in Side. Ihr k\u00f6nnt in Side an Bord eines Schiffes gehen und euch zu Dolphin Island begeben. Unterwegs seht ihr herumtollende Delfine, die euch auf eurer Reise begleiten \u2013 eine einzigartige Erfahrung! Lest hier, wie ihr auf die Insel gelangt, was ihr dort unternehmen k\u00f6nnt und [&hellip;]<\/p>\n","protected":false},"author":5,"featured_media":9230,"parent":3347,"menu_order":0,"comment_status":"open","ping_status":"closed","template":"","meta":{"_acf_changed":false,"footnotes":""},"categories":[],"tags":[44],"class_list":["post-3802","page","type-page","status-publish","has-post-thumbnail","hentry","tag-island","post-wrapper","thrv_wrapper"],"acf":[],"wp-worthy-pixel":{"ignored":false,"public":"2abcee439e9c4107b851da48c365b86c","server":"vg01.met.vgwort.de","url":"https:\/\/vg01.met.vgwort.de\/na\/2abcee439e9c4107b851da48c365b86c"},"wp-worthy-type":"normal","_links":{"self":[{"href":"https:\/\/antalyatouristinformation.com\/de\/wp-json\/wp\/v2\/pages\/3802","targetHints":{"allow":["GET"]}}],"collection":[{"href":"https:\/\/antalyatouristinformation.com\/de\/wp-json\/wp\/v2\/pages"}],"about":[{"href":"https:\/\/antalyatouristinformation.com\/de\/wp-json\/wp\/v2\/types\/page"}],"author":[{"embeddable":true,"href":"https:\/\/antalyatouristinformation.com\/de\/wp-json\/wp\/v2\/users\/5"}],"replies":[{"embeddable":true,"href":"https:\/\/antalyatouristinformation.com\/de\/wp-json\/wp\/v2\/comments?post=3802"}],"version-history":[{"count":10,"href":"https:\/\/antalyatouristinformation.com\/de\/wp-json\/wp\/v2\/pages\/3802\/revisions"}],"predecessor-version":[{"id":14896,"href":"https:\/\/antalyatouristinformation.com\/de\/wp-json\/wp\/v2\/pages\/3802\/revisions\/14896"}],"up":[{"embeddable":true,"href":"https:\/\/antalyatouristinformation.com\/de\/wp-json\/wp\/v2\/pages\/3347"}],"wp:featuredmedia":[{"embeddable":true,"href":"https:\/\/antalyatouristinformation.com\/de\/wp-json\/wp\/v2\/media\/9230"}],"wp:attachment":[{"href":"https:\/\/antalyatouristinformation.com\/de\/wp-json\/wp\/v2\/media?parent=3802"}],"wp:term":[{"taxonomy":"category","embeddable":true,"href":"https:\/\/antalyatouristinformation.com\/de\/wp-json\/wp\/v2\/categories?post=3802"},{"taxonomy":"post_tag","embeddable":true,"href":"https:\/\/antalyatouristinformation.com\/de\/wp-json\/wp\/v2\/tags?post=3802"}],"curies":[{"name":"wp","href":"https:\/\/api.w.org\/{rel}","templated":true}]}}