{"id":3804,"date":"2021-04-23T09:19:19","date_gmt":"2021-04-23T07:19:19","guid":{"rendered":"http:\/\/antalyatouristinformation.com\/clone4639485xzhehsskdjfhhdhebdkkekdeewsd4545gdfgm\/?page_id=3804"},"modified":"2023-04-18T14:36:21","modified_gmt":"2023-04-18T12:36:21","slug":"mamure-kalesi","status":"publish","type":"page","link":"https:\/\/antalyatouristinformation.com\/de\/sehenswurdigkeiten\/geschichte\/mamure-kalesi\/","title":{"rendered":"Mamure Burg: Geschichte, Touren &amp; Tipps"},"content":{"rendered":"<p>Das ist unser Guide zur mittelalterlichen Burg Mamure Kalesi, 6 km \u00f6stlich der Stadt Anamur im S\u00fcden der T\u00fcrkei.<\/p>\n<p>Sie wurde im 13. Jahrhundert an der Stelle einer Festung aus dem 3. Jahrhundert nach unserer Zeitrechnung erbaut.<\/p>\n<p>In unserem ausf\u00fchrlichen Guide verraten wir euch Tipps und wichtige Infos zu Eintritt, Anfahrt, h\u00e4ufige Fragen und die Geschichte von Mamure Kalesi.<\/p>\n<p>Fangen wir damit an, was ihr vor Ort machen k\u00f6nnt \u2026<\/p>\n<p><span><img decoding=\"async\" alt=\"\u0131nner courtyard of Mamure Castle in Mersin in Turkey\" data-id=\"6791\" width=\"702\" data-init-width=\"1000\" height=\"471\" data-init-height=\"670\" title=\"\u0131nner courtyard of Mamure Castle in Mersin in Turkey\" loading=\"lazy\" src=\"https:\/\/antalyatouristinformation.com\/de\/wp-content\/uploads\/sites\/10\/2021\/05\/inner-courtyard-of-Mamure-Castle-in-Mersin-in-Turkey-3.jpg\" data-width=\"702\" data-height=\"471\" data-pinpro-key=\"udglug7ac\" data-pin-media=\"https:\/\/antalyatouristinformation.com\/de\/wp-content\/uploads\/sites\/10\/2021\/06\/Antalya-Pinterest-4-11.jpg\" data-pin-description=\"Guide zu Mamure Kalesi (Burg) | Antalya Tourist Information\" data-pin-url=\"https:\/\/antalyatouristinformation.com\/de\/sehenswurdigkeiten\/geschichte\/mamure-kalesi\/?tve=true&amp;tcbf=0c3d434ff2\"><\/span><\/p>\n<h2 id=\"t-1624974901579\" data-alt-text=\"Was kann ich machen?\">Was kann ich in Mamure Kalesi (Burg) machen?<\/h2>\n<p style=\"text-align: center\">In der Burg Mamure Kalesi finden derzeit Restaurierungsarbeiten statt.<\/p>\n<p>Mamure Kalesi, auch bekannt als Burg von Anamur, stammt aus dem 3. Jahrhundert vor unserer Zeitrechnung. Sie ist eine der am besten erhaltenen Burgen im S\u00fcden der T\u00fcrkei. W\u00e4hrend des Byzantinischen Reiches wurde sie erweitert. Die Burg, die wir heute sehen k\u00f6nnen, entstand jedoch unter dem seldschukischen Sultan Alaeddin Keykubat. Sie wurde im Jahr 1450 von Karamanoglu \u0130brahim Bey restauriert und bis zum Ende des Osmanischen Reiches genutzt.<\/p>\n<p>Mit einer \u00fcber 1500-j\u00e4hrigen Geschichte besticht Mamure Kalesi mit Elementen von vielen unterschiedlichen Zivilisationen. Ihr k\u00f6nnt hier wunderbar die Spuren vergangener Reiche sehen, zum Beispiel die der R\u00f6mer, Armenier, Byzantiner, Seldschuken und Osmanen.<\/p>\n<p>Die Burg steht zwischen zwei Sandstr\u00e4nden in der N\u00e4he der K\u00fcste. Sie \u00fcberblickt sowohl das Land als auch das Meer. Sobald ihr euch die Lage der Festung anschaut, werdet ihr schnell verstehen, warum der Ort zum Schutz der Gegend gew\u00e4hlt wurde.<\/p>\n<p>Die Fl\u00e4che der von einem Wassergraben umgebenen Festung betr\u00e4gt <strong>23.500 m\u00b2. <\/strong>Die Au\u00dfenmauern der Festung sind ca. <strong>580 m<\/strong> hoch. Es gibt 39 T\u00fcrme (4 von ihnen sind gr\u00f6\u00dfer als die anderen) und Bastionen. Die Burg besitzt drei H\u00f6fe, die alle durch hohe Mauern voneinander getrennt sind.<\/p>\n<p>F\u00fcr den Bau der Burg wurden verschiedene Steinarten und Khorasan-M\u00f6rtel benutzt. An einigen Fenstern, Eing\u00e4ngen und T\u00fcrkanten kamen auch Blocksteine zum Einsatz. Au\u00dferdem kann man Reste einer sp\u00e4teren Konstruktion mit Ziegeln entdecken.<\/p>\n<p>Sobald ihr durch das Tor geht, gelangt ihr in den ersten Innenhof von Mamure Kalesi. Vom Tor ist noch ein Teil des Spitzbogens erhalten. Im ersten Innenhof gibt es eine Treppe, die zu einem der T\u00fcrme der \u00e4u\u00dferen Befestigungsmauer hinauff\u00fchrt. Von hier aus k\u00f6nnt ihr die gesamte Festung \u00fcberblicken.<\/p>\n<p>Durch einen Spalt in der Mauer kommt ihr in den zweiten Innenhof. Er ist gr\u00f6\u00dfer als der erste. Hier seht ihr eine Moschee, die renoviert wurde und daher in gutem Zustand ist. Sie ist heute noch f\u00fcr Gebete ge\u00f6ffnet. Die Mamure-Moschee besitzt klassische Elemente der osmanischen Architektur des 16. Jahrhunderts. Urspr\u00fcnglich wurde sie w\u00e4hrend der Karamanidenperiode gebaut.<\/p>\n<p>In dem zweiten Innenhof trefft ihr auf einen Brunnen und einen Badkomplex.<\/p>\n<p>Wir empfehlen euch auch einen Besuch <strong>der antiken Stadt Anemurion<\/strong> in der N\u00e4he von Mamure Kalesi. Die antike hellenistische Stadt Anemurion liegt nur 64 km von der Insel Zypern entfernt.<\/p>\n<p>Im <b>Anamur Museum<\/b> k\u00f6nnt ihr Fundst\u00fccke aus der antiken Stadt Anemurium sehen.<\/p>\n<p><span><img decoding=\"async\" alt=\"Mamure Castle - Anamur -Castle in Mersin in Turkey\" data-id=\"6783\" width=\"702\" data-init-width=\"1000\" height=\"471\" data-init-height=\"670\" title=\"Mamure Castle - Anamur -Castle in Mersin in Turkey\" loading=\"lazy\" src=\"https:\/\/antalyatouristinformation.com\/de\/wp-content\/uploads\/sites\/10\/2021\/05\/Mamure-Castle-Anamur-Castle-in-Mersin-in-Turkey-2.jpg\" data-width=\"702\" data-height=\"471\" data-pinpro-key=\"siqto5izf\" data-pin-media=\"https:\/\/antalyatouristinformation.com\/de\/wp-content\/uploads\/sites\/10\/2021\/06\/Antalya-Pinterest-4-11.jpg\" data-pin-description=\"Guide zu Mamure Kalesi (Burg) | Antalya Tourist Information\" data-pin-url=\"https:\/\/antalyatouristinformation.com\/de\/sehenswurdigkeiten\/geschichte\/mamure-kalesi\/?tve=true&amp;tcbf=0c3d434ff2\"><\/span><\/p>\n<h2 id=\"t-1624974901580\" data-alt-text=\"Eintritt, Tickets &amp; F\u00fchrungen\">Eintritt, Tickets und F\u00fchrungen<\/h2>\n<ul>\n<li><span><strong><b>Eintritt<\/b>:<\/strong> Mamure Kalesi ist momentan wegen Restaurierungsarbeiten geschlossen.<\/span><\/li>\n<li><span><strong>Tickets:<\/strong> Der Eintritt in die St\u00e4tte ist kostenpflichtig.<\/span><\/li>\n<li><span><strong><b>F\u00fchrungen<\/b>:&nbsp;<\/strong>Um die Burg Mamure Kalesi und andere Sehensw\u00fcrdigkeiten in der Umgebung zu erreichen, wie die antike Stadt Anemurion und das Anamur-Museum, k\u00f6nnt ihr ein Auto mieten. Alternativ k\u00f6nnt ihr bei einem lokalen Reiseveranstalter eine ma\u00dfgeschneiderte Tour mit einem privaten Reisef\u00fchrer arrangieren.<\/span><\/li>\n<\/ul>\n<ul>\n<li><span><strong>Tipp:<\/strong> Falls ihr Tickets f\u00fcr Vergn\u00fcgungsparks, Museen und Touren f\u00fcr eure Antalya-Reise vorab buchen m\u00f6chtet, solltet ihr unbedingt einen Blick auf die Angebote in unserem offiziellen Shop werfen.<\/span><\/li>\n<\/ul>\n<p><span><img decoding=\"async\" alt=\"Mamure Castle - in Anamur in Turkey\" data-id=\"6794\" width=\"702\" data-init-width=\"1000\" height=\"470\" data-init-height=\"670\" title=\"Mamure Castle - in Anamur in Turkey\" loading=\"lazy\" src=\"https:\/\/antalyatouristinformation.com\/de\/wp-content\/uploads\/sites\/10\/2021\/05\/Mamure-Castle-in-Anamur-in-Turkey-2.jpg\" data-width=\"702\" data-height=\"470\" data-pinpro-key=\"ycy0nrbmd\" data-pin-media=\"https:\/\/antalyatouristinformation.com\/de\/wp-content\/uploads\/sites\/10\/2021\/06\/Antalya-Pinterest-4-11.jpg\" data-pin-description=\"Guide zu Mamure Kalesi (Burg) | Antalya Tourist Information\" data-pin-url=\"https:\/\/antalyatouristinformation.com\/de\/sehenswurdigkeiten\/geschichte\/mamure-kalesi\/?tve=true&amp;tcbf=0c3d434ff2\"><\/span><\/p>\n<h2 id=\"t-1624974901581\" data-alt-text=\"Wie komme ich zur Burg?\">Wie komme ich zu Mamure Kalesi (Burg)?<\/h2>\n<p>Die Burg Mamure Kalesi liegt 6 km s\u00fcd\u00f6stlich von Anamur am Ufer des Mittelmeeres. Sie befindet sich 216 km westlich von Mersin an der <strong>Autobahn Antalya-Mersin<\/strong>.<\/p>\n<p><b>\u00d6ffentliche Verkehrsmittel:<\/b> Um zu Mamure Kalesi zu gelangen, nehmt ihr am besten die Minibusse, die vom Fernbusbahnhof in Mersin nach Anamur fahren.<\/p>\n<p><b>Mit dem Auto:<\/b> Ihr erreicht Mamure Kalesi \u00fcber die Schnellstra\u00dfe D-400.<\/p>\n<p>Falls ihr kein Fan von gef\u00fchrten Touren seid, mietet ihr euch am besten ein Auto in Antalya und f\u00e4hrt selbst dorthin. Mehr dazu: <a href=\"https:\/\/antalyatouristinformation.com\/de\/plan\/mietwagen\/\">Mietwagen in Antalya<\/a><\/p>\n<p><span><img decoding=\"async\" alt=\"Mamure Castle - Anamur Castle in Mersin in Turkey\" data-id=\"6792\" width=\"702\" data-init-width=\"1000\" height=\"470\" data-init-height=\"670\" title=\"Mamure Castle - Anamur Castle in Mersin in Turkey\" loading=\"lazy\" src=\"https:\/\/antalyatouristinformation.com\/de\/wp-content\/uploads\/sites\/10\/2021\/05\/Mamure-Castle-Anamur-Castle-in-Mersin-in-Turkey-5.jpg\" data-width=\"702\" data-height=\"470\" data-pinpro-key=\"c73gbj91x\" data-pin-media=\"https:\/\/antalyatouristinformation.com\/de\/wp-content\/uploads\/sites\/10\/2021\/06\/Antalya-Pinterest-4-11.jpg\" data-pin-description=\"Guide zu Mamure Kalesi (Burg) | Antalya Tourist Information\" data-pin-url=\"https:\/\/antalyatouristinformation.com\/de\/sehenswurdigkeiten\/geschichte\/mamure-kalesi\/?tve=true&amp;tcbf=0c3d434ff2\"><\/span><\/p>\n<h2 id=\"t-1622620746467\" data-alt-text=\"FAQ\">FAQ (H\u00e4ufige Fragen)<\/h2>\n<p><span><img decoding=\"async\" alt=\"Mamure Castle Anamur -Castle in Mersin in Turkey\" data-id=\"6782\" width=\"702\" data-init-width=\"1200\" height=\"369\" data-init-height=\"630\" title=\"Mamure Castle Anamur -Castle in Mersin in Turkey\" loading=\"lazy\" src=\"https:\/\/antalyatouristinformation.com\/de\/wp-content\/uploads\/sites\/10\/2021\/05\/Mamure-Castle-Anamur-Castle-in-Mersin-in-Turkey-1.jpg\" data-width=\"702\" data-height=\"369\" data-pinpro-key=\"dql8wqafb\" data-pin-media=\"https:\/\/antalyatouristinformation.com\/de\/wp-content\/uploads\/sites\/10\/2021\/06\/Antalya-Pinterest-4-11.jpg\" data-pin-description=\"Guide zu Mamure Kalesi (Burg) | Antalya Tourist Information\" data-pin-url=\"https:\/\/antalyatouristinformation.com\/de\/sehenswurdigkeiten\/geschichte\/mamure-kalesi\/?tve=true&amp;tcbf=0c3d434ff2\"><\/span><\/p>\n<h2 id=\"t-1624974901582\" data-alt-text=\"Geschichte\">Geschichte von Mamure Kalesi (Burg)<\/h2>\n<p>Die erste Festung wurde im 3. Jahrhundert vor unserer Zeitrechnung w\u00e4hrend des R\u00f6mischen Reiches gebaut, um die Stadt vor Piraten zu verteidigen. Sp\u00e4ter wurde sie von den Byzantinern und Kreuzrittern mehrfach umgebaut.<\/p>\n<p>In den Jahren 1190 bis 1380 ging die Festung in den Besitz des K\u00f6nigreichs Kleinarmenien \u00fcber und wurde von dessen Herrschern wesentlich umgebaut.<\/p>\n<p>Der seldschukische Sultan Aleaddin Keykubad baute die Burg im Jahr 1221 aus. Sp\u00e4ter wurde sie von den Karamaniden erobert und Teil ihres Reiches. Schlie\u00dflich erhielt die Burg nach mehreren Renovierungen ihren heutigen Namen &#8222;Mamure&#8220;, was soviel wie &#8222;wohlhabend&#8220; bedeutet.<\/p>\n<p>Im Jahr 1475 nahmen die Osmanen die Festung ein und nutzten sie bis zum Untergang des Osmanischen Reiches.<\/p>\n<p>Die Mamure Burg ist bis heute erhalten geblieben. Sie tr\u00e4gt Spuren von vielen unterschiedlichen Zivilisationen und ist auf der <strong>Vorschlagsliste zur Aufnahme in die UNESCO Welterbe-Liste.<\/strong><\/p>\n<p>Pamukkale steht ebenfalls auf der Liste des UNESCO-Weltkulturerbes und ist sehr sehenswert. Hier ist unser Guide \u00fcber <a href=\"https:\/\/antalyatouristinformation.com\/de\/sehenswurdigkeiten\/geschichte\/pamukkale\/\">Pamukkale<\/a>.<\/p>\n<h2 id=\"t-1624974901583\">Kontakt<\/h2>\n<ul>\n<li><span><strong>Adresse:&nbsp;<\/strong>\u0130skele, Anamur\/Mersin<\/span><\/li>\n<li><span><strong>\u00d6ffnungszeiten:&nbsp;<a href=\"https:\/\/muze.gov.tr\/muze-detay?SectionId=MMA01&amp;DistId=MRK\" target=\"_blank\" rel=\"noopener\">Muze.gov.tr\/<\/a><\/strong><\/span><\/li>\n<li><span><strong>\u00d6ffentlicher Verkehr: <\/strong>Mit dem Minibus vom Busbahnhof Mersin<\/span><\/li>\n<li><span><strong>Webseite:&nbsp;<a href=\"https:\/\/muze.gov.tr\/muze-detay?SectionId=MMA01&amp;DistId=MRK\" target=\"_blank\" rel=\"noopener\">Muze.gov.tr<\/a><\/strong><a href=\"https:\/\/whc.unesco.org\/en\/mamurecastle\" target=\"_blank\" rel=\"noopener\"><\/a><a href=\"https:\/\/whc.unesco.org\/en\/tentativelists\/5734\/\" target=\"_blank\" rel=\"noopener\"><\/a><\/span><\/li>\n<\/ul>\n","protected":false},"excerpt":{"rendered":"<p>Das ist unser Guide zur mittelalterlichen Burg Mamure Kalesi, 6 km \u00f6stlich der Stadt Anamur im S\u00fcden der T\u00fcrkei. Sie wurde im 13. Jahrhundert an der Stelle einer Festung aus dem 3. Jahrhundert nach unserer Zeitrechnung erbaut. In unserem ausf\u00fchrlichen Guide verraten wir euch Tipps und wichtige Infos zu Eintritt, Anfahrt, h\u00e4ufige Fragen und die [&hellip;]<\/p>\n","protected":false},"author":4,"featured_media":6756,"parent":119,"menu_order":0,"comment_status":"open","ping_status":"closed","template":"","meta":{"_acf_changed":false,"footnotes":""},"categories":[],"tags":[42,47,46],"class_list":["post-3804","page","type-page","status-publish","has-post-thumbnail","hentry","tag-history","tag-medieval","tag-unesco","post-wrapper","thrv_wrapper"],"acf":[],"wp-worthy-pixel":{"ignored":false,"public":null,"server":null,"url":null},"wp-worthy-type":"normal","_links":{"self":[{"href":"https:\/\/antalyatouristinformation.com\/de\/wp-json\/wp\/v2\/pages\/3804","targetHints":{"allow":["GET"]}}],"collection":[{"href":"https:\/\/antalyatouristinformation.com\/de\/wp-json\/wp\/v2\/pages"}],"about":[{"href":"https:\/\/antalyatouristinformation.com\/de\/wp-json\/wp\/v2\/types\/page"}],"author":[{"embeddable":true,"href":"https:\/\/antalyatouristinformation.com\/de\/wp-json\/wp\/v2\/users\/4"}],"replies":[{"embeddable":true,"href":"https:\/\/antalyatouristinformation.com\/de\/wp-json\/wp\/v2\/comments?post=3804"}],"version-history":[{"count":10,"href":"https:\/\/antalyatouristinformation.com\/de\/wp-json\/wp\/v2\/pages\/3804\/revisions"}],"predecessor-version":[{"id":14923,"href":"https:\/\/antalyatouristinformation.com\/de\/wp-json\/wp\/v2\/pages\/3804\/revisions\/14923"}],"up":[{"embeddable":true,"href":"https:\/\/antalyatouristinformation.com\/de\/wp-json\/wp\/v2\/pages\/119"}],"wp:featuredmedia":[{"embeddable":true,"href":"https:\/\/antalyatouristinformation.com\/de\/wp-json\/wp\/v2\/media\/6756"}],"wp:attachment":[{"href":"https:\/\/antalyatouristinformation.com\/de\/wp-json\/wp\/v2\/media?parent=3804"}],"wp:term":[{"taxonomy":"category","embeddable":true,"href":"https:\/\/antalyatouristinformation.com\/de\/wp-json\/wp\/v2\/categories?post=3804"},{"taxonomy":"post_tag","embeddable":true,"href":"https:\/\/antalyatouristinformation.com\/de\/wp-json\/wp\/v2\/tags?post=3804"}],"curies":[{"name":"wp","href":"https:\/\/api.w.org\/{rel}","templated":true}]}}