{"id":3806,"date":"2021-04-23T09:33:12","date_gmt":"2021-04-23T07:33:12","guid":{"rendered":"http:\/\/antalyatouristinformation.com\/clone4639485xzhehsskdjfhhdhebdkkekdeewsd4545gdfgm\/?page_id=3806"},"modified":"2023-04-18T15:01:19","modified_gmt":"2023-04-18T13:01:19","slug":"canyoning","status":"publish","type":"page","link":"https:\/\/antalyatouristinformation.com\/de\/sehenswurdigkeiten\/canyoning\/","title":{"rendered":"Canyoning in Antalya: die besten Pl\u00e4tze"},"content":{"rendered":"<p>Dies ist unser kompletter F\u00fchrer zum Canyoning in der Region Antalya.<\/p>\n<p>Hier erfahrt ihr alles \u00fcber die besten Pl\u00e4tze zum Canyoning, die verf\u00fcgbaren Pakete sowie h\u00e4ufig gestellte Fragen.<\/p>\n<p>Bitte bedenkt, dass nicht alle Canyoning-Optionen in jedem Ferienort in Antalya verf\u00fcgbar sind. Die K\u00fcstenlinie von Antalya ist mehr als 300 km lang. Unsere Liste ist von Osten nach Westen geordnet, sie beginnt im Osten in Alanya und geht weiter bis zum Westen nach Ka\u015f.<\/p>\n<p>Lasst uns anfangen \u2026<\/p>\n<h2 id=\"t-1620312520594\" data-alt-text=\"1. K\u00f6pr\u00fcl\u00fc Canyon\">1. K\u00f6pr\u00fcl\u00fc Canyon (Rafting, Zippline &amp; Canyoning)<\/h2>\n<p><span><img decoding=\"async\" alt=\"K\u00f6pr\u00fcl\u00fc Canyon in Antalya in Turkey\" data-id=\"7125\" width=\"702\" data-init-width=\"1000\" height=\"470\" data-init-height=\"667\" title=\"K\u00f6pr\u00fcl\u00fc Canyon in Antalya in Turkey\" src=\"https:\/\/antalyatouristinformation.com\/de\/wp-content\/uploads\/sites\/10\/2021\/05\/Koprulu-Canyon-in-Antalya-in-Turkey.jpg\" data-width=\"702\" data-height=\"470\" loading=\"lazy\" data-pin-media=\"https:\/\/antalyatouristinformation.com\/de\/wp-content\/uploads\/sites\/10\/2021\/06\/prag_50_sehenswuerdigkeiten_pinterest-6-3.jpg\" data-pin-description=\"4 Best Spots for Canyoning in Antalya Region [with FAQ] | Antalya Tourist Information\" data-pin-url=\"https:\/\/antalyatouristinformation.com\/de\/sehenswurdigkeiten\/canyoning\/?tve=true&amp;tcbf=c067599160\"><\/span><\/p>\n<ul>\n<li><a rel=\"noreferrer noopener nofollow\" href=\"https:\/\/pinterest.com\/pin\/create\/button\/?url=https:\/\/antalyatouristinformation.com\/de\/sehenswurdigkeiten\/canyoning\/?tve=true&amp;tcbf=6e1723076d&amp;is_video=false&amp;media=https:\/\/antalyatouristinformation.com\/de\/wp-content\/uploads\/sites\/10\/2021\/06\/prag_50_sehenswuerdigkeiten_pinterest-6-3.jpg&amp;description=4%20Best%20Spots%20for%20Canyoning%20in%20Antalya%20Region%20%5Bwith%20FAQ%5D%20%7C%20Antalya%20Tourist%20Information\" target=\"_blank\"><span><\/span><span>Pin<\/span><\/a><\/li>\n<\/ul>\n<p>Das <strong>gr\u00f6\u00dfte Rafting-Center der T\u00fcrkei<\/strong> liegt 90 Kilometer nord\u00f6stlich von Antalya im K\u00f6pr\u00fcl\u00fc Canyon, einem <strong>366 km2 gro\u00dfen Canyon<\/strong> <strong>und Nationalpark.<\/strong> Hier findet ihr Wildwasser- und Stromschnellen jeglicher Gr\u00f6\u00dfe und Schwierigkeitsgrade. Rafting auf 12 Kilometer eiskaltem Quellwasser unter der sengenden Sommerhitze ist ein wunderbares Erlebnis. Das Wasser wird auch im Sommer nicht w\u00e4rmer als maximal 15 Grad. Ihr k\u00f6nnt im <strong>K\u00f6pr\u00fcl\u00fc Canyon das ganze Jahr \u00fcber Rafting<\/strong> machen. Bei organisierten Touren stellt der Veranstalter die Ausr\u00fcstung.<\/p>\n<p>Wollt ihr den Canyon auf abenteuerliche Weise erkunden, empfehlen wir euch eine <strong>Jeep-Safari-Tour<\/strong>. Die Route verl\u00e4uft meist auf unbefestigten Stra\u00dfen, die als Off-Road und bergiges Terrain bekannt sind.<\/p>\n<p>Falls ihr Lust habt, k\u00f6nnt ihr die <strong>Zipline <\/strong>benutzen und euch so einen gewaltigen Adrenalinsto\u00df holen.<\/p>\n<p>K\u00f6pr\u00fcl\u00fc Canyon bedeutet auf Deutsch \u201eBr\u00fccken-Canyon\u201c, achtet daher auch auf die <strong>Steinbr\u00fccken<\/strong>, nach denen der Canyon benannt ist.<\/p>\n<p>Innerhalb des K\u00f6pr\u00fcl\u00fc Canyon liegt der <strong>Taz\u0131 Canyon, auch Eagles Canyon genannt<\/strong>. Das ist ein nat\u00fcrlicher Canyon, der von B\u00e4chen gebildet wird. Um dorthin zu gelangen m\u00fcsst ihr etwa 11 Kilometer durch die steilen Felsen im Hochgebirge wandern. Schlie\u00dflich werdet ihr mit einer fantastischen Aussicht belohnt. In letzter Zeit haben sich Fotos mit dem gro\u00dfen Felsbrocken \u00fcber der 300 Meter hohen Steilk\u00fcste zu einem <strong>beliebten Instagram Motiv <\/strong>entwickelt. Doch Vorsicht, die Felsen k\u00f6nnen rutschig sein und es gibt keine Sicherheitsma\u00dfnahmen!<\/p>\n<p>Solltet ihr in der Region zwischen Antalya und Kemer wohnen, k\u00f6nnt ihr an einer Tagestour teilnehmen. Oft stellen die Touren eine Kombination von Rafting und Canyoning dar.<\/p>\n<ul>\n<li>Mehr lesen:<strong>&nbsp;<\/strong>der komplette Guide zum <a href=\"https:\/\/antalyatouristinformation.com\/de\/sehenswurdigkeiten\/canyon\/koprulu\/\">K\u00f6pr\u00fcl\u00fc Canyon<\/a><\/li>\n<li>Mehr lesen: der komplette Guide zum <a href=\"https:\/\/antalyatouristinformation.com\/de\/sehenswurdigkeiten\/canyon\/tazi-eagle\/\">Taz\u0131 Canyon<\/a>&nbsp;<\/li>\n<li>Werft auch einen Blick in unseren <a href=\"https:\/\/antalyatouristinformation.com\/de\/sehenswurdigkeiten\/rafting\/\">Rafting Guide<\/a>.&nbsp;<\/li>\n<\/ul>\n<h2 id=\"t-1620312520600\">2. Ahmetler Canyon<\/h2>\n<p><span><img decoding=\"async\" alt=\"Ahmetler Canyon in Antalya in Turkey\" data-id=\"7132\" width=\"702\" data-init-width=\"1000\" height=\"470\" data-init-height=\"667\" title=\"Ahmetler Canyon in Antalya in Turkey\" src=\"https:\/\/antalyatouristinformation.com\/de\/wp-content\/uploads\/sites\/10\/2021\/05\/Ahmetler-Canyon-in-Antalya-in-Turkey.jpg\" data-width=\"702\" data-height=\"470\" loading=\"lazy\" data-pin-media=\"https:\/\/antalyatouristinformation.com\/de\/wp-content\/uploads\/sites\/10\/2021\/06\/prag_50_sehenswuerdigkeiten_pinterest-6-3.jpg\" data-pin-description=\"4 Best Spots for Canyoning in Antalya Region [with FAQ] | Antalya Tourist Information\" data-pin-url=\"https:\/\/antalyatouristinformation.com\/de\/sehenswurdigkeiten\/canyoning\/?tve=true&amp;tcbf=c067599160\"><\/span><\/p>\n<ul>\n<li><a rel=\"noreferrer noopener nofollow\" href=\"https:\/\/pinterest.com\/pin\/create\/button\/?url=https:\/\/antalyatouristinformation.com\/de\/sehenswurdigkeiten\/canyoning\/?tve=true&amp;tcbf=6e1723076d&amp;is_video=false&amp;media=https:\/\/antalyatouristinformation.com\/de\/wp-content\/uploads\/sites\/10\/2021\/06\/prag_50_sehenswuerdigkeiten_pinterest-6-3.jpg&amp;description=4%20Best%20Spots%20for%20Canyoning%20in%20Antalya%20Region%20%5Bwith%20FAQ%5D%20%7C%20Antalya%20Tourist%20Information\" target=\"_blank\"><span><\/span><span>Pin<\/span><\/a><\/li>\n<\/ul>\n<p>Etwa <strong>40 Kilometer von Manavgat entfernt<\/strong> im Landesinneren an den Ausl\u00e4ufern des Taurusgebirges, liegt der Ahmetler Canyon, der<strong> dritt-tiefste Canyon der T\u00fcrkei<\/strong>. Die Schlucht ist circa 7 Kilometer lang und hat einen H\u00f6henunterschied von 250 Metern. Ihr k\u00f6nnt sie begehen, doch professionelle Ausr\u00fcstung und F\u00fchrung sind ein Muss. Es gibt sehr viele enge, verwinkelte Passagen und ihr seid immer wieder gezwungen in dem Fluss zu waten. Den letzten Teil der Schlucht k\u00f6nnt ihr auch vom Schluchtende aus begehen. Hier sind Fixseile angebracht. Durch die hohen und steilen H\u00e4nge f\u00e4llt kaum Sonnenlicht in die Schlucht, daher ist es in dem Canyon ziemlich k\u00fchl.<\/p>\n<p>Auf eurem Weg zum Canyon kommt ihr an <strong>zwei alten M\u00fchlen<\/strong> vorbei, die oberhalb der Schlucht liegen. Bis vor nicht allzu langer Zeit benutzten die Bewohner des Dorfes Ahmetler diese Wasserm\u00fchlen noch.<\/p>\n<p>Der Asphaltweg durch den Wald ist an vielen Stellen besch\u00e4digt und ihr solltet sehr vorsichtig fahren. Bei den alten Wasserm\u00fchlen stehen <strong>Picknickb\u00e4nke<\/strong> aus Holz. Ihr k\u00f6nnt hier Tee trinken und ein einfaches Fr\u00fchst\u00fcck genie\u00dfen.<\/p>\n<p>Falls ihr in der Region zwischen Manavgat und Alanya wohnt, k\u00f6nnt ihr an einer organisierten Tour teilnehmen. Die meisten Routen starten allerdings in der n\u00e4heren Umgebung des Canyons.<\/p>\n<ul>\n<li>Mehr lesen: <a href=\"https:\/\/antalyatouristinformation.com\/de\/sehenswurdigkeiten\/alanya\/\">Sehensw\u00fcrdigkeiten in Alanya<\/a> und <a href=\"https:\/\/antalyatouristinformation.com\/de\/sehenswurdigkeiten\/manavgat\/\">Sehensw\u00fcrdigkeiten in Manavgat<\/a><\/li>\n<\/ul>\n<h2 id=\"t-1620313927076\" data-alt-text=\"3. G\u00f6yn\u00fck Canyon\">3. G\u00f6yn\u00fck Canyon (Wandern und Canyoning)<\/h2>\n<p><span><img decoding=\"async\" alt=\"G\u00f6yn\u00fck Canyon in Antalya in Turkey\" data-id=\"7128\" width=\"702\" data-init-width=\"1000\" height=\"468\" data-init-height=\"667\" title=\"G\u00f6yn\u00fck Canyon in Antalya in Turkey\" src=\"https:\/\/antalyatouristinformation.com\/de\/wp-content\/uploads\/sites\/10\/2021\/05\/Goynuk-Canyon-in-Antalya-in-Turkey.jpg\" data-width=\"702\" data-height=\"468\" loading=\"lazy\" data-pinpro-key=\"s65dsrypw\" data-pin-media=\"https:\/\/antalyatouristinformation.com\/de\/wp-content\/uploads\/sites\/10\/2021\/06\/prag_50_sehenswuerdigkeiten_pinterest-6-3.jpg\" data-pin-description=\"4 Best Spots for Canyoning in Antalya Region [with FAQ] | Antalya Tourist Information\" data-pin-url=\"https:\/\/antalyatouristinformation.com\/de\/sehenswurdigkeiten\/canyoning\/?tve=true&amp;tcbf=c067599160\"><\/span><\/p>\n<p>Der <strong>G\u00f6yn\u00fck Canyon in Kemer<\/strong> bietet Wander- und Canyoning-M\u00f6glichkeiten sowohl f\u00fcr Anf\u00e4nger als auch f\u00fcr ge\u00fcbte Kletterer. Die Natur, bestehend aus einem wilden Fluss, malerischen Wasserf\u00e4llen und einer imposanten Schlucht, ist beeindruckend.<\/p>\n<p>Auf dem <strong>3 Kilometer langen Wanderweg<\/strong>, der zum Ende des Tals \u00fcber einen steilen Hang in die Schlucht f\u00fchrt, h\u00f6rt ihr nur das Rauschen des Flusses. Nicht selten k\u00f6nnt ihr hier Salamander sehen. Auf dem h\u00f6chsten Punkt des Hanges findet ihr einen Aussichtspunkt, der einen atemberaubenden Blick auf die Umgebung bietet.<\/p>\n<p>Falls ihr Canyoning machen m\u00f6chtet, k\u00f6nnt ihr an einer <strong>gef\u00fchrten Tour<\/strong> teilnehmen. Die Touren beginnen bei dem See am Ende des Wanderweges. Wer Lust hat, nimmt an einer Quad-Safari teil oder macht Rafting.<\/p>\n<ul>\n<li>Mehr lesen: <a href=\"https:\/\/antalyatouristinformation.com\/de\/sehenswurdigkeiten\/kemer\/\">Sehensw\u00fcrdigkeiten in Kemer<\/a>&nbsp;<\/li>\n<li>Mehr lesen: der komplette Guide zum <a href=\"https:\/\/antalyatouristinformation.com\/de\/sehenswurdigkeiten\/canyon\/goynuk-canyon\/\">G\u00f6yn\u00fck Canyon in Kemer<\/a><a href=\"https:\/\/antalyatouristinformation.com\/de\/things-to-do\/canyon\/goynuk-canyon\/\"> <\/a><\/li>\n<\/ul>\n<h2 id=\"t-1620312520595\" data-alt-text=\"4. Saklikent Canyon\">4. Saklikent Canyon (Rafting, Schlammbad und Canyoning)<\/h2>\n<p><span><img decoding=\"async\" alt=\"Saklikent Canyon in Antalya in Turkey\" data-id=\"7134\" width=\"702\" data-init-width=\"1000\" height=\"470\" data-init-height=\"667\" title=\"Saklikent Canyon in Antalya in Turkey\" src=\"https:\/\/antalyatouristinformation.com\/de\/wp-content\/uploads\/sites\/10\/2021\/05\/Saklikent-Canyon-in-Antalya-in-Turkey.jpg\" data-width=\"702\" data-height=\"470\" loading=\"lazy\" data-pin-media=\"https:\/\/antalyatouristinformation.com\/de\/wp-content\/uploads\/sites\/10\/2021\/06\/prag_50_sehenswuerdigkeiten_pinterest-6-3.jpg\" data-pin-description=\"4 Best Spots for Canyoning in Antalya Region [with FAQ] | Antalya Tourist Information\" data-pin-url=\"https:\/\/antalyatouristinformation.com\/de\/sehenswurdigkeiten\/canyoning\/?tve=true&amp;tcbf=c067599160\"><\/span><\/p>\n<ul>\n<li><a rel=\"noreferrer noopener nofollow\" href=\"https:\/\/pinterest.com\/pin\/create\/button\/?url=https:\/\/antalyatouristinformation.com\/de\/sehenswurdigkeiten\/canyoning\/?tve=true&amp;tcbf=6e1723076d&amp;is_video=false&amp;media=https:\/\/antalyatouristinformation.com\/de\/wp-content\/uploads\/sites\/10\/2021\/06\/prag_50_sehenswuerdigkeiten_pinterest-6-3.jpg&amp;description=4%20Best%20Spots%20for%20Canyoning%20in%20Antalya%20Region%20%5Bwith%20FAQ%5D%20%7C%20Antalya%20Tourist%20Information\" target=\"_blank\"><span><\/span><span>Pin<\/span><\/a><\/li>\n<\/ul>\n<p>Der <strong>Sakl\u0131kent Canyon National Park in der N\u00e4he von Ka\u015f<\/strong> ist ber\u00fchmt f\u00fcr seinen <strong>18 Kilometer langen Canyon,<\/strong> in dem auch Rafting angeboten wird. Er liegt in einem Nationalpark, den sich Antalya mit der Nachbarprovinz Mu\u011fla teilt. Der Fluss flie\u00dft von den Bergen aus in einem bis zu 300 Meter hohen schmalen Tal in die Ebene. In den Felsw\u00e4nden sind auf den ersten 200 Metern Stege montiert, \u00fcber die ihr zu einem kleinen Restaurant gelangt.<\/p>\n<p>Von dort aus starten die <strong>Canyoning Touren<\/strong>. Falls ihr m\u00f6chtet, k\u00f6nnt ihr auch ohne F\u00fchrer noch ein St\u00fcck weiter in die Klamm waten.<\/p>\n<p>Beliebt ist <strong>Rafting auf Schwimmreifen<\/strong> in dem Fluss. Zu den organisierten Touren geh\u00f6ren meistens auch <strong>Schlammb\u00e4der<\/strong> in der N\u00e4he des Canyons.<\/p>\n<p>Solltet ihr an einer Jeep-Safari teilnehmen, kommt ihr auch an den in der N\u00e4he liegenden <a href=\"https:\/\/antalyatouristinformation.com\/de\/sehenswurdigkeiten\/geschichte\/xanthos\/\">antiken St\u00e4tten Xanthos<\/a> oder an der <a href=\"https:\/\/antalyatouristinformation.com\/de\/sehenswurdigkeiten\/geschichte\/patara\/\">antiken Stadt Patara<\/a> vorbei.<\/p>\n<p>Falls ihr in der Region zwischen Ka\u015f und Kalkan wohnt, k\u00f6nnt ihr an einer Tagestour teilnehmen. Das gilt auch f\u00fcr Urlauber, die aus der Nachbarprovinz von Fethiye und \u00d6l\u00fcdeniz kommen.<\/p>\n<ul>\n<li>Mehr lesen: der Guide zum <a href=\"https:\/\/antalyatouristinformation.com\/de\/sehenswurdigkeiten\/canyon\/saklikent\/\">Sakl\u0131kent Canyon Nationalpark<\/a>&nbsp;<\/li>\n<\/ul>\n<p><span><img decoding=\"async\" alt=\"Goynuk Canyon in der Provinz Antalya, T\u00fcrkei\" data-id=\"7136\" width=\"702\" data-init-width=\"1000\" height=\"470\" data-init-height=\"667\" title=\"Goynuk Canyon in der Provinz Antalya, T\u00fcrkei\" src=\"https:\/\/antalyatouristinformation.com\/de\/wp-content\/uploads\/sites\/10\/2021\/05\/Goynuk-Canyon-in-der-Provinz-Antalya-Turkei.jpg\" data-width=\"702\" data-height=\"470\" loading=\"lazy\" data-pin-media=\"https:\/\/antalyatouristinformation.com\/de\/wp-content\/uploads\/sites\/10\/2021\/06\/prag_50_sehenswuerdigkeiten_pinterest-6-3.jpg\" data-pin-description=\"4 Best Spots for Canyoning in Antalya Region [with FAQ] | Antalya Tourist Information\" data-pin-url=\"https:\/\/antalyatouristinformation.com\/de\/sehenswurdigkeiten\/canyoning\/?tve=true&amp;tcbf=c067599160\"><\/span><\/p>\n<ul>\n<li><a rel=\"noreferrer noopener nofollow\" href=\"https:\/\/pinterest.com\/pin\/create\/button\/?url=https:\/\/antalyatouristinformation.com\/de\/sehenswurdigkeiten\/canyoning\/?tve=true&amp;tcbf=6e1723076d&amp;is_video=false&amp;media=https:\/\/antalyatouristinformation.com\/de\/wp-content\/uploads\/sites\/10\/2021\/06\/prag_50_sehenswuerdigkeiten_pinterest-6-3.jpg&amp;description=4%20Best%20Spots%20for%20Canyoning%20in%20Antalya%20Region%20%5Bwith%20FAQ%5D%20%7C%20Antalya%20Tourist%20Information\" target=\"_blank\"><span><\/span><span>Pin<\/span><\/a><\/li>\n<\/ul>\n<h2 id=\"t-1625683436077\" data-alt-text=\"5. FAQ\">FAQ&nbsp;<\/h2>\n<p><span><img decoding=\"async\" alt=\"Deep Harmony Canyon in Turkey near Goynuk and tourists\" data-id=\"7138\" width=\"702\" data-init-width=\"1000\" height=\"470\" data-init-height=\"667\" title=\"Deep Harmony Canyon in Turkey near Goynuk and tourists\" src=\"https:\/\/antalyatouristinformation.com\/de\/wp-content\/uploads\/sites\/10\/2021\/05\/Deep-Harmony-Canyon-in-Turkey-near-Goynuk-and-tourists.jpg\" data-width=\"702\" data-height=\"470\" loading=\"lazy\" data-pin-media=\"https:\/\/antalyatouristinformation.com\/de\/wp-content\/uploads\/sites\/10\/2021\/06\/prag_50_sehenswuerdigkeiten_pinterest-6-3.jpg\" data-pin-description=\"4 Best Spots for Canyoning in Antalya Region [with FAQ] | Antalya Tourist Information\" data-pin-url=\"https:\/\/antalyatouristinformation.com\/de\/sehenswurdigkeiten\/canyoning\/?tve=true&amp;tcbf=c067599160\"><\/span><\/p>\n<ul>\n<li><a rel=\"noreferrer noopener nofollow\" href=\"https:\/\/pinterest.com\/pin\/create\/button\/?url=https:\/\/antalyatouristinformation.com\/de\/sehenswurdigkeiten\/canyoning\/?tve=true&amp;tcbf=6e1723076d&amp;is_video=false&amp;media=https:\/\/antalyatouristinformation.com\/de\/wp-content\/uploads\/sites\/10\/2021\/06\/prag_50_sehenswuerdigkeiten_pinterest-6-3.jpg&amp;description=4%20Best%20Spots%20for%20Canyoning%20in%20Antalya%20Region%20%5Bwith%20FAQ%5D%20%7C%20Antalya%20Tourist%20Information\" target=\"_blank\"><span><\/span><span>Pin<\/span><\/a><\/li>\n<\/ul>\n<h2 id=\"t-1620312520598\" data-alt-text=\"6. Fazit\">Fazit<\/h2>\n<p>In der Region Antalya findet ihr <strong>viele atemberaubende Schluchten<\/strong>, in denen ihr Bootsfahrten oder Wanderungen unternehmen k\u00f6nnt. Bestaunt die Naturwunder, die einst vor vielen tausend Jahren durch einen in die Hochebenen einschneidenden Fluss entstanden sind. Von den K\u00fcstenorten aus werden <strong>organisierte Touren in die Canyons angeboten<\/strong>, teilweise in Kombination mit <strong>Rafting<\/strong> und <strong>Jeep-Safaris<\/strong>.<\/p>\n<p><strong>Canyoning<\/strong> ist das Begehen einer Schlucht, in der Regel von oben nach unten. Dabei gelangt ihr durch Abseilen, Klettern, Springen und Schwimmen durch die Schlucht. Ein hohes Ma\u00df an alpiner Qualifikation ist erforderlich, ebenso wie Wetter- und Ortskenntnisse. Wer Canyoning machen will, muss schwindelfrei und trittsicher sein. Die <strong>richtige Ausr\u00fcstung ist lebensnotwendig.<\/strong> Canyoning solltet ihr <strong>niemals alleine<\/strong> machen. Wir empfehlen euch dringend, schwierige Touren nur unter F\u00fchrung eines <strong>ortskundigen und professionellen Fachmanns<\/strong> zu unternehmen.<\/p>\n<p>Die Touren, die entlang der K\u00fcste von den Badeorten aus angeboten werden, f\u00fchren in der Regel nur zu den leicht begehbaren Stellen der Canyons. Daf\u00fcr braucht ihr weder eine besondere Ausr\u00fcstung noch Vorkenntnisse. Falls ihr professionelles Canyoning machen m\u00f6chtet, erkundigt euch bitte bei den \u00f6rtlichen Anbietern, die auch Touren in kleinen Gruppen unter professioneller Leitung anbieten.<\/p>\n<p>Falls euch dieser Artikel gefallen hat, werft doch auch einen Blick in unseren kompletten Guide \u00fcber <a href=\"https:\/\/antalyatouristinformation.com\/de\/sport\/\">Sportm\u00f6glichkeiten in Antalya<\/a>. Ihr werdet \u00fcberrascht sein, welche M\u00f6glichkeiten sich in der Region Antalya bieten<b>.<\/b><\/p>\n","protected":false},"excerpt":{"rendered":"<p>Dies ist unser kompletter F\u00fchrer zum Canyoning in der Region Antalya. Hier erfahrt ihr alles \u00fcber die besten Pl\u00e4tze zum Canyoning, die verf\u00fcgbaren Pakete sowie h\u00e4ufig gestellte Fragen. Bitte bedenkt, dass nicht alle Canyoning-Optionen in jedem Ferienort in Antalya verf\u00fcgbar sind. Die K\u00fcstenlinie von Antalya ist mehr als 300 km lang. Unsere Liste ist von [&hellip;]<\/p>\n","protected":false},"author":6,"featured_media":7123,"parent":113,"menu_order":0,"comment_status":"open","ping_status":"closed","template":"","meta":{"_acf_changed":false,"footnotes":""},"categories":[],"tags":[69],"class_list":["post-3806","page","type-page","status-publish","has-post-thumbnail","hentry","tag-sports","post-wrapper","thrv_wrapper"],"acf":[],"wp-worthy-pixel":{"ignored":false,"public":null,"server":null,"url":null},"wp-worthy-type":"normal","_links":{"self":[{"href":"https:\/\/antalyatouristinformation.com\/de\/wp-json\/wp\/v2\/pages\/3806","targetHints":{"allow":["GET"]}}],"collection":[{"href":"https:\/\/antalyatouristinformation.com\/de\/wp-json\/wp\/v2\/pages"}],"about":[{"href":"https:\/\/antalyatouristinformation.com\/de\/wp-json\/wp\/v2\/types\/page"}],"author":[{"embeddable":true,"href":"https:\/\/antalyatouristinformation.com\/de\/wp-json\/wp\/v2\/users\/6"}],"replies":[{"embeddable":true,"href":"https:\/\/antalyatouristinformation.com\/de\/wp-json\/wp\/v2\/comments?post=3806"}],"version-history":[{"count":10,"href":"https:\/\/antalyatouristinformation.com\/de\/wp-json\/wp\/v2\/pages\/3806\/revisions"}],"predecessor-version":[{"id":14931,"href":"https:\/\/antalyatouristinformation.com\/de\/wp-json\/wp\/v2\/pages\/3806\/revisions\/14931"}],"up":[{"embeddable":true,"href":"https:\/\/antalyatouristinformation.com\/de\/wp-json\/wp\/v2\/pages\/113"}],"wp:featuredmedia":[{"embeddable":true,"href":"https:\/\/antalyatouristinformation.com\/de\/wp-json\/wp\/v2\/media\/7123"}],"wp:attachment":[{"href":"https:\/\/antalyatouristinformation.com\/de\/wp-json\/wp\/v2\/media?parent=3806"}],"wp:term":[{"taxonomy":"category","embeddable":true,"href":"https:\/\/antalyatouristinformation.com\/de\/wp-json\/wp\/v2\/categories?post=3806"},{"taxonomy":"post_tag","embeddable":true,"href":"https:\/\/antalyatouristinformation.com\/de\/wp-json\/wp\/v2\/tags?post=3806"}],"curies":[{"name":"wp","href":"https:\/\/api.w.org\/{rel}","templated":true}]}}