{"id":3809,"date":"2021-04-23T09:34:12","date_gmt":"2021-04-23T07:34:12","guid":{"rendered":"http:\/\/antalyatouristinformation.com\/clone4639485xzhehsskdjfhhdhebdkkekdeewsd4545gdfgm\/?page_id=3809"},"modified":"2023-04-27T13:05:02","modified_gmt":"2023-04-27T11:05:02","slug":"tandem-paragliding","status":"publish","type":"page","link":"https:\/\/antalyatouristinformation.com\/de\/sehenswurdigkeiten\/tandem-paragliding\/","title":{"rendered":"Paragliding: Die 3 besten Orte [+FAQ]"},"content":{"rendered":"<p>Dies ist unser vollst\u00e4ndiger Guide zum Tandem-Paragliding in Antalya.<\/p>\n<p>Hier erfahrt ihr alles \u00fcber die verf\u00fcgbaren Optionen, Preise und h\u00e4ufig gestellte Fragen.<\/p>\n<p>Bitte beachtet, dass nicht alle Paragliding-Standorte f\u00fcr alle <a href=\"https:\/\/antalyatouristinformation.com\/de\/plan\/urlaubsorte\/\">Beach Resorts<\/a> geeignet sind. Die K\u00fcstenlinie von Antalya ist mehr als 300 km lang.<\/p>\n<p>Hier sind drei m\u00f6gliche Optionen f\u00fcr Tandem-Gleitschirmfliegen in Antalya.<\/p>\n<h2 id=\"t-1620322814361\" data-alt-text=\"Olympos - Tahtal\u0131 Da\u011f\u0131\">1. Olympos &#8211; Tahtal\u0131 Da\u011f\u0131<\/h2>\n<p><span><img decoding=\"async\" alt=\"Olympos (Tahtali Dagi) in Antalya in Turkey\" data-id=\"7165\" width=\"702\" data-init-width=\"1000\" height=\"470\" data-init-height=\"667\" title=\"Olympos (Tahtali Dagi) in Antalya in Turkey\" src=\"https:\/\/antalyatouristinformation.com\/de\/wp-content\/uploads\/sites\/10\/2021\/05\/Olympos-Tahtali-Dagi-in-Antalya-in-Turkey.jpg\" data-width=\"702\" data-height=\"470\" loading=\"lazy\" data-pin-media=\"https:\/\/antalyatouristinformation.com\/de\/wp-content\/uploads\/sites\/10\/2021\/06\/prag_50_sehenswuerdigkeiten_pinterest-14-2.jpg\" data-pin-description=\"3 Tandem Paragliding Spots Antalya | Antalya Tourist Information\" data-pin-url=\"https:\/\/antalyatouristinformation.com\/de\/sehenswurdigkeiten\/tandem-paragliding\/?tve=true&amp;tcbf=bb691f7281\"><\/span><\/p>\n<ul>\n<li><a rel=\"noreferrer noopener nofollow\" href=\"https:\/\/pinterest.com\/pin\/create\/button\/?url=https:\/\/antalyatouristinformation.com\/de\/sehenswurdigkeiten\/tandem-paragliding\/?tve=true&amp;tcbf=6e1723076d&amp;is_video=false&amp;media=https:\/\/antalyatouristinformation.com\/de\/wp-content\/uploads\/sites\/10\/2021\/06\/prag_50_sehenswuerdigkeiten_pinterest-14-2.jpg&amp;description=3%20Tandem%20Paragliding%20Spots%20Antalya%20%7C%20Antalya%20Tourist%20Information\" target=\"_blank\"><span><\/span><span>Pin<\/span><\/a><\/li>\n<\/ul>\n<p>Innerhalb von 10 Minuten bringen euch die roten Kabinen der Seilbahn vom Strand <strong>in Kemer auf den Berg Tahtal\u0131<\/strong>, besser bekannt unter dem Namen <strong>Olympos<\/strong>. Schon w\u00e4hrend der Fahrt auf den <strong>2.365 Meter hohen<\/strong> <strong>Berg,<\/strong> einer der h\u00f6chsten direkt am Meer gelegenen Berge am Mittelmeer, habt ihr ein beeindruckendes Panorama.<\/p>\n<p>Von der Spitze aus starten die Paragliding Fl\u00fcge. <strong>Die Strecke hier ist die l\u00e4ngste in der Region Antalya.<\/strong> In Abh\u00e4ngigkeit von der Wetterlage dauern die Fl\u00fcge zwischen 35 und 60 Minuten. War das Panorama schon bei der Fahrt mit der Seilbahn beeindruckend, ist es auf dem Flug einfach umwerfend. Landen werdet ihr wieder in der N\u00e4he des Meers. Die Veranstalter bringen euch zu dem Ausgangspunkt zur\u00fcck.<\/p>\n<p>Olympos ist wegen des langen Flugerlebnisses und des fantastischen Blicks die zentralste, beste und auch die beliebteste Option in der Region Antalya. Organisierte Ausfl\u00fcge zum Paragleiten k\u00f6nnt ihr von allen Badeorten zwischen Ka\u015f und Alanya aus buchen.<\/p>\n<ul>\n<li>Mehr Informationen \u00fcber die&nbsp;<a href=\"https:\/\/antalyatouristinformation.com\/de\/sehenswurdigkeiten\/attraktionen\/olympos-seilbahn\/\">Olympos Teleferik Seilbahn<\/a>&nbsp;<\/li>\n<li>Hier k\u00f6nnt ihr ein&nbsp;<a href=\"https:\/\/antalyatouristinformation.com\/de\/hotel\/\">Resort in Antalya buchen<\/a>.<\/li>\n<li>Interessiert euch die&nbsp;<a href=\"https:\/\/antalyatouristinformation.com\/de\/sehenswurdigkeiten\/geschichte\/olympos\/\">antike St\u00e4tte Olympos?<\/a>&nbsp;<\/li>\n<\/ul>\n<h2 id=\"t-1620322814362\" data-alt-text=\"Alanya\">2. Paragliding in Alanya<\/h2>\n<p><span><img decoding=\"async\" alt=\"Paragliding in Antalya in Turkey\" data-id=\"7040\" width=\"702\" data-init-width=\"1000\" height=\"470\" data-init-height=\"667\" title=\"Paragliding in Antalya in Turkey\" src=\"https:\/\/antalyatouristinformation.com\/de\/wp-content\/uploads\/sites\/10\/2021\/05\/Paragliding-in-Antalya-in-Turkey.jpg\" data-width=\"702\" data-height=\"470\" loading=\"lazy\" data-pin-media=\"https:\/\/antalyatouristinformation.com\/de\/wp-content\/uploads\/sites\/10\/2021\/06\/prag_50_sehenswuerdigkeiten_pinterest-14-2.jpg\" data-pin-description=\"3 Tandem Paragliding Spots Antalya | Antalya Tourist Information\" data-pin-url=\"https:\/\/antalyatouristinformation.com\/de\/sehenswurdigkeiten\/tandem-paragliding\/?tve=true&amp;tcbf=bb691f7281\"><\/span><\/p>\n<ul>\n<li><a rel=\"noreferrer noopener nofollow\" href=\"https:\/\/pinterest.com\/pin\/create\/button\/?url=https:\/\/antalyatouristinformation.com\/de\/sehenswurdigkeiten\/tandem-paragliding\/?tve=true&amp;tcbf=6e1723076d&amp;is_video=false&amp;media=https:\/\/antalyatouristinformation.com\/de\/wp-content\/uploads\/sites\/10\/2021\/06\/prag_50_sehenswuerdigkeiten_pinterest-14-2.jpg&amp;description=3%20Tandem%20Paragliding%20Spots%20Antalya%20%7C%20Antalya%20Tourist%20Information\" target=\"_blank\"><span><\/span><span>Pin<\/span><\/a><\/li>\n<\/ul>\n<p>In <strong>Alanya<\/strong> k\u00f6nnt ihr von einem circa <strong>800 Meter hohen Berg im Taurusgebirge in der N\u00e4he der K\u00fcste <\/strong>Paragliding machen. Treffpunkt ist der Kleopatra Strand, von wo aus ihr mit Jeeps auf den Berg gebracht werdet. Je nach Wetterbedingungen dauern die Fl\u00fcge zwischen 10 und 25 Minuten. Landen werdet ihr wieder am <a href=\"https:\/\/antalyatouristinformation.com\/de\/sehenswurdigkeiten\/strand\/kleopatra\/\">Kleopatra Strand<\/a>.<\/p>\n<p>Genie\u00dft w\u00e4hrend eures Fluges den unvergesslichen Ausblick auf die Umgebung, den Burgberg von Alanya, das t\u00fcrkisblaue Meer und den Sandstrand.<\/p>\n<p>Verschiedene Veranstalter organisieren Paragliding-Fl\u00fcge mit Hotelabholung. Die Fl\u00fcge starten und enden in der Regel am Kleopatra-Strand, von wo aus ihr wieder zu eurem Hotel gebracht werdet. Direkt am Strand gibt es ebenfalls Anbieter.<\/p>\n<ul>\n<li>Alle Informationen \u00fcber die <a href=\"https:\/\/antalyatouristinformation.com\/de\/sehenswurdigkeiten\/alanya\/\">Sehensw\u00fcrdigkeiten in Alanya<\/a>&nbsp;<\/li>\n<\/ul>\n<h2 id=\"t-1620322814363\" data-alt-text=\"Ka\u015f\">3. Paragliding in Ka\u015f<\/h2>\n<p><span><img decoding=\"async\" alt=\"Paragliding in Kas in Antalya in Turkey\" data-id=\"7167\" width=\"702\" data-init-width=\"1000\" height=\"470\" data-init-height=\"667\" title=\"Paragliding in Kas in Antalya in Turkey\" src=\"https:\/\/antalyatouristinformation.com\/de\/wp-content\/uploads\/sites\/10\/2021\/05\/Paragliding-in-Kas-in-Antalya-in-Turkey.jpg\" data-width=\"702\" data-height=\"470\" loading=\"lazy\" data-pin-media=\"https:\/\/antalyatouristinformation.com\/de\/wp-content\/uploads\/sites\/10\/2021\/06\/prag_50_sehenswuerdigkeiten_pinterest-14-2.jpg\" data-pin-description=\"3 Tandem Paragliding Spots Antalya | Antalya Tourist Information\" data-pin-url=\"https:\/\/antalyatouristinformation.com\/de\/sehenswurdigkeiten\/tandem-paragliding\/?tve=true&amp;tcbf=bb691f7281\"><\/span><\/p>\n<ul>\n<li><a rel=\"noreferrer noopener nofollow\" href=\"https:\/\/pinterest.com\/pin\/create\/button\/?url=https:\/\/antalyatouristinformation.com\/de\/sehenswurdigkeiten\/tandem-paragliding\/?tve=true&amp;tcbf=6e1723076d&amp;is_video=false&amp;media=https:\/\/antalyatouristinformation.com\/de\/wp-content\/uploads\/sites\/10\/2021\/06\/prag_50_sehenswuerdigkeiten_pinterest-14-2.jpg&amp;description=3%20Tandem%20Paragliding%20Spots%20Antalya%20%7C%20Antalya%20Tourist%20Information\" target=\"_blank\"><span><\/span><span>Pin<\/span><\/a><\/li>\n<\/ul>\n<p>Falls ihr in <strong>Ka\u015f<\/strong> oder Umgebung wohnt, bietet sich die Gelegenheit zum <strong>Paragleiten von dem 600 Meter hohen Berg Assas<\/strong>. Treffpunkt ist in der Regel das B\u00fcro der Anbieter; landen werdet ihr in der N\u00e4he des Hafens von Ka\u015f.<\/p>\n<p>Je nach Wetterbedingungen dauert der Flug zwischen 10 und 20 Minuten. Der Blick auf Ka\u015f, den Hafen, das Meer und die <a href=\"https:\/\/antalyatouristinformation.com\/de\/sehenswurdigkeiten\/inseln\/kastellorizo\/\">griechische Insel Kastellorizo <\/a>sind unvergesslich.<\/p>\n<ul>\n<li>Mehr lesen: <a href=\"https:\/\/antalyatouristinformation.com\/de\/sehenswurdigkeiten\/kas\/\">Sehensw\u00fcrdigkeiten in Ka\u015f<\/a>&nbsp;<\/li>\n<li>Mehr lesen: die sch\u00f6nsten <a href=\"https:\/\/antalyatouristinformation.com\/de\/sehenswurdigkeiten\/inseln\/\">8 Inseln in Antalya&nbsp;<\/a><\/li>\n<\/ul>\n<p><span><img decoding=\"async\" alt=\"How to book Tandem-Paragliding in Antalya\" data-id=\"7170\" width=\"702\" data-init-width=\"1000\" height=\"470\" data-init-height=\"667\" title=\"How to book Tandem-Paragliding in Antalya\" src=\"https:\/\/antalyatouristinformation.com\/de\/wp-content\/uploads\/sites\/10\/2021\/05\/How-to-book-Tandem-Paragliding-in-Antalya.jpg\" data-width=\"702\" data-height=\"470\" loading=\"lazy\" data-pin-media=\"https:\/\/antalyatouristinformation.com\/de\/wp-content\/uploads\/sites\/10\/2021\/06\/prag_50_sehenswuerdigkeiten_pinterest-14-2.jpg\" data-pin-description=\"3 Tandem Paragliding Spots Antalya | Antalya Tourist Information\" data-pin-url=\"https:\/\/antalyatouristinformation.com\/de\/sehenswurdigkeiten\/tandem-paragliding\/?tve=true&amp;tcbf=bb691f7281\"><\/span><\/p>\n<ul>\n<li><a rel=\"noreferrer noopener nofollow\" href=\"https:\/\/pinterest.com\/pin\/create\/button\/?url=https:\/\/antalyatouristinformation.com\/de\/sehenswurdigkeiten\/tandem-paragliding\/?tve=true&amp;tcbf=6e1723076d&amp;is_video=false&amp;media=https:\/\/antalyatouristinformation.com\/de\/wp-content\/uploads\/sites\/10\/2021\/06\/prag_50_sehenswuerdigkeiten_pinterest-14-2.jpg&amp;description=3%20Tandem%20Paragliding%20Spots%20Antalya%20%7C%20Antalya%20Tourist%20Information\" target=\"_blank\"><span><\/span><span>Pin<\/span><\/a><\/li>\n<\/ul>\n<h2 id=\"t-1625730471078\" data-alt-text=\"Buchung\">Wie buche ich Tandem-Paragliding in Antalya?<\/h2>\n<p>Das kommt auf den Ort an.<\/p>\n<p>In Alanya haben die Verk\u00e4ufer zum Beispiel ihre St\u00e4nde direkt am Strand. Die lokalen Reiseb\u00fcros haben Paragliding auch im Sortiment, dasselbe gilt f\u00fcr die Verk\u00e4ufer in den Hotels. Nat\u00fcrlich k\u00f6nnt ihr auch online buchen.<\/p>\n<p>Im Fall der <a href=\"https:\/\/antalyatouristinformation.com\/de\/sehenswurdigkeiten\/attraktionen\/olympos-seilbahn\/\">Olympos Teleferik &nbsp;Seilbahn<\/a> k\u00f6nnt ihr entweder online oder bei einem lokalen Reiseb\u00fcro buchen.<\/p>\n<p>Die Buchung in Ka\u015f funktioniert mit lokalen Reiseb\u00fcros, im Hotel oder online.<\/p>\n<p><span><img decoding=\"async\" alt=\"Tahtali Berges bei Kemer in Antalya\" data-id=\"7172\" width=\"702\" data-init-width=\"1000\" height=\"470\" data-init-height=\"667\" title=\"Tahtali Berges bei Kemer in Antalya\" src=\"https:\/\/antalyatouristinformation.com\/de\/wp-content\/uploads\/sites\/10\/2021\/05\/Tahtali-Berges-bei-Kemer-in-Antalya.jpg\" data-width=\"702\" data-height=\"470\" loading=\"lazy\" data-pin-media=\"https:\/\/antalyatouristinformation.com\/de\/wp-content\/uploads\/sites\/10\/2021\/06\/prag_50_sehenswuerdigkeiten_pinterest-14-2.jpg\" data-pin-description=\"3 Tandem Paragliding Spots Antalya | Antalya Tourist Information\" data-pin-url=\"https:\/\/antalyatouristinformation.com\/de\/sehenswurdigkeiten\/tandem-paragliding\/?tve=true&amp;tcbf=bb691f7281\"><\/span><\/p>\n<ul>\n<li><a rel=\"noreferrer noopener nofollow\" href=\"https:\/\/pinterest.com\/pin\/create\/button\/?url=https:\/\/antalyatouristinformation.com\/de\/sehenswurdigkeiten\/tandem-paragliding\/?tve=true&amp;tcbf=6e1723076d&amp;is_video=false&amp;media=https:\/\/antalyatouristinformation.com\/de\/wp-content\/uploads\/sites\/10\/2021\/06\/prag_50_sehenswuerdigkeiten_pinterest-14-2.jpg&amp;description=3%20Tandem%20Paragliding%20Spots%20Antalya%20%7C%20Antalya%20Tourist%20Information\" target=\"_blank\"><span><\/span><span>Pin<\/span><\/a><\/li>\n<\/ul>\n<h2 id=\"t-1620322814365\" data-alt-text=\"FAQ\">FAQ<\/h2>\n<ul>\n<li><span><strong>Fotos:<\/strong> Die Piloten machen mit GoPro-Kameras Bilder von eurem Flug. Ihr k\u00f6nnt die Bilder nach der Landung von ihnen in bar kaufen. Dies ist ein gro\u00dfer Teil ihres Einkommens.&nbsp;<\/span><\/li>\n<li><span><strong>Dauer:&nbsp;<\/strong>Die Dauer h\u00e4ngt vom Berg und dem Wetter ab. Ihr k\u00f6nnt an allen Orten in Antalya mit einer Fahrt von mindestens 20 Minuten rechnen.&nbsp;<\/span><\/li>\n<li><span><strong>Adrenalin-Flug:<\/strong> Die Piloten fragen euch, ob ihr die Adrenalin-Pump-Version oder eine sanfte Fahrt zur\u00fcck zum Strand w\u00fcnscht. Sie richten sich dabei nach euren W\u00fcnschen.<\/span><\/li>\n<li><span><strong>Preis:<\/strong> Die Preise f\u00fcr Tandem-Paragliding variieren je nach Saison. Aufgrund der h\u00f6heren Nachfrage w\u00e4hrend der Sommerferien k\u00f6nnen die Preise um 20 bis 30&nbsp;% steigen.<\/span><\/li>\n<li><span><strong>Gep\u00e4ck:<\/strong> Die Piloten werden euer Gep\u00e4ck in ihren Rucksack packen. Bitte nehmt keine allzu gro\u00dfen Gegenst\u00e4nde mit, da die nicht in den Rucksack passen. In diesen F\u00e4llen bekommt ihr eure Sachen am Landeplatz zur\u00fcck.&nbsp;<\/span><\/li>\n<\/ul>\n<p><span><img decoding=\"async\" alt=\"Paragliding Courses in Antalya\" data-id=\"7174\" width=\"702\" data-init-width=\"1000\" height=\"470\" data-init-height=\"667\" title=\"Paragliding Courses in Antalya\" src=\"https:\/\/antalyatouristinformation.com\/de\/wp-content\/uploads\/sites\/10\/2021\/05\/Paragliding-Courses-in-Antalya.jpg\" data-width=\"702\" data-height=\"470\" loading=\"lazy\" data-pin-media=\"https:\/\/antalyatouristinformation.com\/de\/wp-content\/uploads\/sites\/10\/2021\/06\/prag_50_sehenswuerdigkeiten_pinterest-14-2.jpg\" data-pin-description=\"3 Tandem Paragliding Spots Antalya | Antalya Tourist Information\" data-pin-url=\"https:\/\/antalyatouristinformation.com\/de\/sehenswurdigkeiten\/tandem-paragliding\/?tve=true&amp;tcbf=bb691f7281\"><\/span><\/p>\n<ul>\n<li><a rel=\"noreferrer noopener nofollow\" href=\"https:\/\/pinterest.com\/pin\/create\/button\/?url=https:\/\/antalyatouristinformation.com\/de\/sehenswurdigkeiten\/tandem-paragliding\/?tve=true&amp;tcbf=6e1723076d&amp;is_video=false&amp;media=https:\/\/antalyatouristinformation.com\/de\/wp-content\/uploads\/sites\/10\/2021\/06\/prag_50_sehenswuerdigkeiten_pinterest-14-2.jpg&amp;description=3%20Tandem%20Paragliding%20Spots%20Antalya%20%7C%20Antalya%20Tourist%20Information\" target=\"_blank\"><span><\/span><span>Pin<\/span><\/a><\/li>\n<\/ul>\n<h2 id=\"t-1620322814366\" data-alt-text=\"Kurse\">Paragliding Kurse in Antalya<\/h2>\n<p>Die lokalen Schulen bieten auf Anfrage auch Paragliding Kurse an. Ihre Piloten sind sehr erfahren, weil sie t\u00e4glich mehrere Spr\u00fcnge durchf\u00fchren und dadurch Sch\u00fcler gut begleiten k\u00f6nnen.<\/p>\n<p>Anfragen zu Kursen richtet ihr bitte direkt an die <a href=\"https:\/\/www.antalya-paragliding.com\/courses\/index.html\" target=\"_blank\" rel=\"noopener\">Paragliding Anbieter<\/a>.<\/p>\n<p>Rafting ist auch sehr beliebt in Antalya. Falls euch Rafting zu heftig ist, k\u00f6nnt ihr hier mehr \u00fcber andere Sportm\u00f6glichkeiten in Antalya lesen:<\/p>\n","protected":false},"excerpt":{"rendered":"<p>Dies ist unser vollst\u00e4ndiger Guide zum Tandem-Paragliding in Antalya. Hier erfahrt ihr alles \u00fcber die verf\u00fcgbaren Optionen, Preise und h\u00e4ufig gestellte Fragen. Bitte beachtet, dass nicht alle Paragliding-Standorte f\u00fcr alle Beach Resorts geeignet sind. Die K\u00fcstenlinie von Antalya ist mehr als 300 km lang. Hier sind drei m\u00f6gliche Optionen f\u00fcr Tandem-Gleitschirmfliegen in Antalya. 1. Olympos [&hellip;]<\/p>\n","protected":false},"author":6,"featured_media":7163,"parent":113,"menu_order":0,"comment_status":"open","ping_status":"closed","template":"","meta":{"_acf_changed":false,"footnotes":""},"categories":[],"tags":[69],"class_list":["post-3809","page","type-page","status-publish","has-post-thumbnail","hentry","tag-sports","post-wrapper","thrv_wrapper"],"acf":[],"wp-worthy-pixel":{"ignored":false,"public":null,"server":null,"url":null},"wp-worthy-type":"normal","_links":{"self":[{"href":"https:\/\/antalyatouristinformation.com\/de\/wp-json\/wp\/v2\/pages\/3809","targetHints":{"allow":["GET"]}}],"collection":[{"href":"https:\/\/antalyatouristinformation.com\/de\/wp-json\/wp\/v2\/pages"}],"about":[{"href":"https:\/\/antalyatouristinformation.com\/de\/wp-json\/wp\/v2\/types\/page"}],"author":[{"embeddable":true,"href":"https:\/\/antalyatouristinformation.com\/de\/wp-json\/wp\/v2\/users\/6"}],"replies":[{"embeddable":true,"href":"https:\/\/antalyatouristinformation.com\/de\/wp-json\/wp\/v2\/comments?post=3809"}],"version-history":[{"count":9,"href":"https:\/\/antalyatouristinformation.com\/de\/wp-json\/wp\/v2\/pages\/3809\/revisions"}],"predecessor-version":[{"id":14968,"href":"https:\/\/antalyatouristinformation.com\/de\/wp-json\/wp\/v2\/pages\/3809\/revisions\/14968"}],"up":[{"embeddable":true,"href":"https:\/\/antalyatouristinformation.com\/de\/wp-json\/wp\/v2\/pages\/113"}],"wp:featuredmedia":[{"embeddable":true,"href":"https:\/\/antalyatouristinformation.com\/de\/wp-json\/wp\/v2\/media\/7163"}],"wp:attachment":[{"href":"https:\/\/antalyatouristinformation.com\/de\/wp-json\/wp\/v2\/media?parent=3809"}],"wp:term":[{"taxonomy":"category","embeddable":true,"href":"https:\/\/antalyatouristinformation.com\/de\/wp-json\/wp\/v2\/categories?post=3809"},{"taxonomy":"post_tag","embeddable":true,"href":"https:\/\/antalyatouristinformation.com\/de\/wp-json\/wp\/v2\/tags?post=3809"}],"curies":[{"name":"wp","href":"https:\/\/api.w.org\/{rel}","templated":true}]}}