{"id":3815,"date":"2021-04-23T09:36:06","date_gmt":"2021-04-23T07:36:06","guid":{"rendered":"http:\/\/antalyatouristinformation.com\/clone4639485xzhehsskdjfhhdhebdkkekdeewsd4545gdfgm\/?page_id=3815"},"modified":"2023-04-27T13:06:04","modified_gmt":"2023-04-27T11:06:04","slug":"rafting","status":"publish","type":"page","link":"https:\/\/antalyatouristinformation.com\/de\/sehenswurdigkeiten\/rafting\/","title":{"rendered":"Rafting in Antalya: Der komplette Guide"},"content":{"rendered":"<p>Wassersport ist eine sehr beliebte Aktivit\u00e4t in Antalya. Es stehen sehr viele Auswahlm\u00f6glichkeiten f\u00fcr Sport- und Wasserliebhaber zur Verf\u00fcgung. In unserem Guide zu <a href=\"https:\/\/antalyatouristinformation.com\/de\/sehenswurdigkeiten\/wassersport\/\">Wassersport in Antalya<\/a> seht ihr die ganze Vielfalt, die es in der sch\u00f6nen Natur von Antalya zu sehen und zu erleben gibt.<\/p>\n<p>Eine sehr popul\u00e4re Aktivit\u00e4t ist Rafting. Besonders w\u00e4hrend der hei\u00dfen Sommertage ist es sehr beliebt.<\/p>\n<p>Auf dieser Seite findet ihr Orte, die f\u00fcr Rafting in Antalya bekannt sind, Informationen \u00fcber Rafting-Ausfl\u00fcge und h\u00e4ufig gestellte Fragen.<\/p>\n<p>Lasst uns anfangen \u2026<\/p>\n<p><span><img decoding=\"async\" alt=\"K\u00f6pr\u00fcl\u00fc Canyon in Antalya in Turkey\" data-id=\"7233\" width=\"702\" data-init-width=\"1000\" height=\"470\" data-init-height=\"667\" title=\"K\u00f6pr\u00fcl\u00fc Canyon in Antalya in Turkey\" loading=\"lazy\" src=\"https:\/\/antalyatouristinformation.com\/de\/wp-content\/uploads\/sites\/10\/2021\/05\/Koprulu-Kanyon-in-Antalya-in-Turkey-6.jpg\" data-width=\"702\" data-height=\"470\"><\/span><\/p>\n<h2 id=\"t-1620409563825\" data-alt-text=\"K\u00f6pr\u00fcl\u00fc Canyon\">1. Rafting im K\u00f6pr\u00fcl\u00fc Canyon<\/h2>\n<p>K\u00f6pr\u00fcl\u00fc ist das gr\u00f6\u00dfte Wildwasserrafting Zentrum der T\u00fcrkei. Es gibt Rafting Ausfl\u00fcge aus allen Badeorten zwischen Kemer und Alanya. Die Ausfl\u00fcge k\u00f6nnt ihr online mit Hin- und R\u00fccktransfer aus dem Hotel buchen.<\/p>\n<p>Die Touren werden das ganze Jahr angeboten, auch in den Wintermonaten. Die Rafting Touren beinhalten, abh\u00e4ngig vom Anbieter, Rafting mit einem Schlauchboot, eine Jeep-Safari, einen Fotostopp am Eagles Canyon, Zip-Lining oder Canyoning.<\/p>\n<p>Die Ausr\u00fcstung, die ihr f\u00fcrs Rafting ben\u00f6tigt, wird vom Anbieter zur Verf\u00fcgung gestellt. Dazu geh\u00f6ren unter anderem die Schwimmweste und der Helm.<\/p>\n<p>Normalerweise sind die Rafts f\u00fcr 4 \u2013 12 Personen ausgelegt. Die Schlauchboote bestehen aus sehr robustem Gummi und haben mehrere unabh\u00e4ngige Luftkammern, sodass auch bei Besch\u00e4digung einer Kammer das Boot nicht untergeht. Auch im Sommer ist das Wasser sehr kalt und wird kaum w\u00e4rmer als maximal 12 Grad.<\/p>\n<ul>\n<li>Mehr lesen: der <a href=\"https:\/\/antalyatouristinformation.com\/de\/sehenswurdigkeiten\/canyon\/koprulu\/\">K\u00f6pr\u00fcl\u00fc Canyon<\/a> und der <a href=\"https:\/\/antalyatouristinformation.com\/de\/sehenswurdigkeiten\/canyon\/tazi-eagle\/\">Taz\u0131 Canyon <\/a><\/li>\n<li>Werft auch einen Blick auf unsere <a href=\"http:\/\/Hier sind unsere Hotelempfehlungen f\u00fcr Antalya\">Hotelempfehlungen<\/a> f\u00fcr Antalya.<\/li>\n<\/ul>\n<p><span><img decoding=\"async\" alt=\"Rafting in Saklikent in Antalya Turkey\" data-id=\"7322\" width=\"702\" data-init-width=\"1000\" height=\"470\" data-init-height=\"667\" title=\"Rafting in Saklikent in Antalya Turkey\" loading=\"lazy\" src=\"https:\/\/antalyatouristinformation.com\/de\/wp-content\/uploads\/sites\/10\/2021\/05\/Rafting-in-Saklikent-in-Antalya-Turkey.jpg\" data-width=\"702\" data-height=\"470\"><\/span><\/p>\n<h2 id=\"t-1620409563826\" data-alt-text=\"Saklikent Canyon\">2. Rafting in Saklikent<\/h2>\n<p>Der Saklikent Nationalpark ist geteilt zwischen der Provinz Antalya und der Nachbarprovinz Mugla. Rafting wird in Saklikent im kleinen Rahmen angeboten. Auf dem Fluss gibt es vor allem Angebote f\u00fcr Rafting mit Schwimmreifen, das auch Tubing genannt wird.<\/p>\n<p>Die \u00fcberdimensionalen Reifen sind aufgrund ihrer Form auch als &#8222;Donuts&#8220; oder &#8222;Biscuits&#8220; bekannt. Im Gegensatz zum Rafting, bei dem 4-12 Personen in einem Schlauchboot sitzen, wobei jeder mit einem Stechpaddel ausger\u00fcstet ist, sitzt ihr beim Tubing alleine mit einem Doppelpaddel in einem Schwimmreifen. Da die Reifen kleiner sind als die Schlauchboote, drehen sie sich \u00f6fters und schneller im Wasser.<\/p>\n<p>Die Touren k\u00f6nnt ihr von der Region Ka\u015f aus buchen, meist in Kombination mit einer Jeep-Safari zu <a href=\"https:\/\/antalyatouristinformation.com\/de\/sehenswurdigkeiten\/geschichte\/xanthos\/\">antiken Ruinen von Xanthos <\/a>oder zu der <a href=\"https:\/\/antalyatouristinformation.com\/de\/sehenswurdigkeiten\/geschichte\/patara\/\">antiken Stadt Patara<\/a>, dem <a href=\"https:\/\/antalyatouristinformation.com\/de\/sehenswurdigkeiten\/strand\/patara\/\">Patara Strand<\/a> und einem optionalen Schlammbad nahe Saklikent.<\/p>\n<ul>\n<li>Mehr lesen: Guide zum <a href=\"https:\/\/antalyatouristinformation.com\/de\/sehenswurdigkeiten\/canyon\/saklikent\/\">Sakl\u0131kent Canyon Nationalpark <\/a><\/li>\n<\/ul>\n<p><span><img decoding=\"async\" alt=\"Alara River Rafting is possible in Spring\" data-id=\"7222\" width=\"702\" data-init-width=\"1000\" height=\"470\" data-init-height=\"667\" title=\"Alara River Rafting is possible in Spring\" loading=\"lazy\" src=\"https:\/\/antalyatouristinformation.com\/de\/wp-content\/uploads\/sites\/10\/2021\/05\/Alara-River-Rafting-is-possible-in-Spring.jpg\" data-width=\"702\" data-height=\"470\"><\/span><\/p>\n<h2 id=\"t-1620409563831\" data-alt-text=\"Alara River\">3. Rafting auf dem Fluss Alara (Alanya)<\/h2>\n<p>Der etwa 70 Kilometer lange Fluss Alara m\u00fcndet im Badeort Okurcalar in das Mittelmeer. Im Fr\u00fchling ist das Wasser im Fluss hoch genug f\u00fcr Rafting. Auf der Raftingtour trefft ihr auf enge Canyons, teilweise gro\u00dfe Felsbrocken sowie einige heftige Stufen, die ihr nur durch Spr\u00fcnge in die darunter befindlichen Wasserbecken \u00fcberwinden k\u00f6nnt. Lokale Reiseveranstalter organisieren die Ausfl\u00fcge abh\u00e4ngig von der Wassersituation.<\/p>\n<p>Das ist eine Option f\u00fcr G\u00e4ste aus den Badeorten im Landkreis Alanya, von Okurcalar bis Alanya Stadt. Falls Rafting am Alara Fluss nicht m\u00f6glich ist, ist der <a href=\"https:\/\/antalyatouristinformation.com\/de\/sehenswurdigkeiten\/canyon\/koprulu\/\">K\u00f6pr\u00fcl\u00fc Canyon Nationalpark<\/a> das ganze Jahr eine Alternative.<\/p>\n<ul>\n<li>Mehr lesen: <a href=\"https:\/\/antalyatouristinformation.com\/de\/sehenswurdigkeiten\/geschichte\/alara-han\/\" target=\"_blank\" rel=\"noopener\">Alara Han &amp; Burg<\/a><\/li>\n<li>Mehr lesen: <a href=\"https:\/\/antalyatouristinformation.com\/de\/sehenswurdigkeiten\/alanya\/\">Sehensw\u00fcrdigkeiten in Alanya<\/a>&nbsp;<\/li>\n<\/ul>\n<p><span><img decoding=\"async\" alt=\"Rafting at D\u00fcden River in Antalya Turkey\" data-id=\"7226\" width=\"702\" data-init-width=\"1000\" height=\"470\" data-init-height=\"667\" title=\"Rafting at D\u00fcden River in Antalya Turkey\" loading=\"lazy\" src=\"https:\/\/antalyatouristinformation.com\/de\/wp-content\/uploads\/sites\/10\/2021\/05\/Rafting-at-Duden-River-in-Antalya-Turkey.jpg\" data-width=\"702\" data-height=\"470\"><\/span><\/p>\n<h2 id=\"t-1620409563827\" data-alt-text=\"D\u00fcden River\">4. Rafting auf dem Fluss D\u00fcden<\/h2>\n<p>Rafting k\u00f6nnt ihr auf dem Fluss D\u00fcden Fluss zwischen dem <a href=\"https:\/\/antalyatouristinformation.com\/de\/sehenswurdigkeiten\/wasserfalle\/oberer-duden\/\">Oberen D\u00fcden Wasserfall<\/a> und dem <a href=\"https:\/\/antalyatouristinformation.com\/de\/sehenswurdigkeiten\/wasserfalle\/unterer-duden\/\">Unteren D\u00fcden Wasserfall<\/a> in Antalya-Lara machen. Die Boote fahren dabei bis zu dem mit Mettallgittern gesicherten oberen Teil des 50 m hohen D\u00fcden Wasserfalls an den Klippen von Antalya, auch Karpuz Kald\u0131ran genannt. Auf der 4 Kilometer langen Raftingstrecke trefft ihr auf mehrere Serpentinen und enge Stellen.<\/p>\n<p>Besonders am Ende der Strecke braucht ihr das professionelle Wissen der geschulten F\u00fchrer, damit ihr die Boote rechtzeitig vor den Metallgittern stoppen und ans Ufer bringen k\u00f6nnt.<\/p>\n<p>Die Ausfl\u00fcge zum Rafting auf dem Fluss D\u00fcden k\u00f6nnt ihr nur von der Stadt Antalya aus mit lokalen Reiseveranstaltern buchen.<\/p>\n<ul>\n<li>Mehr lesen: <a href=\"https:\/\/antalyatouristinformation.com\/de\/sehenswurdigkeiten\/strand\/konyaalti\/\">Konyaalt\u0131 Strand<\/a> und <a href=\"https:\/\/antalyatouristinformation.com\/de\/sehenswurdigkeiten\/strand\/lara\/\">Lara Strand<\/a> in Antalya&nbsp;<\/li>\n<\/ul>\n<p><span><img decoding=\"async\" alt=\"Where can I book Rafting in Antalya in Turkey\" data-id=\"7324\" width=\"702\" data-init-width=\"1000\" height=\"470\" data-init-height=\"667\" title=\"Where can I book Rafting in Antalya in Turkey\" loading=\"lazy\" src=\"https:\/\/antalyatouristinformation.com\/de\/wp-content\/uploads\/sites\/10\/2021\/05\/Where-can-I-book-Rafting-in-Antalya-in-Turkey.jpg\" data-width=\"702\" data-height=\"470\"><\/span><\/p>\n<h2 id=\"t-1625685397682\" data-alt-text=\"Buchung \">Wo kann ich Rafting in Antalya buchen?<\/h2>\n<p>Rafting k\u00f6nnt ihr abh\u00e4ngig von der gew\u00e4hlten Option direkt vom Anbieter, bei lokalen Reiseb\u00fcros, im Hotel oder online buchen.<\/p>\n<h3 style=\"text-align: center\">Buchungen in Antalya<\/h3>\n<p>AntalyaTouristInformation ist euer Partner, wenn es um die Planung eurer Reise nach Antalya geht. Buchungen, Fragen \u00fcber Antalya Reisen, Gruppenreisen, Transfers &#8211; wir k\u00fcmmern uns um alles, kontaktiert uns einfach. &nbsp;<\/p>\n<p><span><img decoding=\"async\" alt=\"K\u00f6prul\u00fc Canyon in Antalya \" data-id=\"7223\" width=\"702\" data-init-width=\"1000\" height=\"470\" data-init-height=\"667\" title=\"K\u00f6prul\u00fc Canyon in Antalya \" loading=\"lazy\" src=\"https:\/\/antalyatouristinformation.com\/de\/wp-content\/uploads\/sites\/10\/2021\/05\/Koprulu-Kanyon-in-Antalya-in-Turkey-10.jpg\" data-width=\"702\" data-height=\"470\"><\/span><\/p>\n<h2 id=\"t-1620409563829\" data-alt-text=\"FAQ\">Frequently Asked Questions (FAQ)<\/h2>\n<ul>\n<li><span><strong>Preis:<\/strong> Durchschnittliche Angebote beinhalten im Preis Hin- und R\u00fccktransfer aus dem Hotel, Essen und ein zus\u00e4tzliches Programm.&nbsp;<\/span><\/li>\n<li><span><strong>Transfer: <\/strong>Die meisten Rafting Angebote in Antalya beinhalten den Transfer aus dem Hotel zum Rafting Zentrum und zur\u00fcck in das Hotel.<\/span><\/li>\n<li><span><strong>Ausr\u00fcstung<\/strong><b>:<\/b> Sicherheitsausr\u00fcstung wie Schwimmwesten, Neoprenanz\u00fcge, Helm und Paddeln werden von den lokalen Veranstaltern gestellt.<\/span><\/li>\n<li><span><strong>Kleidung:&nbsp;<\/strong>Die Sicherheitskleidung wird von den lokalen Anbietern gestellt, dazu geh\u00f6ren auch die Neoprenanz\u00fcge. Darunter k\u00f6nnt ihr Badekleidung tragen.<\/span><\/li>\n<li><span><strong>Verpflegung:&nbsp;<\/strong>Bei den Rafting Touren in Antalya ist meistens ein Mittagessen im Preis enthalten. Je nach Anbieter sind bei dem All-inclusive-Paket auch Getr\u00e4nke dabei.<\/span><\/li>\n<li><span><strong>Fotos:&nbsp;<\/strong>Eigene Fotos w\u00e4hrend dem Rafting zu machen, ist sehr schwer. Daher empfehlen wir euch eine eigene wasserfeste Kamera, zum Beispiel eine GoPro. Die Rafting Anbieter haben eigene Fotografen, die Erinnerungsfotos aufnehmen. Nach der Tour k\u00f6nnt ihr sie von den Fotografen kaufen. &nbsp;<\/span><\/li>\n<\/ul>\n<p><span><img decoding=\"async\" alt=\"rafting at Koprulu Kanyon in Antalya in Turkey\" data-id=\"5136\" width=\"702\" data-init-width=\"1000\" height=\"470\" data-init-height=\"670\" title=\"rafting at Koprulu Kanyon in Antalya in Turkey\" loading=\"lazy\" src=\"https:\/\/antalyatouristinformation.com\/de\/wp-content\/uploads\/sites\/10\/2021\/04\/rafting-at-Koepruelue-Kanyon-in-Antalya.jpg\" data-width=\"702\" data-height=\"470\" data-pinpro-key=\"amjai81j9\"><\/span><\/p>\n<h2 id=\"t-1620409563830\" data-hide=\"true\">Fazit<\/h2>\n<p>Rafting bietet euch eine willkommene Abwechslung vom Strand- und Badeurlaub. In der Provinz Antalya werden diese Ausfl\u00fcge von allen Badeorten zwischen Kemer und Alanya aus mit Hotelabholung organisiert. K\u00f6pr\u00fcl\u00fc ist das gr\u00f6\u00dfte Wildwasserrafting Zentrum der T\u00fcrkei, hier ist Rafting ganzj\u00e4hrig m\u00f6glich.<\/p>\n<p>Daneben gibt es noch verschiedene regionale Angebote f\u00fcr Rafting, die nicht von jedem Badeort angeboten werden. Rafting in Sakl\u0131kent wird in der Region von Ka\u015f angeboten, an den Alara Fluss kommen G\u00e4ste aus Alanya und Umgebung und Rafting auf dem D\u00fcden Fluss bietet sich f\u00fcr G\u00e4ste in Antalya an.<\/p>\n<p>Mit entsprechender Ausr\u00fcstung und unter professioneller F\u00fchrung gilt Rafting in der Region Antalya als ungef\u00e4hrlich.<\/p>\n<p>Mehr Informationen zu den <a href=\"https:\/\/antalyatouristinformation.com\/de\/sehenswurdigkeiten\/antalya-stadt\/\">Sehensw\u00fcrdigkeiten in Antalya <\/a>findet ihr hier.<\/p>\n<p style=\"text-align: center\"><a href=\"https:\/\/www.google.com\/maps\/d\/u\/1\/viewer?hl=tr&amp;mid=1Nwn4BvYNdlFxtautD1_zAFBO2xGPbsLT&amp;ll=36.83464564741368%2C30.565070850000023&amp;z=9\" target=\"_blank\" rel=\"noopener\">(Link zur Karte)<\/a><\/p>\n","protected":false},"excerpt":{"rendered":"<p>Wassersport ist eine sehr beliebte Aktivit\u00e4t in Antalya. Es stehen sehr viele Auswahlm\u00f6glichkeiten f\u00fcr Sport- und Wasserliebhaber zur Verf\u00fcgung. In unserem Guide zu Wassersport in Antalya seht ihr die ganze Vielfalt, die es in der sch\u00f6nen Natur von Antalya zu sehen und zu erleben gibt. Eine sehr popul\u00e4re Aktivit\u00e4t ist Rafting. Besonders w\u00e4hrend der hei\u00dfen [&hellip;]<\/p>\n","protected":false},"author":6,"featured_media":7230,"parent":113,"menu_order":0,"comment_status":"open","ping_status":"closed","template":"","meta":{"_acf_changed":false,"footnotes":""},"categories":[],"tags":[69],"class_list":["post-3815","page","type-page","status-publish","has-post-thumbnail","hentry","tag-sports","post-wrapper","thrv_wrapper"],"acf":[],"wp-worthy-pixel":{"ignored":false,"public":null,"server":null,"url":null},"wp-worthy-type":"normal","_links":{"self":[{"href":"https:\/\/antalyatouristinformation.com\/de\/wp-json\/wp\/v2\/pages\/3815","targetHints":{"allow":["GET"]}}],"collection":[{"href":"https:\/\/antalyatouristinformation.com\/de\/wp-json\/wp\/v2\/pages"}],"about":[{"href":"https:\/\/antalyatouristinformation.com\/de\/wp-json\/wp\/v2\/types\/page"}],"author":[{"embeddable":true,"href":"https:\/\/antalyatouristinformation.com\/de\/wp-json\/wp\/v2\/users\/6"}],"replies":[{"embeddable":true,"href":"https:\/\/antalyatouristinformation.com\/de\/wp-json\/wp\/v2\/comments?post=3815"}],"version-history":[{"count":10,"href":"https:\/\/antalyatouristinformation.com\/de\/wp-json\/wp\/v2\/pages\/3815\/revisions"}],"predecessor-version":[{"id":14969,"href":"https:\/\/antalyatouristinformation.com\/de\/wp-json\/wp\/v2\/pages\/3815\/revisions\/14969"}],"up":[{"embeddable":true,"href":"https:\/\/antalyatouristinformation.com\/de\/wp-json\/wp\/v2\/pages\/113"}],"wp:featuredmedia":[{"embeddable":true,"href":"https:\/\/antalyatouristinformation.com\/de\/wp-json\/wp\/v2\/media\/7230"}],"wp:attachment":[{"href":"https:\/\/antalyatouristinformation.com\/de\/wp-json\/wp\/v2\/media?parent=3815"}],"wp:term":[{"taxonomy":"category","embeddable":true,"href":"https:\/\/antalyatouristinformation.com\/de\/wp-json\/wp\/v2\/categories?post=3815"},{"taxonomy":"post_tag","embeddable":true,"href":"https:\/\/antalyatouristinformation.com\/de\/wp-json\/wp\/v2\/tags?post=3815"}],"curies":[{"name":"wp","href":"https:\/\/api.w.org\/{rel}","templated":true}]}}