{"id":3825,"date":"2021-04-23T09:44:10","date_gmt":"2021-04-23T07:44:10","guid":{"rendered":"http:\/\/antalyatouristinformation.com\/clone4639485xzhehsskdjfhhdhebdkkekdeewsd4545gdfgm\/?page_id=3825"},"modified":"2025-05-30T10:25:15","modified_gmt":"2025-05-30T08:25:15","slug":"yoga","status":"publish","type":"page","link":"https:\/\/antalyatouristinformation.com\/de\/sehenswurdigkeiten\/retreats\/yoga\/","title":{"rendered":"Yoga Retreat in der Region Antalya"},"content":{"rendered":"<p>Das ist unser kompletter Guide zu Yoga Retreats in Antalya und T\u00fcrkei.<\/p>\n<p>Ihr interessiert euch f\u00fcr ein Yoga Retreat in der T\u00fcrkei?<\/p>\n<p>Dann seid ihr hier genau richtig!<\/p>\n<p>Lest in unserem Guide alles, was ihr \u00fcber Yoga Retreats in der T\u00fcrkei wissen m\u00fcsst. Ihr erfahrt, wo Yoga Retreat angeboten werden, welche Aktivit\u00e4ten es gibt und die ungef\u00e4hren Kosten.<\/p>\n<p>F\u00fcr weitere Informationen k\u00f6nnt ihr eine <a href=\"#lg-koexre6w\" data-lt-tmp-id=\"lt-884677\">Anfrage <\/a>an unser Expertenteam senden.<\/p>\n<p>Lasst uns Zen sein und erstmal anschauen, was ein Yoga Retreat \u00fcberhaupt ist!<\/p>\n<p><span><img decoding=\"async\" alt=\"What is a Yoga Retreat\" data-id=\"7345\" width=\"702\" data-init-width=\"1000\" height=\"470\" data-init-height=\"667\" title=\"What is a Yoga Retreat\" loading=\"lazy\" src=\"https:\/\/antalyatouristinformation.com\/de\/wp-content\/uploads\/sites\/10\/2021\/05\/What-is-a-Yoga-Retreat.jpg\" data-width=\"702\" data-height=\"470\" style=\"aspect-ratio: auto 1000 \/ 667\" data-pin-media=\"https:\/\/antalyatouristinformation.com\/de\/wp-content\/uploads\/sites\/10\/2021\/06\/prag_50_sehenswuerdigkeiten_pinterest-6-5.jpg\" data-pin-description=\"Yoga Retreat in der Region Antalya | Antalya Tourist Information\" data-pin-url=\"https:\/\/antalyatouristinformation.com\/de\/sehenswurdigkeiten\/retreats\/yoga\/?tve=true&amp;tcbf=e83c96ca39\"><\/span><\/p>\n<h2 id=\"t-1625556896004\">Was ist ein Yoga Retreat?<\/h2>\n<p>Bei einem Yoga Retreat <b>konzentriert ihr euch ganz auf euer Wohlbefinden und eure Gesundheit.<\/b> Euch stehen professionelle und inspirierende Yogalehrer zur Seite. Sie helfen euch dabei, <b>eure Yoga-Praxis zu vertiefen<\/b> und mehr \u00fcber die <b>Philosophie<\/b>, die dahinter steckt, zu erfahren.<\/p>\n<p>Ein Yoga Retreat ist <b>ein sicherer Ort, an dem ihr euch entspannen k\u00f6nnt<\/b>. Gleichzeitig nehmt ihr an Aktivit\u00e4ten teil, die euch helfen werden, sowohl <b>euer geistiges als auch k\u00f6rperliches Wohlbefinden zu st\u00e4rken<\/b>, indem ihr euch wieder auf euch selbst konzentriert. Ganz oft befinden sich Yoga Retreats in der Natur.<\/p>\n<p>Yoga ist zwar in letzter Zeit sehr popul\u00e4r geworden, aber eigentlich ist es eine jahrtausendealte Tradition. Die Lehre hat ihren Ursprung im alten Indien und reicht mindestens <b>5.000 Jahre zur\u00fcck.<\/b><\/p>\n<p>Einer der Gr\u00fcnde, warum Yoga Retreats heutzutage so beliebt sind, ist, dass sie eine Menge Vorteile mit sich bringen. Yoga Retreats erlauben es euch, <b>Abstand von Stress,<\/b> Ablenkungen und dem hektischen Alltag zu gewinnen. So k\u00f6nnt ihr in einem sicheren Umfeld innehalten und <b>euer Leben erneut abw\u00e4gen<\/b>.<\/p>\n<p>Au\u00dferdem bieten euch Retreats die M\u00f6glichkeit <b>Gleichgesinnte zu finden<\/b>, aber auch Zeit f\u00fcr euch selbst und zum Entspannen zu haben.<\/p>\n<p><span><img decoding=\"async\" alt=\"Yoga Retreats in Antalya in Turkey\" data-id=\"9267\" width=\"702\" data-init-width=\"1000\" height=\"468\" data-init-height=\"667\" title=\"Yoga Retreats in Antalya in Turkey\" loading=\"lazy\" src=\"https:\/\/antalyatouristinformation.com\/de\/wp-content\/uploads\/sites\/10\/2021\/05\/Yoga-Retreats-in-Antalya-in-Turkey.jpg\" data-width=\"702\" data-height=\"468\" style=\"aspect-ratio: auto 1000 \/ 667\" data-pin-media=\"https:\/\/antalyatouristinformation.com\/de\/wp-content\/uploads\/sites\/10\/2021\/06\/prag_50_sehenswuerdigkeiten_pinterest-6-5.jpg\" data-pin-description=\"Yoga Retreat in der Region Antalya | Antalya Tourist Information\" data-pin-url=\"https:\/\/antalyatouristinformation.com\/de\/sehenswurdigkeiten\/retreats\/yoga\/?tve=true&amp;tcbf=e83c96ca39\"><\/span><\/p>\n<h2 id=\"t-1625556896005\" data-alt-text=\"Wo finden Yoga Retreats statt?\">Wo werden Yoga Retreats abgehalten?<\/h2>\n<p>Die T\u00fcrkei, und insbesondere die Fachleute in Antalya, haben sich sehr f\u00fcr den Ausbau von Retreats eingesetzt. Zu diesem Zweck haben sie sichere R\u00e4ume geschafft, in denen nun Yoga- und Wellness-Retreats f\u00fcr Gruppen aus der ganzen Welt abgehalten werden.<\/p>\n<p>Es gibt viele Yoga Retreats mit professionellen t\u00fcrkischen Lehrern, aber auch mit ausl\u00e4ndischen Yogalehrern, die ihre Retreats in der T\u00fcrkei organisieren. An den Retreats nehmen sowohl einheimische als auch ausl\u00e4ndische Studenten aus der ganzen Welt teil.<\/p>\n<p>Yoga Retreats werden in der T\u00fcrkei immer beliebter. Daher gibt es eine Vielzahl von Orten und Einrichtungen, aus denen ihr w\u00e4hlen k\u00f6nnt.&nbsp;&nbsp;&nbsp;&nbsp;&nbsp;&nbsp;&nbsp;<\/p>\n<p><b>Die meisten Yoga Retreats in der T\u00fcrkei findet ihr in der Region Antalya.<\/b> Sie liegen meist inmitten der Natur. Beispiele f\u00fcr beliebte Orte sind i<b>n den W\u00e4ldern, Bergen und in der N\u00e4he des Strandes<\/b>. Es gibt aber auch viele <b>private Zentren, Hotels und Resorts<\/b>, die Yoga Retreats anbieten.<\/p>\n<p>Die beste Zeit um an einem Yoga Retreat in der Provinz Antalya teilzunehmen ist im <b>Fr\u00fchling, Herbst und Winter<\/b>. Die Sommermonate in Antalya sind im Allgemeinen sehr hei\u00df und \u00fcberlaufen. &nbsp;Deshalb sind die Retreats in Bodrum, Marmaris und Fethiye eine gute Alternative f\u00fcr den Sommer.<\/p>\n<p><strong><b>Tipp<\/b>:<\/strong> Falls ihr auf der Suche nach professionellen Retreats in der T\u00fcrkei bzw. in der Provinz Antalya seid, dann lest unseren Beitrag \u00fcber die <a href=\"https:\/\/antalyatouristinformation.com\/de\/mice\/retreat\/\">Organisation von Retreats in Antalya <\/a>oder <a href=\"https:\/\/antalyatouristinformation.com\/de\/kontakt\/\">kontaktiert uns<\/a>. Unser Expertenteam vor Ort ist der geeignete Partner f\u00fcr die Organisation des perfekten Retreats und anderer Veranstaltungen in der T\u00fcrkei.<\/p>\n<p><span><img decoding=\"async\" alt=\"What are the activities during a yoga retreat\" data-id=\"7347\" width=\"702\" data-init-width=\"1000\" height=\"470\" data-init-height=\"667\" title=\"What are the activities during a yoga retreat\" loading=\"lazy\" src=\"https:\/\/antalyatouristinformation.com\/de\/wp-content\/uploads\/sites\/10\/2021\/05\/What-are-the-activities-during-a-yoga-retreat.jpg\" data-width=\"702\" data-height=\"470\" style=\"aspect-ratio: auto 1000 \/ 667\" data-pin-media=\"https:\/\/antalyatouristinformation.com\/de\/wp-content\/uploads\/sites\/10\/2021\/06\/prag_50_sehenswuerdigkeiten_pinterest-6-5.jpg\" data-pin-description=\"Yoga Retreat in der Region Antalya | Antalya Tourist Information\" data-pin-url=\"https:\/\/antalyatouristinformation.com\/de\/sehenswurdigkeiten\/retreats\/yoga\/?tve=true&amp;tcbf=e83c96ca39\"><\/span><\/p>\n<h2 id=\"t-1625556896006\" data-alt-text=\"Welche Aktivit\u00e4ten gibt es?\">Wie sehen die Aktivit\u00e4ten w\u00e4hrend eines Yoga Retreats aus?<\/h2>\n<p>Wie bereits erw\u00e4hnt, besteht ein wesentlicher Teil der Yoga-Retreats darin, eure Praxis zu vertiefen und in die jahrhundertealte Philosophie einzutauchen. Es <b>gibt viele verschiedene Arten von Yoga, einschlie\u00dflich Vinyasa, Ashtanga, Hatha oder Kundalini.<\/b> Ihr werdet jedoch viel mehr als nur Yoga machen.<\/p>\n<p>Je nachdem, welchen Ort ihr w\u00e4hlt, steht euch eine unterschiedliche <b>Palette an Aktivit\u00e4ten<\/b> zur Verf\u00fcgung. Falls ihr zum Beispiel einen Yoga Retreat in Strandn\u00e4he w\u00e4hlt, k\u00f6nnt ihr schwimmen gehen und am Strand meditieren und entspannen.<\/p>\n<p>Bei einem Retreat im Wald oder in den Bergen k\u00f6nnt ihr in der Natur wandern, Spazierg\u00e4nge an der frischen Luft machen oder umgeben von Vogelgesang und dem Duft der Kiefern meditieren.<\/p>\n<p>Grunds\u00e4tzlich ist <b>Meditation ein essenzieller Bestandteil von Yoga Retreats<\/b>. Viele Retreat-Programme bieten <b>zwischendurch Aktivit\u00e4ten, Ausfl\u00fcge, Gruppenaktivit\u00e4ten oder zus\u00e4tzliche Workshops<\/b> an. Das k\u00f6nnen Workshops und Kurse zum Thema Fitness, Pilates oder <b>gesunde Ern\u00e4hrung<\/b> sein. Die T\u00fcrkei ist f\u00fcr ihre nahrhafte und frische K\u00fcche bekannt. Essen wird in den Retreats meist in Form von Buffets angeboten.<\/p>\n<p>Es gibt auch Yoga-Retreats f\u00fcr Lehrer, die am Ende des Retreats ein Zertifikat vergeben.<\/p>\n<h2 id=\"t-1625556896007\" data-alt-text=\"Wie viel kostet ein Yoga Retreat?\">Wie viel kostet ein Yoga Retreat in der T\u00fcrkei?<\/h2>\n<p>Die Kosten f\u00fcr ein Yoga-Retreat in der T\u00fcrkei k\u00f6nnen variieren. Sie h\u00e4ngen von verschiedenen Faktoren wie der Unterkunft, dem Lehrer, den angebotenen Aktivit\u00e4ten etc. ab.<\/p>\n<p>Gerne k\u00f6nnt ihr uns euer Budget mitteilen und <a href=\"https:\/\/antalyatouristinformation.com\/de\/kontakt\/\" data-lt-tmp-id=\"lt-938070\">unser Team<\/a> wird ein geeignetes Retreat in der T\u00fcrkei f\u00fcr euch finden!<\/p>\n<p><span><img decoding=\"async\" alt=\"How to book a Yoga Retreat in Turkey\" data-id=\"7349\" width=\"702\" data-init-width=\"1000\" height=\"470\" data-init-height=\"667\" title=\"How to book a Yoga Retreat in Turkey\" loading=\"lazy\" src=\"https:\/\/antalyatouristinformation.com\/de\/wp-content\/uploads\/sites\/10\/2021\/05\/How-to-book-a-Yoga-Retreat-in-Turkey.jpg\" data-width=\"702\" data-height=\"470\" style=\"aspect-ratio: auto 1000 \/ 667\" data-pin-media=\"https:\/\/antalyatouristinformation.com\/de\/wp-content\/uploads\/sites\/10\/2021\/06\/prag_50_sehenswuerdigkeiten_pinterest-6-5.jpg\" data-pin-description=\"Yoga Retreat in der Region Antalya | Antalya Tourist Information\" data-pin-url=\"https:\/\/antalyatouristinformation.com\/de\/sehenswurdigkeiten\/retreats\/yoga\/?tve=true&amp;tcbf=e83c96ca39\"><\/span><\/p>\n<h2 id=\"t-1625556896008\" data-alt-text=\"Wie buche ich ein Yoga Retreat?\">Wie buche ich ein Yoga Retreat in der T\u00fcrkei?<\/h2>\n<p>Ihr wollt euch in das Abenteuer st\u00fcrzen und eine Yoga-Auszeit in der T\u00fcrkei machen? Freut euch auf eine Vielzahl von M\u00f6glichkeiten! Gerne helfen wir euch, den perfekten Retreat f\u00fcr euer Vorhaben zu finden.<\/p>\n<p>Bitte f\u00fcllt daf\u00fcr das Formular unten aus. Teilt uns detailliert mit, wonach ihr sucht. Wir melden uns anschlie\u00dfend mit den besten Optionen, die in der Region Antalya verf\u00fcgbar sind.<\/p>\n<p>F\u00fcr weitere Details \u00fcber verschiedene <a href=\"https:\/\/antalyatouristinformation.com\/de\/sehenswurdigkeiten\/retreats\/\">Arten von Retreats in Antalya<\/a> und in der T\u00fcrkei, besucht unsere Seite zum Thema. Falls ihr lieber eine andere Sportart in Antalya aus\u00fcben m\u00f6chtet, dann schaut euch unsere Sportangebote in Antalya an. Werft auch einen Blick in unsere Auswahl der bestbewerteten Hotels in Antalya. Mehr dazu:<\/p>\n","protected":false},"excerpt":{"rendered":"<p>Das ist unser kompletter Guide zu Yoga Retreats in Antalya und T\u00fcrkei. Ihr interessiert euch f\u00fcr ein Yoga Retreat in der T\u00fcrkei? Dann seid ihr hier genau richtig! Lest in unserem Guide alles, was ihr \u00fcber Yoga Retreats in der T\u00fcrkei wissen m\u00fcsst. Ihr erfahrt, wo Yoga Retreat angeboten werden, welche Aktivit\u00e4ten es gibt und [&hellip;]<\/p>\n","protected":false},"author":5,"featured_media":7343,"parent":7600,"menu_order":0,"comment_status":"open","ping_status":"closed","template":"","meta":{"_acf_changed":false,"footnotes":""},"categories":[],"tags":[72,69],"class_list":["post-3825","page","type-page","status-publish","has-post-thumbnail","hentry","tag-retreat","tag-sports","post-wrapper","thrv_wrapper"],"acf":[],"wp-worthy-pixel":{"ignored":false,"public":"62681e8c75454a2b93979d57821bc98e","server":"vg01.met.vgwort.de","url":"https:\/\/vg01.met.vgwort.de\/na\/62681e8c75454a2b93979d57821bc98e"},"wp-worthy-type":"normal","_links":{"self":[{"href":"https:\/\/antalyatouristinformation.com\/de\/wp-json\/wp\/v2\/pages\/3825","targetHints":{"allow":["GET"]}}],"collection":[{"href":"https:\/\/antalyatouristinformation.com\/de\/wp-json\/wp\/v2\/pages"}],"about":[{"href":"https:\/\/antalyatouristinformation.com\/de\/wp-json\/wp\/v2\/types\/page"}],"author":[{"embeddable":true,"href":"https:\/\/antalyatouristinformation.com\/de\/wp-json\/wp\/v2\/users\/5"}],"replies":[{"embeddable":true,"href":"https:\/\/antalyatouristinformation.com\/de\/wp-json\/wp\/v2\/comments?post=3825"}],"version-history":[{"count":10,"href":"https:\/\/antalyatouristinformation.com\/de\/wp-json\/wp\/v2\/pages\/3825\/revisions"}],"predecessor-version":[{"id":16590,"href":"https:\/\/antalyatouristinformation.com\/de\/wp-json\/wp\/v2\/pages\/3825\/revisions\/16590"}],"up":[{"embeddable":true,"href":"https:\/\/antalyatouristinformation.com\/de\/wp-json\/wp\/v2\/pages\/7600"}],"wp:featuredmedia":[{"embeddable":true,"href":"https:\/\/antalyatouristinformation.com\/de\/wp-json\/wp\/v2\/media\/7343"}],"wp:attachment":[{"href":"https:\/\/antalyatouristinformation.com\/de\/wp-json\/wp\/v2\/media?parent=3825"}],"wp:term":[{"taxonomy":"category","embeddable":true,"href":"https:\/\/antalyatouristinformation.com\/de\/wp-json\/wp\/v2\/categories?post=3825"},{"taxonomy":"post_tag","embeddable":true,"href":"https:\/\/antalyatouristinformation.com\/de\/wp-json\/wp\/v2\/tags?post=3825"}],"curies":[{"name":"wp","href":"https:\/\/api.w.org\/{rel}","templated":true}]}}