{"id":3828,"date":"2021-04-23T09:48:55","date_gmt":"2021-04-23T07:48:55","guid":{"rendered":"http:\/\/antalyatouristinformation.com\/clone4639485xzhehsskdjfhhdhebdkkekdeewsd4545gdfgm\/?page_id=3828"},"modified":"2024-02-07T16:56:09","modified_gmt":"2024-02-07T15:56:09","slug":"schiffswerft","status":"publish","type":"page","link":"https:\/\/antalyatouristinformation.com\/de\/sehenswurdigkeiten\/geschichte\/schiffswerft\/","title":{"rendered":"Seldschukische Schiffswerft in Alanya: Anfahrt &amp; Geschichte"},"content":{"rendered":"<p>Das ist unser Guide zur seldschukischen Schiffswerft in Alanya.<\/p>\n<p>Falls ihr euch f\u00fcr die Seefahrt und mittelalterliche Bauten interessiert, dann d\u00fcrft ihr euch die seldschukische Schiffswerft in Alanya nicht entgehen lassen!<\/p>\n<p>Lest hier wichtige Infos \u00fcber den Besuch der St\u00e4tte, darunter Anfahrt, Tickets und die Geschichte der Werft.<\/p>\n<p>Los geht\u2019s!<\/p>\n<h2 id=\"t-1624977128028\" data-alt-text=\"Was kann ich machen?\">Was kann ich in der seldschukischen Schiffswerft machen?<\/h2>\n<p><span><img decoding=\"async\" alt=\"Selcuk Shipyard in Alanya in Turkey\" data-id=\"5097\" width=\"702\" data-init-width=\"1000\" height=\"468\" data-init-height=\"667\" title=\"Selcuk Shipyard in Alanya in Turkey\" src=\"https:\/\/antalyatouristinformation.com\/de\/wp-content\/uploads\/sites\/10\/2021\/04\/Selcuk-Shipyard-in-Alanya-in-Turkey.jpg\" data-width=\"702\" data-height=\"468\" loading=\"lazy\" data-pinpro-key=\"ixjgv8xuc\" data-pin-media=\"https:\/\/antalyatouristinformation.com\/de\/wp-content\/uploads\/sites\/10\/2021\/06\/prag_50_sehenswuerdigkeiten_pinterest-14-5.jpg\" data-pin-description=\"Seldschukische Schiffswerft Alanya | Antalya Tourist Information\" data-pin-url=\"https:\/\/antalyatouristinformation.com\/de\/sehenswurdigkeiten\/geschichte\/schiffswerft\/?tve=true&amp;tcbf=0c3d434ff2\"><\/span><\/p>\n<p>Die seldschukische Schiffswerft in Alanya diente im Laufe der Geschichte sowohl f\u00fcr den Handel als auch zu Verteidigungszwecken. Sie steht R\u00fccken an R\u00fccken mit dem <strong>Roten Turm<\/strong>, dem Wahrzeichen von Alanya. Eine Besonderheit ist, dass der Bau als einzige Werft aus der Zeit der Seldschuken erhalten geblieben ist. Erbaut wurde die Schiffswerft in der ersten H\u00e4lfte des 13. Jahrhunderts.<\/p>\n<p>Ihr erreicht die seldschukische Schiffswerft, indem ihr nach dem Besuch des <a href=\"https:\/\/antalyatouristinformation.com\/de\/sehenswurdigkeiten\/geschichte\/kizil-kule\/\">Roten Turms (K\u0131z\u0131l Kule) <\/a>den Mauern folgt. Im Inneren der Werft erwarten euch detaillierte Ausstellungen \u00fcber die Seefahrt im Mittelmeer w\u00e4hrend der Zeit der Seldschuken. Au\u00dferdem k\u00f6nnt ihr die Geschichte des Baus sehen, der \u00e4ltesten mittelalterlichen Schiffswerft in der T\u00fcrkei. Heute dient die Werft als Museum und zeigt viele Objekte aus der Seefahrt. Dazu geh\u00f6rt eine interessante Sammlung von Ankern, Tunneln und Lagerr\u00e4umen.<\/p>\n<p>Die seldschukische Schiffswerft besteht aus f\u00fcnf Gew\u00f6lbeb\u00f6gen. Sie hat eine 56,5 Meter lange, dem Meer zugewandte Fassade und ist 44 Meter tief. Bei der Errichtung der Werft w\u00e4hlten die Seldschuken bewusst den g\u00fcnstigsten Standort, um das Tageslicht optimal zu nutzen. Am Eingangstor zur Werft k\u00f6nnt ihr eine mit Rosetten verzierte Gedenktafel des Sultans entdecken.<\/p>\n<h3>Tophane (Arsenal)<\/h3>\n<p>Ihr findet das Arsenal auf der rechten Seite an der S\u00fcdseite der Werft. Es wurde 1227 auf einem 10 Meter hohen Felsblock errichtet, um die Werft vor m\u00f6glichen Angriffen von der Meeresseite zu sch\u00fctzen. Das Arsenal ist ein 3-st\u00f6ckiges, rechteckiges Geb\u00e4ude. Fr\u00fcher wurden hier Kriegsschiffe und Kanonen hergestellt.<\/p>\n<ul>\n<li><span>Wir empfehlen, dass ihr auf dem Weg zur seldschukischen Schiffswerft durch das Viertel Tophane spaziert. So k\u00f6nnt ihr etliche traditionelle H\u00e4user besichtigen, die bis heute ihren historischen Charakter bewahrt haben.<\/span><\/li>\n<\/ul>\n<p><span><img decoding=\"async\" alt=\"Selcuk Shipyard in Alanya in Turkey\" data-id=\"5098\" width=\"702\" data-init-width=\"1000\" height=\"436\" data-init-height=\"621\" title=\"Selcuk Shipyard in Alanya in Turkey\" src=\"https:\/\/antalyatouristinformation.com\/de\/wp-content\/uploads\/sites\/10\/2021\/04\/Selcuk-Shipyard-in-Alanya-in-Turkey-3.jpg\" data-width=\"702\" data-height=\"436\" loading=\"lazy\" data-pinpro-key=\"o6gxank2o\" data-pin-media=\"https:\/\/antalyatouristinformation.com\/de\/wp-content\/uploads\/sites\/10\/2021\/06\/prag_50_sehenswuerdigkeiten_pinterest-14-5.jpg\" data-pin-description=\"Seldschukische Schiffswerft Alanya | Antalya Tourist Information\" data-pin-url=\"https:\/\/antalyatouristinformation.com\/de\/sehenswurdigkeiten\/geschichte\/schiffswerft\/?tve=true&amp;tcbf=0c3d434ff2\"><\/span><\/p>\n<h2 id=\"t-1624977128029\" data-alt-text=\"Eintritt, Tickets &amp; F\u00fchrungen\">Eintritt, Tickets und F\u00fchrungen<\/h2>\n<ul>\n<li><span><strong><b>Eintritt<\/b>:<\/strong><strong>&nbsp;<\/strong>Die seldschukische Schiffswerft in Alanya ist f\u00fcr Besucher t\u00e4glich ge\u00f6ffnet. Ihr k\u00f6nnt sie im Sommer (April bis Oktober) von 9.00 bis 19.00 Uhr und im Winter von 8.00 bis 17.00 Uhr besichtigen.<\/span><\/li>\n<li><span><strong>Tickets:<\/strong> Es gibt Einzeltickets f\u00fcr die seldschukische Schiffswerft sowie Kombitickets. Mit dem Kombiticket k\u00f6nnt ihr sowohl die Werft als auch den Roten Turm besuchen. Falls ihr den Museumspass Akdeniz besitzt, k\u00f6nnt ihr die Werft kostenlos besuchen.<\/span><\/li>\n<li><span><strong>F\u00fchrungen:&nbsp;<\/strong> Ihr k\u00f6nnt an Touren teilnehmen, die euch zur seldschukischen Schiffswerft in Alanya und zu anderen Sehensw\u00fcrdigkeiten in Alanya bringen.<\/span><\/li>\n<\/ul>\n<ul>\n<li><span><strong>Tipp:<\/strong> Falls ihr Tickets f\u00fcr Vergn\u00fcgungsparks, Museen und Touren f\u00fcr eure Antalya-Reise vorab buchen m\u00f6chtet, solltet ihr unbedingt einen Blick auf die Angebote in unserem offiziellen Shop werfen.<\/span><\/li>\n<\/ul>\n<p><span><img decoding=\"async\" alt=\"Selcuk Shipyard in Alanya in Turkey\" data-id=\"5099\" width=\"702\" data-init-width=\"1000\" height=\"468\" data-init-height=\"667\" title=\"Selcuk Shipyard in Alanya in Turkey\" src=\"https:\/\/antalyatouristinformation.com\/de\/wp-content\/uploads\/sites\/10\/2021\/04\/Selcuk-Shipyard-in-Alanya-in-Turkey-6.jpg\" data-width=\"702\" data-height=\"468\" loading=\"lazy\" data-pinpro-key=\"pudc2i95u\" data-pin-media=\"https:\/\/antalyatouristinformation.com\/de\/wp-content\/uploads\/sites\/10\/2021\/06\/prag_50_sehenswuerdigkeiten_pinterest-14-5.jpg\" data-pin-description=\"Seldschukische Schiffswerft Alanya | Antalya Tourist Information\" data-pin-url=\"https:\/\/antalyatouristinformation.com\/de\/sehenswurdigkeiten\/geschichte\/schiffswerft\/?tve=true&amp;tcbf=0c3d434ff2\"><\/span><\/p>\n<h2 id=\"t-1624977128030\" data-alt-text=\"Wie komme ich zur Werft?\">Wie komme ich zur seldschukischen Schiffswerft in Alanya?<\/h2>\n<p>Die seldschukische Schiffswerft in Alanya liegt s\u00fcdlich vom Roten Turm. Ihr k\u00f6nnt die Werft von dort aus leicht erreichen. Folgt einfach einem 300 Meter langen Weg.<\/p>\n<ul>\n<li><b>Bus:<\/b> Die Buslinien 1, 40 und 50 bringen euch ebenfalls zur seldschukischen Schiffswerft in Alanya.<\/li>\n<\/ul>\n<p><span><img decoding=\"async\" alt=\"View from Seljuk Shipyard at Red Tower in Alanya in Turkey\" data-id=\"5195\" width=\"702\" data-init-width=\"1000\" height=\"468\" data-init-height=\"667\" title=\"View from Seljuk Shipyard at Red Tower in Alanya in Turkey\" src=\"https:\/\/antalyatouristinformation.com\/de\/wp-content\/uploads\/sites\/10\/2021\/04\/View-from-Seljuk-Shipyard-at-Red-Tower-in-Alanya-in-Turkey.jpg\" data-width=\"702\" data-height=\"468\" loading=\"lazy\" data-pinpro-key=\"inmd1ovrb\" data-pin-media=\"https:\/\/antalyatouristinformation.com\/de\/wp-content\/uploads\/sites\/10\/2021\/06\/prag_50_sehenswuerdigkeiten_pinterest-14-5.jpg\" data-pin-description=\"Seldschukische Schiffswerft Alanya | Antalya Tourist Information\" data-pin-url=\"https:\/\/antalyatouristinformation.com\/de\/sehenswurdigkeiten\/geschichte\/schiffswerft\/?tve=true&amp;tcbf=0c3d434ff2\"><\/span><\/p>\n<h2 id=\"t-1619708298443\" data-alt-text=\"FAQ\">FAQ (H\u00e4ufige Fragen)<\/h2>\n<p><span><img decoding=\"async\" alt=\"Seljuk Shipyard in Alanya in Turkey\" data-id=\"5196\" width=\"702\" data-init-width=\"1000\" height=\"468\" data-init-height=\"667\" title=\"Seljuk Shipyard in Alanya in Turkey\" src=\"https:\/\/antalyatouristinformation.com\/de\/wp-content\/uploads\/sites\/10\/2021\/04\/Seljuk-Shipyard-in-Alanya-in-Turkey.jpg\" data-width=\"702\" data-height=\"468\" loading=\"lazy\" data-pinpro-key=\"yshc52tkt\" data-pin-media=\"https:\/\/antalyatouristinformation.com\/de\/wp-content\/uploads\/sites\/10\/2021\/06\/prag_50_sehenswuerdigkeiten_pinterest-14-5.jpg\" data-pin-description=\"Seldschukische Schiffswerft Alanya | Antalya Tourist Information\" data-pin-url=\"https:\/\/antalyatouristinformation.com\/de\/sehenswurdigkeiten\/geschichte\/schiffswerft\/?tve=true&amp;tcbf=0c3d434ff2\"><\/span><\/p>\n<h2 id=\"t-1624977128031\" data-alt-text=\"Geschichte \">Geschichte der seldschukischen Schiffswerft<\/h2>\n<p>Der Hafen von Alanya war ein wichtiges Handelszentrum. In der hellenistischen Zeit (4. Jahrhundert vor unserer Zeitrechnung) wurde er stark genutzt, um Produkte wie Honig und Wein nach \u00c4gypten zu transportieren.<\/p>\n<p>1221 nahm der seldschukische Sultan Aleaddin Keykubad Alanya ein und baute die Stadt als Winterquartier wieder auf. Die Schiffswerft und das Arsenal sind zwei historische Bauten in Alanya, die aus der seldschukischen Zeit erhalten geblieben sind.<\/p>\n<p>1227, sechs Jahre nach der Eroberung der Stadt, begann der Bau der Schiffswert unweit des Roten Turms (K\u0131z\u0131l Kule). Die Werft wurde in nur einem Jahr fertiggestellt. Zu dieser Zeit wurde Alanya der St\u00fctzpunkt der seldschukischen Marine. Nach dem Bau des Roten Turms und der Schiffswerft benannte der seldschukische Sultan, Aleaddin Keykubad, die Stadt in &#8222;Alaiyye&#8220; um.<\/p>\n<p>Die seldschukische Schiffswerft in Alanya ist die \u00e4lteste seldschukische Schiffswerft im Mittelmeerraum. Zuvor lie\u00df Aleaddin Keykubat die Sinop-Werft am Schwarzen Meer bauen. Nach dem Bau der Schiffswerft in Alanya wurde der seldschukische Sultan zum &#8222;Herrscher \u00fcber zwei Meere&#8220; (Sultan-\u00fcl Bahreyn) ernannt.<\/p>\n<h2 id=\"t-1624977128032\">Kontakt<\/h2>\n<ul>\n<li><span><strong>Adresse:&nbsp;<\/strong>Tersane SK, Alanya, Antalya Province, 07400<\/span><\/li>\n<li><span><strong>\u00d6ffnungszeiten: <\/strong>Im Sommer t\u00e4glich von 9 Uhr bis 19 Uhr und im Winter von 8 Uhr bis 17 Uhr.<\/span><\/li>\n<li><span><strong>\u00d6ffentlicher Verkehr: <\/strong>Mit den Buslinien 1, 40 oder 50<\/span><\/li>\n<li><span><strong>Webseite:&nbsp;<a href=\"https:\/\/antalya.ktb.gov.tr\/TR-68211\/alanya-tersane.html\" target=\"_blank\" rel=\"noopener\">&nbsp;<strong><\/strong><\/a><strong><a href=\"https:\/\/antalya.ktb.gov.tr\/TR-68211\/alanya-tersane.html\" target=\"_blank\" rel=\"noopener\">Antalya.ktb.gov.tr<\/a><\/strong>&nbsp;<\/strong><\/span><\/li>\n<\/ul>\n","protected":false},"excerpt":{"rendered":"<p>Das ist unser Guide zur seldschukischen Schiffswerft in Alanya. Falls ihr euch f\u00fcr die Seefahrt und mittelalterliche Bauten interessiert, dann d\u00fcrft ihr euch die seldschukische Schiffswerft in Alanya nicht entgehen lassen! Lest hier wichtige Infos \u00fcber den Besuch der St\u00e4tte, darunter Anfahrt, Tickets und die Geschichte der Werft. Los geht\u2019s! Was kann ich in der [&hellip;]<\/p>\n","protected":false},"author":5,"featured_media":5095,"parent":119,"menu_order":0,"comment_status":"open","ping_status":"closed","template":"","meta":{"_acf_changed":false,"footnotes":""},"categories":[],"tags":[42,47,48],"class_list":["post-3828","page","type-page","status-publish","has-post-thumbnail","hentry","tag-history","tag-medieval","tag-seljuk","post-wrapper","thrv_wrapper"],"acf":[],"wp-worthy-pixel":{"ignored":false,"public":"c3f9a15cf2694b2ab486b29dee9f98ad","server":"vg05.met.vgwort.de","url":"https:\/\/vg05.met.vgwort.de\/na\/c3f9a15cf2694b2ab486b29dee9f98ad"},"wp-worthy-type":"normal","_links":{"self":[{"href":"https:\/\/antalyatouristinformation.com\/de\/wp-json\/wp\/v2\/pages\/3828","targetHints":{"allow":["GET"]}}],"collection":[{"href":"https:\/\/antalyatouristinformation.com\/de\/wp-json\/wp\/v2\/pages"}],"about":[{"href":"https:\/\/antalyatouristinformation.com\/de\/wp-json\/wp\/v2\/types\/page"}],"author":[{"embeddable":true,"href":"https:\/\/antalyatouristinformation.com\/de\/wp-json\/wp\/v2\/users\/5"}],"replies":[{"embeddable":true,"href":"https:\/\/antalyatouristinformation.com\/de\/wp-json\/wp\/v2\/comments?post=3828"}],"version-history":[{"count":10,"href":"https:\/\/antalyatouristinformation.com\/de\/wp-json\/wp\/v2\/pages\/3828\/revisions"}],"predecessor-version":[{"id":14743,"href":"https:\/\/antalyatouristinformation.com\/de\/wp-json\/wp\/v2\/pages\/3828\/revisions\/14743"}],"up":[{"embeddable":true,"href":"https:\/\/antalyatouristinformation.com\/de\/wp-json\/wp\/v2\/pages\/119"}],"wp:featuredmedia":[{"embeddable":true,"href":"https:\/\/antalyatouristinformation.com\/de\/wp-json\/wp\/v2\/media\/5095"}],"wp:attachment":[{"href":"https:\/\/antalyatouristinformation.com\/de\/wp-json\/wp\/v2\/media?parent=3828"}],"wp:term":[{"taxonomy":"category","embeddable":true,"href":"https:\/\/antalyatouristinformation.com\/de\/wp-json\/wp\/v2\/categories?post=3828"},{"taxonomy":"post_tag","embeddable":true,"href":"https:\/\/antalyatouristinformation.com\/de\/wp-json\/wp\/v2\/tags?post=3828"}],"curies":[{"name":"wp","href":"https:\/\/api.w.org\/{rel}","templated":true}]}}