{"id":3834,"date":"2021-04-23T10:01:53","date_gmt":"2021-04-23T08:01:53","guid":{"rendered":"http:\/\/antalyatouristinformation.com\/clone4639485xzhehsskdjfhhdhebdkkekdeewsd4545gdfgm\/?page_id=3834"},"modified":"2025-05-30T10:32:02","modified_gmt":"2025-05-30T08:32:02","slug":"golf","status":"publish","type":"page","link":"https:\/\/antalyatouristinformation.com\/de\/sehenswurdigkeiten\/golf\/","title":{"rendered":"Der Belek Golf Guide"},"content":{"rendered":"<p style=\"text-align: center;font-size: 15px !important\">Erlebn\u0131s<\/p>\n<h1 style=\"text-align: center\">Der Belek Golf Guide<\/h1>\n<p>Das ist unser kompletter Guide zum Golfen in Belek.<\/p>\n<p>Mit sechzehn 18-Loch- und einem 9-Loch-Golfplatz ist Belek das gr\u00f6\u00dfte Reiseziel f\u00fcr einen Golfurlaub am Mittelmeer mit der ganzen Familie.<\/p>\n<p>Hier lest ihr \u00fcber Golfpl\u00e4tze, Golf-Resorts, Green Fees, verf\u00fcgbare Golf-Pauschalreisen und h\u00e4ufig gestellte Fragen, die unsere lizenzierten Golfreise-Spezialisten gerne beantworten.<\/p>\n<p>Lasst uns mit der Vorstellung der Golfpl\u00e4tze in Belek beginnen.<\/p>\n<h2 style=\"text-align: center;font-size: 26px !important\" id=\"t-1620292814191\">Golfpl\u00e4tze in Belek<\/h2>\n<p style=\"padding: 0px !important;margin: 0px !important\">16<\/p>\n<p style=\"padding: 0px !important;margin: 0px !important\">18-Loch-Golfpl\u00e4tze<\/p>\n<p style=\"padding: 0px !important;margin: 0px !important;line-height: 1.4em !important\">1<\/p>\n<p style=\"padding: 0px !important;margin: 0px !important\">9-Loch-Golfplatz<\/p>\n<p style=\"padding: 0px !important;margin: 0px !important;line-height: 1.4em !important\">16<\/p>\n<p style=\"padding: 0px !important;margin: 0px !important\">Golf Resorts<\/p>\n<h3><span data-attr-css=\"tve-u-179413e6267\" data-attr-link=\"1\" data-attr-rel=\"0\" data-attr-target=\"0\" data-extra_key=\"\" data-option-inline=\"1\" data-shortcode=\"tcb_post_title\" data-shortcode-name=\"Post title\" data-attr-static-link=\"{&quot;className&quot;:&quot;&quot;,&quot;href&quot;:&quot;https:\/\/antalyatouristinformation.com\/de\/sehenswurdigkeiten\/golf\/golfplatze\/&quot;,&quot;title&quot;:&quot;11 besten Golfpl\u00e4tze in Belek ((mit Karte))&quot;,&quot;data-css&quot;:&quot;tve-u-179413e6267&quot;,&quot;class&quot;:&quot;&quot;}\"><a href=\"https:\/\/antalyatouristinformation.com\/de\/sehenswurdigkeiten\/golf\/golfplatze\/\" title=\"11 besten Golfpl\u00e4tze in Belek [mit Karte]\">11 besten Golfpl\u00e4tze in Belek [mit Karte]<\/a><\/span><\/h3>\n<p><a href=\"https:\/\/antalyatouristinformation.com\/de\/sehenswurdigkeiten\/golf\/golfplatze\/\"><span><span>Mehr lesen<\/span><\/span><\/a><\/p>\n<h2 style=\"text-align: center\" id=\"t-1620292814194\">Guide zu den Golfpl\u00e4tzen von Belek<\/h2>\n<p>Falls ihr in Belek Golf spielen wollt, habt ihr die Qual der Wahl zwischen erstklassigen Golfpl\u00e4tzen wie dem Montgomerie Maxx Royal Club mit dem anspruchsvollen 18-Loch-Golfplatz Montgomerie Course, dem Cornelia Golf Club, der von Sir Nick Faldo, einem der ber\u00fchmtesten Golfer der Welt, entworfen wurde, und dem 18-Loch-Golfplatz Carya Golf Course des Regnum Carya Golf &amp; Spa Resort.<\/p>\n<p>Auf den Pl\u00e4tzen von Belek haben bereits viele ber\u00fchmte Golfer Turniere bestritten, darunter Tiger Woods, Rory McIlroy und Lee Westwood.&nbsp;<\/p>\n<p>Die modernen Golfpl\u00e4tze in Belek treffen auf herausragende Strandresorts und das milde mediterrane Wetter von Antalya. Dadurch k\u00f6nnt ihr das ganze Jahr \u00fcber ein Golfurlaub mit der ganzen Familie genie\u00dfen.<\/p>\n<p>Die perfekten Wetterbedingungen, die M\u00f6glichkeit, nachts unter dem Sternenhimmel mit Flutlicht zu spielen und mehr als 15 verf\u00fcgbare Golfpl\u00e4tze sind f\u00fcr den Mittelmeerraum einzigartig.<\/p>\n<p>Eine Partie Golf in Belek ist daher ein absolutes Muss f\u00fcr jeden leidenschaftlichen Golfer.<\/p>\n<p>Golfreisen nach Belek eignen sich besonders im Fr\u00fchjahr und Herbst. In dem Zeitraum sind die Temperaturen warm, aber nicht so hei\u00df wie in den Sommermonaten.<\/p>\n<h3 style=\"text-align: center\">Plant den idealen Golfurlaub<\/h3>\n<p style=\"text-align: center\">Zusammen mit unseren schweizerisch-t\u00fcrkischen Golfpartnern planen wir exklusive Golfurlaube in Belek. Kontaktiert unsere Golfreise-Spezialisten f\u00fcr eine kostenlose Erstberatung mit individuellem Angebot und Privilegien in den Resorts w\u00e4hrend eures Urlaubs.<\/p>\n<h2 style=\"text-align: center;font-size: 26px !important\" id=\"t-1620292814192\">Ausgew\u00e4hlte Golf Hotels in Belek<\/h2>\n<h3><span data-attr-css=\"tve-u-179413ecb05\" data-attr-link=\"1\" data-attr-rel=\"0\" data-attr-target=\"0\" data-extra_key=\"\" data-option-inline=\"1\" data-shortcode=\"tcb_post_title\" data-shortcode-name=\"Post title\" data-attr-static-link=\"{&quot;className&quot;:&quot;&quot;,&quot;href&quot;:&quot;https:\/\/antalyatouristinformation.com\/de\/hotel\/golf\/&quot;,&quot;title&quot;:&quot;16 Golf Hotels in Belek mit eigenem Golfplatz&quot;,&quot;data-css&quot;:&quot;tve-u-179413ecb05&quot;,&quot;class&quot;:&quot;&quot;}\"><a href=\"https:\/\/antalyatouristinformation.com\/de\/hotel\/golf\/\" title=\"16 Golf Hotels in Belek mit eigenem Golfplatz\">16 Golf Hotels in Belek mit eigenem Golfplatz<\/a><\/span><\/h3>\n<p><a href=\"https:\/\/antalyatouristinformation.com\/de\/hotel\/golf\/\"><span><span>Mehr lesen<\/span><\/span><\/a><\/p>\n<h2 style=\"text-align: center\">Vorteile in den Golf Resorts in Belek<\/h2>\n<p>In Belek gibt es <a href=\"https:\/\/antalyatouristinformation.com\/de\/hotel\/golf\/\">16 Resorts mit einem eigenen Golfplatz<\/a>. Hinzu kommen Dutzende von Strandresorts in Belek, die Zugang zu den Golfclubs in der Region bieten.<\/p>\n<p>Jedes Resort hat seine eigenen Vorteile, Deals mit Golfpl\u00e4tzen und Angebote f\u00fcr Golfer mit Familien.<\/p>\n<p>Gemeinsam mit unserem schweizerisch-t\u00fcrkischen Golfpartner bieten wir euch fachkundige Golfberatung f\u00fcr euren Golfurlaub in Belek.<\/p>\n<p>Es erwarten euch Top-Golfpakete mit garantierten Abschlagzeiten, mehrsprachige G\u00e4stebetreuung und ausgezeichnete Unterk\u00fcnfte in Belek.<\/p>\n<p>Unsere Top-Golfpakete mit vielen Inklusivleistungen stellen ein einzigartiges Angebot in Belek dar. Fl\u00fcge nach Antalya sind rund um die Uhr bei Qualit\u00e4ts-Airlines verf\u00fcgbar.<\/p>\n<p>Die Kundengeldabsicherung \u00fcber die Schweizer \u201eSwissRe\u201c, die \u201eReisegarantie\u201c mit 99,6&nbsp;% Kundenzufriedenheit und exklusive Kontakte zu den Golf-Resorts in Belek sind ein zus\u00e4tzlicher Vorteil unserer Golfpartner.<\/p>\n<h2 style=\"text-align: center;font-size: 26px !important\" id=\"t-1620292814193\">Golfen lernen in Belek<\/h2>\n<h3><span data-attr-css=\"tve-u-17940fe65ad\" data-attr-link=\"1\" data-attr-rel=\"0\" data-attr-target=\"0\" data-extra_key=\"\" data-option-inline=\"1\" data-shortcode=\"tcb_post_title\" data-shortcode-name=\"Post title\" data-attr-static-link=\"{&quot;className&quot;:&quot;&quot;,&quot;href&quot;:&quot;https:\/\/antalyatouristinformation.com\/de\/reiseburo\/&quot;,&quot;title&quot;:&quot;Termin mit einem Reiseberater: Plant eure ideale Reise in die T\u00fcrkei&quot;,&quot;data-css&quot;:&quot;tve-u-17940fe65ad&quot;,&quot;class&quot;:&quot;&quot;}\"><a href=\"https:\/\/antalyatouristinformation.com\/de\/reiseburo\/\" title=\"Termin mit einem Reiseberater: Plant eure ideale Reise in die T\u00fcrkei\">Termin mit einem Reiseberater: Plant eure ideale Reise in die T\u00fcrkei<\/a><\/span><\/h3>\n<p><a href=\"https:\/\/antalyatouristinformation.com\/de\/reiseburo\/\"><span><span>Hier klicken<\/span><\/span><\/a><\/p>\n<h2 style=\"text-align: center\">Golfschule, Driving Ranges und Golfpl\u00e4tze<\/h2>\n<p>Falls ihr eure F\u00e4higkeiten auf dem Golfplatz verbessern m\u00f6chtet, stehen euch in den Golfclubs von Belek viele Angebote und Anlagen zur Verf\u00fcgung. Dazu geh\u00f6ren Driving Ranges, \u00dcbungspl\u00e4tze, Putting Greens und Golfschulen mit professionellen Lehrern, die individuellen Golfunterricht f\u00fcr alle Spielst\u00e4rken anbieten.<\/p>\n<p>Es gibt eine Vielzahl von <a href=\"https:\/\/antalyatouristinformation.com\/de\/sehenswurdigkeiten\/golf\/golfplatze\/\">Golfpl\u00e4tzen in Belek<\/a>, die inmitten der sch\u00f6nen Landschaft der Region liegen und Golfern aller Spielst\u00e4rken eine entspannende und anspruchsvolle Runde Golf erm\u00f6glichen. Ihr findet Golfpl\u00e4tze am Fluss, am Meer, auf sanften Sandh\u00fcgeln, inmitten von Pinien, Eukalyptusb\u00e4umen und Parklandschaften, Golfpl\u00e4tze im \u201eHeath-Land-Style\u201c und Pl\u00e4tze mit Blick auf das gewaltige Taurusgebirge. Ein Gro\u00dfteil der Golfpl\u00e4tze in Belek wurde von ber\u00fchmten Golfern oder renommierten Designfirmen entworfen.<\/p>\n<h3 style=\"text-align: center\">FAQ (H\u00e4ufige Fragen)<\/h3>\n<h2 style=\"text-align: center;font-size: 26px !important\">Weitere Sehensw\u00fcrdigkeiten in Belek<\/h2>\n<h3><span data-attr-css=\"tve-u-17940fe65ad\" data-attr-link=\"1\" data-attr-rel=\"0\" data-attr-target=\"0\" data-extra_key=\"\" data-option-inline=\"1\" data-shortcode=\"tcb_post_title\" data-shortcode-name=\"Post title\" data-attr-static-link=\"{&quot;className&quot;:&quot;&quot;,&quot;href&quot;:&quot;https:\/\/antalyatouristinformation.com\/de\/sehenswurdigkeiten\/belek\/&quot;,&quot;title&quot;:&quot;15 Sehensw\u00fcrdigkeiten in Belek ((mit Karte))&quot;,&quot;data-css&quot;:&quot;tve-u-17940fe65ad&quot;,&quot;class&quot;:&quot;&quot;}\"><a href=\"https:\/\/antalyatouristinformation.com\/de\/sehenswurdigkeiten\/belek\/\" title=\"15 Sehensw\u00fcrdigkeiten in Belek [mit Karte]\">15 Sehensw\u00fcrdigkeiten in Belek [mit Karte]<\/a><\/span><\/h3>\n<p><a href=\"https:\/\/antalyatouristinformation.com\/de\/sehenswurdigkeiten\/belek\/\"><span><span>Mehr lesen<\/span><\/span><\/a><a href=\"https:\/\/antalyatouristinformation.com\/de\/sehenswurdigkeiten\/geschichte\/aspendos\/\" data-shortcode-id=\"113\"><\/a><\/p>\n<p style=\"text-align: center\"><span data-shortcode=\"tcb_post_published_date\" data-shortcode-name=\"Post date\" data-extra_key=\"\" data-attr-type=\"modified\" data-attr-date-format-select=\"F j, Y\" data-attr-date-format=\"F j, Y\" data-attr-show-time=\"0\" data-attr-time-format-select=\"g:i a\" data-attr-time-format=\"\" data-attr-link=\"0\" data-attr-target=\"1\" data-attr-rel=\"0\" data-option-inline=\"1\">Januar 18, 2024 <\/span><\/p>\n<h3 style=\"text-align: center;padding-top: 0px !important;margin-top: 0px !important\"><span data-attr-link=\"1\" data-attr-rel=\"0\" data-attr-target=\"0\" data-extra_key=\"\" data-option-inline=\"1\" data-shortcode=\"tcb_post_title\" data-shortcode-name=\"Post title\" data-attr-css=\"\" data-attr-static-link=\"{&quot;className&quot;:&quot;&quot;,&quot;href&quot;:&quot;https:\/\/antalyatouristinformation.com\/de\/sehenswurdigkeiten\/geschichte\/aspendos\/&quot;,&quot;title&quot;:&quot;Aspendos bei Antalya: Geschichte &amp; Tipps&quot;,&quot;class&quot;:&quot;&quot;}\"><a href=\"https:\/\/antalyatouristinformation.com\/de\/sehenswurdigkeiten\/geschichte\/aspendos\/\" title=\"Aspendos bei Antalya: Geschichte &amp; Tipps\" data-css=\"\">Aspendos bei Antalya: Geschichte &amp; Tipps<\/a><\/span><\/h3>\n<p><a href=\"https:\/\/antalyatouristinformation.com\/de\/sehenswurdigkeiten\/attraktionen\/the-land-of-legends\/\" data-shortcode-id=\"113\"><\/a><\/p>\n<p style=\"text-align: center\"><span data-shortcode=\"tcb_post_published_date\" data-shortcode-name=\"Post date\" data-extra_key=\"\" data-attr-type=\"modified\" data-attr-date-format-select=\"F j, Y\" data-attr-date-format=\"F j, Y\" data-attr-show-time=\"0\" data-attr-time-format-select=\"g:i a\" data-attr-time-format=\"\" data-attr-link=\"0\" data-attr-target=\"1\" data-attr-rel=\"0\" data-option-inline=\"1\">Juli 21, 2024 <\/span><\/p>\n<h3 style=\"text-align: center;padding-top: 0px !important;margin-top: 0px !important\"><span data-attr-link=\"1\" data-attr-rel=\"0\" data-attr-target=\"0\" data-extra_key=\"\" data-option-inline=\"1\" data-shortcode=\"tcb_post_title\" data-shortcode-name=\"Post title\" data-attr-css=\"\" data-attr-static-link=\"{&quot;className&quot;:&quot;&quot;,&quot;href&quot;:&quot;https:\/\/antalyatouristinformation.com\/de\/sehenswurdigkeiten\/geschichte\/aspendos\/&quot;,&quot;title&quot;:&quot;Aspendos bei Antalya: Geschichte &amp; Tipps&quot;,&quot;class&quot;:&quot;&quot;}\"><a href=\"https:\/\/antalyatouristinformation.com\/de\/sehenswurdigkeiten\/attraktionen\/the-land-of-legends\/\" title=\"The Land of Legends Themenpark in Belek\" data-css=\"\">The Land of Legends Themenpark in Belek<\/a><\/span><\/h3>\n<p><a href=\"https:\/\/antalyatouristinformation.com\/de\/sehenswurdigkeiten\/rafting\/\" data-shortcode-id=\"113\"><\/a><\/p>\n<p style=\"text-align: center\"><span data-shortcode=\"tcb_post_published_date\" data-shortcode-name=\"Post date\" data-extra_key=\"\" data-attr-type=\"modified\" data-attr-date-format-select=\"F j, Y\" data-attr-date-format=\"F j, Y\" data-attr-show-time=\"0\" data-attr-time-format-select=\"g:i a\" data-attr-time-format=\"\" data-attr-link=\"0\" data-attr-target=\"1\" data-attr-rel=\"0\" data-option-inline=\"1\">April 27, 2023 <\/span><\/p>\n<h3 style=\"text-align: center;padding-top: 0px !important;margin-top: 0px !important\"><span data-attr-link=\"1\" data-attr-rel=\"0\" data-attr-target=\"0\" data-extra_key=\"\" data-option-inline=\"1\" data-shortcode=\"tcb_post_title\" data-shortcode-name=\"Post title\" data-attr-css=\"\" data-attr-static-link=\"{&quot;className&quot;:&quot;&quot;,&quot;href&quot;:&quot;https:\/\/antalyatouristinformation.com\/de\/sehenswurdigkeiten\/geschichte\/aspendos\/&quot;,&quot;title&quot;:&quot;Aspendos bei Antalya: Geschichte &amp; Tipps&quot;,&quot;class&quot;:&quot;&quot;}\"><a href=\"https:\/\/antalyatouristinformation.com\/de\/sehenswurdigkeiten\/rafting\/\" title=\"Rafting in Antalya: Der komplette Guide\" data-css=\"\">Rafting in Antalya: Der komplette Guide<\/a><\/span><\/h3>\n<p><a href=\"https:\/\/antalyatouristinformation.com\/de\/sehenswurdigkeiten\/\" data-shortcode-id=\"113\"><\/a><\/p>\n<p style=\"text-align: center\"><span data-shortcode=\"tcb_post_published_date\" data-shortcode-name=\"Post date\" data-extra_key=\"\" data-attr-type=\"modified\" data-attr-date-format-select=\"F j, Y\" data-attr-date-format=\"F j, Y\" data-attr-show-time=\"0\" data-attr-time-format-select=\"g:i a\" data-attr-time-format=\"\" data-attr-link=\"0\" data-attr-target=\"1\" data-attr-rel=\"0\" data-option-inline=\"1\">Dezember 12, 2024 <\/span><\/p>\n<h3 style=\"text-align: center;padding-top: 0px !important;margin-top: 0px !important\"><span data-attr-link=\"1\" data-attr-rel=\"0\" data-attr-target=\"0\" data-extra_key=\"\" data-option-inline=\"1\" data-shortcode=\"tcb_post_title\" data-shortcode-name=\"Post title\" data-attr-css=\"\" data-attr-static-link=\"{&quot;className&quot;:&quot;&quot;,&quot;href&quot;:&quot;https:\/\/antalyatouristinformation.com\/de\/sehenswurdigkeiten\/geschichte\/aspendos\/&quot;,&quot;title&quot;:&quot;Aspendos bei Antalya: Geschichte &amp; Tipps&quot;,&quot;class&quot;:&quot;&quot;}\"><a href=\"https:\/\/antalyatouristinformation.com\/de\/sehenswurdigkeiten\/\" title=\"100+ Sehensw\u00fcrdigkeiten in Antalya\" data-css=\"\">100+ Sehensw\u00fcrdigkeiten in Antalya<\/a><\/span><\/h3>\n<h2 style=\"text-align: center\" id=\"t-1620292814195\">Ein Beratungsgespr\u00e4ch mit einem Golfreise-Spezialisten buchen<\/h2>\n<p>Falls ihr in Belek Golf spielen wollt, habt ihr die Qual der Wahl zwischen Golfclubs und Golf-Resorts.<\/p>\n<p>Es gibt 11 Golfpl\u00e4tze und 16 spezielle Golf-Resorts in Belek. Zus\u00e4tzlich bieten etliche Strandresorts Zugang zu den Golfpl\u00e4tzen in Belek mitsamt spezieller Privilegien.<\/p>\n<p>Kontaktiert einen unserer fachkundigen Golfreise-Spezialisten f\u00fcr eine kostenlose Erstberatung mit einem individuellen Angebot und Vorteilen in den Golf-Resorts in Belek, z.B. Inklusiv-Pakete f\u00fcr das Golfen.<\/p>\n<p>Wir unterst\u00fctzen sowohl Einzelreisende, Familien als auch Gruppen.<\/p>\n<p>Unsere Top-Golfpakete mit Inklusivleistungen sind exklusive Angebote in Belek.<\/p>\n<p>Fl\u00fcge nach Antalya sind rund um die Uhr bei Qualit\u00e4ts-Airlines verf\u00fcgbar. Weitere Vorteile sind Kundengeldabsicherung \u00fcber die Schweizer &#8222;SwissRe&#8220;, &#8222;Reisegarantie&#8220; und 99,6&nbsp;% Kundenzufriedenheit.<\/p>\n<h3>Kontakt von Golfreise-Spezialisten<\/h3>\n<p>Beginnt mit der Reiseplanung eures idealen Urlaubs mit einem lizenzierten und fachkundigen Golfreise-Spezialisten.<\/p>\n<h6>Email:<\/h6>\n<p><span style=\"font-weight: normal\"><span data-attr-id=\"5\" data-extra_key=\"1\" data-option-inline=\"1\" data-shortcode=\"thrive_global_fields\" data-shortcode-name=\"[Company] Email address\">info@antalyatouristinformation.com\/<\/span><\/span><\/p>\n<h6>Telefon:<\/h6>\n<p><span style=\"font-weight: normal\"><span data-attr-id=\"3\" data-extra_key=\"1\" data-option-inline=\"1\" data-shortcode=\"thrive_global_fields\" data-shortcode-name=\"[Company] Phone number\">+4366465602<\/span><\/span><\/p>\n","protected":false},"excerpt":{"rendered":"<p>Erlebn\u0131s Der Belek Golf Guide Das ist unser kompletter Guide zum Golfen in Belek. Mit sechzehn 18-Loch- und einem 9-Loch-Golfplatz ist Belek das gr\u00f6\u00dfte Reiseziel f\u00fcr einen Golfurlaub am Mittelmeer mit der ganzen Familie. Hier lest ihr \u00fcber Golfpl\u00e4tze, Golf-Resorts, Green Fees, verf\u00fcgbare Golf-Pauschalreisen und h\u00e4ufig gestellte Fragen, die unsere lizenzierten Golfreise-Spezialisten gerne beantworten. Lasst [&hellip;]<\/p>\n","protected":false},"author":5,"featured_media":6755,"parent":113,"menu_order":0,"comment_status":"open","ping_status":"closed","template":"","meta":{"_acf_changed":false,"footnotes":"","tve_updated_post":"","tve_custom_css":"","tve_user_custom_css":"","tve_globals":{},"tcb2_ready":1,"tcb_editor_enabled":1,"tve_landing_page":"tcb2-shapeshift-blank-page","_tve_header":"80","_tve_footer":"89"},"categories":[],"tags":[67],"class_list":["post-3834","page","type-page","status-publish","has-post-thumbnail","hentry","tag-golf","post-wrapper","thrv_wrapper"],"acf":[],"wp-worthy-pixel":{"ignored":false,"public":"60f19c482c154b64bbe6256a4164decb","server":"vg05.met.vgwort.de","url":"https:\/\/vg05.met.vgwort.de\/na\/60f19c482c154b64bbe6256a4164decb"},"wp-worthy-type":"normal","_links":{"self":[{"href":"https:\/\/antalyatouristinformation.com\/de\/wp-json\/wp\/v2\/pages\/3834","targetHints":{"allow":["GET"]}}],"collection":[{"href":"https:\/\/antalyatouristinformation.com\/de\/wp-json\/wp\/v2\/pages"}],"about":[{"href":"https:\/\/antalyatouristinformation.com\/de\/wp-json\/wp\/v2\/types\/page"}],"author":[{"embeddable":true,"href":"https:\/\/antalyatouristinformation.com\/de\/wp-json\/wp\/v2\/users\/5"}],"replies":[{"embeddable":true,"href":"https:\/\/antalyatouristinformation.com\/de\/wp-json\/wp\/v2\/comments?post=3834"}],"version-history":[{"count":10,"href":"https:\/\/antalyatouristinformation.com\/de\/wp-json\/wp\/v2\/pages\/3834\/revisions"}],"predecessor-version":[{"id":16592,"href":"https:\/\/antalyatouristinformation.com\/de\/wp-json\/wp\/v2\/pages\/3834\/revisions\/16592"}],"up":[{"embeddable":true,"href":"https:\/\/antalyatouristinformation.com\/de\/wp-json\/wp\/v2\/pages\/113"}],"wp:featuredmedia":[{"embeddable":true,"href":"https:\/\/antalyatouristinformation.com\/de\/wp-json\/wp\/v2\/media\/6755"}],"wp:attachment":[{"href":"https:\/\/antalyatouristinformation.com\/de\/wp-json\/wp\/v2\/media?parent=3834"}],"wp:term":[{"taxonomy":"category","embeddable":true,"href":"https:\/\/antalyatouristinformation.com\/de\/wp-json\/wp\/v2\/categories?post=3834"},{"taxonomy":"post_tag","embeddable":true,"href":"https:\/\/antalyatouristinformation.com\/de\/wp-json\/wp\/v2\/tags?post=3834"}],"curies":[{"name":"wp","href":"https:\/\/api.w.org\/{rel}","templated":true}]}}