{"id":3853,"date":"2021-04-23T10:32:37","date_gmt":"2021-04-23T08:32:37","guid":{"rendered":"http:\/\/antalyatouristinformation.com\/clone4639485xzhehsskdjfhhdhebdkkekdeewsd4545gdfgm\/things-to-do\/clone-of-xx-things-to-do-in-side\/"},"modified":"2025-09-01T16:15:02","modified_gmt":"2025-09-01T14:15:02","slug":"side-altstadt","status":"publish","type":"page","link":"https:\/\/antalyatouristinformation.com\/de\/sehenswurdigkeiten\/side-altstadt\/","title":{"rendered":"10 Sehensw\u00fcrdigkeiten in der Altstadt von Side"},"content":{"rendered":"<p>Das ist unser kompletter Guide f\u00fcr die Altstadt von Side.<\/p>\n<p>Hier behandeln wir alle Attraktionen, Sehensw\u00fcrdigkeiten und Wahrzeichen auf der Halbinsel.<\/p>\n<p>Ihr werdet auch \u00fcber Restaurants, Caf\u00e9s, Shopping und das Nachtleben in der Altstadt von Side lesen.<\/p>\n<p>Fangen wir an &#8230;<\/p>\n<h2 id=\"t-1620387906702\" data-alt-text=\"Antikes Theater\">1. Antikes Theater von Side<\/h2>\n<p><span><img decoding=\"async\" alt=\"Ruins of old theater in Side, Turkey\" data-id=\"7099\" width=\"702\" data-init-width=\"1000\" height=\"470\" data-init-height=\"667\" title=\"Ruins of old theater in Side, Turkey\" loading=\"lazy\" src=\"https:\/\/antalyatouristinformation.com\/de\/wp-content\/uploads\/sites\/10\/2021\/05\/Ruins-of-old-theater-in-Side-Turkey.jpg\" data-width=\"702\" data-height=\"470\" style=\"aspect-ratio: auto 1000 \/ 667\" data-pin-media=\"https:\/\/antalyatouristinformation.com\/de\/wp-content\/uploads\/sites\/10\/2021\/07\/antalya-deutsch-pinterest-8-7.jpg\" data-pin-description=\"Sehensw\u00fcrdigkeiten in Side-Altstadt | Antalya Tourist Information\" data-pin-url=\"https:\/\/antalyatouristinformation.com\/de\/sehenswurdigkeiten\/side-altstadt\/?tve=true&amp;tcbf=29b100a66c\"><\/span><\/p>\n<p>Das antike Theater steht majest\u00e4tisch im Herzen der Altstadt von Side. Es ist eines der eindrucksvollsten Sehensw\u00fcrdigkeiten der Stadt. Das Theater stammt aus dem 2. Jahrhundert nach unserer Zeitrechnung und bietet Platz f\u00fcr 15.000 Zuschauer.<\/p>\n<p>Gegen eine geringe Eintrittsgeb\u00fchr k\u00f6nnt ihr die gut erhaltenen Ruinen des r\u00f6mischen Amphitheaters erkunden. Dabei k\u00f6nnt ihr euch in die Zeit zur\u00fcckversetzen, als hier Gladiatorenk\u00e4mpfe ausgetragen wurden. Falls euch antike Theater interessieren, solltet ihr <a href=\"https:\/\/antalyatouristinformation.com\/de\/sehenswurdigkeiten\/geschichte\/aspendos\/\">Aspendos <\/a>in Antalya mit dem beliebtesten antiken Theater der Region besuchen.<\/p>\n<ul>\n<li><strong>Hier buchen:<\/strong><a href=\"https:\/\/megapass.com\/tours-tickets\/antalya-perge-aspendos-side-and-waterfalls-tour-i2742?discountCode=ma-places\" target=\"_blank\" rel=\"nofollow\">Perge, Aspendos, Side und Wasserf\u00e4lle Tour<\/a><\/li>\n<\/ul>\n<h2 id=\"t-1620387906703\" data-alt-text=\"Side Museum\">2. Arch\u00e4ologisches Museum von Side<\/h2>\n<p><span><img decoding=\"async\" alt=\"Side Archeological Museum in Antalya in Turkey\" data-id=\"7033\" width=\"702\" data-init-width=\"1000\" height=\"437\" data-init-height=\"622\" title=\"Side Archeological Museum in Antalya in Turkey\" loading=\"lazy\" src=\"https:\/\/antalyatouristinformation.com\/de\/wp-content\/uploads\/sites\/10\/2021\/05\/Side-Archeological-Museum-in-Antalya-in-Turkey.jpg\" data-width=\"702\" data-height=\"437\" style=\"aspect-ratio: auto 1000 \/ 622\" data-pin-media=\"https:\/\/antalyatouristinformation.com\/de\/wp-content\/uploads\/sites\/10\/2021\/07\/antalya-deutsch-pinterest-8-7.jpg\" data-pin-description=\"Sehensw\u00fcrdigkeiten in Side-Altstadt | Antalya Tourist Information\" data-pin-url=\"https:\/\/antalyatouristinformation.com\/de\/sehenswurdigkeiten\/side-altstadt\/?tve=true&amp;tcbf=29b100a66c\"><\/span><\/p>\n<p>Im <a href=\"https:\/\/antalyatouristinformation.com\/de\/sehenswurdigkeiten\/museum\/side-archaologisch\/\">Arch\u00e4ologischen Museum von Side<\/a> erwartet euch eine Sammlung von antiken Artefakten aus Side und den nahegelegenen Ausgrabungsst\u00e4tten. Dazu geh\u00f6ren Sarkophage, Statuen, Friese, Juwelen und M\u00fcnzen. Daneben k\u00f6nnt ihr Waffen, Alltagsgegenst\u00e4nde und religi\u00f6se Objekte bewundern.<\/p>\n<p>Ein Highlight ist auch das Geb\u00e4ude selbst. Das Side Museum direkt neben dem antiken Theater ist in den Ruinen eines r\u00f6mischen Bades untergebracht. Um es zu betreten, m\u00fcsst ihr Eintritt zahlen. Euch k\u00f6nnte auch das <a href=\"https:\/\/antalyatouristinformation.com\/de\/sehenswurdigkeiten\/museum\/antalya-archaologisch\/\">Arch\u00e4ologische Museum von Antalya<\/a> interessieren, das beliebteste Museum in der Region. Hier ist unser <a href=\"https:\/\/antalyatouristinformation.com\/de\/sehenswurdigkeiten\/museum\/\">Guide \u00fcber die Museen in Antalya<\/a>.<\/p>\n<ul>\n<li><strong>Hier buchen: <\/strong><a href=\"https:\/\/www.viator.com\/tours\/Antalya\/Antalya-Archeologycal-Museum-Entry-Ticket-Audio-City-Tour\/d586-460360P46?pid=P00141578&amp;mcid=42383&amp;medium=link&amp;campaign=AntalyaTIDESightsSideOldTownA\" target=\"_blank\" rel=\"nofollow\">Eintrittskarte f\u00fcr das Arch\u00e4ologische Museum Antalya und Audio-Stadtrundfahrt<\/a><\/li>\n<\/ul>\n<h2 id=\"t-1620387906704\" data-alt-text=\"Strand in Side\">3. Str\u00e4nde in Sides Altstadt<\/h2>\n<p><span><img decoding=\"async\" alt=\"Beach in Side in Turkey in Antalya\" data-id=\"7034\" width=\"702\" data-init-width=\"1000\" height=\"470\" data-init-height=\"667\" title=\"Beach in Side in Turkey in Antalya\" loading=\"lazy\" src=\"https:\/\/antalyatouristinformation.com\/de\/wp-content\/uploads\/sites\/10\/2021\/05\/Beach-in-Side-in-Turkey-in-Antalya.jpg\" data-width=\"702\" data-height=\"470\" style=\"aspect-ratio: auto 1000 \/ 667\" data-pin-media=\"https:\/\/antalyatouristinformation.com\/de\/wp-content\/uploads\/sites\/10\/2021\/07\/antalya-deutsch-pinterest-8-7.jpg\" data-pin-description=\"Sehensw\u00fcrdigkeiten in Side-Altstadt | Antalya Tourist Information\" data-pin-url=\"https:\/\/antalyatouristinformation.com\/de\/sehenswurdigkeiten\/side-altstadt\/?tve=true&amp;tcbf=29b100a66c\"><\/span><\/p>\n<p>In der Altstadt von Side gibt es zwei Str\u00e4nde. Ihr findet sowohl im Westen als auch im Osten der Halbinsel einen sehr sch\u00f6nen Strand mit Liegest\u00fchlen, feinem wei\u00dfen Sand und blauem Wasser. Beide Str\u00e4nde sind sehr sauber und seicht.<\/p>\n<p>Der Strand auf der \u00f6stlichen Seite ist gr\u00f6\u00dfer. Hier gibt es etliche Sonnenliegen, Beachbars und Caf\u00e9s. Ihr k\u00f6nnt euch aber genauso gut ein Pl\u00e4tzchen in einem ruhigen Abschnitt suchen und euch auf euer Handtuch legen.<\/p>\n<p>Werft auch einen Blick in unseren <a href=\"https:\/\/antalyatouristinformation.com\/de\/sehenswurdigkeiten\/strand\/\">Guide \u00fcber die besten Str\u00e4nde in Antalya<\/a>.<\/p>\n<h2 id=\"t-1620387906705\" data-alt-text=\"Restaurants\">4. Restaurants und lokales Essen<\/h2>\n<p><span><img decoding=\"async\" alt=\"Restaurant in Side in Antalya in Turkey\" data-id=\"7035\" width=\"702\" data-init-width=\"1000\" height=\"470\" data-init-height=\"667\" title=\"Restaurant in Side in Antalya in Turkey\" loading=\"lazy\" src=\"https:\/\/antalyatouristinformation.com\/de\/wp-content\/uploads\/sites\/10\/2021\/05\/Restaurant-in-Side-in-Antalya-in-Turkey.jpg\" data-width=\"702\" data-height=\"470\" style=\"aspect-ratio: auto 1000 \/ 667\" data-pin-media=\"https:\/\/antalyatouristinformation.com\/de\/wp-content\/uploads\/sites\/10\/2021\/07\/antalya-deutsch-pinterest-8-7.jpg\" data-pin-description=\"Sehensw\u00fcrdigkeiten in Side-Altstadt | Antalya Tourist Information\" data-pin-url=\"https:\/\/antalyatouristinformation.com\/de\/sehenswurdigkeiten\/side-altstadt\/?tve=true&amp;tcbf=29b100a66c\"><\/span><\/p>\n<p>In der Altstadt von Sides gibt es eine Vielzahl von Restaurants, die sowohl t\u00fcrkische als auch internationale Gerichte servieren. Im Vergleich zu anderen Teilen von Antalya sind die Preise jedoch h\u00f6her.<\/p>\n<p>Wir empfehlen, dass ihr euch vor der Bestellung unbedingt die Speisekarte geben lasst und die Preise \u00fcberpr\u00fcft. Auf diese Weise k\u00f6nnt ihr unangenehme \u00dcberraschungen vermeiden, bei denen ihr im schlimmsten Fall feststellen m\u00fcsst, dass ihr das bestellte Gericht in Euro statt in T\u00fcrkischen Lira bezahlen m\u00fcsst. Solltet ihr auch auf der Speisekarte keine Angabe zur W\u00e4hrung finden, fragt am besten nach, ob die Preise in TL angegeben sind.<\/p>\n<p><strong><b>Mehr dazu:<\/b><\/strong><a href=\"https:\/\/antalyatouristinformation.com\/de\/food\/lokales-kuche\/\">Lokales Essen in Antalya: 22 Gerichte, die ihr unbedingt probieren m\u00fcsst!<\/a><\/p>\n<h2 id=\"t-1620387906706\" data-alt-text=\"Shopping\">5. Shopping in der Altstadt von Side (Markt)<\/h2>\n<p><span><img decoding=\"async\" alt=\"Shopping in Side Old Town in Antalya Turkey\" data-id=\"7114\" width=\"702\" data-init-width=\"1000\" height=\"470\" data-init-height=\"667\" title=\"Shopping in Side Old Town in Antalya Turkey\" loading=\"lazy\" src=\"https:\/\/antalyatouristinformation.com\/de\/wp-content\/uploads\/sites\/10\/2021\/05\/Shopping-in-Side-Old-Town-in-Antalya-Turkey.jpg\" data-width=\"702\" data-height=\"470\" style=\"aspect-ratio: auto 1000 \/ 667\" data-pin-media=\"https:\/\/antalyatouristinformation.com\/de\/wp-content\/uploads\/sites\/10\/2021\/07\/antalya-deutsch-pinterest-8-7.jpg\" data-pin-description=\"Sehensw\u00fcrdigkeiten in Side-Altstadt | Antalya Tourist Information\" data-pin-url=\"https:\/\/antalyatouristinformation.com\/de\/sehenswurdigkeiten\/side-altstadt\/?tve=true&amp;tcbf=29b100a66c\"><\/span><\/p>\n<p>Sides Altstadt bietet gute M\u00f6glichkeiten zum Shoppen. Etliche Gesch\u00e4fte reihen sich dicht aneinander. Ihr findet die vielf\u00e4ltigsten Waren, darunter Kleidung, t\u00fcrkische Souvenirs, Schmuck und Lederwaren. Aber auch was das Einkaufen angeht, ist Side ein wenig teurer als seine Nachbarn. Daher k\u00f6nnt ihr beim Feilschen auf den <a href=\"https:\/\/antalyatouristinformation.com\/de\/shopping\/basar\/antalya-stadt\/\">Basaren <\/a>davon ausgehen, dass die Preise noch mal h\u00f6her angegeben werden als es \u00fcblich ist.<\/p>\n<p>Eine Sache, vor der ihr euch als Tourist in Acht nehmen solltet, sind Personen, die versuchen &#8222;gef\u00e4lschte M\u00fcnzen&#8220; zu verkaufen. Leider k\u00f6nnt ihr \u00fcberall in der Altstadt solche Menschen antreffen. In der Regel ist das eine Betrugsmasche. Sollte es sich tats\u00e4chlich zuf\u00e4llig um eine echte antike M\u00fcnze handeln, m\u00fcsst ihr beim t\u00fcrkischen Zoll mit ernsthaften Konsequenzen rechnen. Deshalb solltet ihr keinesfalls eine M\u00fcnze kaufen. Hier ist unser <a href=\"https:\/\/antalyatouristinformation.com\/de\/shopping\/\">Guide zu Shopping in Antalya<\/a>.<\/p>\n<p><strong>Mehr lesen: <\/strong><a href=\"https:\/\/antalyatouristinformation.com\/de\/shopping\/souvenir\/\">20 einzigartige Souvenirs, die ihr aus Antalya heimbringen k\u00f6nnt!<\/a><\/p>\n<h2 id=\"t-1620387906707\" data-alt-text=\"Apollo-Tempel\">6. Sides Wahrzeichen, der Apollon-Tempel<\/h2>\n<p><span><img decoding=\"async\" alt=\"The Temple of Apollo, Side in Antalya Turkey\" data-id=\"7117\" width=\"702\" data-init-width=\"1000\" height=\"470\" data-init-height=\"667\" title=\"The Temple of Apollo, Side in Antalya Turkey\" loading=\"lazy\" src=\"https:\/\/antalyatouristinformation.com\/de\/wp-content\/uploads\/sites\/10\/2021\/05\/The-Temple-of-Apollo-Side-in-Antalya-Turkey.jpg\" data-width=\"702\" data-height=\"470\" style=\"aspect-ratio: auto 1000 \/ 667\" data-pin-media=\"https:\/\/antalyatouristinformation.com\/de\/wp-content\/uploads\/sites\/10\/2021\/07\/antalya-deutsch-pinterest-8-7.jpg\" data-pin-description=\"Sehensw\u00fcrdigkeiten in Side-Altstadt | Antalya Tourist Information\" data-pin-url=\"https:\/\/antalyatouristinformation.com\/de\/sehenswurdigkeiten\/side-altstadt\/?tve=true&amp;tcbf=29b100a66c\"><\/span><\/p>\n<p>Der imposante Apollon-Tempel ist das <b>ber\u00fchmte Wahrzeichen<\/b> von Side. Die sechs korinthischen S\u00e4ulen erheben sich am Hafen und stammen aus der R\u00f6merzeit. Der Apollon-Tempel ist eines der beliebtesten Fotomotive der Region. Besonders bei Sonnenuntergang ist er eine beliebte Anlaufstelle von Touristen.<\/p>\n<p>Der Apollon-Tempel schafft mit dem schillernden Meer und der untergehenden Sonne im Hintergrund eine sch\u00f6ne Kulisse.<\/p>\n<p>Lest in unserem Beitrag \u00fcber<a href=\"https:\/\/antalyatouristinformation.com\/de\/sehenswurdigkeiten\/geschichte\/\"> antike Ruinen in Antalya<\/a> \u00fcber andere beeindruckende kulturelle Sehensw\u00fcrdigkeiten in Antalya.<\/p>\n<ul>\n<li><strong>Hier buchen:<\/strong> <a href=\"https:\/\/www.viator.com\/tours\/Antalya\/Perge-Aspendos-Side-and-Waterfalls-Tour\/d586-9398P323?pid=P00141578&amp;mcid=42383&amp;medium=link&amp;campaign=AntalyaTIDESightsSideOldTownA\" target=\"_blank\" rel=\"nofollow\">Tour zur antiken Stadt Perge, Aspendos, Apollontempel und Wasserf\u00e4lle<\/a><\/li>\n<\/ul>\n<h2 id=\"t-1620387906708\" data-alt-text=\"Hafen\">7. Bootstouren vom Hafen<\/h2>\n<p><span><img decoding=\"async\" alt=\"Boat Tours from the Harbour in Antalya in Turkey\" data-id=\"7102\" width=\"702\" data-init-width=\"1000\" height=\"470\" data-init-height=\"667\" title=\"Boat Tours from the Harbour in Antalya in Turkey\" loading=\"lazy\" src=\"https:\/\/antalyatouristinformation.com\/de\/wp-content\/uploads\/sites\/10\/2021\/05\/Boat-Tours-from-the-Harbour-in-Antalya-in-Turkey.jpg\" data-width=\"702\" data-height=\"470\" style=\"aspect-ratio: auto 1000 \/ 667\" data-pin-media=\"https:\/\/antalyatouristinformation.com\/de\/wp-content\/uploads\/sites\/10\/2021\/07\/antalya-deutsch-pinterest-8-7.jpg\" data-pin-description=\"Sehensw\u00fcrdigkeiten in Side-Altstadt | Antalya Tourist Information\" data-pin-url=\"https:\/\/antalyatouristinformation.com\/de\/sehenswurdigkeiten\/side-altstadt\/?tve=true&amp;tcbf=29b100a66c\"><\/span><\/p>\n<p>Zahlreiche Bootstouren legen t\u00e4glich vom Hafen ab. Eine Bootsfahrt entlang der K\u00fcste zu den atemberaubenden Buchten in der Umgebung geh\u00f6rt besonders im Sommer zu den beliebtesten <a href=\"https:\/\/antalyatouristinformation.com\/de\/sehenswurdigkeiten\/\">Sehensw\u00fcrdigkeiten in Antalya<\/a>.<\/p>\n<p>Die Bootstouren mit Piratenschiffen sind ein Highlight f\u00fcr viele Urlauber &#8211; vor allem f\u00fcr Kinder. Ihr findet weitere tolle Attraktionen und Angebote in unserem <a href=\"https:\/\/antalyatouristinformation.com\/de\/touren-und-tickets\/\">Ticketshop <\/a>f\u00fcr Antalya.<\/p>\n<p>Falls ihr mit euren Kindern nach Antalya reist, dann lasst euch von unserem Beitrag \u00fcber <a href=\"https:\/\/antalyatouristinformation.com\/de\/sehenswurdigkeiten\/fur-kinder\/\">Sehensw\u00fcrdigkeiten f\u00fcr Kinder in Antalya<\/a> inspirieren!<\/p>\n<h2 id=\"t-1620387906709\" data-alt-text=\"Glasboden\">8. Der Boden ist Glas!<\/h2>\n<p><span><img decoding=\"async\" alt=\"Glas Floor in Side in Antalya in Turkey\" data-id=\"7032\" width=\"702\" data-init-width=\"1000\" height=\"468\" data-init-height=\"667\" title=\"Glas Floor in Side in Antalya in Turkey\" loading=\"lazy\" src=\"https:\/\/antalyatouristinformation.com\/de\/wp-content\/uploads\/sites\/10\/2021\/05\/Glas-Floor-in-Side-in-Antalya-in-Turkey.jpg\" data-width=\"702\" data-height=\"468\" style=\"aspect-ratio: auto 1000 \/ 667\" data-pin-media=\"https:\/\/antalyatouristinformation.com\/de\/wp-content\/uploads\/sites\/10\/2021\/07\/antalya-deutsch-pinterest-8-7.jpg\" data-pin-description=\"Sehensw\u00fcrdigkeiten in Side-Altstadt | Antalya Tourist Information\" data-pin-url=\"https:\/\/antalyatouristinformation.com\/de\/sehenswurdigkeiten\/side-altstadt\/?tve=true&amp;tcbf=29b100a66c\"><\/span><\/p>\n<p>Eine ganz besondere Attraktion verbirgt sich unter den Stra\u00dfen von Side. W\u00e4hrend ihr durch die Gassen von Sides Altstadt streift, k\u00f6nnt ihr unerwartet auf Glasb\u00f6den sto\u00dfen. Darunter befinden sich antike Ruinen, die bei Bauarbeiten gefunden wurden.<\/p>\n<p>Ihr k\u00f6nnt die Glasplatten \u00fcberall in der Altstadt finden und so Ausgrabungen der antiken Stadt bewundern. Nachts sind die antiken Fundst\u00fccke beleuchtet, was ihnen ein besonders mystisches Aussehen verleiht.<\/p>\n<h2 id=\"t-1620387906710\" data-alt-text=\"Nightlife\">9. Das Nachtleben in der Altstadt von Side<\/h2>\n<p><span><img decoding=\"async\" alt=\"Nightlife in Side old town in Antalya Turkey\" data-id=\"7112\" width=\"702\" data-init-width=\"1000\" height=\"470\" data-init-height=\"667\" title=\"Nightlife in Side old town in Antalya Turkey\" loading=\"lazy\" src=\"https:\/\/antalyatouristinformation.com\/de\/wp-content\/uploads\/sites\/10\/2021\/05\/Nightlife-in-Side-old-town-in-Antalya-Turkey.jpg\" data-width=\"702\" data-height=\"470\" style=\"aspect-ratio: auto 1000 \/ 667\" data-pin-media=\"https:\/\/antalyatouristinformation.com\/de\/wp-content\/uploads\/sites\/10\/2021\/07\/antalya-deutsch-pinterest-8-7.jpg\" data-pin-description=\"Sehensw\u00fcrdigkeiten in Side-Altstadt | Antalya Tourist Information\" data-pin-url=\"https:\/\/antalyatouristinformation.com\/de\/sehenswurdigkeiten\/side-altstadt\/?tve=true&amp;tcbf=29b100a66c\"><\/span><\/p>\n<p>Die Altstadt von Side begeistert ihre Besucher mit einem pulsierenden Nachtleben. Hier ist immer etwas los! Kein Wunder, dass sowohl Einheimische als auch Touristen gern am Abend in der Altstadt sind.<\/p>\n<p>Besonders beliebt ist die Promenade. Dort reihen sich viele Open-Air-Clubs, Bars und Restaurants aneinander. Ihr k\u00f6nnt hier von leckeren Cocktails bis hin zu Wein und eiskaltem Bier alles finden.<\/p>\n<p><b>Mehr dazu:<\/b> Hier ist unser kompletter <a href=\"https:\/\/antalyatouristinformation.com\/de\/nightlife\/\">Guide \u00fcber das Nightlife von Antalya<\/a>!<\/p>\n<h2 data-alt-text=\"Antike Ruinen\" id=\"t-1620387906711\">10. Mehr antike Ruinen<\/h2>\n<p><span><img decoding=\"async\" alt=\"More ancient Ruins in Antalya in Turkey\" data-id=\"7119\" width=\"702\" data-init-width=\"1000\" height=\"470\" data-init-height=\"667\" title=\"More ancient Ruins in Antalya in Turkey\" loading=\"lazy\" src=\"https:\/\/antalyatouristinformation.com\/de\/wp-content\/uploads\/sites\/10\/2021\/05\/More-ancient-Ruins-in-Antalya-in-Turkey.jpg\" data-width=\"702\" data-height=\"470\" style=\"aspect-ratio: auto 1000 \/ 667\" data-pin-media=\"https:\/\/antalyatouristinformation.com\/de\/wp-content\/uploads\/sites\/10\/2021\/07\/antalya-deutsch-pinterest-8-7.jpg\" data-pin-description=\"Sehensw\u00fcrdigkeiten in Side-Altstadt | Antalya Tourist Information\" data-pin-url=\"https:\/\/antalyatouristinformation.com\/de\/sehenswurdigkeiten\/side-altstadt\/?tve=true&amp;tcbf=29b100a66c\"><\/span><\/p>\n<p>In der Altstadt von Side k\u00f6nnt ihr dank ihrer 3500 Jahre alten Geschichte viele antike Ruinen aus r\u00f6mischer und byzantinischer Zeit finden. Dazu geh\u00f6ren:<\/p>\n<ul>\n<li><b>Handelsagora:<\/b> Das kulturelle und wirtschaftliche Zentrum der Stadt und beliebter Treffpunkt w\u00e4hrend der R\u00f6merzeit. Sie befindet sich neben dem antiken Theater und beherbergt viele Ruinen, wie den Tempel der Tyche und eine gut erhaltene Marktstra\u00dfe.<\/li>\n<li><b>Staatliche Agora:<\/b> S\u00fcd\u00f6stlich der Handelsagora liegen die Ruinen der Staatsagora aus dem zweiten Jahrhundert. Sie war den elit\u00e4ren Kreisen der Stadt vorbehalten.<\/li>\n<li><b>Monumentalbrunnen (Nymphaeum):<\/b> In der N\u00e4he der \u00e4u\u00dferen Stadtmauern. Teil der r\u00f6mischen Aqu\u00e4dukte aus dem 2. Jahrhundert nach unserer Zeitrechnung.<\/li>\n<li><b>R\u00f6mische B\u00e4der:<\/b> Die R\u00f6mischen B\u00e4der gegen\u00fcber der Handelsagora stammen wahrscheinlich aus dem 5. Jahrhundert. Seit 1962 beheimaten sie das Side Museum.<\/li>\n<li><b>Stadtmauern:<\/b> Der Bau der einst 6 km langen Stadtmauer begann im sp\u00e4ten ersten Jahrhundert. Sie diente dem Schutz der Stadt und kann zum Teil noch besichtigt werden.<\/li>\n<li><b>Stadttor:<\/b> Das Stadttor liegt in der N\u00e4he des Nymph\u00e4um. Es wurde als gro\u00dfes Haupttor zun\u00e4chst als frei stehendes Bauwerk errichtet und erst sp\u00e4ter in die Stadtmauer integriert.<\/li>\n<li><b>S\u00e4ulenstra\u00dfe:<\/b> Eine Marmor-gepflasterte, von S\u00e4ulen umrahmte Stra\u00dfe, die einst vom Stadttor in die Altstadt f\u00fchrte. Heute k\u00f6nnt ihr noch \u00dcberreste der S\u00e4ulen mit originalen Mosaiken sehen. Sie sind ein beliebtes Fotomotiv.<\/li>\n<li><b>S\u00fcd-Basilika:<\/b> Die Basilika wurde direkt neben den beiden r\u00f6mischen Haupttempeln der Stadt errichtet, die sp\u00e4ter in das Atrium der byzantinischen Kirche integriert wurden.<\/li>\n<li><b>Monumentaltor:<\/b> Das Tor wurde auf der Handelsagora errichtet. Heute sind nur noch die Grundmauern erhalten.<\/li>\n<li><b>Vespasian Monument und Triumphbogen:<\/b> Neben dem inneren Stadttor wurde zu Ehren des r\u00f6mischen Kaisers Vespasian ein Brunnen gebaut.<\/li>\n<li><b>Dionysos Tempel:<\/b> Ihr findet die \u00dcberreste des fr\u00fchr\u00f6mischen Tempels, der dem Gott des Weines gewidmet war, in der N\u00e4he des antiken Theaters.<\/li>\n<li><b>Tempel des Mondgottes Men:<\/b> Entlang der Stra\u00dfe Barbaros Caddesi stehen die \u00dcberreste eines Tempels, der der anatolischen Mondgottheit Men geweiht war.<\/li>\n<\/ul>\n<p>Sucht ihr nach weiteren Sehensw\u00fcrdigkeiten? Dann werft einen Blick in unsere Liste mit den <a href=\"https:\/\/antalyatouristinformation.com\/de\/sehenswurdigkeiten\/\">100 besten Sehensw\u00fcrdigkeiten in der Region Antalya<\/a>! Falls ihr eine Unterkunft buchen m\u00f6chtet, solltet ihr unbedingt in unserem Guide mit den <a href=\"https:\/\/antalyatouristinformation.com\/de\/hotel\/\">besten Hotels in Antalya <\/a>reinschauen.<\/p>\n<p style=\"text-align: center\"><a href=\"https:\/\/www.google.com\/maps\/d\/u\/1\/viewer?hl=tr&amp;mid=1rXpp2ARmIJeGbg3YmOkrH_xLLXNnadGT&amp;ll=36.770502414687265%2C31.391859300000007&amp;z=16\" target=\"_blank\">(Link zur Karte)<\/a><\/p>\n<p>Falls euch der Beitrag gefallen hat, hinterlasst uns gern ein Kommentar. Werft auch einen Blick auf die anderen St\u00e4dte und Sehensw\u00fcrdigkeiten in der Provinz Antalya:<\/p>\n<ul>\n<li><a href=\"https:\/\/antalyatouristinformation.com\/de\/sehenswurdigkeiten\/belek\/\">Sehensw\u00fcrdigkeiten in Belek<\/a><\/li>\n<li><a href=\"https:\/\/antalyatouristinformation.com\/de\/sehenswurdigkeiten\/kas\/\">Sehensw\u00fcrdigkeiten in Ka\u015f<\/a><\/li>\n<li><a href=\"https:\/\/antalyatouristinformation.com\/de\/sehenswurdigkeiten\/kemer\/\">Sehensw\u00fcrdigkeiten in Kemer<\/a><\/li>\n<li><a href=\"https:\/\/antalyatouristinformation.com\/de\/sehenswurdigkeiten\/manavgat\/\">Sehensw\u00fcrdigkeiten in Manavgat<\/a><\/li>\n<li><a href=\"https:\/\/antalyatouristinformation.com\/de\/sehenswurdigkeiten\/antalya-stadt\/\">Sehensw\u00fcrdigkeiten in Antalya-Stadt<\/a><\/li>\n<li><a href=\"https:\/\/antalyatouristinformation.com\/de\/sehenswurdigkeiten\/\">100+ Sehensw\u00fcrdigkeiten in der Provinz Antalya<\/a><\/li>\n<\/ul>\n","protected":false},"excerpt":{"rendered":"<p>Das ist unser kompletter Guide f\u00fcr die Altstadt von Side. Hier behandeln wir alle Attraktionen, Sehensw\u00fcrdigkeiten und Wahrzeichen auf der Halbinsel. Ihr werdet auch \u00fcber Restaurants, Caf\u00e9s, Shopping und das Nachtleben in der Altstadt von Side lesen. Fangen wir an &#8230; 1. Antikes Theater von Side Das antike Theater steht majest\u00e4tisch im Herzen der Altstadt [&hellip;]<\/p>\n","protected":false},"author":5,"featured_media":7097,"parent":113,"menu_order":0,"comment_status":"open","ping_status":"closed","template":"","meta":{"_acf_changed":false,"footnotes":""},"categories":[],"tags":[43,42,34,70],"class_list":["post-3853","page","type-page","status-publish","has-post-thumbnail","hentry","tag-antiquity","tag-history","tag-shopping","tag-things-to-do","post-wrapper","thrv_wrapper"],"acf":[],"wp-worthy-pixel":{"ignored":false,"public":"63ae40161a8f4e2aad24768c037edd58","server":"vg01.met.vgwort.de","url":"https:\/\/vg01.met.vgwort.de\/na\/63ae40161a8f4e2aad24768c037edd58"},"wp-worthy-type":"normal","_links":{"self":[{"href":"https:\/\/antalyatouristinformation.com\/de\/wp-json\/wp\/v2\/pages\/3853","targetHints":{"allow":["GET"]}}],"collection":[{"href":"https:\/\/antalyatouristinformation.com\/de\/wp-json\/wp\/v2\/pages"}],"about":[{"href":"https:\/\/antalyatouristinformation.com\/de\/wp-json\/wp\/v2\/types\/page"}],"author":[{"embeddable":true,"href":"https:\/\/antalyatouristinformation.com\/de\/wp-json\/wp\/v2\/users\/5"}],"replies":[{"embeddable":true,"href":"https:\/\/antalyatouristinformation.com\/de\/wp-json\/wp\/v2\/comments?post=3853"}],"version-history":[{"count":10,"href":"https:\/\/antalyatouristinformation.com\/de\/wp-json\/wp\/v2\/pages\/3853\/revisions"}],"predecessor-version":[{"id":16793,"href":"https:\/\/antalyatouristinformation.com\/de\/wp-json\/wp\/v2\/pages\/3853\/revisions\/16793"}],"up":[{"embeddable":true,"href":"https:\/\/antalyatouristinformation.com\/de\/wp-json\/wp\/v2\/pages\/113"}],"wp:featuredmedia":[{"embeddable":true,"href":"https:\/\/antalyatouristinformation.com\/de\/wp-json\/wp\/v2\/media\/7097"}],"wp:attachment":[{"href":"https:\/\/antalyatouristinformation.com\/de\/wp-json\/wp\/v2\/media?parent=3853"}],"wp:term":[{"taxonomy":"category","embeddable":true,"href":"https:\/\/antalyatouristinformation.com\/de\/wp-json\/wp\/v2\/categories?post=3853"},{"taxonomy":"post_tag","embeddable":true,"href":"https:\/\/antalyatouristinformation.com\/de\/wp-json\/wp\/v2\/tags?post=3853"}],"curies":[{"name":"wp","href":"https:\/\/api.w.org\/{rel}","templated":true}]}}