{"id":4008,"date":"2021-04-24T00:47:02","date_gmt":"2021-04-23T22:47:02","guid":{"rendered":"https:\/\/antalyatouristinformation.com\/clone4639485xzhehsskdjfhhdhebdkkekdeewsd4545gdfgm\/?page_id=4008"},"modified":"2025-05-30T09:42:41","modified_gmt":"2025-05-30T07:42:41","slug":"reiseburo","status":"publish","type":"page","link":"https:\/\/antalyatouristinformation.com\/de\/reiseburo\/","title":{"rendered":"Termin mit einem Reiseberater: Plant eure ideale Reise in die T\u00fcrkei"},"content":{"rendered":"<h2 style=\"text-align: center\">Plant euren idealen Urlaub&nbsp;<\/h2>\n<p style=\"text-align: center;font-size: 18px !important\">Die besten Reiseplaner von Antalya helfen euch, einen Traumurlaub mit exklusiven ma\u00dfgeschneiderten Programmen und einzigartigen Erlebnissen zusammenzustellen.<span style=\"font-size: 14px\">Innerhalb von 24 Stunden erhaltet ihr ein unverbindliches Angebot von einer unserer Agenturen.<\/span><\/p>\n<h2 style=\"text-align: center\">Unsere ma\u00dfgeschneiderte Reiseplanung<\/h2>\n<p style=\"text-align: center\">Mit Reiseb\u00fcros in der T\u00fcrkei, Deutschland, \u00d6sterreich, Russland und Frankreich sind wir in der Lage, Kunden auf der ganzen Welt in ihrer Muttersprache mit ma\u00dfgeschneiderten Reiseplanungen zu unterst\u00fctzen.<\/p>\n<p style=\"font-size: 24px !important\"><span style=\"color: var(fc58e)\">47<\/span><\/p>\n<p style=\"line-height: 1.5em !important\"><span>T\u00fcrkei Reise-Experten<\/span><\/p>\n<p style=\"line-height: 1.5em !important\"><span style=\"color: var(fc58e)\">6<\/span><\/p>\n<p style=\"line-height: 1.5em !important\"><span>Sprachen<\/span><\/p>\n<p style=\"line-height: 1.5em !important;font-size: 24px !important\"><span style=\"color: var(fc58e)\">2<\/span><\/p>\n<p style=\"line-height: 1.5em !important\"><span style=\"font-weight: normal\">Lizenziert in EU &amp; T\u00fcrkei<\/span><\/p>\n<h2 style=\"text-align: center\">Sprecht noch heute mit einem vertrauensw\u00fcrdigen Reiseb\u00fcro<span style=\"font-size: 18px\">Habt ihr noch Fragen? Kontaktiert uns!<\/span><\/h2>\n<h4>Buchungsservice<\/h4>\n<p style=\"font-size: 16px !important\">Bucht mit lokalen Experten Resorts, Hotels und Unterk\u00fcnfte in Antalya und der T\u00fcrkei und genie\u00dft damit Vorteile in ausgew\u00e4hlten Resorts.<\/p>\n<h4>Pauschalreisen<\/h4>\n<p style=\"font-size: 16px !important\">Plant noch heute eure ideale Reise in die T\u00fcrkei mit unseren empfohlenen mehrsprachigen Reiseb\u00fcros und genie\u00dft Benefits.<\/p>\n<h4>Event Service<\/h4>\n<p style=\"font-size: 16px !important\">Individuelle Planung f\u00fcr einen pers\u00f6nlichen oder gesch\u00e4ftlichen Anlass, zum Beispiel Hochzeiten, Geburtstage und Incentives.<\/p>\n<h4>Blaue Kreuzfahrten<\/h4>\n<p style=\"font-size: 16px !important\">Luxuri\u00f6se Yachten und t\u00fcrkische Gulets f\u00fcr exklusive T\u00f6rns mit Stil entlang der &nbsp;t\u00fcrkischen K\u00fcste.<\/p>\n<h4>Tickets in Antalya<\/h4>\n<p style=\"font-size: 16px !important\">Lizenzierte Eintrittskarten f\u00fcr Attraktionen, Ausstellungen und Themenparks in der Provinz Antalya.<\/p>\n<h4>M.I.C.E.<\/h4>\n<p style=\"font-size: 16px !important\">&nbsp;Gruppenhotels, Catering, Fl\u00fcge, Bustransfer, Dolmetscher, Kongresse und vieles mehr.<\/p>\n<h4>Flughafentransfer<\/h4>\n<p style=\"font-size: 16px !important\">Shuttle und VIP-Transfer vom und zum Flughafen Antalya sowie vom und zum Flughafen Alanya-Gazipasa.<\/p>\n<h4>Mietwagen<\/h4>\n<p style=\"font-size: 16px !important\">Mietwagen von vertrauensw\u00fcrdigen Partnern am Flughafen Antalya, Alanya-Gazipasa &nbsp;sowie in den Ferienorten.<\/p>\n<h4>Hochzeiten<\/h4>\n<p style=\"font-size: 16px !important\">Beginnt noch heute mit der Planung einer exklusiven Hochzeitsfeier in der T\u00fcrkei oder eurer Flitterwochen in Antalya.<\/p>\n","protected":false},"excerpt":{"rendered":"<p>Plant euren idealen Urlaub&nbsp; Die besten Reiseplaner von Antalya helfen euch, einen Traumurlaub mit exklusiven ma\u00dfgeschneiderten Programmen und einzigartigen Erlebnissen zusammenzustellen.Innerhalb von 24 Stunden erhaltet ihr ein unverbindliches Angebot von einer unserer Agenturen. Unsere ma\u00dfgeschneiderte Reiseplanung Mit Reiseb\u00fcros in der T\u00fcrkei, Deutschland, \u00d6sterreich, Russland und Frankreich sind wir in der Lage, Kunden auf der ganzen [&hellip;]<\/p>\n","protected":false},"author":3,"featured_media":6235,"parent":0,"menu_order":0,"comment_status":"open","ping_status":"closed","template":"","meta":{"_acf_changed":false,"footnotes":""},"categories":[],"tags":[],"class_list":["post-4008","page","type-page","status-publish","has-post-thumbnail","hentry","post-wrapper","thrv_wrapper"],"acf":[],"wp-worthy-pixel":{"ignored":false,"public":null,"server":null,"url":null},"wp-worthy-type":"normal","_links":{"self":[{"href":"https:\/\/antalyatouristinformation.com\/de\/wp-json\/wp\/v2\/pages\/4008","targetHints":{"allow":["GET"]}}],"collection":[{"href":"https:\/\/antalyatouristinformation.com\/de\/wp-json\/wp\/v2\/pages"}],"about":[{"href":"https:\/\/antalyatouristinformation.com\/de\/wp-json\/wp\/v2\/types\/page"}],"author":[{"embeddable":true,"href":"https:\/\/antalyatouristinformation.com\/de\/wp-json\/wp\/v2\/users\/3"}],"replies":[{"embeddable":true,"href":"https:\/\/antalyatouristinformation.com\/de\/wp-json\/wp\/v2\/comments?post=4008"}],"version-history":[{"count":10,"href":"https:\/\/antalyatouristinformation.com\/de\/wp-json\/wp\/v2\/pages\/4008\/revisions"}],"predecessor-version":[{"id":16578,"href":"https:\/\/antalyatouristinformation.com\/de\/wp-json\/wp\/v2\/pages\/4008\/revisions\/16578"}],"wp:featuredmedia":[{"embeddable":true,"href":"https:\/\/antalyatouristinformation.com\/de\/wp-json\/wp\/v2\/media\/6235"}],"wp:attachment":[{"href":"https:\/\/antalyatouristinformation.com\/de\/wp-json\/wp\/v2\/media?parent=4008"}],"wp:term":[{"taxonomy":"category","embeddable":true,"href":"https:\/\/antalyatouristinformation.com\/de\/wp-json\/wp\/v2\/categories?post=4008"},{"taxonomy":"post_tag","embeddable":true,"href":"https:\/\/antalyatouristinformation.com\/de\/wp-json\/wp\/v2\/tags?post=4008"}],"curies":[{"name":"wp","href":"https:\/\/api.w.org\/{rel}","templated":true}]}}