{"id":4918,"date":"2021-04-28T18:45:34","date_gmt":"2021-04-28T16:45:34","guid":{"rendered":"https:\/\/antalyatouristinformation.com\/clone4639485xzhehsskdjfhhdhebdkkekdeewsd4545gdfgm\/things-to-do\/beach\/clone-of-guide-to-cleopatra-beach-in-alanya-access-attractions-tips\/"},"modified":"2021-08-03T10:57:40","modified_gmt":"2021-08-03T08:57:40","slug":"lara","status":"publish","type":"page","link":"https:\/\/antalyatouristinformation.com\/de\/sehenswurdigkeiten\/strand\/lara\/","title":{"rendered":"Lara Strand in Antalya: Guide mit Tipps, Anfahrt, Attraktionen"},"content":{"rendered":"<p>Das ist unser kompletter Guide zum Lara Strand im Osten der Altstadt von Antalya.<\/p>\n<p>Er ist einer der meistbesuchten Str\u00e4nde in der Region und ber\u00fchmt f\u00fcr seine vielen gut bewerteten Strandresorts.<\/p>\n<p>Lest hier alles \u00fcber den Besuch des Strandes, den Eintritt, die Anfahrt, Attraktionen in der N\u00e4he, h\u00e4ufige Fragen und die Geschichte vom Lara Strand.<\/p>\n<p>Los geht\u2019s!<\/p>\n<p><span><img decoding=\"async\" alt=\"Beach at Limak Lara Hotel in Antalya Turkey\" data-id=\"7107\" width=\"702\" data-init-width=\"1000\" height=\"468\" data-init-height=\"667\" title=\"Beach at Limak Lara Hotel in Antalya Turkey\" loading=\"lazy\" src=\"https:\/\/antalyatouristinformation.com\/de\/wp-content\/uploads\/sites\/10\/2021\/05\/Beach-at-Limak-Lara-Hotel-in-Antalya-Turkey.jpg\" data-width=\"702\" data-height=\"468\" data-pin-media=\"https:\/\/antalyatouristinformation.com\/de\/wp-content\/uploads\/sites\/10\/2021\/06\/prag_50_sehenswuerdigkeiten_pinterest-21-2.jpg\" data-pin-description=\"Guide to Lara Beach in Antalya | Antalya Tourist Information\" data-pin-url=\"https:\/\/antalyatouristinformation.com\/de\/things-to-do\/beach\/lara\/?tve=true&amp;tcbf=3fb0886d64\"><\/span><\/p>\n<ul>\n<li><a rel=\"noreferrer noopener nofollow\" href=\"https:\/\/pinterest.com\/pin\/create\/button\/?url=https:\/\/antalyatouristinformation.com\/de\/sehenswurdigkeiten\/strand\/lara\/?tve=true&amp;tcbf=1301fb8293&amp;is_video=false&amp;media=https:\/\/antalyatouristinformation.com\/de\/wp-content\/uploads\/sites\/10\/2021\/06\/prag_50_sehenswuerdigkeiten_pinterest-21-2.jpg&amp;description=Guide%20zum%20Lara%20Strand%20in%20Antalya%20%7C%20Antalya%20Tourist%20Information\" target=\"_blank\"><span><\/span><span>Pin<\/span><\/a><\/li>\n<\/ul>\n<h2 id=\"t-1624879778505\" data-alt-text=\"Was kann ich machen?\">Was kann ich am Lara Strand in Antalya machen?<\/h2>\n<p>Der Lara Strand an der T\u00fcrkischen Riviera eignet sich <strong>gut f\u00fcr einen kurzen Strandurlaub in Antalya<\/strong>. Er ist der n\u00e4chstgelegene Strand zum <a href=\"https:\/\/antalyatouristinformation.com\/de\/plan\/antalya-flughafen\/\">Flughafen Antalya<\/a>. Dadurch k\u00f6nnt ihr ihn schnell und einfach erreichen.<\/p>\n<p>Der Strand ist 15 km lang, aber nur 2 km im westlichen Abschnitt sind \u00f6ffentlich zug\u00e4ngliche Bereiche. Der Rest geh\u00f6rt zu den <a href=\"https:\/\/antalyatouristinformation.com\/de\/hotel\/\">Strandresorts und Hotels.<\/a><\/p>\n<p>Vor allem bei Familien mit Kindern ist der Lara Strand sehr beliebt. Die lebendige und luxuri\u00f6se Atmosph\u00e4re macht ihn aber auch bei jungen Leuten popul\u00e4r. Aus diesem Grund kann es vor allem in der Hochsaison \u00fcberlaufen sein.<\/p>\n<p>Ihr k\u00f6nnt <strong>den westlichen Strandabschnitt frei betreten.<\/strong> Ihr findet hier Duschen, Toiletten, Umkleidekabinen sowie geb\u00fchrenpflichtige Sonnenliegen und Sonnenschirme.<\/p>\n<p>Der Lara Strand ist mit einer<strong> &#8222;Blauen Flagge&#8220;<\/strong> ausgezeichnet, was bedeutet, dass die Wasserqualit\u00e4t gut ist. Das Wasser ist kristallklar und im Vergleich zum&nbsp;<a href=\"https:\/\/antalyatouristinformation.com\/de\/sehenswurdigkeiten\/strand\/konyaalti\/\">Konyaalt\u0131 Strand<\/a> im Westen von Antalya w\u00e4rmer und ruhiger. Der Strand bleibt \u00fcber weite Strecken seicht, weswegen es ein guter Ort zum Schwimmen f\u00fcr Familien mit Kindern ist. Der Sandstrand ist sauber und bietet Platz f\u00fcr alle Arten von Aktivit\u00e4ten.<\/p>\n<p><span><img decoding=\"async\" alt=\"Hotel at Lara Beach in Antalya Turkey\" data-id=\"7110\" width=\"702\" data-init-width=\"1000\" height=\"432\" data-init-height=\"616\" title=\"Hotel at Lara Beach in Antalya Turkey\" loading=\"lazy\" src=\"https:\/\/antalyatouristinformation.com\/de\/wp-content\/uploads\/sites\/10\/2021\/05\/Hotel-at-Lara-Beach-in-Antalya-Turkey.jpg\" data-width=\"702\" data-height=\"432\" data-pinpro-key=\"2ssz9l224\" data-pin-media=\"https:\/\/antalyatouristinformation.com\/de\/wp-content\/uploads\/sites\/10\/2021\/06\/prag_50_sehenswuerdigkeiten_pinterest-21-2.jpg\" data-pin-description=\"Guide to Lara Beach in Antalya | Antalya Tourist Information\" data-pin-url=\"https:\/\/antalyatouristinformation.com\/de\/things-to-do\/beach\/lara\/?tve=true&amp;tcbf=3fb0886d64\"><\/span><\/p>\n<h3>Aktivit\u00e4ten am Strand<\/h3>\n<p>Euch erwartet am Lara Beach eine Vielzahl an Angeboten. Es gibt Paragliding, Kitesurfen, Windsurfen, Jetski und Katamaran- oder Bananenbootfahrten. Kinder k\u00f6nnen sich auf den Spielpl\u00e4tzen austoben.<\/p>\n<p>Vor Ort findet ihr auch eine Reihe von Beach-Clubs, die ein Hotspot f\u00fcr das Nachtleben von Antalya sind. Au\u00dferdem gibt es eine Strandpromenade mit einem \u00f6ffentlichen Grillplatz und eine Kartbahn. Restaurants, Caf\u00e9s und Gesch\u00e4fte sind in der Umgebung ebenfalls vorhanden.<\/p>\n<p>Lernt alle Sportangebote am Lara Strand und das Nachtleben in der Umgebung kennen:<\/p>\n<p><span><img decoding=\"async\" alt=\"Lower D\u00fcden Waterfall in Lara in Antalya Turkey\" data-id=\"5602\" width=\"702\" data-init-width=\"1000\" height=\"468\" data-init-height=\"667\" title=\"Lower D\u00fcden Waterfall in Lara in Antalya Turkey\" loading=\"lazy\" src=\"https:\/\/antalyatouristinformation.com\/de\/wp-content\/uploads\/sites\/10\/2021\/05\/Lower-Dueden-Waterfall-in-Lara-in-Antalya-Turkey.jpg\" data-width=\"702\" data-height=\"468\" data-pin-media=\"https:\/\/antalyatouristinformation.com\/de\/wp-content\/uploads\/sites\/10\/2021\/06\/prag_50_sehenswuerdigkeiten_pinterest-21-2.jpg\" data-pin-description=\"Guide to Lara Beach in Antalya | Antalya Tourist Information\" data-pin-url=\"https:\/\/antalyatouristinformation.com\/de\/things-to-do\/beach\/lara\/?tve=true&amp;tcbf=3fb0886d64\"><\/span><\/p>\n<ul>\n<li><a rel=\"noreferrer noopener nofollow\" href=\"https:\/\/pinterest.com\/pin\/create\/button\/?url=https:\/\/antalyatouristinformation.com\/de\/sehenswurdigkeiten\/strand\/lara\/?tve=true&amp;tcbf=1301fb8293&amp;is_video=false&amp;media=https:\/\/antalyatouristinformation.com\/de\/wp-content\/uploads\/sites\/10\/2021\/06\/prag_50_sehenswuerdigkeiten_pinterest-21-2.jpg&amp;description=Guide%20zum%20Lara%20Strand%20in%20Antalya%20%7C%20Antalya%20Tourist%20Information\" target=\"_blank\"><span><\/span><span>Pin<\/span><\/a><\/li>\n<\/ul>\n<h3>Attraktionen in der N\u00e4he<\/h3>\n<p>Antalya ist reich an historischen St\u00e4tten und Naturwundern. Dank der guten Lage des Lara Strandes k\u00f6nnt ihr in der Umgebung gleich mehrere Attraktionen entdecken.<\/p>\n<p>Nur 16 Kilometer entfernt erwartet euch Kaleici, die Altstadt von Antalya, mit antiken Ruinen, einem pulsierenden Nachtleben, dem&nbsp;<a href=\"https:\/\/antalyatouristinformation.com\/de\/shopping\/basar\/\">Basar von Antalya<\/a>&nbsp;und einem sch\u00f6nen Yachthafen.<\/p>\n<p>Neben den Basaren gibt es viele weitere Einkaufsm\u00f6glichkeiten in der N\u00e4he. Dazu geh\u00f6rt die<em>&nbsp;Terra City Shopping Mall<\/em>, eines der gr\u00f6\u00dften Einkaufszentren in Antalya.<\/p>\n<p>Eine der beliebtesten Attraktionen in der Stadt ist das faszinierende Sandskulpturenmuseum&nbsp;<a href=\"https:\/\/antalyatouristinformation.com\/de\/sehenswurdigkeiten\/attraktionen\/sandland\/\">Sandland Antalya<\/a>, direkt am Lara Strand. Ihr k\u00f6nnt auch einen Ausflug zum Themenpark &#8222;<a href=\"https:\/\/antalyatouristinformation.com\/de\/sehenswurdigkeiten\/attraktionen\/the-land-of-legends\/\">The Land of Legends&#8220; in Belek<\/a>&nbsp;machen.<\/p>\n<p>Falls ihr die Natur erkunden m\u00f6chtet, empfehlen wir euch den Besuch des <a href=\"https:\/\/antalyatouristinformation.com\/de\/sehenswurdigkeiten\/wasserfalle\/unterer-duden\/\">unteren D\u00fcden Wasserfalls (Lara &#8211; Karpuzkaldrian)<\/a>&nbsp;oder eine Jeep-Safari im Taurusgebirge.<\/p>\n<p>Ein Tagesausflug zu historischen Sch\u00e4tzen wie der versunkenen Stadt <a href=\"https:\/\/antalyatouristinformation.com\/de\/sehenswurdigkeiten\/geschichte\/simena\/\">Simena <\/a>oder der<a href=\"https:\/\/antalyatouristinformation.com\/de\/sehenswurdigkeiten\/geschichte\/aspendos\/\"> antiken Stadt Aspendos <\/a>mit ihrem gut erhaltenen Amphitheater sind ebenfalls gute Alternativen.<\/p>\n<p><span><img decoding=\"async\" alt=\"Barut Lara Hotel in Lara in Antalya Turkey\" data-id=\"7106\" width=\"702\" data-init-width=\"1000\" height=\"431\" data-init-height=\"614\" title=\"Barut Lara Hotel in Lara in Antalya Turkey\" loading=\"lazy\" src=\"https:\/\/antalyatouristinformation.com\/de\/wp-content\/uploads\/sites\/10\/2021\/05\/Barut-Lara-Hotel-in-Lara-in-Antalya-Turkey.jpg\" data-width=\"702\" data-height=\"431\" data-pin-media=\"https:\/\/antalyatouristinformation.com\/de\/wp-content\/uploads\/sites\/10\/2021\/06\/prag_50_sehenswuerdigkeiten_pinterest-21-2.jpg\" data-pin-description=\"Guide to Lara Beach in Antalya | Antalya Tourist Information\" data-pin-url=\"https:\/\/antalyatouristinformation.com\/de\/things-to-do\/beach\/lara\/?tve=true&amp;tcbf=3fb0886d64\"><\/span><\/p>\n<ul>\n<li><a rel=\"noreferrer noopener nofollow\" href=\"https:\/\/pinterest.com\/pin\/create\/button\/?url=https:\/\/antalyatouristinformation.com\/de\/sehenswurdigkeiten\/strand\/lara\/?tve=true&amp;tcbf=1301fb8293&amp;is_video=false&amp;media=https:\/\/antalyatouristinformation.com\/de\/wp-content\/uploads\/sites\/10\/2021\/06\/prag_50_sehenswuerdigkeiten_pinterest-21-2.jpg&amp;description=Guide%20zum%20Lara%20Strand%20in%20Antalya%20%7C%20Antalya%20Tourist%20Information\" target=\"_blank\"><span><\/span><span>Pin<\/span><\/a><\/li>\n<\/ul>\n<p>Der Lara Beach ist f\u00fcr seine 5-Sterne-All-Inclusive-Resorts bekannt.<\/p>\n<h2 id=\"t-1624879778506\" data-alt-text=\"Eintritt, Tickets &amp; F\u00fchrungen\">Eintritt, Tickets und F\u00fchrungen<\/h2>\n<ul>\n<li><span><strong>Eintritt:<\/strong> Der Eintritt zum Lara Beach ist kostenlos. Ihr k\u00f6nnt Liegen und Sonnenschirme gegen eine Geb\u00fchr mieten. Ebenso gut k\u00f6nnt ihr euren eigenen Sonnenschirm mitbringen oder euer Strandtuch am Strand ausbreiten. Beachtet, dass der \u00f6ffentliche Bereich nur den westlichen Teil des Strandes umfasst. Der \u00f6stliche Teil geh\u00f6rt zu den 5-Sterne-Resorts.<\/span><\/li>\n<\/ul>\n<ul>\n<li><span><strong><b>Bootstouren: <\/b><\/strong>Bootstouren ab Antalya, die euch zur sch\u00f6nen Umgebung der Region bringen, sind sehr beliebt. Ihr k\u00f6nnt viele Angebote zu verschiedenen Bootstouren online finden.<\/span><\/li>\n<\/ul>\n<ul>\n<li><span><strong>Tipp:<\/strong> Falls ihr Tickets f\u00fcr Vergn\u00fcgungsparks, Museen und Touren f\u00fcr eure Antalya-Reise vorab buchen m\u00f6chtet, solltet ihr unbedingt einen Blick auf die Angebote in unserem offiziellen Shop werfen:<\/span><\/li>\n<\/ul>\n<p><span><img decoding=\"async\" alt=\"Hotel at Lara Beach in Antalya Turkey \" data-id=\"7111\" width=\"702\" data-init-width=\"1000\" height=\"468\" data-init-height=\"667\" title=\"Hotel at Lara Beach in Antalya Turkey \" loading=\"lazy\" src=\"https:\/\/antalyatouristinformation.com\/de\/wp-content\/uploads\/sites\/10\/2021\/05\/Hotel-at-Lara-Beach-in-Antalya-Turkey-2.jpg\" data-width=\"702\" data-height=\"468\" data-pinpro-key=\"ns1nt3pf5\" data-pin-media=\"https:\/\/antalyatouristinformation.com\/de\/wp-content\/uploads\/sites\/10\/2021\/06\/prag_50_sehenswuerdigkeiten_pinterest-21-2.jpg\" data-pin-description=\"Guide to Lara Beach in Antalya | Antalya Tourist Information\" data-pin-url=\"https:\/\/antalyatouristinformation.com\/de\/things-to-do\/beach\/lara\/?tve=true&amp;tcbf=3fb0886d64\"><\/span><\/p>\n<h2 id=\"t-1624879778507\" data-alt-text=\"Wie komme ich zum Strand?\">Wie komme ich zum Lara Strand?<\/h2>\n<p>Der Lara Strand liegt im Osten der <a href=\"https:\/\/antalyatouristinformation.com\/de\/sehenswurdigkeiten\/geschichte\/antalya-kaleici\/\">Altstadt von Antalya (Kaleici)<\/a> und etwa 20 Kilometer vom Flughafen Antalya entfernt. Ihr k\u00f6nnt ihn mit \u00f6ffentlichen Verkehrsmitteln leicht erreichen.<\/p>\n<ul>\n<li><b>Mit dem Bus:<\/b> Vom Stadtzentrum von Antalya dauert es mit dem Bus (KL07, KL08 und KL09) etwa 30 bis 40 Minuten zum Strand.<\/li>\n<li><b>Vom Flughafen Antalya:<\/b> Vom Flughafen Antalya fahrt ihr ca. 20 bis 30 Minuten zum Lara Strand. Ihr k\u00f6nnt zwischen verschiedenen Optionen w\u00e4hlen. Es gibt sowohl private Transfers als auch Taxis. Einige Hotels bieten sogar einen Shuttle-Service vom\/zum Flughafen an. Es gibt auch einen \u00f6ffentlichen Bus (Nr. 800), der alle 2 Stunden zwischen dem Flughafen und dem Stadtteil Lara verkehrt. Die Fahrt dauert 45 bis 60 Minuten.<\/li>\n<li><b>Mit dem Auto:<\/b> Ein Auto kann in der Region Antalya sehr n\u00fctzlich sein. Falls euer Hotel im Stadtzentrum von Antalya liegt und ihr mehr von der Region sehen wollt, empfehlen wir euch ein Auto in Antalya zu mieten. Unser Guide \u00fcber <a href=\"https:\/\/antalyatouristinformation.com\/de\/plan\/mietwagen\/\">Mietwagen in Antalya<\/a> wird euch alles Schritt f\u00fcr Schritt erkl\u00e4ren.<\/li>\n<li>Werft auch einen Blick in unseren ausf\u00fchrlichen Beitrag \u00fcber den <a href=\"https:\/\/antalyatouristinformation.com\/de\/plan\/antalya-flughafen\/\">Flughafen Antalya<\/a> und den <a href=\"https:\/\/antalyatouristinformation.com\/de\/offentlicher-verkehr\/\">\u00f6ffentlichen Verkehr in Antalya<\/a>.<\/li>\n<\/ul>\n<p><span><img decoding=\"async\" alt=\"Beach at Limak Lara Hotel in Antalya Turkey \" data-id=\"7109\" width=\"702\" data-init-width=\"1000\" height=\"387\" data-init-height=\"551\" title=\"Beach at Limak Lara Hotel in Antalya Turkey \" loading=\"lazy\" src=\"https:\/\/antalyatouristinformation.com\/de\/wp-content\/uploads\/sites\/10\/2021\/05\/Beach-at-Limak-Lara-Hotel-in-Antalya-Turkey-3.jpg\" data-width=\"702\" data-height=\"387\" data-pin-media=\"https:\/\/antalyatouristinformation.com\/de\/wp-content\/uploads\/sites\/10\/2021\/06\/prag_50_sehenswuerdigkeiten_pinterest-21-2.jpg\" data-pin-description=\"Guide to Lara Beach in Antalya | Antalya Tourist Information\" data-pin-url=\"https:\/\/antalyatouristinformation.com\/de\/things-to-do\/beach\/lara\/?tve=true&amp;tcbf=3fb0886d64\"><\/span><\/p>\n<ul>\n<li><a rel=\"noreferrer noopener nofollow\" href=\"https:\/\/pinterest.com\/pin\/create\/button\/?url=https:\/\/antalyatouristinformation.com\/de\/sehenswurdigkeiten\/strand\/lara\/?tve=true&amp;tcbf=1301fb8293&amp;is_video=false&amp;media=https:\/\/antalyatouristinformation.com\/de\/wp-content\/uploads\/sites\/10\/2021\/06\/prag_50_sehenswuerdigkeiten_pinterest-21-2.jpg&amp;description=Guide%20zum%20Lara%20Strand%20in%20Antalya%20%7C%20Antalya%20Tourist%20Information\" target=\"_blank\"><span><\/span><span>Pin<\/span><\/a><\/li>\n<\/ul>\n<p>Der westliche Strandabschnitt ist \u00f6ffentlich. Der Rest geh\u00f6rt zu den Strandresorts.<\/p>\n<h2 id=\"t-1619538640979\" data-alt-text=\"FAQ\">FAQ (H\u00e4ufige Fragen)<\/h2>\n<p><span><img decoding=\"async\" alt=\"Antalya Lara Beach at Trendy Hotel Turkey\" data-id=\"7105\" width=\"702\" data-init-width=\"1000\" height=\"468\" data-init-height=\"667\" title=\"Antalya Lara Beach at Trendy Hotel Turkey\" loading=\"lazy\" src=\"https:\/\/antalyatouristinformation.com\/de\/wp-content\/uploads\/sites\/10\/2021\/05\/Antalya-Lara-Beach-at-Trendy-Hotel-Turkey.jpg\" data-width=\"702\" data-height=\"468\" data-pinpro-key=\"ey4t013zb\" data-pin-media=\"https:\/\/antalyatouristinformation.com\/de\/wp-content\/uploads\/sites\/10\/2021\/06\/prag_50_sehenswuerdigkeiten_pinterest-21-2.jpg\" data-pin-description=\"Guide to Lara Beach in Antalya | Antalya Tourist Information\" data-pin-url=\"https:\/\/antalyatouristinformation.com\/de\/things-to-do\/beach\/lara\/?tve=true&amp;tcbf=3fb0886d64\"><\/span><\/p>\n<h2 id=\"t-1624879778508\" data-alt-text=\"Geschichte\">Geschichte vom Lara Strand<\/h2>\n<p>Der Lara Strand ist 2 Kilometer lang und durchschnittlich 45 Meter breit. Der ber\u00fchmte untere D\u00fcden Wasserfall st\u00fcrzt direkt in das Meer vom Lara Strand.<\/p>\n<p>Der Name des Lara Strandes leitet sich aus der alten anatolischen Sprache Luwisch ab und bedeutet &#8222;Sand&#8220;. Angeblich soll der feine Sand des Strandes gegen rheumatische Krankheiten helfen.<\/p>\n<p>Heute ist der Lara Strand einer der wichtigsten Str\u00e4nde von Antalya.<\/p>\n<h2 id=\"t-1619538640981\">Kontakt<\/h2>\n<ul>\n<li><span><strong>Adresse:&nbsp;<\/strong>Lara Plaj\u0131, Muratpa\u015fa \/ Antalya<\/span><\/li>\n<li><span><strong><strong>\u00d6ffentlicher Verkehr: <\/strong><\/strong>Mit den Buslinien KL07, KL08 oder KL09<\/span><\/li>\n<\/ul>\n<h3 id=\"t-1624879778509\"><b>Weitere sch\u00f6ne Str\u00e4nde rund um den Lara Strand<\/b><\/h3>\n<p>Werft einen Blick in unsere folgenden Beitr\u00e4ge, um andere sch\u00f6ne Str\u00e4nde in der Region Antalya zu entdecken:<\/p>\n<ul>\n<li><a href=\"https:\/\/antalyatouristinformation.com\/de\/sehenswurdigkeiten\/strand\/patara\/\">Guide zum Patara Strand in Kas<\/a><\/li>\n<li><a href=\"https:\/\/antalyatouristinformation.com\/de\/sehenswurdigkeiten\/strand\/kaputas\/\">Guide zum Kaputas Strand in Kas<\/a><\/li>\n<li><a href=\"https:\/\/antalyatouristinformation.com\/de\/sehenswurdigkeiten\/strand\/damlatas\/\">Guide zum Damlata\u015f Strand in Alanya<\/a><\/li>\n<li><a href=\"https:\/\/antalyatouristinformation.com\/de\/sehenswurdigkeiten\/strand\/konyaalti\/\">Guide zum Konyaalt\u0131 Strand in Antalya<\/a><\/li>\n<li><a href=\"https:\/\/antalyatouristinformation.com\/de\/sehenswurdigkeiten\/strand\/olympos\/\">Guide zum Olympos Strand in \u00c7\u0131ral\u0131<\/a><\/li>\n<\/ul>\n","protected":false},"excerpt":{"rendered":"<p>Das ist unser kompletter Guide zum Lara Strand im Osten der Altstadt von Antalya. Er ist einer der meistbesuchten Str\u00e4nde in der Region und ber\u00fchmt f\u00fcr seine vielen gut bewerteten Strandresorts. Lest hier alles \u00fcber den Besuch des Strandes, den Eintritt, die Anfahrt, Attraktionen in der N\u00e4he, h\u00e4ufige Fragen und die Geschichte vom Lara Strand. [&hellip;]<\/p>\n","protected":false},"author":5,"featured_media":7104,"parent":124,"menu_order":0,"comment_status":"open","ping_status":"closed","template":"","meta":{"_acf_changed":false,"footnotes":""},"categories":[],"tags":[39],"class_list":["post-4918","page","type-page","status-publish","has-post-thumbnail","hentry","tag-beach","post-wrapper","thrv_wrapper"],"acf":[],"wp-worthy-pixel":{"ignored":false,"public":"9e2c94d47ded4bbeaeb9ca8bbd3b5b6b","server":"vg01.met.vgwort.de","url":"https:\/\/vg01.met.vgwort.de\/na\/9e2c94d47ded4bbeaeb9ca8bbd3b5b6b"},"wp-worthy-type":"normal","_links":{"self":[{"href":"https:\/\/antalyatouristinformation.com\/de\/wp-json\/wp\/v2\/pages\/4918","targetHints":{"allow":["GET"]}}],"collection":[{"href":"https:\/\/antalyatouristinformation.com\/de\/wp-json\/wp\/v2\/pages"}],"about":[{"href":"https:\/\/antalyatouristinformation.com\/de\/wp-json\/wp\/v2\/types\/page"}],"author":[{"embeddable":true,"href":"https:\/\/antalyatouristinformation.com\/de\/wp-json\/wp\/v2\/users\/5"}],"replies":[{"embeddable":true,"href":"https:\/\/antalyatouristinformation.com\/de\/wp-json\/wp\/v2\/comments?post=4918"}],"version-history":[{"count":10,"href":"https:\/\/antalyatouristinformation.com\/de\/wp-json\/wp\/v2\/pages\/4918\/revisions"}],"predecessor-version":[{"id":14402,"href":"https:\/\/antalyatouristinformation.com\/de\/wp-json\/wp\/v2\/pages\/4918\/revisions\/14402"}],"up":[{"embeddable":true,"href":"https:\/\/antalyatouristinformation.com\/de\/wp-json\/wp\/v2\/pages\/124"}],"wp:featuredmedia":[{"embeddable":true,"href":"https:\/\/antalyatouristinformation.com\/de\/wp-json\/wp\/v2\/media\/7104"}],"wp:attachment":[{"href":"https:\/\/antalyatouristinformation.com\/de\/wp-json\/wp\/v2\/media?parent=4918"}],"wp:term":[{"taxonomy":"category","embeddable":true,"href":"https:\/\/antalyatouristinformation.com\/de\/wp-json\/wp\/v2\/categories?post=4918"},{"taxonomy":"post_tag","embeddable":true,"href":"https:\/\/antalyatouristinformation.com\/de\/wp-json\/wp\/v2\/tags?post=4918"}],"curies":[{"name":"wp","href":"https:\/\/api.w.org\/{rel}","templated":true}]}}