{"id":5277,"date":"2021-05-03T19:33:51","date_gmt":"2021-05-03T17:33:51","guid":{"rendered":"https:\/\/antalyatouristinformation.com\/clone4639485xzhehsskdjfhhdhebdkkekdeewsd4545gdfgm\/?page_id=5277"},"modified":"2025-05-30T10:54:52","modified_gmt":"2025-05-30T08:54:52","slug":"einreise","status":"publish","type":"page","link":"https:\/\/antalyatouristinformation.com\/de\/einreise\/","title":{"rendered":"Einreise- und Visabestimmungen der T\u00fcrkei [f\u00fcr Touristen]"},"content":{"rendered":"<p>Das ist unser kompletter Guide zu den Einreisebestimmungen der T\u00fcrkei.<\/p>\n<p>Hier lest ihr alles \u00fcber notwendige Dokumente, Visabestimmungen und h\u00e4ufig gestellte Fragen.<\/p>\n<p>Falls ihr Fragen zu den<a href=\"https:\/\/antalyatouristinformation.com\/de\/einreise\/zoll\/\"> Zollbestimmungen in der T\u00fcrkei<\/a> habt, dann werft auch einen Blick in unserem eigenen Guide zu dem Thema.<\/p>\n<p>Lasst uns mit den wichtigsten Fragen beginnen!<\/p>\n<p><span><img decoding=\"async\" alt=\"Do I have to buy a Visa in Antalya in Turkey\" data-id=\"6192\" width=\"702\" data-init-width=\"1000\" height=\"468\" data-init-height=\"667\" title=\"Do I have to buy a Visa in Antalya in Turkey\" loading=\"lazy\" src=\"https:\/\/antalyatouristinformation.com\/de\/wp-content\/uploads\/sites\/10\/2021\/05\/Do-I-have-to-buy-a-Visa-in-Antalya-in-Turkey.jpg\" data-width=\"702\" data-height=\"468\" data-pinpro-key=\"v460ruo7o\" data-pin-media=\"https:\/\/antalyatouristinformation.com\/de\/wp-content\/uploads\/sites\/10\/2021\/06\/Antalya-Pinterest-19.jpg\" data-pin-description=\"Einreise- und Visabestimmungen der T\u00fcrkei (f\u00fcr Touristen) \u2013 2021\" data-pin-url=\"https:\/\/antalyatouristinformation.com\/de\/einreise\/?tve=true&amp;tcbf=f28d95c5a3\" style=\"aspect-ratio: auto 1000 \/ 667\"><\/span><\/p>\n<h2 id=\"t-1625054407897\">Ben\u00f6tige ich ein Visum?<\/h2>\n<p>Ob ihr f\u00fcr die Einreise in die T\u00fcrkei ein Visum braucht, h\u00e4ngt von eurer Staatsangeh\u00f6rigkeit ab.<\/p>\n<p><b>Staatsangeh\u00f6rige aus Deutschland, \u00d6sterreich und der Schweiz ben\u00f6tigen f\u00fcr die Einreise in die T\u00fcrkei kein Visum.<\/b><\/p>\n<p>Falls ihr Staatsangeh\u00f6rige aus einem anderen Land seid, k\u00f6nnt ihr anhand <strong>folgender Schritt-f\u00fcr-Schritt-Anleitung<\/strong> herausfinden, ob ihr ein Visum braucht:<\/p>\n<p>Besucht als Erstes die <a href=\"https:\/\/www.evisa.gov.tr\/de\/apply\/\" target=\"_blank\">offizielle t\u00fcrkische Regierungsseite zur Ausstellung eines E-Visums<\/a>.<\/p>\n<p>Anschlie\u00dfend folgt ihr diesen Schritten: &nbsp; &nbsp; &nbsp; &nbsp; &nbsp; &nbsp;<\/p>\n<ul>\n<li><span>1. W\u00e4hlt die Nationalit\u00e4t gem\u00e4\u00df eurem Reisedokument.<\/span><\/li>\n<li><span>2. W\u00e4hlt euer Reisedokument.<\/span><\/li>\n<li><span>3. Gebt den unten aufgelisteten Sicherheitscode ein.<\/span><\/li>\n<li><span>4. Klickt auf &#8222;Speichern und fortsetzen&#8220;.<\/span><\/li>\n<\/ul>\n<ul>\n<li><span>Sofern ihr <b>kein Visum ben\u00f6tigt<\/b>, erscheint nun folgender Text: <b>&#8222;Sie ben\u00f6tigen kein Visum&#8220;. <\/b><\/span><\/li>\n<li><span>Falls <b>ihr f\u00fcr die Einreise ein Visum braucht<\/b>, wird euch nun angezeigt, <b>wie lange <\/b>euer Visum g\u00fcltig ist und <b>wie hoch<\/b> die Visageb\u00fchr ist. Klickt &#8222;Speichern und fortsetzen&#8220;, um im n\u00e4chsten Schritt zu sehen, welche <b>Voraussetzungen f\u00fcr das Visum erf\u00fcllt werden m\u00fcssen<\/b>. Zum Beispiel ist in manchen F\u00e4llen ein R\u00fcckflugticket erforderlich.<\/span><\/li>\n<\/ul>\n<p><span><img decoding=\"async\" alt=\"Necessary Documents to Enter Turkey\" data-id=\"6196\" width=\"702\" data-init-width=\"1000\" height=\"468\" data-init-height=\"667\" title=\"Necessary Documents to Enter Turkey\" loading=\"lazy\" src=\"https:\/\/antalyatouristinformation.com\/de\/wp-content\/uploads\/sites\/10\/2021\/05\/Necessary-Documents-to-Enter-Turkey.jpg\" data-width=\"702\" data-height=\"468\" data-pinpro-key=\"p371jfhhw\" data-pin-media=\"https:\/\/antalyatouristinformation.com\/de\/wp-content\/uploads\/sites\/10\/2021\/06\/Antalya-Pinterest-19.jpg\" data-pin-description=\"Einreise- und Visabestimmungen der T\u00fcrkei (f\u00fcr Touristen) \u2013 2021\" data-pin-url=\"https:\/\/antalyatouristinformation.com\/de\/einreise\/?tve=true&amp;tcbf=f28d95c5a3\" style=\"aspect-ratio: auto 1000 \/ 667\"><\/span><\/p>\n<h2 id=\"t-1625054407898\" data-alt-text=\"Notwendige Reisedokumente \">Notwendige Reisedokumente f\u00fcr die Einreise in die T\u00fcrkei<\/h2>\n<p><strong>Staatsangeh\u00f6rige aus Deutschland und der Schweiz d\u00fcrfen mit den folgenden, g\u00fcltigen Dokumenten visumfrei in die T\u00fcrkei einreisen:<\/strong><\/p>\n<ul>\n<li><span>Reisepass (f\u00fcr Kinder: Kinderreisepass)<\/span><\/li>\n<li><span>Vorl\u00e4ufiger Reisepass<\/span><\/li>\n<li><span>Personalausweis<\/span><\/li>\n<\/ul>\n<p><strong>Staatsangeh\u00f6rige aus \u00d6sterreich<\/strong> ben\u00f6tigen ebenfalls kein Visum, k\u00f6nnen allerdings nur mit einem Reisepass in die T\u00fcrkei einreisen.<\/p>\n<p>Insgesamt d\u00fcrfen <strong>Staatsangeh\u00f6rige aus 15 L\u00e4ndern<\/strong> mit ihren jeweiligen <strong>Personalausweisen<\/strong> in die T\u00fcrkei einreisen. Dazu geh\u00f6ren neben Deutschland auch Ukraine und die Niederlande. B\u00fcrger aus anderen L\u00e4ndern m\u00fcssen ihren Reisepass vorlegen.<\/p>\n<p><strong><b>Mehr dazu<\/b>:<\/strong><a href=\"https:\/\/www.mfa.gov.tr\/countries-whose-citizens-are-allowed-to-enter-turkey-with-their-national-id_s.en.mfa\" target=\"_blank\">Offizielle Liste der Nationalit\u00e4ten, die mit ihren Personalausweisen (ohne Reisepass) in die T\u00fcrkei einreisen d\u00fcrfen.<\/a><\/p>\n<p>Euer Reisepass muss zum Zeitpunkt eurer Ankunft in der T\u00fcrkei <strong>mindestens 6 Monate<\/strong> g\u00fcltig sein.<\/p>\n<p>Au\u00dferdem muss im Reisepass <strong>mindestens eine leere Seite<\/strong> f\u00fcr den Einreise- und Ausreisestempel verf\u00fcgbar sein.<\/p>\n<p>Staatsb\u00fcrger aus L\u00e4ndern wie Deutschland und Schweiz k\u00f6nnen auch mit einem abgelaufenen Reisepass in die T\u00fcrkei einreisen. Beachtet aber, dass dies nicht an allen Grenz\u00fcberg\u00e4ngen m\u00f6glich ist und insbesondere an den Landgrenzen zu Problemen f\u00fchren kann.<\/p>\n<p><b>Hier findet ihr eine <\/b><a href=\"https:\/\/www.mfa.gov.tr\/countries-whose-citizens-are-allowed-to-enter-turkey-with-their-national-id_s.en.mfa\" target=\"_blank\"><b>Liste der Nationalit\u00e4ten, die mit einem abgelaufenen Reisepass in die T\u00fcrkei einreisen d\u00fcrfen<\/b><\/a><b>.<\/b><\/p>\n<p><span><img decoding=\"async\" alt=\"Entry Regulations for Children in Antalya in Turkey\" data-id=\"6199\" width=\"702\" data-init-width=\"1000\" height=\"468\" data-init-height=\"667\" title=\"Entry Regulations for Children in Antalya in Turkey\" loading=\"lazy\" src=\"https:\/\/antalyatouristinformation.com\/de\/wp-content\/uploads\/sites\/10\/2021\/05\/Entry-Regulations-for-Children-in-Antalya-in-Turkey.jpg\" data-width=\"702\" data-height=\"468\" data-pinpro-key=\"r1suyxy91\" data-pin-media=\"https:\/\/antalyatouristinformation.com\/de\/wp-content\/uploads\/sites\/10\/2021\/06\/Antalya-Pinterest-19.jpg\" data-pin-description=\"Einreise- und Visabestimmungen der T\u00fcrkei (f\u00fcr Touristen) \u2013 2021\" data-pin-url=\"https:\/\/antalyatouristinformation.com\/de\/einreise\/?tve=true&amp;tcbf=f28d95c5a3\" style=\"aspect-ratio: auto 1000 \/ 667\"><\/span><\/p>\n<h2 id=\"t-1625054407899\" data-alt-text=\"Einreise von Kindern\">Einreisebestimmungen f\u00fcr Kinder<\/h2>\n<p>Seit dem 26. Juni 2012 <strong>b<\/strong><b><strong>e<\/strong>n\u00f6tigen Kinder f\u00fcr die Einreise in die T\u00fcrkei einen eigenen g\u00fcltigen Reisepass.<\/b><\/p>\n<p>Eintr\u00e4ge im Reisepass ihrer Eltern sind <b>nicht mehr g\u00fcltig<\/b> und erlauben ihnen nicht mehr die Einreise in die T\u00fcrkei.<\/p>\n<p>Kinder mit deutscher oder schweizerischer Staatsangeh\u00f6rigkeit k\u00f6nnen aber mit ihrem Personalausweis einreisen.<\/p>\n<p><b>Wichtig:<\/b> Kinder brauchen f\u00fcr die Einreise in die T\u00fcrkei einen eigenen Reisepass bzw. Personalausweis!<\/p>\n<p><span><img decoding=\"async\" alt=\"How long can I stay with a Tourist Visa in Turkey\" data-id=\"6201\" width=\"702\" data-init-width=\"1000\" height=\"468\" data-init-height=\"667\" title=\"How long can I stay with a Tourist Visa in Turkey\" loading=\"lazy\" src=\"https:\/\/antalyatouristinformation.com\/de\/wp-content\/uploads\/sites\/10\/2021\/05\/How-long-can-I-stay-with-a-Tourist-Visa-in-Turkey.jpg\" data-width=\"702\" data-height=\"468\" data-pinpro-key=\"b2rmxr98t\" data-pin-media=\"https:\/\/antalyatouristinformation.com\/de\/wp-content\/uploads\/sites\/10\/2021\/06\/Antalya-Pinterest-19.jpg\" data-pin-description=\"Einreise- und Visabestimmungen der T\u00fcrkei (f\u00fcr Touristen) \u2013 2021\" data-pin-url=\"https:\/\/antalyatouristinformation.com\/de\/einreise\/?tve=true&amp;tcbf=f28d95c5a3\" style=\"aspect-ratio: auto 1000 \/ 667\"><\/span><\/p>\n<h2 id=\"t-1625054407900\" data-alt-text=\"Aufenthaltsdauer\">Wie lange kann ich in der T\u00fcrkei bleiben?<\/h2>\n<p>Staatsangeh\u00f6rige <b>aus Deutschland, \u00d6sterreich und der Schweiz d\u00fcrfen 90 Tage innerhalb von 180 Tagen ohne Visum<\/b> in der T\u00fcrkei bleiben.<\/p>\n<p>Das bedeutet, dass ein Aufenthalt von <b>maximal 180 Tagen in einem Jahr<\/b> m\u00f6glich ist. Wahrend dieser Zeit k\u00f6nnt ihr mehrfach ein- und ausreisen.<\/p>\n<p>Sogenannte &#8222;<b>Visa-Runs&#8220; sind nicht mehr m\u00f6glich<\/b>.<\/p>\n<p>Falls ihr l\u00e4nger als 90 Tage in der T\u00fcrkei bleiben wollt, k\u00f6nnt ihr bei der lokalen Einwanderungsbeh\u00f6rde oder vorab bei einer t\u00fcrkischen Auslandsvertretung eine <b>Aufenthaltsgenehmigung<\/b> beantragen.<\/p>\n<p>Beachtet, dass ihr bei \u00dcberschreitung der 90 Tage <strong>eine Geldstrafe und Abschiebung riskiert.<\/strong><\/p>\n<p><span><img decoding=\"async\" alt=\"E-Visa, Visa at the Land Border or Visa from an Embassy in Antalya in Turkey\" data-id=\"6204\" width=\"702\" data-init-width=\"1000\" height=\"468\" data-init-height=\"667\" title=\"E-Visa, Visa at the Land Border or Visa from an Embassy in Antalya in Turkey\" loading=\"lazy\" src=\"https:\/\/antalyatouristinformation.com\/de\/wp-content\/uploads\/sites\/10\/2021\/05\/E-Visa-Visa-at-the-Land-Border-or-Visa-from-an-Embassy-in-Antalya-in-Turkey.jpg\" data-width=\"702\" data-height=\"468\" data-pinpro-key=\"ue1n2cc1g\" data-pin-media=\"https:\/\/antalyatouristinformation.com\/de\/wp-content\/uploads\/sites\/10\/2021\/06\/Antalya-Pinterest-19.jpg\" data-pin-description=\"Einreise- und Visabestimmungen der T\u00fcrkei (f\u00fcr Touristen) \u2013 2021\" data-pin-url=\"https:\/\/antalyatouristinformation.com\/de\/einreise\/?tve=true&amp;tcbf=f28d95c5a3\" style=\"aspect-ratio: auto 1000 \/ 667\"><\/span><\/p>\n<h2 id=\"t-1625054407901\" data-alt-text=\"Visum beantragen\">E-Visum, Visum bei Ankunft und Visum von einer Botschaft<\/h2>\n<h3><strong><span style=\"text-decoration: underline\">E-Visa:&nbsp;<\/span><\/strong><\/h3>\n<p>Reisende aus den meisten L\u00e4ndern k\u00f6nnen ein E-Visum ganz einfach online beantragen. Es nimmt euch nur <b>ein paar Minuten<\/b> in Anspruch.<\/p>\n<p>Nachdem ihr das Online-Formular ausgef\u00fcllt und die Visageb\u00fchr bezahlt habt, erh\u00e4lt ihr euer Visum <b>innerhalb von 3 Tagen<\/b>. Bei dringenden Antr\u00e4gen bekommt ihr sogar innerhalb von <b>ca. 14 Minuten<\/b> eine E-Mail mit eurem E-Visum.<\/p>\n<p>Wir empfehlen, dass ihr f\u00fcr die Antragstellung eures e-Visums <a href=\"https:\/\/www.evisa.gov.tr\/de\/\" target=\"_blank\"><b>die offizielle t\u00fcrkische Regierungsseite <\/b><\/a>nutzt. Ihr k\u00f6nnt die Regierungsseiten immer an der Endung &#8222;.gov&#8220; erkennen.<\/p>\n<p><a href=\"https:\/\/www.evisa.gov.tr\/de\/info\/staatsburger-welcher-lander-konnen-ein-e-visum-bekommen\/\" target=\"_blank\"><b>Hier k\u00f6nnt ihr sehen, ob ihr f\u00fcr ein E-Visum in Frage kommt.<\/b><\/a><\/p>\n<h3><strong><span style=\"text-decoration: underline\">Visum bei Ankunft:<\/span><\/strong><\/h3>\n<p>Einige Staatsb\u00fcrger k\u00f6nnen <strong>bei der Ankunft an einem t\u00fcrkischen Flughafen <\/strong>ein Visum erhalten.<\/p>\n<p>Wir empfehlen jedoch Touristen, die ein Visum ben\u00f6tigen, dass sie lieber ein E-Visum beantragen. Zum einen gibt es immer weniger t\u00fcrkische Flugh\u00e4fen mit den entsprechenden Antragsstellen f\u00fcr das Visum am Grenz\u00fcbergang. Zum anderen zahlt ihr f\u00fcr ein E-Visum weniger, als f\u00fcr ein Visum bei der Ankunft am t\u00fcrkischen Flughafen.<\/p>\n<p><strong><strong><a href=\"https:\/\/www.evisa.gov.tr\/de\/info\/ich-mochte-kein-e-visum-beantragen-kann-ich-ein-visum-am-grenzubergang-bekommen\/\" target=\"_blank\">Findet heraus, ob ihr ein Visum am Grenz\u00fcbergang erhalten k\u00f6nnt.<\/a><\/strong><\/strong><\/p>\n<h3><b><u>T\u00fcrkische Botschaft oder Konsulat:<\/u><\/b><\/h3>\n<p>Falls ihr die Voraussetzungen f\u00fcr ein E-Visum nicht erf\u00fcllt, k\u00f6nnt ihr bei der <b>T\u00fcrkischen Botschaft oder dem T\u00fcrkischen Konsulat<\/b> ein Visum f\u00fcr die T\u00fcrkei erhalten.<\/p>\n<p>Achtet darauf, dass ihr den Antrag rechtzeitig stellt (mindestens ein Monat vor dem Reisedatum) und dass ihr bereits alle notwendigen Dokumente habt.<\/p>\n<p><span><img decoding=\"async\" alt=\"Enter Turkey with a Car\" data-id=\"6209\" width=\"702\" data-init-width=\"1000\" height=\"468\" data-init-height=\"667\" title=\"Enter Turkey with a Car\" loading=\"lazy\" src=\"https:\/\/antalyatouristinformation.com\/de\/wp-content\/uploads\/sites\/10\/2021\/05\/Enter-Turkey-with-a-Car.jpg\" data-width=\"702\" data-height=\"468\" data-pinpro-key=\"ex1h7eirm\" data-pin-media=\"https:\/\/antalyatouristinformation.com\/de\/wp-content\/uploads\/sites\/10\/2021\/06\/Antalya-Pinterest-19.jpg\" data-pin-description=\"Einreise- und Visabestimmungen der T\u00fcrkei (f\u00fcr Touristen) \u2013 2021\" data-pin-url=\"https:\/\/antalyatouristinformation.com\/de\/einreise\/?tve=true&amp;tcbf=f28d95c5a3\" style=\"aspect-ratio: auto 1000 \/ 667\"><\/span><\/p>\n<h2 id=\"t-1625054407902\" data-alt-text=\"Einreise mit dem Auto\">Einreise in die T\u00fcrkei mit dem Auto<\/h2>\n<p>Bei der Einreise in die T\u00fcrkei mit dem Auto m\u00fcsst ihr an der t\u00fcrkischen Landgrenze zus\u00e4tzlich zu den bereits erw\u00e4hnten Reisedokumenten (Reisepass oder Personalausweis, ggf. Visum) die folgenden Dokumente vorlegen:<\/p>\n<ul>\n<li>Internationaler F\u00fchrerschein<\/li>\n<li>Zulassungspapiere f\u00fcr das Fahrzeug<\/li>\n<li>Internationale Gr\u00fcne Versicherungskarte und Versicherung f\u00fcr die Fahrt auf t\u00fcrkischen Stra\u00dfen<\/li>\n<li>Vollmacht (falls das Fahrzeug einer anderen Person geh\u00f6rt)<\/li>\n<\/ul>\n<p><b>Autoversicherung:<\/b> Bitte beachtet, dass die Gr\u00fcne Versicherungskarte in der Regel nur bis zum Bosporus g\u00fcltig ist.<\/p>\n<p>Wir empfehlen euch daher, im Vorfeld zu pr\u00fcfen, ob eure Versicherung auch f\u00fcr die asiatische Seite des Landes gilt.<\/p>\n<p>Falls erforderlich, k\u00f6nnt ihr an den Grenz\u00fcberg\u00e4ngen eine g\u00fcltige Versicherung abschlie\u00dfen<\/p>\n<p><span><img decoding=\"async\" alt=\"Enter Turkey with a Cruise Ship or Yacht\" data-id=\"6212\" width=\"702\" data-init-width=\"1000\" height=\"468\" data-init-height=\"667\" title=\"Enter Turkey with a Cruise Ship or Yacht\" loading=\"lazy\" src=\"https:\/\/antalyatouristinformation.com\/de\/wp-content\/uploads\/sites\/10\/2021\/05\/Enter-Turkey-with-a-Cruise-Ship-or-Yacht.jpg\" data-width=\"702\" data-height=\"468\" data-pinpro-key=\"gr7takeh2\" data-pin-media=\"https:\/\/antalyatouristinformation.com\/de\/wp-content\/uploads\/sites\/10\/2021\/06\/Antalya-Pinterest-19.jpg\" data-pin-description=\"Einreise- und Visabestimmungen der T\u00fcrkei (f\u00fcr Touristen) \u2013 2021\" data-pin-url=\"https:\/\/antalyatouristinformation.com\/de\/einreise\/?tve=true&amp;tcbf=f28d95c5a3\" style=\"aspect-ratio: auto 1000 \/ 667\"><\/span><\/p>\n<h2 id=\"t-1625054407903\" data-alt-text=\"Einreise mit Kreuzfahrtschiff \">Einreise in die T\u00fcrkei mit einem Kreuzfahrtschiff oder einer Yacht<\/h2>\n<p>Bei der Einreise in die T\u00fcrkei mit einem Kreuzfahrtschiff, zum Beispiel am Hafen von Alanya oder Antalya, m\u00fcsst ihr kein Visum beantragen, wenn ihr nicht l\u00e4nger als 72 Stunden an Land bleibt.<\/p>\n<p>Wir empfehlen, dass ihr euch im Vorfeld bei eurem Reiseveranstalter nach den notwendigen Reisedokumenten und den aktuellen Einreisebestimmungen erkundigt.<\/p>\n<p><span><img decoding=\"async\" alt=\"Health Insurance in Turkey\" data-id=\"6214\" width=\"702\" data-init-width=\"1000\" height=\"470\" data-init-height=\"667\" title=\"Health Insurance in Turkey\" loading=\"lazy\" src=\"https:\/\/antalyatouristinformation.com\/de\/wp-content\/uploads\/sites\/10\/2021\/05\/Health-Insurance-in-Turkey.jpg\" data-width=\"702\" data-height=\"470\" style=\"aspect-ratio: auto 1000 \/ 667\" data-pin-media=\"https:\/\/antalyatouristinformation.com\/de\/wp-content\/uploads\/sites\/10\/2021\/06\/Antalya-Pinterest-19.jpg\" data-pin-description=\"Einreise- und Visabestimmungen der T\u00fcrkei (f\u00fcr Touristen) \u2013 2021\" data-pin-url=\"https:\/\/antalyatouristinformation.com\/de\/einreise\/?tve=true&amp;tcbf=f28d95c5a3\"><\/span><\/p>\n<h2 id=\"t-1625054407904\" data-alt-text=\"Krankenversicherung\">Krankenversicherung in der T\u00fcrkei<\/h2>\n<p>Wir <b>empfehlen euch, dass ihr eine Auslandskrankenversicherung abschlie\u00dft<\/b>, bevor ihr in die T\u00fcrkei reist.<\/p>\n<p>F\u00fcr den Fall, dass ihr eine medizinische Notfallbehandlung ben\u00f6tigt, werdet ihr als Tourist aufgrund der besseren medizinischen Qualit\u00e4t h\u00f6chstwahrscheinlich in eine Privatklinik gebracht.<\/p>\n<p>Allerdings werden die vollen Kosten der Privatkliniken meist nicht von der gesetzlichen Krankenversicherung gedeckt. Ihr m\u00fcsst die Differenz aus der eigenen Tasche bezahlen.<\/p>\n<p>Daher ist es sinnvoll, vorab eine Auslandskrankenversicherung abzuschlie\u00dfen. Sie ist meist schon ab 10 Euro pro Person erh\u00e4ltlich.<\/p>\n<p><span><img decoding=\"async\" alt=\"Long Term Visa in Antalya in Turkey\" data-id=\"6216\" width=\"702\" data-init-width=\"1000\" height=\"470\" data-init-height=\"667\" title=\"Long Term Visa in Antalya in Turkey\" loading=\"lazy\" src=\"https:\/\/antalyatouristinformation.com\/de\/wp-content\/uploads\/sites\/10\/2021\/05\/Long-Term-Visa-in-Antalya-in-Turkey.jpg\" data-width=\"702\" data-height=\"470\" style=\"aspect-ratio: auto 1000 \/ 667\" data-pin-media=\"https:\/\/antalyatouristinformation.com\/de\/wp-content\/uploads\/sites\/10\/2021\/06\/Antalya-Pinterest-19.jpg\" data-pin-description=\"Einreise- und Visabestimmungen der T\u00fcrkei (f\u00fcr Touristen) \u2013 2021\" data-pin-url=\"https:\/\/antalyatouristinformation.com\/de\/einreise\/?tve=true&amp;tcbf=f28d95c5a3\"><\/span><\/p>\n<h2 id=\"t-1625054407905\" data-alt-text=\"IKAMET \/ Langzeitvisum\">Wie beantrage ich ein IKAMET (Langzeitvisum)?<\/h2>\n<p>Falls ihr ein Langzeitvisum erhalten m\u00f6chtet, m\u00fcsst ihr eine<strong> Ikamet, eine<\/strong><strong>Aufenthaltsgenehmigung<\/strong>, beantragen.<\/p>\n<p>Unter der Voraussetzung, dass euer Reisepass nicht fr\u00fcher abl\u00e4uft, kann die erste Aufenthaltserlaubnis f\u00fcr maximal ein Jahr ausgestellt werden.<\/p>\n<p>Der Antrag kann online \u00fcber die <a href=\"https:\/\/e-ikamet.goc.gov.tr\/\" target=\"_blank\">offizielle Webseite der Einwanderungsbeh\u00f6rde<\/a> gestellt werden.<\/p>\n<p>Ihr erhaltet einen Termin bei der Einwanderungsbeh\u00f6rde in der T\u00fcrkei, wo ihr <strong>folgende Dokumente vorlegen m\u00fcsst:<\/strong><\/p>\n<ul>\n<li>Das Antragsformular f\u00fcr die Aufenthaltserlaubnis<\/li>\n<li>Fotokopie eures Reisepasses<\/li>\n<li>Notariell beglaubigter Nachweis des Wohnsitzes (z.B. ein Mietvertrag oder eine Verpflichtungserkl\u00e4rung eines t\u00fcrkischen Einwohners)<\/li>\n<li>4 biometrische Fotos<\/li>\n<li>G\u00fcltige Krankenversicherung<\/li>\n<li>Bankbeleg, der zeigt, dass ihr in der Lage seid, euren Lebensunterhalt w\u00e4hrend eures T\u00fcrkei-Aufenthalts selbst zu finanzieren.<\/li>\n<li>Zahlungsbeleg f\u00fcr die Anmeldegeb\u00fchr<\/li>\n<\/ul>\n<h2 id=\"t-1625054407906\" data-alt-text=\"Wichtige Kontakte\">Wichtige Kontakte in der T\u00fcrkei<\/h2>\n<p><b>Ministerium f\u00fcr ausw\u00e4rtige Angelegenheiten der Republik T\u00fcrkei<\/b><\/p>\n<ul>\n<li><strong>Webseite:&nbsp;<\/strong><a href=\"https:\/\/www.mfa.gov.tr\/default.en.mfa\" target=\"_blank\">Mfa.gov.tr\/<\/a><\/li>\n<li><strong>Tel:<\/strong> +90 (312) 292 10 00<\/li>\n<li><strong>Adresse:&nbsp;<\/strong>Dr. Sad\u0131k Ahmet Cad. No:8 Balgat \/ Ankara- T\u00fcrkei 06100<\/li>\n<\/ul>\n<p><b>Ausl\u00e4nderbeh\u00f6rde Antalya:<\/b><\/p>\n<ul>\n<li><strong>Webseite: <\/strong><a href=\"https:\/\/antalya.goc.gov.tr\/\" target=\"_blank\">Antalya.goc.gov.tr\/<\/a><\/li>\n<li><strong>Tel:&nbsp;<\/strong>0 242 237 95 50-51-52<\/li>\n<li><strong>E-mail:<\/strong><a href=\"mailto:antalya@goc.gov.tr\">antalya@goc.gov.tr<\/a><\/li>\n<li><strong>Adresse:<\/strong> Bay\u0131nd\u0131r Mahallesi Gazi Bulvar\u0131 No:2 07030 Muratpa\u015fa\/Antalya<\/li>\n<\/ul>\n<p><b>Ausl\u00e4nderbeh\u00f6rde Alanya:<\/b><\/p>\n<ul>\n<li><strong>Tel:&nbsp;<\/strong>(0242) 511 17 51<\/li>\n<li><strong>E-mail:&nbsp;<\/strong><a href=\"mailto:alanya@goc.gov.tr\" target=\"_blank\">alanya@goc.gov.tr<\/a><\/li>\n<li><strong>Adresse:<\/strong> \u015eekerhane Mahallesi G\u00fcc\u00fco\u011flu Sokak No:18, 07400 Alanya\/Antalya<\/li>\n<\/ul>\n<p><b>Ausl\u00e4nderbeh\u00f6rde Kemer:<\/b><\/p>\n<ul>\n<li><strong>Tel:&nbsp;<\/strong>(0242) 814 49 36<\/li>\n<li><strong>E-mail:<\/strong><a href=\"mailto:kemer@goc.gov.tr\" target=\"_blank\">kemer@goc.gov.tr<\/a><\/li>\n<li><strong>Adresse:<\/strong> Merkez Mah. Yal\u0131 Cad. No: 1 \u0130\u00e7 Kap\u0131 : D-E Kemer Bel. Alt\u0131 Kemer\/Antalya<\/li>\n<\/ul>\n<p><b>Ausl\u00e4nderbeh\u00f6rde Manavgat:<\/b><\/p>\n<ul>\n<li><strong>Tel:&nbsp;<\/strong>(0242) 742 84 47<\/li>\n<li><strong>E-mail:&nbsp;<a href=\"mailto:manavgat@goc.gov.tr\" target=\"_blank\">manavgat@goc.gov.tr<\/a><\/strong><\/li>\n<li><strong>Adresse:&nbsp;<\/strong>Emek Mah. 3081 sok. \u0130l\u00e7e Emniyet M\u00fcd. Ek Hizmet Binas\u0131 No: 6 Manavgat\/Antalya<\/li>\n<\/ul>\n<p><b>Folgende Beitr\u00e4ge k\u00f6nnten euch auch interessieren:<\/b><\/p>\n<ul>\n<li><a href=\"https:\/\/antalyatouristinformation.com\/de\/einreise\/e-visa\/\">E-Visa T\u00fcrkei: Bezahlen und beantragen [Schritt-f\u00fcr-Schritt-Anleitung]<\/a><\/li>\n<li><a href=\"https:\/\/antalyatouristinformation.com\/de\/einreise\/zoll\/\">Guide zu den Zollbestimmungen in der T\u00fcrkei<\/a><\/li>\n<\/ul>\n<p>Schaut euch auch die unten aufgef\u00fchrten Links an, um eure Reise zu planen:<\/p>\n","protected":false},"excerpt":{"rendered":"<p>Das ist unser kompletter Guide zu den Einreisebestimmungen der T\u00fcrkei. Hier lest ihr alles \u00fcber notwendige Dokumente, Visabestimmungen und h\u00e4ufig gestellte Fragen. Falls ihr Fragen zu den Zollbestimmungen in der T\u00fcrkei habt, dann werft auch einen Blick in unserem eigenen Guide zu dem Thema. Lasst uns mit den wichtigsten Fragen beginnen! Ben\u00f6tige ich ein Visum? [&hellip;]<\/p>\n","protected":false},"author":5,"featured_media":6190,"parent":0,"menu_order":0,"comment_status":"open","ping_status":"closed","template":"","meta":{"_acf_changed":false,"footnotes":""},"categories":[],"tags":[52,64],"class_list":["post-5277","page","type-page","status-publish","has-post-thumbnail","hentry","tag-covid-19","tag-entry","post-wrapper","thrv_wrapper"],"acf":[],"wp-worthy-pixel":{"ignored":false,"public":"02ec09a759eb4a2e98445109eaaed7d6","server":"vg01.met.vgwort.de","url":"https:\/\/vg01.met.vgwort.de\/na\/02ec09a759eb4a2e98445109eaaed7d6"},"wp-worthy-type":"normal","_links":{"self":[{"href":"https:\/\/antalyatouristinformation.com\/de\/wp-json\/wp\/v2\/pages\/5277","targetHints":{"allow":["GET"]}}],"collection":[{"href":"https:\/\/antalyatouristinformation.com\/de\/wp-json\/wp\/v2\/pages"}],"about":[{"href":"https:\/\/antalyatouristinformation.com\/de\/wp-json\/wp\/v2\/types\/page"}],"author":[{"embeddable":true,"href":"https:\/\/antalyatouristinformation.com\/de\/wp-json\/wp\/v2\/users\/5"}],"replies":[{"embeddable":true,"href":"https:\/\/antalyatouristinformation.com\/de\/wp-json\/wp\/v2\/comments?post=5277"}],"version-history":[{"count":10,"href":"https:\/\/antalyatouristinformation.com\/de\/wp-json\/wp\/v2\/pages\/5277\/revisions"}],"predecessor-version":[{"id":16602,"href":"https:\/\/antalyatouristinformation.com\/de\/wp-json\/wp\/v2\/pages\/5277\/revisions\/16602"}],"wp:featuredmedia":[{"embeddable":true,"href":"https:\/\/antalyatouristinformation.com\/de\/wp-json\/wp\/v2\/media\/6190"}],"wp:attachment":[{"href":"https:\/\/antalyatouristinformation.com\/de\/wp-json\/wp\/v2\/media?parent=5277"}],"wp:term":[{"taxonomy":"category","embeddable":true,"href":"https:\/\/antalyatouristinformation.com\/de\/wp-json\/wp\/v2\/categories?post=5277"},{"taxonomy":"post_tag","embeddable":true,"href":"https:\/\/antalyatouristinformation.com\/de\/wp-json\/wp\/v2\/tags?post=5277"}],"curies":[{"name":"wp","href":"https:\/\/api.w.org\/{rel}","templated":true}]}}