{"id":5291,"date":"2021-04-30T14:41:11","date_gmt":"2021-04-30T12:41:11","guid":{"rendered":"https:\/\/antalyatouristinformation.com\/clone4639485xzhehsskdjfhhdhebdkkekdeewsd4545gdfgm\/?page_id=5291"},"modified":"2021-07-14T21:59:16","modified_gmt":"2021-07-14T19:59:16","slug":"zoll","status":"publish","type":"page","link":"https:\/\/antalyatouristinformation.com\/de\/einreise\/zoll\/","title":{"rendered":"Zollbestimmungen in der T\u00fcrkei"},"content":{"rendered":"<p>Das ist unser Guide zu den Zollbestimmungen der T\u00fcrkei.<\/p>\n<p>Hier behandeln wir die erlaubte Menge an Waren, Alkohol und Zigaretten, und beantworten h\u00e4ufig gestellte Fragen.<\/p>\n<p>Die Bestimmungen zur&nbsp;<a href=\"https:\/\/antalyatouristinformation.com\/de\/einreise\/\">Einreise in die T\u00fcrkei<\/a> mit n\u00fctzlichen Infos zum Visa-Prozess haben wir in einem eigenen Beitrag erkl\u00e4rt. Ausf\u00fchrliche Infos zu dem E-Visum-Verfahren findet ihr zus\u00e4tzlich in unserem Guide: <a href=\"https:\/\/antalyatouristinformation.com\/de\/einreise\/e-visa\/\">E-Visa T\u00fcrkei<\/a>.<\/p>\n<p>Lasst uns mit der wichtigsten Frage beginnen:<\/p>\n<h2 id=\"t-1625057834307\" data-alt-text=\"Einfuhr (Zoll)\">Einfuhrbestimmungen (Zoll)<\/h2>\n<p><b>Die freie Einfuhr folgender Waren ist erlaubt:<\/b><\/p>\n<ul>\n<li><span><strong><b>Tabakwaren<\/b> (f\u00fcr Reisende \u00fcber 18 Jahre):<\/strong> 200 Zigaretten <strong>und<\/strong> 50 Zigarren <strong>und <\/strong>200 g Tabak (mit 200 St\u00fcck Zigarettenpapier) <strong>oder <\/strong>200 g Pfeifentabak <strong>oder <\/strong>200 g Tabak f\u00fcr Nargileh <strong>oder<\/strong> 200 g Kautabak <strong>oder <\/strong>50 g Schnupftabak<\/span><\/li>\n<li><span><strong><b>Tabakwaren in t\u00fcrkischen Duty-Free-Shops<\/b> (f\u00fcr Reisende \u00fcber 18 Jahre): <\/strong>Zus\u00e4tzlich ist es m\u00f6glich, bei der Einreise 200 Zigaretten, 100 Zigarren und 500 g Pfeifentabak in t\u00fcrkischen Duty-Free-Shops zu kaufen.<\/span><\/li>\n<li><span><strong><b>Alkoholische Getr\u00e4nke<\/b> (f\u00fcr Reisende \u00fcber 18 Jahre):<\/strong> 1 (100 cl) oder 2 (75cl oder 70 cl) Flaschen Wein und\/oder Spirituosen<\/span><\/li>\n<li><span><strong>Parf\u00fcm:&nbsp;<\/strong>max. 120 Milliliter Parf\u00fcm, Cologne, Eau-de-Cologne, Lavendelwasser, Essenz oder Lotion<\/span><\/li>\n<li><span><strong><b>Kaffee &amp; Tee:<\/b> <\/strong>1,5 kg Kaffee, 1,5 kg Instantkaffee und 500 g Tee<\/span><\/li>\n<li><span><strong><b>S\u00fc\u00dfwaren<\/b>: <\/strong>1 kg Bonbons und 1 kg Schokolade<\/span><\/li>\n<li><span><strong><b>Medikamente<\/b>: <\/strong>Medikamente f\u00fcr den pers\u00f6nlichen Gebrauch<\/span><\/li>\n<li><span><strong><strong><b>Schmuck<\/b>: <\/strong><\/strong>bis zu einem Maximalwert von 15.000 USD<\/span><\/li>\n<li><span><strong><b>Geschenke &amp; pers\u00f6nliche Gegenst\u00e4nde<\/b>: <\/strong>bis zu einem Gesamtwert von 300 \u20ac (f\u00fcr Personen unter 15 Jahren: 150 \u20ac)<\/span><\/li>\n<\/ul>\n<p>Weitere Einfuhrbestimmungen findet ihr auf der<strong>&nbsp;<a href=\"https:\/\/www.ktb.gov.tr\/EN-120416\/duty-free-goods.html\" target=\"_blank\" rel=\"noopener\">offiziellen Webseite.<\/a><\/strong><\/p>\n<p>Diese Bestimmungen gelten <strong>nicht f\u00fcr Transitreisende<\/strong>.<\/p>\n<p><b>Wichtig:<\/b> Die T\u00fcrkei ist f\u00fcr eine <b>sehr strenge Drogenpolitik<\/b> bekannt. Bereits bei der Einfuhr, Ausfuhr oder den Besitz einer geringf\u00fcgigen Menge Suchtmittel drohen Gef\u00e4ngnisstrafen.<\/p>\n<h2 id=\"t-1625057834308\" data-alt-text=\"Ausfuhr (Zoll)\">Ausfuhrbestimmungen (Zoll)<\/h2>\n<p><b>Die freie Ausfuhr der folgenden Waren ist erlaubt:<\/b><\/p>\n<ul>\n<li><span><strong><b>Tabakwaren<\/b>: <\/strong>2 kg\/3 Kartons lokaler Tabakwaren<\/span><\/li>\n<li><span><strong><b>Alkoholische Getr\u00e4nke:<\/b> <\/strong>5 Liter alkoholische Getr\u00e4nke\/12 Flaschen Raki\/ einheimische Getr\u00e4nke<\/span><\/li>\n<li><span><strong><b>Lebensmittel:<\/b><\/strong> bis zu einem Gesamtwert von 100 TL, wobei keiner der Artikel 5 kg \u00fcberschreiten darf<\/span><\/li>\n<li><span><strong><b>Geschenkartikel:<\/b> <\/strong>bis zu einem Wert von 5.000 TL<\/span><\/li>\n<li><span><strong><b>Schmuck:<\/b> <\/strong>Der Gesamtwert von pers\u00f6nlichem Schmuck darf 15.000 USD nicht \u00fcberschreiten. Einen h\u00f6heren Wert m\u00fcsst ihr bereits bei der Einreise bei den Zollbeh\u00f6rden deklarieren.<\/span><\/li>\n<\/ul>\n<p><b>Die Ausfuhr folgender G\u00fcter ist verboten:<\/b><\/p>\n<ul>\n<li>                    <span><strong><b>Antiquit\u00e4ten und Kulturg\u00fcter<\/b><\/strong> (Teppiche, Skulpturen, Statuen, M\u00fcnzen, Ikonen, Gem\u00e4lde, farbige Fliesen und Keramik, Metallgegenst\u00e4nde und \u00e4hnliche G\u00fcter)<\/span><\/li>\n<li>                    <span><strong>Tee<\/strong><\/span><\/li>\n<li>                    <span><strong>Kaffee<\/strong><\/span><\/li>\n<li>                    <span><strong><b>Getreideprodukte<\/b><\/strong><\/span><\/li>\n<li>                    <span><strong><b>Gew\u00fcrze<\/b><\/strong><\/span><\/li>\n<li>                    <span><strong>Kakao<\/strong><\/span><\/li>\n<\/ul>\n<p><b>Wichtig: <\/b>F\u00fcr die Ausfuhr von Kulturg\u00fctern, historischen Gegenst\u00e4nden und Antiquit\u00e4ten drohen empfindliche Gef\u00e4ngnisstrafen!<\/p>\n<h2 id=\"t-1625057834309\">Bargeld<\/h2>\n<p>Bei eurer Einreise in die T\u00fcrkei d\u00fcrft ihr unbegrenzt Bargeld mit euch f\u00fchren.<\/p>\n<p>Sobald ihr das Land verl\u00e4sst, d\u00fcrft ihr aber nicht<strong> mehr als 5.000 US-Dollar <\/strong>oder den Gegenwert in t\u00fcrkischen oder ausl\u00e4ndischen W\u00e4hrungen ausf\u00fchren. H\u00f6here Betr\u00e4ge m\u00fcssen deklariert werden.<\/p>\n<h2 id=\"t-1625057834310\" data-alt-text=\" Duty-Free\">Zoll- und mehrwertsteuerfrei einkaufen in der T\u00fcrkei (Duty-Free)<\/h2>\n<p>Der regul\u00e4re <b>Mehrwertsteuersatz <\/b>in der T\u00fcrkei betr\u00e4gt <b>18%<\/b>. Bei einigen Produkten, z. B. Textilien, Schuhe, Taschen und B\u00fccher, <b>ist die Mehrwertsteuer 8%.<\/b><\/p>\n<p>Sofern ihr <b>keine<\/b><b>dauerhafte Aufenthaltsgenehmigung<\/b> in der T\u00fcrkei habt und <b>mindestens 100 T\u00fcrkische Lira plus Mehrwertsteuer <\/b>f\u00fcr einen Einkauf ausgebt, k\u00f6nnt ihr ein Tax-Free-Formular zur R\u00fcckerstattung erhalten und so die Mehrwertsteuer zur\u00fcckbekommen.<\/p>\n<p>Ihr findet den Tax-Free-Schalter im Abflugbereich des Flughafens Antalya, des Flughafens Istanbul und einiger anderer gro\u00dfer internationaler Flugh\u00e4fen in der T\u00fcrkei.<\/p>\n<p>Ihr m\u00fcsst hier die R\u00fcckerstattung beantragen. Die Artikel m\u00fcssen dem Zoll in der Originalverpackung zusammen mit der <b>entsprechenden Tax-Free-Rechnung\/ Formular<\/b> vorgelegt werden. Wird der Antrag genehmigt, erhaltet ihr einen Teil der Mehrwertsteuer in Euro oder USD zur\u00fcck. Falls die Ware in eurem Koffer transportiert werden soll, m\u00fcsst ihr ihn beim Zoll aufgeben.<\/p>\n<p>Stellt euch darauf ein, dass der Prozess der R\u00fcckerstattung sehr zeitaufwendig ist. Aus diesem Grund solltet ihr extra Zeit einplanen und fr\u00fchzeitig am Flughafen sein.<\/p>\n<p><b>Wichtig:<\/b> Bitte pr\u00fcft vor eurer Ausreise aus der T\u00fcrkei die Einfuhrbestimmungen in eurem Zielland.<\/p>\n<h2 id=\"t-1625057834311\" data-alt-text=\"Einfuhr von Drohnen\">Einfuhr und Nutzung von Drohnen in der T\u00fcrkei f\u00fcr Ausl\u00e4nder<\/h2>\n<p>Die Einfuhr von Drohnen ist in 99 % der F\u00e4lle nicht m\u00f6glich. Drohnen m\u00fcssen in der T\u00fcrkei <a href=\"https:\/\/iha.shgm.gov.tr\/public\/index?ReturnUrl=%2f\" target=\"_blank\" rel=\"noopener\">registriert werden<\/a>. Das ist jedoch nur mit einem t\u00fcrkischen Personalausweis m\u00f6glich.<\/p>\n<p>Ausgenommen sind Drohnen, die <strong>leichter als 500 Gramm<\/strong> sind.<\/p>\n<p>Hinzu kommt, dass es <strong>sehr strenge Regeln f\u00fcr das Fliegen von Drohnen in der T\u00fcrkei gibt<\/strong>. Falls ihr gegen eine der Regeln verst\u00f6\u00dft, z.B. Fliegen in einem Sperrgebiet oder \u00fcber 120 Meter, wird eure Drohne sofort konfisziert.<\/p>\n<p>Deshalb solltet ihr &#8211; wenn \u00fcberhaupt &#8211; eure Drohne nur im Hotelgel\u00e4nde fliegen.<\/p>\n<p>Falls ihr weitere Fragen habt, dann k\u00f6nnt ihr sie gerne unten als Kommentar hinterlassen. Werft &nbsp;auch einen Blick in unseren Guide \u00fcber die Corona-Lage in der T\u00fcrkei und seid so vor eurer Reise bestens informiert.<\/p>\n<p>Schaut euch auch die unten aufgef\u00fchrten Links an, um eure Reise zu planen.<\/p>\n","protected":false},"excerpt":{"rendered":"<p>Das ist unser Guide zu den Zollbestimmungen der T\u00fcrkei. Hier behandeln wir die erlaubte Menge an Waren, Alkohol und Zigaretten, und beantworten h\u00e4ufig gestellte Fragen. Die Bestimmungen zur&nbsp;Einreise in die T\u00fcrkei mit n\u00fctzlichen Infos zum Visa-Prozess haben wir in einem eigenen Beitrag erkl\u00e4rt. Ausf\u00fchrliche Infos zu dem E-Visum-Verfahren findet ihr zus\u00e4tzlich in unserem Guide: E-Visa [&hellip;]<\/p>\n","protected":false},"author":5,"featured_media":6220,"parent":5277,"menu_order":0,"comment_status":"open","ping_status":"closed","template":"","meta":{"_acf_changed":false,"footnotes":""},"categories":[],"tags":[64],"class_list":["post-5291","page","type-page","status-publish","has-post-thumbnail","hentry","tag-entry","post-wrapper","thrv_wrapper"],"acf":[],"wp-worthy-pixel":{"ignored":false,"public":"af72a751af194317a121ddd184779ec4","server":"vg01.met.vgwort.de","url":"https:\/\/vg01.met.vgwort.de\/na\/af72a751af194317a121ddd184779ec4"},"wp-worthy-type":"normal","_links":{"self":[{"href":"https:\/\/antalyatouristinformation.com\/de\/wp-json\/wp\/v2\/pages\/5291","targetHints":{"allow":["GET"]}}],"collection":[{"href":"https:\/\/antalyatouristinformation.com\/de\/wp-json\/wp\/v2\/pages"}],"about":[{"href":"https:\/\/antalyatouristinformation.com\/de\/wp-json\/wp\/v2\/types\/page"}],"author":[{"embeddable":true,"href":"https:\/\/antalyatouristinformation.com\/de\/wp-json\/wp\/v2\/users\/5"}],"replies":[{"embeddable":true,"href":"https:\/\/antalyatouristinformation.com\/de\/wp-json\/wp\/v2\/comments?post=5291"}],"version-history":[{"count":10,"href":"https:\/\/antalyatouristinformation.com\/de\/wp-json\/wp\/v2\/pages\/5291\/revisions"}],"predecessor-version":[{"id":13922,"href":"https:\/\/antalyatouristinformation.com\/de\/wp-json\/wp\/v2\/pages\/5291\/revisions\/13922"}],"up":[{"embeddable":true,"href":"https:\/\/antalyatouristinformation.com\/de\/wp-json\/wp\/v2\/pages\/5277"}],"wp:featuredmedia":[{"embeddable":true,"href":"https:\/\/antalyatouristinformation.com\/de\/wp-json\/wp\/v2\/media\/6220"}],"wp:attachment":[{"href":"https:\/\/antalyatouristinformation.com\/de\/wp-json\/wp\/v2\/media?parent=5291"}],"wp:term":[{"taxonomy":"category","embeddable":true,"href":"https:\/\/antalyatouristinformation.com\/de\/wp-json\/wp\/v2\/categories?post=5291"},{"taxonomy":"post_tag","embeddable":true,"href":"https:\/\/antalyatouristinformation.com\/de\/wp-json\/wp\/v2\/tags?post=5291"}],"curies":[{"name":"wp","href":"https:\/\/api.w.org\/{rel}","templated":true}]}}