{"id":5300,"date":"2021-04-30T14:55:23","date_gmt":"2021-04-30T12:55:23","guid":{"rendered":"https:\/\/antalyatouristinformation.com\/clone4639485xzhehsskdjfhhdhebdkkekdeewsd4545gdfgm\/?page_id=5300"},"modified":"2023-04-27T13:24:14","modified_gmt":"2023-04-27T11:24:14","slug":"e-visa","status":"publish","type":"page","link":"https:\/\/antalyatouristinformation.com\/de\/einreise\/e-visa\/","title":{"rendered":"E-Visa T\u00fcrkei: Beantragen und bezahlen [Schritt-f\u00fcr-Schritt-Anleitung]"},"content":{"rendered":"<p>Das ist unsere Schritt-f\u00fcr-Schritt-Anleitung f\u00fcr die Beantragung von E-Visas f\u00fcr die T\u00fcrkei.<\/p>\n<p>Hier lest ihr alles \u00fcber den Ablauf und welche Staatsangeh\u00f6rige ein E-Visum ben\u00f6tigen und berechtigt sind, ein E-Visum zu beantragen.<\/p>\n<p>Wir informieren euch auch \u00fcber die Zahlung und Alternativen f\u00fcr Staatsangeh\u00f6rige, die kein E-Visum beantragen d\u00fcrfen.<\/p>\n<p>Lasst uns mit den Grundlagen anfangen!<\/p>\n<h2 id=\"t-1625060499425\">Wer ben\u00f6tigt ein E-Visum?<\/h2>\n<p>Um zu pr\u00fcfen, ob ihr f\u00fcr die Einreise in die T\u00fcrkei ein Visum braucht, besucht die <a href=\"https:\/\/www.evisa.gov.tr\/de\/apply\/\" target=\"_blank\" rel=\"noopener\">offizielle Webseite der Regierung<\/a>, die E-Visa ausstellt.<\/p>\n<p>Danach folgt ihr diesen Schritten:<\/p>\n<ul>\n<li><span>1. W\u00e4hlt die Nationalit\u00e4t gem\u00e4\u00df eurem Reisedokument.<\/span><\/li>\n<li><span>2. W\u00e4hlt euer Reisedokument.<\/span><\/li>\n<li><span><span>3. Gebt den unten aufgelisteten Sicherheitscode ein.<\/span><\/span><\/li>\n<li><span>4. Klickt auf &#8222;Speichern und fortsetzen&#8220;.<\/span><\/li>\n<\/ul>\n<ul>\n<li><span>Sofern ihr <b>kein Visum<\/b> ben\u00f6tigt, erscheint nun folgender Text: <b>&#8222;Sie ben\u00f6tigen kein Visum&#8220;. <\/b><\/span><\/li>\n<li><span>Falls ihr f\u00fcr die Einreise <b>ein Visum braucht<\/b> und ihr ein E-Visum <b>kaufen d\u00fcrft,<\/b> wird euch nun angezeigt, <b>wie<\/b><b>lange euer Visum g\u00fcltig ist<\/b>, die <b>Anzahl<\/b> der Einreisen und wie hoch die <b>Visageb\u00fchr<\/b> ist. Fahrt in dem Fall mit <b>der Schritt-f\u00fcr-Schritt-Anleitung unten<\/b> fort.<\/span><\/li>\n<li><span>Falls <b>ihr ein Visum ben\u00f6tigt, aber nicht berechtigt seid<\/b>, ein E-Visum zu beantragen, seht ihr folgenden Text: &#8222;<b>Leider kann f\u00fcr die Staatsb\u00fcrger des von Ihnen ausgew\u00e4hlten Landes kein E-Visum ausgestellt werden<\/b>.&#8220; In dem Fall m\u00fcsst ihr euch f\u00fcr euren Visa-Antrag an die n\u00e4chstgelegene t\u00fcrkische Auslandsvertretung wenden. Weitere Informationen dazu findet ihr in der letzten Unterrubrik auf der Seite.<\/span><\/li>\n<\/ul>\n<h2 id=\"t-1625060499426\">Wie kauft man ein E-Visum?<\/h2>\n<p>Es gibt eine Vielzahl an Webseiten, die vorgeben, Nutzern zu helfen, t\u00fcrkische E-Visas gegen eine Servicegeb\u00fchr zu beschaffen.<\/p>\n<p>Wir empfehlen euch dringend die <a href=\"https:\/\/www.evisa.gov.tr\/de\/\" target=\"_blank\" rel=\"noopener\">offizielle E-Visum-Webseite der t\u00fcrkischen Regierung <\/a>zu nutzen, die vom t\u00fcrkischen Au\u00dfenministerium betrieben wird.<\/p>\n<p>Ihr erkennt die Regierungsseiten immer an der Endung <strong>&#8222;.gov&#8220;.<\/strong><\/p>\n<p>Die offizielle Webseite ist in Deutsch, Englisch, Spanisch, Franz\u00f6sisch, Polnisch, Niederl\u00e4ndisch, Arabisch, Chinesisch und T\u00fcrkisch verf\u00fcgbar.<\/p>\n<p>Ihr k\u00f6nnt mit MasterCard, Visa und UnionPay Kredit-\/Debitkarte bezahlen.<\/p>\n<h2 id=\"t-1625060499427\" data-alt-text=\"Schritt-f\u00fcr-Schritt-Anleitung\">Schritt-f\u00fcr-Schritt-Anleitung f\u00fcr den Kauf eures E-Visums<\/h2>\n<p>Nachdem ihr die oben aufgef\u00fchrten Schritte befolgt habt, um herauszufinden, ob ihr ein Visum ben\u00f6tigt, macht ihr wie folgt weiter:<\/p>\n<ul>\n<li><span>W\u00e4hlt euer Ankunftsdatum in der T\u00fcrkei.<\/span><\/li>\n<li><span>Klickt auf &#8222;Speichern und fortsetzen&#8220;. Ihr seht nun eine <b>Liste von Voraussetzungen<\/b>, die erf\u00fcllt sein m\u00fcssen, um ein E-Visum zu erhalten.<\/span><\/li>\n<li><span>Best\u00e4tigt, dass ihr alle diese Kriterien erf\u00fcllt, indem ihr die K\u00e4stchen daneben anklickt. Beachtet, dass euer E-Visum <b>nur <b>g\u00fcltig ist<\/b>, wenn ihr diese Kriterien erf\u00fcllt.<\/b><\/span><\/li>\n<li><span>Klickt auf &#8222;Speichern und fortsetzen&#8220;.<\/span><\/li>\n<li><span>F\u00fcllt das Formular mit euren pers\u00f6nlichen Daten aus. Beachtet dabei, dass die Informationen mit den Angaben in eurem Reisedokument \u00fcbereinstimmen m\u00fcssen, mit dem ihr in die T\u00fcrkei einreisen werdet.<\/span><\/li>\n<li><span>\u00dcberpr\u00fcft und best\u00e4tigt eure Angaben.<\/span><\/li>\n<li><span>Innerhalb von einer Stunde erhaltet ihr eine Best\u00e4tigungs-E-Mail. Um den Antrag abzuschlie\u00dfen, m\u00fcsst ihr auf die Schaltfl\u00e4che &#8222;Genehmigen&#8220; klicken und innerhalb von 48 Stunden die Zahlung vornehmen.<\/span><\/li>\n<\/ul>\n<ul>\n<li>                    <span><strong><strong><b>Wichtig:<\/b> <\/strong><\/strong>Wir empfehlen, dass ihr euer E-Visum entweder als Screenshot auf eurem Smartphone oder ausgedruckt bei euch tr\u00e4gt. So seid ihr selbst bei einem Systemausfall am Grenz\u00fcbergang abgesichert.<\/span><\/li>\n<\/ul>\n<h2 id=\"t-1625060499428\" data-alt-text=\"Alternativen\">Alternative: Ein Visum beim Konsulat oder der Botschaft beantragen<\/h2>\n<p>Eine weitere M\u00f6glichkeit, ein Visum f\u00fcr die T\u00fcrkei zu bekommen, ist die Beantragung eines Visums bei der t\u00fcrkischen Auslandsvertretung oder dem T\u00fcrkischen Konsulat in eurem Heimatland.<\/p>\n<p>Staatsangeh\u00f6rige, die nicht zur Beantragung eines E-Visums berechtigt sind, k\u00f6nnen nur auf diesem Weg ein Visum f\u00fcr die T\u00fcrkei erhalten.<\/p>\n<p>Am besten beginnt ihr mit der Beantragung eures Visums mindestens einen Monat vor dem geplanten Reisedatum.<\/p>\n<p>Zum Zeitpunkt eures Termins solltet ihr bereits alle notwendigen Dokumente vorbereitet haben.<\/p>\n<p>Seht <a href=\"https:\/\/www.konsolosluk.gov.tr\/Visa\/Index\" target=\"_blank\" rel=\"noopener\">hier<\/a> eine vollst\u00e4ndige Liste mit T\u00fcrkischen Botschaften und Konsulaten.<\/p>\n<h2 id=\"t-1625060499429\" data-alt-text=\"Kontaktdaten\">Kontaktdaten des Au\u00dfenministeriums<\/h2>\n<p><b>Ministerium f\u00fcr ausw\u00e4rtige Angelegenheiten der Republik T\u00fcrkei<\/b><\/p>\n<ul>\n<li><strong>Webseite:&nbsp;<\/strong><a href=\"https:\/\/www.mfa.gov.tr\/default.en.mfa\" target=\"_blank\" rel=\"noopener\">Mfa.gov.tr\/<\/a><\/li>\n<li><strong>Tel:<\/strong>&nbsp;+90 (312) 292 10 00<\/li>\n<li><strong>Adresse:&nbsp;<\/strong>Dr. Sad\u0131k Ahmet Cad. No:8 Balgat \/ Ankara- Turkey 06100<\/li>\n<\/ul>\n<h2 style=\"text-align: left\" id=\"t-1620384469152\" data-alt-text=\"FAQ\">FAQ (H\u00e4ufige Fragen)<\/h2>\n<p><b>Diese Beitr\u00e4ge k\u00f6nnten euch auch interessieren:<\/b><\/p>\n<ul>\n<li><a href=\"https:\/\/antalyatouristinformation.com\/de\/einreise\/\">Einreise- und Visabestimmungen der T\u00fcrkei (f\u00fcr Touristen) \u2013 2021<\/a><\/li>\n<li><a href=\"https:\/\/antalyatouristinformation.com\/de\/einreise\/zoll\/\">Zollbestimmungen in der T\u00fcrkei<\/a><\/li>\n<\/ul>\n<p>Werft auch einen Blick auf die unten stehenden Links, um eure Reise zu planen.<\/p>\n","protected":false},"excerpt":{"rendered":"<p>Das ist unsere Schritt-f\u00fcr-Schritt-Anleitung f\u00fcr die Beantragung von E-Visas f\u00fcr die T\u00fcrkei. Hier lest ihr alles \u00fcber den Ablauf und welche Staatsangeh\u00f6rige ein E-Visum ben\u00f6tigen und berechtigt sind, ein E-Visum zu beantragen. Wir informieren euch auch \u00fcber die Zahlung und Alternativen f\u00fcr Staatsangeh\u00f6rige, die kein E-Visum beantragen d\u00fcrfen. Lasst uns mit den Grundlagen anfangen! Wer [&hellip;]<\/p>\n","protected":false},"author":5,"featured_media":6222,"parent":5277,"menu_order":0,"comment_status":"open","ping_status":"closed","template":"","meta":{"_acf_changed":false,"footnotes":""},"categories":[],"tags":[64],"class_list":["post-5300","page","type-page","status-publish","has-post-thumbnail","hentry","tag-entry","post-wrapper","thrv_wrapper"],"acf":[],"wp-worthy-pixel":{"ignored":false,"public":"c7aae7ba94ea49db9389b1a5f08ad941","server":"vg01.met.vgwort.de","url":"https:\/\/vg01.met.vgwort.de\/na\/c7aae7ba94ea49db9389b1a5f08ad941"},"wp-worthy-type":"normal","_links":{"self":[{"href":"https:\/\/antalyatouristinformation.com\/de\/wp-json\/wp\/v2\/pages\/5300","targetHints":{"allow":["GET"]}}],"collection":[{"href":"https:\/\/antalyatouristinformation.com\/de\/wp-json\/wp\/v2\/pages"}],"about":[{"href":"https:\/\/antalyatouristinformation.com\/de\/wp-json\/wp\/v2\/types\/page"}],"author":[{"embeddable":true,"href":"https:\/\/antalyatouristinformation.com\/de\/wp-json\/wp\/v2\/users\/5"}],"replies":[{"embeddable":true,"href":"https:\/\/antalyatouristinformation.com\/de\/wp-json\/wp\/v2\/comments?post=5300"}],"version-history":[{"count":10,"href":"https:\/\/antalyatouristinformation.com\/de\/wp-json\/wp\/v2\/pages\/5300\/revisions"}],"predecessor-version":[{"id":14983,"href":"https:\/\/antalyatouristinformation.com\/de\/wp-json\/wp\/v2\/pages\/5300\/revisions\/14983"}],"up":[{"embeddable":true,"href":"https:\/\/antalyatouristinformation.com\/de\/wp-json\/wp\/v2\/pages\/5277"}],"wp:featuredmedia":[{"embeddable":true,"href":"https:\/\/antalyatouristinformation.com\/de\/wp-json\/wp\/v2\/media\/6222"}],"wp:attachment":[{"href":"https:\/\/antalyatouristinformation.com\/de\/wp-json\/wp\/v2\/media?parent=5300"}],"wp:term":[{"taxonomy":"category","embeddable":true,"href":"https:\/\/antalyatouristinformation.com\/de\/wp-json\/wp\/v2\/categories?post=5300"},{"taxonomy":"post_tag","embeddable":true,"href":"https:\/\/antalyatouristinformation.com\/de\/wp-json\/wp\/v2\/tags?post=5300"}],"curies":[{"name":"wp","href":"https:\/\/api.w.org\/{rel}","templated":true}]}}