{"id":582,"date":"2021-02-24T08:23:56","date_gmt":"2021-02-24T07:23:56","guid":{"rendered":"http:\/\/antalyatouristinformation.com\/clone4639485xzhehsskdjfhhdhebdkkekdeewsd4545gdfgm\/?page_id=582"},"modified":"2024-01-18T17:26:13","modified_gmt":"2024-01-18T16:26:13","slug":"xanthos","status":"publish","type":"page","link":"https:\/\/antalyatouristinformation.com\/de\/sehenswurdigkeiten\/geschichte\/xanthos\/","title":{"rendered":"Xanthos: Der komplette Guide zur antiken Stadt in Antalya"},"content":{"rendered":"<p>Hier ist der komplette Guide zur antiken Stadt Xanthos in Ka\u015f.<\/p>\n<p>Xanthos war in der Antike die Hauptstadt des Lykischen Bundes.<\/p>\n<p>Erfahrt in diesem Beitrag alle wichtigen Informationen f\u00fcr den Besuch der antiken St\u00e4tte. Dazu geh\u00f6ren der Eintritt, die Anfahrt, h\u00e4ufige Fragen und die Geschichte von Xanthos.<\/p>\n<p>Lasst uns mit den Sehensw\u00fcrdigkeiten beginnen!<\/p>\n<p><span><img decoding=\"async\" alt=\"Xanthos Ancient City in Antalya in Turkey\" data-id=\"5687\" width=\"702\" data-init-width=\"1000\" height=\"468\" data-init-height=\"667\" title=\"Xanthos Ancient City in Antalya in Turkey\" loading=\"lazy\" src=\"https:\/\/antalyatouristinformation.com\/de\/wp-content\/uploads\/sites\/10\/2021\/05\/Xanthos-Ancient-City-in-Antalya-in-Turkey.jpg\" data-width=\"702\" data-height=\"468\" data-pinpro-key=\"jl93yu0hl\" data-pin-media=\"https:\/\/antalyatouristinformation.com\/de\/wp-content\/uploads\/sites\/10\/2021\/06\/Antalya-Pinterest-4-15.jpg\" data-pin-description=\"Guide zur antiken Stadt Xanthos in Antalya\" data-pin-url=\"https:\/\/antalyatouristinformation.com\/de\/things-to-do\/history\/xanthos\/?tve=true&amp;tcbf=50765cc306\"><\/span><\/p>\n<h2 id=\"t-1624888317170\" data-alt-text=\"Was kann ich machen?\">Was kann ich in Xanthos machen?<\/h2>\n<p>Die antike Stadt Xanthos ist durch eine kleine Schlucht in zwei Teile geteilt. Bereits wenige Meter, nachdem ihr die St\u00e4tte betreten habt, seht ihr die hellenistischen Stadtmauern. Sie wurden von den R\u00f6mern restauriert und sind gut erhalten.<\/p>\n<p>Hier sind einige Details, auf die ihr bei eurem Besuch der antiken Stadt Xanthos in Antalya achten solltet:<\/p>\n<h3>Stele von Xanthos mit lykischer Inschrift (Obelisk von Xanthos)<\/h3>\n<p>Die Stele liegt in der N\u00e4he der Agora und ist den zw\u00f6lf lykischen G\u00f6ttern gewidmet. Sie ist vierseitig und weist eine lange Inschrift in drei Sprachen auf: Lykisch, Altgriechisch und die ausgestorbene anatolische Sprache Milyanisch. Anhand der 12 Zeilen in Griechisch ist es m\u00f6glich, das Grabdenkmal dem lokalen K\u00f6nig Kherei zuzuschreiben. Er hatte einen wichtigen Sieg gegen die Athener errungen. In Hinblick auf die alten Sprachen ist die Stele ein \u00e4u\u00dferst wichtiger arch\u00e4ologischer Fund.<\/p>\n<h3>Agora<\/h3>\n<p>Die Agora war von S\u00e4uleng\u00e4ngen aus glatten S\u00e4ulen ums\u00e4umt. Ihr findet hier auch Ruinen einer byzantinischen Basilika. Drei der R\u00e4ume sind mit Mosaikb\u00f6den verziert. Die Basilika wurde w\u00e4hrend des Einfalls der Araber im 7. Jahrhundert zerst\u00f6rt.<\/p>\n<h3 id=\"t-1624888317171\">Harpyien-Monument<\/h3>\n<p>Au\u00dferhalb der Agora gibt es zwei weitere Grabdenkm\u00e4ler. Dazu geh\u00f6rt das etwa 7,5 Meter hohe Harpyien-Monument. Die originalen Reliefs wurden von Charles Fellows entfernt und sind heute im Britischen Museum zu sehen. Heute ersetzen sch\u00f6ne Abg\u00fcsse die Reliefs. Man vermutet, dass milesische Bildhauer die Reliefs im 5. Jahrhundert vor unserer Zeitrechnung anfertigten. Sie zeigen Opferszenen, in denen Harpyien, eine Sagengestalt aus der griechischen Mythologie, zu sehen sind. Andere Interpretationen gehen davon aus, dass sie Szenen des J\u00fcngsten Gerichts oder Bittgesuche an die lykischen Herrscher darstellen.<\/p>\n<h3>Theater<\/h3>\n<p>Das Theater neben den Grabmonumenten stammt aus der r\u00f6mischen Zeit, wahrscheinlich um das 2. Jahrhundert nach unserer Zeitrechnung. Ihr findet es neben der lykischen Akropolis. Das Theater besa\u00df einen gew\u00f6lbten Durchgang, der in das Innere f\u00fchrte. Heute sind nur noch die unteren Teile der Sitzabschnitte erhalten. Ihr k\u00f6nnt den mit S\u00e4ulen verzierten B\u00fchnenraum zum Teil besichtigen.<\/p>\n<h3>Die Lykische Akropolis<\/h3>\n<p>Die lykische Akropolis ist von einer steilen Felswand umgeben, die am Rand des Baches E\u015fen steht. Auf dem H\u00fcgel oberhalb des Flachlands k\u00f6nnt ihr die Ruinen des Lykischen Palastes entdecken. Gleich gegen\u00fcber liegt die r\u00f6mische Akropolis. Hier befinden sich \u00dcberbleibsel der byzantinischen Basilika, Felsengr\u00e4ber und das S\u00e4ulenmonument.<\/p>\n<h3>Nekropole<\/h3>\n<p>\u00dcberall in der Stadt verstreut k\u00f6nnt ihr Sarkophage und Felsengr\u00e4ber mit unterschiedlichen Reliefs und Abdeckungen auffinden.<\/p>\n<ul>\n<li><span>Die l\u00e4ngste Inschrift in<strong> lykischer Sprache<\/strong> befindet sich in Xanthos (Inschrift auf der Stele von Xanthos oder dem Obelisken von Xanthos).<\/span><\/li>\n<li><span>Die Stadt Xanthos besitzt eine sehr <strong>tragische Geschichte<\/strong>. Um nicht vom Feind gefangen genommen zu werden, brannten die Einwohner die Stadt nieder und t\u00f6teten sich selbst.<\/span><\/li>\n<li><span>1988 wurde Xanthos in die <strong>Liste des Weltkulturerbes<\/strong> aufgenommen. Grund daf\u00fcr ist die Einzigartigkeit der lykischen Zivilisation und die Bedeutung der Ausgrabungsfunde.<\/span><\/li>\n<\/ul>\n<p><span><img decoding=\"async\" alt=\"Tombs at Xanthos in Antalya in Turkey\" data-id=\"871\" width=\"702\" data-init-width=\"1000\" height=\"470\" data-init-height=\"670\" title=\"Tombs at Xanthos in Antalya in Turkey\" loading=\"lazy\" src=\"https:\/\/antalyatouristinformation.com\/de\/wp-content\/uploads\/sites\/10\/2021\/03\/xanthos-in-antalya.jpg\" data-width=\"702\" data-height=\"470\" data-pinpro-key=\"aiqk6fumd\" data-pin-media=\"https:\/\/antalyatouristinformation.com\/de\/wp-content\/uploads\/sites\/10\/2021\/06\/Antalya-Pinterest-4-15.jpg\" data-pin-description=\"Guide zur antiken Stadt Xanthos in Antalya\" data-pin-url=\"https:\/\/antalyatouristinformation.com\/de\/things-to-do\/history\/xanthos\/?tve=true&amp;tcbf=50765cc306\"><\/span><\/p>\n<h2 id=\"t-1624888317172\" data-alt-text=\"Eintritt, Tickets &amp; F\u00fchrungen\">Eintritt, Tickets und F\u00fchrungen<\/h2>\n<ul>\n<li><span><strong>Eintritt:<\/strong> Ihr k\u00f6nnt Xanthos vom 1. April bis 1. Oktober t\u00e4glich zwischen 10:00 und 19:00 Uhr sowie vom 2. Oktober bis 31. M\u00e4rz zwischen 08:30 und 17:30 Uhr besuchen.<\/span><\/li>\n<li><span><strong>Tickets:<\/strong> Tickets f\u00fcr sind vor Ort erh\u00e4ltlich.<\/span><\/li>\n<li><span><strong>Museumspass Akdeniz:&nbsp;<\/strong>Falls ihr den Museumspass Akdeniz habt, k\u00f6nnt ihr die antike Stadt kostenlos besuchen. Holt euch euren Museumspass hier.<\/span><\/li>\n<li><span><strong>Touren:&nbsp;<\/strong>Man kann den Besuch in Xanthos problemlos mit anderen antiken St\u00e4dten in der N\u00e4he kombinieren, zum Beispiel Patara und Letoon.<\/span><\/li>\n<\/ul>\n<ul>\n<li><span><strong>Tipp: <\/strong>Falls ihr Tickets f\u00fcr Vergn\u00fcgungsparks, Museen und Touren f\u00fcr eure Antalya-Reise vorab buchen m\u00f6chtet, solltet ihr unbedingt einen Blick auf die Angebote in unserem offiziellen Shop werfen<strong>.<\/strong><\/span><\/li>\n<\/ul>\n<p><span><img decoding=\"async\" alt=\"Road to Xanthos in Antalya in Turkey\" data-id=\"5689\" width=\"702\" data-init-width=\"1000\" height=\"468\" data-init-height=\"667\" title=\"Road to Xanthos in Antalya in Turkey\" loading=\"lazy\" src=\"https:\/\/antalyatouristinformation.com\/de\/wp-content\/uploads\/sites\/10\/2021\/05\/How-to-get-to-Xanthos-from-Antalya.jpg\" data-width=\"702\" data-height=\"468\" data-pinpro-key=\"6w1tyzcmr\" data-pin-media=\"https:\/\/antalyatouristinformation.com\/de\/wp-content\/uploads\/sites\/10\/2021\/06\/Antalya-Pinterest-4-15.jpg\" data-pin-description=\"Guide zur antiken Stadt Xanthos in Antalya\" data-pin-url=\"https:\/\/antalyatouristinformation.com\/de\/things-to-do\/history\/xanthos\/?tve=true&amp;tcbf=50765cc306\"><\/span><\/p>\n<h2 id=\"t-1624888317173\" data-alt-text=\"Anfahrt\">Wie komme ich von Antalya, Fethiye und Ka\u015f nach Xanthos?<\/h2>\n<p>Xanthos liegt auf einem H\u00fcgel in der N\u00e4he des Dorfes K\u0131n\u0131k. Es befindet sich in einer sch\u00f6nen nat\u00fcrlichen Lage mit Blick auf den E\u015fen-Bach.<\/p>\n<p>Die antike Stadt Xanthos ist 45 km von Ka\u015f, 20 km von Kalkan, 65 km von Fethiye und 235 km von Antalya entfernt.<\/p>\n<ul>\n<li><b>Mit dem Auto:<\/b> Falls ihr mit einem Mietwagen anreist, k\u00f6nnt ihr der Schnellstra\u00dfe D400 von Antalya folgen. Mehr dazu: <a href=\"https:\/\/antalyatouristinformation.com\/de\/plan\/mietwagen\/\">Mietwagen in Antalya<\/a>.<\/li>\n<li><b><a href=\"https:\/\/antalyatouristinformation.com\/de\/offentlicher-verkehr\/\">\u00d6ffentlicher Verkehr<\/a><b>:<\/b><\/b> Von Ka\u015f und Kalkan aus k\u00f6nnt ihr einen der &#8222;K\u0131n\u0131k&#8220; Minibusse (Dolmu\u015f) nehmen.<\/li>\n<li><strong>Von Fethiye aus<\/strong> nehmt ihr einen der &#8222;Kalkan \/ Ka\u015f&#8220;-Busse und steigt in K\u0131n\u0131k aus. Von dort geht man ca. 800-1000 Meter zur antiken Stadt.<\/li>\n<\/ul>\n<p><span><img decoding=\"async\" alt=\"Ruins of Ancient Theater at Xanthos in Antalya in Turkey\" data-id=\"5691\" width=\"702\" data-init-width=\"1000\" height=\"468\" data-init-height=\"667\" title=\"Ruins of Ancient Theater at Xanthos in Antalya in Turkey\" loading=\"lazy\" src=\"https:\/\/antalyatouristinformation.com\/de\/wp-content\/uploads\/sites\/10\/2021\/05\/Ruins-of-ancient-theatyer-in-Xanthos-in-Turkey.jpg\" data-width=\"702\" data-height=\"468\" data-pinpro-key=\"l1fhce5oh\" data-pin-media=\"https:\/\/antalyatouristinformation.com\/de\/wp-content\/uploads\/sites\/10\/2021\/06\/Antalya-Pinterest-4-15.jpg\" data-pin-description=\"Guide zur antiken Stadt Xanthos in Antalya\" data-pin-url=\"https:\/\/antalyatouristinformation.com\/de\/things-to-do\/history\/xanthos\/?tve=true&amp;tcbf=50765cc306\"><\/span><\/p>\n<h2 id=\"t-1624888317174\" data-alt-text=\"Hotels \">Hotels in der N\u00e4he von Xanthos<\/h2>\n<p>Hier sind 4 Hotels in der N\u00e4he der antiken Stadt Xanthos. Die Umgebung ist sehr ruhig und inmitten der Natur. Es gibt hier nicht viele luxuri\u00f6se Resorts, sondern viel mehr bescheidene und komfortable Unterk\u00fcnfte. Zur Auswahl stehen die Ortschaften Ka\u015f, Kalkan, oder Patara:<\/p>\n<ul>\n<li><strong>Akay Hotel:<\/strong> Das Akay Hotel liegt etwa 9 km von der antiken Stadt Xanthos entfernt. Die preisg\u00fcnstige und komfortable Unterkunft besitzt eine g\u00fcnstige Lage. Das Hotel bietet gute Annehmlichkeiten f\u00fcr Reisende. <u>Adresse<\/u>: Patara mah, Cumhuriyet Meydan\u0131, Patara<\/li>\n<li><strong>Xanthos Boutique Hotel Patara:<\/strong> Das Hotel liegt direkt am Strand in der N\u00e4he der Ruinen von Patara. Es gibt einen kostenlosen Shuttle-Service zum Strand. <u>Adresse<\/u>: Gedik Mevkii No.: 5, Gelemi\u015f K\u00f6y\u00fc Gelemi\u015f K\u00f6y\u00fc, Ka\u015f<\/li>\n<li><strong>Asfiya Sea View Hotel: <\/strong>Asfiya Sea View Hotel ist eine gute Option f\u00fcr Reisende, die Kalkan besuchen. Das Hotel bietet eine sch\u00f6ne Umgebung, sowie viele Einrichtungen, die euren Aufenthalt angenehmer machen. <u>Adresse<\/u>: Akdeniz Cd, Kalkan<\/li>\n<li><strong>Samira Exclusive Hotel &amp; Apartments:<\/strong> Das Samira Hotel Kalkan liegt nahe der antiken Stadt Xanthos. W\u00e4hrend eures Aufenthaltes k\u00f6nnt ihr die vielen Erlebnisse genie\u00dfen, die Kalkan zu bieten hat. <u>Adresse<\/u>: Mentese Mahallesi, Sehitler Caddesi, Kalkan<\/li>\n<\/ul>\n<p><span><img decoding=\"async\" alt=\"Tombs at Xanthos Ancient Site in Antalya in Turkey\" data-id=\"869\" width=\"702\" data-init-width=\"1000\" height=\"470\" data-init-height=\"670\" title=\"Tombs at Xanthos Ancient Site in Antalya in Turkey\" loading=\"lazy\" src=\"https:\/\/antalyatouristinformation.com\/de\/wp-content\/uploads\/sites\/10\/2021\/03\/Xanthos-anc-city-in-antalya-in-turkey.jpg\" data-width=\"702\" data-height=\"470\" data-pinpro-key=\"ycymrkngd\" data-pin-media=\"https:\/\/antalyatouristinformation.com\/de\/wp-content\/uploads\/sites\/10\/2021\/06\/Antalya-Pinterest-4-15.jpg\" data-pin-description=\"Guide zur antiken Stadt Xanthos in Antalya\" data-pin-url=\"https:\/\/antalyatouristinformation.com\/de\/things-to-do\/history\/xanthos\/?tve=true&amp;tcbf=50765cc306\"><\/span><\/p>\n<h2 id=\"t-1619536480890\" data-alt-text=\"FAQ\">FAQ (H\u00e4ufige Fragen)<\/h2>\n<p><span><img decoding=\"async\" alt=\"Theatre at Xanthos in Antalya in Turkey\" data-id=\"867\" width=\"702\" data-init-width=\"1000\" height=\"470\" data-init-height=\"670\" title=\"Theatre at Xanthos in Antalya in Turkey\" loading=\"lazy\" src=\"https:\/\/antalyatouristinformation.com\/de\/wp-content\/uploads\/sites\/10\/2021\/03\/theatre-in-xanthos-in-antalya-in-turkey.jpg\" data-width=\"702\" data-height=\"470\" data-pinpro-key=\"eswmyyxif\" data-pin-media=\"https:\/\/antalyatouristinformation.com\/de\/wp-content\/uploads\/sites\/10\/2021\/06\/Antalya-Pinterest-4-15.jpg\" data-pin-description=\"Guide zur antiken Stadt Xanthos in Antalya\" data-pin-url=\"https:\/\/antalyatouristinformation.com\/de\/things-to-do\/history\/xanthos\/?tve=true&amp;tcbf=50765cc306\"><\/span><\/p>\n<h2 id=\"t-1624888317175\" data-alt-text=\"Geschichte\">Geschichte von Xanthos<\/h2>\n<p>Im 2. Jahrhundert vor unserer Zeitrechnung war Xanthos die Hauptstadt des Lykischen Bundes. Sie wurde 42 vor unserer Zeitrechnung von Brutus Truppen zerst\u00f6rt. Kaiser Marcus Antonius lie\u00df die Stadt anschlie\u00dfend wieder aufbauen. Im 1. Jahrhundert wurde Xanthos unter r\u00f6mischer Herrschaft bis zur Zeit des Kaisers Vespasian weiter ausgebaut. Der Gro\u00dfteil der erhalten gebliebenen r\u00f6mischen Bauten wurde zur Zeit Vespasians errichtet.<\/p>\n<p>Die ersten Untersuchungen \u00fcber Xanthos wurden im Jahr 1838 von Charles Fellows durchgef\u00fchrt, der Xanthos entdeckte. Er entfernte Reliefplatten und andere gro\u00dfe architektonische Fragmente. Anschlie\u00dfend brachte er sie mit einem Kriegsschiff, das in Patara anlegte, nach London. Unter ihnen befinden sich das Nereiden-Monument, das Harpyien-Monument und das L\u00f6wengrab. Heute sind viele Artefakte der antiken Stadt Xanthos in der Lykien-Halle des Britischen Museums ausgestellt. Mit diesen Artefakten stellte Charles Fellows die lykische Zivilisation der Welt vor und erweckte ein gro\u00dfes Interesse an der lykischen Zivilisation.<\/p>\n<p>1950 nahmen franz\u00f6sische Arch\u00e4ologen die Ausgrabungen wieder auf. Sie wurden von Prof. Dr. Burhan Vark\u0131van\u00e7 durchgef\u00fchrt.<\/p>\n<p>Aufgrund der Einzigartigkeit der lykischen Zivilisation und der Wichtigkeit der Ausgrabungsfunde wurde die arch\u00e4ologische St\u00e4tte von Xanthos in die Liste des UNESCO-Weltkulturerbes aufgenommen.<\/p>\n<h2 id=\"t-1624888317176\">Kontakt<\/h2>\n<ul>\n<li><span><strong>Adresse:&nbsp;<\/strong>K\u0131n\u0131k Mahallesi, Fethiye Karayolu<\/span><\/li>\n<li><span><strong>\u00d6ffnungszeiten: <\/strong>In der Sommersaison von 10:00 bis 19:00 Uhr; in der Wintersaison von 08:30 bis 17:30 Uhr.<\/span><\/li>\n<li><span><strong>\u00d6ffentlicher Verkehr:<\/strong> Erreichbar mit den &#8222;K\u0131n\u0131k&#8220;-Minibussen von Ka\u015f und Kalkan.<\/span><\/li>\n<\/ul>\n","protected":false},"excerpt":{"rendered":"<p>Hier ist der komplette Guide zur antiken Stadt Xanthos in Ka\u015f. Xanthos war in der Antike die Hauptstadt des Lykischen Bundes. Erfahrt in diesem Beitrag alle wichtigen Informationen f\u00fcr den Besuch der antiken St\u00e4tte. Dazu geh\u00f6ren der Eintritt, die Anfahrt, h\u00e4ufige Fragen und die Geschichte von Xanthos. Lasst uns mit den Sehensw\u00fcrdigkeiten beginnen! Was kann [&hellip;]<\/p>\n","protected":false},"author":5,"featured_media":5684,"parent":119,"menu_order":0,"comment_status":"open","ping_status":"closed","template":"","meta":{"_acf_changed":false,"footnotes":""},"categories":[],"tags":[43,42,46],"class_list":["post-582","page","type-page","status-publish","has-post-thumbnail","hentry","tag-antiquity","tag-history","tag-unesco","post-wrapper","thrv_wrapper"],"acf":[],"wp-worthy-pixel":{"ignored":false,"public":"c7766a57b75e4ae7abe42ef2cf5db73a","server":"vg01.met.vgwort.de","url":"https:\/\/vg01.met.vgwort.de\/na\/c7766a57b75e4ae7abe42ef2cf5db73a"},"wp-worthy-type":"normal","_links":{"self":[{"href":"https:\/\/antalyatouristinformation.com\/de\/wp-json\/wp\/v2\/pages\/582","targetHints":{"allow":["GET"]}}],"collection":[{"href":"https:\/\/antalyatouristinformation.com\/de\/wp-json\/wp\/v2\/pages"}],"about":[{"href":"https:\/\/antalyatouristinformation.com\/de\/wp-json\/wp\/v2\/types\/page"}],"author":[{"embeddable":true,"href":"https:\/\/antalyatouristinformation.com\/de\/wp-json\/wp\/v2\/users\/5"}],"replies":[{"embeddable":true,"href":"https:\/\/antalyatouristinformation.com\/de\/wp-json\/wp\/v2\/comments?post=582"}],"version-history":[{"count":10,"href":"https:\/\/antalyatouristinformation.com\/de\/wp-json\/wp\/v2\/pages\/582\/revisions"}],"predecessor-version":[{"id":14737,"href":"https:\/\/antalyatouristinformation.com\/de\/wp-json\/wp\/v2\/pages\/582\/revisions\/14737"}],"up":[{"embeddable":true,"href":"https:\/\/antalyatouristinformation.com\/de\/wp-json\/wp\/v2\/pages\/119"}],"wp:featuredmedia":[{"embeddable":true,"href":"https:\/\/antalyatouristinformation.com\/de\/wp-json\/wp\/v2\/media\/5684"}],"wp:attachment":[{"href":"https:\/\/antalyatouristinformation.com\/de\/wp-json\/wp\/v2\/media?parent=582"}],"wp:term":[{"taxonomy":"category","embeddable":true,"href":"https:\/\/antalyatouristinformation.com\/de\/wp-json\/wp\/v2\/categories?post=582"},{"taxonomy":"post_tag","embeddable":true,"href":"https:\/\/antalyatouristinformation.com\/de\/wp-json\/wp\/v2\/tags?post=582"}],"curies":[{"name":"wp","href":"https:\/\/api.w.org\/{rel}","templated":true}]}}