{"id":6833,"date":"2021-05-13T22:58:07","date_gmt":"2021-05-13T20:58:07","guid":{"rendered":"https:\/\/antalyatouristinformation.com\/clone4639485xzhehsskdjfhhdhebdkkekdeewsd4545gdfgm\/?page_id=6833"},"modified":"2023-04-27T12:54:14","modified_gmt":"2023-04-27T10:54:14","slug":"klettern","status":"publish","type":"page","link":"https:\/\/antalyatouristinformation.com\/de\/sehenswurdigkeiten\/klettern\/","title":{"rendered":"4 besten Orte zum Klettern in Antalya [+FAQ]"},"content":{"rendered":"<p>Antalya ist ber\u00fchmt f\u00fcr Str\u00e4nde, Resort-Hotels und antike Ruinen.<\/p>\n<p>Doch an der K\u00fcste und im Taurusgebirge gibt es in Antalya einzigartige Orte zum Klettern.<\/p>\n<p>Hier lest ihr alles \u00fcber verf\u00fcgbare Kletterm\u00f6glichkeiten in Antalya, Dinge, die ihr wissen solltet und h\u00e4ufig gestellte Fragen.<\/p>\n<p>Fangen wir mit den besten Orten zum Klettern an.<\/p>\n<h2 id=\"t-1622185341730\">1. Geyikbayiri<\/h2>\n<p><span><img decoding=\"async\" alt=\"Geyikbayiri in Antalya in Turkey\" data-id=\"9388\" width=\"702\" data-init-width=\"1000\" height=\"470\" data-init-height=\"667\" title=\"Geyikbayiri in Antalya in Turkey\" loading=\"lazy\" src=\"https:\/\/antalyatouristinformation.com\/de\/wp-content\/uploads\/sites\/10\/2021\/05\/Geyikbayiri-in-Antalya-in-Turkey.jpg\" data-width=\"702\" data-height=\"470\" data-pin-media=\"https:\/\/antalyatouristinformation.com\/de\/wp-content\/uploads\/sites\/10\/2021\/06\/prag_50_sehenswuerdigkeiten_pinterest-5-3.jpg\" data-pin-description=\"4 Best Spots for Climbing in Antalya [+FAQ]\" data-pin-url=\"https:\/\/antalyatouristinformation.com\/de\/sehenswurdigkeiten\/klettern\/?tve=true&amp;tcbf=598932571c\"><\/span><\/p>\n<p>Eines der <strong>gr\u00f6\u00dften Sportklettergebiete der T\u00fcrkei liegt 15 Kilometer von Antalya <\/strong>entfernt. In <strong>Geyikbayiri<\/strong> findet ihr <strong>\u00fcber 1000 Routen<\/strong>, die alle professionell gebolzt sind. Das l\u00e4ndliche Berggebiet inmitten von Oliven-, Granatapfel- und Orangenhainen hat mit Routen aller Schwierigkeitsgrade f\u00fcr jeden etwas zu bieten. In dem <strong>Kalkgestein<\/strong> habt ihr abwechslungsreiche Kletterm\u00f6glichkeiten. Das Tal ist in zwei Hautsektoren geteilt, eine lange S\u00fcd- und eine lange Nordwestwand. Daneben gibt es kleinere Sektoren mit unterschiedlicher Ausrichtung.<\/p>\n<p>An den <strong>Felsen, die Richtung S\u00fcden zeigen<\/strong>, wird es <strong>im Sommer sehr hei\u00df<\/strong>, da sie direkter Sonnenbestrahlung ausgesetzt sind. Der Sektor Trebenna zeigt nach <strong>Norden.<\/strong> Hier k\u00f6nnt ihr <strong>in den hei\u00dfen Monaten<\/strong> gut klettern, da das Gebiet im Schatten liegt. Die Routen sind <strong>relativ schwierig<\/strong>, da sie steil und \u00fcberh\u00e4ngend sind. Kletterer ab dem 7. Grad werden dieses Gebiet bevorzugen.<\/p>\n<p>Direkt im Klettergebiet k\u00f6nnt ihr <strong>kleine Holzbungalows mieten<\/strong>. Verschiedene Camps stehen zur Verf\u00fcgung, unter anderem Josito Camp, Peak guesthouse, Climbers Garden, Kezbans Camping, um nur einige zu nennen.<\/p>\n<ul>\n<li><span><strong>Tipp: <\/strong>In der N\u00e4he von Geyikbayiri liegt das gr\u00f6\u00dfte Skigebiet der Region. F\u00fcr weitere Informationen werft doch einen Blick in unseren Guide zum <a href=\"https:\/\/antalyatouristinformation.com\/de\/saklikent-skifahren\/\">Sakl\u0131kent Ski Resort<strong>.<\/strong><\/a><\/span><\/li>\n<\/ul>\n<h2 id=\"t-1622205817949\"><span style=\"color: var(--tcb-skin-color-4);font-family: Montserrat;font-size: 26px\">2. \u00c7\u0131ral\u0131<\/span><\/h2>\n<p><span><img decoding=\"async\" alt=\"Olympos \u00c7irali in Antalya in Turkey\" data-id=\"9391\" width=\"702\" data-init-width=\"1000\" height=\"468\" data-init-height=\"667\" title=\"Olympos \u00c7irali in Antalya in Turkey\" loading=\"lazy\" src=\"https:\/\/antalyatouristinformation.com\/de\/wp-content\/uploads\/sites\/10\/2021\/05\/Olympos-Cirali-in-Antalya-in-Turkey.jpg\" data-width=\"702\" data-height=\"468\" data-pinpro-key=\"ebut81tgh\" data-pin-media=\"https:\/\/antalyatouristinformation.com\/de\/wp-content\/uploads\/sites\/10\/2021\/06\/prag_50_sehenswuerdigkeiten_pinterest-5-3.jpg\" data-pin-description=\"4 Best Spots for Climbing in Antalya [+FAQ]\" data-pin-url=\"https:\/\/antalyatouristinformation.com\/de\/sehenswurdigkeiten\/klettern\/?tve=true&amp;tcbf=598932571c\"><\/span><\/p>\n<p><strong>In der N\u00e4he von Olympos<\/strong>, bei \u00c7\u0131ral\u0131, liegt ein weiteres Klettergebiet. Hier findet ihr <strong>\u00fcber 250 Routen auf Kalkstein <\/strong>in allen Schwierigkeitsgraden.<\/p>\n<p>Ihr klettert hier an Platten mit kleinen Taschen, die technische, balancierende Z\u00fcge erfordern, bis hin zu Tufas und riesigen D\u00e4chern. Einige der Felsen sind nur ein paar hundert Meter vom Strand entfernt. In diesem Gebiet gibt es auch mehrere W\u00e4nde, die f\u00fcr Deep Water Soloing (DWS) geeignet sind, da das Meer tief genug ist, um Routen von 8 bis 35 m L\u00e4nge zu versuchen. Diese W\u00e4nde k\u00f6nnt ihr mit dem Boot erreichen.<\/p>\n<ul>\n<li><span><strong>Mehr lesen<\/strong> \u00fcber die <a href=\"https:\/\/antalyatouristinformation.com\/de\/sehenswurdigkeiten\/geschichte\/olympos\/\">antike Stadt Olympos<\/a> und den <a href=\"https:\/\/antalyatouristinformation.com\/de\/sehenswurdigkeiten\/strand\/olympos\/\">Olympos Strand<\/a>.<\/span><\/li>\n<\/ul>\n<h2 id=\"t-1622185341732\">3. \u00c7itdibi<\/h2>\n<p><span><img decoding=\"async\" alt=\"\u00c7itdibi in Antalya in Turkey\" data-id=\"9395\" width=\"702\" data-init-width=\"1000\" height=\"470\" data-init-height=\"667\" title=\"\u00c7itdibi in Antalya in Turkey\" loading=\"lazy\" src=\"https:\/\/antalyatouristinformation.com\/de\/wp-content\/uploads\/sites\/10\/2021\/05\/Citdibi-in-Antalya-in-Turkey.jpg\" data-width=\"702\" data-height=\"470\" data-pin-media=\"https:\/\/antalyatouristinformation.com\/de\/wp-content\/uploads\/sites\/10\/2021\/06\/prag_50_sehenswuerdigkeiten_pinterest-5-3.jpg\" data-pin-description=\"4 Best Spots for Climbing in Antalya [+FAQ]\" data-pin-url=\"https:\/\/antalyatouristinformation.com\/de\/sehenswurdigkeiten\/klettern\/?tve=true&amp;tcbf=598932571c\"><\/span><\/p>\n<p><strong>\u00c7itdibi ist eines der j\u00fcngsten Klettergebiete der T\u00fcrkei.<\/strong> Der auf circa <strong>1000 Meter H\u00f6he gelegene Felsen<\/strong> befindet sich <strong>40 Kilometer s\u00fcd\u00f6stlich von Antalya<\/strong>. Direkt unter dem Kletterfelsen und am S\u00fcdfu\u00df des 2.649 Meter hohen Tun\u00e7-Berges liegt das Masal Refuge, von dem aus die Klettertouren starten. Ihr findet hier momentan 56 erschlossene Routen unterschiedlichen Schwierigkeitsgrades. Der Berg ist nach Osten ausgerichtet und liegt nur in den Morgenstunden in der Sonne.<\/p>\n<p>Das Gebiet ist in <strong>verschiedene Sektoren gegliedert<\/strong>. Im <b>rechten Sektor<\/b> findet ihr Tuffstein auf 140 Meter hohem Fels mit blauen und orangefarbenen Streifen. Der <b>linke Sektor<\/b> hingegen ist nicht so farbenfroh, hier klettert ihr auf Graten und Felsen. Im Fr\u00fchjahr ist diese Seite durch das herabtropfende Wasser oft schmutzig.<\/p>\n<p>Der <b>Ma\u011fara<\/b> \u2013 H\u00f6hle \u2013 genannte Sektor bietet euch steile, sportliche Kletterrouten mit Schwierigkeitsgraden zwischen 7a+ und 8b+. Im <b>roten Felssektor<\/b> sind die Routen senkrecht und oft leicht \u00fcberh\u00e4ngend, sie f\u00fchren euch \u00fcber roten und orangefarbenen Fels, der wie roter Marmor aussieht. Selbst im Winter und Fr\u00fchjahr ist es hier immer trocken. Die Schwierigkeitsgrade liegen zwischen 6a+ und 8a.<\/p>\n<p>Der <b>\u015eelale<\/b> \u2013<a href=\"https:\/\/antalyatouristinformation.com\/de\/sehenswurdigkeiten\/wasserfalle\/\">Wasserfall<\/a>&#8211; genannte Sektor ist bisher nur wenig erschlossen. Lediglich im unteren Bereich findet ihr Routen leichten und mittleren Schwierigkeitsgrades.<\/p>\n<ul>\n<li><span>Weitere Abenteuer findet ihr in unserem Artikel \u00fcber den <a href=\"https:\/\/antalyatouristinformation.com\/de\/sehenswurdigkeiten\/canyon\/goynuk-canyon\/\">Gony\u00fck Canyon in Demre<\/a> und die <a href=\"https:\/\/antalyatouristinformation.com\/de\/sehenswurdigkeiten\/kemer\/\">Sehensw\u00fcrdigkeiten in Kemer.<\/a><\/span><\/li>\n<\/ul>\n<h2 id=\"t-1622185341733\">4. Akyarlar<\/h2>\n<p>Etwa <strong>15 Kilometer s\u00fcdwestlich von Antlaya<\/strong> liegt das Klettergebiet Akyarlar. Hier klettert ihr auf Kalkfelsen. Es gibt <strong>circa 20 Routen<\/strong> mit Schwierigkeitsgraden zwischen 5+ und 8+. Alle Routen sind gut bebolzt und gesichert. Zu Beginn der Routen liegen meist sehr runde Auflegergriffe mit Bouldercharakter, danach wird der Fels zunehmend rauer und steiler.<\/p>\n<p>Am <strong>Strand von Akyarlar <\/strong>liegt auch ein Felsen mit der M\u00f6glichkeit zum <strong>Bouldern und Routenklettern<\/strong>. Die meisten Einstiege sind sehr hart und glatt geschliffen, hier m\u00fcsst ihr gut aufpassen!<\/p>\n<p><span><img decoding=\"async\" alt=\"Climbing Courses in Antalya in Turkey\" data-id=\"9393\" width=\"702\" data-init-width=\"1000\" height=\"470\" data-init-height=\"667\" title=\"Climbing Courses in Antalya in Turkey\" loading=\"lazy\" src=\"https:\/\/antalyatouristinformation.com\/de\/wp-content\/uploads\/sites\/10\/2021\/05\/Climbing-Courses-in-Antalya-in-Turkey.jpg\" data-width=\"702\" data-height=\"470\" data-pin-media=\"https:\/\/antalyatouristinformation.com\/de\/wp-content\/uploads\/sites\/10\/2021\/06\/prag_50_sehenswuerdigkeiten_pinterest-5-3.jpg\" data-pin-description=\"4 Best Spots for Climbing in Antalya [+FAQ]\" data-pin-url=\"https:\/\/antalyatouristinformation.com\/de\/sehenswurdigkeiten\/klettern\/?tve=true&amp;tcbf=598932571c\"><\/span><\/p>\n<h2 id=\"t-1625746170953\">5. Kletterkurse in Antalya<\/h2>\n<p>Die meisten Kletterkurse werden <strong>in dem Gebiet von Geyikbayiri<\/strong> abgehalten. Hier k\u00f6nnt ihr an Kursen f\u00fcr Anf\u00e4nger oder Fortgeschrittene teilnehmen oder einfach nur eure Klettertechnik verbessern.<\/p>\n<p>Falls ihr ein mehrt\u00e4giges Camp bucht, sind meistens Ausfl\u00fcge in die Umgebung enthalten. Die Kletterausr\u00fcstung m\u00fcsst ihr mitbringen. Fehlende Teile k\u00f6nnt ihr in der Regel vor Ort kaufen.<\/p>\n<h2 id=\"t-1625746170952\">6. FAQ&nbsp;<\/h2>\n<h2 id=\"t-1622185341736\">7. Fazit<\/h2>\n<p>In der Region Antalya gibt es zahlreiche M\u00f6glichkeiten zum Bergsteigen. Das gr\u00f6\u00dfte Klettergebiet Geyikbayiri liegt nur 15 Kilometer von Antalya entfernt. Hier findet ihr Kletterrouten aller Schwierigkeitsgrade und jeden Niveaus.<\/p>\n<p>Aufgrund des mediterranen Klimas beginnt in Antalya die <strong>beste Saison zum Klettern Anfang September und geht bis Ende Mai<\/strong>. In den Sommermonaten ist es zu hei\u00df und feucht. In den zahlreichen Canyons der Region bieten sich euch M\u00f6glichkeiten zum gef\u00fchrten Canyoning oder Wandern.<\/p>\n<p>Mehr Informationen zu <a href=\"https:\/\/antalyatouristinformation.com\/de\/sport\/\">Sport in Antalya <\/a>findet ihr in unseren Guides:<\/p>\n<ul>\n<li>der komplette Guide zu <a href=\"https:\/\/antalyatouristinformation.com\/de\/sehenswurdigkeiten\/rafting\/\">Rafting in Antalya<\/a>&nbsp;<\/li>\n<li>der komplette Guide zu <a href=\"https:\/\/antalyatouristinformation.com\/de\/sehenswurdigkeiten\/canyoning\/\">Canyoning in Antalya<\/a>&nbsp;<\/li>\n<li>der komplette Guide zu <a href=\"https:\/\/antalyatouristinformation.com\/de\/sehenswurdigkeiten\/wandern\/\">Wandern in Antalya <\/a><\/li>\n<li>der komplette Guide zu <a href=\"https:\/\/antalyatouristinformation.com\/de\/sehenswurdigkeiten\/tandem-paragliding\/\">Tandem Paragliding in Antalya<\/a>&nbsp;<\/li>\n<\/ul>\n","protected":false},"excerpt":{"rendered":"<p>Antalya ist ber\u00fchmt f\u00fcr Str\u00e4nde, Resort-Hotels und antike Ruinen. Doch an der K\u00fcste und im Taurusgebirge gibt es in Antalya einzigartige Orte zum Klettern. Hier lest ihr alles \u00fcber verf\u00fcgbare Kletterm\u00f6glichkeiten in Antalya, Dinge, die ihr wissen solltet und h\u00e4ufig gestellte Fragen. Fangen wir mit den besten Orten zum Klettern an. 1. Geyikbayiri Eines der [&hellip;]<\/p>\n","protected":false},"author":6,"featured_media":8224,"parent":113,"menu_order":0,"comment_status":"open","ping_status":"closed","template":"","meta":{"_acf_changed":false,"footnotes":""},"categories":[],"tags":[61,69],"class_list":["post-6833","page","type-page","status-publish","has-post-thumbnail","hentry","tag-nature","tag-sports","post-wrapper","thrv_wrapper"],"acf":[],"wp-worthy-pixel":{"ignored":false,"public":null,"server":null,"url":null},"wp-worthy-type":"normal","_links":{"self":[{"href":"https:\/\/antalyatouristinformation.com\/de\/wp-json\/wp\/v2\/pages\/6833","targetHints":{"allow":["GET"]}}],"collection":[{"href":"https:\/\/antalyatouristinformation.com\/de\/wp-json\/wp\/v2\/pages"}],"about":[{"href":"https:\/\/antalyatouristinformation.com\/de\/wp-json\/wp\/v2\/types\/page"}],"author":[{"embeddable":true,"href":"https:\/\/antalyatouristinformation.com\/de\/wp-json\/wp\/v2\/users\/6"}],"replies":[{"embeddable":true,"href":"https:\/\/antalyatouristinformation.com\/de\/wp-json\/wp\/v2\/comments?post=6833"}],"version-history":[{"count":10,"href":"https:\/\/antalyatouristinformation.com\/de\/wp-json\/wp\/v2\/pages\/6833\/revisions"}],"predecessor-version":[{"id":14960,"href":"https:\/\/antalyatouristinformation.com\/de\/wp-json\/wp\/v2\/pages\/6833\/revisions\/14960"}],"up":[{"embeddable":true,"href":"https:\/\/antalyatouristinformation.com\/de\/wp-json\/wp\/v2\/pages\/113"}],"wp:featuredmedia":[{"embeddable":true,"href":"https:\/\/antalyatouristinformation.com\/de\/wp-json\/wp\/v2\/media\/8224"}],"wp:attachment":[{"href":"https:\/\/antalyatouristinformation.com\/de\/wp-json\/wp\/v2\/media?parent=6833"}],"wp:term":[{"taxonomy":"category","embeddable":true,"href":"https:\/\/antalyatouristinformation.com\/de\/wp-json\/wp\/v2\/categories?post=6833"},{"taxonomy":"post_tag","embeddable":true,"href":"https:\/\/antalyatouristinformation.com\/de\/wp-json\/wp\/v2\/tags?post=6833"}],"curies":[{"name":"wp","href":"https:\/\/api.w.org\/{rel}","templated":true}]}}