{"id":7600,"date":"2021-05-10T17:32:49","date_gmt":"2021-05-10T15:32:49","guid":{"rendered":"https:\/\/antalyatouristinformation.com\/clone4639485xzhehsskdjfhhdhebdkkekdeewsd4545gdfgm\/?page_id=7600"},"modified":"2025-05-30T10:28:28","modified_gmt":"2025-05-30T08:28:28","slug":"retreats","status":"publish","type":"page","link":"https:\/\/antalyatouristinformation.com\/de\/sehenswurdigkeiten\/retreats\/","title":{"rendered":"Beliebte Arten von Retreats in Antalya und der T\u00fcrkei [2025]"},"content":{"rendered":"<p>Das ist unser Guide f\u00fcr beliebte Arten von Retreats in Antalya und der T\u00fcrkei.<\/p>\n<p>Die T\u00fcrkei bietet ein sicheres Umfeld mit idyllischen Orten, professionellem Personal und einer gleichgesinnten Community.<\/p>\n<p>Das macht die T\u00fcrkei zu einem sehr guten Ziel f\u00fcr eine Vielzahl von Retreats.<\/p>\n<p>Wir verraten euch hier die besten Arten von Retreats in der T\u00fcrkei,&nbsp; von Yoga Retreats \u00fcber Meditations-Retreats bis hin zu Sport Retreats.<\/p>\n<p>F\u00fcr spezielle, individuelle W\u00fcnsche oder weitere Fragen f\u00fcllt bitte unser Formular unten aus.<\/p>\n<p>Los geht\u2019s!<\/p>\n<h2 id=\"t-1622105023128\">1. Yoga Retreats<\/h2>\n<p><span><img decoding=\"async\" alt=\"Yoga Retreats in Antalya in Turkey\" data-id=\"9267\" width=\"702\" data-init-width=\"1000\" height=\"369\" data-init-height=\"667\" title=\"Yoga Retreats in Antalya in Turkey\" loading=\"lazy\" src=\"https:\/\/antalyatouristinformation.com\/de\/wp-content\/uploads\/sites\/10\/2021\/05\/Yoga-Retreats-in-Antalya-in-Turkey.jpg\" data-width=\"702\" data-height=\"369\" style=\"aspect-ratio: auto 1000 \/ 667\" data-pin-media=\"https:\/\/antalyatouristinformation.com\/de\/wp-content\/uploads\/sites\/10\/2021\/06\/prag_50_sehenswuerdigkeiten_pinterest-5-5.jpg\" data-pin-description=\"Beliebte Arten von Retreats in Antalya und der T\u00fcrkei [2021]\" data-pin-url=\"https:\/\/antalyatouristinformation.com\/de\/sehenswurdigkeiten\/retreats\/?tve=true&amp;tcbf=e83c96ca39\"><\/p>\n<ul>\n<li><a rel=\"nofollow\" href=\"https:\/\/pinterest.com\/pin\/create\/button\/?url=https:\/\/antalyatouristinformation.com\/de\/sehenswurdigkeiten\/retreats\/?tve=true&amp;tcbf=3c052dd3e9&amp;is_video=false&amp;media=https:\/\/antalyatouristinformation.com\/de\/wp-content\/uploads\/sites\/10\/2021\/06\/prag_50_sehenswuerdigkeiten_pinterest-5-5.jpg&amp;description=Beliebte%20Arten%20von%20Retreats%20in%20Antalya%20und%20der%20T%C3%BCrkei%20%5B2021%5D\" target=\"_blank\"><span><\/span><span>Pin<\/span><\/a><\/li>\n<\/ul>\n<p><\/span><\/p>\n<p>Yoga Retreats bieten euch die Chance, gemeinsam mit Gleichgesinnten neue Energie zu tanken und eure innere Welt wieder ins Gleichgewicht zu bringen. Bei den Yoga-Kursen werdet ihr von professionellen Yogalehrern unterst\u00fctzt. Zusammen arbeitet ihr daran, Geist, K\u00f6rper und Seele zu heilen.<\/p>\n<p>Yoga Retreats werden in der T\u00fcrkei immer beliebter. Einer der beliebtesten Orte f\u00fcr Yoga Retreats in der T\u00fcrkei ist die Region Antalya. Mit ihrer idyllischen Natur und den sch\u00f6nen Str\u00e4nden ist sie ein sehr gutes Ziel f\u00fcr Retreats. Andere beliebte Reiseziele sind Bodrum, Marmaris und Fethiye.<\/p>\n<p>Innerhalb eures Yoga Retreats stehen euch in der Regel weitere Kurse zur Auswahl. Dazu geh\u00f6ren Meditation, Pilates, gesunde Ern\u00e4hrung, Wellness oder Aktivit\u00e4ten wie Wassersport, Trekking oder Radfahren.<\/p>\n<p>F\u00fcr weitere Informationen \u00fcber <a href=\"https:\/\/antalyatouristinformation.com\/de\/sehenswurdigkeiten\/retreats\/yoga\/\">Yoga Retreats in Antalya und der T\u00fcrkei<\/a>, besucht unseren Guide oder f\u00fcllt <strong>unser Formular am Ende der Seite<\/strong> aus.<\/p>\n<h2 id=\"t-1622105023129\">2. Sport Retreats&nbsp;<\/h2>\n<p><span><img decoding=\"async\" alt=\"Play Golf in Belek in Antalya\" data-id=\"8295\" width=\"702\" data-init-width=\"1000\" height=\"468\" data-init-height=\"667\" title=\"Play Golf in Belek in Antalya\" loading=\"lazy\" src=\"https:\/\/antalyatouristinformation.com\/de\/wp-content\/uploads\/sites\/10\/2021\/05\/Play-Golf-in-Belek-in-Antalya.jpg\" data-width=\"702\" data-height=\"468\" style=\"aspect-ratio: auto 1000 \/ 667\" data-pinpro-key=\"wxigtt4kf\" data-pin-media=\"https:\/\/antalyatouristinformation.com\/de\/wp-content\/uploads\/sites\/10\/2021\/06\/prag_50_sehenswuerdigkeiten_pinterest-5-5.jpg\" data-pin-description=\"Beliebte Arten von Retreats in Antalya und der T\u00fcrkei [2021]\" data-pin-url=\"https:\/\/antalyatouristinformation.com\/de\/sehenswurdigkeiten\/retreats\/?tve=true&amp;tcbf=e83c96ca39\"><\/span><\/p>\n<p>Falls ihr euch eher f\u00fcr Vitalit\u00e4t, Fitness und Sport interessiert als f\u00fcr Spiritualit\u00e4t, dann sind Sport Retreats genau richtig f\u00fcr euch! Die T\u00fcrkei lockt mit einer Reihe von Optionen &#8211; von einer Sportwoche in den Bergen bis hin zu einem personalisierten Trainingsprogramm f\u00fcr Wassersport.<\/p>\n<p>Ihr k\u00f6nnt zum Beispiel eine Woche lang mit der <b>Erkundung der bunten Unterwasserwelt der T\u00fcrkei<\/b> verbringen. Ihr findet einige der besten Tauchgebiete und lizenzierte Tauchschulen in dem Badeort Ka\u015f, das reich an Meeresbewohner und antiken Relikten ist. Mehr dazu: <a href=\"https:\/\/antalyatouristinformation.com\/de\/sehenswurdigkeiten\/tauchen\/\">Tauchen in Antalya.<\/a><\/p>\n<p>Adrenalin-Fans k\u00f6nnen dagegen eine abenteuerliche Woche mit Rafting, Canyoning oder Wandern in den Schluchten der T\u00fcrkei verbringen. Viele der ber\u00fchmtesten Canyons liegen in der Provinz Antalya. Werft auch einen Blick in unseren Guide \u00fcber <a href=\"https:\/\/antalyatouristinformation.com\/de\/sehenswurdigkeiten\/rafting\/\">Rafting in Antalya<\/a>, <a href=\"https:\/\/antalyatouristinformation.com\/de\/sehenswurdigkeiten\/canyoning\/\">Canyoning in Antalya<\/a> und <a href=\"https:\/\/antalyatouristinformation.com\/de\/sehenswurdigkeiten\/wandern\/\">Wandern in Antalya<\/a>.<\/p>\n<p>Falls ihr auf der Suche nach einer eher entspannten Sportart seid, dann ist ein <a href=\"https:\/\/antalyatouristinformation.com\/de\/sehenswurdigkeiten\/golf\/golfplatze\/\">Golf Retreat in Belek<\/a> die richtige Wahl f\u00fcr euch. Nicht grundlos ist Belek ein weltbekannter Hotspot f\u00fcr Golfer.<\/p>\n<p>Es gibt viele weitere M\u00f6glichkeiten, wie ein Fitness- oder Tanz-Retreat. F\u00fcr weitere Details schickt uns eine Anfrage \u00fcber unser <a href=\"https:\/\/antalyatouristinformation.com\/de\/kontakt\/\">Formular<\/a>.<\/p>\n<h2 id=\"t-1622105023130\" data-alt-text=\"3. Wellness &amp; Ern\u00e4hrungs-Retreats\">3. Wellness &amp; Ern\u00e4hrungs-\/ Gewichtsverlust-Retreats<\/h2>\n<p><span><img decoding=\"async\" alt=\"Wellness &amp; Diet Retreats in Antalya in Turkey\" data-id=\"9269\" width=\"702\" data-init-width=\"1000\" height=\"470\" data-init-height=\"667\" title=\"Wellness &amp; Diet Retreats in Antalya in Turkey\" loading=\"lazy\" src=\"https:\/\/antalyatouristinformation.com\/de\/wp-content\/uploads\/sites\/10\/2021\/05\/Wellness-Diet-Retreats-in-Antalya-in-Turkey.jpg\" data-width=\"702\" data-height=\"470\" style=\"aspect-ratio: auto 1000 \/ 667\" data-pin-media=\"https:\/\/antalyatouristinformation.com\/de\/wp-content\/uploads\/sites\/10\/2021\/06\/prag_50_sehenswuerdigkeiten_pinterest-5-5.jpg\" data-pin-description=\"Beliebte Arten von Retreats in Antalya und der T\u00fcrkei [2021]\" data-pin-url=\"https:\/\/antalyatouristinformation.com\/de\/sehenswurdigkeiten\/retreats\/?tve=true&amp;tcbf=e83c96ca39\"><\/p>\n<ul>\n<li><a rel=\"nofollow\" href=\"https:\/\/pinterest.com\/pin\/create\/button\/?url=https:\/\/antalyatouristinformation.com\/de\/sehenswurdigkeiten\/retreats\/?tve=true&amp;tcbf=3c052dd3e9&amp;is_video=false&amp;media=https:\/\/antalyatouristinformation.com\/de\/wp-content\/uploads\/sites\/10\/2021\/06\/prag_50_sehenswuerdigkeiten_pinterest-5-5.jpg&amp;description=Beliebte%20Arten%20von%20Retreats%20in%20Antalya%20und%20der%20T%C3%BCrkei%20%5B2021%5D\" target=\"_blank\"><span><\/span><span>Pin<\/span><\/a><\/li>\n<\/ul>\n<p><\/span><\/p>\n<p>Bei einem Wellness-Retreat liegt der Fokus ganz auf eure Gesundheit und euer Wohlbefinden. Die meisten Retreats kombinieren Entschlackungskuren wie Detox mit Fitness, Massagen, Spa- und Sch\u00f6nheitsbehandlungen.<\/p>\n<p>Die Entschlackungskuren reichen von einer Fl\u00fcssigdi\u00e4t mit frischen S\u00e4ften bis hin zu einer Di\u00e4t mit ausgewogener, gesunder Ern\u00e4hrung. Die Spas decken dagegen eine Vielzahl von Behandlungen f\u00fcr den K\u00f6rper und Geist ab.<\/p>\n<p>In der T\u00fcrkei ist vor allem die <strong>Kombination aus Detox und Spa <\/strong>beliebt. Dank der Kombination kann man gleichzeitig den K\u00f6rper in Form bringen und einen luxuri\u00f6sen Urlaub genie\u00dfen. Je nachdem, was euer Hauptaugenmerk ist (Gewichtsverlust, Entgiftung oder Beauty\/ gesundes Altern) k\u00f6nnt ihr aus einer gro\u00dfen Vielfalt von Wellness Retreats in der T\u00fcrkei w\u00e4hlen.<\/p>\n<p><a href=\"https:\/\/antalyatouristinformation.com\/de\/kontakt\/\"><strong>Kontaktiert uns<\/strong><\/a>, wenn ihr ein wohltuendes Retreat in den besten Einrichtungen in der T\u00fcrkei buchen m\u00f6chtet.<\/p>\n<h2 id=\"t-1622105023131\" data-alt-text=\"4. Thermal Retreats\">4. Thermalkuren (Thermal Retreats)<\/h2>\n<p><span><img decoding=\"async\" alt=\"Thermal Retreats in Antalya in Turkey\" data-id=\"9272\" width=\"702\" data-init-width=\"1000\" height=\"468\" data-init-height=\"667\" title=\"Thermal Retreats in Antalya in Turkey\" loading=\"lazy\" src=\"https:\/\/antalyatouristinformation.com\/de\/wp-content\/uploads\/sites\/10\/2021\/05\/Thermal-Retreats-in-Antalya-in-Turkey.jpg\" data-width=\"702\" data-height=\"468\" style=\"aspect-ratio: auto 1000 \/ 667\" data-pin-media=\"https:\/\/antalyatouristinformation.com\/de\/wp-content\/uploads\/sites\/10\/2021\/06\/prag_50_sehenswuerdigkeiten_pinterest-5-5.jpg\" data-pin-description=\"Beliebte Arten von Retreats in Antalya und der T\u00fcrkei [2021]\" data-pin-url=\"https:\/\/antalyatouristinformation.com\/de\/sehenswurdigkeiten\/retreats\/?tve=true&amp;tcbf=e83c96ca39\" data-pinpro-key=\"l95jrfm9x\"><\/span><\/p>\n<p>In der T\u00fcrkei gibt es \u00fcber 1000 Thermalquellen. Dem nat\u00fcrlichen Thermalwasser wird je nach Eigenschaft eine heilende Wirkung bei Krankheiten wie Rheuma, Herz-Kreislauf-St\u00f6rungen, Nackenschmerzen, Haut- und Nervenleiden und Darmbeschwerden nachgesagt.Kein Wunder, dass die T\u00fcrkei eines der ber\u00fchmtesten Reiseziele f\u00fcr Thermalkuren ist. Bei einem Thermalurlaub k\u00f6nnt ihr unter fachkundiger Betreuung von den nat\u00fcrlichen Heilkr\u00e4ften des Thermalwassers profitieren.<\/p>\n<p><b>Hier ist eine Liste mit den ber\u00fchmtesten Orten mit Thermalquellen in der T\u00fcrkei:<\/b><\/p>\n<ul>\n<li><b><a href=\"https:\/\/antalyatouristinformation.com\/de\/sehenswurdigkeiten\/geschichte\/pamukkale\/\">Pamukkale<\/a><b>:<\/b><\/b> UNESCO-Weltkulturerbe, ber\u00fchmt f\u00fcr wei\u00dfe Kalkterrassen und antike hei\u00dfe Quellen.<\/li>\n<li><b>Afyon:<\/b> Einer der f\u00fchrenden Kurorte mit Thermalquellen in der T\u00fcrkei.<\/li>\n<li><b>Yalova&nbsp;<\/b><b>(im Nordwesten der T\u00fcrkei):<\/b> Liegt an der Ostk\u00fcste des Marmarameeres.<\/li>\n<li><b>\u00c7e\u015fme<\/b>: Beliebter Badeort an der \u00c4g\u00e4is-K\u00fcste in der N\u00e4he von Izmir. Ber\u00fchmte Quellen findet ihr in \u015eifne und Il\u0131ca.<\/li>\n<li><b>Ilgin (in der Provinz Konya):<\/b> Die Thermalquellen sind reich an Kalzium, Hydrocarbonat und Natrium.<\/li>\n<li><b>Cekirge (in Bursa):<\/b> Hei\u00dfe Quellen, bekannt als &#8222;Silberwasser&#8220;, sind reich an Schwefel, Magnesium und Eisen.<\/li>\n<li><b>Bal\u0131kl\u0131 (in der Provinz Sivas):<\/b> In den Thermalquellen von Bal\u0131kl\u0131 schwimmen kleine Fische. Ihnen wird nachgesagt, dass sie Schuppenflechte heilen.<\/li>\n<li><b>Kestanbol (bei \u00c7anakkale):<\/b> Die Thermalquellen sind reich an Kalzium, Natrium, Eisen und Kohlendioxid.<\/li>\n<li><b>Oylat:<\/b> Charmantes Dorf in der N\u00e4he der Stadt Bursa; das Thermalwasser ist trinkbar.<\/li>\n<li><b>Gazlig\u00f6l (in der N\u00e4he der Stadt Afyon):<\/b> Die Thermalquellen sind reich an Kohlendioxid, Natriumbicarbonat, Natriumchlorid und Fluorid<\/li>\n<\/ul>\n<p>Falls ihr ein Thermal Retreat in der T\u00fcrkei buchen m\u00f6chtet, <a href=\"https:\/\/antalyatouristinformation.com\/de\/kontakt\/\">kontaktiert uns<\/a> einfach \u00fcber unser Formular. Wir finden den passenden Thermalort, der auf eure Bed\u00fcrfnisse und euer Budget zugeschnitten ist.<\/p>\n<h2 id=\"t-1622105023136\">5. Massage Retreats<\/h2>\n<p><span><img decoding=\"async\" alt=\"Massage Retreats in Antalya in Turkey\" data-id=\"9270\" width=\"702\" data-init-width=\"1000\" height=\"470\" data-init-height=\"667\" title=\"Massage Retreats in Antalya in Turkey\" loading=\"lazy\" src=\"https:\/\/antalyatouristinformation.com\/de\/wp-content\/uploads\/sites\/10\/2021\/05\/Massage-Retreats-in-Antalya-in-Turkey.jpg\" data-width=\"702\" data-height=\"470\" style=\"aspect-ratio: auto 1000 \/ 667\" data-pin-media=\"https:\/\/antalyatouristinformation.com\/de\/wp-content\/uploads\/sites\/10\/2021\/06\/prag_50_sehenswuerdigkeiten_pinterest-5-5.jpg\" data-pin-description=\"Beliebte Arten von Retreats in Antalya und der T\u00fcrkei [2021]\" data-pin-url=\"https:\/\/antalyatouristinformation.com\/de\/sehenswurdigkeiten\/retreats\/?tve=true&amp;tcbf=e83c96ca39\"><\/p>\n<ul>\n<li><a rel=\"nofollow\" href=\"https:\/\/pinterest.com\/pin\/create\/button\/?url=https:\/\/antalyatouristinformation.com\/de\/sehenswurdigkeiten\/retreats\/?tve=true&amp;tcbf=3c052dd3e9&amp;is_video=false&amp;media=https:\/\/antalyatouristinformation.com\/de\/wp-content\/uploads\/sites\/10\/2021\/06\/prag_50_sehenswuerdigkeiten_pinterest-5-5.jpg&amp;description=Beliebte%20Arten%20von%20Retreats%20in%20Antalya%20und%20der%20T%C3%BCrkei%20%5B2021%5D\" target=\"_blank\"><span><\/span><span>Pin<\/span><\/a><\/li>\n<\/ul>\n<p><\/span><\/p>\n<p>In der T\u00fcrkei gibt es Massage Retreats f\u00fcr Einheimische und Ausl\u00e4nder. Bei dem Retreat-Urlaub habt ihr die M\u00f6glichkeit, verschiedene Massagearten kennen zu lernen und die unterschiedlichen Massagetechniken zu erlernen.<\/p>\n<p>Zus\u00e4tzlich gibt es auch Massage Retreats f\u00fcr professionelle Masseure.<\/p>\n<p>Die Massage Retreats erfreuen sich in der T\u00fcrkei immer gr\u00f6\u00dferer Beliebtheit. Deshalb wird erwartet, dass in Zukunft mehr solcher Retreats in englischer Sprache f\u00fcr Ausl\u00e4nder angeboten werden.<\/p>\n<h2 id=\"t-1622105023133\" data-alt-text=\"6. Healing Retreats \">6. Healing Retreats (Heilungs-Retreats)<\/h2>\n<p><span><img decoding=\"async\" alt=\"Yoga Retreats in Antalya Region in Turkey\" data-id=\"7343\" width=\"702\" data-init-width=\"1200\" height=\"470\" data-init-height=\"630\" title=\"Yoga Retreats in Antalya Region in Turkey\" loading=\"lazy\" src=\"https:\/\/antalyatouristinformation.com\/de\/wp-content\/uploads\/sites\/10\/2021\/05\/Yoga-Retreats-in-Antalya-Region-in-Turkey.jpg\" data-width=\"702\" data-height=\"470\" style=\"aspect-ratio: auto 1200 \/ 630\" data-pin-media=\"https:\/\/antalyatouristinformation.com\/de\/wp-content\/uploads\/sites\/10\/2021\/06\/prag_50_sehenswuerdigkeiten_pinterest-5-5.jpg\" data-pin-description=\"Beliebte Arten von Retreats in Antalya und der T\u00fcrkei [2021]\" data-pin-url=\"https:\/\/antalyatouristinformation.com\/de\/sehenswurdigkeiten\/retreats\/?tve=true&amp;tcbf=e83c96ca39\"><\/p>\n<ul>\n<li><a rel=\"nofollow\" href=\"https:\/\/pinterest.com\/pin\/create\/button\/?url=https:\/\/antalyatouristinformation.com\/de\/sehenswurdigkeiten\/retreats\/?tve=true&amp;tcbf=3c052dd3e9&amp;is_video=false&amp;media=https:\/\/antalyatouristinformation.com\/de\/wp-content\/uploads\/sites\/10\/2021\/06\/prag_50_sehenswuerdigkeiten_pinterest-5-5.jpg&amp;description=Beliebte%20Arten%20von%20Retreats%20in%20Antalya%20und%20der%20T%C3%BCrkei%20%5B2021%5D\" target=\"_blank\"><span><\/span><span>Pin<\/span><\/a><\/li>\n<\/ul>\n<p><\/span><\/p>\n<p>Die sogenannten Healing Retreats, oder Heilungs-Retreats auf Deutsch, sind derzeit sehr beliebt. In solchen Retreats spielt Entschleunigung eine wichtige Rolle. Zudem lernt ihr jahrhundertealte asiatische Gesundheitslehren. Sie werden euch dabei helfen, die Selbstheilungsmechanismen eures K\u00f6rpers zu unterst\u00fctzen.<\/p>\n<p>Ihr k\u00f6nnt aus einer Vielzahl von Heilungs-Retreat-Arten w\u00e4hlen. Zu den ber\u00fchmtesten geh\u00f6ren Qigong-Retreats, Tai Chi oder Reiki-Healing-Retreats.<\/p>\n<p>Eines der bekanntesten Heilungs-Retreats in der T\u00fcrkei befindet sich in Dalyan. <a href=\"https:\/\/antalyatouristinformation.com\/de\/kontakt\/\">Wir helfen euch gerne weiter<\/a>, falls ihr Fragen zu dem Thema habt.<\/p>\n<h2 id=\"t-1622105023134\">7. Meditation-Retreats&nbsp;<\/h2>\n<p><span><img decoding=\"async\" alt=\"How to book a Yoga Retreat in Turkey\" data-id=\"7349\" width=\"702\" data-init-width=\"1000\" height=\"468\" data-init-height=\"667\" title=\"How to book a Yoga Retreat in Turkey\" loading=\"lazy\" src=\"https:\/\/antalyatouristinformation.com\/de\/wp-content\/uploads\/sites\/10\/2021\/05\/How-to-book-a-Yoga-Retreat-in-Turkey.jpg\" data-width=\"702\" data-height=\"468\" style=\"aspect-ratio: auto 1000 \/ 667\" data-pin-media=\"https:\/\/antalyatouristinformation.com\/de\/wp-content\/uploads\/sites\/10\/2021\/06\/prag_50_sehenswuerdigkeiten_pinterest-5-5.jpg\" data-pin-description=\"Beliebte Arten von Retreats in Antalya und der T\u00fcrkei [2021]\" data-pin-url=\"https:\/\/antalyatouristinformation.com\/de\/sehenswurdigkeiten\/retreats\/?tve=true&amp;tcbf=e83c96ca39\"><\/p>\n<ul>\n<li><a rel=\"nofollow\" href=\"https:\/\/pinterest.com\/pin\/create\/button\/?url=https:\/\/antalyatouristinformation.com\/de\/sehenswurdigkeiten\/retreats\/?tve=true&amp;tcbf=3c052dd3e9&amp;is_video=false&amp;media=https:\/\/antalyatouristinformation.com\/de\/wp-content\/uploads\/sites\/10\/2021\/06\/prag_50_sehenswuerdigkeiten_pinterest-5-5.jpg&amp;description=Beliebte%20Arten%20von%20Retreats%20in%20Antalya%20und%20der%20T%C3%BCrkei%20%5B2021%5D\" target=\"_blank\"><span><\/span><span>Pin<\/span><\/a><\/li>\n<\/ul>\n<p><\/span><\/p>\n<p>Bei einem Meditations-Retreat kommt ihr in Kontakt mit eurer spirituellen Seite. Ihr vertieft und festigt eure Meditation, lernt neue Techniken kennen und k\u00f6nnt euren Geist und K\u00f6rper ins Gleichgewicht bringen.<\/p>\n<p>Immer mehr Meditations-Retreats in der T\u00fcrkei w\u00e4hlen daf\u00fcr Orte inmitten der Natur. Derzeit sind in der T\u00fcrkei \u201estille Retreats\u201c, die die Meditationstechnik Vipassana anbieten, sehr beliebt. Ihr findet welche in der N\u00e4he von Fethiye und Ayd\u0131n. Wendet euch f\u00fcr weitere Informationen gerne <a href=\"https:\/\/antalyatouristinformation.com\/de\/kontakt\/\">an unser Team<\/a>.<\/p>\n<h2 id=\"t-1625559211462\">Anfrageformular<\/h2>\n<p>\u00dcber dieses Formular k\u00f6nnt ihr uns detailliert mitteilen, wonach ihr sucht.<\/p>\n<p>Die Angabe eurer Reisedaten, die Art des gew\u00fcnschten Retreat-Urlaubs, euer ungef\u00e4hres Budget und eure Erwartungen k\u00f6nnen unserem Team sehr hilfreich sein.<\/p>\n<p>Anhand der Information kann euch unser Team die besten in der T\u00fcrkei verf\u00fcgbaren und auf eure Bed\u00fcrfnisse zugeschnittenen Retreats schicken.<\/p>\n<p><strong>F\u00fcr weitere Beitr\u00e4ge \u00fcber <a href=\"https:\/\/antalyatouristinformation.com\/de\/sport\/\">Sport in Antalya<\/a>, werft einen Blick in unseren Guide.<\/strong><\/p>\n","protected":false},"excerpt":{"rendered":"<p>Das ist unser Guide f\u00fcr beliebte Arten von Retreats in Antalya und der T\u00fcrkei. Die T\u00fcrkei bietet ein sicheres Umfeld mit idyllischen Orten, professionellem Personal und einer gleichgesinnten Community. Das macht die T\u00fcrkei zu einem sehr guten Ziel f\u00fcr eine Vielzahl von Retreats. Wir verraten euch hier die besten Arten von Retreats in der T\u00fcrkei,&nbsp; [&hellip;]<\/p>\n","protected":false},"author":5,"featured_media":9265,"parent":113,"menu_order":0,"comment_status":"open","ping_status":"closed","template":"","meta":{"_acf_changed":false,"footnotes":""},"categories":[],"tags":[72],"class_list":["post-7600","page","type-page","status-publish","has-post-thumbnail","hentry","tag-retreat","post-wrapper","thrv_wrapper"],"acf":[],"wp-worthy-pixel":{"ignored":false,"public":"2a4e3be4345c40ffbad7d92c54dea692","server":"vg01.met.vgwort.de","url":"https:\/\/vg01.met.vgwort.de\/na\/2a4e3be4345c40ffbad7d92c54dea692"},"wp-worthy-type":"normal","_links":{"self":[{"href":"https:\/\/antalyatouristinformation.com\/de\/wp-json\/wp\/v2\/pages\/7600","targetHints":{"allow":["GET"]}}],"collection":[{"href":"https:\/\/antalyatouristinformation.com\/de\/wp-json\/wp\/v2\/pages"}],"about":[{"href":"https:\/\/antalyatouristinformation.com\/de\/wp-json\/wp\/v2\/types\/page"}],"author":[{"embeddable":true,"href":"https:\/\/antalyatouristinformation.com\/de\/wp-json\/wp\/v2\/users\/5"}],"replies":[{"embeddable":true,"href":"https:\/\/antalyatouristinformation.com\/de\/wp-json\/wp\/v2\/comments?post=7600"}],"version-history":[{"count":10,"href":"https:\/\/antalyatouristinformation.com\/de\/wp-json\/wp\/v2\/pages\/7600\/revisions"}],"predecessor-version":[{"id":16591,"href":"https:\/\/antalyatouristinformation.com\/de\/wp-json\/wp\/v2\/pages\/7600\/revisions\/16591"}],"up":[{"embeddable":true,"href":"https:\/\/antalyatouristinformation.com\/de\/wp-json\/wp\/v2\/pages\/113"}],"wp:featuredmedia":[{"embeddable":true,"href":"https:\/\/antalyatouristinformation.com\/de\/wp-json\/wp\/v2\/media\/9265"}],"wp:attachment":[{"href":"https:\/\/antalyatouristinformation.com\/de\/wp-json\/wp\/v2\/media?parent=7600"}],"wp:term":[{"taxonomy":"category","embeddable":true,"href":"https:\/\/antalyatouristinformation.com\/de\/wp-json\/wp\/v2\/categories?post=7600"},{"taxonomy":"post_tag","embeddable":true,"href":"https:\/\/antalyatouristinformation.com\/de\/wp-json\/wp\/v2\/tags?post=7600"}],"curies":[{"name":"wp","href":"https:\/\/api.w.org\/{rel}","templated":true}]}}