{"id":7989,"date":"2021-05-27T11:57:40","date_gmt":"2021-05-27T09:57:40","guid":{"rendered":"https:\/\/antalyatouristinformation.com\/clone4639485xzhehsskdjfhhdhebdkkekdeewsd4545gdfgm\/?page_id=7989"},"modified":"2023-05-03T09:59:56","modified_gmt":"2023-05-03T07:59:56","slug":"saklikent-skifahren","status":"publish","type":"page","link":"https:\/\/antalyatouristinformation.com\/de\/saklikent-skifahren\/","title":{"rendered":"Skifahren in Antalya: Sakl\u0131kent Ski Resort"},"content":{"rendered":"<p>Urlauber sind meist \u00fcberrascht, dass es in Antalya ein Skigebiet gibt.<\/p>\n<p>Schlie\u00dflich ist Antalya eigentlich als Ziel f\u00fcr Strandurlaube bekannt.<\/p>\n<p>Doch in Sakl\u0131kent, nur <strong>35<\/strong><strong>&nbsp;km von der Provinzhauptstadt Antalya entfernt<\/strong>, gibt es Skih\u00e4nge. Das erm\u00f6glicht in der Wintersaison eine Kombination aus einem Tag auf der Skipiste, dem Strand und Wellness im Hotel-Spa.<\/p>\n<p>Hier lest ihr alles \u00fcber das Skifahren in Sakl\u0131kent inklusive Pisten, Ausr\u00fcstung und h\u00e4ufig gestellte Fragen.<\/p>\n<p><span><img decoding=\"async\" alt=\"Guide to Skiing at Sakl\u0131kent in Turkey\" data-id=\"8260\" width=\"702\" data-init-width=\"1000\" height=\"470\" data-init-height=\"667\" title=\"Guide to Skiing at Sakl\u0131kent in Turkey\" loading=\"lazy\" src=\"https:\/\/antalyatouristinformation.com\/de\/wp-content\/uploads\/sites\/10\/2021\/05\/Guide-to-Skiing-at-Saklikent-in-Turkey.jpg\" data-width=\"702\" data-height=\"470\" data-pin-media=\"https:\/\/antalyatouristinformation.com\/de\/wp-content\/uploads\/sites\/10\/2021\/06\/prag_50_sehenswuerdigkeiten_pinterest-9-4.jpg\" data-pin-description=\"Guide to Sakl\u0131kent Ski Resort | Antalya Tourist Information\" data-pin-url=\"https:\/\/antalyatouristinformation.com\/de\/saklikent-skifahren\/?tve=true&amp;tcbf=598932571c\"><\/span><\/p>\n<h2 id=\"t-1625747097551\" data-alt-text=\"Guide zum Skifahren \">Guide zum Skifahren in Sakl\u0131kent<\/h2>\n<p>Obwohl auch im Winter Hunderte von Touristen nach Antalya kommen, gehen doch nur wenige zu dem <strong>Bakirilidagi<\/strong>, dem <strong>fast 2.550 Meter hohen \u201eKupferberg\u201c<\/strong>. Daher bleibt Sakl\u0131kent genau das, was sein Name verspricht, die \u201eversteckte Stadt\u201c. Unter der Woche findet ihr hier oft menschenleere Pisten und auch am Wochenende bleibt der gro\u00dfe Ansturm meistens aus.<\/p>\n<p>Das zum Dorf Sakl\u0131kent geh\u00f6rende Wintersportgebiet liegt auf einer H\u00f6he von 1.850 bis 2.547 Metern im Taurusgebirge. Das Skizentrum besteht aus einem Skigebiet mit Pensionen, einem Hotel, <strong>3 Skiliften und 10 Pistenkilometern.<\/strong><\/p>\n<p>Die Saison beginnt <strong>Mitte Dezember und geht bis Ende M\u00e4rz, Anfang April<\/strong>. Im Schnitt betr\u00e4gt die Schneeh\u00f6he 100-200 Zentimeter, in den k\u00e4ltesten Monaten kann sie bis zu 4 Meter erreichen.<\/p>\n<p>Wollt ihr sehen, wie es vor Ort aussieht? Hier k\u00f6nnt ihr Sakl\u0131kent von <a href=\"https:\/\/tr.snow-forecast.com\/resorts\/Saklikent\/webcams\/latest.\" target=\"_blank\" rel=\"noopener\">10 verschiedenen Webcams <\/a>aus sehen.<\/p>\n<p><span><img decoding=\"async\" alt=\"Slopes at Sakl\u0131kent Skiing Resort in Antalya\" data-id=\"8262\" width=\"702\" data-init-width=\"1000\" height=\"470\" data-init-height=\"667\" title=\"Slopes at Sakl\u0131kent Skiing Resort in Antalya\" loading=\"lazy\" src=\"https:\/\/antalyatouristinformation.com\/de\/wp-content\/uploads\/sites\/10\/2021\/05\/Slopes-at-Saklikent-Skiing-Resort-in-Antalya.jpg\" data-width=\"702\" data-height=\"470\" data-pin-media=\"https:\/\/antalyatouristinformation.com\/de\/wp-content\/uploads\/sites\/10\/2021\/06\/prag_50_sehenswuerdigkeiten_pinterest-9-4.jpg\" data-pin-description=\"Guide to Sakl\u0131kent Ski Resort | Antalya Tourist Information\" data-pin-url=\"https:\/\/antalyatouristinformation.com\/de\/saklikent-skifahren\/?tve=true&amp;tcbf=598932571c\"><\/span><\/p>\n<h2 id=\"t-1625747097552\" data-alt-text=\"Abfahrten\">Abfahrten im Sakl\u0131kent Ski Resort<\/h2>\n<p>Die insgesamt 10 Pistenkilometer in Sakl\u0131kent bestehen zur H\u00e4lfte aus 5 Pistenkilometer, die ihr auch als Anf\u00e4nger gut benutzen k\u00f6nnt. Von den restlichen 5 Pistenkilometern sind in etwa 30 Prozent als mittelschwer eingestuft, die verbleibenden 2 Kilometer gelten als schwer. <strong>Die Pisten sind pr\u00e4pariert<\/strong>; fahren abseits der Pisten ist nicht gestattet. M\u00f6glichkeiten zum Tiefschneefahren findet ihr hier nur sehr begrenzt.<\/p>\n<ul>\n<li><span><strong><b>Rote Piste:<\/b> <\/strong>Die Piste ist etwa 4.000 Meter lang und f\u00fcr professionelle Skifahrer geeignet. Sie beginnt an der Spitze des Berges, zu der der Sessellift f\u00fchrt. Hier trefft ihr auf viele steile Abh\u00e4nge sowie harte Kurven. &nbsp;<\/span><\/li>\n<li><span><strong><b>Schwarze Piste:<\/b> <\/strong>Die Piste beginnt in der Mitte des Berges bei der Zwischenstation und ist insgesamt 1.500 Meter lang. Ihr oberer Teil ist mit der roten Piste verbunden. Es gibt keine Kurven, doch der Abhang ist sehr steil.<\/span><\/li>\n<li><span><b>Blaue Piste:<\/b> Diese Piste hat eine L\u00e4nge von 1.500 Metern. Ihr k\u00f6nnt sie mit dem Saklibel-Lift erreichen. Sie wird von Ski- und Snowboardfahrern benutzt. Der Hang f\u00e4llt sanft ab und wird in der Regel zum Training genutzt, ohne in eine professionelle Piste \u00fcberzugehen.<\/span><\/li>\n<li><span><b>Gelbe Piste:<\/b> Der Babylift f\u00fchrt zu der gelben Piste, die 300 Meter lang ist und zu Trainings- und Ausbildungszwecken genutzt wird.<\/span><\/li>\n<li><span><b>Rodelpiste:<\/b> Die Piste neben dem Sessellift ist f\u00fcr Schlittenfahrer reserviert. Ihr d\u00fcrft sie nur mit den in der Anlage gemieteten Schlitten benutzten.<\/span><\/li>\n<\/ul>\n<p><span><img decoding=\"async\" alt=\"Charilifts and T-Bar-Skilifts in Saklikent Antalya\" data-id=\"8266\" width=\"702\" data-init-width=\"1000\" height=\"470\" data-init-height=\"667\" title=\"Charilifts and T-Bar-Skilifts in Saklikent Antalya\" loading=\"lazy\" src=\"https:\/\/antalyatouristinformation.com\/de\/wp-content\/uploads\/sites\/10\/2021\/05\/Charilifts-and-T-Bar-Skilifts-in-Saklikent-Antalya.jpg\" data-width=\"702\" data-height=\"470\" data-pin-media=\"https:\/\/antalyatouristinformation.com\/de\/wp-content\/uploads\/sites\/10\/2021\/06\/prag_50_sehenswuerdigkeiten_pinterest-9-4.jpg\" data-pin-description=\"Guide to Sakl\u0131kent Ski Resort | Antalya Tourist Information\" data-pin-url=\"https:\/\/antalyatouristinformation.com\/de\/saklikent-skifahren\/?tve=true&amp;tcbf=598932571c\"><\/span><\/p>\n<h2 id=\"t-1620995119798\" data-alt-text=\"Skilifts\">Sessellift und T-Bar-Skilift<\/h2>\n<p>Insgesamt gibt es <strong>drei Lifte in Sakl\u0131kent<\/strong>. Die gesamte Liftstrecke betr\u00e4gt 2.200 Kilometer und es k\u00f6nnen insgesamt bis zu 1.300 Personen pro Stunde bef\u00f6rdert werden. Tageskartes f\u00fcr die Lifte sind verf\u00fcgbar.<\/p>\n<ul>\n<li><span><strong><b>Karakaya:<\/b> <\/strong>Der 2 Personen-Sessellift f\u00e4hrt von der Basisstation auf 1.900 Metern H\u00f6he bis zum Gipfel auf 2.400 Metern H\u00f6he. Die Liftstrecke betr\u00e4gt 1.400 Meter.<\/span><\/li>\n<li><span><strong><b>Sakl\u0131bel:<\/b> <\/strong>Sakl\u0131bel ist ein T-Bar Lift, der auf 1.850 Metern H\u00f6he startet und euch auf eine H\u00f6he von 2.100 Meter transportiert. Die Liftl\u00e4nge bel\u00e4uft sich auf 645 Meter.<\/span><\/li>\n<li><span><strong><b>Babylift:<\/b> <\/strong>Wie alle Lifte startet auch der Babylift mit dem niedrigen Seilzug auf einer H\u00f6he von 1850 Metern. Auf einer Liftl\u00e4nge von 200 Metern werdet ihr insgesamt 50 Meter nach oben transportiert, der Lift stoppt in 1.900 Metern H\u00f6he.<\/span><\/li>\n<\/ul>\n<p><span><img decoding=\"async\" alt=\"Borrow Equipment Ski, Snowboard and more\" data-id=\"8268\" width=\"702\" data-init-width=\"1000\" height=\"470\" data-init-height=\"667\" title=\"Borrow Equipment Ski, Snowboard and more\" loading=\"lazy\" src=\"https:\/\/antalyatouristinformation.com\/de\/wp-content\/uploads\/sites\/10\/2021\/05\/Borrow-Equipment-Ski-Snowboard-and-more.jpg\" data-width=\"702\" data-height=\"470\" data-pin-media=\"https:\/\/antalyatouristinformation.com\/de\/wp-content\/uploads\/sites\/10\/2021\/06\/prag_50_sehenswuerdigkeiten_pinterest-9-4.jpg\" data-pin-description=\"Guide to Sakl\u0131kent Ski Resort | Antalya Tourist Information\" data-pin-url=\"https:\/\/antalyatouristinformation.com\/de\/saklikent-skifahren\/?tve=true&amp;tcbf=598932571c\"><\/span><\/p>\n<h2 id=\"t-1625747097553\" data-alt-text=\"Ausleihen der Ausr\u00fcstung\">Ausleihen der Ausr\u00fcstung: Ski, Snowboard und mehr<\/h2>\n<p>Die gesamte <strong>Ausr\u00fcstung k\u00f6nnt ihr euch ausleihen<\/strong>, Skihosen, Jacken und Handschuhe ebenso wie Helme oder Skibrillen. Nat\u00fcrlich werden auch Ski, Skist\u00f6cke, Schuhe oder Snowboards verliehen.&nbsp;<\/p>\n<p>Es gibt etwa ein Dutzend <strong>lizenzierte Skilehrer<\/strong> und einen <strong>Bergwachtrupp<\/strong>, der f\u00fcr Sicherheit sorgt und im Notfall Hilfe leisten kann.<\/p>\n<p><span><img decoding=\"async\" alt=\"Apr\u00e8s-Ski in Sakl\u0131kent in Antalya\" data-id=\"8264\" width=\"702\" data-init-width=\"1000\" height=\"470\" data-init-height=\"667\" title=\"Apr\u00e8s-Ski in Sakl\u0131kent in Antalya\" loading=\"lazy\" src=\"https:\/\/antalyatouristinformation.com\/de\/wp-content\/uploads\/sites\/10\/2021\/05\/Apres-Ski-in-Saklikent-in-Antalya.jpg\" data-width=\"702\" data-height=\"470\" data-pin-media=\"https:\/\/antalyatouristinformation.com\/de\/wp-content\/uploads\/sites\/10\/2021\/06\/prag_50_sehenswuerdigkeiten_pinterest-9-4.jpg\" data-pin-description=\"Guide to Sakl\u0131kent Ski Resort | Antalya Tourist Information\" data-pin-url=\"https:\/\/antalyatouristinformation.com\/de\/saklikent-skifahren\/?tve=true&amp;tcbf=598932571c\"><\/span><\/p>\n<h2 id=\"t-1620995119803\" data-alt-text=\"Apr\u00e8s-Ski\">Apr\u00e8s-Ski in Sakl\u0131kent<\/h2>\n<p>In Sakl\u0131kent findet ihr <strong>zwei Bergh\u00fctten<\/strong>. Eine steht am Gipfel des Berges und die andere bei der Zwischenstation auf 1.900 Metern H\u00f6he, wo die Lifte beginnen. J\u00e4gertee werdet ihr hier vergeblich suchen, angeboten werden <strong>Kleinigkeiten zum Essen sowie Kaffee, Tee und Salep,<\/strong> ein hei\u00dfes, s\u00fc\u00dfes Milchgetr\u00e4nk, das mit Zimt gew\u00fcrzt wird. Salep wird aus Orchideenwurzeln gewonnen.<\/p>\n<p>In den Resorts und Hotels im Skigebiet bekommt ihr Alkohol serviert, jedoch <strong>den typischen Apr\u00e8s-Ski gibt es hier nicht<\/strong>. Nach dem Skifahren k\u00f6nnt ihr im Schnee spazieren gehen und abends dann die Live-Musik im Hotel genie\u00dfen.<\/p>\n<p>Bucht hier euer <a href=\"https:\/\/antalyatouristinformation.com\/de\/hotel\/\">Hotel in Antalya<\/a> und profitiert von g\u00fcnstigen Angeboten!<\/p>\n<p><span><img decoding=\"async\" alt=\"Hotels in Sakl\u0131kent in Antalya\" data-id=\"8278\" width=\"702\" data-init-width=\"1000\" height=\"470\" data-init-height=\"667\" title=\"Hotels in Sakl\u0131kent in Antalya\" loading=\"lazy\" src=\"https:\/\/antalyatouristinformation.com\/de\/wp-content\/uploads\/sites\/10\/2021\/05\/Hotels-in-Saklikent-in-Antalya.jpg\" data-width=\"702\" data-height=\"470\" data-pin-media=\"https:\/\/antalyatouristinformation.com\/de\/wp-content\/uploads\/sites\/10\/2021\/06\/prag_50_sehenswuerdigkeiten_pinterest-9-4.jpg\" data-pin-description=\"Guide to Sakl\u0131kent Ski Resort | Antalya Tourist Information\" data-pin-url=\"https:\/\/antalyatouristinformation.com\/de\/saklikent-skifahren\/?tve=true&amp;tcbf=598932571c\"><\/span><\/p>\n<h2 id=\"t-1625747097554\" data-alt-text=\"Anfahrt\">Wie komme ich nach Sakl\u0131kent?<\/h2>\n<p>Das Sakl\u0131kent Ski Center liegt etwa <strong>35 Kilometer vom Stadtzentrum von Antalya entfernt<\/strong>. Es gibt an den Wochenenden einen Shuttle-Service, der morgens um 08:00 Uhr vor dem Migros 5M abf\u00e4hrt und euch abends um 16:00 Uhr wieder dort absetzt.<\/p>\n<p>Falls ihr mit dem eigenen Auto anreist, fahrt ihr auf der Stra\u00dfe Richtung \u00c7ak\u0131rlar \/ Doyran, die Abzweigung nach Sakl\u0131kent ist ausgeschildert. In der Regel ist die Stra\u00dfe gut ger\u00e4umt, doch es besteht Pflicht, mit Winterreifen zu fahren und Schneeketten mitzuf\u00fchren. Parkm\u00f6glichkeiten findet ihr am Berg. Von Antalya aus k\u00f6nnt ihr Sakl\u0131kent in etwa einer Stunde erreichen.<\/p>\n<p>Falls ihr ein <a href=\"https:\/\/antalyatouristinformation.com\/de\/plan\/mietwagen\/\">Auto mieten<\/a> wollt, findet ihr hier alle wichtigen Informationen.<\/p>\n<h2 id=\"t-1620995119801\" data-alt-text=\"Hotels \">Hotels in Sakl\u0131kent<\/h2>\n<p>Das Skigebiet von Sakl\u0131kent besteht aus insgesamt <strong>500 Bergh\u00e4usern und H\u00fctten<\/strong>; es herrscht ein gem\u00fctliches Flair. Ein gro\u00dfes Skihotel sucht ihr hier vergebens. \u00dcbernachten k\u00f6nnt ihr in einer der zahlreichen Pensionen. Da Antalya innerhalb von einer Stunde zu erreichen ist, ziehen es viele G\u00e4ste vor, in Antalya zu \u00fcbernachten und nur zum Skifahren nach Sakl\u0131kent zu kommen.<\/p>\n<p>Das Sakl\u0131kent Mountain Resort Hotel wurde 2020 er\u00f6ffnet und verf\u00fcgt \u00fcber 42 Zimmer. Angeboten wird \u00dcbernachtung mit Fr\u00fchst\u00fcck. Mittags und abends k\u00f6nnt ihr \u00e0 la carte essen.<\/p>\n<p>F\u00fcr \u00dcbernachtungsoptionen in Antalya werft einfach einen Blick in unseren Guide zu den <a href=\"https:\/\/antalyatouristinformation.com\/de\/hotel\/\">Hotels in Antalya<\/a> und findet das derzeit g\u00fcnstigste Angebot!<\/p>\n<p><span><img decoding=\"async\" alt=\"Bakir Mountains in Saklikent in Antalya\" data-id=\"8276\" width=\"702\" data-init-width=\"1000\" height=\"470\" data-init-height=\"667\" title=\"Bakir Mountains in Saklikent in Antalya\" loading=\"lazy\" src=\"https:\/\/antalyatouristinformation.com\/de\/wp-content\/uploads\/sites\/10\/2021\/05\/Bakir-Mountains-in-Saklikent-in-Antalya.jpg\" data-width=\"702\" data-height=\"470\" data-pin-media=\"https:\/\/antalyatouristinformation.com\/de\/wp-content\/uploads\/sites\/10\/2021\/06\/prag_50_sehenswuerdigkeiten_pinterest-9-4.jpg\" data-pin-description=\"Guide to Sakl\u0131kent Ski Resort | Antalya Tourist Information\" data-pin-url=\"https:\/\/antalyatouristinformation.com\/de\/saklikent-skifahren\/?tve=true&amp;tcbf=598932571c\"><\/span><\/p>\n<h2 data-alt-text=\"FAQ\" id=\"t-1620995119802\">FAQ<\/h2>\n<p><span><img decoding=\"async\" alt=\"Taurus Mountains in Saklikent in Antalya\" data-id=\"8273\" width=\"702\" data-init-width=\"1000\" height=\"470\" data-init-height=\"667\" title=\"Taurus Mountains in Saklikent in Antalya\" loading=\"lazy\" src=\"https:\/\/antalyatouristinformation.com\/de\/wp-content\/uploads\/sites\/10\/2021\/05\/Taurus-Mountains-in-Saklikent-in-Antalya.jpg\" data-width=\"702\" data-height=\"470\" data-pin-media=\"https:\/\/antalyatouristinformation.com\/de\/wp-content\/uploads\/sites\/10\/2021\/06\/prag_50_sehenswuerdigkeiten_pinterest-9-4.jpg\" data-pin-description=\"Guide to Sakl\u0131kent Ski Resort | Antalya Tourist Information\" data-pin-url=\"https:\/\/antalyatouristinformation.com\/de\/saklikent-skifahren\/?tve=true&amp;tcbf=598932571c\"><\/span><\/p>\n<h2 id=\"t-1620995119804\">Fazit<\/h2>\n<p>Sakl\u0131kent ist ein <strong>junges Skigebiet in der T\u00fcrkei<\/strong>. Es liegt nur rund eine Stunde von Antalya entfernt und hat eine relativ kurze Saison, die von Mitte Dezember bis Ende M\u00e4rz dauert. Die Pisten sind pr\u00e4pariert, insgesamt gibt es 10 Pistenkilometer, die von 3 Liften bedient werden.<\/p>\n<p>Auf dem Berg findet ihr zahlreiche kleine Bergh\u00e4user und Pensionen sowie ein etwas gr\u00f6\u00dferes Hotel mit 42 Zimmern. Es besteht ein Shuttle-Service zwischen Antalya und Sakl\u0131kent, weshalb viele G\u00e4ste in Antalya \u00fcbernachten und nur zum Skifahren nach Sakl\u0131kent kommen. Apr\u00e8s-Ski wie in den \u00f6sterreichischen Alpen sucht ihr hier vergebens.<\/p>\n<p>Mehr Informationen zu <a href=\"https:\/\/antalyatouristinformation.com\/de\/sport\/\">Sport in Antalya<\/a> findet ihr in unseren ausf\u00fchrlichen Guides:<\/p>\n<ul>\n<li>der komplette Guide zum <a href=\"https:\/\/antalyatouristinformation.com\/de\/sehenswurdigkeiten\/rafting\/\">Rafting<\/a>&nbsp;<\/li>\n<li>der komplette Guide zum <a href=\"https:\/\/antalyatouristinformation.com\/de\/sehenswurdigkeiten\/tauchen\/\">Tauchen<\/a><\/li>\n<li>der komplette Guide zu <a href=\"https:\/\/antalyatouristinformation.com\/de\/sehenswurdigkeiten\/retreats\/yoga\/\">Yoga<\/a>&nbsp;<\/li>\n<li>der komplette Guide zum <a href=\"https:\/\/antalyatouristinformation.com\/de\/sehenswurdigkeiten\/wandern\/\">Wandern<\/a> &nbsp;<\/li>\n<\/ul>\n","protected":false},"excerpt":{"rendered":"<p>Urlauber sind meist \u00fcberrascht, dass es in Antalya ein Skigebiet gibt. Schlie\u00dflich ist Antalya eigentlich als Ziel f\u00fcr Strandurlaube bekannt. Doch in Sakl\u0131kent, nur 35&nbsp;km von der Provinzhauptstadt Antalya entfernt, gibt es Skih\u00e4nge. Das erm\u00f6glicht in der Wintersaison eine Kombination aus einem Tag auf der Skipiste, dem Strand und Wellness im Hotel-Spa. Hier lest ihr [&hellip;]<\/p>\n","protected":false},"author":6,"featured_media":8257,"parent":0,"menu_order":0,"comment_status":"open","ping_status":"closed","template":"","meta":{"_acf_changed":false,"footnotes":""},"categories":[],"tags":[36,61,69],"class_list":["post-7989","page","type-page","status-publish","has-post-thumbnail","hentry","tag-attraction","tag-nature","tag-sports","post-wrapper","thrv_wrapper"],"acf":[],"wp-worthy-pixel":{"ignored":false,"public":null,"server":null,"url":null},"wp-worthy-type":"normal","_links":{"self":[{"href":"https:\/\/antalyatouristinformation.com\/de\/wp-json\/wp\/v2\/pages\/7989","targetHints":{"allow":["GET"]}}],"collection":[{"href":"https:\/\/antalyatouristinformation.com\/de\/wp-json\/wp\/v2\/pages"}],"about":[{"href":"https:\/\/antalyatouristinformation.com\/de\/wp-json\/wp\/v2\/types\/page"}],"author":[{"embeddable":true,"href":"https:\/\/antalyatouristinformation.com\/de\/wp-json\/wp\/v2\/users\/6"}],"replies":[{"embeddable":true,"href":"https:\/\/antalyatouristinformation.com\/de\/wp-json\/wp\/v2\/comments?post=7989"}],"version-history":[{"count":10,"href":"https:\/\/antalyatouristinformation.com\/de\/wp-json\/wp\/v2\/pages\/7989\/revisions"}],"predecessor-version":[{"id":15066,"href":"https:\/\/antalyatouristinformation.com\/de\/wp-json\/wp\/v2\/pages\/7989\/revisions\/15066"}],"wp:featuredmedia":[{"embeddable":true,"href":"https:\/\/antalyatouristinformation.com\/de\/wp-json\/wp\/v2\/media\/8257"}],"wp:attachment":[{"href":"https:\/\/antalyatouristinformation.com\/de\/wp-json\/wp\/v2\/media?parent=7989"}],"wp:term":[{"taxonomy":"category","embeddable":true,"href":"https:\/\/antalyatouristinformation.com\/de\/wp-json\/wp\/v2\/categories?post=7989"},{"taxonomy":"post_tag","embeddable":true,"href":"https:\/\/antalyatouristinformation.com\/de\/wp-json\/wp\/v2\/tags?post=7989"}],"curies":[{"name":"wp","href":"https:\/\/api.w.org\/{rel}","templated":true}]}}