{"id":809,"date":"2021-03-08T15:43:19","date_gmt":"2021-03-08T14:43:19","guid":{"rendered":"http:\/\/antalyatouristinformation.com\/clone4639485xzhehsskdjfhhdhebdkkekdeewsd4545gdfgm\/?page_id=809"},"modified":"2025-05-30T12:08:03","modified_gmt":"2025-05-30T10:08:03","slug":"hochzeitskleid","status":"publish","type":"page","link":"https:\/\/antalyatouristinformation.com\/de\/heiraten\/hochzeitskleid\/","title":{"rendered":"Kauf eines Hochzeitskleides in der T\u00fcrkei"},"content":{"rendered":"<h3>Dies ist unser kompletter Guide zum Kauf eines Hochzeitskleides in der T\u00fcrkei.<\/h3>\n<p>Es gibt wohl kaum ein Land, in dem ihr so viele Hochzeitskleider in den Schaufenstern sieht wie in der T\u00fcrkei. Es bieten sich nahezu unbegrenzte M\u00f6glichkeiten, jeder Stil, jedes Design ist zu haben. Ihr k\u00f6nnt euch sogar innerhalb von ein paar Tagen ein ma\u00dfgeschneidertes Hochzeitskleid anfertigen lassen.<\/p>\n<p>Hier haben wir ein paar Tipps f\u00fcr euch zusammengestellt, damit ihr die richtigen Gesch\u00e4fte findet und wisst, wie sie funktionieren und welche Optionen ihr habt.<\/p>\n<p>Lasst uns anfangen!<\/p>\n<h2 id=\"t-1625681922702\" data-alt-text=\"Auswahl des Kleides\">Wie w\u00e4hlt ihr ein Kleid aus?<\/h2>\n<p>Hier ein paar Ratschl\u00e4ge, die euch helfen sollen, das richtige Kleid leichter zu finden. \u00dcberlegt euch erst, in <strong>welcher Jahreszeit<\/strong> ihr heiraten werdet. Dementsprechend w\u00e4hlt ihr den Stil eures Kleides aus:<\/p>\n<p>Falls ihr <strong>im Winter <\/strong>heiratet, braucht ihr eventuell ein Cape f\u00fcr die Schultern, falls das Kleid tr\u00e4gerlos ist.<\/p>\n<p>Wer <strong>im Fr\u00fchling<\/strong> heiratet, wird ein leichtes, freundliches Kleid mit Spitze w\u00e4hlen und sich von dramatisch gestalteten Kleidern mit langen Schleppen und Perlen fernhalten.<\/p>\n<p>F\u00fcr Hochzeitsfeiern <strong>im Sommer<\/strong> sind lange \u00c4rmel und Schleppen ungeeignet. Eventuell braucht ihr f\u00fcr eure Party ein zweites, kurzes Kleid.<\/p>\n<p><strong>Im Herbst<\/strong> hingegen tendiert ihr eher zu langen Schleppen und einer \u00fcppigen Aufmachung. Blumige Kleider sind f\u00fcr diese Jahreszeit nicht so geeignet.<\/p>\n<p>Nat\u00fcrlich ist das eure Entscheidung, doch die Jahreszeit spielt eine gr\u00f6\u00dfere Rolle, als ihr denkt. Bez\u00fcglich der t\u00fcrkischen Schneider braucht ihr euch keine Sorgen zu machen. Sie werden euer Kleid nach euren W\u00fcnschen gestalten oder um\u00e4ndern. Kein Problem also, falls ihr pl\u00f6tzlich doch keine \u00c4rmel mehr wollt oder die Schleppe zu lang erscheint \u2026<\/p>\n<p><span><img decoding=\"async\" alt=\"Wedding in Turkey\" data-id=\"2339\" width=\"702\" data-init-width=\"1000\" height=\"468\" data-init-height=\"667\" title=\"Wedding in Turkey\" loading=\"lazy\" src=\"\/\/antalyatouristinformation.com\/de\/wp-content\/uploads\/sites\/10\/2021\/04\/Wedding-in-Turkey.jpg\" data-width=\"702\" data-height=\"468\" data-pin-media=\"https:\/\/antalyatouristinformation.com\/de\/wp-content\/uploads\/sites\/10\/2021\/06\/Antalya-6.jpg\" data-pin-description=\"Buying a Wedding Dress in Turkey | Antalya Tourist Information\" data-pin-url=\"https:\/\/antalyatouristinformation.com\/de\/wedding\/wedding-dress\/?tve=true&amp;tcbf=5e97810abd\" data-pinpro-key=\"9aat7syb2\" style=\"aspect-ratio: auto 1000 \/ 667\"><\/span><\/p>\n<h2 id=\"t-1625681922703\" data-alt-text=\"Kennt euren K\u00f6rper\">Kennt euren K\u00f6rper, dann findet ihr euren Stil<\/h2>\n<p>Falls ihr euren <strong>K\u00f6rpertyp <\/strong>kennt, wisst ihr, welche Art von Kleid euch am besten steht. Nat\u00fcrlich hei\u00dft das noch lange nicht, dass euch das auch am besten gef\u00e4llt. Aber probieren kann man ja mal, oder? Falls es euch nicht gef\u00e4llt, w\u00e4hlt ihr etwas Anderes.<\/p>\n<p>Es gibt viele verschiedene Stile, f\u00fcr jeden Geschmack ist etwas dabei. Die bekanntesten sind der b\u00f6hmische Stil, die Meerjungfrau, die A-Linie, der Mantel, die Tee-L\u00e4nge, das Ballkleid, die Trompete, der Mini um nur ein paar zu nennen. Vielleicht wollt ihr ja auch eine Kombination aus verschiedenen Stilen.<\/p>\n<p><b>Tipp:<\/b> Die Verk\u00e4ufer in den Gesch\u00e4ften werden zu keinem eurer W\u00fcnsche nein sagen, egal was ihr euch aussucht. Sie sind gerne bereit, euch zu beraten, werden dies jedoch nicht tun, wenn ihr nicht ausdr\u00fccklich nach einem Rat fragt. Seid also nicht sch\u00fcchtern, sondern fragt die Profis ruhig nach ihrer Meinung. Vielleicht zeigen sie euch ein Kleid, das ihr nie gew\u00e4hlt h\u00e4ttet, probiert es einfach. Falls es euch nicht gef\u00e4llt, ist das auch kein Problem.<\/p>\n<p>Die Fachleute werden versuchen, euch bei der Entscheidung zu helfen. Denkt daran, ihr k\u00f6nnt so viele Kleider probieren, wie ihr wollt.<\/p>\n<p><span><img decoding=\"async\" alt=\"Buy wedding dress in Antalya in Turkey\" data-id=\"4419\" width=\"702\" data-init-width=\"1000\" height=\"468\" data-init-height=\"667\" title=\"Buy wedding dress in Antalya in Turkey\" loading=\"lazy\" src=\"https:\/\/antalyatouristinformation.com\/de\/wp-content\/uploads\/sites\/10\/2021\/04\/Buy-wedding-dress-in-Antalya-in-Turkey.jpg\" data-width=\"702\" data-height=\"468\" data-pin-media=\"https:\/\/antalyatouristinformation.com\/de\/wp-content\/uploads\/sites\/10\/2021\/06\/Antalya-6.jpg\" data-pin-description=\"Buying a Wedding Dress in Turkey | Antalya Tourist Information\" data-pin-url=\"https:\/\/antalyatouristinformation.com\/de\/wedding\/wedding-dress\/?tve=true&amp;tcbf=5e97810abd\" data-pinpro-key=\"10h3kuk13\" style=\"aspect-ratio: auto 1000 \/ 667\"><\/span><\/p>\n<h2 id=\"t-1625681922704\" data-alt-text=\"Wo kaufe ich das Kleid?\">Wo kann ich ein Hochzeitskleid kaufen?<\/h2>\n<p>Im Prinzip k\u00f6nnt ihr in der T\u00fcrkei in jedem Dorf ein Hochzeitskleid kaufen. \u00dcberall gibt es mehr als genug Gesch\u00e4fte. Allerdings ist die Qualit\u00e4t der Stoffe in den gr\u00f6\u00dferen St\u00e4dten meistens besser. Daher empfehlen wir euch, euer Hochzeitskleid in einer der gr\u00f6\u00dferen St\u00e4dte zu kaufen.<\/p>\n<p>Hier sind ein paar Beispiele:<\/p>\n<ul>\n<li><b>Istanbul:<\/b> Istanbul ist ein Paradies f\u00fcr Brautkleider. Am beliebtesten ist die Gegend um Ni\u015fanta\u015f\u0131. Hier sind die Ladenbesitzer an ausl\u00e4ndische Kundschaft gew\u00f6hnt. Da auch viel arabische Kundschaft dort einkauft, seht ihr in den Vitrinen oft \u00fcppig dekorierte Modelle. Auch in der Stra\u00dfe Fevzipa\u015fa im Stadtteil Fatih reiht sich ein Gesch\u00e4ft an das andere, die Auswahl ist riesig.<\/li>\n<li><b>Izmir:<\/b> In Izmir findet ihr in der Gegend von Cankaya zahlreiche Gesch\u00e4fte mit Brautkleidern. Man sagt, dass die Modemacher f\u00fcr Hochzeitskleider in Izmir ans\u00e4ssig sind. Dementsprechend ist der Markt hart umk\u00e4mpft. Es lohnt sich, mehrere Gesch\u00e4fte zu besuchen und die Angebote zu vergleichen.<\/li>\n<li><b>Antalya:<\/b> Brautmoden findet ihr in Antalya haupts\u00e4chlich in dem Viertel Gen\u00e7lik. Die Gesch\u00e4fte sind an ausl\u00e4ndische Kunden gew\u00f6hnt. Im Schnitt sind die Preise in Antalya g\u00fcnstiger als in Istanbul oder Izmir, doch die Gesch\u00e4fte sind hier kleiner und oft auf einen bestimmten Stil spezialisiert. Daher m\u00fcsst ihr vermutlich mehrere L\u00e4den abklappern, bevor ihr das richtige findet.<\/li>\n<\/ul>\n<h2 id=\"t-1679385164117\">Stellt uns eine Frage zu Hochzeitskleidern in der T\u00fcrkei<\/h2>\n<p>Stellt uns eure konkreten Fragen zu Brautkleidern in der T\u00fcrkei. Ein Fachmann f\u00fcr Hochzeiten wird euch in weniger als 24 Stunden antworten.<\/p>\n<p><span><img decoding=\"async\" alt=\"Wedding in Antalya in Turkey\" data-id=\"2340\" width=\"702\" data-init-width=\"1000\" height=\"667\" data-init-height=\"667\" title=\"Wedding in Antalya in Turkey\" loading=\"lazy\" src=\"\/\/antalyatouristinformation.com\/de\/wp-content\/uploads\/sites\/10\/2021\/04\/Wedding-in-Antalya-in-Turkey.jpg\" data-width=\"702\" data-pin-media=\"https:\/\/antalyatouristinformation.com\/de\/wp-content\/uploads\/sites\/10\/2021\/06\/Antalya-6.jpg\" data-pin-description=\"Buying a Wedding Dress in Turkey | Antalya Tourist Information\" data-pin-url=\"https:\/\/antalyatouristinformation.com\/de\/wedding\/wedding-dress\/?tve=true&amp;tcbf=5e97810abd\" data-pinpro-key=\"btadtofk1\" style=\"aspect-ratio: auto 1000 \/ 667\"><\/span><\/p>\n<h2 id=\"t-1625681922705\" data-alt-text=\"Kommunikation\">Ist es einfach, mit den Verk\u00e4ufern zu sprechen?<\/h2>\n<p>Das ist leider ein Problem. Die Verk\u00e4ufer sind zwar sehr gespr\u00e4chig und hilfsbereit, sprechen aber meistens keine Fremdsprache oder nur sehr schlechtes Englisch. In den teuren Markengesch\u00e4ften jedoch findet ihr fremdsprachiges Personal. Allerdings sind diese Gesch\u00e4fte bez\u00fcglich des Preises nicht sehr flexibel. Wir empfehlen euch, in die kleineren Gesch\u00e4fte, die oft gute Angebote haben, mit einem Dolmetscher zu gehen.<\/p>\n<p>Falls ihr Hilfe braucht, <a href=\"https:\/\/antalyatouristinformation.com\/de\/Kontakt\/\">kontaktiert<\/a> uns doch einfach \u00fcber das Kontaktformular.<\/p>\n<h2 id=\"t-1625681922706\" data-alt-text=\"Dauer\">Wie lange dauert es, bis ihr euer Kleid bekommt?<\/h2>\n<p>Das kommt ganz darauf an. Die Zeitspanne kann zwischen ein paar Tagen und mehreren Monaten variieren.<\/p>\n<ul>\n<li>Falls ihr euch ein <strong>fertiges Kleid<\/strong> aussucht, an dem nicht viel ge\u00e4ndert werden muss, habt ihr euer Brautkleid innerhalb weniger Tage.<\/li>\n<li>Soll euer <strong>Kleid nach einem Modell<\/strong>, das es in dem Gesch\u00e4ft gibt, mit demselben Stoff und der gleichen Spitze neu gen\u00e4ht werden, m\u00fcsst ihr mit einigen Wochen rechnen, in der Hochsaison sogar mit mehreren Monaten.<\/li>\n<li>Ein <strong>komplett ma\u00dfgeschneidertes Kleid<\/strong> mit einem anderen Stoff, neuem Design und einem anderen Stil kann bis zu 4 Monaten dauern. Falls ihr Gl\u00fcck habt, und die N\u00e4hwerkstatt nicht mit Auftr\u00e4gen \u00fcberlastet ist, bekommt ihr euer Traumkleid jedoch innerhalb weniger Tage.<\/li>\n<\/ul>\n<p>Ihr solltet wissen, dass <strong>zwischen April und August Hochsaison<\/strong> f\u00fcr die Bestellung von Brautkleidern ist.<\/p>\n<p><span><img decoding=\"async\" alt=\"Wedding Dresses in Turkey\" data-id=\"2342\" width=\"702\" data-init-width=\"1000\" height=\"468\" data-init-height=\"667\" title=\"Wedding Dresses in Turkey\" loading=\"lazy\" src=\"https:\/\/antalyatouristinformation.com\/de\/wp-content\/uploads\/sites\/10\/2021\/04\/Wedding-Dresses-in-Turkey.jpg\" data-width=\"702\" data-height=\"468\" data-pin-media=\"https:\/\/antalyatouristinformation.com\/de\/wp-content\/uploads\/sites\/10\/2021\/06\/Antalya-6.jpg\" data-pin-description=\"Buying a Wedding Dress in Turkey | Antalya Tourist Information\" data-pin-url=\"https:\/\/antalyatouristinformation.com\/de\/wedding\/wedding-dress\/?tve=true&amp;tcbf=5e97810abd\" data-pinpro-key=\"neonrhc93\" style=\"aspect-ratio: auto 1000 \/ 667\"><\/span><\/p>\n<h2 id=\"t-1625681922707\" data-alt-text=\"Kosten\">Wie viel kostet ein Brautkleid in der T\u00fcrkei?<\/h2>\n<p>In den kleineren Gesch\u00e4ften k\u00f6nnt ihr am g\u00fcnstigsten Hochzeitskleider kaufen. Von einfachen Kleidern bis zu aufwendigeren Modellen mit eleganten Stoffen, Perlenbesatz und Spitze k\u00f6nnt ihr hier eine gute und vergleichsweise die preiswerteste Auswahl vorfinden.<\/p>\n<p>Falls ihr ein Kleid einer bekannten t\u00fcrkischen Marke w\u00e4hlt, liegen die Preise um einiges h\u00f6her. Diese Gesch\u00e4fte erkennt ihr an den riesigen Ausstellungsr\u00e4umen.<\/p>\n<p>Luxuri\u00f6se L\u00e4den wie Vakko, die internationale Marken oder Designer-Workshops verkaufen, sind am teuersten. Nach oben gibt es keine Grenzen f\u00fcr Preise&#8230;<\/p>\n<p>Es lohnt sich auf jeden Fall, in mehreren Gesch\u00e4ften nach Angeboten und Preisen zu fragen. Vielleicht ist euer Traumkleid in einem anderen Gesch\u00e4ft ja sogar g\u00fcnstiger.<\/p>\n<h2 id=\"t-1625681922708\" data-alt-text=\"Ma\u00dfgeschneiderte Kleider\">Kann ich ein ma\u00dfgeschneidertes Kleid bekommen?<\/h2>\n<p>Nat\u00fcrlich k\u00f6nnt ihr euch ein ma\u00dfgeschneidertes Kleid n\u00e4hen lassen. Meistens sind Gesch\u00e4fte ohne festen Katalog auf diese Art von Bestellungen spezialisiert. Daf\u00fcr solltet ihr jedoch etwas mehr Zeit einplanen. Denkt an die Hochsaison von April bis August, w\u00e4hrend dieser Zeit sind die Gesch\u00e4fte oft voll ausgelastet und haben Wartefristen.<\/p>\n<p>Bekannte t\u00fcrkische Marken werden kein ma\u00dfgeschneidertes Kleid herstellen, aber vielleicht einige \u00c4nderungen an einem der Kleider aus ihrem Katalog vornehmen.<\/p>\n<h2 id=\"t-1625681922709\" data-alt-text=\"Online Bestellung\">Kann ich online ein Brautkleid bestellen?<\/h2>\n<p>Ja, ihr k\u00f6nnt auch online ein Hochzeitskleid bestellen. Allerdings m\u00fcsst ihr daf\u00fcr eine vertrauensw\u00fcrdige Firma finden und das Risiko akzeptieren, dass ein Schneider an eurem Wohnsitz nach dem Empfang des Kleides die eine oder andere Retusche durchf\u00fchrt.<\/p>\n<p>Bei Online-Bestellungen bezahlt ihr etwa 30&nbsp;% des Gesamtpreises im Voraus und den Rest bei Lieferung.<\/p>\n<p>Am besten, ihr lasst euch vor der Bestellung beraten. Falls ihr Hilfe braucht, <a href=\"https:\/\/antalyatouristinformation.com\/de\/Kontakt\/\">kontaktiert <\/a>uns und wir besprechen die Details.<\/p>\n<p><span><img decoding=\"async\" alt=\"Wedding in Antalya in Turkey\" data-id=\"4421\" width=\"702\" data-init-width=\"1000\" height=\"468\" data-init-height=\"667\" title=\"Wedding in Antalya in Turkey\" loading=\"lazy\" src=\"https:\/\/antalyatouristinformation.com\/de\/wp-content\/uploads\/sites\/10\/2021\/04\/Wedding-in-Antalya.jpg\" data-width=\"702\" data-height=\"468\" data-pin-media=\"https:\/\/antalyatouristinformation.com\/de\/wp-content\/uploads\/sites\/10\/2021\/06\/Antalya-6.jpg\" data-pin-description=\"Buying a Wedding Dress in Turkey | Antalya Tourist Information\" data-pin-url=\"https:\/\/antalyatouristinformation.com\/de\/wedding\/wedding-dress\/?tve=true&amp;tcbf=5e97810abd\" data-pinpro-key=\"krqonvxi8\" style=\"aspect-ratio: auto 1000 \/ 667\"><\/span><\/p>\n<h2 id=\"t-1625681922710\" data-alt-text=\"Gro\u00dfhandel\">Brautkleider im Gro\u00dfhandel<\/h2>\n<p>K\u00e4ufer aus der ganzen Welt kaufen im Gro\u00dfhandel Hochzeitskleider in der T\u00fcrkei. Falls ihr dazu n\u00e4here Informationen braucht, <a href=\"https:\/\/antalyatouristinformation.com\/de\/Kontakt\/\">kontaktiert<\/a> uns bitte, damit wir \u00fcber euch n\u00e4here Informationen geben k\u00f6nnen.<\/p>\n<h2 id=\"t-1625681922711\" data-alt-text=\"Zubeh\u00f6r \">Zubeh\u00f6r f\u00fcr die Braut<\/h2>\n<p>In der N\u00e4he der Gesch\u00e4fte, die die Hochzeitskleider verkaufen, findet ihr in der Regel auch die L\u00e4den, die Accessoires f\u00fchren, sei es Tasche, Schuhe, Haarschmuck oder \u00e4hnliches. Oft bieten auch die Gesch\u00e4fte, in denen ihr euer Kleid kauft, entsprechende Artikel an. Allerdings ist da die Auswahl nicht so gro\u00df.<\/p>\n<h2 id=\"t-1619715371356\" data-alt-text=\"Kontakt\">Kontakt<\/h2>\n<p>Falls ihr weitere Fragen zu Brautkleidern habt, wird <a href=\"http:\/\/antalyatouristinformation.com\/de\/mice\/\">Antalya Tourist Information<\/a> euch gerne weiterhelfen. Wir sind euer Partner und Experten auf dem Gebiet Hochzeiten und Hochzeitskleider, f\u00fcr Br\u00e4ute ebenso wie f\u00fcr den Gro\u00dfhandel.<\/p>\n<p>Schickt uns einfach eine Nachricht oder besucht unsere Seiten \u00fcber <a href=\"https:\/\/antalyatouristinformation.com\/de\/wedding\/\">Hochzeit in der T\u00fcrkei<\/a> f\u00fcr genauere Informationen.<\/p>\n<p><a href=\"void(0)\"><span><span>Load More<\/span><\/span><\/a><a href=\"void(0)\"><span><span>Load More<\/span><\/span><\/a><\/p>\n","protected":false},"excerpt":{"rendered":"<p>Dies ist unser kompletter Guide zum Kauf eines Hochzeitskleides in der T\u00fcrkei. Es gibt wohl kaum ein Land, in dem ihr so viele Hochzeitskleider in den Schaufenstern sieht wie in der T\u00fcrkei. Es bieten sich nahezu unbegrenzte M\u00f6glichkeiten, jeder Stil, jedes Design ist zu haben. Ihr k\u00f6nnt euch sogar innerhalb von ein paar Tagen ein [&hellip;]<\/p>\n","protected":false},"author":5,"featured_media":2290,"parent":961,"menu_order":0,"comment_status":"open","ping_status":"closed","template":"","meta":{"_acf_changed":false,"footnotes":""},"categories":[],"tags":[51],"class_list":["post-809","page","type-page","status-publish","has-post-thumbnail","hentry","tag-wedding","post-wrapper","thrv_wrapper"],"acf":[],"wp-worthy-pixel":{"ignored":false,"public":"3a3e9b938eb7419ea44a805b697ffa79","server":"vg01.met.vgwort.de","url":"https:\/\/vg01.met.vgwort.de\/na\/3a3e9b938eb7419ea44a805b697ffa79"},"wp-worthy-type":"normal","_links":{"self":[{"href":"https:\/\/antalyatouristinformation.com\/de\/wp-json\/wp\/v2\/pages\/809","targetHints":{"allow":["GET"]}}],"collection":[{"href":"https:\/\/antalyatouristinformation.com\/de\/wp-json\/wp\/v2\/pages"}],"about":[{"href":"https:\/\/antalyatouristinformation.com\/de\/wp-json\/wp\/v2\/types\/page"}],"author":[{"embeddable":true,"href":"https:\/\/antalyatouristinformation.com\/de\/wp-json\/wp\/v2\/users\/5"}],"replies":[{"embeddable":true,"href":"https:\/\/antalyatouristinformation.com\/de\/wp-json\/wp\/v2\/comments?post=809"}],"version-history":[{"count":10,"href":"https:\/\/antalyatouristinformation.com\/de\/wp-json\/wp\/v2\/pages\/809\/revisions"}],"predecessor-version":[{"id":16607,"href":"https:\/\/antalyatouristinformation.com\/de\/wp-json\/wp\/v2\/pages\/809\/revisions\/16607"}],"up":[{"embeddable":true,"href":"https:\/\/antalyatouristinformation.com\/de\/wp-json\/wp\/v2\/pages\/961"}],"wp:featuredmedia":[{"embeddable":true,"href":"https:\/\/antalyatouristinformation.com\/de\/wp-json\/wp\/v2\/media\/2290"}],"wp:attachment":[{"href":"https:\/\/antalyatouristinformation.com\/de\/wp-json\/wp\/v2\/media?parent=809"}],"wp:term":[{"taxonomy":"category","embeddable":true,"href":"https:\/\/antalyatouristinformation.com\/de\/wp-json\/wp\/v2\/categories?post=809"},{"taxonomy":"post_tag","embeddable":true,"href":"https:\/\/antalyatouristinformation.com\/de\/wp-json\/wp\/v2\/tags?post=809"}],"curies":[{"name":"wp","href":"https:\/\/api.w.org\/{rel}","templated":true}]}}