{"id":811,"date":"2021-03-05T19:32:40","date_gmt":"2021-03-05T18:32:40","guid":{"rendered":"http:\/\/antalyatouristinformation.com\/clone4639485xzhehsskdjfhhdhebdkkekdeewsd4545gdfgm\/?page_id=811"},"modified":"2024-01-18T20:12:11","modified_gmt":"2024-01-18T19:12:11","slug":"ideen","status":"publish","type":"page","link":"https:\/\/antalyatouristinformation.com\/de\/heiraten\/ideen\/","title":{"rendered":"14 einzigartige Ideen f\u00fcr eine tolle Hochzeit in der T\u00fcrkei"},"content":{"rendered":"<p>Wusstet ihr, dass immer mehr Menschen ihre Hochzeit in der T\u00fcrkei feiern?<\/p>\n<p>Hier findet ihr 14 einzigartige und kreative Ideen f\u00fcr eure Hochzeitsfeier. Dazu geh\u00f6ren Gartenhochzeiten, Strandhochzeiten, Bootshochzeiten, Hochzeiten in den Bergen und vieles mehr.<\/p>\n<p>Los geht\u2019s mit den Hochzeitsideen!<\/p>\n<h2 id=\"t-1619709262750\">1. Schafft euren eigenen Strand<\/h2>\n<p>Nein, ihr irrt euch nicht. Es ist m\u00f6glich, verr\u00fcckte Dinge zu tun, wie euren eigenen Strand in der T\u00fcrkei zu erschaffen. Anscheinend bitten einige Paare darum, mehr Sand an den Strand zu bringen, an dem sie heiraten werden, weil sie eine gr\u00f6\u00dfere Sandfl\u00e4che haben wollen. Verr\u00fcckt, oder? Nun&#8230; es ist m\u00f6glich in der T\u00fcrkei, speziell in Bodrum, Izmir und Antalya. Nat\u00fcrlich erfordern diese Art von Anforderungen ein <strong>hohes Budget<\/strong>! Aber es ist trotzdem m\u00f6glich. Wie man in der T\u00fcrkei sagt, nur der Himmel ist eine Grenze &#8230;<\/p>\n<p><span><img decoding=\"async\" alt=\"Get married on the Bosphorus (Editorial)\" data-id=\"2256\" width=\"702\" data-init-width=\"1000\" height=\"468\" data-init-height=\"667\" title=\"Get married on the Bosphorus (Editorial)\" loading=\"lazy\" src=\"\/\/antalyatouristinformation.com\/de\/wp-content\/uploads\/sites\/10\/2021\/04\/Get-married-on-the-Bosphorus.jpg\" data-width=\"702\" data-height=\"468\" data-pinpro-key=\"1uriwv756\" data-pin-media=\"https:\/\/antalyatouristinformation.com\/de\/wp-content\/uploads\/sites\/10\/2021\/06\/prag_50_sehenswuerdigkeiten_pinterest-2-6.jpg\" data-pin-description=\"14 ideas for wedding in Turkey | Antalya Tourist Information\" data-pin-url=\"https:\/\/antalyatouristinformation.com\/de\/wedding\/amazing-ideas-turkey\/?tve=true&amp;tcbf=6a9fc9b080\"><\/span><\/p>\n<h2 id=\"t-1625680339283\">2. Heiraten auf dem Bosporus<\/h2>\n<p>Habt ihr schon mal daran gedacht, auf einem Boot zu heiraten? Und wie w\u00e4re es mit einer Bootshochzeit auf der ber\u00fchmtesten Meerenge der Welt? Heiraten auf dem Bosporus in Istanbul war schon immer eine beliebte Option f\u00fcr Einheimische und Ausl\u00e4nder, die in der T\u00fcrkei heiraten m\u00f6chten.<\/p>\n<p>Viele Bootsgesellschaften bieten sehr interessante Optionen mit Dinner und Partyorganisation an. Obwohl es einfach ist, ein Boot zu finden, das bereit ist, eure Hochzeit zu organisieren, ist es schwieriger, eines zu finden, das auch eine wirklich gute Organisation macht.<\/p>\n<p>Falls ihr dar\u00fcber nachdenkt, auf dem Bosporus zu heiraten, setzt euch \u00fcber das <a href=\"https:\/\/antalyatouristinformation.com\/de\/Kontakt\/\">Kontaktformular<\/a> mit unserem Team in Verbindung. Wir werden sicherstellen, dass wir f\u00fcr euch das beste Boot mit einer tollen Organisation f\u00fcr eure Traumhochzeit in Istanbul finden.<\/p>\n<h2 id=\"t-1625680339284\">3. Feiert am Strand Hochzeit<\/h2>\n<p>Wer hat nicht schon einmal in seinem Leben von einer romantischen Hochzeit mit den F\u00fc\u00dfen im Sand getr\u00e4umt? Ja, Strandhochzeiten sind die beliebtesten in der Welt und viele Paare w\u00e4ren mehr als gl\u00fccklich dar\u00fcber, sich das Ja-Wort direkt am Meer zu geben.<\/p>\n<p>In der T\u00fcrkei findet ihr ein erstaunliches Angebot f\u00fcr Organisationen am Strand. Die Gegenden um Bodrum und Antalya sind sehr beliebt f\u00fcr diese Art von Veranstaltungen.<\/p>\n<p>Dabei findet entweder nur die Zeremonie am Strand statt oder aber die gesamte Feier mit allen G\u00e4sten. Was f\u00fcr ein Traum! Stellt euch die Hochzeitsbilder vor!<\/p>\n<p>Es scheint zwar einfach zu sein, das zu organisieren, doch gut ausgebildetes Personal, passende Ausr\u00fcstung und nat\u00fcrlich ein geeigneter Strand ist die Voraussetzung daf\u00fcr! Luxuri\u00f6se Resort-Hotels, die \u00fcber einen Privatstrand, geschultes Personal und Genehmigungen verf\u00fcgen, sind die besten Optionen f\u00fcr eine Strandhochzeit in der T\u00fcrkei.<\/p>\n<ul>\n<li>Falls ihr euch ein Angebot holen m\u00f6chtet, setzt euch mit <a href=\"https:\/\/antalyatouristinformation.com\/de\/Kontakt\/\">unserem Team in Verbindung<\/a>. Wir haben eine gro\u00dfe Auswahl und k\u00f6nnen f\u00fcr jedes Budget die richtige Option finden!<\/li>\n<\/ul>\n<p><span><img decoding=\"async\" alt=\"Wedding in a Palace in Turkey (Editorial)\" data-id=\"2258\" width=\"702\" data-init-width=\"1000\" height=\"468\" data-init-height=\"667\" title=\"Wedding in a Palace in Turkey (Editorial)\" loading=\"lazy\" src=\"\/\/antalyatouristinformation.com\/de\/wp-content\/uploads\/sites\/10\/2021\/04\/Wedding-in-a-Palace-in-Turkey.jpg\" data-width=\"702\" data-height=\"468\" data-pinpro-key=\"om7tfofy4\" data-pin-media=\"https:\/\/antalyatouristinformation.com\/de\/wp-content\/uploads\/sites\/10\/2021\/06\/prag_50_sehenswuerdigkeiten_pinterest-2-6.jpg\" data-pin-description=\"14 ideas for wedding in Turkey | Antalya Tourist Information\" data-pin-url=\"https:\/\/antalyatouristinformation.com\/de\/wedding\/amazing-ideas-turkey\/?tve=true&amp;tcbf=6a9fc9b080\"><\/span><\/p>\n<h2 id=\"t-1625680339285\" data-alt-text=\"4. Osmanischer Palast \">4. Hochzeiten in einem osmanischen Palast oder Herrenhaus<\/h2>\n<p>Wusstet ihr, dass einige osmanische Pal\u00e4ste oder Herrenh\u00e4user in der T\u00fcrkei zu mieten sind? Hier werden alle Arten von Veranstaltungen abgehalten, nat\u00fcrlich auch Hochzeiten.<\/p>\n<p>Zur Auswahl stehen zum Beispiel der Ciragan Palast, das Sait Halim Pasa Herrenhaus und der Bosporus Palast, um nur einige zu nennen. Die Gastgeber sind es gewohnt, Hochzeiten zu organisieren und bieten einen hochwertigen Service.<\/p>\n<p>F\u00fcr weitere Informationen <a href=\"https:\/\/antalyatouristinformation.com\/de\/Kontakt\/\">kontaktiert<\/a> bitte unser Team.<\/p>\n<h2 id=\"t-1625680339286\">5. Shows w\u00e4hrend eurer Hochzeit<\/h2>\n<p>Es ist heute schon fast zur Tradition geworden, die G\u00e4ste w\u00e4hrend der Hochzeitsfeier mit einer au\u00dfergew\u00f6hnlichen Show zu unterhalten. Dabei k\u00f6nnt ihr euch aus einer gro\u00dfen Palette etwas aussuchen, sei es Feuerwerk, Trommelshows, Bauchtanz, traditionelle t\u00fcrkische T\u00e4nzerinnen oder sogar Zirkusshows um nur ein paar zu nennen.<\/p>\n<p>Ihr seht schon, ihr k\u00f6nnt eure G\u00e4ste sehr kreativ unterhalten. <b>Im Kommentarbereich oder <\/b><a href=\"https:\/\/antalyatouristinformation.com\/de\/Kontakt\/\"><b>privat<\/b><\/a><b> k\u00f6nnt ihr eure Fragen dazu stellen.<\/b><\/p>\n<p><span><img decoding=\"async\" alt=\"Amazing wedding photographers in Turkey (Editorial)\" data-id=\"2260\" width=\"702\" data-init-width=\"1000\" height=\"468\" data-init-height=\"667\" title=\"Amazing wedding photographers in Turkey (Editorial)\" loading=\"lazy\" src=\"\/\/antalyatouristinformation.com\/de\/wp-content\/uploads\/sites\/10\/2021\/04\/Amazing-wedding-photographers-in-Turkey.jpg\" data-width=\"702\" data-height=\"468\" data-pinpro-key=\"pigyz2an9\" data-pin-media=\"https:\/\/antalyatouristinformation.com\/de\/wp-content\/uploads\/sites\/10\/2021\/06\/prag_50_sehenswuerdigkeiten_pinterest-2-6.jpg\" data-pin-description=\"14 ideas for wedding in Turkey | Antalya Tourist Information\" data-pin-url=\"https:\/\/antalyatouristinformation.com\/de\/wedding\/amazing-ideas-turkey\/?tve=true&amp;tcbf=6a9fc9b080\"><\/span><\/p>\n<h2 id=\"t-1625680339287\">6. Kreative Hochzeitsfotografen<\/h2>\n<p>Bei einer Hochzeit ist der Fotograf genauso wichtig wie die Band, die ihr ausw\u00e4hlt. Es gibt in der T\u00fcrkei sehr viele erfahrene, moderne und kreative Fotografen. Die Leute legen gro\u00dfen Wert auf die Fotografen. Es wurden sogar schon ganze Hochzeitstermine verschoben, weil der Lieblingsfotograf keine Zeit hatte.<\/p>\n<p>In unserem Artikel \u00fcber <a href=\"https:\/\/antalyatouristinformation.com\/de\/heiraten\/fotograf\/\">Hochzeitsfotografen <\/a>findet ihr n\u00e4here Informationen zu dem Thema.<\/p>\n<h2 id=\"t-1625680339288\">7. Bucht ein Hotel<\/h2>\n<p>Gro\u00dfe Hochzeiten erfordern gro\u00dfe Organisationen. Hochzeiten mit mehr als 300 Personen sind in der T\u00fcrkei ganz normal. Falls ihr auch eine gro\u00dfe Zeremonie vielen G\u00e4sten plant, die unter Umst\u00e4nden von au\u00dferhalb anreisen, ist die Buchung eines ganzen Hotels empfehlenswert.<\/p>\n<p>Bedenkt jedoch, dass ihr oft schon weit im Voraus buchen m\u00fcsst, mindestens 4 Monate, manchmal sogar ein Jahr. Die Hotels bieten einen kompletten Service und \u00fcbernehmen die gesamte Organisation eurer Hochzeit.<\/p>\n<p>Falls ihr mehr dar\u00fcber erfahren wollt, <a href=\"https:\/\/antalyatouristinformation.com\/de\/Kontakt\/\">kontaktiert<\/a> uns einfach. Wir arbeiten f\u00fcr euch entsprechend der G\u00e4steanzahl ein Angebot aus.<\/p>\n<h2 id=\"t-1619709262757\">8. Heiratet in der Luft<\/h2>\n<p>Vielleicht wollt ihr ja in der Luft heiraten? Heiratsantr\u00e4ge in der Luft sind inzwischen sehr trendy, doch eine Trauungszeremonie in der Luft ist etwas Besonderes. Ballon-Hochzeiten findet ihr vor allem in der Gegend von Kappadokien. Maximal 28 Personen haben in den Hei\u00dfluftballons Platz. Die Herausforderung besteht darin, einen Standesbeamten zu finden, der bereit ist, mit euch zu fliegen. Als Alternative k\u00f6nnt ihr euch auf festem Boden trauen lassen und direkt anschlie\u00dfend zur Feier des Tages eine Ballonfahrt unternehmen. Das Ganze h\u00e4ngt ein wenig von eurem Budget ab, ist jedoch durchaus m\u00f6glich.<\/p>\n<p><span><img decoding=\"async\" alt=\"Dreamy romantic weddings in garden in Turkey\" data-id=\"2262\" width=\"702\" data-init-width=\"1000\" height=\"468\" data-init-height=\"667\" title=\"Dreamy romantic weddings in garden in Turkey\" loading=\"lazy\" src=\"\/\/antalyatouristinformation.com\/de\/wp-content\/uploads\/sites\/10\/2021\/04\/Dreamy-romantic-weddings-in-garden-in-Turkey.jpg\" data-width=\"702\" data-height=\"468\" data-pinpro-key=\"l7ko8xkap\" data-pin-media=\"https:\/\/antalyatouristinformation.com\/de\/wp-content\/uploads\/sites\/10\/2021\/06\/prag_50_sehenswuerdigkeiten_pinterest-2-6.jpg\" data-pin-description=\"14 ideas for wedding in Turkey | Antalya Tourist Information\" data-pin-url=\"https:\/\/antalyatouristinformation.com\/de\/wedding\/amazing-ideas-turkey\/?tve=true&amp;tcbf=6a9fc9b080\"><\/span><\/p>\n<h2 id=\"t-1619709262758\" data-alt-text=\"9. Romantische Gartenhochzeit \">9. Vertr\u00e4umt romantische Hochzeit im Garten<\/h2>\n<p>Kennt ihr &#8222;K\u0131r D\u00fc\u011f\u00fcn\u00fc&#8220;-Hochzeiten in der T\u00fcrkei? Falls ihr euch eine romantische Hochzeit w\u00fcnscht, k\u00f6nnt ihr diesen Stil w\u00e4hlen. Dabei findet die Hochzeitsfeier in einer Gartenanlage unter freiem Himmel statt. Besonders in den K\u00fcstengebieten Izmir, Bodrum und Antalya sind diese Hochzeitsfeiern sehr beliebt.<\/p>\n<p>In jedem Ort in der T\u00fcrkei gibt es Restaurants mit gro\u00dfen G\u00e4rten, die sich auf K\u0131r d\u00fc\u011f\u00fcn\u00fc spezialisiert haben. Es ist f\u00fcr jedes Budget etwas zu finden.<\/p>\n<h2 id=\"t-1619709262759\">10. Heiraten unter der Stadt<\/h2>\n<p>Wie w\u00e4re es, Hochzeit in einer Zisterne oder einer historischen H\u00f6hle zu feiern? Es gibt in Istanbul Zisternen und in Kappadokien H\u00f6hlen, die diesen Service anbieten. Die Beleuchtung und die Akustik machen den romantischen Moment unvergesslich und sorgen f\u00fcr ein einzigartiges Flair.<\/p>\n<p>Falls ihr mehr Informationen dar\u00fcber haben m\u00f6chtet, <a href=\"https:\/\/antalyatouristinformation.com\/de\/Kontakt\/\">kontaktiert<\/a> uns einfach.<\/p>\n<h2 id=\"t-1619709262760\">11. Sagt \u201eJa\u201cin einem Aquarium<\/h2>\n<p>Wusstet ihr, dass ihr in Antalya ein Aquarium mieten k\u00f6nnt, um dort Hochzeit zu feiern? Unterwasserhochzeiten sind nicht sehr popul\u00e4r in der T\u00fcrkei, da es nicht viele Orte gibt, die das anbieten. Es ist jedoch eine wirklich einzigartige Option. Die gesamte Organisation \u00fcbernimmt das Aquarium und ihr sagt unter Wasser \u201eJa\u201c, umgeben von Hunderten von bunten Fischen. Das Aquarium Antalya bietet diese M\u00f6glichkeit, hier findet ihr mehr Informationen zu dem <a href=\"https:\/\/antalyatouristinformation.com\/de\/sehenswurdigkeiten\/attraktionen\/antalya-aquarium\/\">Aquarium Antalya<\/a>.<\/p>\n<h2 id=\"t-1619709262761\" data-alt-text=\"12. Dachterrasse\">12. Hochzeiten auf der Dachterrasse<\/h2>\n<p>Es gibt es zahllose Dachterrassen in der T\u00fcrkei, die euch alle einen fantastischen Ausblick bieten, sei es seine Terrasse in Istanbul mit Blick auf den Bosporus oder eine in Kappadokien, wo ihr fast auf gleicher H\u00f6he mit den Hei\u00dfluftballons in der N\u00e4he seid. In Antalya genie\u00dft ihr den Blick aufs Meer oder das Taurusgebirge.<\/p>\n<p>In unserem Artikel \u00fcber die besten <a href=\"https:\/\/antalyatouristinformation.com\/de\/heiraten\/location\/\">Locations f\u00fcr Hochzeiten<\/a> findet ihr mehr Informationen dar\u00fcber.<\/p>\n<p><span><img decoding=\"async\" alt=\"Rustic style weddings in Turkey\" data-id=\"2266\" width=\"702\" data-init-width=\"1000\" height=\"468\" data-init-height=\"667\" title=\"Rustic style weddings in Turkey\" loading=\"lazy\" src=\"\/\/antalyatouristinformation.com\/de\/wp-content\/uploads\/sites\/10\/2021\/04\/Rustic-style-weddings-in-Turkey.jpg\" data-width=\"702\" data-height=\"468\" data-pinpro-key=\"250d03bmt\" data-pin-media=\"https:\/\/antalyatouristinformation.com\/de\/wp-content\/uploads\/sites\/10\/2021\/06\/prag_50_sehenswuerdigkeiten_pinterest-2-6.jpg\" data-pin-description=\"14 ideas for wedding in Turkey | Antalya Tourist Information\" data-pin-url=\"https:\/\/antalyatouristinformation.com\/de\/wedding\/amazing-ideas-turkey\/?tve=true&amp;tcbf=6a9fc9b080\"><\/span><\/p>\n<h2 id=\"t-1619709262762\">13. Rustikale Hochzeit<\/h2>\n<p>Falls ihr Naturliebhaber seid, k\u00f6nnt ihr euch \u00fcberlegen, in einem Dorf zu heiraten. Etwas au\u00dferhalb der gro\u00dfen St\u00e4dte, rund um Izmir, Istanbul Antalya oder in Kappadokien gibt es hunderte von D\u00f6rfern, in denen ihr eine traditionelle Hochzeit organisieren k\u00f6nnt. Mitten in der Natur in einer rustikalen Umgebung und ganz in Einklang mit den <a href=\"https:\/\/antalyatouristinformation.com\/de\/heiraten\/turkische-traditionen\/\">t\u00fcrkischen Hochzeitstraditionen<\/a> zu heiraten, ist etwas Einzigartiges.<\/p>\n<h2 id=\"t-1619709262763\" data-alt-text=\"14. Weinlese\">14. Hochzeit w\u00e4hrend der Weinlese<\/h2>\n<p>F\u00fcr alle Weinliebhaber: hier ist die perfekte Hochzeitsidee \u00fcberhaupt! Lasst euch mitten in einem Weinfeld trauen! In den Regionen Pa\u015faba\u011flar\u0131, Dervent, \u00dcrg\u00fcp oder w\u00e4hrend des Weinlesefestes von Bozcaada gibt es einige Veranstalter, die einen bescheidenen, jedoch qualitativ hochwertigen Service anbieten. Hochzeit mal anders \u2026<\/p>\n<p>Teilt uns doch in den Kommentaren unten mit, welche Idee euch am besten gef\u00e4llt. Unsere Favoriten sind Str\u00e4nde, Natur und Ausblicke!<\/p>\n<p>Falls ihr Unterst\u00fctzung bei der Organisation eurer Hochzeit oder Feier in der T\u00fcrkei braucht, holt euch einfach ein kostenloses Angebot. Hier ist unsere Seite \u00fcber <a href=\"http:\/\/antalyatouristinformation.com\/de\/mice\/\">Organisationsservice<\/a> in der T\u00fcrkei.<\/p>\n","protected":false},"excerpt":{"rendered":"<p>Wusstet ihr, dass immer mehr Menschen ihre Hochzeit in der T\u00fcrkei feiern? Hier findet ihr 14 einzigartige und kreative Ideen f\u00fcr eure Hochzeitsfeier. Dazu geh\u00f6ren Gartenhochzeiten, Strandhochzeiten, Bootshochzeiten, Hochzeiten in den Bergen und vieles mehr. Los geht\u2019s mit den Hochzeitsideen! 1. Schafft euren eigenen Strand Nein, ihr irrt euch nicht. Es ist m\u00f6glich, verr\u00fcckte Dinge [&hellip;]<\/p>\n","protected":false},"author":5,"featured_media":2252,"parent":961,"menu_order":0,"comment_status":"open","ping_status":"closed","template":"","meta":{"_acf_changed":false,"footnotes":""},"categories":[],"tags":[51],"class_list":["post-811","page","type-page","status-publish","has-post-thumbnail","hentry","tag-wedding","post-wrapper","thrv_wrapper"],"acf":[],"wp-worthy-pixel":{"ignored":false,"public":"5cd8d1d3bb5441e98e12d3abedf11ba2","server":"vg01.met.vgwort.de","url":"https:\/\/vg01.met.vgwort.de\/na\/5cd8d1d3bb5441e98e12d3abedf11ba2"},"wp-worthy-type":"normal","_links":{"self":[{"href":"https:\/\/antalyatouristinformation.com\/de\/wp-json\/wp\/v2\/pages\/811","targetHints":{"allow":["GET"]}}],"collection":[{"href":"https:\/\/antalyatouristinformation.com\/de\/wp-json\/wp\/v2\/pages"}],"about":[{"href":"https:\/\/antalyatouristinformation.com\/de\/wp-json\/wp\/v2\/types\/page"}],"author":[{"embeddable":true,"href":"https:\/\/antalyatouristinformation.com\/de\/wp-json\/wp\/v2\/users\/5"}],"replies":[{"embeddable":true,"href":"https:\/\/antalyatouristinformation.com\/de\/wp-json\/wp\/v2\/comments?post=811"}],"version-history":[{"count":10,"href":"https:\/\/antalyatouristinformation.com\/de\/wp-json\/wp\/v2\/pages\/811\/revisions"}],"predecessor-version":[{"id":15017,"href":"https:\/\/antalyatouristinformation.com\/de\/wp-json\/wp\/v2\/pages\/811\/revisions\/15017"}],"up":[{"embeddable":true,"href":"https:\/\/antalyatouristinformation.com\/de\/wp-json\/wp\/v2\/pages\/961"}],"wp:featuredmedia":[{"embeddable":true,"href":"https:\/\/antalyatouristinformation.com\/de\/wp-json\/wp\/v2\/media\/2252"}],"wp:attachment":[{"href":"https:\/\/antalyatouristinformation.com\/de\/wp-json\/wp\/v2\/media?parent=811"}],"wp:term":[{"taxonomy":"category","embeddable":true,"href":"https:\/\/antalyatouristinformation.com\/de\/wp-json\/wp\/v2\/categories?post=811"},{"taxonomy":"post_tag","embeddable":true,"href":"https:\/\/antalyatouristinformation.com\/de\/wp-json\/wp\/v2\/tags?post=811"}],"curies":[{"name":"wp","href":"https:\/\/api.w.org\/{rel}","templated":true}]}}