{"id":8864,"date":"2021-05-23T14:08:31","date_gmt":"2021-05-23T12:08:31","guid":{"rendered":"https:\/\/antalyatouristinformation.com\/clone4639485xzhehsskdjfhhdhebdkkekdeewsd4545gdfgm\/plan\/clone-of-the-complete-guide-of-alanya-gazipasa-airport\/"},"modified":"2025-05-30T10:51:02","modified_gmt":"2025-05-30T08:51:02","slug":"dalaman-flughafen","status":"publish","type":"page","link":"https:\/\/antalyatouristinformation.com\/de\/plan\/dalaman-flughafen\/","title":{"rendered":"Flughafen Dalaman [DLM]: Info zu Fl\u00fcgen, Transfer, Hotels und Anfahrt"},"content":{"rendered":"<p>Dalaman DLM ist nach den Passagierzahlen der siebtgr\u00f6\u00dfte Flughafen in der T\u00fcrkei. Er liegt circa 260 Kilometer westlich von Antalya in der Provinz Mu\u011fla, einer Nachbarprovinz von Antalya.<\/p>\n<p>Ihr k\u00f6nnt diesen Flughafen benutzen, wenn ihr direkt nach Patara, Kalkan oder Ka\u015f reist. Von Ka\u015f liegt Dalaman 95 Kilometer entfernt, w\u00e4hrend der Flughafen Antalya 205 Kilometer entfernt ist.<\/p>\n<p>Aufgrund seiner Lage ist Dalaman eine gute Option f\u00fcr Reisen in den westlichen Teil von Antalya. Gleichzeitig ist der Flughafen Dalaman der wichtigste Ankunftspunkt f\u00fcr Reisende nach Fethiye, \u00d6l\u00fcdeniz und Dalyan in der Nachbarprovinz Mu\u011fla.<\/p>\n<p>Hier haben wir alle wichtigen Informationen gesammelt, die ihr \u00fcber den Flughafen Dalaman wissen m\u00fcssen, um sicher und reibungslos zu reisen.<\/p>\n<h2 id=\"t-1619202778926\" data-alt-text=\"1. Arrival and Departure\">1. Arrival and Departure&nbsp;<\/h2>\n<p>Auf der offiziellen Seite des Flughafens findet ihr die aktuellen An- und Abflugs-Zeiten. Hier sind die entsprechenden Links:<\/p>\n<ul>\n<li><span><b>Ankunftszeiten &#8211; Arrivals:<\/b> Die aktuellen <a href=\"http:\/\/yda.aero\/flights\/#domestic-arrival\" target=\"_blank\">Ankunftszeiten f\u00fcr nationale Fl\u00fcge<\/a> findet ihr hier, die <a href=\"http:\/\/yda.aero\/flights\/#international-arrival\" target=\"_blank\">Ankunftszeiten f\u00fcr internationale Fl\u00fcge<\/a> hier.&nbsp;<\/span><\/li>\n<li><span><strong><b>Abflugszeiten &#8211; Departures:<\/b> <\/strong>Die aktuellen <a href=\"http:\/\/www.yda.aero\/flights\/#domestic-departure\" target=\"_blank\">Abflugzeiten f\u00fcr nationale Fl\u00fcge<\/a> findet ihr hier, die <a href=\"http:\/\/www.yda.aero\/flights\/#international-departure\" target=\"_blank\">Abflugzeiten f\u00fcr internationale Fl\u00fcge<\/a> sind hier.&nbsp;<\/span><\/li>\n<\/ul>\n<h2 id=\"t-1619202778927\">2. Fl\u00fcge nach Dalaman<\/h2>\n<p>Vom Flughafen Dalaman starten sowohl nationale als auch internationale Fl\u00fcge.<\/p>\n<p>Saisonal wird der Flughafen von internationalen Chartergesellschaften angeflogen.<\/p>\n<ul>\n<li><span><strong>International:<\/strong> Internationale Flugverbindungen gibt es in insgesamt 23 verschiedene L\u00e4nder und 68 verschiedene Ziele, darunter nach Deutschland in die St\u00e4dte K\u00f6ln, N\u00fcrnberg, Berlin und Frankfurt\/Main, sowie nach Wien in \u00d6sterreich. Zus\u00e4tzlich werden Amsterdam, Rotterdam und Eindhoven in den Niederlanden angeflogen. Dazu kommen Verbindungen nach Spanien, England und die Ukraine. Die internationalen Flugverbindungen des Flughafens Dalaman werden derzeit nur saisonal angeboten.<\/span><\/li>\n<li><span><strong>National:<\/strong> Die Inlandsverbindungen werden von Turkish Airlines, Pegasus Airlines und Anadolu Jet geflogen. Es gibt ganzj\u00e4hrig Verbindungen nach Antalya, Izmir, Istanbul und Ankara. Die wichtigste Strecke ist die Verbindung nach Istanbul, gefolgt von Ankara.<\/span><\/li>\n<\/ul>\n<h2 id=\"t-1619202778928\" data-alt-text=\"3. Terminals\">3. Terminals am Flughafen Dalaman<\/h2>\n<p>Es gibt zwei Terminals am Dalaman Flughafen. Beide Terminalgeb\u00e4ude sind vierst\u00f6ckig und haben jeweils 13 Gates. Von dem neuen Terminal 1 werden die internationalen Fl\u00fcge abgefertigt, w\u00e4hrend das Terminal 2 Inlandsfl\u00fcgen vorbehalten ist.<\/p>\n<p>Am Flughafen Dalaman k\u00f6nnen insgesamt 35 Flugzeuge gleichzeitig geparkt werden.<\/p>\n<ul>\n<li><span><strong>Tipp:<\/strong> Hier findet ihr Informationen \u00fcber den <a href=\"https:\/\/antalyatouristinformation.com\/de\/plan\/antalya-flughafen\/\">Flughafen Antalya<\/a> und <a href=\"https:\/\/antalyatouristinformation.com\/de\/plan\/alanya-gazipasa-flughafen\/\">Alanya-Gazipa\u015fa.<\/a><\/span><\/li>\n<\/ul>\n<h2 id=\"t-1619552385133\" data-alt-text=\"4. Transfers \">4. Flughafentransfer<\/h2>\n<p>Am schnellsten ist der Flughafen mit dem Auto \u00fcber die Schnellstra\u00dfe zu erreichen. Doch es gibt nat\u00fcrlich Alternativen.<\/p>\n<ul>\n<li><span><strong>Auto:<\/strong> Der Flughafen Dalaman liegt 95 Kilometer westlich von Ka\u015f und 6 Kilometer vom Zentrum von Dalaman entfernt. Er ist \u00fcber die vierspurige Schnellstra\u00dfe D 555 leicht zu erreichen. Nach Ka\u015f dauert die Fahrt in etwa je nach Verkehrsaufkommen 100-120 Minuten. Falls ihr nach Marmaris oder Fethiye wollt, fahrt ihr nach circa 7 Kilometern auf der K\u00fcstenstra\u00dfe D400 weiter. Hier findet ihr Informationen zur <a href=\"https:\/\/antalyatouristinformation.com\/de\/plan\/mietwagen\/\">Autovermietung in Antalya.<\/a>&nbsp;<\/span><\/li>\n<li><span><strong>\u00d6ffentliche Busse:<\/strong> Die \u00f6ffentliche Verkehrsanbindung ist nicht sehr gut ausgebaut. Es gibt keine \u00f6ffentlichen Busse, die zum Flughafen Dalaman fahren.<\/span><\/li>\n<li><span><strong><b>Hava\u015f<\/b>:<\/strong> Die Gesellschaft Hava\u015f Ground Handling bietet einen privaten Shuttle Service vom Flughafen nach Dalaman an. Es gibt auch einen Shuttleservice nach Marmaris und Fehtiye. Die Abfahrtszeiten der Busse sind auf die Ankunftszeiten der nationalen Fl\u00fcge abgestimmt. Die Fahrt dauert je nach Verkehrsaufkommen 60-90 Minuten.<\/span><\/li>\n<li><span><strong>Taxi:<\/strong> Vor den Terminals des Flughafens gibt es Taxist\u00e4nde. &nbsp;Es gibt keinen Nachttarif, 24 Stunden lang gilt derselbe Preis. Achten Sie darauf, dass das Taxameter eingeschaltet wird. Eine Fahrt vom Flughafen nach Ka\u015f dauert je nach Verkehrsaufkommen knapp 2 Stunden. Ausf\u00fchrliche Informationen \u00fcber&nbsp;<a href=\"https:\/\/antalyatouristinformation.com\/de\/offentlicher-verkehr\/taxi\/\">Taxis in Antalya<\/a> findet ihr in unserem Taxi-Guide.<\/span><\/li>\n<li><span><strong>Privat-Transfer:<\/strong> Verschiedene Firmen bieten Flughafentransfers in der Limousine an, bei denen der Chauffeur den Gast am Gate abholt. Hier findet ihr n\u00e4here Informationen zu <a href=\"https:\/\/antalyatouristinformation.com\/de\/mice\/executive-transfer\/\">Gruppentransfers. <\/a><\/span><\/li>\n<\/ul>\n<h2 id=\"t-1676531365446\">5. Mietwagen<\/h2>\n<p>Die gro\u00dfen Autovermietungen wie Metro, Car Rental, Sixt, Hertz, Avis, Budget und Europcar haben eine Filiale am Flughafen Dalaman. Wir empfehlen euch, besonders w\u00e4hrend der Hochsaison, das Auto im Voraus online zu reservieren.<\/p>\n<h2 id=\"t-1619202778931\" data-alt-text=\"6. Restaurants und Duty Free\">6. Restaurants, Einkaufen und Duty Free<\/h2>\n<p>In dem Terminal f\u00fcr Inlandsfl\u00fcge befindet sich ein Caf\u00e9 und ein Restaurant, das Snacks und Kleinigkeiten zum Essen verkauft sowie ein Supermarkt.<\/p>\n<p>Im internationalen Abflugbereich gibt es mehrere Restaurants und Caf\u00e9s, darunter Burger King, Subway, Sbarro, KFC sowie einen kleinen Supermarkt.<\/p>\n<p>Hier k\u00f6nnt ihr auch Duty-Free einkaufen. Die Duty-Free Gesch\u00e4fte sind gut sortiert und bieten neben einer reichen Auswahl an Schokolade, Parf\u00fcm, Alkoholika und Kosmetik auch Souvenirs, T\u00fcrkeispezifische S\u00fc\u00dfigkeiten wie Lokum und Baklava, Kleidung, Uhren und Kinderspielzeug an.<\/p>\n<h2 id=\"t-1619202778932\" data-alt-text=\"7. Parken\">7. Parken am Flughafen Dalaman<\/h2>\n<p>Es gibt bei beiden Terminals Parkpl\u00e4tze, der gr\u00f6\u00dfte liegt bei dem Nationalen Terminal und hat Platz f\u00fcr 550 Fahrzeuge.<\/p>\n<p>Die Preise \u00e4ndern sich je nach Parkdauer.<\/p>\n<p>Genauere Informationen zu den aktuellen Preisen findet ihr auf der <a href=\"https:\/\/havalimanlari.net\/mugla-dalaman-havalimani-havaalani-airport-%D0%B0%D1%8D%D1%80%D0%BE%D0%BF%D0%BE%D1%80%D1%82-flughafen\/turkey-mugla-dalaman-airport-parking-dlm-ltbs-dalaman-airport-car-parking-prices-fee-charges-car-parking-dalaman-airport-daily-parking-price-cost-fares-dlm-ltbs-dalaman-airport-car-park-phone.html\" target=\"_blank\">Webseite des Flughafens<\/a>.&nbsp;<\/p>\n<h2 id=\"t-1619202778933\" data-alt-text=\"8. Hotels\">8. Hotels beim Flughafen Dalaman<\/h2>\n<p>Direkt am Flughafen Dalaman gibt es zwar kein Airport Hotel, doch in einer Entfernung von 3 bis 4 Kilometer liegen mehrere Unterk\u00fcnfte, wie beispielsweise das Dalaman Airport Lykia Resort Hotel &amp; SPA, ein modern eingerichtetes 4-Sterne Hotel mit Sauna und Fitnessraum nur 4 Kilometer vom Flughafen entfernt.<\/p>\n<p>Zus\u00e4tzlich gibt es Unterkunftsm\u00f6glichkeiten aller Preisklassen in der n\u00e4heren Umgebung. Die familiengef\u00fchrten Hotels und Pensionen sind besonders erw\u00e4hnenswert.<\/p>\n<h2 id=\"t-1619202778934\">9. Internet&nbsp;<\/h2>\n<p>Wi-Fi-Verbindung ist in den Restaurants und Cafes der Ankunfts- und Abflughallen der Terminals sowie in den CIP Lounges verf\u00fcgbar.<\/p>\n<ul>\n<li><strong>Informationen \u00fcber SIM-Karten<\/strong>&nbsp;erh\u00e4lt ihr in unserem Beitrag \u00fcber die besten&nbsp;<a href=\"https:\/\/antalyatouristinformation.com\/de\/beste-turkische-sim-karte-fur-antalya\/\">t\u00fcrkischen SIM-Karten f\u00fcr Touristen in Antalya<\/a>.&nbsp;<\/li>\n<\/ul>\n<h2 id=\"t-1619202778935\" data-alt-text=\"10. Kontakt\">10. Kontakt<\/h2>\n<ul>\n<li><span><strong>Adresse:&nbsp;<\/strong>Ege, 48770 Dalaman\/Mu\u011fla, T\u00fcrkei<\/span><\/li>\n<li><span><strong>\u00d6ffnungszeiten: <\/strong>Genaue Informationen zu den <a href=\"http:\/\/yda.aero\" target=\"_blank\">\u00d6ffnungszeiten<\/a> findet ihr hier.<strong>&nbsp;<\/strong><\/span><\/li>\n<li><span><strong>\u00d6ffentlicher Verkehr:&nbsp;<\/strong>Die Haltestelle der Havasbusse liegt vor dem nationalen Terminal.<\/span><\/li>\n<li><span><strong>Webseite:&nbsp;<\/strong><a href=\"http:\/\/yda.aero\" target=\"_blank\">Yda.aero<\/a>&nbsp;<\/span><\/li>\n<\/ul>\n<h2 id=\"t-1620142340805\" data-alt-text=\"11. Karte\">11. Karte<\/h2>\n<h2 style=\"text-align: left\" id=\"t-1619202778936\" data-alt-text=\"12. FAQ\">FAQ&nbsp;<\/h2>\n<p>Lest mehr \u00fcber die anderen Flugh\u00e4fen in der Region Antalya:<\/p>\n<ul>\n<li><a href=\"https:\/\/antalyatouristinformation.com\/de\/plan\/antalya-flughafen\/\">Flughafen Antalya<\/a>&nbsp;<\/li>\n<li><a href=\"https:\/\/antalyatouristinformation.com\/de\/plan\/alanya-gazipasa-flughafen\/\">Flughafen Alanya-Gazipa\u015fa<\/a><\/li>\n<li>Mehr Informationen zum <a href=\"https:\/\/antalyatouristinformation.com\/de\/offentlicher-verkehr\/antalya-stadt\/\">\u00f6ffentlichen Verkehr<\/a> in Antalya <a href=\"https:\/\/antalyatouristinformation.com\/de\/public-transport\/\"><\/a><\/li>\n<\/ul>\n","protected":false},"excerpt":{"rendered":"<p>Dalaman DLM ist nach den Passagierzahlen der siebtgr\u00f6\u00dfte Flughafen in der T\u00fcrkei. Er liegt circa 260 Kilometer westlich von Antalya in der Provinz Mu\u011fla, einer Nachbarprovinz von Antalya. Ihr k\u00f6nnt diesen Flughafen benutzen, wenn ihr direkt nach Patara, Kalkan oder Ka\u015f reist. Von Ka\u015f liegt Dalaman 95 Kilometer entfernt, w\u00e4hrend der Flughafen Antalya 205 Kilometer [&hellip;]<\/p>\n","protected":false},"author":6,"featured_media":9174,"parent":172,"menu_order":0,"comment_status":"open","ping_status":"closed","template":"","meta":{"_acf_changed":false,"footnotes":""},"categories":[],"tags":[56],"class_list":["post-8864","page","type-page","status-publish","has-post-thumbnail","hentry","tag-airport","post-wrapper","thrv_wrapper"],"acf":[],"wp-worthy-pixel":{"ignored":false,"public":null,"server":null,"url":null},"wp-worthy-type":"normal","_links":{"self":[{"href":"https:\/\/antalyatouristinformation.com\/de\/wp-json\/wp\/v2\/pages\/8864","targetHints":{"allow":["GET"]}}],"collection":[{"href":"https:\/\/antalyatouristinformation.com\/de\/wp-json\/wp\/v2\/pages"}],"about":[{"href":"https:\/\/antalyatouristinformation.com\/de\/wp-json\/wp\/v2\/types\/page"}],"author":[{"embeddable":true,"href":"https:\/\/antalyatouristinformation.com\/de\/wp-json\/wp\/v2\/users\/6"}],"replies":[{"embeddable":true,"href":"https:\/\/antalyatouristinformation.com\/de\/wp-json\/wp\/v2\/comments?post=8864"}],"version-history":[{"count":10,"href":"https:\/\/antalyatouristinformation.com\/de\/wp-json\/wp\/v2\/pages\/8864\/revisions"}],"predecessor-version":[{"id":16600,"href":"https:\/\/antalyatouristinformation.com\/de\/wp-json\/wp\/v2\/pages\/8864\/revisions\/16600"}],"up":[{"embeddable":true,"href":"https:\/\/antalyatouristinformation.com\/de\/wp-json\/wp\/v2\/pages\/172"}],"wp:featuredmedia":[{"embeddable":true,"href":"https:\/\/antalyatouristinformation.com\/de\/wp-json\/wp\/v2\/media\/9174"}],"wp:attachment":[{"href":"https:\/\/antalyatouristinformation.com\/de\/wp-json\/wp\/v2\/media?parent=8864"}],"wp:term":[{"taxonomy":"category","embeddable":true,"href":"https:\/\/antalyatouristinformation.com\/de\/wp-json\/wp\/v2\/categories?post=8864"},{"taxonomy":"post_tag","embeddable":true,"href":"https:\/\/antalyatouristinformation.com\/de\/wp-json\/wp\/v2\/tags?post=8864"}],"curies":[{"name":"wp","href":"https:\/\/api.w.org\/{rel}","templated":true}]}}