{"id":8918,"date":"2021-06-03T11:57:17","date_gmt":"2021-06-03T09:57:17","guid":{"rendered":"https:\/\/antalyatouristinformation.com\/clone4639485xzhehsskdjfhhdhebdkkekdeewsd4545gdfgm\/?page_id=8918"},"modified":"2023-03-03T15:12:10","modified_gmt":"2023-03-03T14:12:10","slug":"paulus-weg","status":"publish","type":"page","link":"https:\/\/antalyatouristinformation.com\/de\/sehenswurdigkeiten\/attraktionen\/paulus-weg\/","title":{"rendered":"Paulusweg: Kulturroute &amp; Wanderweg"},"content":{"rendered":"<p>Hier ist unser kompletter Guide zum Paulusweg in der T\u00fcrkei.<\/p>\n<p>Der Paulusweg ist ein 500 Kilometer langer Weitwanderweg und eine Kulturroute, die die Missionsreise des Apostels Paulus vom Mittelmeer zu der antiken Stadt Antiochia nachzeichnet. Einige Teilstrecken sind sehr anspruchsvoll.<\/p>\n<p>Nach dem Lykischen Weg ist der Paulusweg der zweite Langstreckenwanderweg in der T\u00fcrkei.<\/p>\n<p>Hier findet ihr alle wichtigen Informationen zum Paulusweg. Dazu geh\u00f6ren seine Geschichte ebenso wie Teilstrecken und was ihr dort sehen k\u00f6nnt.<\/p>\n<p><span><img decoding=\"async\" alt=\"taz\u0131 - eagles- canyon in antalya in turkey\" data-id=\"5667\" width=\"702\" data-init-width=\"1000\" height=\"470\" data-init-height=\"670\" title=\"taz\u0131 - eagles- canyon in antalya in turkey\" loading=\"lazy\" src=\"https:\/\/antalyatouristinformation.com\/de\/wp-content\/uploads\/sites\/10\/2021\/05\/tazi-eagles-canyon-in-antalya-in-turkey.jpg\" data-width=\"702\" data-height=\"470\"><\/span><\/p>\n<ul>\n<li><a rel=\"noreferrer noopener nofollow\" href=\"https:\/\/pinterest.com\/pin\/create\/button\/?url=https:\/\/antalyatouristinformation.com\/de\/sehenswurdigkeiten\/attraktionen\/paulus-weg\/?tve=true&amp;tcbf=3c052dd3e9&amp;is_video=false&amp;media=https:\/\/antalyatouristinformation.com\/de\/wp-content\/uploads\/sites\/10\/2021\/05\/tazi-eagles-canyon-in-antalya-in-turkey.jpg&amp;description=Paulusweg%3A%20Kulturroute%20und%20Fernwanderweg%20%7C%20Antalya%20Tourist%20Information\" target=\"_blank\"><span><\/span><span>Pin<\/span><\/a><\/li>\n<\/ul>\n<h2>Was kann ich beim Paulusweg machen?<\/h2>\n<p>Historisch gesehen, wurde er als &#8222;<strong>Treffpunkt der Religionen<\/strong>&#8220; f\u00fcr die anatolischen L\u00e4nder bezeichnet. Der Einfluss des Heiligen Paulus ist gro\u00df f\u00fcr Anatolien, wo sehr wichtige Ereignisse in der Geschichte des Christentums stattfanden. Nach seinen <strong>Missionsreisen<\/strong> entstanden <strong>in Anatolien<\/strong>, das weit von Jerusalem und Rom entfernt war, <strong>die ersten Kirchengemeinden<\/strong>.<\/p>\n<p>Daher geh\u00f6rt der heilige Paulus mit seinen Reisen <strong>zu den wichtigsten Verbreitern des Christentums<\/strong>, sowohl in Anatolien als auch in Europa. Paulus wurde in Tarsus, einem Bezirk \u00f6stlich der Stadt Mersin in der T\u00fcrkei, geboren. Tats\u00e4chlich war er der Sohn einer j\u00fcdischen Familie. Es wird gesagt, dass er <strong>aufgrund eines Traumes zum Christentum<\/strong> konvertierte (36 &#8211; 37 nach unserer Zeitrechnung).<\/p>\n<p>Um das Christentum zu verbreiten, organisierte er <strong>drei gro\u00dfe Reisen<\/strong>. Der Paulusweg in Anatolien ist ca. <strong>410 km lang<\/strong>. Er war die Route von St. Paulus, als er zum ersten Mal nach Anatolien kam<\/p>\n<p>Der Paulusweg wurde durch Markierung nach internationalen Standards mithilfe von Kate Clow und ihrem Team entworfen und <strong>2004 er\u00f6ffnet<\/strong>. Er ist nach dem <a href=\"https:\/\/antalyatouristinformation.com\/de\/sehenswurdigkeiten\/attraktionen\/lykischer-weg\/\">Lykischen Weg<\/a> der zweit\u00e4lteste Weitwanderweg der T\u00fcrkei.<\/p>\n<p><strong>Der Weg hat zwei verschiedene Zweige<\/strong>. Einer beginnt in <a href=\"https:\/\/antalyatouristinformation.com\/de\/sehenswurdigkeiten\/geschichte\/perge\/\">Perge<\/a> in Antalya, w\u00e4hrend der andere in <a href=\"https:\/\/antalyatouristinformation.com\/de\/sehenswurdigkeiten\/geschichte\/aspendos\/\">Aspendos <\/a>beginnt. Beide Wege treffen in der <strong>antiken Stadt Adada in der N\u00e4he von S\u00fct\u00e7\u00fcler<\/strong> zusammen. Von hier aus f\u00fchrt der Paulusweg \u00fcber den <strong>E\u011firdir See<\/strong> bis zur Stadt <strong>Yalva\u00e7 in Isparta<\/strong>.<\/p>\n<p><strong>F\u00fcr die Begehung der gesamten Strecke ben\u00f6tigt ihr im Durchschnitt 27 Tage,<\/strong> je nach Kondition. Nat\u00fcrlich k\u00f6nnt ihr auch Teilstrecken bewandern und selbst entscheiden, wo ihr anfangt und wo eure Wanderung enden soll. Im Vergleich zum Lykischen Weg hat der Paulusweg eine eher komplexe Route. Daher legen Wanderer in der Regel ihre eigene Route fest.<\/p>\n<p><strong>Der h\u00f6chste Punkt der Kulturroute<\/strong>, die auf Meeresh\u00f6he beginnt, <strong>l<\/strong><strong>iegt bei 2800 Metern.<\/strong><\/p>\n<p>Unterwegs k\u00f6nnt ihr die <strong>herrlichen Bergd\u00f6rfer des Taurusgebirges<\/strong> kennenlernen. Auf dem Paulusweg gibt es auch Waldgebiete, die sich zum <strong>Mountainbiken<\/strong> eignen.<\/p>\n<p>Unterwegs seht ihr zahlreiche Natursch\u00f6nheiten und erlebt bei eurer Wanderung durch antike St\u00e4dte <strong>Geschichte hautnah<\/strong>. So k\u00f6nnt ihr die antike Stadt Perge, Adam Kayalar, die antiken St\u00e4tten Pednelissos und Selge und die ber\u00fchmten D\u00fc\u011fmeli Evler (Knopfh\u00e4user) sehen.<\/p>\n<p>Der Paulusweg f\u00fchrt <strong>durch Lavendelfelder<\/strong>, vorbei an dem Kovada und Egirdir See, die Zindan H\u00f6hle und durch den Yaz\u0131l\u0131 Kanyon-<a href=\"https:\/\/antalyatouristinformation.com\/de\/sehenswurdigkeiten\/attraktionen\/nationalpark\/\">Nationalpark<\/a>. Der <a href=\"https:\/\/antalyatouristinformation.com\/de\/sehenswurdigkeiten\/canyon\/tazi-eagle\/\">Taz\u0131 Canyon<\/a>, die antike St\u00e4tte Adada, Pisidia Antiocheia sowie der <a href=\"https:\/\/antalyatouristinformation.com\/de\/sehenswurdigkeiten\/wasserfalle\/kursunlu\/\">Kur\u015funlu-Wasserfall <\/a>liegen ebenfalls auf dem Weg.<\/p>\n<p><span><img decoding=\"async\" alt=\"kur\u015funlu Waterfall in Antalya in Turkey\" data-id=\"672\" width=\"702\" data-init-width=\"1000\" height=\"470\" data-init-height=\"670\" title=\"kur\u015funlu Waterfall in Antalya in Turkey\" loading=\"lazy\" src=\"https:\/\/antalyatouristinformation.com\/de\/wp-content\/uploads\/sites\/10\/2021\/02\/kursunlu-wat.-antalya-in-turkey.jpg\" data-width=\"702\" data-height=\"470\"><\/span><\/p>\n<ul>\n<li><a rel=\"noreferrer noopener nofollow\" href=\"https:\/\/pinterest.com\/pin\/create\/button\/?url=https:\/\/antalyatouristinformation.com\/de\/sehenswurdigkeiten\/attraktionen\/paulus-weg\/?tve=true&amp;tcbf=3c052dd3e9&amp;is_video=false&amp;media=https:\/\/antalyatouristinformation.com\/de\/wp-content\/uploads\/sites\/10\/2021\/02\/kursunlu-wat.-antalya-in-turkey.jpg&amp;description=Paulusweg%3A%20Kulturroute%20und%20Fernwanderweg%20%7C%20Antalya%20Tourist%20Information\" target=\"_blank\"><span><\/span><span>Pin<\/span><\/a><\/li>\n<\/ul>\n<h2>Eintritt, Tickets und Touren<\/h2>\n<ul>\n<li><span><strong>Eintritt:<\/strong> Ihr k\u00f6nnt jederzeit auf dem Paulusweg wandern, jedoch empfehlen wir wegen der hohen Temperaturen im Sommer die Fr\u00fchlings- und Herbstmonate.<\/span><\/li>\n<li><span><strong>Tickets: <\/strong>F\u00fcr die Wanderung auf dem Paulusweg ist kein Ticket erforderlich. Ihr ben\u00f6tigt nur ein Ticket einige Nationalparks und antike St\u00e4tten wie Aspendos oder Perge, die ihr vielleicht unterwegs besuchen m\u00f6chtet.<\/span><\/li>\n<li><span><strong>Touren:&nbsp;<\/strong>Reiseveranstalter in der T\u00fcrkei stellen euch eine ma\u00dfgeschneiderte Tour f\u00fcr den Paulusweg zusammen.<\/span><\/li>\n<\/ul>\n<p><span><img decoding=\"async\" alt=\"Aerial View of Road to Perge Ancient Site in Antalya in Turkey\" data-id=\"473\" width=\"702\" data-init-width=\"1000\" height=\"470\" data-init-height=\"670\" title=\"Aerial View of Road to Perge Ancient Site in Antalya in Turkey\" loading=\"lazy\" src=\"https:\/\/antalyatouristinformation.com\/de\/wp-content\/uploads\/sites\/10\/2021\/02\/road-to-perge-in-antalya-in-turkey.jpg\" data-width=\"702\" data-height=\"470\"><\/span><\/p>\n<ul>\n<li><a rel=\"noreferrer noopener nofollow\" href=\"https:\/\/pinterest.com\/pin\/create\/button\/?url=https:\/\/antalyatouristinformation.com\/de\/sehenswurdigkeiten\/attraktionen\/paulus-weg\/?tve=true&amp;tcbf=3c052dd3e9&amp;is_video=false&amp;media=https:\/\/antalyatouristinformation.com\/de\/wp-content\/uploads\/sites\/10\/2021\/02\/road-to-perge-in-antalya-in-turkey.jpg&amp;description=Paulusweg%3A%20Kulturroute%20und%20Fernwanderweg%20%7C%20Antalya%20Tourist%20Information\" target=\"_blank\"><span><\/span><span>Pin<\/span><\/a><\/li>\n<\/ul>\n<p>Wie komme ich zum Paulusweg?<\/p>\n<p>Im Gegensatz zum Lykischen Weg hat der Paulusweg <strong>keinen bestimmten Start- und Endpunkt<\/strong>. Es ist m\u00f6glich, verschiedenen Routen zu folgen.<\/p>\n<p>Die <strong>bekannteste Route beginnt in Antalya und f\u00fchrt in Richtung Isparta<\/strong>. Ihr k\u00f6nnt von Aspendos oder Perge in Antalya aus starten und auf der Stra\u00dfe, die im S\u00fcdosten von Isparta am Kovada-See m\u00fcndet, nach Yalva\u00e7 gehen.<\/p>\n<h2>FAQ&nbsp;<\/h2>\n<h2>Geschichte des Paulusweges<\/h2>\n<p>Zu einer Zeit, als das Christentum vom Aussterben bedroht war, kam der heilige Paulus nach Anatolien und begab sich auf eine Missionsreise.<\/p>\n<p>In den Jahren 46-48 nach unserer Zeitrechnung kam er von Antakya (Antiochea) nach Samanda\u011f (Seleucia Pieria) und setzte von dort mit einem Schiff nach Zypern \u00fcber.<\/p>\n<p>Nachdem er eine Zeit lang auf Zypern geblieben war, ging er nach Antalya. Er machte viele Zwischenstopps auf seinem Weg von Perge nach Yalva\u00e7 (Pisidia Antiochea), Konya (Iconium), Karaman-Hatunsaray (Lystra) und Derbe, um Predigten zu halten. Nachdem er eine gro\u00dfe Anzahl von Menschen beeinflusst hatte, kehrte er nach Perge zur\u00fcck. Von dort aus ging er wieder in Richtung Antakya.<\/p>\n<p>Der Paulusweg ist nach dem nach internationalen Ma\u00dfst\u00e4ben markierten Lykischen Weg die zweitl\u00e4ngste Wanderroute in der T\u00fcrkei.<\/p>\n<h2>Kontakt:<\/h2>\n<ul>\n<li><span><strong>Adresse: <\/strong>zwei Zweige, Beginn in Perge oder Aspendos<\/span><\/li>\n<li><span><strong>\u00d6ffnungszeiten: <\/strong>t\u00e4glich ganzj\u00e4hrig<\/span><\/li>\n<li><span><strong>\u00d6ffentlicher Verkehr:&nbsp;<\/strong>Bus nach Perge oder Aspendos<\/span><\/li>\n<\/ul>\n","protected":false},"excerpt":{"rendered":"<p>Hier ist unser kompletter Guide zum Paulusweg in der T\u00fcrkei. Der Paulusweg ist ein 500 Kilometer langer Weitwanderweg und eine Kulturroute, die die Missionsreise des Apostels Paulus vom Mittelmeer zu der antiken Stadt Antiochia nachzeichnet. Einige Teilstrecken sind sehr anspruchsvoll. Nach dem Lykischen Weg ist der Paulusweg der zweite Langstreckenwanderweg in der T\u00fcrkei. Hier findet [&hellip;]<\/p>\n","protected":false},"author":4,"featured_media":0,"parent":117,"menu_order":0,"comment_status":"closed","ping_status":"closed","template":"","meta":{"_acf_changed":false,"footnotes":""},"categories":[],"tags":[],"class_list":["post-8918","page","type-page","status-publish","hentry","post-wrapper","thrv_wrapper"],"acf":[],"wp-worthy-pixel":{"ignored":false,"public":null,"server":null,"url":null},"wp-worthy-type":"normal","_links":{"self":[{"href":"https:\/\/antalyatouristinformation.com\/de\/wp-json\/wp\/v2\/pages\/8918","targetHints":{"allow":["GET"]}}],"collection":[{"href":"https:\/\/antalyatouristinformation.com\/de\/wp-json\/wp\/v2\/pages"}],"about":[{"href":"https:\/\/antalyatouristinformation.com\/de\/wp-json\/wp\/v2\/types\/page"}],"author":[{"embeddable":true,"href":"https:\/\/antalyatouristinformation.com\/de\/wp-json\/wp\/v2\/users\/4"}],"replies":[{"embeddable":true,"href":"https:\/\/antalyatouristinformation.com\/de\/wp-json\/wp\/v2\/comments?post=8918"}],"version-history":[{"count":9,"href":"https:\/\/antalyatouristinformation.com\/de\/wp-json\/wp\/v2\/pages\/8918\/revisions"}],"predecessor-version":[{"id":14833,"href":"https:\/\/antalyatouristinformation.com\/de\/wp-json\/wp\/v2\/pages\/8918\/revisions\/14833"}],"up":[{"embeddable":true,"href":"https:\/\/antalyatouristinformation.com\/de\/wp-json\/wp\/v2\/pages\/117"}],"wp:attachment":[{"href":"https:\/\/antalyatouristinformation.com\/de\/wp-json\/wp\/v2\/media?parent=8918"}],"wp:term":[{"taxonomy":"category","embeddable":true,"href":"https:\/\/antalyatouristinformation.com\/de\/wp-json\/wp\/v2\/categories?post=8918"},{"taxonomy":"post_tag","embeddable":true,"href":"https:\/\/antalyatouristinformation.com\/de\/wp-json\/wp\/v2\/tags?post=8918"}],"curies":[{"name":"wp","href":"https:\/\/api.w.org\/{rel}","templated":true}]}}