{"id":8929,"date":"2021-07-15T16:34:23","date_gmt":"2021-07-15T14:34:23","guid":{"rendered":"https:\/\/antalyatouristinformation.com\/clone4639485xzhehsskdjfhhdhebdkkekdeewsd4545gdfgm\/?page_id=8929"},"modified":"2023-05-03T09:23:31","modified_gmt":"2023-05-03T07:23:31","slug":"weather","status":"publish","type":"page","link":"https:\/\/antalyatouristinformation.com\/de\/plan\/weather\/","title":{"rendered":"Antalya: Wetter und beste Reisezeit"},"content":{"rendered":"<p>Nat\u00fcrlich h\u00e4ngt die beste Reisezeit davon ab, was f\u00fcr eine Art von Urlaub ihr machen wollt.<\/p>\n<p>Antalya besteht nicht nur aus Sonne, Sand und Meer, sondern ist Kulturzentrum und hat diverse Sportm\u00f6glichkeiten und eine nahezu endlose Auswahl an Aktivit\u00e4ten zu bieten. Wusstet ihr, dass man in Antalya sogar Skifahren kann?<\/p>\n<p>Hier findet ihr Informationen \u00fcber die Wetterbedingungen und das Klima, die Temperaturen zu den verschiedenen Jahreszeiten sowie Empfehlungen f\u00fcr entsprechende Aktivit\u00e4ten. Entscheidet selbst, welche Jahreszeit f\u00fcr euren Urlaub die beste ist.<\/p>\n<p>Los geht\u2019s!<\/p>\n<p><span><img decoding=\"async\" alt=\"Cruise to Kekova Island in Antalya in Turkey\" data-id=\"8601\" width=\"702\" data-init-width=\"1000\" height=\"468\" data-init-height=\"667\" title=\"Cruise to Kekova Island in Antalya in Turkey\" loading=\"lazy\" src=\"https:\/\/antalyatouristinformation.com\/de\/wp-content\/uploads\/sites\/10\/2021\/05\/Cruise-to-Kekova-Island-in-Antalya-in-Turkey.jpg\" data-width=\"702\" data-height=\"468\" data-pin-media=\"https:\/\/antalyatouristinformation.com\/de\/wp-content\/uploads\/sites\/10\/2021\/06\/prag_50_sehenswuerdigkeiten_pinterest-3-4.jpg\" data-pin-description=\"Antalya: Wetter und beste Reisezeit | Antalya Tourist Information\" data-pin-url=\"https:\/\/antalyatouristinformation.com\/de\/plan\/weather\/?tve=true&amp;tcbf=77fcb2601e\"><\/span><\/p>\n<ul>\n<li><a rel=\"noreferrer noopener nofollow\" href=\"https:\/\/pinterest.com\/pin\/create\/button\/?url=https:\/\/antalyatouristinformation.com\/de\/plan\/weather\/?tve=true&amp;tcbf=3c052dd3e9&amp;is_video=false&amp;media=https:\/\/antalyatouristinformation.com\/de\/wp-content\/uploads\/sites\/10\/2021\/06\/prag_50_sehenswuerdigkeiten_pinterest-3-4.jpg&amp;description=Antalya%3A%20Wetter%20und%20beste%20Reisezeit%20%7C%20Antalya%20Tourist%20Information\" target=\"_blank\"><span><\/span><span>Pin<\/span><\/a><\/li>\n<\/ul>\n<h2>Das Klima von Antalya<\/h2>\n<p>Antalya hat ein mediterranes Klima. Dies bedeutet, dass die Sommer hei\u00df und trocken sind, w\u00e4hrend die Winter im Allgemeinen warm und regnerisch sind. Die Teile im Landesinneren sind k\u00e4lter, da sie weiter von der K\u00fcste entfernt liegen.<\/p>\n<h3>Sommer in Antalya<\/h3>\n<p>Antalya ist ber\u00fchmt f\u00fcr seine hei\u00dfen und trockenen Sommer. Daher sind die <a href=\"https:\/\/antalyatouristinformation.com\/de\/sehenswurdigkeiten\/strand\/\">Str\u00e4nde<\/a> in den Sommermonaten immer voll.<\/p>\n<p>Die durchschnittliche Temperatur im Sommer liegt zwischen 30 und 34 Grad, manchmal k\u00f6nnen es auch \u00fcber 40 Grad werden. <strong>Juni, Juli, August und September sind die hei\u00dfeste Jahreszeit<\/strong>, der <strong>Juli<\/strong> gilt als der <strong>w\u00e4rmste Monat.<\/strong><\/p>\n<p>Der Besuch des <strong>Hochlandes <\/strong>im <strong>Schatten der W\u00e4lder<\/strong> sowie&nbsp;<a href=\"https:\/\/antalyatouristinformation.com\/de\/sehenswurdigkeiten\/wasserfalle\/\">Wasserf\u00e4lle<\/a> und die Zeit am <strong>Strand<\/strong> zu verbringen, sind die besten M\u00f6glichkeiten, um das sehr hei\u00dfe Wetter im Sommer zu ertragen. In den Sommermonaten ist es empfehlenswert, die sp\u00e4ten Nachmittags- oder die fr\u00fchen Morgenstunden f\u00fcr Wanderungen zu den antiken Ruinen zu w\u00e4hlen.<\/p>\n<p>Tausende von Sonnenhungrigen str\u00f6men im Sommer zu den ber\u00fchmten <strong>Str\u00e4nden von Antalya<\/strong>, hier k\u00f6nnt ihr zusammen mit den <strong>angenehmen Wassertemperaturen den goldenen Sand<\/strong> und das <strong>kristallklare Wasser<\/strong> genie\u00dfen. Die <strong>Pinienw\u00e4lder<\/strong> im Hintergrund bilden eine <strong>traumhafte Kulisse. <\/strong>Im Schnitt betr\u00e4gt die durchschnittliche Wassertemperatur des Meeres 22,5 Grad.<\/p>\n<h3>Winter und Regensaison in Antalya<\/h3>\n<p>Antalya hat <strong>freundliche Winter mit milden Temperaturen<\/strong> und regnerischen Tagen, die Fr\u00fchlingstagen an anderen Orten \u00e4hneln. Falls ihr an der Besichtigung von <a href=\"https:\/\/antalyatouristinformation.com\/de\/sehenswurdigkeiten\/geschichte\/\">Antalyas antiken Ruinen<\/a> interessiert seid und gerne historische St\u00e4tten besucht, ist das die ideale Reisezeit. Auch die <a href=\"https:\/\/antalyatouristinformation.com\/de\/sehenswurdigkeiten\/attraktionen\/nationalpark\/\">Nationalparks<\/a> und die <strong>beeindruckende Landschaft <\/strong>k\u00f6nnt ihr zu dieser Jahreszeit bequem besuchen. Ein weiterer Vorteil besteht darin, dass es nicht mehr so voll ist.<\/p>\n<p>Von Januar bis Februar schwankt die Temperatur im Durchschnitt zwischen 5 und 16 Grad. Der <strong>k\u00fchlste Monat<\/strong> ist im Durchschnitt der <strong>Februar<\/strong>, w\u00e4hrend der <strong>Dezember <\/strong>der Monat mit dem <strong>h\u00f6chsten Niederschlag<\/strong> ist. Januar, Februar, November und Dezember gelten als die Regenzeit in Antalya.<\/p>\n<p>In den gem\u00e4\u00dfigten Wintermonaten sind Schneefall und Frost im Stadtzentrum kaum zu erwarten. In den h\u00f6her gelegenen Teilen k\u00f6nnt ihr jedoch ganzj\u00e4hrig Schnee sehen. Falls ihr gerne Skifahren wollt, solltet ihr nach Sakl\u0131kent fahren. Hier lest ihr alles \u00fcber das <a href=\"https:\/\/antalyatouristinformation.com\/de\/saklikent-skifahren\/\">Skizentrum Sakl\u0131kent<\/a> bei Antalya.<\/p>\n<h2>Zwischensaison in Antalya<\/h2>\n<p>Die <strong>angenehmsten Durchschnittstemperaturen<\/strong> findet ihr im Fr\u00fchling und Herbst, also in den Monaten <strong>April, Mai, Oktober <\/strong>und <strong>November<\/strong>. Diese Monate sind bestens geeignet, um diverse Aktivit\u00e4ten zu genie\u00dfen, sei es Bergsteigen oder Wandern, oder auch um die antiken St\u00e4tten ohne den gro\u00dfen Touristenansturm zu erleben.<\/p>\n<p>Ihr k\u00f6nnt auch im Fr\u00fchling im Meer baden, vorausgesetzt ihr erwartet keine Wassertemperatur von 25 Grad \u2026<\/p>\n<h2>Aktivit\u00e4ten nach Jahreszeiten<\/h2>\n<p>Antalya ist mit seiner weltber\u00fchmten t\u00fcrkischen K\u00fcste, den Sandstr\u00e4nden, der reichen Geschichte von pr\u00e4historischen H\u00f6hlen bis hin zu antiken r\u00f6mischen St\u00e4dten und unz\u00e4hligen versteckten Natursch\u00f6nheiten das ganze Jahr \u00fcber ein hervorragendes Urlaubsziel.<\/p>\n<p><span><img decoding=\"async\" alt=\"Damlata\u015f Beach in Antalya in Turkey\" data-id=\"5588\" width=\"702\" data-init-width=\"1000\" height=\"468\" data-init-height=\"667\" title=\"Damlata\u015f Beach in Antalya in Turkey\" loading=\"lazy\" src=\"https:\/\/antalyatouristinformation.com\/de\/wp-content\/uploads\/sites\/10\/2021\/05\/Damlatas-Beach-in-Antalya-in-Turkey.jpg\" data-width=\"702\" data-height=\"468\" data-pin-media=\"https:\/\/antalyatouristinformation.com\/de\/wp-content\/uploads\/sites\/10\/2021\/06\/prag_50_sehenswuerdigkeiten_pinterest-3-4.jpg\" data-pin-description=\"Antalya: Wetter und beste Reisezeit | Antalya Tourist Information\" data-pin-url=\"https:\/\/antalyatouristinformation.com\/de\/plan\/weather\/?tve=true&amp;tcbf=77fcb2601e\"><\/span><\/p>\n<ul>\n<li><a rel=\"noreferrer noopener nofollow\" href=\"https:\/\/pinterest.com\/pin\/create\/button\/?url=https:\/\/antalyatouristinformation.com\/de\/plan\/weather\/?tve=true&amp;tcbf=3c052dd3e9&amp;is_video=false&amp;media=https:\/\/antalyatouristinformation.com\/de\/wp-content\/uploads\/sites\/10\/2021\/06\/prag_50_sehenswuerdigkeiten_pinterest-3-4.jpg&amp;description=Antalya%3A%20Wetter%20und%20beste%20Reisezeit%20%7C%20Antalya%20Tourist%20Information\" target=\"_blank\"><span><\/span><span>Pin<\/span><\/a><\/li>\n<\/ul>\n<h2>Die beste Zeit f\u00fcr Sonne, Sand und Meer<\/h2>\n<p>Mit <strong>300 Sonnentagen im Jahr<\/strong> ist Antalya als die &#8222;Hauptstadt des Tourismus&#8220; in der T\u00fcrkei bekannt. Die M\u00f6glichkeit, <strong>Wassersport <\/strong>zu betreiben und sich zu <strong>sonnen<\/strong>, w\u00e4hrend man die <strong>sch\u00f6ne Aussicht<\/strong> genie\u00dft, geh\u00f6rt zu den wichtigsten Faktoren f\u00fcr die Wahl eines Urlaubs in den Sommermonaten.<\/p>\n<p>Im Sommer erfreuen sich gro\u00dfe Menschenmengen an den einzigartigen malerischen Str\u00e4nden, wo das <strong>Meer auf Kiefernw\u00e4lder <\/strong>trifft und zusammen mit dem <strong>kristallklaren Wasser <\/strong>eine einmalige Kulisse bietet. Das <strong>Meer<\/strong> ist in den <strong>Sommermonaten<\/strong> sehr warm. Einige Str\u00e4nde haben Str\u00f6mungen oder werden von Grundwasser gespeist, hier sind die Wassertemperaturen niedriger.<\/p>\n<p>Das <strong>Wetter ist in Antalya nicht sehr schwankend<\/strong>, jedoch auch nicht immer vorhersehbar. Es kann sein, dass nach ein paar Tagen Sonnenschein pl\u00f6tzlich Wolken auftauchen und ein <strong>erfrischender Sommerregen <\/strong>einsetzt. Doch keine Sorge, Antalya bietet viele <a href=\"https:\/\/antalyatouristinformation.com\/de\/sehenswurdigkeiten\/museum\/\">interessante Museen<\/a>, mit denen ihr das Beste aus diesen Regentagen machen k\u00f6nnt!<\/p>\n<p>Die Diagramme unten zeigen euch die Wassertemperaturen in Antalya \u00fcber das ganze Jahr.<\/p>\n<p>* Diagramm 1: Wassertemperatur Monat f\u00fcr Monat* Diagramm 2: Schwanken der Wassertemperatur \u00fcber das Jahr<\/p>\n<p><strong>Mehr lesen:<\/strong> unser kompletter Guide zum <a href=\"https:\/\/antalyatouristinformation.com\/de\/sehenswurdigkeiten\/wassersport\/\">Wassersport in Antalya<\/a><strong>Mehr lesen:<\/strong><a href=\"https:\/\/antalyatouristinformation.com\/de\/sehenswurdigkeiten\/strand\/\">die 25 besten Str\u00e4nde in Antalya<\/a> (mit Karte)<\/p>\n<p><span><img decoding=\"async\" alt=\"Theatre at Perge Ancient City in Antalya in Turkey\" data-id=\"470\" width=\"702\" data-init-width=\"1000\" height=\"470\" data-init-height=\"670\" title=\"Theatre at Perge Ancient City in Antalya in Turkey\" loading=\"lazy\" src=\"https:\/\/antalyatouristinformation.com\/de\/wp-content\/uploads\/sites\/10\/2021\/02\/theatre-in-perge-antalya-in-turkey.jpg\" data-width=\"702\" data-height=\"470\" data-pin-media=\"https:\/\/antalyatouristinformation.com\/de\/wp-content\/uploads\/sites\/10\/2021\/06\/prag_50_sehenswuerdigkeiten_pinterest-3-4.jpg\" data-pin-description=\"Antalya: Wetter und beste Reisezeit | Antalya Tourist Information\" data-pin-url=\"https:\/\/antalyatouristinformation.com\/de\/plan\/weather\/?tve=true&amp;tcbf=77fcb2601e\"><\/span><\/p>\n<ul>\n<li><a rel=\"noreferrer noopener nofollow\" href=\"https:\/\/pinterest.com\/pin\/create\/button\/?url=https:\/\/antalyatouristinformation.com\/de\/plan\/weather\/?tve=true&amp;tcbf=3c052dd3e9&amp;is_video=false&amp;media=https:\/\/antalyatouristinformation.com\/de\/wp-content\/uploads\/sites\/10\/2021\/06\/prag_50_sehenswuerdigkeiten_pinterest-3-4.jpg&amp;description=Antalya%3A%20Wetter%20und%20beste%20Reisezeit%20%7C%20Antalya%20Tourist%20Information\" target=\"_blank\"><span><\/span><span>Pin<\/span><\/a><\/li>\n<\/ul>\n<h2>Die beste Zeit, um Geschichte zu erkunden<\/h2>\n<p>Ihr k\u00f6nnt <strong>innerhalb der Provinz Antalya 8 Stunden lang fahren, ohne dass ihr an die Grenzen der Provinz st\u00f6\u00dft<\/strong> oder die Provinz verlasst. Das Beispiel soll helfen, die Gr\u00f6\u00dfe von Antalya zu verstehen.<\/p>\n<p>In der Provinz Antalya liegen etwa <strong>80 gro\u00dfe und kleine antike Stadtruinen<\/strong>, die ihr ganzj\u00e4hrig besuchen k\u00f6nnt. Teilweise wurden sie systematisch ausgegraben, teilweise liegen sie mitten in der Natur. Die <strong>Zwischensaison <\/strong>ist die angenehmste Zeit, um antike Ruinen zu erkunden und das historische Erbe der Region kennenzulernen.<\/p>\n<p>Die antiken St\u00e4tten und Museen sind im Fr\u00fchling, Herbst und Winter <strong>weniger \u00fcberlaufen<\/strong>. Falls ihr eure Reise nach Antalya au\u00dferhalb der Sommermonate plant, entkommt ihr auch automatisch den extremen Temperaturen, die jede Art von Unternehmung zu einer Herausforderung werden lassen.<\/p>\n<p><span><img decoding=\"async\" alt=\"Frequently Asked Questions about Hiking\" data-id=\"7156\" width=\"702\" data-init-width=\"1000\" height=\"468\" data-init-height=\"667\" title=\"Frequently Asked Questions about Hiking\" loading=\"lazy\" src=\"https:\/\/antalyatouristinformation.com\/de\/wp-content\/uploads\/sites\/10\/2021\/05\/Frequently-Asked-Questions-about-Hiking.jpg\" data-width=\"702\" data-height=\"468\" data-pin-media=\"https:\/\/antalyatouristinformation.com\/de\/wp-content\/uploads\/sites\/10\/2021\/06\/prag_50_sehenswuerdigkeiten_pinterest-3-4.jpg\" data-pin-description=\"Antalya: Wetter und beste Reisezeit | Antalya Tourist Information\" data-pin-url=\"https:\/\/antalyatouristinformation.com\/de\/plan\/weather\/?tve=true&amp;tcbf=77fcb2601e\"><\/span><\/p>\n<ul>\n<li><a rel=\"noreferrer noopener nofollow\" href=\"https:\/\/pinterest.com\/pin\/create\/button\/?url=https:\/\/antalyatouristinformation.com\/de\/plan\/weather\/?tve=true&amp;tcbf=3c052dd3e9&amp;is_video=false&amp;media=https:\/\/antalyatouristinformation.com\/de\/wp-content\/uploads\/sites\/10\/2021\/06\/prag_50_sehenswuerdigkeiten_pinterest-3-4.jpg&amp;description=Antalya%3A%20Wetter%20und%20beste%20Reisezeit%20%7C%20Antalya%20Tourist%20Information\" target=\"_blank\"><span><\/span><span>Pin<\/span><\/a><\/li>\n<\/ul>\n<h2>Die beste Zeit zum Wandern und f\u00fcr andere Sportarten in der Natur<\/h2>\n<p>Antalya bietet eine gro\u00dfe Vielfalt an M\u00f6glichkeiten zum Bergsteigen, Wandern und Trekking.<\/p>\n<p>Der <a href=\"https:\/\/antalyatouristinformation.com\/de\/sehenswurdigkeiten\/attraktionen\/lykischer-weg\/\">Lykische Weg <\/a>verbindet 19 antike St\u00e4dte. Er geh\u00f6rt zu den 10 besten Fernwanderwegen der Welt. Der <a href=\"https:\/\/antalyatouristinformation.com\/de\/sehenswurdigkeiten\/attraktionen\/paulus-weg\/\">Paulusweg<\/a> ist nach dem Lykischen Weg der zweite <strong>Langstreckenwanderweg<\/strong> in der T\u00fcrkei. Beides sind <strong>Kulturrouten.<\/strong><\/p>\n<p><strong>Juni bis August sind die hei\u00dfesten Monate des Jahres<\/strong> mit Temperaturen von teilweise \u00fcber 40 Grad Celsius und damit <strong>definitiv nicht<\/strong><strong>die beste Zeit<\/strong>, um l\u00e4ngere Wanderungen zu unternehmen. Teilweise k\u00f6nnen die Strecken sehr anstrengend sein.<\/p>\n<p>Im <strong>Winter<\/strong> hingegen wird es ab bestimmten H\u00f6henlagen <strong>unangenehm kalt<\/strong>, es kann schneien und rutschig werden. Diese Zeit ist nur f\u00fcr erfahrene Wanderer geeignet.<\/p>\n<p>Erfahrene Wanderer sagen einstimmig, dass die <strong>beste Zeit f\u00fcr eine Wanderung auf dem Lykischen Weg im April und Mai ist oder im September und Oktober.<\/strong> Ihr habt also 4 Monate zur Wahl, um euch auf dieses einzigartige Abenteuer zu begeben.<\/p>\n<p>Ber\u00fchmt sind auch die <strong>Hochebenen von Antalya.<\/strong> Hochebenen mit herrlichen Aussichten, versteckt in den Ausl\u00e4ufern des Taurusgebirges, bieten vor allem <strong>im Sommer die M\u00f6glichkeit, der Hitze und schw\u00fclen Luftfeuchtigkeit zu entkommen<\/strong>.<\/p>\n<p>Bedenkt jedoch bitte, dass es <strong>bei starkem Regen zu einer Verschlechterung der Wanderwege<\/strong> kommen kann. Dadurch werdet ihr zwar nicht zum Anhalten gezwungen, doch besondere Vorsicht ist angesagt. In der Regel werden die Wege, die durch ein Unwetter besch\u00e4digt wurden, relativ zeitnah wieder repariert. Somit k\u00f6nnt ihr in relativ kurzer Zeit in die Hochebenen gelangen und euch <strong>in den Kiefernw\u00e4ldern mit eiskaltem Quellwasser erfrischen.<\/strong><\/p>\n<p>Die <strong>Jeep-Safari <\/strong>ist eine der beliebtesten Aktivit\u00e4ten im Wald. Da alle regenfreien Zeiten f\u00fcr diese Aktivit\u00e4t geeignet sind, ist es auch eine lustige Idee, in der Hitze des Sommers in die k\u00fchlen W\u00e4lder zu fl\u00fcchten.<\/p>\n<p>* Diagramm: Monatliche Wettervorhersage und Klima in Antalya<\/p>\n<p><span><img decoding=\"async\" alt=\"ski center in Antalya in Turkey\" data-id=\"9466\" width=\"702\" data-init-width=\"1000\" height=\"470\" data-init-height=\"670\" title=\"ski center in Antalya in Turkey\" loading=\"lazy\" src=\"https:\/\/antalyatouristinformation.com\/de\/wp-content\/uploads\/sites\/10\/2021\/05\/ski-center-in-Antalya-in-Turkey.jpg\" data-width=\"702\" data-height=\"470\" data-pin-media=\"https:\/\/antalyatouristinformation.com\/de\/wp-content\/uploads\/sites\/10\/2021\/06\/prag_50_sehenswuerdigkeiten_pinterest-3-4.jpg\" data-pin-description=\"Antalya: Wetter und beste Reisezeit | Antalya Tourist Information\" data-pin-url=\"https:\/\/antalyatouristinformation.com\/de\/plan\/weather\/?tve=true&amp;tcbf=77fcb2601e\"><\/span><\/p>\n<ul>\n<li><a rel=\"noreferrer noopener nofollow\" href=\"https:\/\/pinterest.com\/pin\/create\/button\/?url=https:\/\/antalyatouristinformation.com\/de\/plan\/weather\/?tve=true&amp;tcbf=3c052dd3e9&amp;is_video=false&amp;media=https:\/\/antalyatouristinformation.com\/de\/wp-content\/uploads\/sites\/10\/2021\/06\/prag_50_sehenswuerdigkeiten_pinterest-3-4.jpg&amp;description=Antalya%3A%20Wetter%20und%20beste%20Reisezeit%20%7C%20Antalya%20Tourist%20Information\" target=\"_blank\"><span><\/span><span>Pin<\/span><\/a><\/li>\n<\/ul>\n<h2>Die beste Zeit zum Skifahren in Antalya<\/h2>\n<p>Wusstet ihr, dass ihr in Antalya die M\u00f6glichkeit habt, am selben Tag Ski zu fahren und im Meer zu schwimmen? Die beste Zeit f\u00fcrs Skifahren sind nat\u00fcrlich die Wintermonate. Generell ist es m\u00f6glich, zwischen Dezember und April in Antalya Ski zufahren.<\/p>\n<p><strong>Das <\/strong><a href=\"https:\/\/antalyatouristinformation.com\/de\/saklikent-skifahren\/\"><strong>Sakl\u0131kent Skicenter<\/strong><\/a> liegt an den unteren H\u00e4ngen des Berges Bak\u0131rl\u0131 auf einer H\u00f6he von 2547 Metern. Durch seine Lage bietet es mindestens 120 Skitage zwischen Dezember und April.<\/p>\n<p><strong>Das Davraz Skicenter<\/strong> liegt 26 Kilometer von Isparta und 51 Kilometer von Antalya entfernt. Auch auf dem Berg Davraz k\u00f6nnt ihr in den Monaten Dezember bis April Skifahren. Die Schneedecke ist zwischen 0,5 bis 2 Metern dick.<\/p>\n<h2>Niederschlagsmenge in Antalya<\/h2>\n<p>Antalya hat <strong>durchschnittlich 1077,5 mm Niederschlag pro Jahr<\/strong> oder 89,8 mm pro Monat.<\/p>\n<p>Im Durchschnitt gibt es 76 Tage pro Jahr mit mehr als 0,1 mm (0,004 in) Regen (Niederschlag) oder 6,3 Tage mit einer Menge von Regen, Graupel, Schnee usw. pro Monat.<\/p>\n<p>Der <strong>trockenste Monat ist der August<\/strong> mit einer durchschnittlichen Niederschlagsmenge von 2,3 mm Regen.<\/p>\n<p>Der <strong>feuchteste Monat ist der Januar <\/strong>mit einer durchschnittlichen Niederschlagsmenge von 237,9 mm Regen.<\/p>\n<h2>Festivals in Antalya<\/h2>\n<p>Neben den Natursch\u00f6nheiten hat Antalya auch kulturell jede Menge zu bieten. Auf Kunst und Kultur wird gro\u00dfer Wert gelegt. Antalya ist jedes Jahr Gastgeber zahlreicher internationaler&nbsp;<a href=\"https:\/\/antalyatouristinformation.com\/de\/plan\/festivals\/\">Festivals.<\/a><\/p>\n<p>Wir haben hier die wichtigsten f\u00fcr euch zusammengestellt:<\/p>\n<p><strong>Antalya Golden Orange Film Festival:<\/strong> Es findet seit 1964 statt und ist das \u00e4lteste und am l\u00e4ngsten laufende Filmfestival der T\u00fcrkei. Urspr\u00fcnglich begann das Festival unter der Leitung von Avni Tolunay. Organisiert, um das t\u00fcrkische Kino zu unterst\u00fctzen, beherbergt das Festival jedes Jahr weltber\u00fchmte Schauspieler und Regisseure.<\/p>\n<p><strong>Aspendos Internationales Opern- und Ballettfestival:<\/strong> Als erstes Opern- und Ballettfestival der T\u00fcrkei findet es seit 1994 jedes Jahr zwischen dem <strong>5. und 28. September <\/strong>im antiken Theater von <a href=\"https:\/\/antalyatouristinformation.com\/de\/sehenswurdigkeiten\/geschichte\/aspendos\/\">Aspendos<\/a> statt.<\/p>\n<p><strong>Kaleici Altstadt Festival:<\/strong> Jedes Jahr wird ein Land als Ehrengast f\u00fcr das Festival ausgew\u00e4hlt, das seit 2016 stattfindet. Jedes Jahr im <strong>Oktober<\/strong> erf\u00fcllen Festz\u00fcge, Tanz- und Theaterauff\u00fchrungen sowie Konzerte Kaleici, die Altstadt von Antalya.<\/p>\n<p><strong>Alanya Jazz Festival: <\/strong>Das Festival beherbergt seit fast 20 Jahren weltber\u00fchmte Jazzmusiker und lockt Musikliebhaber in die Region. Das Festival findet im Jahr 2021 vom 23. bis 26. <strong>September<\/strong> statt.<\/p>\n","protected":false},"excerpt":{"rendered":"<p>Nat\u00fcrlich h\u00e4ngt die beste Reisezeit davon ab, was f\u00fcr eine Art von Urlaub ihr machen wollt. Antalya besteht nicht nur aus Sonne, Sand und Meer, sondern ist Kulturzentrum und hat diverse Sportm\u00f6glichkeiten und eine nahezu endlose Auswahl an Aktivit\u00e4ten zu bieten. Wusstet ihr, dass man in Antalya sogar Skifahren kann? Hier findet ihr Informationen \u00fcber [&hellip;]<\/p>\n","protected":false},"author":4,"featured_media":4683,"parent":172,"menu_order":0,"comment_status":"closed","ping_status":"closed","template":"","meta":{"_acf_changed":false,"footnotes":""},"categories":[],"tags":[55],"class_list":["post-8929","page","type-page","status-publish","has-post-thumbnail","hentry","tag-plan","post-wrapper","thrv_wrapper"],"acf":[],"wp-worthy-pixel":{"ignored":false,"public":null,"server":null,"url":null},"wp-worthy-type":"normal","_links":{"self":[{"href":"https:\/\/antalyatouristinformation.com\/de\/wp-json\/wp\/v2\/pages\/8929","targetHints":{"allow":["GET"]}}],"collection":[{"href":"https:\/\/antalyatouristinformation.com\/de\/wp-json\/wp\/v2\/pages"}],"about":[{"href":"https:\/\/antalyatouristinformation.com\/de\/wp-json\/wp\/v2\/types\/page"}],"author":[{"embeddable":true,"href":"https:\/\/antalyatouristinformation.com\/de\/wp-json\/wp\/v2\/users\/4"}],"replies":[{"embeddable":true,"href":"https:\/\/antalyatouristinformation.com\/de\/wp-json\/wp\/v2\/comments?post=8929"}],"version-history":[{"count":9,"href":"https:\/\/antalyatouristinformation.com\/de\/wp-json\/wp\/v2\/pages\/8929\/revisions"}],"predecessor-version":[{"id":15042,"href":"https:\/\/antalyatouristinformation.com\/de\/wp-json\/wp\/v2\/pages\/8929\/revisions\/15042"}],"up":[{"embeddable":true,"href":"https:\/\/antalyatouristinformation.com\/de\/wp-json\/wp\/v2\/pages\/172"}],"wp:featuredmedia":[{"embeddable":true,"href":"https:\/\/antalyatouristinformation.com\/de\/wp-json\/wp\/v2\/media\/4683"}],"wp:attachment":[{"href":"https:\/\/antalyatouristinformation.com\/de\/wp-json\/wp\/v2\/media?parent=8929"}],"wp:term":[{"taxonomy":"category","embeddable":true,"href":"https:\/\/antalyatouristinformation.com\/de\/wp-json\/wp\/v2\/categories?post=8929"},{"taxonomy":"post_tag","embeddable":true,"href":"https:\/\/antalyatouristinformation.com\/de\/wp-json\/wp\/v2\/tags?post=8929"}],"curies":[{"name":"wp","href":"https:\/\/api.w.org\/{rel}","templated":true}]}}