{"id":8934,"date":"2021-07-16T08:17:42","date_gmt":"2021-07-16T06:17:42","guid":{"rendered":"https:\/\/antalyatouristinformation.com\/clone4639485xzhehsskdjfhhdhebdkkekdeewsd4545gdfgm\/?page_id=8934"},"modified":"2023-04-18T14:52:55","modified_gmt":"2023-04-18T12:52:55","slug":"sagalassos","status":"publish","type":"page","link":"https:\/\/antalyatouristinformation.com\/de\/sehenswurdigkeiten\/geschichte\/sagalassos\/","title":{"rendered":"Sagalassos: Der komplette Guide zur antiken Stadt"},"content":{"rendered":"<p>Die antike Stadt Sagalassos liegt im Bezirk A\u011flasun der Provinz Burdur etwa 120 Kilometer von Antalya entfernt.<\/p>\n<p>Geschichtsliebhaber sind von dem einzigartigen Theater, dem Antonines-Brunnen, der Bibliothek, den Skulpturen sowie anderen architektonischen \u00dcberresten aus der hellenistischen, r\u00f6mischen und byzantinischen Zeit fasziniert.<\/p>\n<p>Hier findet ihr alle wichtigen Informationen zu Sagalassos. Dazu z\u00e4hlen Anfahrt, Tipps sowie die Geschichte.<\/p>\n<p>Los geht\u2019s!<\/p>\n<p><span><img decoding=\"async\" alt=\"Antonine fountain in Sagalassos in Burdur - in Antalya in Turkey\" data-id=\"9608\" width=\"702\" data-init-width=\"1000\" height=\"470\" data-init-height=\"670\" title=\"Antonine fountain in Sagalassos in Burdur - in Antalya in Turkey\" loading=\"lazy\" src=\"https:\/\/antalyatouristinformation.com\/de\/wp-content\/uploads\/sites\/10\/2021\/06\/Antonine-fountain-in-Sagalassos-in-Burdur-in-Antalya-in-Turkey.jpg\" data-width=\"702\" data-height=\"470\" data-pin-media=\"https:\/\/antalyatouristinformation.com\/de\/wp-content\/uploads\/sites\/10\/2021\/06\/Antalya-Pinterest-4-13.jpg\" data-pin-description=\"Sagalassos: der komplette Guide zu der antiken Stadt | Antalya Tourist Information\" data-pin-url=\"https:\/\/antalyatouristinformation.com\/de\/sehenswurdigkeiten\/geschichte\/sagalassos\/?tve=true&amp;tcbf=59d2295a5e\"><\/span><\/p>\n<ul>\n<li><a rel=\"noreferrer noopener nofollow\" href=\"https:\/\/pinterest.com\/pin\/create\/button\/?url=https:\/\/antalyatouristinformation.com\/de\/sehenswurdigkeiten\/geschichte\/sagalassos\/?tve=true&amp;tcbf=fb24d72dab&amp;is_video=false&amp;media=https:\/\/antalyatouristinformation.com\/de\/wp-content\/uploads\/sites\/10\/2021\/06\/Antalya-Pinterest-4-13.jpg&amp;description=Sagalassos%3A%20der%20komplette%20Guide%20zu%20der%20antiken%20Stadt%20%7C%20Antalya%20Tourist%20Information\" target=\"_blank\"><span><\/span><span>Pin<\/span><\/a><\/li>\n<\/ul>\n<h2>Was kann ich in Sagalassos machen?<\/h2>\n<p>Sagalassos ist eine <strong>arch\u00e4ologische St\u00e4tte im S\u00fcdwesten der T\u00fcrkei<\/strong>, etwa 120 Kilometer von Antalya und 40 Kilometer von Burdur entfernt.<\/p>\n<p>Die <a href=\"https:\/\/antalyatouristinformation.com\/de\/sehenswurdigkeiten\/geschichte\/\">antiken Ruinen<\/a> findet ihr auf dem Berg Akdag im westlichen Teils des Taurusgebirges auf einer H\u00f6he von 1450 bis 1700 Metern.<\/p>\n<p>In der <strong>r\u00f6mischen Zeit<\/strong> war Sagalassos als die erste Stadt von Pisidien bekannt. Psidien war eine r\u00f6mische Provinz, die sich bis zum westlichen Hang des Taurus erstreckte. Besonders die <strong>Keramikproduktion<\/strong> von Sagalassos war in der Antike sehr bedeutend.<\/p>\n<p>Damals lebten nicht sehr viele Menschen in Sagalassos, dennoch war die Stadt ein <strong>wichtiges Kulturzentrum.<\/strong> Noch heute k\u00f6nnt ihr hier viele Beispiele aus der r\u00f6mischen Architektur finden.<\/p>\n<p>Bei eurer Erkundung von Sagalassos seht ihr als Erstes <strong>das Odeon<\/strong> auf der rechten Seite sowie ein <strong>r\u00f6misches Bad<\/strong> auf der linken Seite. Auf eurem Weg durch die antike St\u00e4tte kommt ihr an den Ruinen der Unteren und Oberen Agora, der byzantinischen Basilika, des Apollon Clarios, Macellum, des Antonion Pius Tempels und der Kolonnadenstra\u00dfe vorbei.<\/p>\n<ul>\n<li><span><strong>Theater:&nbsp;<\/strong>Das Theater von Sagalassos wurde erstmals im 2. Jahrhundert nach unserer Zeitrechnung erbaut. Sp\u00e4ter wurde es durch zwei gro\u00dfe Erdbeben im 4. und 5. Jahrhundert besch\u00e4digt, jedoch blieben die meisten Sitze unbesch\u00e4digt. Das herausragendste Merkmal dieses Theaters ist, dass es <strong>das am h\u00f6chsten gelegene r\u00f6mische Theater der Welt <\/strong>ist!<\/span><\/li>\n<li><span><strong>Antonines Brunnen:&nbsp;<\/strong>Der fantastische Brunnen ist das <strong>auff\u00e4lligste Bauwerk von Sagalassos<\/strong>. Das <strong>Original ist im Burdur Museum<\/strong> ausgestellt. Er wurde w\u00e4hrend der Herrschaft des <strong>r\u00f6mischen Kaisers&nbsp;<\/strong><strong>Marcus Aurelius<\/strong> zwischen 161 und 180 nach unserer Zeitrechnung erbaut und war dem olympischen <strong>Gott Dionysos <\/strong>gewidmet. Zahlreiche Statuen schm\u00fccken den Brunnen, zwei davon geh\u00f6ren Dionysos, dem Gott des Weines.<\/span><\/li>\n<li><span><span lang=\"en\"><span data-language-for-alternatives=\"en\" data-language-to-translate-into=\"tr\" data-phrase-index=\"0\"><strong>Bibliothek:<\/strong> Die Inschrift belegt, dass sie von den Neons, einer der wichtigen und wohlhabenden Familien der Stadt, <strong>im Jahr 120 nach unserer Zeitrechnung <\/strong>erbaut wurde. Gegen Ende des 4. Jahrhunderts wurde der Boden mit <strong>zwei Mosaiken<\/strong> bedeckt, eines davon ist 40 m2 gro\u00df, das andere 60 m2. In der Mitte des gr\u00f6\u00dferen Mosaiks ist die Teilnahme von <strong>Achilles am Trojanischen Krieg <\/strong>dargestellt.<\/span><\/span><\/span><\/li>\n<\/ul>\n<p><span><img decoding=\"async\" alt=\"Sagalassos Ancient city in Burdur- in Antaya in Turkey\" data-id=\"9610\" width=\"702\" data-init-width=\"1000\" height=\"470\" data-init-height=\"670\" title=\"Sagalassos Ancient city in Burdur- in Antaya in Turkey\" loading=\"lazy\" src=\"https:\/\/antalyatouristinformation.com\/de\/wp-content\/uploads\/sites\/10\/2021\/06\/Sagalassos-Ancient-city-in-Burdur-in-Antaya-in-Turkey.jpg\" data-width=\"702\" data-height=\"470\" data-pin-media=\"https:\/\/antalyatouristinformation.com\/de\/wp-content\/uploads\/sites\/10\/2021\/06\/Antalya-Pinterest-4-13.jpg\" data-pin-description=\"Sagalassos: der komplette Guide zu der antiken Stadt | Antalya Tourist Information\" data-pin-url=\"https:\/\/antalyatouristinformation.com\/de\/sehenswurdigkeiten\/geschichte\/sagalassos\/?tve=true&amp;tcbf=59d2295a5e\"><\/span><\/p>\n<ul>\n<li><a rel=\"noreferrer noopener nofollow\" href=\"https:\/\/pinterest.com\/pin\/create\/button\/?url=https:\/\/antalyatouristinformation.com\/de\/sehenswurdigkeiten\/geschichte\/sagalassos\/?tve=true&amp;tcbf=fb24d72dab&amp;is_video=false&amp;media=https:\/\/antalyatouristinformation.com\/de\/wp-content\/uploads\/sites\/10\/2021\/06\/Antalya-Pinterest-4-13.jpg&amp;description=Sagalassos%3A%20der%20komplette%20Guide%20zu%20der%20antiken%20Stadt%20%7C%20Antalya%20Tourist%20Information\" target=\"_blank\"><span><\/span><span>Pin<\/span><\/a><\/li>\n<\/ul>\n<h2>Eintritt, Tickets und Touren<\/h2>\n<ul>\n<li><span><strong>Eintritt:<\/strong> Sagalassos ist im Sommer von 09:00 &#8211; 19:00 Uhr und im Winter von 08:00 &#8211; 17:30 ge\u00f6ffnet.<\/span><\/li>\n<li><span><strong>Tickets:<\/strong> Im Jahr 2021 kostet der Eintritt nach Sagalassos 14 TL. Der Museumspass Akdeniz ist g\u00fcltig.<\/span><\/li>\n<li><span><strong>Touren:&nbsp; <\/strong><strong><a href=\"https:\/\/www.getyourguide.com\/antalya-l172\/sagalassos-tour-from-antalya-t368456\/\" target=\"_blank\" rel=\"noopener\">Sagalassos Ganztagestour von Antalya<\/a>:<\/strong> Der Preis f\u00fcr diese Tour beginnt bei 124,45 USD pro Person, ihr werdet vom Hotel abgeholt. Auf dieser Tour besucht ihr die antike Stadt Sagalassos. Hier seht ihr gut erhaltene Geb\u00e4ude wie die staatliche Agora, Brunnen, Theater, B\u00e4der, Heroon und Tempel. Ihr genie\u00dft ein k\u00f6stliches lokales Mittagessen im Dorf A\u011flasun. Anschlie\u00dfend fahrt ihr vorbei an dem Karacaoren Stausee zur\u00fcck nach Antalya.<\/span><\/li>\n<\/ul>\n<p><span><img decoding=\"async\" alt=\"Sagalassos -in Burdur- in Antaya in Turkey\" data-id=\"9611\" width=\"702\" data-init-width=\"1000\" height=\"470\" data-init-height=\"670\" title=\"Sagalassos -in Burdur- in Antaya in Turkey\" loading=\"lazy\" src=\"https:\/\/antalyatouristinformation.com\/de\/wp-content\/uploads\/sites\/10\/2021\/06\/Sagalassos-in-Burdur-in-Antaya-in-Turkey.jpg\" data-width=\"702\" data-height=\"470\" data-pin-media=\"https:\/\/antalyatouristinformation.com\/de\/wp-content\/uploads\/sites\/10\/2021\/06\/Antalya-Pinterest-4-13.jpg\" data-pin-description=\"Sagalassos: der komplette Guide zu der antiken Stadt | Antalya Tourist Information\" data-pin-url=\"https:\/\/antalyatouristinformation.com\/de\/sehenswurdigkeiten\/geschichte\/sagalassos\/?tve=true&amp;tcbf=59d2295a5e\"><\/span><\/p>\n<ul>\n<li><a rel=\"noreferrer noopener nofollow\" href=\"https:\/\/pinterest.com\/pin\/create\/button\/?url=https:\/\/antalyatouristinformation.com\/de\/sehenswurdigkeiten\/geschichte\/sagalassos\/?tve=true&amp;tcbf=fb24d72dab&amp;is_video=false&amp;media=https:\/\/antalyatouristinformation.com\/de\/wp-content\/uploads\/sites\/10\/2021\/06\/Antalya-Pinterest-4-13.jpg&amp;description=Sagalassos%3A%20der%20komplette%20Guide%20zu%20der%20antiken%20Stadt%20%7C%20Antalya%20Tourist%20Information\" target=\"_blank\"><span><\/span><span>Pin<\/span><\/a><\/li>\n<\/ul>\n<h2>Wie komme ich nach Sagalassos<\/h2>\n<p>Sagalassos liegt etwa 30 Kilometer von Budur und 40 Kilometer von Isparta entfernt. Die Entfernung zum Stadtzentrum von Antalya betr\u00e4gt 120 Kilometer.<\/p>\n<p><strong>Minibus:<\/strong> Von den St\u00e4dten Antalya, Burdur und Isparta fahren regelm\u00e4\u00dfig Minibusse zum Dorf A\u011flasun. Die antike Stadt liegt <strong>7 km oberhalb des Dorfes A\u011flasun.<\/strong><\/p>\n<p><span><img decoding=\"async\" alt=\"Sagalassos Ancient Site in Burdur- in Antaya in Turkey\" data-id=\"9612\" width=\"702\" data-init-width=\"1000\" height=\"470\" data-init-height=\"670\" title=\"Sagalassos Ancient Site in Burdur- in Antaya in Turkey\" loading=\"lazy\" src=\"https:\/\/antalyatouristinformation.com\/de\/wp-content\/uploads\/sites\/10\/2021\/06\/Sagalassos-Ancient-Site-in-Burdur-in-Antaya-in-Turkey.jpg\" data-width=\"702\" data-height=\"470\" data-pin-media=\"https:\/\/antalyatouristinformation.com\/de\/wp-content\/uploads\/sites\/10\/2021\/06\/Antalya-Pinterest-4-13.jpg\" data-pin-description=\"Sagalassos: der komplette Guide zu der antiken Stadt | Antalya Tourist Information\" data-pin-url=\"https:\/\/antalyatouristinformation.com\/de\/sehenswurdigkeiten\/geschichte\/sagalassos\/?tve=true&amp;tcbf=59d2295a5e\"><\/span><\/p>\n<ul>\n<li><a rel=\"noreferrer noopener nofollow\" href=\"https:\/\/pinterest.com\/pin\/create\/button\/?url=https:\/\/antalyatouristinformation.com\/de\/sehenswurdigkeiten\/geschichte\/sagalassos\/?tve=true&amp;tcbf=fb24d72dab&amp;is_video=false&amp;media=https:\/\/antalyatouristinformation.com\/de\/wp-content\/uploads\/sites\/10\/2021\/06\/Antalya-Pinterest-4-13.jpg&amp;description=Sagalassos%3A%20der%20komplette%20Guide%20zu%20der%20antiken%20Stadt%20%7C%20Antalya%20Tourist%20Information\" target=\"_blank\"><span><\/span><span>Pin<\/span><\/a><\/li>\n<\/ul>\n<h2>FAQ&nbsp;<\/h2>\n<p><span><img decoding=\"async\" alt=\"Sagalassos Anc site in Burdur in Antalya in Turkey\" data-id=\"9609\" width=\"702\" data-init-width=\"1000\" height=\"470\" data-init-height=\"670\" title=\"Sagalassos Anc site in Burdur in Antalya in Turkey\" loading=\"lazy\" src=\"https:\/\/antalyatouristinformation.com\/de\/wp-content\/uploads\/sites\/10\/2021\/06\/Sagalassos-Anc-site-in-Burdur-in-Antalya-in-Turkey.jpg\" data-width=\"702\" data-height=\"470\" data-pin-media=\"https:\/\/antalyatouristinformation.com\/de\/wp-content\/uploads\/sites\/10\/2021\/06\/Antalya-Pinterest-4-13.jpg\" data-pin-description=\"Sagalassos: der komplette Guide zu der antiken Stadt | Antalya Tourist Information\" data-pin-url=\"https:\/\/antalyatouristinformation.com\/de\/sehenswurdigkeiten\/geschichte\/sagalassos\/?tve=true&amp;tcbf=59d2295a5e\"><\/span><\/p>\n<ul>\n<li><a rel=\"noreferrer noopener nofollow\" href=\"https:\/\/pinterest.com\/pin\/create\/button\/?url=https:\/\/antalyatouristinformation.com\/de\/sehenswurdigkeiten\/geschichte\/sagalassos\/?tve=true&amp;tcbf=fb24d72dab&amp;is_video=false&amp;media=https:\/\/antalyatouristinformation.com\/de\/wp-content\/uploads\/sites\/10\/2021\/06\/Antalya-Pinterest-4-13.jpg&amp;description=Sagalassos%3A%20der%20komplette%20Guide%20zu%20der%20antiken%20Stadt%20%7C%20Antalya%20Tourist%20Information\" target=\"_blank\"><span><\/span><span>Pin<\/span><\/a><\/li>\n<\/ul>\n<h2>Geschichte von Sagalassos<\/h2>\n<p>Die <strong>erste schriftliche Erw\u00e4hnung<\/strong> von Sagalassos findet sich auf einigen hethitischen Tafeln aus dem <strong>vierzehnten Jahrhundert vor unserer Zeitrechnung<\/strong>. Damals wurde die Stadt Salawassos genannt.<\/p>\n<p>Mit dem wachsenden Einfluss nahegelegener Zivilisationen wie der lydischen und phyrgischen erlebte auch <strong>Sagalassos einen Aufschwung<\/strong>, der die Stadt zu einem wichtigen Zentrum in der Region machte. Die Region Pisidien war w\u00e4hrend der persischen Besatzung f\u00fcr ihre kriegerischen Auseinandersetzungen sowie f\u00fcr ihre Unnachgiebigkeit gegen\u00fcber ihren Feinden ber\u00fchmt.<\/p>\n<p><strong>Alexander der Gro\u00dfe eroberte die Stadt 333<\/strong> vor unserer Zeitrechnung auf seinem Weg nach Persien. Arch\u00e4ologische Aufzeichnungen belegen, dass die Einheimischen die hellenistische Kultur schnell annahmen.<\/p>\n<p>Unter der <strong>Herrschaft des R\u00f6mischen Reiches bl\u00fchte Sagalassos auf<\/strong> und wurde zu einer reichen Stadt. Seine riesigen fruchtbaren L\u00e4ndereien und erstklassigen roten Tonvorkommen machten es zu einem wichtigen Handelszentrum.<\/p>\n<p><strong>Im Jahr 518 ersch\u00fctterte ein schweres Erdbeben<\/strong> die Stadt. Trotz ihres Wiederaufbaus konnte der langsame Niedergang von Sagalossos nicht gestoppt werden. Eine <strong>Krankheitsepidemie in den Jahren 541 und 542<\/strong> raffte fast die H\u00e4lfte der Bev\u00f6lkerung dahin.<\/p>\n<p>Nach einem <strong>erneuten Erdbeben im 7. Jahrhundert<\/strong> sowie zahlreichen <strong>\u00dcberf\u00e4llen der arabischen Invasoren<\/strong> wurde <strong>Sagalassos vollst\u00e4ndig aufgegeben.<\/strong><\/p>\n<p>Durch das Weiden der Ziegen gab es in der ganzen Stadt eine starke Erosion, die <strong>Sagalassos fast vollst\u00e4ndig mit einer massiven Sandschicht bedeckte<\/strong>. So blieben die Ruinen in hervorragendem Zustand erhalten.<\/p>\n<p>Die <strong>ersten schriftlichen Zeugnisse \u00fcber die Ruinen der Stadt<\/strong> stammen von dem franz\u00f6sischen Reisenden Paul Lucas <strong>aus dem achtzehnten Jahrhundert<\/strong>. Auch andere europ\u00e4ische Reisende und Antiquare besuchten Sagalassos in den folgenden Jahren.&nbsp;<\/p>\n<p><strong>1990 begannen gro\u00df angelegte Ausgrabungen<\/strong>, die von Professor Marc Waelkens von der belgischen Katholischen Universit\u00e4t Leuven koordiniert wurden.<\/p>\n<p>Sagalassos wurde <strong>2009 in die Tentativliste des UNESCO-Weltkulturerbes<\/strong> aufgenommen.<\/p>\n<h2>Kontakt:<\/h2>\n<ul>\n<li><span><strong>Adresse:&nbsp;<\/strong>Sagalassos Ancient Site- Aglasun \/ BURDUR<\/span><\/li>\n<li><span><strong>\u00d6ffnungszeiten:&nbsp;<\/strong>Sommer von 09:00 &#8211; 19:00 Uhr, Winter von 08:00 &#8211; 17:30<\/span><\/li>\n<li><span><strong>\u00d6ffentlicher Verkehr:&nbsp;<\/strong>Minibus<\/span><\/li>\n<li><span><strong>Webseite:&nbsp;<\/strong><a href=\"http:\/\/dosim.kulturturizm.gov.tr\/muze\/78\" target=\"_blank\" rel=\"noopener\"><\/a><\/span><\/li>\n<\/ul>\n","protected":false},"excerpt":{"rendered":"<p>Die antike Stadt Sagalassos liegt im Bezirk A\u011flasun der Provinz Burdur etwa 120 Kilometer von Antalya entfernt. Geschichtsliebhaber sind von dem einzigartigen Theater, dem Antonines-Brunnen, der Bibliothek, den Skulpturen sowie anderen architektonischen \u00dcberresten aus der hellenistischen, r\u00f6mischen und byzantinischen Zeit fasziniert. Hier findet ihr alle wichtigen Informationen zu Sagalassos. Dazu z\u00e4hlen Anfahrt, Tipps sowie die [&hellip;]<\/p>\n","protected":false},"author":4,"featured_media":9606,"parent":119,"menu_order":0,"comment_status":"closed","ping_status":"closed","template":"","meta":{"_acf_changed":false,"footnotes":""},"categories":[],"tags":[42],"class_list":["post-8934","page","type-page","status-publish","has-post-thumbnail","hentry","tag-history","post-wrapper","thrv_wrapper"],"acf":[],"wp-worthy-pixel":{"ignored":false,"public":null,"server":null,"url":null},"wp-worthy-type":"normal","_links":{"self":[{"href":"https:\/\/antalyatouristinformation.com\/de\/wp-json\/wp\/v2\/pages\/8934","targetHints":{"allow":["GET"]}}],"collection":[{"href":"https:\/\/antalyatouristinformation.com\/de\/wp-json\/wp\/v2\/pages"}],"about":[{"href":"https:\/\/antalyatouristinformation.com\/de\/wp-json\/wp\/v2\/types\/page"}],"author":[{"embeddable":true,"href":"https:\/\/antalyatouristinformation.com\/de\/wp-json\/wp\/v2\/users\/4"}],"replies":[{"embeddable":true,"href":"https:\/\/antalyatouristinformation.com\/de\/wp-json\/wp\/v2\/comments?post=8934"}],"version-history":[{"count":10,"href":"https:\/\/antalyatouristinformation.com\/de\/wp-json\/wp\/v2\/pages\/8934\/revisions"}],"predecessor-version":[{"id":14929,"href":"https:\/\/antalyatouristinformation.com\/de\/wp-json\/wp\/v2\/pages\/8934\/revisions\/14929"}],"up":[{"embeddable":true,"href":"https:\/\/antalyatouristinformation.com\/de\/wp-json\/wp\/v2\/pages\/119"}],"wp:featuredmedia":[{"embeddable":true,"href":"https:\/\/antalyatouristinformation.com\/de\/wp-json\/wp\/v2\/media\/9606"}],"wp:attachment":[{"href":"https:\/\/antalyatouristinformation.com\/de\/wp-json\/wp\/v2\/media?parent=8934"}],"wp:term":[{"taxonomy":"category","embeddable":true,"href":"https:\/\/antalyatouristinformation.com\/de\/wp-json\/wp\/v2\/categories?post=8934"},{"taxonomy":"post_tag","embeddable":true,"href":"https:\/\/antalyatouristinformation.com\/de\/wp-json\/wp\/v2\/tags?post=8934"}],"curies":[{"name":"wp","href":"https:\/\/api.w.org\/{rel}","templated":true}]}}