{"id":952,"date":"2021-03-09T11:31:25","date_gmt":"2021-03-09T10:31:25","guid":{"rendered":"http:\/\/antalyatouristinformation.com\/clone4639485xzhehsskdjfhhdhebdkkekdeewsd4545gdfgm\/?page_id=952"},"modified":"2024-01-18T17:27:23","modified_gmt":"2024-01-18T16:27:23","slug":"saklikent","status":"publish","type":"page","link":"https:\/\/antalyatouristinformation.com\/de\/sehenswurdigkeiten\/canyon\/saklikent\/","title":{"rendered":"Sakl\u0131kent Canyon Nationalpark bei Fethiye"},"content":{"rendered":"<p>Dies ist unser kompletter Guide zum Sakl\u0131kent Canyon bei Fethiye.<\/p>\n<p>Der Sakl\u0131kent Canyon Nationalpark in der N\u00e4he von Ka\u015f ist ber\u00fchmt f\u00fcr seinen 18 Kilometer langen Canyon, in dem auch Rafting angeboten wird.<\/p>\n<p>Er liegt in einem Nationalpark, der teilweise zu der Nachbarprovinz Mu\u011fla geh\u00f6rt.<\/p>\n<p>In diesem Artikel findet ihr alle Informationen, die ihr vor dem Besuch des Sakl\u0131kent Canyon wissen solltet.<\/p>\n<p>Dazu geh\u00f6ren die Tipps \u00fcber den Zugang, Touren sowie Tickets f\u00fcr den Nationalpark.<\/p>\n<p>Los geht\u2019s!<\/p>\n<p><span><img decoding=\"async\" alt=\"sakl\u0131kent Canyon in Antalya in Turkey\" data-id=\"1010\" width=\"702\" data-init-width=\"1000\" height=\"470\" data-init-height=\"670\" title=\"sakl\u0131kent Canyon in Antalya in Turkey\" loading=\"lazy\" src=\"https:\/\/antalyatouristinformation.com\/de\/wp-content\/uploads\/sites\/10\/2021\/03\/saklikent-antalya-canyon.jpg\" data-width=\"702\" data-height=\"470\" data-pinpro-key=\"c5ole6j2m\" data-pin-media=\"https:\/\/antalyatouristinformation.com\/de\/wp-content\/uploads\/sites\/10\/2021\/06\/prag_50_sehenswuerdigkeiten_pinterest-18-2.jpg\" data-pin-description=\"Canyon Sakl\u0131kent National Park | Antalya Tourist Information\" data-pin-url=\"https:\/\/antalyatouristinformation.com\/de\/things-to-do\/canyon\/saklikent\/?tve=true&amp;tcbf=8a45bbc0ac\"><\/span><\/p>\n<h2 id=\"t-1625511246675\" data-alt-text=\"Was kann ich dort machen?\">Was kann ich im Sakl\u0131kent Canyon machen?<\/h2>\n<p>Der Sakl\u0131kent-Canyon-Nationalpark umfasst 1.643 Hektar. Hier erwarten euch steile Klippen, wilde Stromschnellen, nat\u00fcrliche Quellen und eine malerische Vegetation.<\/p>\n<p>Auf dem Weg zum Sakl\u0131kent Cnayon gib es <strong>l\u00e4ndliche Restaurants<\/strong>, wo ihr traditionelle Gerichte wie G\u00f6zleme mit Ayran probieren k\u00f6nnt. Nachdem ihr das Dorf Kayadibi passiert haben, k\u00f6nnt ihr euer Auto direkt am Eingang des Canyons parken.<\/p>\n<p>Direkt am Eingang des Canyons liegt eine <strong>schwefelhaltige Wasserquelle<\/strong>. Das hei\u00dfe Wasser der Quelle soll gute Wirkungen bei Hautkrankheiten zeigen.<\/p>\n<p>Der <strong>Fluss<\/strong> flie\u00dft von den Bergen aus in einem bis zu 300 Meter hohen schmalen Tal in der Ebene. Das eiskalte Wasser ist in den hei\u00dfen Sommermonaten eine willkommene Abk\u00fchlung. Teilweise k\u00f6nnt ihr direkt in dem Fluss laufen. An anderen Stellen wiederum ist jedoch die Flie\u00dfgeschwindigkeit so hoch, dass man nicht gegen den Strom ankommt. Hier sind Holzstege in den Felsw\u00e4nden montiert, auf denen ihr laufen k\u00f6nnt.<\/p>\n<p>Die Stege f\u00fchren zu einem kleinen Restaurant am Flussufer, wo ihr Forellen, Fleischb\u00e4llchen, G\u00f6zleme und andere traditionelle Gerichte probieren k\u00f6nnt.<\/p>\n<p>Von dort aus starten <strong>Canyoning Touren<\/strong> in die 18 Kilometer lange Schlucht. Falls ihr Lust habt, k\u00f6nnt ihr auch ohne F\u00fchrer noch ein St\u00fcck weiter in die Klamm waten. Da der Boden des Flusses voller Kieselsteine ist, ist es jedoch wichtig, dass ihr geeignete Schuhe anhabt.<\/p>\n<h3><b>Nat\u00fcrliche Schlamm-Teiche<\/b><\/h3>\n<p>Auf eurem Weg in der Schlucht werdet ihr immer wieder nat\u00fcrliche Schlammteiche sehen. Tragt den Schlamm auf euer Gesicht auf und genie\u00dft ein kostenloses Schlammbad. Man sagt, dass die Mineralien in dem Schlamm die Haut weichmachen, die Poren straffen und Giftstoffe herausziehen.<\/p>\n<h3><b>Berg Dumanl\u0131da\u011f &amp; Wald<\/b><\/h3>\n<p>Der Berg Dumanl\u0131da\u011f, mehrere Hochebenen sowie ein Wald geh\u00f6ren ebenfalls zu dem Nationalpark. Die Landschaft besteht hier aus steilen H\u00e4ngen, Zedern, Traubenkiefern und Schwarzkiefern. Im Wald findet ihr auch Kletterrouten.<\/p>\n<h3><b>Aktivit\u00e4ten<\/b><\/h3>\n<p><a href=\"https:\/\/antalyatouristinformation.com\/de\/sehenswurdigkeiten\/rafting\/\">Rafting<\/a> und <a href=\"https:\/\/antalyatouristinformation.com\/de\/sehenswurdigkeiten\/canyoning\/\">Canyoning<\/a> sind die popul\u00e4rsten Aktivit\u00e4ten im Sakl\u0131kent Canyon Nationalpark. Adrenalinfreaks k\u00f6nnen Bungee-Jumping oder Zipline machen.<\/p>\n<p>In den Hochplateaus wie dem Aklar- und dem Girdev-Plateaubieten sich M\u00f6glichkeiten zum Wandern, Bergsteigen oder Trekking.<\/p>\n<p>Falls ihr es lieber etwas ruhiger angehen lasst, \u00fcberquert ihr den Fluss nicht, sondern bleibt in der N\u00e4he des kleinen Lokals nach den Holzstegen und genie\u00dft die Natur.<\/p>\n<h3><b>Attraktionen in der Umgebung<\/b><\/h3>\n<p>In der Gegend um den Sakl\u0131kent Canyon Nationalpark liegen historische St\u00e4tten, die ihr besuchen k\u00f6nnt. Ein Beispiel hierf\u00fcr sind <a href=\"https:\/\/antalyatouristinformation.com\/de\/sehenswurdigkeiten\/geschichte\/letoon\/\">Letoon<\/a> und <a href=\"https:\/\/antalyatouristinformation.com\/de\/sehenswurdigkeiten\/geschichte\/xanthos\/\">Xanthos.<\/a><\/p>\n<p><b>Ein paar Tipps f\u00fcr euren Besuch im Canyon:<\/b><\/p>\n<ul>\n<li><span>Achtet unbedingt darauf, dass ihr geeignetes Schuhwerk tragt. Am besten eignen sich welche mit dicken Gummisohlen. Die Steine im Bach k\u00f6nnen scharf und rutschig sein.<\/span><\/li>\n<li><span>Die durchschnittliche Temperatur im Canyon liegt in den Sommermonaten bei 25-30 Grad. Vergesst nicht, Sonnenschutzmittel und eine Kopfbedeckung mitzunehmen!<\/span><\/li>\n<li><span>Mit Babys und Kleinkindern solltet ihr besser nicht im Canyon Wandern. Es ist zu gef\u00e4hrlich, da an manchen Stellen das Wasser schnell ansteigt und ihr ausrutschen k\u00f6nnt.<\/span><\/li>\n<\/ul>\n<p><span><img decoding=\"async\" alt=\"sakl\u0131kent canyon in Antalya in Turkey 1\" data-id=\"1014\" width=\"702\" data-init-width=\"1000\" height=\"470\" data-init-height=\"670\" title=\"sakl\u0131kent canyon in Antalya in Turkey 1\" loading=\"lazy\" src=\"https:\/\/antalyatouristinformation.com\/de\/wp-content\/uploads\/sites\/10\/2021\/03\/saklikent-canyon-in-antalya-in-turkey-1.jpg\" data-width=\"702\" data-height=\"470\" data-pinpro-key=\"bur6uonsi\" data-pin-media=\"https:\/\/antalyatouristinformation.com\/de\/wp-content\/uploads\/sites\/10\/2021\/06\/prag_50_sehenswuerdigkeiten_pinterest-18-2.jpg\" data-pin-description=\"Canyon Sakl\u0131kent National Park | Antalya Tourist Information\" data-pin-url=\"https:\/\/antalyatouristinformation.com\/de\/things-to-do\/canyon\/saklikent\/?tve=true&amp;tcbf=8a45bbc0ac\"><\/span><\/p>\n<h2 id=\"t-1619536889893\">Eintritt, Tickets und Touren<\/h2>\n<ul>\n<li><span><strong>Eintritt:<\/strong> Der Canyon ist t\u00e4glich von 9:00 bis 19:30 Uhr ge\u00f6ffnet, kann bei Regenwetter jedoch geschlossen werden. Das Parken am Canyon ist geb\u00fchrenpflichtig.&nbsp;<\/span><\/li>\n<li><span><strong>Tickets:<\/strong> Der Eintritt in den Canyon ist kostenpflichtig. Der Museumspass Akdeniz gilt hier nicht.<\/span><\/li>\n<li><span><strong>Jeep Safari Touren&nbsp;<\/strong>werden jeden Tag von Fethiye aus organisiert. Falls ihr den Canyon in seiner ganzen L\u00e4nge erkunden m\u00f6chtet, k\u00f6nnt ihr an einer gef\u00fchrten Canyoningtour mit Guide und professioneller Ausr\u00fcstung teilnehmen.<\/span><\/li>\n<\/ul>\n<ul>\n<li><span><strong>Tipp:<\/strong> Falls ihr Tickets f\u00fcr Vergn\u00fcgungsparks, Museen und Touren f\u00fcr eure Antalya-Reise vorab buchen m\u00f6chtet, solltet ihr unbedingt einen Blick auf die Angebote in unserem offiziellen Shop werfen.<\/span><\/li>\n<\/ul>\n<h2 id=\"t-1625511246676\" data-alt-text=\"Hotels in der N\u00e4he\">Hotels in der N\u00e4he des Sakl\u0131kent Canyon Nationalparks<\/h2>\n<p>Die n\u00e4chsten gro\u00dfen Hotels liegen in Ka\u015f und Fethiye. Hier findet ihr ein paar Empfehlungen f\u00fcr Unterk\u00fcnfte in der Umgebung des Nationalparks:<\/p>\n<p><b>1. George Club Sakl\u0131kent<\/b>: Wenn ihr auf der Suche nach einer Unterkunft in der N\u00e4he des Sakl\u0131kent Canyon Nationalparks seid, ist der George Club das Richtige. Hier k\u00f6nnt ihr in Baumh\u00e4usern oder Bungalows wohnen und an Aktivit\u00e4ten wie Zipline, Paragliding, Schlammb\u00e4dern, Canyoning und River Rafting teilnehmen. <em>Adresse: Andifli, Kayadibi K\u00f6y\u00fc, Sakl\u0131kent Mevkii, 48300 Ka\u015f\/Antalya<\/em><\/p>\n<p><b>2. Apollon Hotel:<\/b> Das familienfreundliche Hotel liegt nur 35 Autominuten vom Sakl\u0131kent Nationalpark entfernt. Von hier aus k\u00f6nnt ihr auch bequem den Patara-Strand und die Ruinen von Parata besuchen. <em>Adresse: Gelemi\u015f, 07950, 07976 Patara Merkez, 07950 Patara Merkez\/Antalya<\/em><\/p>\n<p><b>3. Mogons Exclusive:<\/b> Mogons Exclusive liegt in Ka\u015f und ist 37 Kilometer vom Nationalpark entfernt. Hier erwarten euch elegante Zimmer mit Meerblick, ein t\u00fcrkisches Hamam sowie eine Sauna. Das Hotel liegt 900 Meter vom \u00f6ffentlichen Strand in Kalkan und 8 Fahrminuten vom Kaputa\u015f-Strand entfernt. <em>Adresse: Kalkan Mah. Ortaokul Cad. No:34 Ka\u015f\/Antalya<\/em><\/p>\n<p><b>4. Yenge\u00e7 Hotel Restaurant:<\/b> Das charmante Boutique-Hotel liegt in \u00d6l\u00fcdeniz-Fethiye und ist etwa eine Autostunde vom Sakl\u0131kent Nationalpark entfernt. In der N\u00e4he des Hotels findet ihr die ber\u00fchmte Blaue Lagune von \u00d6l\u00fcdeniz, das Schmetterlingstal sowie den Naturpark \u00d6l\u00fcdeniz. <em>Adresse: &nbsp;\u00d6l\u00fcdeniz, Molla Hasan Cd. No:13, 48300 Fethiye\/Mu\u011fla<\/em><\/p>\n<p><span><img decoding=\"async\" alt=\"Sakl\u0131kent National Park in Antalya in Turkey\" data-id=\"1013\" width=\"702\" data-init-width=\"1000\" height=\"470\" data-init-height=\"670\" title=\"Sakl\u0131kent National Park in Antalya in Turkey\" loading=\"lazy\" src=\"https:\/\/antalyatouristinformation.com\/de\/wp-content\/uploads\/sites\/10\/2021\/03\/saklikent-nat.-park-in-antalya-.jpg\" data-width=\"702\" data-height=\"470\" data-pinpro-key=\"dxa70kj1m\" data-pin-media=\"https:\/\/antalyatouristinformation.com\/de\/wp-content\/uploads\/sites\/10\/2021\/06\/prag_50_sehenswuerdigkeiten_pinterest-18-2.jpg\" data-pin-description=\"Canyon Sakl\u0131kent National Park | Antalya Tourist Information\" data-pin-url=\"https:\/\/antalyatouristinformation.com\/de\/things-to-do\/canyon\/saklikent\/?tve=true&amp;tcbf=8a45bbc0ac\"><\/span><\/p>\n<h2 id=\"t-1625511246677\" data-alt-text=\"Anfahrt\">Wie komme ich zum Sakl\u0131kent Canyon<\/h2>\n<p>Der Sakl\u0131kent Canyon National Park liegt in der Mitte zwischen den Bezirken Fethiye in Mu\u011fla und Ka\u015f in Antalya. Er ist 46 km von Fethiye und 200 km vom Stadtzentrum von Antalya entfernt.<\/p>\n<p><b>Minibus:<\/b> Ihr k\u00f6nnt den Nationalpark mit den Minibussen erreichen, die in Fetihe von der kleinen Bushaltestelle in der N\u00e4he der Moschee in Richtung Sakl\u0131kent abfahren.<\/p>\n<p><b>Auto:<\/b> Ein Auto oder <a href=\"https:\/\/antalyatouristinformation.com\/de\/plan\/mietwagen\/\">Mietwagen<\/a> sind eine gute Option, um zu dem Sakl\u0131kent Nationalpark zu gelangen. Der Nationalpark liegt weniger als eine Autostunde von Fethiye und Ka\u015f und nur 25 Autominuten von Kalkan entfernt. Es gibt gen\u00fcgend Parkpl\u00e4tze, die allerdings kostenpflichtig sind. Die Geb\u00fchr m\u00fcsst ihr in bar bezahlen.<\/p>\n<p><span><img decoding=\"async\" alt=\"sakl\u0131kent canyon  in Antalya in Turkey\" data-id=\"1012\" width=\"702\" data-init-width=\"1000\" height=\"470\" data-init-height=\"670\" title=\"sakl\u0131kent canyon  in Antalya in Turkey\" loading=\"lazy\" src=\"https:\/\/antalyatouristinformation.com\/de\/wp-content\/uploads\/sites\/10\/2021\/03\/saklikent-canyon-nat.-park-in-antalya-in-turkey.jpg\" data-width=\"702\" data-height=\"470\" data-pinpro-key=\"zlfmo04yu\" data-pin-media=\"https:\/\/antalyatouristinformation.com\/de\/wp-content\/uploads\/sites\/10\/2021\/06\/prag_50_sehenswuerdigkeiten_pinterest-18-2.jpg\" data-pin-description=\"Canyon Sakl\u0131kent National Park | Antalya Tourist Information\" data-pin-url=\"https:\/\/antalyatouristinformation.com\/de\/things-to-do\/canyon\/saklikent\/?tve=true&amp;tcbf=8a45bbc0ac\"><\/span><\/p>\n<h2 id=\"t-1619536889896\" data-alt-text=\"FAQ\">FAQ&nbsp;<\/h2>\n<p><span><img decoding=\"async\" alt=\"sakl\u0131kent canyon in Antalya in Turkey\" data-id=\"1011\" width=\"702\" data-init-width=\"1000\" height=\"470\" data-init-height=\"670\" title=\"sakl\u0131kent canyon in Antalya in Turkey\" loading=\"lazy\" src=\"https:\/\/antalyatouristinformation.com\/de\/wp-content\/uploads\/sites\/10\/2021\/03\/saklikent-canyon-nat.-park-in-antalya-.jpg\" data-width=\"702\" data-height=\"470\" data-pinpro-key=\"bf34uxwzu\" data-pin-media=\"https:\/\/antalyatouristinformation.com\/de\/wp-content\/uploads\/sites\/10\/2021\/06\/prag_50_sehenswuerdigkeiten_pinterest-18-2.jpg\" data-pin-description=\"Canyon Sakl\u0131kent National Park | Antalya Tourist Information\" data-pin-url=\"https:\/\/antalyatouristinformation.com\/de\/things-to-do\/canyon\/saklikent\/?tve=true&amp;tcbf=8a45bbc0ac\"><\/span><\/p>\n<h2 id=\"t-1619536889897\" data-alt-text=\"Geschichte\">Geschichte des Sakl\u0131kent Canyon<\/h2>\n<p>Das Gebiet, in dem sich der Canyon gebildet hat, besteht aus Kalksteinmassen. Das Wasser drang durch die Risse in den Felsw\u00e4nden und bildete eine Schlucht. Insgesamt ist der Canyon 18 Kilometer lang, die Felsw\u00e4nde an der Schlucht sind bis zu 200 Meter hoch. An ihrer engsten Stelle ist die Schlucht nur 2 Meter breit. Die Gebirgsz\u00fcge \u00fcber dem Canyon sind an die 1000 Meter hoch.<\/p>\n<p>Der Canyon wurde erst vor kurzem entdeckt. Ein Hirte, der einer entlaufenen Ziege folgte, soll die Schlucht entdeckt haben. Das t\u00fcrkische Ministerium f\u00fcr Umwelt und Forstwirtschaft erkl\u00e4rte das Gebiet daraufhin zum Nationalpark. Private Unternehmen investierten in den Canyon und gaben ihm seine heutige Gestalt.<\/p>\n<p>Bis zum Jahr 1990 war Sakl\u0131kent nur in den umliegenden D\u00f6rfern bekannt. Nach der Entdeckung des Canyons entwickelte es sich zu einer Touristenattraktion, die jedes Jahr von 180.000 &#8211; 210.000 Menschen besucht wird.<\/p>\n<p>Lest hier mehr \u00fcber<a href=\"https:\/\/antalyatouristinformation.com\/de\/sehenswurdigkeiten\/canyon\/\"> Canyons <\/a>und <a href=\"https:\/\/antalyatouristinformation.com\/de\/sehenswurdigkeiten\/attraktionen\/nationalpark\/\" target=\"_blank\" rel=\"noopener\">Nationalparks <\/a>in der Provinz Antalya.<\/p>\n<h2 id=\"t-1619536889898\" data-alt-text=\"Kontakt\">Kontakt<\/h2>\n<ul>\n<li><span><strong>Adresse:&nbsp;<\/strong>Sakl\u0131kent Canyon &#8211; Seydikemer \/ Fethiye \/ Mu\u011fla<\/span><\/li>\n<li><span><strong>\u00d6ffnungszeiten:&nbsp;<\/strong>Der Canyon ist t\u00e4glich von 9:00 bis 19:30 Uhr ge\u00f6ffnet, kann bei Regenwetter jedoch geschlossen werden.<\/span><\/li>\n<li><span><strong>\u00d6ffentlicher Verkehr:&nbsp;<\/strong>Minibusse ab Fethiye Busstation, Dauer circa 1 Stunde.<\/span><\/li>\n<\/ul>\n","protected":false},"excerpt":{"rendered":"<p>Dies ist unser kompletter Guide zum Sakl\u0131kent Canyon bei Fethiye. Der Sakl\u0131kent Canyon Nationalpark in der N\u00e4he von Ka\u015f ist ber\u00fchmt f\u00fcr seinen 18 Kilometer langen Canyon, in dem auch Rafting angeboten wird. Er liegt in einem Nationalpark, der teilweise zu der Nachbarprovinz Mu\u011fla geh\u00f6rt. In diesem Artikel findet ihr alle Informationen, die ihr vor [&hellip;]<\/p>\n","protected":false},"author":5,"featured_media":1008,"parent":265,"menu_order":0,"comment_status":"open","ping_status":"closed","template":"","meta":{"_acf_changed":false,"footnotes":""},"categories":[],"tags":[40],"class_list":["post-952","page","type-page","status-publish","has-post-thumbnail","hentry","tag-canyon","post-wrapper","thrv_wrapper"],"acf":[],"wp-worthy-pixel":{"ignored":false,"public":"374f24c8e2064b5891a4231b5fff95cb","server":"vg01.met.vgwort.de","url":"https:\/\/vg01.met.vgwort.de\/na\/374f24c8e2064b5891a4231b5fff95cb"},"wp-worthy-type":"normal","_links":{"self":[{"href":"https:\/\/antalyatouristinformation.com\/de\/wp-json\/wp\/v2\/pages\/952","targetHints":{"allow":["GET"]}}],"collection":[{"href":"https:\/\/antalyatouristinformation.com\/de\/wp-json\/wp\/v2\/pages"}],"about":[{"href":"https:\/\/antalyatouristinformation.com\/de\/wp-json\/wp\/v2\/types\/page"}],"author":[{"embeddable":true,"href":"https:\/\/antalyatouristinformation.com\/de\/wp-json\/wp\/v2\/users\/5"}],"replies":[{"embeddable":true,"href":"https:\/\/antalyatouristinformation.com\/de\/wp-json\/wp\/v2\/comments?post=952"}],"version-history":[{"count":10,"href":"https:\/\/antalyatouristinformation.com\/de\/wp-json\/wp\/v2\/pages\/952\/revisions"}],"predecessor-version":[{"id":14934,"href":"https:\/\/antalyatouristinformation.com\/de\/wp-json\/wp\/v2\/pages\/952\/revisions\/14934"}],"up":[{"embeddable":true,"href":"https:\/\/antalyatouristinformation.com\/de\/wp-json\/wp\/v2\/pages\/265"}],"wp:featuredmedia":[{"embeddable":true,"href":"https:\/\/antalyatouristinformation.com\/de\/wp-json\/wp\/v2\/media\/1008"}],"wp:attachment":[{"href":"https:\/\/antalyatouristinformation.com\/de\/wp-json\/wp\/v2\/media?parent=952"}],"wp:term":[{"taxonomy":"category","embeddable":true,"href":"https:\/\/antalyatouristinformation.com\/de\/wp-json\/wp\/v2\/categories?post=952"},{"taxonomy":"post_tag","embeddable":true,"href":"https:\/\/antalyatouristinformation.com\/de\/wp-json\/wp\/v2\/tags?post=952"}],"curies":[{"name":"wp","href":"https:\/\/api.w.org\/{rel}","templated":true}]}}